{"id":9317,"date":"2019-11-21T19:18:03","date_gmt":"2019-11-21T18:18:03","guid":{"rendered":"https:\/\/www.industri-sl.com\/nosotros\/"},"modified":"2020-01-29T11:06:21","modified_gmt":"2020-01-29T10:06:21","slug":"nous","status":"publish","type":"page","link":"https:\/\/www.industri-sl.com\/fr\/nous\/","title":{"rendered":"Qui sommes nous"},"content":{"rendered":"<h2>Plus de 60 ans d\u2019exp\u00e9rience dans le secteur<\/h2>\n<p><img loading=\"lazy\" decoding=\"async\" class=\"alignright size-full wp-image-3091\" src=\"https:\/\/www.industri-sl.com\/wp-content\/uploads\/autobus-vintage.jpg\" alt=\"INDUSTRI est une entreprise leader en Espagne pour la fabrication de pi\u00e8ces d\u00e9tach\u00e9es et de rechange sur mesure pour les autocars et les trains\" width=\"449\" height=\"267\" srcset=\"https:\/\/www.industri-sl.com\/wp-content\/uploads\/autobus-vintage.jpg 449w, https:\/\/www.industri-sl.com\/wp-content\/uploads\/autobus-vintage-300x178.jpg 300w\" sizes=\"auto, (max-width: 449px) 100vw, 449px\" \/><br \/>\nNous sommes une entreprise priv\u00e9e <strong>fond\u00e9e en 1957<\/strong> comme atelier consacr\u00e9 \u00e0 la fabrication de r\u00e9troviseurs pour autocars et camions, ainsi que de cendriers, rideaux enrouleurs et enjoliveurs de roues.<\/p>\n<p>Depuis, nous n\u2019avons pas cess\u00e9 d\u2019\u00e9voluer pour devenir ce que nous sommes aujourd\u2019hui. Deux g\u00e9n\u00e9rations de plus ont pris les r\u00eanes de l\u2019entreprise. Cette rel\u00e8ve g\u00e9n\u00e9rationnelle s&rsquo;est traduite par <strong>une volont\u00e9 de d\u00e9passement constante<\/strong> qui a assis les piliers de la compagnie.<\/p>\n<p>INDUSTRI figure parmi <strong>les entreprises de pointe en Espagne<\/strong> pour la fabrication d\u2019accessoires pour autocars et trains.<\/p>\n<p>Nous fabriquons des rideaux enrouleurs, des r\u00e9troviseurs int\u00e9rieurs et ext\u00e9rieurs, des enjoliveurs de roues, des toits ouvrants, des charni\u00e8res, des embouts de pot d\u2019\u00e9chappement et <strong>une longue liste de pi\u00e8ces<\/strong>. <\/p>\n<p>Notre exp\u00e9rience de <strong>60 ans en production<\/strong>, ajout\u00e9e aux derni\u00e8res technologies et au meilleur service, nous permet de garantir la qualit\u00e9 de nos produits et de rester fid\u00e8les \u00e0 nos principes.<\/p>\n<h2>Qu\u2019est-ce qui nous diff\u00e9rencie?<\/h2>\n<div class=\"flex\">\n<div class=\"col-3\">\n<h3>Technologie et innovation<\/h3>\n<p>INDUSTRI a conscience que l&rsquo;innovation technologique et celle de ses produits est absolument indispensable \u00e0 sa croissance, c&rsquo;est pourquoi elle consacre de <strong>gros efforts \u00e0 la recherche et au d\u00e9veloppement<\/strong>.<\/p>\n<p>Notre vocation de service au client et l\u2019\u00e9volution rapide des march\u00e9s nous exigent <strong>une recherche cr\u00e9ative<\/strong>, souple et efficace, soutenue par une organisation dynamique, flexible et globalement int\u00e9gr\u00e9e.<\/p>\n<\/div>\n<div class=\"col-3\">\n<h3>Engagement<\/h3>\n<p>Notre engagement <strong>en faveur des clients<\/strong> est mesurable \u00e0 leurs succ\u00e8s, palpables dans leur am\u00e9lioration cr\u00e9ative et constructive et dans l\u2019acc\u00e9l\u00e9ration de leurs processus productifs. INDUSTRI apporte \u00e0 chaque fois des solutions innovantes et r\u00e9ussit \u00e0 atteindre des objectifs jamais imagin\u00e9s auparavant.<\/p>\n<p>Notre mission est de proposer \u00e0 nos clients <strong>le meilleur rapport qualit\u00e9\/prix<\/strong> afin qu\u2019ils puissent am\u00e9liorer leurs processus et maximiser leurs rendements.<\/p>\n<\/div>\n<div class=\"col-3\">\n<h3>Responsabilit\u00e9 sociale d\u2019entreprise<\/h3>\n<p>Nous avons la responsabilit\u00e9 d\u2019obtenir la satisfaction des clients et du reste des parties prenantes, en respectant l\u2019environnement et en <strong>garantissant la s\u00e9curit\u00e9 et la sant\u00e9 de nos salari\u00e9s<\/strong>.<\/p>\n<p>Tous les services d\u2019INDUSTRI travaillent de mani\u00e8re coordonn\u00e9e dans <strong>une m\u00eame culture de qualit\u00e9<\/strong> et pour la satisfaction de nos clients.\n<\/div>\n<\/div>\n<p class=\"text-center\"><a class=\"boton\" href=\"#contacto\">Contactez-nous<\/a><\/p>\n","protected":false},"excerpt":{"rendered":"<p>Plus de 60 ans d\u2019exp\u00e9rience dans le secteur Nous sommes une entreprise priv\u00e9e fond\u00e9e en 1957 comme atelier consacr\u00e9 \u00e0 la fabrication de r\u00e9troviseurs pour autocars et camions, ainsi que de cendriers, rideaux enrouleurs et enjoliveurs de roues. Depuis, nous n\u2019avons pas cess\u00e9 d\u2019\u00e9voluer pour devenir ce que nous sommes aujourd\u2019hui. Deux g\u00e9n\u00e9rations de plus [&hellip;]<\/p>\n","protected":false},"author":3,"featured_media":0,"parent":0,"menu_order":0,"comment_status":"closed","ping_status":"closed","template":"page-nosotros.php","meta":{"footnotes":""},"class_list":["post-9317","page","type-page","status-publish","hentry"],"yoast_head":"<!-- This site is optimized with the Yoast SEO plugin v27.5 - https:\/\/yoast.com\/product\/yoast-seo-wordpress\/ -->\n<title>Qui sommes nous - INDUSTRI<\/title>\n<meta name=\"description\" content=\"INDUSTRI est une entreprise leader en Espagne pour la fabrication de pi\u00e8ces d\u00e9tach\u00e9es et de rechange sur mesure pour les autocars et les trains, entre autres v\u00e9hicules.\" \/>\n<meta name=\"robots\" content=\"index, follow, max-snippet:-1, max-image-preview:large, max-video-preview:-1\" \/>\n<link rel=\"canonical\" href=\"https:\/\/www.industri-sl.com\/fr\/nous\/\" \/>\n<meta property=\"og:locale\" content=\"fr_FR\" \/>\n<meta property=\"og:type\" content=\"article\" \/>\n<meta property=\"og:title\" content=\"Qui sommes nous - INDUSTRI\" \/>\n<meta property=\"og:description\" content=\"INDUSTRI est une entreprise leader en Espagne pour la fabrication de pi\u00e8ces d\u00e9tach\u00e9es et de rechange sur mesure pour les autocars et les trains, entre autres v\u00e9hicules.\" \/>\n<meta property=\"og:url\" content=\"https:\/\/www.industri-sl.com\/fr\/nous\/\" \/>\n<meta property=\"og:site_name\" content=\"Industri SL\" \/>\n<meta property=\"article:modified_time\" content=\"2020-01-29T10:06:21+00:00\" \/>\n<meta property=\"og:image\" content=\"https:\/\/www.industri-sl.com\/wp-content\/uploads\/autobus-vintage.jpg\" \/>\n<meta name=\"twitter:card\" content=\"summary_large_image\" \/>\n<meta name=\"twitter:label1\" content=\"Dur\u00e9e de lecture estim\u00e9e\" \/>\n\t<meta name=\"twitter:data1\" content=\"2 minutes\" \/>\n<script type=\"application\/ld+json\" class=\"yoast-schema-graph\">{\"@context\":\"https:\\\/\\\/schema.org\",\"@graph\":[{\"@type\":\"WebPage\",\"@id\":\"https:\\\/\\\/www.industri-sl.com\\\/fr\\\/nous\\\/\",\"url\":\"https:\\\/\\\/www.industri-sl.com\\\/fr\\\/nous\\\/\",\"name\":\"Qui sommes nous - INDUSTRI\",\"isPartOf\":{\"@id\":\"https:\\\/\\\/www.industri-sl.com\\\/fr\\\/#website\"},\"primaryImageOfPage\":{\"@id\":\"https:\\\/\\\/www.industri-sl.com\\\/fr\\\/nous\\\/#primaryimage\"},\"image\":{\"@id\":\"https:\\\/\\\/www.industri-sl.com\\\/fr\\\/nous\\\/#primaryimage\"},\"thumbnailUrl\":\"https:\\\/\\\/www.industri-sl.com\\\/wp-content\\\/uploads\\\/autobus-vintage.jpg\",\"datePublished\":\"2019-11-21T18:18:03+00:00\",\"dateModified\":\"2020-01-29T10:06:21+00:00\",\"description\":\"INDUSTRI est une entreprise leader en Espagne pour la fabrication de pi\u00e8ces d\u00e9tach\u00e9es et de rechange sur mesure pour les autocars et les trains, entre autres v\u00e9hicules.\",\"breadcrumb\":{\"@id\":\"https:\\\/\\\/www.industri-sl.com\\\/fr\\\/nous\\\/#breadcrumb\"},\"inLanguage\":\"fr-FR\",\"potentialAction\":[{\"@type\":\"ReadAction\",\"target\":[\"https:\\\/\\\/www.industri-sl.com\\\/fr\\\/nous\\\/\"]}]},{\"@type\":\"ImageObject\",\"inLanguage\":\"fr-FR\",\"@id\":\"https:\\\/\\\/www.industri-sl.com\\\/fr\\\/nous\\\/#primaryimage\",\"url\":\"https:\\\/\\\/www.industri-sl.com\\\/wp-content\\\/uploads\\\/autobus-vintage.jpg\",\"contentUrl\":\"https:\\\/\\\/www.industri-sl.com\\\/wp-content\\\/uploads\\\/autobus-vintage.jpg\"},{\"@type\":\"BreadcrumbList\",\"@id\":\"https:\\\/\\\/www.industri-sl.com\\\/fr\\\/nous\\\/#breadcrumb\",\"itemListElement\":[{\"@type\":\"ListItem\",\"position\":1,\"name\":\"Inicio\",\"item\":\"https:\\\/\\\/www.industri-sl.com\\\/fr\\\/\"},{\"@type\":\"ListItem\",\"position\":2,\"name\":\"Qui sommes nous\"}]},{\"@type\":\"WebSite\",\"@id\":\"https:\\\/\\\/www.industri-sl.com\\\/fr\\\/#website\",\"url\":\"https:\\\/\\\/www.industri-sl.com\\\/fr\\\/\",\"name\":\"Industri SL\",\"description\":\"\",\"publisher\":{\"@id\":\"https:\\\/\\\/www.industri-sl.com\\\/fr\\\/#organization\"},\"potentialAction\":[{\"@type\":\"SearchAction\",\"target\":{\"@type\":\"EntryPoint\",\"urlTemplate\":\"https:\\\/\\\/www.industri-sl.com\\\/fr\\\/?s={search_term_string}\"},\"query-input\":{\"@type\":\"PropertyValueSpecification\",\"valueRequired\":true,\"valueName\":\"search_term_string\"}}],\"inLanguage\":\"fr-FR\"},{\"@type\":\"Organization\",\"@id\":\"https:\\\/\\\/www.industri-sl.com\\\/fr\\\/#organization\",\"name\":\"Industri SL\",\"url\":\"https:\\\/\\\/www.industri-sl.com\\\/fr\\\/\",\"logo\":{\"@type\":\"ImageObject\",\"inLanguage\":\"fr-FR\",\"@id\":\"https:\\\/\\\/www.industri-sl.com\\\/fr\\\/#\\\/schema\\\/logo\\\/image\\\/\",\"url\":\"https:\\\/\\\/www.industri-sl.com\\\/wp-content\\\/uploads\\\/industri-logo.png\",\"contentUrl\":\"https:\\\/\\\/www.industri-sl.com\\\/wp-content\\\/uploads\\\/industri-logo.png\",\"width\":248,\"height\":45,\"caption\":\"Industri SL\"},\"image\":{\"@id\":\"https:\\\/\\\/www.industri-sl.com\\\/fr\\\/#\\\/schema\\\/logo\\\/image\\\/\"}}]}<\/script>\n<!-- \/ Yoast SEO plugin. -->","yoast_head_json":{"title":"Qui sommes nous - INDUSTRI","description":"INDUSTRI est une entreprise leader en Espagne pour la fabrication de pi\u00e8ces d\u00e9tach\u00e9es et de rechange sur mesure pour les autocars et les trains, entre autres v\u00e9hicules.","robots":{"index":"index","follow":"follow","max-snippet":"max-snippet:-1","max-image-preview":"max-image-preview:large","max-video-preview":"max-video-preview:-1"},"canonical":"https:\/\/www.industri-sl.com\/fr\/nous\/","og_locale":"fr_FR","og_type":"article","og_title":"Qui sommes nous - INDUSTRI","og_description":"INDUSTRI est une entreprise leader en Espagne pour la fabrication de pi\u00e8ces d\u00e9tach\u00e9es et de rechange sur mesure pour les autocars et les trains, entre autres v\u00e9hicules.","og_url":"https:\/\/www.industri-sl.com\/fr\/nous\/","og_site_name":"Industri SL","article_modified_time":"2020-01-29T10:06:21+00:00","og_image":[{"url":"https:\/\/www.industri-sl.com\/wp-content\/uploads\/autobus-vintage.jpg","type":"","width":"","height":""}],"twitter_card":"summary_large_image","twitter_misc":{"Dur\u00e9e de lecture estim\u00e9e":"2 minutes"},"schema":{"@context":"https:\/\/schema.org","@graph":[{"@type":"WebPage","@id":"https:\/\/www.industri-sl.com\/fr\/nous\/","url":"https:\/\/www.industri-sl.com\/fr\/nous\/","name":"Qui sommes nous - INDUSTRI","isPartOf":{"@id":"https:\/\/www.industri-sl.com\/fr\/#website"},"primaryImageOfPage":{"@id":"https:\/\/www.industri-sl.com\/fr\/nous\/#primaryimage"},"image":{"@id":"https:\/\/www.industri-sl.com\/fr\/nous\/#primaryimage"},"thumbnailUrl":"https:\/\/www.industri-sl.com\/wp-content\/uploads\/autobus-vintage.jpg","datePublished":"2019-11-21T18:18:03+00:00","dateModified":"2020-01-29T10:06:21+00:00","description":"INDUSTRI est une entreprise leader en Espagne pour la fabrication de pi\u00e8ces d\u00e9tach\u00e9es et de rechange sur mesure pour les autocars et les trains, entre autres v\u00e9hicules.","breadcrumb":{"@id":"https:\/\/www.industri-sl.com\/fr\/nous\/#breadcrumb"},"inLanguage":"fr-FR","potentialAction":[{"@type":"ReadAction","target":["https:\/\/www.industri-sl.com\/fr\/nous\/"]}]},{"@type":"ImageObject","inLanguage":"fr-FR","@id":"https:\/\/www.industri-sl.com\/fr\/nous\/#primaryimage","url":"https:\/\/www.industri-sl.com\/wp-content\/uploads\/autobus-vintage.jpg","contentUrl":"https:\/\/www.industri-sl.com\/wp-content\/uploads\/autobus-vintage.jpg"},{"@type":"BreadcrumbList","@id":"https:\/\/www.industri-sl.com\/fr\/nous\/#breadcrumb","itemListElement":[{"@type":"ListItem","position":1,"name":"Inicio","item":"https:\/\/www.industri-sl.com\/fr\/"},{"@type":"ListItem","position":2,"name":"Qui sommes nous"}]},{"@type":"WebSite","@id":"https:\/\/www.industri-sl.com\/fr\/#website","url":"https:\/\/www.industri-sl.com\/fr\/","name":"Industri SL","description":"","publisher":{"@id":"https:\/\/www.industri-sl.com\/fr\/#organization"},"potentialAction":[{"@type":"SearchAction","target":{"@type":"EntryPoint","urlTemplate":"https:\/\/www.industri-sl.com\/fr\/?s={search_term_string}"},"query-input":{"@type":"PropertyValueSpecification","valueRequired":true,"valueName":"search_term_string"}}],"inLanguage":"fr-FR"},{"@type":"Organization","@id":"https:\/\/www.industri-sl.com\/fr\/#organization","name":"Industri SL","url":"https:\/\/www.industri-sl.com\/fr\/","logo":{"@type":"ImageObject","inLanguage":"fr-FR","@id":"https:\/\/www.industri-sl.com\/fr\/#\/schema\/logo\/image\/","url":"https:\/\/www.industri-sl.com\/wp-content\/uploads\/industri-logo.png","contentUrl":"https:\/\/www.industri-sl.com\/wp-content\/uploads\/industri-logo.png","width":248,"height":45,"caption":"Industri SL"},"image":{"@id":"https:\/\/www.industri-sl.com\/fr\/#\/schema\/logo\/image\/"}}]}},"_links":{"self":[{"href":"https:\/\/www.industri-sl.com\/fr\/wp-json\/wp\/v2\/pages\/9317","targetHints":{"allow":["GET"]}}],"collection":[{"href":"https:\/\/www.industri-sl.com\/fr\/wp-json\/wp\/v2\/pages"}],"about":[{"href":"https:\/\/www.industri-sl.com\/fr\/wp-json\/wp\/v2\/types\/page"}],"author":[{"embeddable":true,"href":"https:\/\/www.industri-sl.com\/fr\/wp-json\/wp\/v2\/users\/3"}],"replies":[{"embeddable":true,"href":"https:\/\/www.industri-sl.com\/fr\/wp-json\/wp\/v2\/comments?post=9317"}],"version-history":[{"count":0,"href":"https:\/\/www.industri-sl.com\/fr\/wp-json\/wp\/v2\/pages\/9317\/revisions"}],"wp:attachment":[{"href":"https:\/\/www.industri-sl.com\/fr\/wp-json\/wp\/v2\/media?parent=9317"}],"curies":[{"name":"wp","href":"https:\/\/api.w.org\/{rel}","templated":true}]}}