{"id":9315,"date":"2019-05-09T14:35:11","date_gmt":"2019-05-09T12:35:11","guid":{"rendered":"https:\/\/www.industri-sl.com\/pagina-ejemplo\/"},"modified":"2025-06-25T11:11:55","modified_gmt":"2025-06-25T09:11:55","slug":"pagina-ejemplo","status":"publish","type":"page","link":"https:\/\/www.industri-sl.com\/fr\/","title":{"rendered":"Inicio"},"content":{"rendered":"<h1>Fabricants d\u2019\u00e9quipement pour trains, autocars et autres v\u00e9hicules<\/h1>\n<h2>Qualit\u00e9 et innovation jusqu&rsquo;au moindre d\u00e9tail<\/h2>\n<p>INDUSTRI fabrique tout type de pi\u00e8ces sur mesure et de rechange pour les trains et les autocars depuis <strong>plus de 60 ans<\/strong>. Notre \u00e9volution et adaptabilit\u00e9 \u00e0 de nouveaux march\u00e9s nous ont amen\u00e9s au fil des ans \u00e0 d\u00e9velopper aussi des accessoires pour tout type de v\u00e9hicules \u4e00agricoles, pour le b\u00e2timent, v\u00e9hicules sp\u00e9ciaux\u2026\u4e00 ainsi que pour l&rsquo;\u00e9quipement urbain.<\/p>\n","protected":false},"excerpt":{"rendered":"<p>Fabricants d\u2019\u00e9quipement pour trains, autocars et autres v\u00e9hicules Qualit\u00e9 et innovation jusqu&rsquo;au moindre d\u00e9tail INDUSTRI fabrique tout type de pi\u00e8ces sur mesure et de rechange pour les trains et les autocars depuis plus de 60 ans. Notre \u00e9volution et adaptabilit\u00e9 \u00e0 de nouveaux march\u00e9s nous ont amen\u00e9s au fil des ans \u00e0 d\u00e9velopper aussi des [&hellip;]<\/p>\n","protected":false},"author":3,"featured_media":0,"parent":0,"menu_order":0,"comment_status":"closed","ping_status":"closed","template":"","meta":{"footnotes":""},"class_list":["post-9315","page","type-page","status-publish","hentry"],"yoast_head":"<!-- This site is optimized with the Yoast SEO plugin v27.5 - https:\/\/yoast.com\/product\/yoast-seo-wordpress\/ -->\n<title>Fabricants de pi\u00e8ces pour trains, autocars et autres v\u00e9hicules - INDUSTRI<\/title>\n<meta name=\"description\" content=\"Industri poss\u00e8de plus de 60 ans d\u2019exp\u00e9rience dans la fabrication de pi\u00e8ces sur mesure et de pi\u00e8ces d\u00e9tach\u00e9es pour autocars, trains et autres v\u00e9hicules.\" \/>\n<meta name=\"robots\" content=\"index, follow, max-snippet:-1, max-image-preview:large, max-video-preview:-1\" \/>\n<link rel=\"canonical\" href=\"https:\/\/www.industri-sl.com\/fr\/\" \/>\n<meta property=\"og:locale\" content=\"fr_FR\" \/>\n<meta property=\"og:type\" content=\"article\" \/>\n<meta property=\"og:title\" content=\"Fabricants de pi\u00e8ces pour trains, autocars et autres v\u00e9hicules - INDUSTRI\" \/>\n<meta property=\"og:description\" content=\"Industri poss\u00e8de plus de 60 ans d\u2019exp\u00e9rience dans la fabrication de pi\u00e8ces sur mesure et de pi\u00e8ces d\u00e9tach\u00e9es pour autocars, trains et autres v\u00e9hicules.\" \/>\n<meta property=\"og:url\" content=\"https:\/\/www.industri-sl.com\/fr\/\" \/>\n<meta property=\"og:site_name\" content=\"Industri SL\" \/>\n<meta property=\"article:modified_time\" content=\"2025-06-25T09:11:55+00:00\" \/>\n<meta name=\"twitter:card\" content=\"summary_large_image\" \/>\n<meta name=\"twitter:label1\" content=\"Dur\u00e9e de lecture estim\u00e9e\" \/>\n\t<meta name=\"twitter:data1\" content=\"1 minute\" \/>\n<script type=\"application\/ld+json\" class=\"yoast-schema-graph\">{\"@context\":\"https:\\\/\\\/schema.org\",\"@graph\":[{\"@type\":\"WebPage\",\"@id\":\"https:\\\/\\\/www.industri-sl.com\\\/fr\\\/\",\"url\":\"https:\\\/\\\/www.industri-sl.com\\\/fr\\\/\",\"name\":\"Fabricants de pi\u00e8ces pour trains, autocars et autres v\u00e9hicules - INDUSTRI\",\"isPartOf\":{\"@id\":\"https:\\\/\\\/www.industri-sl.com\\\/fr\\\/#website\"},\"datePublished\":\"2019-05-09T12:35:11+00:00\",\"dateModified\":\"2025-06-25T09:11:55+00:00\",\"description\":\"Industri poss\u00e8de plus de 60 ans d\u2019exp\u00e9rience dans la fabrication de pi\u00e8ces sur mesure et de pi\u00e8ces d\u00e9tach\u00e9es pour autocars, trains et autres v\u00e9hicules.\",\"breadcrumb\":{\"@id\":\"https:\\\/\\\/www.industri-sl.com\\\/fr\\\/#breadcrumb\"},\"inLanguage\":\"fr-FR\",\"potentialAction\":[{\"@type\":\"ReadAction\",\"target\":[\"https:\\\/\\\/www.industri-sl.com\\\/fr\\\/\"]}]},{\"@type\":\"BreadcrumbList\",\"@id\":\"https:\\\/\\\/www.industri-sl.com\\\/fr\\\/#breadcrumb\",\"itemListElement\":[{\"@type\":\"ListItem\",\"position\":1,\"name\":\"Inicio\",\"item\":\"https:\\\/\\\/www.industri-sl.com\\\/fr\\\/\"},{\"@type\":\"ListItem\",\"position\":2,\"name\":\"Inicio\"}]},{\"@type\":\"WebSite\",\"@id\":\"https:\\\/\\\/www.industri-sl.com\\\/fr\\\/#website\",\"url\":\"https:\\\/\\\/www.industri-sl.com\\\/fr\\\/\",\"name\":\"Industri SL\",\"description\":\"\",\"publisher\":{\"@id\":\"https:\\\/\\\/www.industri-sl.com\\\/fr\\\/#organization\"},\"potentialAction\":[{\"@type\":\"SearchAction\",\"target\":{\"@type\":\"EntryPoint\",\"urlTemplate\":\"https:\\\/\\\/www.industri-sl.com\\\/fr\\\/?s={search_term_string}\"},\"query-input\":{\"@type\":\"PropertyValueSpecification\",\"valueRequired\":true,\"valueName\":\"search_term_string\"}}],\"inLanguage\":\"fr-FR\"},{\"@type\":\"Organization\",\"@id\":\"https:\\\/\\\/www.industri-sl.com\\\/fr\\\/#organization\",\"name\":\"Industri SL\",\"url\":\"https:\\\/\\\/www.industri-sl.com\\\/fr\\\/\",\"logo\":{\"@type\":\"ImageObject\",\"inLanguage\":\"fr-FR\",\"@id\":\"https:\\\/\\\/www.industri-sl.com\\\/fr\\\/#\\\/schema\\\/logo\\\/image\\\/\",\"url\":\"https:\\\/\\\/www.industri-sl.com\\\/wp-content\\\/uploads\\\/industri-logo.png\",\"contentUrl\":\"https:\\\/\\\/www.industri-sl.com\\\/wp-content\\\/uploads\\\/industri-logo.png\",\"width\":248,\"height\":45,\"caption\":\"Industri SL\"},\"image\":{\"@id\":\"https:\\\/\\\/www.industri-sl.com\\\/fr\\\/#\\\/schema\\\/logo\\\/image\\\/\"}}]}<\/script>\n<!-- \/ Yoast SEO plugin. -->","yoast_head_json":{"title":"Fabricants de pi\u00e8ces pour trains, autocars et autres v\u00e9hicules - INDUSTRI","description":"Industri poss\u00e8de plus de 60 ans d\u2019exp\u00e9rience dans la fabrication de pi\u00e8ces sur mesure et de pi\u00e8ces d\u00e9tach\u00e9es pour autocars, trains et autres v\u00e9hicules.","robots":{"index":"index","follow":"follow","max-snippet":"max-snippet:-1","max-image-preview":"max-image-preview:large","max-video-preview":"max-video-preview:-1"},"canonical":"https:\/\/www.industri-sl.com\/fr\/","og_locale":"fr_FR","og_type":"article","og_title":"Fabricants de pi\u00e8ces pour trains, autocars et autres v\u00e9hicules - INDUSTRI","og_description":"Industri poss\u00e8de plus de 60 ans d\u2019exp\u00e9rience dans la fabrication de pi\u00e8ces sur mesure et de pi\u00e8ces d\u00e9tach\u00e9es pour autocars, trains et autres v\u00e9hicules.","og_url":"https:\/\/www.industri-sl.com\/fr\/","og_site_name":"Industri SL","article_modified_time":"2025-06-25T09:11:55+00:00","twitter_card":"summary_large_image","twitter_misc":{"Dur\u00e9e de lecture estim\u00e9e":"1 minute"},"schema":{"@context":"https:\/\/schema.org","@graph":[{"@type":"WebPage","@id":"https:\/\/www.industri-sl.com\/fr\/","url":"https:\/\/www.industri-sl.com\/fr\/","name":"Fabricants de pi\u00e8ces pour trains, autocars et autres v\u00e9hicules - INDUSTRI","isPartOf":{"@id":"https:\/\/www.industri-sl.com\/fr\/#website"},"datePublished":"2019-05-09T12:35:11+00:00","dateModified":"2025-06-25T09:11:55+00:00","description":"Industri poss\u00e8de plus de 60 ans d\u2019exp\u00e9rience dans la fabrication de pi\u00e8ces sur mesure et de pi\u00e8ces d\u00e9tach\u00e9es pour autocars, trains et autres v\u00e9hicules.","breadcrumb":{"@id":"https:\/\/www.industri-sl.com\/fr\/#breadcrumb"},"inLanguage":"fr-FR","potentialAction":[{"@type":"ReadAction","target":["https:\/\/www.industri-sl.com\/fr\/"]}]},{"@type":"BreadcrumbList","@id":"https:\/\/www.industri-sl.com\/fr\/#breadcrumb","itemListElement":[{"@type":"ListItem","position":1,"name":"Inicio","item":"https:\/\/www.industri-sl.com\/fr\/"},{"@type":"ListItem","position":2,"name":"Inicio"}]},{"@type":"WebSite","@id":"https:\/\/www.industri-sl.com\/fr\/#website","url":"https:\/\/www.industri-sl.com\/fr\/","name":"Industri SL","description":"","publisher":{"@id":"https:\/\/www.industri-sl.com\/fr\/#organization"},"potentialAction":[{"@type":"SearchAction","target":{"@type":"EntryPoint","urlTemplate":"https:\/\/www.industri-sl.com\/fr\/?s={search_term_string}"},"query-input":{"@type":"PropertyValueSpecification","valueRequired":true,"valueName":"search_term_string"}}],"inLanguage":"fr-FR"},{"@type":"Organization","@id":"https:\/\/www.industri-sl.com\/fr\/#organization","name":"Industri SL","url":"https:\/\/www.industri-sl.com\/fr\/","logo":{"@type":"ImageObject","inLanguage":"fr-FR","@id":"https:\/\/www.industri-sl.com\/fr\/#\/schema\/logo\/image\/","url":"https:\/\/www.industri-sl.com\/wp-content\/uploads\/industri-logo.png","contentUrl":"https:\/\/www.industri-sl.com\/wp-content\/uploads\/industri-logo.png","width":248,"height":45,"caption":"Industri SL"},"image":{"@id":"https:\/\/www.industri-sl.com\/fr\/#\/schema\/logo\/image\/"}}]}},"_links":{"self":[{"href":"https:\/\/www.industri-sl.com\/fr\/wp-json\/wp\/v2\/pages\/9315","targetHints":{"allow":["GET"]}}],"collection":[{"href":"https:\/\/www.industri-sl.com\/fr\/wp-json\/wp\/v2\/pages"}],"about":[{"href":"https:\/\/www.industri-sl.com\/fr\/wp-json\/wp\/v2\/types\/page"}],"author":[{"embeddable":true,"href":"https:\/\/www.industri-sl.com\/fr\/wp-json\/wp\/v2\/users\/3"}],"replies":[{"embeddable":true,"href":"https:\/\/www.industri-sl.com\/fr\/wp-json\/wp\/v2\/comments?post=9315"}],"version-history":[{"count":0,"href":"https:\/\/www.industri-sl.com\/fr\/wp-json\/wp\/v2\/pages\/9315\/revisions"}],"wp:attachment":[{"href":"https:\/\/www.industri-sl.com\/fr\/wp-json\/wp\/v2\/media?parent=9315"}],"curies":[{"name":"wp","href":"https:\/\/api.w.org\/{rel}","templated":true}]}}