{"id":9313,"date":"2019-11-21T19:20:52","date_gmt":"2019-11-21T18:20:52","guid":{"rendered":"https:\/\/www.industri-sl.com\/ingenieria\/"},"modified":"2021-05-04T14:50:25","modified_gmt":"2021-05-04T12:50:25","slug":"ingenierie","status":"publish","type":"page","link":"https:\/\/www.industri-sl.com\/fr\/ingenierie\/","title":{"rendered":"Services d\u2019ing\u00e9nierie pour INDUSTRI"},"content":{"rendered":"<h2>Ing\u00e9nierie et conception de machines<\/h2>\n<p><img loading=\"lazy\" decoding=\"async\" class=\"alignright wp-image-3085 size-full\" src=\"https:\/\/www.industri-sl.com\/wp-content\/uploads\/ingenieria-2.jpg\" alt=\"\" width=\"379\" height=\"294\" srcset=\"https:\/\/www.industri-sl.com\/wp-content\/uploads\/ingenieria-2.jpg 379w, https:\/\/www.industri-sl.com\/wp-content\/uploads\/ingenieria-2-300x233.jpg 300w\" sizes=\"auto, (max-width: 379px) 100vw, 379px\" \/><\/p>\n<p><span style=\"font-weight: 400;\">Industri offre \u00e0 ses clients un <strong>service int\u00e9gral et de qualit\u00e9<\/strong>\u00a0: nous nous occupons de la conception de votre produit et le mat\u00e9rialisons en <strong>cr\u00e9ant des prototypes et des pi\u00e8ces fonctionnelles<\/strong> de grande pr\u00e9cision au moyen de la fabrication additive.\u00a0<\/span><\/p>\n<p><span style=\"font-weight: 400;\">En outre, gr\u00e2ce \u00e0 l\u2019implantation d\u2019imprimantes 3D et du syst\u00e8me Multi Jet Fusion, nous avons r\u00e9ussi <strong>\u00e0 r\u00e9duire de mani\u00e8re significative les temps de prototypage<\/strong> et \u00e0 obtenir en quelques heures <strong>diff\u00e9rentes versions d\u2019une m\u00eame pi\u00e8ce<\/strong>. Ainsi, tous les changements et modifications peuvent \u00eatre appliqu\u00e9s rapidement, jusqu\u2019\u00e0 l\u2019obtention de la pi\u00e8ce que le client souhaite.<\/span><\/p>\n<p><a class=\"boton\" href=\"#formulario\">Demandez conseil sans obligation<\/a><\/p>\n","protected":false},"excerpt":{"rendered":"<p>Ing\u00e9nierie et conception de machines Industri offre \u00e0 ses clients un service int\u00e9gral et de qualit\u00e9\u00a0: nous nous occupons de la conception de votre produit et le mat\u00e9rialisons en cr\u00e9ant des prototypes et des pi\u00e8ces fonctionnelles de grande pr\u00e9cision au moyen de la fabrication additive.\u00a0 En outre, gr\u00e2ce \u00e0 l\u2019implantation d\u2019imprimantes 3D et du syst\u00e8me [&hellip;]<\/p>\n","protected":false},"author":3,"featured_media":0,"parent":0,"menu_order":0,"comment_status":"closed","ping_status":"closed","template":"page-ingenieria.php","meta":{"footnotes":""},"class_list":["post-9313","page","type-page","status-publish","hentry"],"yoast_head":"<!-- This site is optimized with the Yoast SEO plugin v27.5 - https:\/\/yoast.com\/product\/yoast-seo-wordpress\/ -->\n<title>Services d\u2019ing\u00e9nierie - INDUSTRI<\/title>\n<meta name=\"description\" content=\"INDUSTRI dispose d\u2019un service de R&amp;D o\u00f9 de nouveaux produits sont d\u00e9velopp\u00e9s en collaboration \u00e9troite avec nos clients.\" \/>\n<meta name=\"robots\" content=\"index, follow, max-snippet:-1, max-image-preview:large, max-video-preview:-1\" \/>\n<link rel=\"canonical\" href=\"https:\/\/www.industri-sl.com\/fr\/ingenierie\/\" \/>\n<meta property=\"og:locale\" content=\"fr_FR\" \/>\n<meta property=\"og:type\" content=\"article\" \/>\n<meta property=\"og:title\" content=\"Services d\u2019ing\u00e9nierie - INDUSTRI\" \/>\n<meta property=\"og:description\" content=\"INDUSTRI dispose d\u2019un service de R&amp;D o\u00f9 de nouveaux produits sont d\u00e9velopp\u00e9s en collaboration \u00e9troite avec nos clients.\" \/>\n<meta property=\"og:url\" content=\"https:\/\/www.industri-sl.com\/fr\/ingenierie\/\" \/>\n<meta property=\"og:site_name\" content=\"Industri SL\" \/>\n<meta property=\"article:modified_time\" content=\"2021-05-04T12:50:25+00:00\" \/>\n<meta property=\"og:image\" content=\"https:\/\/www.industri-sl.com\/wp-content\/uploads\/ingenieria-2.jpg\" \/>\n<meta name=\"twitter:card\" content=\"summary_large_image\" \/>\n<meta name=\"twitter:label1\" content=\"Dur\u00e9e de lecture estim\u00e9e\" \/>\n\t<meta name=\"twitter:data1\" content=\"1 minute\" \/>\n<script type=\"application\/ld+json\" class=\"yoast-schema-graph\">{\"@context\":\"https:\\\/\\\/schema.org\",\"@graph\":[{\"@type\":\"WebPage\",\"@id\":\"https:\\\/\\\/www.industri-sl.com\\\/fr\\\/ingenierie\\\/\",\"url\":\"https:\\\/\\\/www.industri-sl.com\\\/fr\\\/ingenierie\\\/\",\"name\":\"Services d\u2019ing\u00e9nierie - INDUSTRI\",\"isPartOf\":{\"@id\":\"https:\\\/\\\/www.industri-sl.com\\\/fr\\\/#website\"},\"primaryImageOfPage\":{\"@id\":\"https:\\\/\\\/www.industri-sl.com\\\/fr\\\/ingenierie\\\/#primaryimage\"},\"image\":{\"@id\":\"https:\\\/\\\/www.industri-sl.com\\\/fr\\\/ingenierie\\\/#primaryimage\"},\"thumbnailUrl\":\"https:\\\/\\\/www.industri-sl.com\\\/wp-content\\\/uploads\\\/ingenieria-2.jpg\",\"datePublished\":\"2019-11-21T18:20:52+00:00\",\"dateModified\":\"2021-05-04T12:50:25+00:00\",\"description\":\"INDUSTRI dispose d\u2019un service de R&D o\u00f9 de nouveaux produits sont d\u00e9velopp\u00e9s en collaboration \u00e9troite avec nos clients.\",\"breadcrumb\":{\"@id\":\"https:\\\/\\\/www.industri-sl.com\\\/fr\\\/ingenierie\\\/#breadcrumb\"},\"inLanguage\":\"fr-FR\",\"potentialAction\":[{\"@type\":\"ReadAction\",\"target\":[\"https:\\\/\\\/www.industri-sl.com\\\/fr\\\/ingenierie\\\/\"]}]},{\"@type\":\"ImageObject\",\"inLanguage\":\"fr-FR\",\"@id\":\"https:\\\/\\\/www.industri-sl.com\\\/fr\\\/ingenierie\\\/#primaryimage\",\"url\":\"https:\\\/\\\/www.industri-sl.com\\\/wp-content\\\/uploads\\\/ingenieria-2.jpg\",\"contentUrl\":\"https:\\\/\\\/www.industri-sl.com\\\/wp-content\\\/uploads\\\/ingenieria-2.jpg\"},{\"@type\":\"BreadcrumbList\",\"@id\":\"https:\\\/\\\/www.industri-sl.com\\\/fr\\\/ingenierie\\\/#breadcrumb\",\"itemListElement\":[{\"@type\":\"ListItem\",\"position\":1,\"name\":\"Inicio\",\"item\":\"https:\\\/\\\/www.industri-sl.com\\\/fr\\\/\"},{\"@type\":\"ListItem\",\"position\":2,\"name\":\"Services d\u2019ing\u00e9nierie pour INDUSTRI\"}]},{\"@type\":\"WebSite\",\"@id\":\"https:\\\/\\\/www.industri-sl.com\\\/fr\\\/#website\",\"url\":\"https:\\\/\\\/www.industri-sl.com\\\/fr\\\/\",\"name\":\"Industri SL\",\"description\":\"\",\"publisher\":{\"@id\":\"https:\\\/\\\/www.industri-sl.com\\\/fr\\\/#organization\"},\"potentialAction\":[{\"@type\":\"SearchAction\",\"target\":{\"@type\":\"EntryPoint\",\"urlTemplate\":\"https:\\\/\\\/www.industri-sl.com\\\/fr\\\/?s={search_term_string}\"},\"query-input\":{\"@type\":\"PropertyValueSpecification\",\"valueRequired\":true,\"valueName\":\"search_term_string\"}}],\"inLanguage\":\"fr-FR\"},{\"@type\":\"Organization\",\"@id\":\"https:\\\/\\\/www.industri-sl.com\\\/fr\\\/#organization\",\"name\":\"Industri SL\",\"url\":\"https:\\\/\\\/www.industri-sl.com\\\/fr\\\/\",\"logo\":{\"@type\":\"ImageObject\",\"inLanguage\":\"fr-FR\",\"@id\":\"https:\\\/\\\/www.industri-sl.com\\\/fr\\\/#\\\/schema\\\/logo\\\/image\\\/\",\"url\":\"https:\\\/\\\/www.industri-sl.com\\\/wp-content\\\/uploads\\\/industri-logo.png\",\"contentUrl\":\"https:\\\/\\\/www.industri-sl.com\\\/wp-content\\\/uploads\\\/industri-logo.png\",\"width\":248,\"height\":45,\"caption\":\"Industri SL\"},\"image\":{\"@id\":\"https:\\\/\\\/www.industri-sl.com\\\/fr\\\/#\\\/schema\\\/logo\\\/image\\\/\"}}]}<\/script>\n<!-- \/ Yoast SEO plugin. -->","yoast_head_json":{"title":"Services d\u2019ing\u00e9nierie - INDUSTRI","description":"INDUSTRI dispose d\u2019un service de R&D o\u00f9 de nouveaux produits sont d\u00e9velopp\u00e9s en collaboration \u00e9troite avec nos clients.","robots":{"index":"index","follow":"follow","max-snippet":"max-snippet:-1","max-image-preview":"max-image-preview:large","max-video-preview":"max-video-preview:-1"},"canonical":"https:\/\/www.industri-sl.com\/fr\/ingenierie\/","og_locale":"fr_FR","og_type":"article","og_title":"Services d\u2019ing\u00e9nierie - INDUSTRI","og_description":"INDUSTRI dispose d\u2019un service de R&D o\u00f9 de nouveaux produits sont d\u00e9velopp\u00e9s en collaboration \u00e9troite avec nos clients.","og_url":"https:\/\/www.industri-sl.com\/fr\/ingenierie\/","og_site_name":"Industri SL","article_modified_time":"2021-05-04T12:50:25+00:00","og_image":[{"url":"https:\/\/www.industri-sl.com\/wp-content\/uploads\/ingenieria-2.jpg","type":"","width":"","height":""}],"twitter_card":"summary_large_image","twitter_misc":{"Dur\u00e9e de lecture estim\u00e9e":"1 minute"},"schema":{"@context":"https:\/\/schema.org","@graph":[{"@type":"WebPage","@id":"https:\/\/www.industri-sl.com\/fr\/ingenierie\/","url":"https:\/\/www.industri-sl.com\/fr\/ingenierie\/","name":"Services d\u2019ing\u00e9nierie - INDUSTRI","isPartOf":{"@id":"https:\/\/www.industri-sl.com\/fr\/#website"},"primaryImageOfPage":{"@id":"https:\/\/www.industri-sl.com\/fr\/ingenierie\/#primaryimage"},"image":{"@id":"https:\/\/www.industri-sl.com\/fr\/ingenierie\/#primaryimage"},"thumbnailUrl":"https:\/\/www.industri-sl.com\/wp-content\/uploads\/ingenieria-2.jpg","datePublished":"2019-11-21T18:20:52+00:00","dateModified":"2021-05-04T12:50:25+00:00","description":"INDUSTRI dispose d\u2019un service de R&D o\u00f9 de nouveaux produits sont d\u00e9velopp\u00e9s en collaboration \u00e9troite avec nos clients.","breadcrumb":{"@id":"https:\/\/www.industri-sl.com\/fr\/ingenierie\/#breadcrumb"},"inLanguage":"fr-FR","potentialAction":[{"@type":"ReadAction","target":["https:\/\/www.industri-sl.com\/fr\/ingenierie\/"]}]},{"@type":"ImageObject","inLanguage":"fr-FR","@id":"https:\/\/www.industri-sl.com\/fr\/ingenierie\/#primaryimage","url":"https:\/\/www.industri-sl.com\/wp-content\/uploads\/ingenieria-2.jpg","contentUrl":"https:\/\/www.industri-sl.com\/wp-content\/uploads\/ingenieria-2.jpg"},{"@type":"BreadcrumbList","@id":"https:\/\/www.industri-sl.com\/fr\/ingenierie\/#breadcrumb","itemListElement":[{"@type":"ListItem","position":1,"name":"Inicio","item":"https:\/\/www.industri-sl.com\/fr\/"},{"@type":"ListItem","position":2,"name":"Services d\u2019ing\u00e9nierie pour INDUSTRI"}]},{"@type":"WebSite","@id":"https:\/\/www.industri-sl.com\/fr\/#website","url":"https:\/\/www.industri-sl.com\/fr\/","name":"Industri SL","description":"","publisher":{"@id":"https:\/\/www.industri-sl.com\/fr\/#organization"},"potentialAction":[{"@type":"SearchAction","target":{"@type":"EntryPoint","urlTemplate":"https:\/\/www.industri-sl.com\/fr\/?s={search_term_string}"},"query-input":{"@type":"PropertyValueSpecification","valueRequired":true,"valueName":"search_term_string"}}],"inLanguage":"fr-FR"},{"@type":"Organization","@id":"https:\/\/www.industri-sl.com\/fr\/#organization","name":"Industri SL","url":"https:\/\/www.industri-sl.com\/fr\/","logo":{"@type":"ImageObject","inLanguage":"fr-FR","@id":"https:\/\/www.industri-sl.com\/fr\/#\/schema\/logo\/image\/","url":"https:\/\/www.industri-sl.com\/wp-content\/uploads\/industri-logo.png","contentUrl":"https:\/\/www.industri-sl.com\/wp-content\/uploads\/industri-logo.png","width":248,"height":45,"caption":"Industri SL"},"image":{"@id":"https:\/\/www.industri-sl.com\/fr\/#\/schema\/logo\/image\/"}}]}},"_links":{"self":[{"href":"https:\/\/www.industri-sl.com\/fr\/wp-json\/wp\/v2\/pages\/9313","targetHints":{"allow":["GET"]}}],"collection":[{"href":"https:\/\/www.industri-sl.com\/fr\/wp-json\/wp\/v2\/pages"}],"about":[{"href":"https:\/\/www.industri-sl.com\/fr\/wp-json\/wp\/v2\/types\/page"}],"author":[{"embeddable":true,"href":"https:\/\/www.industri-sl.com\/fr\/wp-json\/wp\/v2\/users\/3"}],"replies":[{"embeddable":true,"href":"https:\/\/www.industri-sl.com\/fr\/wp-json\/wp\/v2\/comments?post=9313"}],"version-history":[{"count":0,"href":"https:\/\/www.industri-sl.com\/fr\/wp-json\/wp\/v2\/pages\/9313\/revisions"}],"wp:attachment":[{"href":"https:\/\/www.industri-sl.com\/fr\/wp-json\/wp\/v2\/media?parent=9313"}],"curies":[{"name":"wp","href":"https:\/\/api.w.org\/{rel}","templated":true}]}}