{"id":9307,"date":"2019-11-11T14:44:09","date_gmt":"2019-11-11T13:44:09","guid":{"rendered":"https:\/\/www.industri-sl.com\/urban\/recogida-residuos\/"},"modified":"2020-01-29T10:57:53","modified_gmt":"2020-01-29T09:57:53","slug":"collecte-ordures","status":"publish","type":"page","link":"https:\/\/www.industri-sl.com\/fr\/urban\/collecte-ordures\/","title":{"rendered":"Fabrication d\u2019accessoires pour v\u00e9hicules de collecte d\u2019ordures"},"content":{"rendered":"<h2>Fabrication de pi\u00e8ces sur mesures pour camions poubelle et de collecte de d\u00e9chets<\/h2>\n<p>INDUSTRI poss\u00e8de <a href=\"https:\/\/www.industri-sl.com\/fr\/nous\/\">plus de 60 ans d\u2019exp\u00e9rience<\/a> en conception et fabrication de pi\u00e8ces d\u00e9tach\u00e9es et de rechange sur mesure pour les v\u00e9hicules, les machines et les \u00e9quipements urbains.<\/p>\n<p>Nous concevons, prototypons et fabriquons sur mesure des accessoires pour les v\u00e9hicules et <strong>le mobilier urbain<\/strong>, comme les camions poubelle et de collecte d&rsquo;ordures. INDUSTRI fabrique des r\u00e9troviseurs, int\u00e9rieurs et ext\u00e9rieurs, et des rideaux pour ce type de v\u00e9hicule.<\/p>\n<h2>Quel type de r\u00e9troviseurs fabriquons-nous pour les camions de collecte d\u2019ordures?<\/h2>\n<p><img loading=\"lazy\" decoding=\"async\" class=\"alignright wp-image-3057\" src=\"https:\/\/www.industri-sl.com\/wp-content\/uploads\/basura-300x231.jpg\" alt=\"Fabrication de pi\u00e8ces sur mesures pour camions poubelle et de collecte de d\u00e9chets\" width=\"450\" height=\"346\" srcset=\"https:\/\/www.industri-sl.com\/wp-content\/uploads\/basura-300x231.jpg 300w, https:\/\/www.industri-sl.com\/wp-content\/uploads\/basura-768x590.jpg 768w, https:\/\/www.industri-sl.com\/wp-content\/uploads\/basura.jpg 800w\" sizes=\"auto, (max-width: 450px) 100vw, 450px\" \/><\/p>\n<p>Nous concevons et fabriquons des r\u00e9troviseurs <strong>ext\u00e9rieurs et int\u00e9rieurs<\/strong>, ainsi que leurs composants.<\/p>\n<p>INDUSTRI fabrique des r\u00e9troviseurs ext\u00e9rieurs avec miroirs <strong>chauffants et non chauffants<\/strong>, optimisant ainsi la vision du chauffeur les jours de basses temp\u00e9ratures.<\/p>\n<p>Les r\u00e9troviseurs int\u00e9rieurs sont quant \u00e0 eux con\u00e7us pour \u00eatre plac\u00e9s \u00e0 l&rsquo;int\u00e9rieur du camion de mani\u00e8re \u00e0 ce que le chauffeur puisse avoir <strong>une vision int\u00e9grale de l\u2019int\u00e9rieur du v\u00e9hicule<\/strong>.<\/p>\n<p>En plus de la fabrication de r\u00e9troviseurs pour camions poubelle complets, chez INDUSTRI nous concevons et fabriquons aussi certaines pi\u00e8ces d\u00e9tach\u00e9es pour les r\u00e9troviseurs ext\u00e9rieurs et int\u00e9rieurs. Ces composants et pi\u00e8ces d\u00e9tach\u00e9es de r\u00e9troviseurs sont indispensables \u00e0 <strong>leur fonctionnement optimal<\/strong>.<\/p>\n<h2>Quel type de rideaux fabriquons-nous pour les camions de collecte d\u2019ordures?<\/h2>\n<p>Tous nos rideaux sont fabriqu\u00e9s avec <strong>des mati\u00e8res de premi\u00e8re qualit\u00e9<\/strong>, l\u2019objectif \u00e9tant de r\u00e9duire au maximum la maintenance. Nous disposons aussi d\u2019un catalogue avec un grand choix de grammages, coloris et accessoires.<\/p>\n<h3>Rideaux pantographes<\/h3>\n<p><img loading=\"lazy\" decoding=\"async\" class=\"alignright wp-image-2363 size-medium\" src=\"https:\/\/www.industri-sl.com\/wp-content\/uploads\/cortina-london-1-3-e1576738920996-300x193.jpg\" alt=\"Fabrication de rideaux pantographes sur mesures pour camions poubelle et de collecte de d\u00e9chets\" width=\"300\" height=\"193\" srcset=\"https:\/\/www.industri-sl.com\/wp-content\/uploads\/cortina-london-1-3-e1576738920996-300x193.jpg 300w, https:\/\/www.industri-sl.com\/wp-content\/uploads\/cortina-london-1-3-e1576738920996-768x495.jpg 768w, https:\/\/www.industri-sl.com\/wp-content\/uploads\/cortina-london-1-3-e1576738920996.jpg 792w\" sizes=\"auto, (max-width: 300px) 100vw, 300px\" \/><\/p>\n<p>Gr\u00e2ce \u00e0 un syst\u00e8me d\u00e9velopp\u00e9 par <a href=\"https:\/\/www.industri-sl.com\/fr\/ingenierie\/\">notre service RDI<\/a>, ces rideaux peuvent \u00eatre install\u00e9s suivant diff\u00e9rents angles en fonction des besoins.<\/p>\n<p>Les rideaux pantographes \u00e9lectriques int\u00e8grent <strong>un syst\u00e8me de bras ciseaux<\/strong> \u00e0 l\u2019arri\u00e8re qui remplacent les baguettes de guidage lat\u00e9rales. Les moteurs utilis\u00e9s sont des moteurs silencieux de 24 V, avec des fins de course de mont\u00e9e et descente programmables. Le boitier est en aluminium laqu\u00e9 gris.<\/p>\n<p>En dehors du mod\u00e8le \u00e0 bras ciseaux, nous offrons aussi un mod\u00e8le avec <strong>des bras en forme de croix<\/strong>.<\/p>\n<h3>Rideaux enrouleurs \u00e9lectriques<\/h3>\n<p><img loading=\"lazy\" decoding=\"async\" class=\"alignright wp-image-2112 size-medium\" src=\"https:\/\/www.industri-sl.com\/wp-content\/uploads\/cortina-electrica-enrollable-1-2-e1576738594857-300x186.jpg\" alt=\"Fabrication de rideaux enrouleurs \u00e9lectriques sur mesures pour camions poubelle et de collecte de d\u00e9chets\" width=\"300\" height=\"186\" srcset=\"https:\/\/www.industri-sl.com\/wp-content\/uploads\/cortina-electrica-enrollable-1-2-e1576738594857-300x186.jpg 300w, https:\/\/www.industri-sl.com\/wp-content\/uploads\/cortina-electrica-enrollable-1-2-e1576738594857-768x476.jpg 768w, https:\/\/www.industri-sl.com\/wp-content\/uploads\/cortina-electrica-enrollable-1-2-e1576738594857.jpg 800w\" sizes=\"auto, (max-width: 300px) 100vw, 300px\" \/><\/p>\n<p>Les rideaux enrouleurs \u00e9lectriques utilisent diff\u00e9rents types de moteurs suivant l\u2019utilisation \u00e0 laquelle ils sont destin\u00e9s. En g\u00e9n\u00e9ral, INDUSTRI utilise un <strong>moteur tubulaire<\/strong>. Ces rideaux sont fabriqu\u00e9s avec un boitier ext\u00e9rieur en aluminium mais peuvent aussi \u00eatre livr\u00e9s sans boitier.<\/p>\n<p>INDUSTRI met \u00e0 votre disposition un catalogue complet de tissus \u2013tous ignifuges\u2013 dans <strong>diff\u00e9rents grammages et coloris<\/strong>.<\/p>\n<h3>Rideaux m\u00e9caniques<\/h3>\n<p><img loading=\"lazy\" decoding=\"async\" class=\"alignright wp-image-2813 size-medium\" src=\"https:\/\/www.industri-sl.com\/wp-content\/uploads\/cortina-mecanica-2-3-300x225.jpg\" alt=\"Fabrication de rideaux m\u00e9caniques sur mesures pour camions poubelle et de collecte de d\u00e9chets\" width=\"300\" height=\"225\" srcset=\"https:\/\/www.industri-sl.com\/wp-content\/uploads\/cortina-mecanica-2-3-300x225.jpg 300w, https:\/\/www.industri-sl.com\/wp-content\/uploads\/cortina-mecanica-2-3-768x576.jpg 768w, https:\/\/www.industri-sl.com\/wp-content\/uploads\/cortina-mecanica-2-3.jpg 800w\" sizes=\"auto, (max-width: 300px) 100vw, 300px\" \/><\/p>\n<p>Les rideaux \u00e0 <strong>commande m\u00e9canique<\/strong> sont dot\u00e9s d\u2019un m\u00e9canisme avec un cordon pour pouvoir les remonter. Ce m\u00e9canisme peut \u00eatre situ\u00e9 \u00e0 droite ou \u00e0 gauche du rideau.<\/p>\n<p>Les rideaux sont fournis avec un boitier ext\u00e9rieur en aluminium anodis\u00e9 de couleur noire mate qui prot\u00e8ge le tissu, mais peuvent \u00eatre fabriqu\u00e9s aussi sans boitier. Dans ce cas, ils ne sont pas pourvus du m\u00e9canisme indiqu\u00e9 plus haut et <strong>leur mouvement est libre<\/strong>.<\/p>\n<p>De m\u00eame, nos rideaux \u00e0 commande m\u00e9canique peuvent comporter une bande opaque dans la partie inf\u00e9rieure <strong>pour prot\u00e9ger des rayons du soleil<\/strong>. On peut \u00e9galement leur ajouter une languette centrale pour leur manipulation.<\/p>\n","protected":false},"excerpt":{"rendered":"<p>Fabrication de pi\u00e8ces sur mesures pour camions poubelle et de collecte de d\u00e9chets INDUSTRI poss\u00e8de plus de 60 ans d\u2019exp\u00e9rience en conception et fabrication de pi\u00e8ces d\u00e9tach\u00e9es et de rechange sur mesure pour les v\u00e9hicules, les machines et les \u00e9quipements urbains. Nous concevons, prototypons et fabriquons sur mesure des accessoires pour les v\u00e9hicules et le [&hellip;]<\/p>\n","protected":false},"author":3,"featured_media":0,"parent":9301,"menu_order":0,"comment_status":"closed","ping_status":"closed","template":"page-vehiculos.php","meta":{"footnotes":""},"class_list":["post-9307","page","type-page","status-publish","hentry"],"yoast_head":"<!-- This site is optimized with the Yoast SEO plugin v27.5 - https:\/\/yoast.com\/product\/yoast-seo-wordpress\/ -->\n<title>Pi\u00e8ces d\u00e9tach\u00e9es et de rechange sur mesure pour camions de collecte d\u2019ordures - INDUSTRI<\/title>\n<meta name=\"description\" content=\"INDUSTRI con\u00e7oit et fabrique des pi\u00e8ces d\u00e9tach\u00e9es et de rechange sur mesure pour les camions de collecte d\u2019ordures, depuis les rideaux jusqu\u2019aux r\u00e9troviseurs int\u00e9rieurs ou ext\u00e9rieurs.\" \/>\n<meta name=\"robots\" content=\"index, follow, max-snippet:-1, max-image-preview:large, max-video-preview:-1\" \/>\n<link rel=\"canonical\" href=\"https:\/\/www.industri-sl.com\/fr\/urban\/collecte-ordures\/\" \/>\n<meta property=\"og:locale\" content=\"fr_FR\" \/>\n<meta property=\"og:type\" content=\"article\" \/>\n<meta property=\"og:title\" content=\"Pi\u00e8ces d\u00e9tach\u00e9es et de rechange sur mesure pour camions de collecte d\u2019ordures - INDUSTRI\" \/>\n<meta property=\"og:description\" content=\"INDUSTRI con\u00e7oit et fabrique des pi\u00e8ces d\u00e9tach\u00e9es et de rechange sur mesure pour les camions de collecte d\u2019ordures, depuis les rideaux jusqu\u2019aux r\u00e9troviseurs int\u00e9rieurs ou ext\u00e9rieurs.\" \/>\n<meta property=\"og:url\" content=\"https:\/\/www.industri-sl.com\/fr\/urban\/collecte-ordures\/\" \/>\n<meta property=\"og:site_name\" content=\"Industri SL\" \/>\n<meta property=\"article:modified_time\" content=\"2020-01-29T09:57:53+00:00\" \/>\n<meta property=\"og:image\" content=\"https:\/\/www.industri-sl.com\/wp-content\/uploads\/basura-300x231.jpg\" \/>\n<meta name=\"twitter:card\" content=\"summary_large_image\" \/>\n<meta name=\"twitter:label1\" content=\"Dur\u00e9e de lecture estim\u00e9e\" \/>\n\t<meta name=\"twitter:data1\" content=\"3 minutes\" \/>\n<script type=\"application\/ld+json\" class=\"yoast-schema-graph\">{\"@context\":\"https:\\\/\\\/schema.org\",\"@graph\":[{\"@type\":\"WebPage\",\"@id\":\"https:\\\/\\\/www.industri-sl.com\\\/fr\\\/urban\\\/collecte-ordures\\\/\",\"url\":\"https:\\\/\\\/www.industri-sl.com\\\/fr\\\/urban\\\/collecte-ordures\\\/\",\"name\":\"Pi\u00e8ces d\u00e9tach\u00e9es et de rechange sur mesure pour camions de collecte d\u2019ordures - INDUSTRI\",\"isPartOf\":{\"@id\":\"https:\\\/\\\/www.industri-sl.com\\\/fr\\\/#website\"},\"primaryImageOfPage\":{\"@id\":\"https:\\\/\\\/www.industri-sl.com\\\/fr\\\/urban\\\/collecte-ordures\\\/#primaryimage\"},\"image\":{\"@id\":\"https:\\\/\\\/www.industri-sl.com\\\/fr\\\/urban\\\/collecte-ordures\\\/#primaryimage\"},\"thumbnailUrl\":\"https:\\\/\\\/www.industri-sl.com\\\/wp-content\\\/uploads\\\/basura-300x231.jpg\",\"datePublished\":\"2019-11-11T13:44:09+00:00\",\"dateModified\":\"2020-01-29T09:57:53+00:00\",\"description\":\"INDUSTRI con\u00e7oit et fabrique des pi\u00e8ces d\u00e9tach\u00e9es et de rechange sur mesure pour les camions de collecte d\u2019ordures, depuis les rideaux jusqu\u2019aux r\u00e9troviseurs int\u00e9rieurs ou ext\u00e9rieurs.\",\"breadcrumb\":{\"@id\":\"https:\\\/\\\/www.industri-sl.com\\\/fr\\\/urban\\\/collecte-ordures\\\/#breadcrumb\"},\"inLanguage\":\"fr-FR\",\"potentialAction\":[{\"@type\":\"ReadAction\",\"target\":[\"https:\\\/\\\/www.industri-sl.com\\\/fr\\\/urban\\\/collecte-ordures\\\/\"]}]},{\"@type\":\"ImageObject\",\"inLanguage\":\"fr-FR\",\"@id\":\"https:\\\/\\\/www.industri-sl.com\\\/fr\\\/urban\\\/collecte-ordures\\\/#primaryimage\",\"url\":\"https:\\\/\\\/www.industri-sl.com\\\/wp-content\\\/uploads\\\/basura-300x231.jpg\",\"contentUrl\":\"https:\\\/\\\/www.industri-sl.com\\\/wp-content\\\/uploads\\\/basura-300x231.jpg\"},{\"@type\":\"BreadcrumbList\",\"@id\":\"https:\\\/\\\/www.industri-sl.com\\\/fr\\\/urban\\\/collecte-ordures\\\/#breadcrumb\",\"itemListElement\":[{\"@type\":\"ListItem\",\"position\":1,\"name\":\"Inicio\",\"item\":\"https:\\\/\\\/www.industri-sl.com\\\/fr\\\/\"},{\"@type\":\"ListItem\",\"position\":2,\"name\":\"Divisi\u00f3n Urban\",\"item\":\"https:\\\/\\\/www.industri-sl.com\\\/fr\\\/urban\\\/\"},{\"@type\":\"ListItem\",\"position\":3,\"name\":\"Fabrication d\u2019accessoires pour v\u00e9hicules de collecte d\u2019ordures\"}]},{\"@type\":\"WebSite\",\"@id\":\"https:\\\/\\\/www.industri-sl.com\\\/fr\\\/#website\",\"url\":\"https:\\\/\\\/www.industri-sl.com\\\/fr\\\/\",\"name\":\"Industri SL\",\"description\":\"\",\"publisher\":{\"@id\":\"https:\\\/\\\/www.industri-sl.com\\\/fr\\\/#organization\"},\"potentialAction\":[{\"@type\":\"SearchAction\",\"target\":{\"@type\":\"EntryPoint\",\"urlTemplate\":\"https:\\\/\\\/www.industri-sl.com\\\/fr\\\/?s={search_term_string}\"},\"query-input\":{\"@type\":\"PropertyValueSpecification\",\"valueRequired\":true,\"valueName\":\"search_term_string\"}}],\"inLanguage\":\"fr-FR\"},{\"@type\":\"Organization\",\"@id\":\"https:\\\/\\\/www.industri-sl.com\\\/fr\\\/#organization\",\"name\":\"Industri SL\",\"url\":\"https:\\\/\\\/www.industri-sl.com\\\/fr\\\/\",\"logo\":{\"@type\":\"ImageObject\",\"inLanguage\":\"fr-FR\",\"@id\":\"https:\\\/\\\/www.industri-sl.com\\\/fr\\\/#\\\/schema\\\/logo\\\/image\\\/\",\"url\":\"https:\\\/\\\/www.industri-sl.com\\\/wp-content\\\/uploads\\\/industri-logo.png\",\"contentUrl\":\"https:\\\/\\\/www.industri-sl.com\\\/wp-content\\\/uploads\\\/industri-logo.png\",\"width\":248,\"height\":45,\"caption\":\"Industri SL\"},\"image\":{\"@id\":\"https:\\\/\\\/www.industri-sl.com\\\/fr\\\/#\\\/schema\\\/logo\\\/image\\\/\"}}]}<\/script>\n<!-- \/ Yoast SEO plugin. -->","yoast_head_json":{"title":"Pi\u00e8ces d\u00e9tach\u00e9es et de rechange sur mesure pour camions de collecte d\u2019ordures - INDUSTRI","description":"INDUSTRI con\u00e7oit et fabrique des pi\u00e8ces d\u00e9tach\u00e9es et de rechange sur mesure pour les camions de collecte d\u2019ordures, depuis les rideaux jusqu\u2019aux r\u00e9troviseurs int\u00e9rieurs ou ext\u00e9rieurs.","robots":{"index":"index","follow":"follow","max-snippet":"max-snippet:-1","max-image-preview":"max-image-preview:large","max-video-preview":"max-video-preview:-1"},"canonical":"https:\/\/www.industri-sl.com\/fr\/urban\/collecte-ordures\/","og_locale":"fr_FR","og_type":"article","og_title":"Pi\u00e8ces d\u00e9tach\u00e9es et de rechange sur mesure pour camions de collecte d\u2019ordures - INDUSTRI","og_description":"INDUSTRI con\u00e7oit et fabrique des pi\u00e8ces d\u00e9tach\u00e9es et de rechange sur mesure pour les camions de collecte d\u2019ordures, depuis les rideaux jusqu\u2019aux r\u00e9troviseurs int\u00e9rieurs ou ext\u00e9rieurs.","og_url":"https:\/\/www.industri-sl.com\/fr\/urban\/collecte-ordures\/","og_site_name":"Industri SL","article_modified_time":"2020-01-29T09:57:53+00:00","og_image":[{"url":"https:\/\/www.industri-sl.com\/wp-content\/uploads\/basura-300x231.jpg","type":"","width":"","height":""}],"twitter_card":"summary_large_image","twitter_misc":{"Dur\u00e9e de lecture estim\u00e9e":"3 minutes"},"schema":{"@context":"https:\/\/schema.org","@graph":[{"@type":"WebPage","@id":"https:\/\/www.industri-sl.com\/fr\/urban\/collecte-ordures\/","url":"https:\/\/www.industri-sl.com\/fr\/urban\/collecte-ordures\/","name":"Pi\u00e8ces d\u00e9tach\u00e9es et de rechange sur mesure pour camions de collecte d\u2019ordures - INDUSTRI","isPartOf":{"@id":"https:\/\/www.industri-sl.com\/fr\/#website"},"primaryImageOfPage":{"@id":"https:\/\/www.industri-sl.com\/fr\/urban\/collecte-ordures\/#primaryimage"},"image":{"@id":"https:\/\/www.industri-sl.com\/fr\/urban\/collecte-ordures\/#primaryimage"},"thumbnailUrl":"https:\/\/www.industri-sl.com\/wp-content\/uploads\/basura-300x231.jpg","datePublished":"2019-11-11T13:44:09+00:00","dateModified":"2020-01-29T09:57:53+00:00","description":"INDUSTRI con\u00e7oit et fabrique des pi\u00e8ces d\u00e9tach\u00e9es et de rechange sur mesure pour les camions de collecte d\u2019ordures, depuis les rideaux jusqu\u2019aux r\u00e9troviseurs int\u00e9rieurs ou ext\u00e9rieurs.","breadcrumb":{"@id":"https:\/\/www.industri-sl.com\/fr\/urban\/collecte-ordures\/#breadcrumb"},"inLanguage":"fr-FR","potentialAction":[{"@type":"ReadAction","target":["https:\/\/www.industri-sl.com\/fr\/urban\/collecte-ordures\/"]}]},{"@type":"ImageObject","inLanguage":"fr-FR","@id":"https:\/\/www.industri-sl.com\/fr\/urban\/collecte-ordures\/#primaryimage","url":"https:\/\/www.industri-sl.com\/wp-content\/uploads\/basura-300x231.jpg","contentUrl":"https:\/\/www.industri-sl.com\/wp-content\/uploads\/basura-300x231.jpg"},{"@type":"BreadcrumbList","@id":"https:\/\/www.industri-sl.com\/fr\/urban\/collecte-ordures\/#breadcrumb","itemListElement":[{"@type":"ListItem","position":1,"name":"Inicio","item":"https:\/\/www.industri-sl.com\/fr\/"},{"@type":"ListItem","position":2,"name":"Divisi\u00f3n Urban","item":"https:\/\/www.industri-sl.com\/fr\/urban\/"},{"@type":"ListItem","position":3,"name":"Fabrication d\u2019accessoires pour v\u00e9hicules de collecte d\u2019ordures"}]},{"@type":"WebSite","@id":"https:\/\/www.industri-sl.com\/fr\/#website","url":"https:\/\/www.industri-sl.com\/fr\/","name":"Industri SL","description":"","publisher":{"@id":"https:\/\/www.industri-sl.com\/fr\/#organization"},"potentialAction":[{"@type":"SearchAction","target":{"@type":"EntryPoint","urlTemplate":"https:\/\/www.industri-sl.com\/fr\/?s={search_term_string}"},"query-input":{"@type":"PropertyValueSpecification","valueRequired":true,"valueName":"search_term_string"}}],"inLanguage":"fr-FR"},{"@type":"Organization","@id":"https:\/\/www.industri-sl.com\/fr\/#organization","name":"Industri SL","url":"https:\/\/www.industri-sl.com\/fr\/","logo":{"@type":"ImageObject","inLanguage":"fr-FR","@id":"https:\/\/www.industri-sl.com\/fr\/#\/schema\/logo\/image\/","url":"https:\/\/www.industri-sl.com\/wp-content\/uploads\/industri-logo.png","contentUrl":"https:\/\/www.industri-sl.com\/wp-content\/uploads\/industri-logo.png","width":248,"height":45,"caption":"Industri SL"},"image":{"@id":"https:\/\/www.industri-sl.com\/fr\/#\/schema\/logo\/image\/"}}]}},"_links":{"self":[{"href":"https:\/\/www.industri-sl.com\/fr\/wp-json\/wp\/v2\/pages\/9307","targetHints":{"allow":["GET"]}}],"collection":[{"href":"https:\/\/www.industri-sl.com\/fr\/wp-json\/wp\/v2\/pages"}],"about":[{"href":"https:\/\/www.industri-sl.com\/fr\/wp-json\/wp\/v2\/types\/page"}],"author":[{"embeddable":true,"href":"https:\/\/www.industri-sl.com\/fr\/wp-json\/wp\/v2\/users\/3"}],"replies":[{"embeddable":true,"href":"https:\/\/www.industri-sl.com\/fr\/wp-json\/wp\/v2\/comments?post=9307"}],"version-history":[{"count":0,"href":"https:\/\/www.industri-sl.com\/fr\/wp-json\/wp\/v2\/pages\/9307\/revisions"}],"up":[{"embeddable":true,"href":"https:\/\/www.industri-sl.com\/fr\/wp-json\/wp\/v2\/pages\/9301"}],"wp:attachment":[{"href":"https:\/\/www.industri-sl.com\/fr\/wp-json\/wp\/v2\/media?parent=9307"}],"curies":[{"name":"wp","href":"https:\/\/api.w.org\/{rel}","templated":true}]}}