{"id":9305,"date":"2019-11-11T14:35:36","date_gmt":"2019-11-11T13:35:36","guid":{"rendered":"https:\/\/www.industri-sl.com\/urban\/marquesinas\/"},"modified":"2020-01-29T10:56:05","modified_gmt":"2020-01-29T09:56:05","slug":"abribus","status":"publish","type":"page","link":"https:\/\/www.industri-sl.com\/fr\/urban\/abribus\/","title":{"rendered":"Fabrication d\u2019accessoires pour kiosques et abribus"},"content":{"rendered":"<h2>Fabrication de pi\u00e8ces sur mesure pour kiosques et abribus<\/h2>\n<p><img loading=\"lazy\" decoding=\"async\" class=\"alignright wp-image-3049\" src=\"https:\/\/www.industri-sl.com\/wp-content\/uploads\/nuevo-quiosco-once-1-300x228.jpg\" alt=\"Fabrication de rideaux sur mesure pour kiosques et abribus\" width=\"450\" height=\"342\" srcset=\"https:\/\/www.industri-sl.com\/wp-content\/uploads\/nuevo-quiosco-once-1-300x228.jpg 300w, https:\/\/www.industri-sl.com\/wp-content\/uploads\/nuevo-quiosco-once-1-768x584.jpg 768w, https:\/\/www.industri-sl.com\/wp-content\/uploads\/nuevo-quiosco-once-1.jpg 800w\" sizes=\"auto, (max-width: 450px) 100vw, 450px\" \/><\/p>\n<p>INDUSTRI poss\u00e8de <a href=\"https:\/\/www.industri-sl.com\/fr\/nous\/\">plus de 60 ans d\u2019exp\u00e9rience<\/a> en conception et fabrication de pi\u00e8ces d\u00e9tach\u00e9es et de rechange sur mesure pour les v\u00e9hicules, les machines et les \u00e9quipements urbains.<\/p>\n<p>INDUSTRI a \u00e9t\u00e9 charg\u00e9e par <strong>l\u2019organisation ONCE<\/strong> (organisation espagnole des personnes non voyantes) de cr\u00e9er et de produire sur mesure les rideaux de ses nouveaux kiosques, pr\u00e9sent\u00e9s au mois de juillet \u00e0 Madrid. Ces kiosques pr\u00e9sentent de multiples am\u00e9liorations par rapport \u00e0 leur version pr\u00e9c\u00e9dente, et parmi elles, les rideaux qui recouvrent la grande surface vitr\u00e9e. Ces rideaux \u00e0 enroulement m\u00e9canique qui couvrent toute la surface vitr\u00e9e de la cabine ont \u00e9t\u00e9 con\u00e7us et <a href=\"https:\/\/www.industri-sl.com\/fr\/ingenierie\/\">fabriqu\u00e9s sur mesure par INDUSTRI<\/a> pour contribuer au contr\u00f4le de la temp\u00e9rature et \u00e0 un meilleur confort des travailleurs.<\/p>\n<p>En dehors des kiosques de la ONCE, INDUSTRI con\u00e7oit et fabrique aussi des <strong>accessoires de mobilier urbain<\/strong> tels que des abribus pour les arr\u00eats d\u2019autobus, des abris pour prot\u00e9ger l\u2019entr\u00e9e d\u2019immeubles ou pour des zones de parking.<\/p>\n<h2>Quel type de rideaux fabriquons-nous pour les kiosques et les abribus?<\/h2>\n<h3>Rideaux \u00e0 frein auto-bloquant<\/h3>\n<p><img loading=\"lazy\" decoding=\"async\" class=\"alignright wp-image-2156 size-medium\" src=\"https:\/\/www.industri-sl.com\/wp-content\/uploads\/cortina-autofrenada-2-2-300x225.jpg\" alt=\"Fabrication de rideaux sur mesure pour kiosques et abribus\" width=\"300\" height=\"225\" srcset=\"https:\/\/www.industri-sl.com\/wp-content\/uploads\/cortina-autofrenada-2-2-300x225.jpg 300w, https:\/\/www.industri-sl.com\/wp-content\/uploads\/cortina-autofrenada-2-2-768x576.jpg 768w, https:\/\/www.industri-sl.com\/wp-content\/uploads\/cortina-autofrenada-2-2.jpg 800w\" sizes=\"auto, (max-width: 300px) 100vw, 300px\" \/><\/p>\n<p>Ce mod\u00e8le de rideau pr\u00e9sente <strong>une dur\u00e9e de vie utile sup\u00e9rieure<\/strong> au reste car il s\u2019enroule sans \u00e0-coups lorsque l&rsquo;usager le l\u00e2che brusquement.<\/p>\n<p>Consultez notre <strong>large gamme de tissus et coloris<\/strong>, ainsi que les accessoires qui peuvent accompagner nos rideaux \u00e0 frein auto-bloquant.<\/p>\n<h3>Rideaux pantographes<\/h3>\n<p><img loading=\"lazy\" decoding=\"async\" class=\"alignright wp-image-2363 size-medium\" src=\"https:\/\/www.industri-sl.com\/wp-content\/uploads\/cortina-london-1-3-e1576738920996-300x193.jpg\" alt=\"Fabrication de rideaux sur mesure pour kiosques et abribus\" width=\"300\" height=\"193\" srcset=\"https:\/\/www.industri-sl.com\/wp-content\/uploads\/cortina-london-1-3-e1576738920996-300x193.jpg 300w, https:\/\/www.industri-sl.com\/wp-content\/uploads\/cortina-london-1-3-e1576738920996-768x495.jpg 768w, https:\/\/www.industri-sl.com\/wp-content\/uploads\/cortina-london-1-3-e1576738920996.jpg 792w\" sizes=\"auto, (max-width: 300px) 100vw, 300px\" \/><\/p>\n<p>Gr\u00e2ce \u00e0 un syst\u00e8me d\u00e9velopp\u00e9 par <strong>notre service RDI<\/strong>, ces rideaux peuvent \u00eatre install\u00e9s suivant diff\u00e9rents angles en fonction des besoins.<\/p>\n<p>Les rideaux pantographes \u00e9lectriques int\u00e8grent un syst\u00e8me de bras ciseaux \u00e0 l\u2019arri\u00e8re qui remplacent les baguettes de guidage lat\u00e9rales. Les moteurs utilis\u00e9s sont <strong>des moteurs silencieux de 24 V<\/strong>, avec des fins de course de mont\u00e9e et descente programmables. Le boitier est en aluminium laqu\u00e9 gris.<\/p>\n<p>En dehors du mod\u00e8le \u00e0 bras ciseaux, nous offrons aussi un mod\u00e8le avec <strong>des bras en forme de croix<\/strong>.<\/p>\n<h3>Rideaux enrouleurs \u00e9lectriques<\/h3>\n<p><img loading=\"lazy\" decoding=\"async\" class=\"alignright wp-image-2076 size-medium\" src=\"https:\/\/www.industri-sl.com\/wp-content\/uploads\/cortina-electrica-enrollable-2-2-300x225.jpg\" alt=\"Fabrication de rideaux sur mesure pour kiosques et abribus\" width=\"300\" height=\"225\" srcset=\"https:\/\/www.industri-sl.com\/wp-content\/uploads\/cortina-electrica-enrollable-2-2-300x225.jpg 300w, https:\/\/www.industri-sl.com\/wp-content\/uploads\/cortina-electrica-enrollable-2-2-768x576.jpg 768w, https:\/\/www.industri-sl.com\/wp-content\/uploads\/cortina-electrica-enrollable-2-2.jpg 800w\" sizes=\"auto, (max-width: 300px) 100vw, 300px\" \/><\/p>\n<p>Les rideaux enrouleurs \u00e9lectriques utilisent diff\u00e9rents types de moteurs suivant l\u2019utilisation \u00e0 laquelle ils sont destin\u00e9s. En g\u00e9n\u00e9ral, INDUSTRI utilise un moteur tubulaire. Ces rideaux sont fabriqu\u00e9s <strong>avec un boitier ext\u00e9rieur en aluminium<\/strong> mais peuvent aussi \u00eatre livr\u00e9s sans boitier.<\/p>\n<p>INDUSTRI met \u00e0 votre disposition <strong>un catalogue complet de tissus<\/strong> \u2013tous ignifuges\u2013 dans diff\u00e9rents grammages et coloris.<\/p>\n<h3>Rideaux m\u00e9caniques<\/h3>\n<p><img loading=\"lazy\" decoding=\"async\" class=\"alignright wp-image-2813 size-medium\" src=\"https:\/\/www.industri-sl.com\/wp-content\/uploads\/cortina-mecanica-2-3-300x225.jpg\" alt=\"Fabrication de rideaux sur mesure pour kiosques et abribus\" width=\"300\" height=\"225\" srcset=\"https:\/\/www.industri-sl.com\/wp-content\/uploads\/cortina-mecanica-2-3-300x225.jpg 300w, https:\/\/www.industri-sl.com\/wp-content\/uploads\/cortina-mecanica-2-3-768x576.jpg 768w, https:\/\/www.industri-sl.com\/wp-content\/uploads\/cortina-mecanica-2-3.jpg 800w\" sizes=\"auto, (max-width: 300px) 100vw, 300px\" \/><\/p>\n<p>Les rideaux \u00e0 <strong>commande m\u00e9canique<\/strong> sont dot\u00e9s d\u2019un m\u00e9canisme avec un cordon pour pouvoir les remonter. Ce m\u00e9canisme peut \u00eatre situ\u00e9 \u00e0 droite ou \u00e0 gauche du rideau.<\/p>\n<p>Les rideaux sont fournis avec un boitier ext\u00e9rieur en aluminium anodis\u00e9 de couleur noire mate qui prot\u00e8ge le tissu, mais peuvent \u00eatre fabriqu\u00e9s aussi sans boitier. Dans ce cas, ils ne sont pas pourvus du m\u00e9canisme indiqu\u00e9 plus haut et <strong>leur mouvement est libre<\/strong>.<\/p>\n<p>De m\u00eame, nos rideaux \u00e0 commande m\u00e9canique peuvent comporter une bande opaque dans la partie inf\u00e9rieure <strong>pour prot\u00e9ger des rayons du soleil<\/strong>. On peut \u00e9galement leur ajouter une languette centrale pour leur manipulation.<\/p>\n","protected":false},"excerpt":{"rendered":"<p>Fabrication de pi\u00e8ces sur mesure pour kiosques et abribus INDUSTRI poss\u00e8de plus de 60 ans d\u2019exp\u00e9rience en conception et fabrication de pi\u00e8ces d\u00e9tach\u00e9es et de rechange sur mesure pour les v\u00e9hicules, les machines et les \u00e9quipements urbains. INDUSTRI a \u00e9t\u00e9 charg\u00e9e par l\u2019organisation ONCE (organisation espagnole des personnes non voyantes) de cr\u00e9er et de produire [&hellip;]<\/p>\n","protected":false},"author":3,"featured_media":0,"parent":9301,"menu_order":0,"comment_status":"closed","ping_status":"closed","template":"page-vehiculos.php","meta":{"footnotes":""},"class_list":["post-9305","page","type-page","status-publish","hentry"],"yoast_head":"<!-- This site is optimized with the Yoast SEO plugin v27.5 - https:\/\/yoast.com\/product\/yoast-seo-wordpress\/ -->\n<title>Pi\u00e8ces d\u00e9tach\u00e9es et de rechange sur mesure pour kiosques et abribus - INDUSTRI<\/title>\n<meta name=\"description\" content=\"INDUSTRI con\u00e7oit et fabrique des pi\u00e8ces d\u00e9tach\u00e9es et de rechange sur mesure pour les kiosques, abribus et abris divers, telles que rideaux \u00e9lectriques ou m\u00e9caniques, entre autres.\" \/>\n<meta name=\"robots\" content=\"index, follow, max-snippet:-1, max-image-preview:large, max-video-preview:-1\" \/>\n<link rel=\"canonical\" href=\"https:\/\/www.industri-sl.com\/fr\/urban\/abribus\/\" \/>\n<meta property=\"og:locale\" content=\"fr_FR\" \/>\n<meta property=\"og:type\" content=\"article\" \/>\n<meta property=\"og:title\" content=\"Pi\u00e8ces d\u00e9tach\u00e9es et de rechange sur mesure pour kiosques et abribus - INDUSTRI\" \/>\n<meta property=\"og:description\" content=\"INDUSTRI con\u00e7oit et fabrique des pi\u00e8ces d\u00e9tach\u00e9es et de rechange sur mesure pour les kiosques, abribus et abris divers, telles que rideaux \u00e9lectriques ou m\u00e9caniques, entre autres.\" \/>\n<meta property=\"og:url\" content=\"https:\/\/www.industri-sl.com\/fr\/urban\/abribus\/\" \/>\n<meta property=\"og:site_name\" content=\"Industri SL\" \/>\n<meta property=\"article:modified_time\" content=\"2020-01-29T09:56:05+00:00\" \/>\n<meta property=\"og:image\" content=\"https:\/\/www.industri-sl.com\/wp-content\/uploads\/nuevo-quiosco-once-1-300x228.jpg\" \/>\n<meta name=\"twitter:card\" content=\"summary_large_image\" \/>\n<meta name=\"twitter:label1\" content=\"Dur\u00e9e de lecture estim\u00e9e\" \/>\n\t<meta name=\"twitter:data1\" content=\"3 minutes\" \/>\n<script type=\"application\/ld+json\" class=\"yoast-schema-graph\">{\"@context\":\"https:\\\/\\\/schema.org\",\"@graph\":[{\"@type\":\"WebPage\",\"@id\":\"https:\\\/\\\/www.industri-sl.com\\\/fr\\\/urban\\\/abribus\\\/\",\"url\":\"https:\\\/\\\/www.industri-sl.com\\\/fr\\\/urban\\\/abribus\\\/\",\"name\":\"Pi\u00e8ces d\u00e9tach\u00e9es et de rechange sur mesure pour kiosques et abribus - INDUSTRI\",\"isPartOf\":{\"@id\":\"https:\\\/\\\/www.industri-sl.com\\\/fr\\\/#website\"},\"primaryImageOfPage\":{\"@id\":\"https:\\\/\\\/www.industri-sl.com\\\/fr\\\/urban\\\/abribus\\\/#primaryimage\"},\"image\":{\"@id\":\"https:\\\/\\\/www.industri-sl.com\\\/fr\\\/urban\\\/abribus\\\/#primaryimage\"},\"thumbnailUrl\":\"https:\\\/\\\/www.industri-sl.com\\\/wp-content\\\/uploads\\\/nuevo-quiosco-once-1-300x228.jpg\",\"datePublished\":\"2019-11-11T13:35:36+00:00\",\"dateModified\":\"2020-01-29T09:56:05+00:00\",\"description\":\"INDUSTRI con\u00e7oit et fabrique des pi\u00e8ces d\u00e9tach\u00e9es et de rechange sur mesure pour les kiosques, abribus et abris divers, telles que rideaux \u00e9lectriques ou m\u00e9caniques, entre autres.\",\"breadcrumb\":{\"@id\":\"https:\\\/\\\/www.industri-sl.com\\\/fr\\\/urban\\\/abribus\\\/#breadcrumb\"},\"inLanguage\":\"fr-FR\",\"potentialAction\":[{\"@type\":\"ReadAction\",\"target\":[\"https:\\\/\\\/www.industri-sl.com\\\/fr\\\/urban\\\/abribus\\\/\"]}]},{\"@type\":\"ImageObject\",\"inLanguage\":\"fr-FR\",\"@id\":\"https:\\\/\\\/www.industri-sl.com\\\/fr\\\/urban\\\/abribus\\\/#primaryimage\",\"url\":\"https:\\\/\\\/www.industri-sl.com\\\/wp-content\\\/uploads\\\/nuevo-quiosco-once-1-300x228.jpg\",\"contentUrl\":\"https:\\\/\\\/www.industri-sl.com\\\/wp-content\\\/uploads\\\/nuevo-quiosco-once-1-300x228.jpg\"},{\"@type\":\"BreadcrumbList\",\"@id\":\"https:\\\/\\\/www.industri-sl.com\\\/fr\\\/urban\\\/abribus\\\/#breadcrumb\",\"itemListElement\":[{\"@type\":\"ListItem\",\"position\":1,\"name\":\"Inicio\",\"item\":\"https:\\\/\\\/www.industri-sl.com\\\/fr\\\/\"},{\"@type\":\"ListItem\",\"position\":2,\"name\":\"Divisi\u00f3n Urban\",\"item\":\"https:\\\/\\\/www.industri-sl.com\\\/fr\\\/urban\\\/\"},{\"@type\":\"ListItem\",\"position\":3,\"name\":\"Fabrication d\u2019accessoires pour kiosques et abribus\"}]},{\"@type\":\"WebSite\",\"@id\":\"https:\\\/\\\/www.industri-sl.com\\\/fr\\\/#website\",\"url\":\"https:\\\/\\\/www.industri-sl.com\\\/fr\\\/\",\"name\":\"Industri SL\",\"description\":\"\",\"publisher\":{\"@id\":\"https:\\\/\\\/www.industri-sl.com\\\/fr\\\/#organization\"},\"potentialAction\":[{\"@type\":\"SearchAction\",\"target\":{\"@type\":\"EntryPoint\",\"urlTemplate\":\"https:\\\/\\\/www.industri-sl.com\\\/fr\\\/?s={search_term_string}\"},\"query-input\":{\"@type\":\"PropertyValueSpecification\",\"valueRequired\":true,\"valueName\":\"search_term_string\"}}],\"inLanguage\":\"fr-FR\"},{\"@type\":\"Organization\",\"@id\":\"https:\\\/\\\/www.industri-sl.com\\\/fr\\\/#organization\",\"name\":\"Industri SL\",\"url\":\"https:\\\/\\\/www.industri-sl.com\\\/fr\\\/\",\"logo\":{\"@type\":\"ImageObject\",\"inLanguage\":\"fr-FR\",\"@id\":\"https:\\\/\\\/www.industri-sl.com\\\/fr\\\/#\\\/schema\\\/logo\\\/image\\\/\",\"url\":\"https:\\\/\\\/www.industri-sl.com\\\/wp-content\\\/uploads\\\/industri-logo.png\",\"contentUrl\":\"https:\\\/\\\/www.industri-sl.com\\\/wp-content\\\/uploads\\\/industri-logo.png\",\"width\":248,\"height\":45,\"caption\":\"Industri SL\"},\"image\":{\"@id\":\"https:\\\/\\\/www.industri-sl.com\\\/fr\\\/#\\\/schema\\\/logo\\\/image\\\/\"}}]}<\/script>\n<!-- \/ Yoast SEO plugin. -->","yoast_head_json":{"title":"Pi\u00e8ces d\u00e9tach\u00e9es et de rechange sur mesure pour kiosques et abribus - INDUSTRI","description":"INDUSTRI con\u00e7oit et fabrique des pi\u00e8ces d\u00e9tach\u00e9es et de rechange sur mesure pour les kiosques, abribus et abris divers, telles que rideaux \u00e9lectriques ou m\u00e9caniques, entre autres.","robots":{"index":"index","follow":"follow","max-snippet":"max-snippet:-1","max-image-preview":"max-image-preview:large","max-video-preview":"max-video-preview:-1"},"canonical":"https:\/\/www.industri-sl.com\/fr\/urban\/abribus\/","og_locale":"fr_FR","og_type":"article","og_title":"Pi\u00e8ces d\u00e9tach\u00e9es et de rechange sur mesure pour kiosques et abribus - INDUSTRI","og_description":"INDUSTRI con\u00e7oit et fabrique des pi\u00e8ces d\u00e9tach\u00e9es et de rechange sur mesure pour les kiosques, abribus et abris divers, telles que rideaux \u00e9lectriques ou m\u00e9caniques, entre autres.","og_url":"https:\/\/www.industri-sl.com\/fr\/urban\/abribus\/","og_site_name":"Industri SL","article_modified_time":"2020-01-29T09:56:05+00:00","og_image":[{"url":"https:\/\/www.industri-sl.com\/wp-content\/uploads\/nuevo-quiosco-once-1-300x228.jpg","type":"","width":"","height":""}],"twitter_card":"summary_large_image","twitter_misc":{"Dur\u00e9e de lecture estim\u00e9e":"3 minutes"},"schema":{"@context":"https:\/\/schema.org","@graph":[{"@type":"WebPage","@id":"https:\/\/www.industri-sl.com\/fr\/urban\/abribus\/","url":"https:\/\/www.industri-sl.com\/fr\/urban\/abribus\/","name":"Pi\u00e8ces d\u00e9tach\u00e9es et de rechange sur mesure pour kiosques et abribus - INDUSTRI","isPartOf":{"@id":"https:\/\/www.industri-sl.com\/fr\/#website"},"primaryImageOfPage":{"@id":"https:\/\/www.industri-sl.com\/fr\/urban\/abribus\/#primaryimage"},"image":{"@id":"https:\/\/www.industri-sl.com\/fr\/urban\/abribus\/#primaryimage"},"thumbnailUrl":"https:\/\/www.industri-sl.com\/wp-content\/uploads\/nuevo-quiosco-once-1-300x228.jpg","datePublished":"2019-11-11T13:35:36+00:00","dateModified":"2020-01-29T09:56:05+00:00","description":"INDUSTRI con\u00e7oit et fabrique des pi\u00e8ces d\u00e9tach\u00e9es et de rechange sur mesure pour les kiosques, abribus et abris divers, telles que rideaux \u00e9lectriques ou m\u00e9caniques, entre autres.","breadcrumb":{"@id":"https:\/\/www.industri-sl.com\/fr\/urban\/abribus\/#breadcrumb"},"inLanguage":"fr-FR","potentialAction":[{"@type":"ReadAction","target":["https:\/\/www.industri-sl.com\/fr\/urban\/abribus\/"]}]},{"@type":"ImageObject","inLanguage":"fr-FR","@id":"https:\/\/www.industri-sl.com\/fr\/urban\/abribus\/#primaryimage","url":"https:\/\/www.industri-sl.com\/wp-content\/uploads\/nuevo-quiosco-once-1-300x228.jpg","contentUrl":"https:\/\/www.industri-sl.com\/wp-content\/uploads\/nuevo-quiosco-once-1-300x228.jpg"},{"@type":"BreadcrumbList","@id":"https:\/\/www.industri-sl.com\/fr\/urban\/abribus\/#breadcrumb","itemListElement":[{"@type":"ListItem","position":1,"name":"Inicio","item":"https:\/\/www.industri-sl.com\/fr\/"},{"@type":"ListItem","position":2,"name":"Divisi\u00f3n Urban","item":"https:\/\/www.industri-sl.com\/fr\/urban\/"},{"@type":"ListItem","position":3,"name":"Fabrication d\u2019accessoires pour kiosques et abribus"}]},{"@type":"WebSite","@id":"https:\/\/www.industri-sl.com\/fr\/#website","url":"https:\/\/www.industri-sl.com\/fr\/","name":"Industri SL","description":"","publisher":{"@id":"https:\/\/www.industri-sl.com\/fr\/#organization"},"potentialAction":[{"@type":"SearchAction","target":{"@type":"EntryPoint","urlTemplate":"https:\/\/www.industri-sl.com\/fr\/?s={search_term_string}"},"query-input":{"@type":"PropertyValueSpecification","valueRequired":true,"valueName":"search_term_string"}}],"inLanguage":"fr-FR"},{"@type":"Organization","@id":"https:\/\/www.industri-sl.com\/fr\/#organization","name":"Industri SL","url":"https:\/\/www.industri-sl.com\/fr\/","logo":{"@type":"ImageObject","inLanguage":"fr-FR","@id":"https:\/\/www.industri-sl.com\/fr\/#\/schema\/logo\/image\/","url":"https:\/\/www.industri-sl.com\/wp-content\/uploads\/industri-logo.png","contentUrl":"https:\/\/www.industri-sl.com\/wp-content\/uploads\/industri-logo.png","width":248,"height":45,"caption":"Industri SL"},"image":{"@id":"https:\/\/www.industri-sl.com\/fr\/#\/schema\/logo\/image\/"}}]}},"_links":{"self":[{"href":"https:\/\/www.industri-sl.com\/fr\/wp-json\/wp\/v2\/pages\/9305","targetHints":{"allow":["GET"]}}],"collection":[{"href":"https:\/\/www.industri-sl.com\/fr\/wp-json\/wp\/v2\/pages"}],"about":[{"href":"https:\/\/www.industri-sl.com\/fr\/wp-json\/wp\/v2\/types\/page"}],"author":[{"embeddable":true,"href":"https:\/\/www.industri-sl.com\/fr\/wp-json\/wp\/v2\/users\/3"}],"replies":[{"embeddable":true,"href":"https:\/\/www.industri-sl.com\/fr\/wp-json\/wp\/v2\/comments?post=9305"}],"version-history":[{"count":0,"href":"https:\/\/www.industri-sl.com\/fr\/wp-json\/wp\/v2\/pages\/9305\/revisions"}],"up":[{"embeddable":true,"href":"https:\/\/www.industri-sl.com\/fr\/wp-json\/wp\/v2\/pages\/9301"}],"wp:attachment":[{"href":"https:\/\/www.industri-sl.com\/fr\/wp-json\/wp\/v2\/media?parent=9305"}],"curies":[{"name":"wp","href":"https:\/\/api.w.org\/{rel}","templated":true}]}}