{"id":9301,"date":"2019-11-11T14:31:09","date_gmt":"2019-11-11T13:31:09","guid":{"rendered":"https:\/\/www.industri-sl.com\/urban\/"},"modified":"2020-01-29T10:51:26","modified_gmt":"2020-01-29T09:51:26","slug":"urban","status":"publish","type":"page","link":"https:\/\/www.industri-sl.com\/fr\/urban\/","title":{"rendered":"Divisi\u00f3n Urban"},"content":{"rendered":"<h1>Division Urban<\/h1>\n<p>INDUSTRI poss\u00e8de <strong>plus de 60 ans<\/strong> d\u2019exp\u00e9rience en conception et fabrication de pi\u00e8ces d\u00e9tach\u00e9es et de rechange sur mesure pour les v\u00e9hicules, les machines et les \u00e9quipements urbains. <\/p>\n<p>Nous concevons, prototypons et fabriquons des rideaux m\u00e9caniques et \u00e9lectriques, ainsi que des r\u00e9troviseurs int\u00e9rieurs et ext\u00e9rieurs pour tout type d\u2019\u00e9quipements et v\u00e9hicules urbains, tels que kiosques, abribus et abris divers, ainsi que v\u00e9hicules de nettoyage de voirie. <\/p>\n<p>Notre \u00e9quipe d\u2019ing\u00e9nieurs peut adapter n\u2019importe quel accessoire aux sp\u00e9cificit\u00e9s techniques du projet ou d\u00e9velopper la pi\u00e8ce dans son int\u00e9gralit\u00e9. <\/p>\n<h4>Notre offre<\/h4>\n<div><a class=\"boton\" href=\"#primary\">FABRICATION SUR MESURE<\/a> <a class=\"boton\" href=\"#servicios-ingenieria\">SERVICES D\u2019INGENIERIE<\/a><\/div>\n","protected":false},"excerpt":{"rendered":"<p>Division Urban INDUSTRI poss\u00e8de plus de 60 ans d\u2019exp\u00e9rience en conception et fabrication de pi\u00e8ces d\u00e9tach\u00e9es et de rechange sur mesure pour les v\u00e9hicules, les machines et les \u00e9quipements urbains. Nous concevons, prototypons et fabriquons des rideaux m\u00e9caniques et \u00e9lectriques, ainsi que des r\u00e9troviseurs int\u00e9rieurs et ext\u00e9rieurs pour tout type d\u2019\u00e9quipements et v\u00e9hicules urbains, tels [&hellip;]<\/p>\n","protected":false},"author":3,"featured_media":0,"parent":0,"menu_order":0,"comment_status":"closed","ping_status":"closed","template":"page-urban.php","meta":{"footnotes":""},"class_list":["post-9301","page","type-page","status-publish","hentry"],"yoast_head":"<!-- This site is optimized with the Yoast SEO plugin v27.5 - https:\/\/yoast.com\/product\/yoast-seo-wordpress\/ -->\n<title>Division Urban - INDUSTRI<\/title>\n<meta name=\"description\" content=\"INDUSTRI se charge de la conception, du prototypage et de la fabrication de pi\u00e8ces d\u00e9tach\u00e9es et de rechange sur mesure pour le mobilier et les v\u00e9hicules urbains, tels que kiosques, abribus ou abris divers, entre autres.\" \/>\n<meta name=\"robots\" content=\"index, follow, max-snippet:-1, max-image-preview:large, max-video-preview:-1\" \/>\n<link rel=\"canonical\" href=\"https:\/\/www.industri-sl.com\/fr\/urban\/\" \/>\n<meta property=\"og:locale\" content=\"fr_FR\" \/>\n<meta property=\"og:type\" content=\"article\" \/>\n<meta property=\"og:title\" content=\"Division Urban - INDUSTRI\" \/>\n<meta property=\"og:description\" content=\"INDUSTRI se charge de la conception, du prototypage et de la fabrication de pi\u00e8ces d\u00e9tach\u00e9es et de rechange sur mesure pour le mobilier et les v\u00e9hicules urbains, tels que kiosques, abribus ou abris divers, entre autres.\" \/>\n<meta property=\"og:url\" content=\"https:\/\/www.industri-sl.com\/fr\/urban\/\" \/>\n<meta property=\"og:site_name\" content=\"Industri SL\" \/>\n<meta property=\"article:modified_time\" content=\"2020-01-29T09:51:26+00:00\" \/>\n<meta name=\"twitter:card\" content=\"summary_large_image\" \/>\n<meta name=\"twitter:label1\" content=\"Dur\u00e9e de lecture estim\u00e9e\" \/>\n\t<meta name=\"twitter:data1\" content=\"1 minute\" \/>\n<script type=\"application\/ld+json\" class=\"yoast-schema-graph\">{\"@context\":\"https:\\\/\\\/schema.org\",\"@graph\":[{\"@type\":\"WebPage\",\"@id\":\"https:\\\/\\\/www.industri-sl.com\\\/fr\\\/urban\\\/\",\"url\":\"https:\\\/\\\/www.industri-sl.com\\\/fr\\\/urban\\\/\",\"name\":\"Division Urban - INDUSTRI\",\"isPartOf\":{\"@id\":\"https:\\\/\\\/www.industri-sl.com\\\/fr\\\/#website\"},\"datePublished\":\"2019-11-11T13:31:09+00:00\",\"dateModified\":\"2020-01-29T09:51:26+00:00\",\"description\":\"INDUSTRI se charge de la conception, du prototypage et de la fabrication de pi\u00e8ces d\u00e9tach\u00e9es et de rechange sur mesure pour le mobilier et les v\u00e9hicules urbains, tels que kiosques, abribus ou abris divers, entre autres.\",\"breadcrumb\":{\"@id\":\"https:\\\/\\\/www.industri-sl.com\\\/fr\\\/urban\\\/#breadcrumb\"},\"inLanguage\":\"fr-FR\",\"potentialAction\":[{\"@type\":\"ReadAction\",\"target\":[\"https:\\\/\\\/www.industri-sl.com\\\/fr\\\/urban\\\/\"]}]},{\"@type\":\"BreadcrumbList\",\"@id\":\"https:\\\/\\\/www.industri-sl.com\\\/fr\\\/urban\\\/#breadcrumb\",\"itemListElement\":[{\"@type\":\"ListItem\",\"position\":1,\"name\":\"Inicio\",\"item\":\"https:\\\/\\\/www.industri-sl.com\\\/fr\\\/\"},{\"@type\":\"ListItem\",\"position\":2,\"name\":\"Divisi\u00f3n Urban\"}]},{\"@type\":\"WebSite\",\"@id\":\"https:\\\/\\\/www.industri-sl.com\\\/fr\\\/#website\",\"url\":\"https:\\\/\\\/www.industri-sl.com\\\/fr\\\/\",\"name\":\"Industri SL\",\"description\":\"\",\"publisher\":{\"@id\":\"https:\\\/\\\/www.industri-sl.com\\\/fr\\\/#organization\"},\"potentialAction\":[{\"@type\":\"SearchAction\",\"target\":{\"@type\":\"EntryPoint\",\"urlTemplate\":\"https:\\\/\\\/www.industri-sl.com\\\/fr\\\/?s={search_term_string}\"},\"query-input\":{\"@type\":\"PropertyValueSpecification\",\"valueRequired\":true,\"valueName\":\"search_term_string\"}}],\"inLanguage\":\"fr-FR\"},{\"@type\":\"Organization\",\"@id\":\"https:\\\/\\\/www.industri-sl.com\\\/fr\\\/#organization\",\"name\":\"Industri SL\",\"url\":\"https:\\\/\\\/www.industri-sl.com\\\/fr\\\/\",\"logo\":{\"@type\":\"ImageObject\",\"inLanguage\":\"fr-FR\",\"@id\":\"https:\\\/\\\/www.industri-sl.com\\\/fr\\\/#\\\/schema\\\/logo\\\/image\\\/\",\"url\":\"https:\\\/\\\/www.industri-sl.com\\\/wp-content\\\/uploads\\\/industri-logo.png\",\"contentUrl\":\"https:\\\/\\\/www.industri-sl.com\\\/wp-content\\\/uploads\\\/industri-logo.png\",\"width\":248,\"height\":45,\"caption\":\"Industri SL\"},\"image\":{\"@id\":\"https:\\\/\\\/www.industri-sl.com\\\/fr\\\/#\\\/schema\\\/logo\\\/image\\\/\"}}]}<\/script>\n<!-- \/ Yoast SEO plugin. -->","yoast_head_json":{"title":"Division Urban - INDUSTRI","description":"INDUSTRI se charge de la conception, du prototypage et de la fabrication de pi\u00e8ces d\u00e9tach\u00e9es et de rechange sur mesure pour le mobilier et les v\u00e9hicules urbains, tels que kiosques, abribus ou abris divers, entre autres.","robots":{"index":"index","follow":"follow","max-snippet":"max-snippet:-1","max-image-preview":"max-image-preview:large","max-video-preview":"max-video-preview:-1"},"canonical":"https:\/\/www.industri-sl.com\/fr\/urban\/","og_locale":"fr_FR","og_type":"article","og_title":"Division Urban - INDUSTRI","og_description":"INDUSTRI se charge de la conception, du prototypage et de la fabrication de pi\u00e8ces d\u00e9tach\u00e9es et de rechange sur mesure pour le mobilier et les v\u00e9hicules urbains, tels que kiosques, abribus ou abris divers, entre autres.","og_url":"https:\/\/www.industri-sl.com\/fr\/urban\/","og_site_name":"Industri SL","article_modified_time":"2020-01-29T09:51:26+00:00","twitter_card":"summary_large_image","twitter_misc":{"Dur\u00e9e de lecture estim\u00e9e":"1 minute"},"schema":{"@context":"https:\/\/schema.org","@graph":[{"@type":"WebPage","@id":"https:\/\/www.industri-sl.com\/fr\/urban\/","url":"https:\/\/www.industri-sl.com\/fr\/urban\/","name":"Division Urban - INDUSTRI","isPartOf":{"@id":"https:\/\/www.industri-sl.com\/fr\/#website"},"datePublished":"2019-11-11T13:31:09+00:00","dateModified":"2020-01-29T09:51:26+00:00","description":"INDUSTRI se charge de la conception, du prototypage et de la fabrication de pi\u00e8ces d\u00e9tach\u00e9es et de rechange sur mesure pour le mobilier et les v\u00e9hicules urbains, tels que kiosques, abribus ou abris divers, entre autres.","breadcrumb":{"@id":"https:\/\/www.industri-sl.com\/fr\/urban\/#breadcrumb"},"inLanguage":"fr-FR","potentialAction":[{"@type":"ReadAction","target":["https:\/\/www.industri-sl.com\/fr\/urban\/"]}]},{"@type":"BreadcrumbList","@id":"https:\/\/www.industri-sl.com\/fr\/urban\/#breadcrumb","itemListElement":[{"@type":"ListItem","position":1,"name":"Inicio","item":"https:\/\/www.industri-sl.com\/fr\/"},{"@type":"ListItem","position":2,"name":"Divisi\u00f3n Urban"}]},{"@type":"WebSite","@id":"https:\/\/www.industri-sl.com\/fr\/#website","url":"https:\/\/www.industri-sl.com\/fr\/","name":"Industri SL","description":"","publisher":{"@id":"https:\/\/www.industri-sl.com\/fr\/#organization"},"potentialAction":[{"@type":"SearchAction","target":{"@type":"EntryPoint","urlTemplate":"https:\/\/www.industri-sl.com\/fr\/?s={search_term_string}"},"query-input":{"@type":"PropertyValueSpecification","valueRequired":true,"valueName":"search_term_string"}}],"inLanguage":"fr-FR"},{"@type":"Organization","@id":"https:\/\/www.industri-sl.com\/fr\/#organization","name":"Industri SL","url":"https:\/\/www.industri-sl.com\/fr\/","logo":{"@type":"ImageObject","inLanguage":"fr-FR","@id":"https:\/\/www.industri-sl.com\/fr\/#\/schema\/logo\/image\/","url":"https:\/\/www.industri-sl.com\/wp-content\/uploads\/industri-logo.png","contentUrl":"https:\/\/www.industri-sl.com\/wp-content\/uploads\/industri-logo.png","width":248,"height":45,"caption":"Industri SL"},"image":{"@id":"https:\/\/www.industri-sl.com\/fr\/#\/schema\/logo\/image\/"}}]}},"_links":{"self":[{"href":"https:\/\/www.industri-sl.com\/fr\/wp-json\/wp\/v2\/pages\/9301","targetHints":{"allow":["GET"]}}],"collection":[{"href":"https:\/\/www.industri-sl.com\/fr\/wp-json\/wp\/v2\/pages"}],"about":[{"href":"https:\/\/www.industri-sl.com\/fr\/wp-json\/wp\/v2\/types\/page"}],"author":[{"embeddable":true,"href":"https:\/\/www.industri-sl.com\/fr\/wp-json\/wp\/v2\/users\/3"}],"replies":[{"embeddable":true,"href":"https:\/\/www.industri-sl.com\/fr\/wp-json\/wp\/v2\/comments?post=9301"}],"version-history":[{"count":0,"href":"https:\/\/www.industri-sl.com\/fr\/wp-json\/wp\/v2\/pages\/9301\/revisions"}],"wp:attachment":[{"href":"https:\/\/www.industri-sl.com\/fr\/wp-json\/wp\/v2\/media?parent=9301"}],"curies":[{"name":"wp","href":"https:\/\/api.w.org\/{rel}","templated":true}]}}