{"id":9299,"date":"2019-11-11T14:23:17","date_gmt":"2019-11-11T13:23:17","guid":{"rendered":"https:\/\/www.industri-sl.com\/transport\/vehicules-speciaux\/escolares\/"},"modified":"2020-01-29T10:49:00","modified_gmt":"2020-01-29T09:49:00","slug":"scolaires","status":"publish","type":"page","link":"https:\/\/www.industri-sl.com\/fr\/transport\/vehicules-speciaux\/scolaires\/","title":{"rendered":"Fabrication d\u2019accessoires pour v\u00e9hicules scolaires"},"content":{"rendered":"<h2>Fabrication de pi\u00e8ces sur mesure pour v\u00e9hicules scolaires<\/h2>\n<p>INDUSTRI fabrique des accessoires sur mesure pour les v\u00e9hicules scolaires: rideaux, r\u00e9troviseurs, toits ouvrants, charni\u00e8res, enjoliveurs, repose-pieds\u2026 Tout ce qui est n\u00e9cessaire pour <strong>assurer la s\u00e9curit\u00e9 et le confort du transport scolaire<\/strong>. Nous n\u2019oublions pas non plus la signalisation obligatoire au transport scolaire puisque nous concevons et fabriquons aussi le signal V10 dans diff\u00e9rents formats et dimensions.<\/p>\n<h3>Nous fabriquons des rideaux de signalisation homologu\u00e9s pour le transport scolaire<\/h3>\n<p>Les rideaux ou signaux destin\u00e9s au transport scolaire <strong>sont des \u00e9l\u00e9ments obligatoires<\/strong> dans tout v\u00e9hicule qui transporte des \u00e9coliers. Nous vous proposons la plaque r\u00e9flectrice ou rideau V10 dans diff\u00e9rentes dimensions et formats: rigide, enroulable et\/ou \u00e0 \u00e9clairage LED.<\/p>\n<p><a class=\"boton\" href=\"https:\/\/www.industri-sl.com\/fr\/transport\/autobus\/scolaire\/\">Plus d\u2019informations<\/a><\/p>\n<div class=\"slider-gallery-wrapper \"><div class=\"slider-gallery\"><div id=\"sliderify-carousel-1\" class=\"owl-carousel\"><div class=\"sliderify-owl-item-inner\"><img decoding=\"async\" src=\"https:\/\/www.industri-sl.com\/wp-content\/uploads\/cortina-autobus-escolar-rigida-1.jpg\"><\/div><div class=\"sliderify-owl-item-inner\"><img decoding=\"async\" src=\"https:\/\/www.industri-sl.com\/wp-content\/uploads\/cortina-1-1.jpg\"><\/div><div class=\"sliderify-owl-item-inner\"><img decoding=\"async\" src=\"https:\/\/www.industri-sl.com\/wp-content\/uploads\/cortina-escolar-led-1.jpg\"><\/div><\/div><!-- .owl-carousel --><\/div><!-- .slider-gallery --><\/div><!-- .slider-gallery-wrapper --><script>\n\t\t\tjQuery(document).ready(function($){\n\t\t\t\tcarousel1 = $('#sliderify-carousel-1');\ncarousel1.imagesLoaded(function(){carousel1.owlCarousel({items:2,\nstagePadding:0,\nnav:1,\nnavText:['<span><\/span><span><\/span>','<span><\/span><span><\/span>'],\ncenter:1,\nloop:1,\nmargin:0,\nautoWidth:false,\nautoHeight:true,\nstageOuterClass:'sliderify-stage-outer',\nstageClass:'sliderify-stage',\nnavContainerClass:'sliderify-nav',\ncontrolsClass:'sliderify-controls',\ndotsClass:'sliderify-dots',\ndotClass:'sliderify-dot',\nonInitialized:function(event){\n\t\t\t\tconsole.log('init');\n\t\t\t},\n});});\n});\n\t\t\t<\/script>\n<h3>Accessoires pour tout type de v\u00e9hicules scolaires<\/h3>\n<p>Le transport scolaire peut \u00eatre effectu\u00e9 dans diff\u00e9rents types de v\u00e9hicules : autobus, minibus et taxis. Quel qu\u2019en soit le type, ils doivent obligatoirement porter la signalisation correspondante, m\u00eame si les exigences l\u00e9gales varient:<\/p>\n<ul>\n<li><strong>V\u00e9hicules jusqu\u2019\u00e0 19 places:<\/strong> la plaque n\u2019est pas n\u00e9cessaire \u00e0 l\u2019avant et le signal arri\u00e8re doit mesurer 20 cm de c\u00f4t\u00e9.<\/li>\n<li><strong>V\u00e9hicules de plus de 19 places et jusqu\u2019\u00e0 10 m\u00e8tres de long:<\/strong> les deux signaux, avant et arri\u00e8re, sont obligatoires et les deux doivent mesurer 20 cm de c\u00f4t\u00e9.<\/li>\n<li><strong>V\u00e9hicules de plus de 10 m\u00e8tres de long:<\/strong> les plaques avant et arri\u00e8re sont obligatoires et doivent mesurer 36 cm de c\u00f4t\u00e9.<\/li>\n<\/ul>\n<p>INDUSTRI vous fournit le signal V10 qu\u2019il vous faut, conform\u00e9ment aux exigences vis\u00e9es par le <strong>R\u00e8glement G\u00e9n\u00e9ral des V\u00e9hicules<\/strong>.<\/p>\n<div class=\"modelos\">\n<h4>Autres v\u00e9hicules pour lesquels nous fabriquons aussi des pi\u00e8ces sur mesure:<\/h4>\n<div class=\"flex\"><a href=\"https:\/\/www.industri-sl.com\/fr\/transport\/vehicules-speciaux\/ambulances\/\"><img loading=\"lazy\" decoding=\"async\" class=\"alignnone wp-image-1740 size-medium\" src=\"https:\/\/www.industri-sl.com\/wp-content\/uploads\/ambulancia-1-1-300x216.jpg\" alt=\"Fabrication de pi\u00e8ces sur mesure pour ambulances\" width=\"300\" height=\"216\" srcset=\"https:\/\/www.industri-sl.com\/wp-content\/uploads\/ambulancia-1-1-300x216.jpg 300w, https:\/\/www.industri-sl.com\/wp-content\/uploads\/ambulancia-1-1-768x552.jpg 768w, https:\/\/www.industri-sl.com\/wp-content\/uploads\/ambulancia-1-1.jpg 800w\" sizes=\"auto, (max-width: 300px) 100vw, 300px\" \/><br \/>\nAmbulances<\/a><br \/>\n<a href=\"https:\/\/www.industri-sl.com\/fr\/transport\/vehicules-speciaux\/police\/\"><img loading=\"lazy\" decoding=\"async\" class=\"alignnone wp-image-1736 size-medium\" src=\"https:\/\/www.industri-sl.com\/wp-content\/uploads\/policia-1-1-300x216.jpg\" alt=\"Fabrication de pi\u00e8ces sur mesure pour v\u00e9hicules de police\" width=\"300\" height=\"216\" srcset=\"https:\/\/www.industri-sl.com\/wp-content\/uploads\/policia-1-1-300x216.jpg 300w, https:\/\/www.industri-sl.com\/wp-content\/uploads\/policia-1-1-768x552.jpg 768w, https:\/\/www.industri-sl.com\/wp-content\/uploads\/policia-1-1.jpg 800w\" sizes=\"auto, (max-width: 300px) 100vw, 300px\" \/><br \/>\nV\u00e9hicules de police<\/a><\/div>\n<\/div>\n","protected":false},"excerpt":{"rendered":"<p>Fabrication de pi\u00e8ces sur mesure pour v\u00e9hicules scolaires INDUSTRI fabrique des accessoires sur mesure pour les v\u00e9hicules scolaires: rideaux, r\u00e9troviseurs, toits ouvrants, charni\u00e8res, enjoliveurs, repose-pieds\u2026 Tout ce qui est n\u00e9cessaire pour assurer la s\u00e9curit\u00e9 et le confort du transport scolaire. Nous n\u2019oublions pas non plus la signalisation obligatoire au transport scolaire puisque nous concevons et [&hellip;]<\/p>\n","protected":false},"author":3,"featured_media":0,"parent":9293,"menu_order":0,"comment_status":"closed","ping_status":"closed","template":"page-vehiculos.php","meta":{"footnotes":""},"class_list":["post-9299","page","type-page","status-publish","hentry"],"yoast_head":"<!-- This site is optimized with the Yoast SEO plugin v27.5 - https:\/\/yoast.com\/product\/yoast-seo-wordpress\/ -->\n<title>Fabrication de pi\u00e8ces sur mesure pour v\u00e9hicules scolaires - INDUSTRI<\/title>\n<meta name=\"description\" content=\"Chez INDUSTRI, nous concevons et fabriquons des pi\u00e8ces sur mesure pour les v\u00e9hicules scolaires, telles que r\u00e9troviseurs ou rideaux, entre autres.\" \/>\n<meta name=\"robots\" content=\"index, follow, max-snippet:-1, max-image-preview:large, max-video-preview:-1\" \/>\n<link rel=\"canonical\" href=\"https:\/\/www.industri-sl.com\/fr\/transport\/vehicules-speciaux\/scolaires\/\" \/>\n<meta property=\"og:locale\" content=\"fr_FR\" \/>\n<meta property=\"og:type\" content=\"article\" \/>\n<meta property=\"og:title\" content=\"Fabrication de pi\u00e8ces sur mesure pour v\u00e9hicules scolaires - INDUSTRI\" \/>\n<meta property=\"og:description\" content=\"Chez INDUSTRI, nous concevons et fabriquons des pi\u00e8ces sur mesure pour les v\u00e9hicules scolaires, telles que r\u00e9troviseurs ou rideaux, entre autres.\" \/>\n<meta property=\"og:url\" content=\"https:\/\/www.industri-sl.com\/fr\/transport\/vehicules-speciaux\/scolaires\/\" \/>\n<meta property=\"og:site_name\" content=\"Industri SL\" \/>\n<meta property=\"article:modified_time\" content=\"2020-01-29T09:49:00+00:00\" \/>\n<meta property=\"og:image\" content=\"https:\/\/www.industri-sl.com\/wp-content\/uploads\/cortina-autobus-escolar-rigida-1.jpg\" \/>\n<meta name=\"twitter:card\" content=\"summary_large_image\" \/>\n<meta name=\"twitter:label1\" content=\"Dur\u00e9e de lecture estim\u00e9e\" \/>\n\t<meta name=\"twitter:data1\" content=\"2 minutes\" \/>\n<script type=\"application\/ld+json\" class=\"yoast-schema-graph\">{\"@context\":\"https:\\\/\\\/schema.org\",\"@graph\":[{\"@type\":\"WebPage\",\"@id\":\"https:\\\/\\\/www.industri-sl.com\\\/fr\\\/transport\\\/vehicules-speciaux\\\/scolaires\\\/\",\"url\":\"https:\\\/\\\/www.industri-sl.com\\\/fr\\\/transport\\\/vehicules-speciaux\\\/scolaires\\\/\",\"name\":\"Fabrication de pi\u00e8ces sur mesure pour v\u00e9hicules scolaires - INDUSTRI\",\"isPartOf\":{\"@id\":\"https:\\\/\\\/www.industri-sl.com\\\/fr\\\/#website\"},\"primaryImageOfPage\":{\"@id\":\"https:\\\/\\\/www.industri-sl.com\\\/fr\\\/transport\\\/vehicules-speciaux\\\/scolaires\\\/#primaryimage\"},\"image\":{\"@id\":\"https:\\\/\\\/www.industri-sl.com\\\/fr\\\/transport\\\/vehicules-speciaux\\\/scolaires\\\/#primaryimage\"},\"thumbnailUrl\":\"https:\\\/\\\/www.industri-sl.com\\\/wp-content\\\/uploads\\\/ambulancia-1-1-300x216.jpg\",\"datePublished\":\"2019-11-11T13:23:17+00:00\",\"dateModified\":\"2020-01-29T09:49:00+00:00\",\"description\":\"Chez INDUSTRI, nous concevons et fabriquons des pi\u00e8ces sur mesure pour les v\u00e9hicules scolaires, telles que r\u00e9troviseurs ou rideaux, entre autres.\",\"breadcrumb\":{\"@id\":\"https:\\\/\\\/www.industri-sl.com\\\/fr\\\/transport\\\/vehicules-speciaux\\\/scolaires\\\/#breadcrumb\"},\"inLanguage\":\"fr-FR\",\"potentialAction\":[{\"@type\":\"ReadAction\",\"target\":[\"https:\\\/\\\/www.industri-sl.com\\\/fr\\\/transport\\\/vehicules-speciaux\\\/scolaires\\\/\"]}]},{\"@type\":\"ImageObject\",\"inLanguage\":\"fr-FR\",\"@id\":\"https:\\\/\\\/www.industri-sl.com\\\/fr\\\/transport\\\/vehicules-speciaux\\\/scolaires\\\/#primaryimage\",\"url\":\"https:\\\/\\\/www.industri-sl.com\\\/wp-content\\\/uploads\\\/ambulancia-1-1-300x216.jpg\",\"contentUrl\":\"https:\\\/\\\/www.industri-sl.com\\\/wp-content\\\/uploads\\\/ambulancia-1-1-300x216.jpg\"},{\"@type\":\"BreadcrumbList\",\"@id\":\"https:\\\/\\\/www.industri-sl.com\\\/fr\\\/transport\\\/vehicules-speciaux\\\/scolaires\\\/#breadcrumb\",\"itemListElement\":[{\"@type\":\"ListItem\",\"position\":1,\"name\":\"Inicio\",\"item\":\"https:\\\/\\\/www.industri-sl.com\\\/fr\\\/\"},{\"@type\":\"ListItem\",\"position\":2,\"name\":\"Division Transport\",\"item\":\"https:\\\/\\\/www.industri-sl.com\\\/fr\\\/transport\\\/\"},{\"@type\":\"ListItem\",\"position\":3,\"name\":\"Fabrication sur mesure pour v\u00e9hicules sp\u00e9ciaux\",\"item\":\"https:\\\/\\\/www.industri-sl.com\\\/fr\\\/transport\\\/vehicules-speciaux\\\/\"},{\"@type\":\"ListItem\",\"position\":4,\"name\":\"Fabrication d\u2019accessoires pour v\u00e9hicules scolaires\"}]},{\"@type\":\"WebSite\",\"@id\":\"https:\\\/\\\/www.industri-sl.com\\\/fr\\\/#website\",\"url\":\"https:\\\/\\\/www.industri-sl.com\\\/fr\\\/\",\"name\":\"Industri SL\",\"description\":\"\",\"publisher\":{\"@id\":\"https:\\\/\\\/www.industri-sl.com\\\/fr\\\/#organization\"},\"potentialAction\":[{\"@type\":\"SearchAction\",\"target\":{\"@type\":\"EntryPoint\",\"urlTemplate\":\"https:\\\/\\\/www.industri-sl.com\\\/fr\\\/?s={search_term_string}\"},\"query-input\":{\"@type\":\"PropertyValueSpecification\",\"valueRequired\":true,\"valueName\":\"search_term_string\"}}],\"inLanguage\":\"fr-FR\"},{\"@type\":\"Organization\",\"@id\":\"https:\\\/\\\/www.industri-sl.com\\\/fr\\\/#organization\",\"name\":\"Industri SL\",\"url\":\"https:\\\/\\\/www.industri-sl.com\\\/fr\\\/\",\"logo\":{\"@type\":\"ImageObject\",\"inLanguage\":\"fr-FR\",\"@id\":\"https:\\\/\\\/www.industri-sl.com\\\/fr\\\/#\\\/schema\\\/logo\\\/image\\\/\",\"url\":\"https:\\\/\\\/www.industri-sl.com\\\/wp-content\\\/uploads\\\/industri-logo.png\",\"contentUrl\":\"https:\\\/\\\/www.industri-sl.com\\\/wp-content\\\/uploads\\\/industri-logo.png\",\"width\":248,\"height\":45,\"caption\":\"Industri SL\"},\"image\":{\"@id\":\"https:\\\/\\\/www.industri-sl.com\\\/fr\\\/#\\\/schema\\\/logo\\\/image\\\/\"}}]}<\/script>\n<!-- \/ Yoast SEO plugin. -->","yoast_head_json":{"title":"Fabrication de pi\u00e8ces sur mesure pour v\u00e9hicules scolaires - INDUSTRI","description":"Chez INDUSTRI, nous concevons et fabriquons des pi\u00e8ces sur mesure pour les v\u00e9hicules scolaires, telles que r\u00e9troviseurs ou rideaux, entre autres.","robots":{"index":"index","follow":"follow","max-snippet":"max-snippet:-1","max-image-preview":"max-image-preview:large","max-video-preview":"max-video-preview:-1"},"canonical":"https:\/\/www.industri-sl.com\/fr\/transport\/vehicules-speciaux\/scolaires\/","og_locale":"fr_FR","og_type":"article","og_title":"Fabrication de pi\u00e8ces sur mesure pour v\u00e9hicules scolaires - INDUSTRI","og_description":"Chez INDUSTRI, nous concevons et fabriquons des pi\u00e8ces sur mesure pour les v\u00e9hicules scolaires, telles que r\u00e9troviseurs ou rideaux, entre autres.","og_url":"https:\/\/www.industri-sl.com\/fr\/transport\/vehicules-speciaux\/scolaires\/","og_site_name":"Industri SL","article_modified_time":"2020-01-29T09:49:00+00:00","og_image":[{"url":"https:\/\/www.industri-sl.com\/wp-content\/uploads\/cortina-autobus-escolar-rigida-1.jpg","type":"","width":"","height":""}],"twitter_card":"summary_large_image","twitter_misc":{"Dur\u00e9e de lecture estim\u00e9e":"2 minutes"},"schema":{"@context":"https:\/\/schema.org","@graph":[{"@type":"WebPage","@id":"https:\/\/www.industri-sl.com\/fr\/transport\/vehicules-speciaux\/scolaires\/","url":"https:\/\/www.industri-sl.com\/fr\/transport\/vehicules-speciaux\/scolaires\/","name":"Fabrication de pi\u00e8ces sur mesure pour v\u00e9hicules scolaires - INDUSTRI","isPartOf":{"@id":"https:\/\/www.industri-sl.com\/fr\/#website"},"primaryImageOfPage":{"@id":"https:\/\/www.industri-sl.com\/fr\/transport\/vehicules-speciaux\/scolaires\/#primaryimage"},"image":{"@id":"https:\/\/www.industri-sl.com\/fr\/transport\/vehicules-speciaux\/scolaires\/#primaryimage"},"thumbnailUrl":"https:\/\/www.industri-sl.com\/wp-content\/uploads\/ambulancia-1-1-300x216.jpg","datePublished":"2019-11-11T13:23:17+00:00","dateModified":"2020-01-29T09:49:00+00:00","description":"Chez INDUSTRI, nous concevons et fabriquons des pi\u00e8ces sur mesure pour les v\u00e9hicules scolaires, telles que r\u00e9troviseurs ou rideaux, entre autres.","breadcrumb":{"@id":"https:\/\/www.industri-sl.com\/fr\/transport\/vehicules-speciaux\/scolaires\/#breadcrumb"},"inLanguage":"fr-FR","potentialAction":[{"@type":"ReadAction","target":["https:\/\/www.industri-sl.com\/fr\/transport\/vehicules-speciaux\/scolaires\/"]}]},{"@type":"ImageObject","inLanguage":"fr-FR","@id":"https:\/\/www.industri-sl.com\/fr\/transport\/vehicules-speciaux\/scolaires\/#primaryimage","url":"https:\/\/www.industri-sl.com\/wp-content\/uploads\/ambulancia-1-1-300x216.jpg","contentUrl":"https:\/\/www.industri-sl.com\/wp-content\/uploads\/ambulancia-1-1-300x216.jpg"},{"@type":"BreadcrumbList","@id":"https:\/\/www.industri-sl.com\/fr\/transport\/vehicules-speciaux\/scolaires\/#breadcrumb","itemListElement":[{"@type":"ListItem","position":1,"name":"Inicio","item":"https:\/\/www.industri-sl.com\/fr\/"},{"@type":"ListItem","position":2,"name":"Division Transport","item":"https:\/\/www.industri-sl.com\/fr\/transport\/"},{"@type":"ListItem","position":3,"name":"Fabrication sur mesure pour v\u00e9hicules sp\u00e9ciaux","item":"https:\/\/www.industri-sl.com\/fr\/transport\/vehicules-speciaux\/"},{"@type":"ListItem","position":4,"name":"Fabrication d\u2019accessoires pour v\u00e9hicules scolaires"}]},{"@type":"WebSite","@id":"https:\/\/www.industri-sl.com\/fr\/#website","url":"https:\/\/www.industri-sl.com\/fr\/","name":"Industri SL","description":"","publisher":{"@id":"https:\/\/www.industri-sl.com\/fr\/#organization"},"potentialAction":[{"@type":"SearchAction","target":{"@type":"EntryPoint","urlTemplate":"https:\/\/www.industri-sl.com\/fr\/?s={search_term_string}"},"query-input":{"@type":"PropertyValueSpecification","valueRequired":true,"valueName":"search_term_string"}}],"inLanguage":"fr-FR"},{"@type":"Organization","@id":"https:\/\/www.industri-sl.com\/fr\/#organization","name":"Industri SL","url":"https:\/\/www.industri-sl.com\/fr\/","logo":{"@type":"ImageObject","inLanguage":"fr-FR","@id":"https:\/\/www.industri-sl.com\/fr\/#\/schema\/logo\/image\/","url":"https:\/\/www.industri-sl.com\/wp-content\/uploads\/industri-logo.png","contentUrl":"https:\/\/www.industri-sl.com\/wp-content\/uploads\/industri-logo.png","width":248,"height":45,"caption":"Industri SL"},"image":{"@id":"https:\/\/www.industri-sl.com\/fr\/#\/schema\/logo\/image\/"}}]}},"_links":{"self":[{"href":"https:\/\/www.industri-sl.com\/fr\/wp-json\/wp\/v2\/pages\/9299","targetHints":{"allow":["GET"]}}],"collection":[{"href":"https:\/\/www.industri-sl.com\/fr\/wp-json\/wp\/v2\/pages"}],"about":[{"href":"https:\/\/www.industri-sl.com\/fr\/wp-json\/wp\/v2\/types\/page"}],"author":[{"embeddable":true,"href":"https:\/\/www.industri-sl.com\/fr\/wp-json\/wp\/v2\/users\/3"}],"replies":[{"embeddable":true,"href":"https:\/\/www.industri-sl.com\/fr\/wp-json\/wp\/v2\/comments?post=9299"}],"version-history":[{"count":0,"href":"https:\/\/www.industri-sl.com\/fr\/wp-json\/wp\/v2\/pages\/9299\/revisions"}],"up":[{"embeddable":true,"href":"https:\/\/www.industri-sl.com\/fr\/wp-json\/wp\/v2\/pages\/9293"}],"wp:attachment":[{"href":"https:\/\/www.industri-sl.com\/fr\/wp-json\/wp\/v2\/media?parent=9299"}],"curies":[{"name":"wp","href":"https:\/\/api.w.org\/{rel}","templated":true}]}}