{"id":9297,"date":"2019-10-02T09:34:48","date_gmt":"2019-10-02T07:34:48","guid":{"rendered":"https:\/\/www.industri-sl.com\/transport\/vehicules-speciaux\/policiales\/"},"modified":"2020-01-29T10:45:50","modified_gmt":"2020-01-29T09:45:50","slug":"police","status":"publish","type":"page","link":"https:\/\/www.industri-sl.com\/fr\/transport\/vehicules-speciaux\/police\/","title":{"rendered":"Fabrication d\u2019accessoires pour v\u00e9hicules de police"},"content":{"rendered":"<h2>Fabrication de pi\u00e8ces sur mesure pour v\u00e9hicules de police<\/h2>\n<p><img loading=\"lazy\" decoding=\"async\" class=\"alignright size-medium wp-image-1736\" src=\"https:\/\/www.industri-sl.com\/wp-content\/uploads\/policia-1-1-300x216.jpg\" alt=\"Fabrication de pi\u00e8ces sur mesure pour v\u00e9hicules de police\" width=\"300\" height=\"216\" srcset=\"https:\/\/www.industri-sl.com\/wp-content\/uploads\/policia-1-1-300x216.jpg 300w, https:\/\/www.industri-sl.com\/wp-content\/uploads\/policia-1-1-768x552.jpg 768w, https:\/\/www.industri-sl.com\/wp-content\/uploads\/policia-1-1.jpg 800w\" sizes=\"auto, (max-width: 300px) 100vw, 300px\" \/>INDUSTRI est fournisseur de pi\u00e8ces de rechange et d\u2019accessoires sur mesure <strong>pour tout type de v\u00e9hicules<\/strong>, y compris les voitures de police. Nous poss\u00e9dons une grande exp\u00e9rience dans la conception et production de pi\u00e8ces sur mesure pour ce type de v\u00e9hicules et sommes notamment sp\u00e9cialis\u00e9s dans la conception et production de r\u00e9troviseurs.<\/p>\n<p><a href=\"https:\/\/www.industri-sl.com\/fr\/ingenierie\/\">Nous assurons la totalit\u00e9 du processus<\/a>, depuis la conception personnalis\u00e9e \u00e0 partir des besoins concrets du client jusqu\u2019\u00e0 la fabrication de la pi\u00e8ce. Notre <a href=\"https:\/\/www.industri-sl.com\/fr\/nous\/\">exp\u00e9rience de plus de 50 ans<\/a>, ajout\u00e9e aux toutes derni\u00e8res technologies, nous permet de garantir la qualit\u00e9 de nos produits et d&rsquo;offrir le meilleur service \u00e0 nos clients.<\/p>\n<h2>R\u00e9troviseurs sur mesure pour r\u00e9troviseurs de v\u00e9hicules de police<\/h2>\n<p>INDUSTRI poss\u00e8de <strong>une grande exp\u00e9rience<\/strong> en fabrication de r\u00e9troviseurs pour voitures de police. Nous assurons l\u2019int\u00e9gralit\u00e9 du processus, depuis la conception jusqu\u2019\u00e0 l\u2019homologation et fabrication du produit final, en passant par l\u2019\u00e9tude de visibilit\u00e9 afin de satisfaire aux r\u00e9glementations en vigueur pour les syst\u00e8mes de vision indirecte.<\/p>\n<p>Nous fabriquons les miroirs de r\u00e9troviseurs <strong>chauffants et non chauffants<\/strong>, les actionneurs (moteurs) m\u00e9caniques et \u00e9lectriques, les interrupteurs et joysticks, les coques en polyester, polyur\u00e9thane, pvc, etc.<\/p>\n<p>Quel type de r\u00e9troviseurs fabriquons-nous ?<\/p>\n<h3>R\u00e9troviseurs ext\u00e9rieurs<\/h3>\n<p><img loading=\"lazy\" decoding=\"async\" class=\"alignright size-medium wp-image-2857\" src=\"https:\/\/www.industri-sl.com\/wp-content\/uploads\/retrovisor-2-300x218.jpg\" alt=\"Fabrication de r\u00e9troviseurs ext\u00e9rieurs sur mesure pour v\u00e9hicules de police\" width=\"300\" height=\"218\" srcset=\"https:\/\/www.industri-sl.com\/wp-content\/uploads\/retrovisor-2-300x218.jpg 300w, https:\/\/www.industri-sl.com\/wp-content\/uploads\/retrovisor-2-768x558.jpg 768w, https:\/\/www.industri-sl.com\/wp-content\/uploads\/retrovisor-2.jpg 800w\" sizes=\"auto, (max-width: 300px) 100vw, 300px\" \/>INDUSTRI entretient une \u00e9troite collaboration <a href=\"https:\/\/www.industri-sl.com\/fr\/clients\/\">avec le client<\/a> tout au long du processus afin de fabriquer les r\u00e9troviseurs optimaux pour ses v\u00e9hicules. Nous fabriquons des r\u00e9troviseurs ext\u00e9rieurs \u00e0 miroir chauffant ou non chauffant.<\/p>\n<h3>R\u00e9troviseurs int\u00e9rieurs<\/h3>\n<p><img loading=\"lazy\" decoding=\"async\" class=\"alignright size-medium wp-image-2861\" src=\"https:\/\/www.industri-sl.com\/wp-content\/uploads\/retrovisor-interior-300x225.jpg\" alt=\"Fabrication de r\u00e9troviseurs int\u00e9rieurs sur mesure pour v\u00e9hicules de police\" width=\"300\" height=\"225\" srcset=\"https:\/\/www.industri-sl.com\/wp-content\/uploads\/retrovisor-interior-300x225.jpg 300w, https:\/\/www.industri-sl.com\/wp-content\/uploads\/retrovisor-interior-768x575.jpg 768w, https:\/\/www.industri-sl.com\/wp-content\/uploads\/retrovisor-interior.jpg 800w\" sizes=\"auto, (max-width: 300px) 100vw, 300px\" \/>Les r\u00e9troviseurs int\u00e9rieurs fabriqu\u00e9s par INDUSTRI sont con\u00e7us pour \u00eatre plac\u00e9s \u00e0 l\u2019int\u00e9rieur de la voiture, de mani\u00e8re \u00e0 <strong>permettre au conducteur de voir l\u2019int\u00e9gralit\u00e9 de l\u2019int\u00e9rieur du v\u00e9hicule<\/strong>.<\/p>\n<p>Le r\u00e9troviseur int\u00e9rieur est <strong>fix\u00e9 \u00e0 la carrosserie du v\u00e9hicule<\/strong> au moyen d\u2019un bras dot\u00e9 \u00e0 son extr\u00e9mit\u00e9 d\u2019une plaque, elle-m\u00eame fix\u00e9e \u00e0 une autre plaque de dimensions similaires \u00e0 l\u2019aide d\u2019un adh\u00e9sif. Cette deuxi\u00e8me plaque est fix\u00e9e \u00e0 la carrosserie \u00e0 l\u2019aide de 4 vis pour qu\u2019en cas d\u2019impact, la coque du r\u00e9troviseur, bras compris, se d\u00e9gage compl\u00e8tement de la plaque fix\u00e9e \u00e0 la carrosserie.<\/p>\n<h3>Composants<\/h3>\n<p>En plus de la fabrication de r\u00e9troviseurs de voitures de police complets, chez INDUSTRI <strong>nous concevons et fabriquons<\/strong> aussi certaines pi\u00e8ces d\u00e9tach\u00e9es pour les r\u00e9troviseurs ext\u00e9rieurs et int\u00e9rieurs.<\/p>\n<p>Ces composants et pi\u00e8ces d\u00e9tach\u00e9es de r\u00e9troviseurs sont indispensables \u00e0 <strong>leur fonctionnement optimal<\/strong>.<\/p>\n<div class=\"modelos\">\n<h4>Autres v\u00e9hicules pour lesquels nous fabriquons aussi des pi\u00e8ces sur mesure:<\/h4>\n<div class=\"flex\">\n<a href=\"https:\/\/www.industri-sl.com\/fr\/transport\/vehicules-speciaux\/ambulances\/\"><img loading=\"lazy\" decoding=\"async\" class=\"alignnone size-medium wp-image-1740\" src=\"https:\/\/www.industri-sl.com\/wp-content\/uploads\/ambulancia-1-1-300x216.jpg\" alt=\"Fabrication de pi\u00e8ces sur mesure pour ambulances\" width=\"300\" height=\"216\" srcset=\"https:\/\/www.industri-sl.com\/wp-content\/uploads\/ambulancia-1-1-300x216.jpg 300w, https:\/\/www.industri-sl.com\/wp-content\/uploads\/ambulancia-1-1-768x552.jpg 768w, https:\/\/www.industri-sl.com\/wp-content\/uploads\/ambulancia-1-1.jpg 800w\" sizes=\"auto, (max-width: 300px) 100vw, 300px\" \/><br \/>\n<span>Ambulances<\/span><\/a><br \/>\n<a href=\"https:\/\/www.industri-sl.com\/fr\/transport\/vehicules-speciaux\/scolaires\/\"><img loading=\"lazy\" decoding=\"async\" class=\"alignnone size-medium wp-image-2264\" src=\"https:\/\/www.industri-sl.com\/wp-content\/uploads\/cortina-autobus-escolar-rigida-1-300x216.jpg\" alt=\"Fabrication de pi\u00e8ces sur mesure pour v\u00e9hicules scolaires\" width=\"300\" height=\"216\" srcset=\"https:\/\/www.industri-sl.com\/wp-content\/uploads\/cortina-autobus-escolar-rigida-1-300x216.jpg 300w, https:\/\/www.industri-sl.com\/wp-content\/uploads\/cortina-autobus-escolar-rigida-1-768x552.jpg 768w, https:\/\/www.industri-sl.com\/wp-content\/uploads\/cortina-autobus-escolar-rigida-1.jpg 800w\" sizes=\"auto, (max-width: 300px) 100vw, 300px\" \/><br \/>\n<span>V\u00e9hicules scolaires<\/span><\/a><\/div>\n<\/div>\n","protected":false},"excerpt":{"rendered":"<p>Fabrication de pi\u00e8ces sur mesure pour v\u00e9hicules de police INDUSTRI est fournisseur de pi\u00e8ces de rechange et d\u2019accessoires sur mesure pour tout type de v\u00e9hicules, y compris les voitures de police. Nous poss\u00e9dons une grande exp\u00e9rience dans la conception et production de pi\u00e8ces sur mesure pour ce type de v\u00e9hicules et sommes notamment sp\u00e9cialis\u00e9s dans [&hellip;]<\/p>\n","protected":false},"author":3,"featured_media":0,"parent":9293,"menu_order":0,"comment_status":"closed","ping_status":"closed","template":"page-vehiculos.php","meta":{"footnotes":""},"class_list":["post-9297","page","type-page","status-publish","hentry"],"yoast_head":"<!-- This site is optimized with the Yoast SEO plugin v27.5 - https:\/\/yoast.com\/product\/yoast-seo-wordpress\/ -->\n<title>Fabrication de pi\u00e8ces sur mesure pour v\u00e9hicules de police - INDUSTRI<\/title>\n<meta name=\"description\" content=\"Chez INDUSTRI, nous concevons et fabriquons des pi\u00e8ces sur mesure pour les voitures de police, telles que r\u00e9troviseurs ou rideaux, entre autres.\" \/>\n<meta name=\"robots\" content=\"index, follow, max-snippet:-1, max-image-preview:large, max-video-preview:-1\" \/>\n<link rel=\"canonical\" href=\"https:\/\/www.industri-sl.com\/fr\/transport\/vehicules-speciaux\/police\/\" \/>\n<meta property=\"og:locale\" content=\"fr_FR\" \/>\n<meta property=\"og:type\" content=\"article\" \/>\n<meta property=\"og:title\" content=\"Fabrication de pi\u00e8ces sur mesure pour v\u00e9hicules de police - INDUSTRI\" \/>\n<meta property=\"og:description\" content=\"Chez INDUSTRI, nous concevons et fabriquons des pi\u00e8ces sur mesure pour les voitures de police, telles que r\u00e9troviseurs ou rideaux, entre autres.\" \/>\n<meta property=\"og:url\" content=\"https:\/\/www.industri-sl.com\/fr\/transport\/vehicules-speciaux\/police\/\" \/>\n<meta property=\"og:site_name\" content=\"Industri SL\" \/>\n<meta property=\"article:modified_time\" content=\"2020-01-29T09:45:50+00:00\" \/>\n<meta property=\"og:image\" content=\"https:\/\/www.industri-sl.com\/wp-content\/uploads\/policia-1-1-300x216.jpg\" \/>\n<meta name=\"twitter:card\" content=\"summary_large_image\" \/>\n<meta name=\"twitter:label1\" content=\"Dur\u00e9e de lecture estim\u00e9e\" \/>\n\t<meta name=\"twitter:data1\" content=\"2 minutes\" \/>\n<script type=\"application\/ld+json\" class=\"yoast-schema-graph\">{\"@context\":\"https:\\\/\\\/schema.org\",\"@graph\":[{\"@type\":\"WebPage\",\"@id\":\"https:\\\/\\\/www.industri-sl.com\\\/fr\\\/transport\\\/vehicules-speciaux\\\/police\\\/\",\"url\":\"https:\\\/\\\/www.industri-sl.com\\\/fr\\\/transport\\\/vehicules-speciaux\\\/police\\\/\",\"name\":\"Fabrication de pi\u00e8ces sur mesure pour v\u00e9hicules de police - INDUSTRI\",\"isPartOf\":{\"@id\":\"https:\\\/\\\/www.industri-sl.com\\\/fr\\\/#website\"},\"primaryImageOfPage\":{\"@id\":\"https:\\\/\\\/www.industri-sl.com\\\/fr\\\/transport\\\/vehicules-speciaux\\\/police\\\/#primaryimage\"},\"image\":{\"@id\":\"https:\\\/\\\/www.industri-sl.com\\\/fr\\\/transport\\\/vehicules-speciaux\\\/police\\\/#primaryimage\"},\"thumbnailUrl\":\"https:\\\/\\\/www.industri-sl.com\\\/wp-content\\\/uploads\\\/policia-1-1-300x216.jpg\",\"datePublished\":\"2019-10-02T07:34:48+00:00\",\"dateModified\":\"2020-01-29T09:45:50+00:00\",\"description\":\"Chez INDUSTRI, nous concevons et fabriquons des pi\u00e8ces sur mesure pour les voitures de police, telles que r\u00e9troviseurs ou rideaux, entre autres.\",\"breadcrumb\":{\"@id\":\"https:\\\/\\\/www.industri-sl.com\\\/fr\\\/transport\\\/vehicules-speciaux\\\/police\\\/#breadcrumb\"},\"inLanguage\":\"fr-FR\",\"potentialAction\":[{\"@type\":\"ReadAction\",\"target\":[\"https:\\\/\\\/www.industri-sl.com\\\/fr\\\/transport\\\/vehicules-speciaux\\\/police\\\/\"]}]},{\"@type\":\"ImageObject\",\"inLanguage\":\"fr-FR\",\"@id\":\"https:\\\/\\\/www.industri-sl.com\\\/fr\\\/transport\\\/vehicules-speciaux\\\/police\\\/#primaryimage\",\"url\":\"https:\\\/\\\/www.industri-sl.com\\\/wp-content\\\/uploads\\\/policia-1-1-300x216.jpg\",\"contentUrl\":\"https:\\\/\\\/www.industri-sl.com\\\/wp-content\\\/uploads\\\/policia-1-1-300x216.jpg\"},{\"@type\":\"BreadcrumbList\",\"@id\":\"https:\\\/\\\/www.industri-sl.com\\\/fr\\\/transport\\\/vehicules-speciaux\\\/police\\\/#breadcrumb\",\"itemListElement\":[{\"@type\":\"ListItem\",\"position\":1,\"name\":\"Inicio\",\"item\":\"https:\\\/\\\/www.industri-sl.com\\\/fr\\\/\"},{\"@type\":\"ListItem\",\"position\":2,\"name\":\"Division Transport\",\"item\":\"https:\\\/\\\/www.industri-sl.com\\\/fr\\\/transport\\\/\"},{\"@type\":\"ListItem\",\"position\":3,\"name\":\"Fabrication sur mesure pour v\u00e9hicules sp\u00e9ciaux\",\"item\":\"https:\\\/\\\/www.industri-sl.com\\\/fr\\\/transport\\\/vehicules-speciaux\\\/\"},{\"@type\":\"ListItem\",\"position\":4,\"name\":\"Fabrication d\u2019accessoires pour v\u00e9hicules de police\"}]},{\"@type\":\"WebSite\",\"@id\":\"https:\\\/\\\/www.industri-sl.com\\\/fr\\\/#website\",\"url\":\"https:\\\/\\\/www.industri-sl.com\\\/fr\\\/\",\"name\":\"Industri SL\",\"description\":\"\",\"publisher\":{\"@id\":\"https:\\\/\\\/www.industri-sl.com\\\/fr\\\/#organization\"},\"potentialAction\":[{\"@type\":\"SearchAction\",\"target\":{\"@type\":\"EntryPoint\",\"urlTemplate\":\"https:\\\/\\\/www.industri-sl.com\\\/fr\\\/?s={search_term_string}\"},\"query-input\":{\"@type\":\"PropertyValueSpecification\",\"valueRequired\":true,\"valueName\":\"search_term_string\"}}],\"inLanguage\":\"fr-FR\"},{\"@type\":\"Organization\",\"@id\":\"https:\\\/\\\/www.industri-sl.com\\\/fr\\\/#organization\",\"name\":\"Industri SL\",\"url\":\"https:\\\/\\\/www.industri-sl.com\\\/fr\\\/\",\"logo\":{\"@type\":\"ImageObject\",\"inLanguage\":\"fr-FR\",\"@id\":\"https:\\\/\\\/www.industri-sl.com\\\/fr\\\/#\\\/schema\\\/logo\\\/image\\\/\",\"url\":\"https:\\\/\\\/www.industri-sl.com\\\/wp-content\\\/uploads\\\/industri-logo.png\",\"contentUrl\":\"https:\\\/\\\/www.industri-sl.com\\\/wp-content\\\/uploads\\\/industri-logo.png\",\"width\":248,\"height\":45,\"caption\":\"Industri SL\"},\"image\":{\"@id\":\"https:\\\/\\\/www.industri-sl.com\\\/fr\\\/#\\\/schema\\\/logo\\\/image\\\/\"}}]}<\/script>\n<!-- \/ Yoast SEO plugin. -->","yoast_head_json":{"title":"Fabrication de pi\u00e8ces sur mesure pour v\u00e9hicules de police - INDUSTRI","description":"Chez INDUSTRI, nous concevons et fabriquons des pi\u00e8ces sur mesure pour les voitures de police, telles que r\u00e9troviseurs ou rideaux, entre autres.","robots":{"index":"index","follow":"follow","max-snippet":"max-snippet:-1","max-image-preview":"max-image-preview:large","max-video-preview":"max-video-preview:-1"},"canonical":"https:\/\/www.industri-sl.com\/fr\/transport\/vehicules-speciaux\/police\/","og_locale":"fr_FR","og_type":"article","og_title":"Fabrication de pi\u00e8ces sur mesure pour v\u00e9hicules de police - INDUSTRI","og_description":"Chez INDUSTRI, nous concevons et fabriquons des pi\u00e8ces sur mesure pour les voitures de police, telles que r\u00e9troviseurs ou rideaux, entre autres.","og_url":"https:\/\/www.industri-sl.com\/fr\/transport\/vehicules-speciaux\/police\/","og_site_name":"Industri SL","article_modified_time":"2020-01-29T09:45:50+00:00","og_image":[{"url":"https:\/\/www.industri-sl.com\/wp-content\/uploads\/policia-1-1-300x216.jpg","type":"","width":"","height":""}],"twitter_card":"summary_large_image","twitter_misc":{"Dur\u00e9e de lecture estim\u00e9e":"2 minutes"},"schema":{"@context":"https:\/\/schema.org","@graph":[{"@type":"WebPage","@id":"https:\/\/www.industri-sl.com\/fr\/transport\/vehicules-speciaux\/police\/","url":"https:\/\/www.industri-sl.com\/fr\/transport\/vehicules-speciaux\/police\/","name":"Fabrication de pi\u00e8ces sur mesure pour v\u00e9hicules de police - INDUSTRI","isPartOf":{"@id":"https:\/\/www.industri-sl.com\/fr\/#website"},"primaryImageOfPage":{"@id":"https:\/\/www.industri-sl.com\/fr\/transport\/vehicules-speciaux\/police\/#primaryimage"},"image":{"@id":"https:\/\/www.industri-sl.com\/fr\/transport\/vehicules-speciaux\/police\/#primaryimage"},"thumbnailUrl":"https:\/\/www.industri-sl.com\/wp-content\/uploads\/policia-1-1-300x216.jpg","datePublished":"2019-10-02T07:34:48+00:00","dateModified":"2020-01-29T09:45:50+00:00","description":"Chez INDUSTRI, nous concevons et fabriquons des pi\u00e8ces sur mesure pour les voitures de police, telles que r\u00e9troviseurs ou rideaux, entre autres.","breadcrumb":{"@id":"https:\/\/www.industri-sl.com\/fr\/transport\/vehicules-speciaux\/police\/#breadcrumb"},"inLanguage":"fr-FR","potentialAction":[{"@type":"ReadAction","target":["https:\/\/www.industri-sl.com\/fr\/transport\/vehicules-speciaux\/police\/"]}]},{"@type":"ImageObject","inLanguage":"fr-FR","@id":"https:\/\/www.industri-sl.com\/fr\/transport\/vehicules-speciaux\/police\/#primaryimage","url":"https:\/\/www.industri-sl.com\/wp-content\/uploads\/policia-1-1-300x216.jpg","contentUrl":"https:\/\/www.industri-sl.com\/wp-content\/uploads\/policia-1-1-300x216.jpg"},{"@type":"BreadcrumbList","@id":"https:\/\/www.industri-sl.com\/fr\/transport\/vehicules-speciaux\/police\/#breadcrumb","itemListElement":[{"@type":"ListItem","position":1,"name":"Inicio","item":"https:\/\/www.industri-sl.com\/fr\/"},{"@type":"ListItem","position":2,"name":"Division Transport","item":"https:\/\/www.industri-sl.com\/fr\/transport\/"},{"@type":"ListItem","position":3,"name":"Fabrication sur mesure pour v\u00e9hicules sp\u00e9ciaux","item":"https:\/\/www.industri-sl.com\/fr\/transport\/vehicules-speciaux\/"},{"@type":"ListItem","position":4,"name":"Fabrication d\u2019accessoires pour v\u00e9hicules de police"}]},{"@type":"WebSite","@id":"https:\/\/www.industri-sl.com\/fr\/#website","url":"https:\/\/www.industri-sl.com\/fr\/","name":"Industri SL","description":"","publisher":{"@id":"https:\/\/www.industri-sl.com\/fr\/#organization"},"potentialAction":[{"@type":"SearchAction","target":{"@type":"EntryPoint","urlTemplate":"https:\/\/www.industri-sl.com\/fr\/?s={search_term_string}"},"query-input":{"@type":"PropertyValueSpecification","valueRequired":true,"valueName":"search_term_string"}}],"inLanguage":"fr-FR"},{"@type":"Organization","@id":"https:\/\/www.industri-sl.com\/fr\/#organization","name":"Industri SL","url":"https:\/\/www.industri-sl.com\/fr\/","logo":{"@type":"ImageObject","inLanguage":"fr-FR","@id":"https:\/\/www.industri-sl.com\/fr\/#\/schema\/logo\/image\/","url":"https:\/\/www.industri-sl.com\/wp-content\/uploads\/industri-logo.png","contentUrl":"https:\/\/www.industri-sl.com\/wp-content\/uploads\/industri-logo.png","width":248,"height":45,"caption":"Industri SL"},"image":{"@id":"https:\/\/www.industri-sl.com\/fr\/#\/schema\/logo\/image\/"}}]}},"_links":{"self":[{"href":"https:\/\/www.industri-sl.com\/fr\/wp-json\/wp\/v2\/pages\/9297","targetHints":{"allow":["GET"]}}],"collection":[{"href":"https:\/\/www.industri-sl.com\/fr\/wp-json\/wp\/v2\/pages"}],"about":[{"href":"https:\/\/www.industri-sl.com\/fr\/wp-json\/wp\/v2\/types\/page"}],"author":[{"embeddable":true,"href":"https:\/\/www.industri-sl.com\/fr\/wp-json\/wp\/v2\/users\/3"}],"replies":[{"embeddable":true,"href":"https:\/\/www.industri-sl.com\/fr\/wp-json\/wp\/v2\/comments?post=9297"}],"version-history":[{"count":0,"href":"https:\/\/www.industri-sl.com\/fr\/wp-json\/wp\/v2\/pages\/9297\/revisions"}],"up":[{"embeddable":true,"href":"https:\/\/www.industri-sl.com\/fr\/wp-json\/wp\/v2\/pages\/9293"}],"wp:attachment":[{"href":"https:\/\/www.industri-sl.com\/fr\/wp-json\/wp\/v2\/media?parent=9297"}],"curies":[{"name":"wp","href":"https:\/\/api.w.org\/{rel}","templated":true}]}}