{"id":9293,"date":"2019-10-02T09:13:08","date_gmt":"2019-10-02T07:13:08","guid":{"rendered":"https:\/\/www.industri-sl.com\/transport\/vehiculos-especiales\/"},"modified":"2020-01-29T10:23:15","modified_gmt":"2020-01-29T09:23:15","slug":"vehicules-speciaux","status":"publish","type":"page","link":"https:\/\/www.industri-sl.com\/fr\/transport\/vehicules-speciaux\/","title":{"rendered":"Fabrication sur mesure pour v\u00e9hicules sp\u00e9ciaux"},"content":{"rendered":"<h2>Accessoires pour v\u00e9hicules sp\u00e9ciaux fabriqu\u00e9s sur mesure<\/h2>\n<p>INDUSTRI est sp\u00e9cialis\u00e9e dans la conception, le prototypage et la fabrication de pi\u00e8ces d\u00e9tach\u00e9es et de rechange <a href=\"https:\/\/www.industri-sl.com\/fr\/ingenierie\/\">pour tout type de v\u00e9hicules<\/a> et notamment les v\u00e9hicules sp\u00e9ciaux tels qu&rsquo;ambulances, voitures de police ou v\u00e9hicules scolaires.<\/p>\n<p>Forts de <a href=\"https:\/\/www.industri-sl.com\/fr\/nous\/\">plus de 50 ans d\u2019exp\u00e9rience<\/a>, nous accompagnons le client tout au long du processus, depuis la conception de la pi\u00e8ce jusqu\u2019\u00e0 sa fabrication. En tenant compte <strong>des sp\u00e9cifications techniques indiqu\u00e9es par nos clients<\/strong>, l\u2019\u00e9quipe des ing\u00e9nieurs d\u2019INDUSTRI concevra le composant qui satisfait de mani\u00e8re id\u00e9ale \u00e0 leurs besoins. Nous fabriquons des rideaux et pare-soleil, des r\u00e9troviseurs (int\u00e9rieurs et ext\u00e9rieurs) et tout type d\u2019\u00e9l\u00e9ments de d\u00e9coration int\u00e9rieure pour v\u00e9hicules sp\u00e9ciaux. <a href=\"https:\/\/www.industri-sl.com\/fr\/contact\/\">Consultez-nous<\/a> !<\/p>\n<div class=\"modelos\">\n<h4>Nous fabriquons des pi\u00e8ces pour:<\/h4>\n<div class=\"flex\">\n<a href=\"https:\/\/www.industri-sl.com\/fr\/transport\/vehicules-speciaux\/ambulances\/\"><img loading=\"lazy\" decoding=\"async\" class=\"alignnone size-medium wp-image-1740\" src=\"https:\/\/www.industri-sl.com\/wp-content\/uploads\/ambulancia-1-1-300x216.jpg\" alt=\"Fabrication de pi\u00e8ces sur mesure pour ambulances\" width=\"300\" height=\"216\" srcset=\"https:\/\/www.industri-sl.com\/wp-content\/uploads\/ambulancia-1-1-300x216.jpg 300w, https:\/\/www.industri-sl.com\/wp-content\/uploads\/ambulancia-1-1-768x552.jpg 768w, https:\/\/www.industri-sl.com\/wp-content\/uploads\/ambulancia-1-1.jpg 800w\" sizes=\"auto, (max-width: 300px) 100vw, 300px\" \/><br \/>\n<span>Ambulances<\/span><\/a><br \/>\n<a href=\"https:\/\/www.industri-sl.com\/fr\/transport\/vehicules-speciaux\/police\/\"><img loading=\"lazy\" decoding=\"async\" class=\"alignnone size-medium wp-image-1736\" src=\"https:\/\/www.industri-sl.com\/wp-content\/uploads\/policia-1-1-300x216.jpg\" alt=\"Fabrication de pi\u00e8ces sur mesure pour v\u00e9hicules de police\" width=\"300\" height=\"216\" srcset=\"https:\/\/www.industri-sl.com\/wp-content\/uploads\/policia-1-1-300x216.jpg 300w, https:\/\/www.industri-sl.com\/wp-content\/uploads\/policia-1-1-768x552.jpg 768w, https:\/\/www.industri-sl.com\/wp-content\/uploads\/policia-1-1.jpg 800w\" sizes=\"auto, (max-width: 300px) 100vw, 300px\" \/><br \/>\n<span>V\u00e9hicules de police<\/span><\/a><br \/>\n<a href=\"https:\/\/www.industri-sl.com\/fr\/transport\/vehicules-speciaux\/scolaires\/\"><img loading=\"lazy\" decoding=\"async\" class=\"alignnone size-medium wp-image-2264\" src=\"https:\/\/www.industri-sl.com\/wp-content\/uploads\/cortina-autobus-escolar-rigida-1-300x216.jpg\" alt=\"Fabrication de pi\u00e8ces sur mesure pour v\u00e9hicules scolaires\" width=\"300\" height=\"216\" srcset=\"https:\/\/www.industri-sl.com\/wp-content\/uploads\/cortina-autobus-escolar-rigida-1-300x216.jpg 300w, https:\/\/www.industri-sl.com\/wp-content\/uploads\/cortina-autobus-escolar-rigida-1-768x552.jpg 768w, https:\/\/www.industri-sl.com\/wp-content\/uploads\/cortina-autobus-escolar-rigida-1.jpg 800w\" sizes=\"auto, (max-width: 300px) 100vw, 300px\" \/><br \/>\n<span>V\u00e9hicules scolaires<\/span><\/a>\n<\/div>\n<\/div>\n","protected":false},"excerpt":{"rendered":"<p>Accessoires pour v\u00e9hicules sp\u00e9ciaux fabriqu\u00e9s sur mesure INDUSTRI est sp\u00e9cialis\u00e9e dans la conception, le prototypage et la fabrication de pi\u00e8ces d\u00e9tach\u00e9es et de rechange pour tout type de v\u00e9hicules et notamment les v\u00e9hicules sp\u00e9ciaux tels qu&rsquo;ambulances, voitures de police ou v\u00e9hicules scolaires. Forts de plus de 50 ans d\u2019exp\u00e9rience, nous accompagnons le client tout au [&hellip;]<\/p>\n","protected":false},"author":3,"featured_media":0,"parent":9185,"menu_order":0,"comment_status":"closed","ping_status":"closed","template":"page-vehiculos.php","meta":{"footnotes":""},"class_list":["post-9293","page","type-page","status-publish","hentry"],"yoast_head":"<!-- This site is optimized with the Yoast SEO plugin v27.5 - https:\/\/yoast.com\/product\/yoast-seo-wordpress\/ -->\n<title>Fabrication de pi\u00e8ces sur mesure pour v\u00e9hicules sp\u00e9ciaux - INDUSTRI<\/title>\n<meta name=\"description\" content=\"Chez INDUSTRI, nous concevons et fabriquons des pi\u00e8ces sur mesure pour v\u00e9hicules sp\u00e9ciaux, tels qu\u2019ambulances, voitures de police ou autobus scolaires.\" \/>\n<meta name=\"robots\" content=\"index, follow, max-snippet:-1, max-image-preview:large, max-video-preview:-1\" \/>\n<link rel=\"canonical\" href=\"https:\/\/www.industri-sl.com\/fr\/transport\/vehicules-speciaux\/\" \/>\n<meta property=\"og:locale\" content=\"fr_FR\" \/>\n<meta property=\"og:type\" content=\"article\" \/>\n<meta property=\"og:title\" content=\"Fabrication de pi\u00e8ces sur mesure pour v\u00e9hicules sp\u00e9ciaux - INDUSTRI\" \/>\n<meta property=\"og:description\" content=\"Chez INDUSTRI, nous concevons et fabriquons des pi\u00e8ces sur mesure pour v\u00e9hicules sp\u00e9ciaux, tels qu\u2019ambulances, voitures de police ou autobus scolaires.\" \/>\n<meta property=\"og:url\" content=\"https:\/\/www.industri-sl.com\/fr\/transport\/vehicules-speciaux\/\" \/>\n<meta property=\"og:site_name\" content=\"Industri SL\" \/>\n<meta property=\"article:modified_time\" content=\"2020-01-29T09:23:15+00:00\" \/>\n<meta property=\"og:image\" content=\"https:\/\/www.industri-sl.com\/wp-content\/uploads\/ambulancia-1-1-300x216.jpg\" \/>\n<meta name=\"twitter:card\" content=\"summary_large_image\" \/>\n<meta name=\"twitter:label1\" content=\"Dur\u00e9e de lecture estim\u00e9e\" \/>\n\t<meta name=\"twitter:data1\" content=\"1 minute\" \/>\n<script type=\"application\/ld+json\" class=\"yoast-schema-graph\">{\"@context\":\"https:\\\/\\\/schema.org\",\"@graph\":[{\"@type\":\"WebPage\",\"@id\":\"https:\\\/\\\/www.industri-sl.com\\\/fr\\\/transport\\\/vehicules-speciaux\\\/\",\"url\":\"https:\\\/\\\/www.industri-sl.com\\\/fr\\\/transport\\\/vehicules-speciaux\\\/\",\"name\":\"Fabrication de pi\u00e8ces sur mesure pour v\u00e9hicules sp\u00e9ciaux - INDUSTRI\",\"isPartOf\":{\"@id\":\"https:\\\/\\\/www.industri-sl.com\\\/fr\\\/#website\"},\"primaryImageOfPage\":{\"@id\":\"https:\\\/\\\/www.industri-sl.com\\\/fr\\\/transport\\\/vehicules-speciaux\\\/#primaryimage\"},\"image\":{\"@id\":\"https:\\\/\\\/www.industri-sl.com\\\/fr\\\/transport\\\/vehicules-speciaux\\\/#primaryimage\"},\"thumbnailUrl\":\"https:\\\/\\\/www.industri-sl.com\\\/wp-content\\\/uploads\\\/ambulancia-1-1-300x216.jpg\",\"datePublished\":\"2019-10-02T07:13:08+00:00\",\"dateModified\":\"2020-01-29T09:23:15+00:00\",\"description\":\"Chez INDUSTRI, nous concevons et fabriquons des pi\u00e8ces sur mesure pour v\u00e9hicules sp\u00e9ciaux, tels qu\u2019ambulances, voitures de police ou autobus scolaires.\",\"breadcrumb\":{\"@id\":\"https:\\\/\\\/www.industri-sl.com\\\/fr\\\/transport\\\/vehicules-speciaux\\\/#breadcrumb\"},\"inLanguage\":\"fr-FR\",\"potentialAction\":[{\"@type\":\"ReadAction\",\"target\":[\"https:\\\/\\\/www.industri-sl.com\\\/fr\\\/transport\\\/vehicules-speciaux\\\/\"]}]},{\"@type\":\"ImageObject\",\"inLanguage\":\"fr-FR\",\"@id\":\"https:\\\/\\\/www.industri-sl.com\\\/fr\\\/transport\\\/vehicules-speciaux\\\/#primaryimage\",\"url\":\"https:\\\/\\\/www.industri-sl.com\\\/wp-content\\\/uploads\\\/ambulancia-1-1-300x216.jpg\",\"contentUrl\":\"https:\\\/\\\/www.industri-sl.com\\\/wp-content\\\/uploads\\\/ambulancia-1-1-300x216.jpg\"},{\"@type\":\"BreadcrumbList\",\"@id\":\"https:\\\/\\\/www.industri-sl.com\\\/fr\\\/transport\\\/vehicules-speciaux\\\/#breadcrumb\",\"itemListElement\":[{\"@type\":\"ListItem\",\"position\":1,\"name\":\"Inicio\",\"item\":\"https:\\\/\\\/www.industri-sl.com\\\/fr\\\/\"},{\"@type\":\"ListItem\",\"position\":2,\"name\":\"Division Transport\",\"item\":\"https:\\\/\\\/www.industri-sl.com\\\/fr\\\/transport\\\/\"},{\"@type\":\"ListItem\",\"position\":3,\"name\":\"Fabrication sur mesure pour v\u00e9hicules sp\u00e9ciaux\"}]},{\"@type\":\"WebSite\",\"@id\":\"https:\\\/\\\/www.industri-sl.com\\\/fr\\\/#website\",\"url\":\"https:\\\/\\\/www.industri-sl.com\\\/fr\\\/\",\"name\":\"Industri SL\",\"description\":\"\",\"publisher\":{\"@id\":\"https:\\\/\\\/www.industri-sl.com\\\/fr\\\/#organization\"},\"potentialAction\":[{\"@type\":\"SearchAction\",\"target\":{\"@type\":\"EntryPoint\",\"urlTemplate\":\"https:\\\/\\\/www.industri-sl.com\\\/fr\\\/?s={search_term_string}\"},\"query-input\":{\"@type\":\"PropertyValueSpecification\",\"valueRequired\":true,\"valueName\":\"search_term_string\"}}],\"inLanguage\":\"fr-FR\"},{\"@type\":\"Organization\",\"@id\":\"https:\\\/\\\/www.industri-sl.com\\\/fr\\\/#organization\",\"name\":\"Industri SL\",\"url\":\"https:\\\/\\\/www.industri-sl.com\\\/fr\\\/\",\"logo\":{\"@type\":\"ImageObject\",\"inLanguage\":\"fr-FR\",\"@id\":\"https:\\\/\\\/www.industri-sl.com\\\/fr\\\/#\\\/schema\\\/logo\\\/image\\\/\",\"url\":\"https:\\\/\\\/www.industri-sl.com\\\/wp-content\\\/uploads\\\/industri-logo.png\",\"contentUrl\":\"https:\\\/\\\/www.industri-sl.com\\\/wp-content\\\/uploads\\\/industri-logo.png\",\"width\":248,\"height\":45,\"caption\":\"Industri SL\"},\"image\":{\"@id\":\"https:\\\/\\\/www.industri-sl.com\\\/fr\\\/#\\\/schema\\\/logo\\\/image\\\/\"}}]}<\/script>\n<!-- \/ Yoast SEO plugin. -->","yoast_head_json":{"title":"Fabrication de pi\u00e8ces sur mesure pour v\u00e9hicules sp\u00e9ciaux - INDUSTRI","description":"Chez INDUSTRI, nous concevons et fabriquons des pi\u00e8ces sur mesure pour v\u00e9hicules sp\u00e9ciaux, tels qu\u2019ambulances, voitures de police ou autobus scolaires.","robots":{"index":"index","follow":"follow","max-snippet":"max-snippet:-1","max-image-preview":"max-image-preview:large","max-video-preview":"max-video-preview:-1"},"canonical":"https:\/\/www.industri-sl.com\/fr\/transport\/vehicules-speciaux\/","og_locale":"fr_FR","og_type":"article","og_title":"Fabrication de pi\u00e8ces sur mesure pour v\u00e9hicules sp\u00e9ciaux - INDUSTRI","og_description":"Chez INDUSTRI, nous concevons et fabriquons des pi\u00e8ces sur mesure pour v\u00e9hicules sp\u00e9ciaux, tels qu\u2019ambulances, voitures de police ou autobus scolaires.","og_url":"https:\/\/www.industri-sl.com\/fr\/transport\/vehicules-speciaux\/","og_site_name":"Industri SL","article_modified_time":"2020-01-29T09:23:15+00:00","og_image":[{"url":"https:\/\/www.industri-sl.com\/wp-content\/uploads\/ambulancia-1-1-300x216.jpg","type":"","width":"","height":""}],"twitter_card":"summary_large_image","twitter_misc":{"Dur\u00e9e de lecture estim\u00e9e":"1 minute"},"schema":{"@context":"https:\/\/schema.org","@graph":[{"@type":"WebPage","@id":"https:\/\/www.industri-sl.com\/fr\/transport\/vehicules-speciaux\/","url":"https:\/\/www.industri-sl.com\/fr\/transport\/vehicules-speciaux\/","name":"Fabrication de pi\u00e8ces sur mesure pour v\u00e9hicules sp\u00e9ciaux - INDUSTRI","isPartOf":{"@id":"https:\/\/www.industri-sl.com\/fr\/#website"},"primaryImageOfPage":{"@id":"https:\/\/www.industri-sl.com\/fr\/transport\/vehicules-speciaux\/#primaryimage"},"image":{"@id":"https:\/\/www.industri-sl.com\/fr\/transport\/vehicules-speciaux\/#primaryimage"},"thumbnailUrl":"https:\/\/www.industri-sl.com\/wp-content\/uploads\/ambulancia-1-1-300x216.jpg","datePublished":"2019-10-02T07:13:08+00:00","dateModified":"2020-01-29T09:23:15+00:00","description":"Chez INDUSTRI, nous concevons et fabriquons des pi\u00e8ces sur mesure pour v\u00e9hicules sp\u00e9ciaux, tels qu\u2019ambulances, voitures de police ou autobus scolaires.","breadcrumb":{"@id":"https:\/\/www.industri-sl.com\/fr\/transport\/vehicules-speciaux\/#breadcrumb"},"inLanguage":"fr-FR","potentialAction":[{"@type":"ReadAction","target":["https:\/\/www.industri-sl.com\/fr\/transport\/vehicules-speciaux\/"]}]},{"@type":"ImageObject","inLanguage":"fr-FR","@id":"https:\/\/www.industri-sl.com\/fr\/transport\/vehicules-speciaux\/#primaryimage","url":"https:\/\/www.industri-sl.com\/wp-content\/uploads\/ambulancia-1-1-300x216.jpg","contentUrl":"https:\/\/www.industri-sl.com\/wp-content\/uploads\/ambulancia-1-1-300x216.jpg"},{"@type":"BreadcrumbList","@id":"https:\/\/www.industri-sl.com\/fr\/transport\/vehicules-speciaux\/#breadcrumb","itemListElement":[{"@type":"ListItem","position":1,"name":"Inicio","item":"https:\/\/www.industri-sl.com\/fr\/"},{"@type":"ListItem","position":2,"name":"Division Transport","item":"https:\/\/www.industri-sl.com\/fr\/transport\/"},{"@type":"ListItem","position":3,"name":"Fabrication sur mesure pour v\u00e9hicules sp\u00e9ciaux"}]},{"@type":"WebSite","@id":"https:\/\/www.industri-sl.com\/fr\/#website","url":"https:\/\/www.industri-sl.com\/fr\/","name":"Industri SL","description":"","publisher":{"@id":"https:\/\/www.industri-sl.com\/fr\/#organization"},"potentialAction":[{"@type":"SearchAction","target":{"@type":"EntryPoint","urlTemplate":"https:\/\/www.industri-sl.com\/fr\/?s={search_term_string}"},"query-input":{"@type":"PropertyValueSpecification","valueRequired":true,"valueName":"search_term_string"}}],"inLanguage":"fr-FR"},{"@type":"Organization","@id":"https:\/\/www.industri-sl.com\/fr\/#organization","name":"Industri SL","url":"https:\/\/www.industri-sl.com\/fr\/","logo":{"@type":"ImageObject","inLanguage":"fr-FR","@id":"https:\/\/www.industri-sl.com\/fr\/#\/schema\/logo\/image\/","url":"https:\/\/www.industri-sl.com\/wp-content\/uploads\/industri-logo.png","contentUrl":"https:\/\/www.industri-sl.com\/wp-content\/uploads\/industri-logo.png","width":248,"height":45,"caption":"Industri SL"},"image":{"@id":"https:\/\/www.industri-sl.com\/fr\/#\/schema\/logo\/image\/"}}]}},"_links":{"self":[{"href":"https:\/\/www.industri-sl.com\/fr\/wp-json\/wp\/v2\/pages\/9293","targetHints":{"allow":["GET"]}}],"collection":[{"href":"https:\/\/www.industri-sl.com\/fr\/wp-json\/wp\/v2\/pages"}],"about":[{"href":"https:\/\/www.industri-sl.com\/fr\/wp-json\/wp\/v2\/types\/page"}],"author":[{"embeddable":true,"href":"https:\/\/www.industri-sl.com\/fr\/wp-json\/wp\/v2\/users\/3"}],"replies":[{"embeddable":true,"href":"https:\/\/www.industri-sl.com\/fr\/wp-json\/wp\/v2\/comments?post=9293"}],"version-history":[{"count":0,"href":"https:\/\/www.industri-sl.com\/fr\/wp-json\/wp\/v2\/pages\/9293\/revisions"}],"up":[{"embeddable":true,"href":"https:\/\/www.industri-sl.com\/fr\/wp-json\/wp\/v2\/pages\/9185"}],"wp:attachment":[{"href":"https:\/\/www.industri-sl.com\/fr\/wp-json\/wp\/v2\/media?parent=9293"}],"curies":[{"name":"wp","href":"https:\/\/api.w.org\/{rel}","templated":true}]}}