{"id":9287,"date":"2019-11-28T14:25:17","date_gmt":"2019-11-28T13:25:17","guid":{"rendered":"https:\/\/www.industri-sl.com\/transport\/train\/bisagras\/"},"modified":"2025-03-27T15:06:06","modified_gmt":"2025-03-27T14:06:06","slug":"charnieres","status":"publish","type":"page","link":"https:\/\/www.industri-sl.com\/fr\/transport\/train\/charnieres\/","title":{"rendered":"Charni\u00e8res sur mesure pour les trains"},"content":{"rendered":"<h2>Fabrication de charni\u00e8res sur mesure pour trains<\/h2>\n<p>Chez INDUSTRI, nous concevons, fabriquons et fournissons des charni\u00e8res de rechange pour les trains. Chaque projet est con\u00e7u en fonction <a href=\"https:\/\/www.industri-sl.com\/fr\/ingenierie\/\">des besoins du client<\/a> et dans notre catalogue, vous pourrez trouver des charni\u00e8res pour les porte-bagages int\u00e9rieurs et ext\u00e9rieurs.<\/p>\n<p>Au fil de <a href=\"https:\/\/www.industri-sl.com\/fr\/nous\/\">nos ann\u00e9es d\u2019exp\u00e9rience<\/a>, nous avons optimis\u00e9 nos designs avec de nouveaux syst\u00e8mes de verrouillage plus efficaces et appliqu\u00e9 d\u2019autres traitements pour augmenter la dur\u00e9e de vie utile des charni\u00e8res. Elles sont con\u00e7ues avec les meilleurs mat\u00e9riaux pour offrir une tr\u00e8s haute r\u00e9sistance et \u00e9viter l\u2019oxydation. <\/p>\n<h2>Quel type de charni\u00e8res fabriquons-nous?<\/h2>\n<div><a class=\"boton gris\" href=\"#portamaletas\">Porte-bagages int\u00e9rieurs<\/a><a class=\"boton gris\" href=\"#minusvalidos\">Pour portes PMR avec verrouillage<\/a><a class=\"boton gris\" href=\"#rotula\">Porte-bagages sans rotules<\/a><\/div>\n<div class=\"light-bg marcas\">\n\t<div class=\"flex\">\n\t\t<h2>nos clients<\/h2>\n\n\t<\/div>\n\n\t<div class=\"flex\">\n\t\t<div class=\"caja\">\n\t\t\t<div class=\"flex marcas-logos\">\n\t\t\t\t<div><a href=\"https:\/\/www.industri-sl.com\/fr\/transporte\/recambios\/tren\/caf\/\"><img decoding=\"async\" loading=\"lazy\" src=\"https:\/\/www.industri-sl.com\/wp-content\/themes\/industri\/img\/logo-caf.jpg\" alt=\"CAF\"><\/a><\/div>\n\t\t\t\t<div><a href=\"https:\/\/www.industri-sl.com\/fr\/transporte\/recambios\/tren\/talgo\/\"><img decoding=\"async\" loading=\"lazy\" src=\"https:\/\/www.industri-sl.com\/wp-content\/themes\/industri\/img\/logo-talgo.jpg\" alt=\"Talgo\"><\/a><\/div>\n\t\t\t\t<div><img decoding=\"async\" loading=\"lazy\" src=\"https:\/\/www.industri-sl.com\/wp-content\/themes\/industri\/img\/logo-esg-rail.jpg\" alt=\"DBESGRail\"><\/div>\n\t\t\t<\/div>\n\t\t<\/div>\n\t<\/div>\n\t<div class=\"flex\">\n\t\t<div class=\"caja\">\n\t\t\t<div class=\"flex marcas-logos\">\n\t\t\t\t<div><a href=\"https:\/\/www.industri-sl.com\/fr\/transporte\/recambios\/tren\/alstom\/\"><img decoding=\"async\" loading=\"lazy\" src=\"https:\/\/www.industri-sl.com\/wp-content\/themes\/industri\/img\/logo-alstom.jpg\" alt=\"ALSTOM\"><\/a><\/div>\n\t\t\t\t<div><img decoding=\"async\" loading=\"lazy\" src=\"https:\/\/www.industri-sl.com\/wp-content\/themes\/industri\/img\/logo-bombardier.jpg\" alt=\"Bombardier\"><\/div>\n\t\t\t\t<div><img decoding=\"async\" loading=\"lazy\" src=\"https:\/\/www.industri-sl.com\/wp-content\/themes\/industri\/img\/logo-stadler.jpg\" alt=\"Stadler\"><\/div>\n\t\t\t<\/div>\n\t\t<\/div>\n\t<\/div>\n\t<br>\n\t<a class=\"boton sin\" href=\"#formulario\">DEMANDE DE DEVIS<\/a>\n<\/div>\n\n<h3 id=\"portamaletas\" class=\"ancla\">Charni\u00e8res de porte-bagages int\u00e9rieurs<\/h3>\n<p><img loading=\"lazy\" decoding=\"async\" class=\"alignright wp-image-2220 size-medium\" src=\"https:\/\/www.industri-sl.com\/wp-content\/uploads\/bisagra-portamaletas-3-4-300x248.jpg\" alt=\"Fabrication de charni\u00e8res de porte-bagages int\u00e9rieurs sur mesure pour trains\" width=\"300\" height=\"248\" srcset=\"https:\/\/www.industri-sl.com\/wp-content\/uploads\/bisagra-portamaletas-3-4-300x248.jpg 300w, https:\/\/www.industri-sl.com\/wp-content\/uploads\/bisagra-portamaletas-3-4-768x634.jpg 768w, https:\/\/www.industri-sl.com\/wp-content\/uploads\/bisagra-portamaletas-3-4.jpg 800w\" sizes=\"auto, (max-width: 300px) 100vw, 300px\" \/>Les charni\u00e8res de porte-bagages int\u00e9rieurs <strong>sont utilis\u00e9es pour fixer les panneaux rabattables<\/strong> des porte-bagages du train, analogues \u00e0 ceux des avions. Elles sont habituellement install\u00e9es de mani\u00e8re sym\u00e9trique pour que leur fonctionnement soit lui aussi sym\u00e9trique.<\/p>\n<p>Ces charni\u00e8res peuvent \u00eatre <strong>fabriqu\u00e9es avec diff\u00e9rents composants<\/strong> (avec ou sans rotule) et chaque mod\u00e8le est soumis \u00e0 notre banc d&rsquo;essais pour nous assurer qu&rsquo;elles sont aptes \u00e0 supporter une longue dur\u00e9e de vie utile.<\/p>\n<h3 id=\"minusvalidos\" class=\"ancla\">Charni\u00e8res pour portes PMR avec verrouillage<\/h3>\n<p><img loading=\"lazy\" decoding=\"async\" class=\"alignright wp-image-795 size-medium\" src=\"https:\/\/www.industri-sl.com\/wp-content\/uploads\/bisagra-minusvalidos-1-1-300x225.jpg\" alt=\"Fabrication de charni\u00e8res pour portes PMR avec verrouillage sur mesure pour trains\" width=\"300\" height=\"225\" srcset=\"https:\/\/www.industri-sl.com\/wp-content\/uploads\/bisagra-minusvalidos-1-1-300x225.jpg 300w, https:\/\/www.industri-sl.com\/wp-content\/uploads\/bisagra-minusvalidos-1-1-768x576.jpg 768w, https:\/\/www.industri-sl.com\/wp-content\/uploads\/bisagra-minusvalidos-1-1.jpg 800w\" sizes=\"auto, (max-width: 300px) 100vw, 300px\" \/>Con\u00e7ue avec <strong>un design sp\u00e9cifique<\/strong> pour satisfaire aux contraintes les plus exigeantes, cette charni\u00e8re hautement r\u00e9sistante est dot\u00e9e d\u2019un syst\u00e8me de verrouillage pour emp\u00eacher la fermeture involontaire.<\/p>\n<p>Elle a \u00e9t\u00e9 con\u00e7ue pour supporter de grandes charges de travail et <strong>pour r\u00e9sister aux intemp\u00e9ries<\/strong>. Toutes les pi\u00e8ces de la charni\u00e8re sont en acier inoxydable ou ont re\u00e7u un traitement de surface r\u00e9sistant \u00e0 l\u2019oxydation produite par l\u2019eau et l\u2019air.<\/p>\n<p>La qualit\u00e9 de la conception et des mat\u00e9riaux utilis\u00e9s dans la fabrication de cette charni\u00e8re garantit \u00e0 ce composant <strong>une longue dur\u00e9e de vie utile<\/strong>.<\/p>\n<h3 id=\"rotula\" class=\"ancla\">Charni\u00e8res pour porte-bagages sans rotule<\/h3>\n<p>Les charni\u00e8res pour porte-bagages sans rotule <strong>sont d\u00e9coup\u00e9es au laser<\/strong>, pli\u00e9es et peintes suivant les besoins du client et suivant ses sp\u00e9cifications. Ces charni\u00e8res sont rivet\u00e9es au point de pivotement et comportent une but\u00e9e m\u00e9canique pour \u00e9viter des courses sup\u00e9rieures \u00e0 celles souhait\u00e9es. Elles se composent d\u2019un cylindre ou ressort \u00e0 gaz qui s\u2019oppose \u00e0 la course, en <strong>travaillant comme amortisseurs<\/strong>.<\/p>\n<p>Ces charni\u00e8res sont utilis\u00e9es pour fixer les panneaux rabattables des porte-bagages dans les trains, <strong>analogues \u00e0 ceux des avions<\/strong>.<\/p>\n<p>Les charni\u00e8res de porte-bagages sans rotule sont fabriqu\u00e9es sous forme d\u2019ensembles de deux charni\u00e8res sym\u00e9triques, qu&rsquo;on placera l&rsquo;une en face de l&rsquo;autre <strong>pour un meilleur fonctionnement<\/strong>. Les \u00e9tudes de qualit\u00e9 effectu\u00e9es sur notre banc d\u2019essais ont conclu que la dur\u00e9e de vie utile de ce type de charni\u00e8res atteint environ 45.000 cycles.<\/p>\n<div class=\"otras-piezas\">\n<h4>Ces marques de train nous font d\u00e9j\u00e0 confiance:<\/h4>\n<div><a class=\"boton gris\" href=\"https:\/\/www.industri-sl.com\/fr\/transport\/pieces-detachees\/train\/caf\/\">CAF<\/a><a class=\"boton gris\" href=\"https:\/\/www.industri-sl.com\/fr\/transport\/pieces-detachees\/train\/alstom\/\">Alstom<\/a><a class=\"boton gris\" href=\"https:\/\/www.industri-sl.com\/fr\/transport\/pieces-detachees\/train\/talgo\/\">Talgo<\/a><\/div>\n<\/div>\n","protected":false},"excerpt":{"rendered":"<p>Fabrication de charni\u00e8res sur mesure pour trains Chez INDUSTRI, nous concevons, fabriquons et fournissons des charni\u00e8res de rechange pour les trains. Chaque projet est con\u00e7u en fonction des besoins du client et dans notre catalogue, vous pourrez trouver des charni\u00e8res pour les porte-bagages int\u00e9rieurs et ext\u00e9rieurs. Au fil de nos ann\u00e9es d\u2019exp\u00e9rience, nous avons optimis\u00e9 [&hellip;]<\/p>\n","protected":false},"author":3,"featured_media":0,"parent":9285,"menu_order":0,"comment_status":"closed","ping_status":"closed","template":"page-vehiculos.php","meta":{"footnotes":""},"class_list":["post-9287","page","type-page","status-publish","hentry"],"yoast_head":"<!-- This site is optimized with the Yoast SEO plugin v27.5 - https:\/\/yoast.com\/product\/yoast-seo-wordpress\/ -->\n<title>Fabrication de charni\u00e8res sur mesure pour train - INDUSTRI<\/title>\n<meta name=\"description\" content=\"Chez INDUSTRI, nous concevons, fabriquons et fournissons des charni\u00e8res de rechange pour portes de trains, tramways et m\u00e9tros.\" \/>\n<meta name=\"robots\" content=\"index, follow, max-snippet:-1, max-image-preview:large, max-video-preview:-1\" \/>\n<link rel=\"canonical\" href=\"https:\/\/www.industri-sl.com\/fr\/transport\/train\/charnieres\/\" \/>\n<meta property=\"og:locale\" content=\"fr_FR\" \/>\n<meta property=\"og:type\" content=\"article\" \/>\n<meta property=\"og:title\" content=\"Fabrication de charni\u00e8res sur mesure pour train - INDUSTRI\" \/>\n<meta property=\"og:description\" content=\"Chez INDUSTRI, nous concevons, fabriquons et fournissons des charni\u00e8res de rechange pour portes de trains, tramways et m\u00e9tros.\" \/>\n<meta property=\"og:url\" content=\"https:\/\/www.industri-sl.com\/fr\/transport\/train\/charnieres\/\" \/>\n<meta property=\"og:site_name\" content=\"Industri SL\" \/>\n<meta property=\"article:modified_time\" content=\"2025-03-27T14:06:06+00:00\" \/>\n<meta property=\"og:image\" content=\"https:\/\/www.industri-sl.com\/wp-content\/uploads\/bisagra-portamaletas-3-4-300x248.jpg\" \/>\n<meta name=\"twitter:card\" content=\"summary_large_image\" \/>\n<meta name=\"twitter:label1\" content=\"Dur\u00e9e de lecture estim\u00e9e\" \/>\n\t<meta name=\"twitter:data1\" content=\"3 minutes\" \/>\n<script type=\"application\/ld+json\" class=\"yoast-schema-graph\">{\"@context\":\"https:\\\/\\\/schema.org\",\"@graph\":[{\"@type\":\"WebPage\",\"@id\":\"https:\\\/\\\/www.industri-sl.com\\\/fr\\\/transport\\\/train\\\/charnieres\\\/\",\"url\":\"https:\\\/\\\/www.industri-sl.com\\\/fr\\\/transport\\\/train\\\/charnieres\\\/\",\"name\":\"Fabrication de charni\u00e8res sur mesure pour train - INDUSTRI\",\"isPartOf\":{\"@id\":\"https:\\\/\\\/www.industri-sl.com\\\/fr\\\/#website\"},\"primaryImageOfPage\":{\"@id\":\"https:\\\/\\\/www.industri-sl.com\\\/fr\\\/transport\\\/train\\\/charnieres\\\/#primaryimage\"},\"image\":{\"@id\":\"https:\\\/\\\/www.industri-sl.com\\\/fr\\\/transport\\\/train\\\/charnieres\\\/#primaryimage\"},\"thumbnailUrl\":\"https:\\\/\\\/www.industri-sl.com\\\/wp-content\\\/uploads\\\/bisagra-portamaletas-3-4-300x248.jpg\",\"datePublished\":\"2019-11-28T13:25:17+00:00\",\"dateModified\":\"2025-03-27T14:06:06+00:00\",\"description\":\"Chez INDUSTRI, nous concevons, fabriquons et fournissons des charni\u00e8res de rechange pour portes de trains, tramways et m\u00e9tros.\",\"breadcrumb\":{\"@id\":\"https:\\\/\\\/www.industri-sl.com\\\/fr\\\/transport\\\/train\\\/charnieres\\\/#breadcrumb\"},\"inLanguage\":\"fr-FR\",\"potentialAction\":[{\"@type\":\"ReadAction\",\"target\":[\"https:\\\/\\\/www.industri-sl.com\\\/fr\\\/transport\\\/train\\\/charnieres\\\/\"]}]},{\"@type\":\"ImageObject\",\"inLanguage\":\"fr-FR\",\"@id\":\"https:\\\/\\\/www.industri-sl.com\\\/fr\\\/transport\\\/train\\\/charnieres\\\/#primaryimage\",\"url\":\"https:\\\/\\\/www.industri-sl.com\\\/wp-content\\\/uploads\\\/bisagra-portamaletas-3-4-300x248.jpg\",\"contentUrl\":\"https:\\\/\\\/www.industri-sl.com\\\/wp-content\\\/uploads\\\/bisagra-portamaletas-3-4-300x248.jpg\"},{\"@type\":\"BreadcrumbList\",\"@id\":\"https:\\\/\\\/www.industri-sl.com\\\/fr\\\/transport\\\/train\\\/charnieres\\\/#breadcrumb\",\"itemListElement\":[{\"@type\":\"ListItem\",\"position\":1,\"name\":\"Inicio\",\"item\":\"https:\\\/\\\/www.industri-sl.com\\\/fr\\\/\"},{\"@type\":\"ListItem\",\"position\":2,\"name\":\"Division Transport\",\"item\":\"https:\\\/\\\/www.industri-sl.com\\\/fr\\\/transport\\\/\"},{\"@type\":\"ListItem\",\"position\":3,\"name\":\"FABRICATION SUR MESURE POUR LES TRAINS\",\"item\":\"https:\\\/\\\/www.industri-sl.com\\\/fr\\\/transport\\\/train\\\/\"},{\"@type\":\"ListItem\",\"position\":4,\"name\":\"Charni\u00e8res sur mesure pour les trains\"}]},{\"@type\":\"WebSite\",\"@id\":\"https:\\\/\\\/www.industri-sl.com\\\/fr\\\/#website\",\"url\":\"https:\\\/\\\/www.industri-sl.com\\\/fr\\\/\",\"name\":\"Industri SL\",\"description\":\"\",\"publisher\":{\"@id\":\"https:\\\/\\\/www.industri-sl.com\\\/fr\\\/#organization\"},\"potentialAction\":[{\"@type\":\"SearchAction\",\"target\":{\"@type\":\"EntryPoint\",\"urlTemplate\":\"https:\\\/\\\/www.industri-sl.com\\\/fr\\\/?s={search_term_string}\"},\"query-input\":{\"@type\":\"PropertyValueSpecification\",\"valueRequired\":true,\"valueName\":\"search_term_string\"}}],\"inLanguage\":\"fr-FR\"},{\"@type\":\"Organization\",\"@id\":\"https:\\\/\\\/www.industri-sl.com\\\/fr\\\/#organization\",\"name\":\"Industri SL\",\"url\":\"https:\\\/\\\/www.industri-sl.com\\\/fr\\\/\",\"logo\":{\"@type\":\"ImageObject\",\"inLanguage\":\"fr-FR\",\"@id\":\"https:\\\/\\\/www.industri-sl.com\\\/fr\\\/#\\\/schema\\\/logo\\\/image\\\/\",\"url\":\"https:\\\/\\\/www.industri-sl.com\\\/wp-content\\\/uploads\\\/industri-logo.png\",\"contentUrl\":\"https:\\\/\\\/www.industri-sl.com\\\/wp-content\\\/uploads\\\/industri-logo.png\",\"width\":248,\"height\":45,\"caption\":\"Industri SL\"},\"image\":{\"@id\":\"https:\\\/\\\/www.industri-sl.com\\\/fr\\\/#\\\/schema\\\/logo\\\/image\\\/\"}}]}<\/script>\n<!-- \/ Yoast SEO plugin. -->","yoast_head_json":{"title":"Fabrication de charni\u00e8res sur mesure pour train - INDUSTRI","description":"Chez INDUSTRI, nous concevons, fabriquons et fournissons des charni\u00e8res de rechange pour portes de trains, tramways et m\u00e9tros.","robots":{"index":"index","follow":"follow","max-snippet":"max-snippet:-1","max-image-preview":"max-image-preview:large","max-video-preview":"max-video-preview:-1"},"canonical":"https:\/\/www.industri-sl.com\/fr\/transport\/train\/charnieres\/","og_locale":"fr_FR","og_type":"article","og_title":"Fabrication de charni\u00e8res sur mesure pour train - INDUSTRI","og_description":"Chez INDUSTRI, nous concevons, fabriquons et fournissons des charni\u00e8res de rechange pour portes de trains, tramways et m\u00e9tros.","og_url":"https:\/\/www.industri-sl.com\/fr\/transport\/train\/charnieres\/","og_site_name":"Industri SL","article_modified_time":"2025-03-27T14:06:06+00:00","og_image":[{"url":"https:\/\/www.industri-sl.com\/wp-content\/uploads\/bisagra-portamaletas-3-4-300x248.jpg","type":"","width":"","height":""}],"twitter_card":"summary_large_image","twitter_misc":{"Dur\u00e9e de lecture estim\u00e9e":"3 minutes"},"schema":{"@context":"https:\/\/schema.org","@graph":[{"@type":"WebPage","@id":"https:\/\/www.industri-sl.com\/fr\/transport\/train\/charnieres\/","url":"https:\/\/www.industri-sl.com\/fr\/transport\/train\/charnieres\/","name":"Fabrication de charni\u00e8res sur mesure pour train - INDUSTRI","isPartOf":{"@id":"https:\/\/www.industri-sl.com\/fr\/#website"},"primaryImageOfPage":{"@id":"https:\/\/www.industri-sl.com\/fr\/transport\/train\/charnieres\/#primaryimage"},"image":{"@id":"https:\/\/www.industri-sl.com\/fr\/transport\/train\/charnieres\/#primaryimage"},"thumbnailUrl":"https:\/\/www.industri-sl.com\/wp-content\/uploads\/bisagra-portamaletas-3-4-300x248.jpg","datePublished":"2019-11-28T13:25:17+00:00","dateModified":"2025-03-27T14:06:06+00:00","description":"Chez INDUSTRI, nous concevons, fabriquons et fournissons des charni\u00e8res de rechange pour portes de trains, tramways et m\u00e9tros.","breadcrumb":{"@id":"https:\/\/www.industri-sl.com\/fr\/transport\/train\/charnieres\/#breadcrumb"},"inLanguage":"fr-FR","potentialAction":[{"@type":"ReadAction","target":["https:\/\/www.industri-sl.com\/fr\/transport\/train\/charnieres\/"]}]},{"@type":"ImageObject","inLanguage":"fr-FR","@id":"https:\/\/www.industri-sl.com\/fr\/transport\/train\/charnieres\/#primaryimage","url":"https:\/\/www.industri-sl.com\/wp-content\/uploads\/bisagra-portamaletas-3-4-300x248.jpg","contentUrl":"https:\/\/www.industri-sl.com\/wp-content\/uploads\/bisagra-portamaletas-3-4-300x248.jpg"},{"@type":"BreadcrumbList","@id":"https:\/\/www.industri-sl.com\/fr\/transport\/train\/charnieres\/#breadcrumb","itemListElement":[{"@type":"ListItem","position":1,"name":"Inicio","item":"https:\/\/www.industri-sl.com\/fr\/"},{"@type":"ListItem","position":2,"name":"Division Transport","item":"https:\/\/www.industri-sl.com\/fr\/transport\/"},{"@type":"ListItem","position":3,"name":"FABRICATION SUR MESURE POUR LES TRAINS","item":"https:\/\/www.industri-sl.com\/fr\/transport\/train\/"},{"@type":"ListItem","position":4,"name":"Charni\u00e8res sur mesure pour les trains"}]},{"@type":"WebSite","@id":"https:\/\/www.industri-sl.com\/fr\/#website","url":"https:\/\/www.industri-sl.com\/fr\/","name":"Industri SL","description":"","publisher":{"@id":"https:\/\/www.industri-sl.com\/fr\/#organization"},"potentialAction":[{"@type":"SearchAction","target":{"@type":"EntryPoint","urlTemplate":"https:\/\/www.industri-sl.com\/fr\/?s={search_term_string}"},"query-input":{"@type":"PropertyValueSpecification","valueRequired":true,"valueName":"search_term_string"}}],"inLanguage":"fr-FR"},{"@type":"Organization","@id":"https:\/\/www.industri-sl.com\/fr\/#organization","name":"Industri SL","url":"https:\/\/www.industri-sl.com\/fr\/","logo":{"@type":"ImageObject","inLanguage":"fr-FR","@id":"https:\/\/www.industri-sl.com\/fr\/#\/schema\/logo\/image\/","url":"https:\/\/www.industri-sl.com\/wp-content\/uploads\/industri-logo.png","contentUrl":"https:\/\/www.industri-sl.com\/wp-content\/uploads\/industri-logo.png","width":248,"height":45,"caption":"Industri SL"},"image":{"@id":"https:\/\/www.industri-sl.com\/fr\/#\/schema\/logo\/image\/"}}]}},"_links":{"self":[{"href":"https:\/\/www.industri-sl.com\/fr\/wp-json\/wp\/v2\/pages\/9287","targetHints":{"allow":["GET"]}}],"collection":[{"href":"https:\/\/www.industri-sl.com\/fr\/wp-json\/wp\/v2\/pages"}],"about":[{"href":"https:\/\/www.industri-sl.com\/fr\/wp-json\/wp\/v2\/types\/page"}],"author":[{"embeddable":true,"href":"https:\/\/www.industri-sl.com\/fr\/wp-json\/wp\/v2\/users\/3"}],"replies":[{"embeddable":true,"href":"https:\/\/www.industri-sl.com\/fr\/wp-json\/wp\/v2\/comments?post=9287"}],"version-history":[{"count":0,"href":"https:\/\/www.industri-sl.com\/fr\/wp-json\/wp\/v2\/pages\/9287\/revisions"}],"up":[{"embeddable":true,"href":"https:\/\/www.industri-sl.com\/fr\/wp-json\/wp\/v2\/pages\/9285"}],"wp:attachment":[{"href":"https:\/\/www.industri-sl.com\/fr\/wp-json\/wp\/v2\/media?parent=9287"}],"curies":[{"name":"wp","href":"https:\/\/api.w.org\/{rel}","templated":true}]}}