{"id":9285,"date":"2019-09-09T00:31:54","date_gmt":"2019-09-08T22:31:54","guid":{"rendered":"https:\/\/www.industri-sl.com\/transport\/tren\/"},"modified":"2025-03-31T12:39:46","modified_gmt":"2025-03-31T10:39:46","slug":"train","status":"publish","type":"page","link":"https:\/\/www.industri-sl.com\/fr\/transport\/train\/","title":{"rendered":"FABRICATION SUR MESURE POUR LES TRAINS"},"content":{"rendered":"<h2>Des accessoires pour les trains con\u00e7us et fabriqu\u00e9s sur mesure<\/h2>\n<p>Industri fabrique des pi\u00e8ces et des composants pour l\u2019industrie ferroviaire. <strong>Nous sommes sp\u00e9cialis\u00e9s dans la conception et la fabrication sur mesure d&rsquo;\u00e9l\u00e9ments de d\u00e9coration int\u00e9rieure pour les trains,<\/strong> comme par exemple les rideaux et les charni\u00e8res. Nous travaillons au coude-\u00e0-coude avec nos clients pour configurer les \u00e9quipements qui r\u00e9pondent le mieux \u00e0 leurs sp\u00e9cifications techniques.<\/p>\n<h2>Notre \u00e9quipement pour les trains<\/h2>\n<p>La haute <strong>personnalisation et la qualit\u00e9<\/strong> sont deux atouts qui distinguent nos accessoires pour les trains, fruits d\u2019une collaboration \u00e9troite avec chaque client et de l\u2019am\u00e9lioration continue des produits.<\/p>\n<div><a class=\"boton gris\" href=\"https:\/\/www.industri-sl.com\/transporte\/tren\/cortinas\/\">Rideaux<\/a><a class=\"boton gris\" href=\"https:\/\/www.industri-sl.com\/transporte\/tren\/bisagras\/\">Charni\u00e8res<\/a><\/div>\n<div class=\"light-bg marcas\">\n\t<div class=\"flex\">\n\t\t<h2>nos clients<\/h2>\n\n\t<\/div>\n\n\t<div class=\"flex\">\n\t\t<div class=\"caja\">\n\t\t\t<div class=\"flex marcas-logos\">\n\t\t\t\t<div><a href=\"https:\/\/www.industri-sl.com\/fr\/transporte\/recambios\/tren\/caf\/\"><img decoding=\"async\" loading=\"lazy\" src=\"https:\/\/www.industri-sl.com\/wp-content\/themes\/industri\/img\/logo-caf.jpg\" alt=\"CAF\"><\/a><\/div>\n\t\t\t\t<div><a href=\"https:\/\/www.industri-sl.com\/fr\/transporte\/recambios\/tren\/talgo\/\"><img decoding=\"async\" loading=\"lazy\" src=\"https:\/\/www.industri-sl.com\/wp-content\/themes\/industri\/img\/logo-talgo.jpg\" alt=\"Talgo\"><\/a><\/div>\n\t\t\t\t<div><img decoding=\"async\" loading=\"lazy\" src=\"https:\/\/www.industri-sl.com\/wp-content\/themes\/industri\/img\/logo-esg-rail.jpg\" alt=\"DBESGRail\"><\/div>\n\t\t\t<\/div>\n\t\t<\/div>\n\t<\/div>\n\t<div class=\"flex\">\n\t\t<div class=\"caja\">\n\t\t\t<div class=\"flex marcas-logos\">\n\t\t\t\t<div><a href=\"https:\/\/www.industri-sl.com\/fr\/transporte\/recambios\/tren\/alstom\/\"><img decoding=\"async\" loading=\"lazy\" src=\"https:\/\/www.industri-sl.com\/wp-content\/themes\/industri\/img\/logo-alstom.jpg\" alt=\"ALSTOM\"><\/a><\/div>\n\t\t\t\t<div><img decoding=\"async\" loading=\"lazy\" src=\"https:\/\/www.industri-sl.com\/wp-content\/themes\/industri\/img\/logo-bombardier.jpg\" alt=\"Bombardier\"><\/div>\n\t\t\t\t<div><img decoding=\"async\" loading=\"lazy\" src=\"https:\/\/www.industri-sl.com\/wp-content\/themes\/industri\/img\/logo-stadler.jpg\" alt=\"Stadler\"><\/div>\n\t\t\t<\/div>\n\t\t<\/div>\n\t<\/div>\n\t<br>\n\t<a class=\"boton sin\" href=\"#formulario\">DEMANDE DE DEVIS<\/a>\n<\/div>\n\n<div class=\"flex cont-grey\">\n<div style=\" width: 100%;\">\n<img decoding=\"async\" src=\"https:\/\/www.industri-sl.com\/wp-content\/uploads\/imagen-proyecto-medida.jpg\">\n<\/div>\n<div>\n<h2>PROJETS SUR MESURE<\/h2>\n<p>Gr\u00e2ce \u00e0 une collaboration \u00e9troite avec chaque client et \u00e0 l\u2019am\u00e9lioration continue de nos produits et services, nous sommes capables de proposer des solutions hautement personnalis\u00e9es et adapt\u00e9es aux sp\u00e9cifications techniques de chaque projet. Collaborez avec nous et obtenez une solution sur mesure.\n<\/p><\/div>\n<\/div>\n<div class=\"flex cont-grey\">\n<div>\n<h2>IMPRESSION 3D<\/h2>\n<p>Pouss\u00e9s par un esprit d\u2019innovation constante, nous avons <strong>incorpor\u00e9 au sein d\u2019INDUSTRI la technologie 3D<\/strong> dans le processus de prototypage et dans la fabrication de s\u00e9ries courtes. Nous r\u00e9ussissons ainsi \u00e0 acc\u00e9l\u00e9rer nos processus, pour offrir un service rapide, pr\u00e9cis et de qualit\u00e9. D\u00e9couvrez nos nouveaux \u00e9quipements.\n<\/div>\n<div style=\" width: 100%;\">\n<img decoding=\"async\" src=\"https:\/\/www.industri-sl.com\/wp-content\/uploads\/imagen-impresion-3d.jpg\">\n<\/div>\n<\/div>\n<div class=\"flex cont-grey\">\n<div style=\" width: 100%;\">\n<img decoding=\"async\" src=\"https:\/\/www.industri-sl.com\/wp-content\/uploads\/imagen-transparencia-cada-proceso.jpg\">\n<\/div>\n<div>\n<h2>LA TRANSPARENCE DANS CHAQUE PROCESSUS<\/h2>\n<p>Afin de maximiser l\u2019apport de valeur \u00e0 nos clients, nous les impliquons dans les diff\u00e9rentes \u00e9tapes du processus. Nous cr\u00e9ons ainsi un canal de r\u00e9tro-alimentation dynamique et constant, qui favorise le suivi de chaque \u00e9tape. <strong>Suivez de pr\u00e8s l&rsquo;avanc\u00e9e du projet et oubliez les impr\u00e9vus.<\/strong>\n<\/div>\n<\/div>\n<div class=\"cont-red\">\n<div class=\"cont-white\">\n<p>\u00ab Je vous remercie de votre collaboration qui, de mon point de vue, a \u00e9t\u00e9 exceptionnelle. J\u2019esp\u00e8re que nous pourrons continuer \u00e0 collaborer \u00e0 l\u2019avenir \u00bb<\/p>\n<p><strong>Alina Bigu<\/strong><br \/>ALSTOM<\/p>\n<\/div>\n<\/div>\n<h2 style=\"text-align:center;\">PLUS DE 60 ANS D\u2019EXP\u00c9RIENCE<\/h2>\n<p style=\"text-align:center;\">INDUSTRI atteste <strong>plus de 60 ann\u00e9es d\u2019exp\u00e9rience dans le secteur,<\/strong> pendant lesquelles nous nous sommes engag\u00e9s dans la recherche et le d\u00e9veloppement comme moyens d\u2019assurer la qualit\u00e9 de nos produits et services, certifi\u00e9s par la norme UNE EN ISO 9001. <strong>Nous effectuons aussi les d\u00e9marches n\u00e9cessaires pour les certifications sp\u00e9cifiques \u00e0 chaque produit que nous fabriquons pour vous.<\/strong><\/p>\n<div class=\"flex experiencia\">\n<div>\n<img decoding=\"async\" src=\"https:\/\/www.industri-sl.com\/wp-content\/uploads\/icono-tecnologia-innovacion.jpg\"><\/p>\n<h3>TECHNOLOGIE ET<br \/> \u200b\u200bINNOVATION<\/h3>\n<\/div>\n<div>\n<img decoding=\"async\" src=\"https:\/\/www.industri-sl.com\/wp-content\/uploads\/Icono-compromiso.jpg\"><\/p>\n<h3>ENGAGEMENT<\/h3>\n<\/div>\n<div>\n<img decoding=\"async\" src=\"https:\/\/www.industri-sl.com\/wp-content\/uploads\/Icono-resopnsabilidad-social.jpg\"><\/p>\n<h3>RESPONSABILIT\u00c9 SOCIALE DES ENTREPRISES<\/h3>\n<\/div>\n<\/div>\n<div class=\"contact-section tren-contact\">\n<div id=\"formulario\">\n<h2> CONTACTEZ-NOUS OU DEMANDEZ UN DEVIS <\/h2>\n<p> Nous vous conseillons gratuitement et sans engagement!<\/p>\n\n<div class=\"wpcf7 no-js\" id=\"wpcf7-f9790-o1\" lang=\"fr-FR\" dir=\"ltr\" data-wpcf7-id=\"9790\">\n<div class=\"screen-reader-response\"><p role=\"status\" aria-live=\"polite\" aria-atomic=\"true\"><\/p> <ul><\/ul><\/div>\n<form action=\"\/fr\/wp-json\/wp\/v2\/pages\/9285#wpcf7-f9790-o1\" method=\"post\" class=\"wpcf7-form init wpcf7-acceptance-as-validation\" aria-label=\"Formulaire de contact\" novalidate=\"novalidate\" data-status=\"init\">\n<fieldset class=\"hidden-fields-container\"><input type=\"hidden\" name=\"_wpcf7\" value=\"9790\" \/><input type=\"hidden\" name=\"_wpcf7_version\" value=\"6.1.5\" \/><input type=\"hidden\" name=\"_wpcf7_locale\" value=\"fr_FR\" \/><input type=\"hidden\" name=\"_wpcf7_unit_tag\" value=\"wpcf7-f9790-o1\" \/><input type=\"hidden\" name=\"_wpcf7_container_post\" value=\"0\" \/><input type=\"hidden\" name=\"_wpcf7_posted_data_hash\" value=\"\" \/><input type=\"hidden\" name=\"_wpcf7_recaptcha_response\" value=\"\" \/>\n<\/fieldset>\n<div class=\"flex\">\n\t<div class=\"col-2\">\n\t\t<p><label> Nom*<br \/>\n<span class=\"wpcf7-form-control-wrap\" data-name=\"nombre\"><input size=\"40\" maxlength=\"400\" class=\"wpcf7-form-control wpcf7-text wpcf7-validates-as-required\" aria-required=\"true\" aria-invalid=\"false\" value=\"\" type=\"text\" name=\"nombre\" \/><\/span> <\/label>\n\t\t<\/p>\n\t<\/div>\n\t<div class=\"col-2\">\n\t\t<p><label> Courrier \u00e9lectronique*<br \/>\n<span class=\"wpcf7-form-control-wrap\" data-name=\"correo\"><input size=\"40\" maxlength=\"400\" class=\"wpcf7-form-control wpcf7-email wpcf7-validates-as-required wpcf7-text wpcf7-validates-as-email\" aria-required=\"true\" aria-invalid=\"false\" value=\"\" type=\"email\" name=\"correo\" \/><\/span> <\/label>\n\t\t<\/p>\n\t<\/div>\n<\/div>\n<div class=\"flex\">\n\t<div class=\"col-2\">\n\t\t<p><label> Entreprise*<br \/>\n<span class=\"wpcf7-form-control-wrap\" data-name=\"empresa\"><input size=\"40\" maxlength=\"400\" class=\"wpcf7-form-control wpcf7-text wpcf7-validates-as-required\" aria-required=\"true\" aria-invalid=\"false\" value=\"\" type=\"text\" name=\"empresa\" \/><\/span> <\/label>\n\t\t<\/p>\n\t<\/div>\n\t<div class=\"col-2\">\n\t\t<p><label> T\u00e9l\u00e9phone<br \/>\n<span class=\"wpcf7-form-control-wrap\" data-name=\"telefono\"><input size=\"40\" maxlength=\"400\" class=\"wpcf7-form-control wpcf7-tel wpcf7-text wpcf7-validates-as-tel\" aria-invalid=\"false\" value=\"\" type=\"tel\" name=\"telefono\" \/><\/span> <\/label>\n\t\t<\/p>\n\t<\/div>\n<\/div>\n<p><label> De quoi avez-vous besoin ?<br \/>\n<span class=\"wpcf7-form-control-wrap\" data-name=\"mensaje\"><textarea cols=\"40\" rows=\"10\" maxlength=\"2000\" class=\"wpcf7-form-control wpcf7-textarea\" aria-invalid=\"false\" name=\"mensaje\"><\/textarea><\/span> <\/label>\n<\/p>\n<p><span class=\"wpcf7-form-control-wrap\" data-name=\"privacidad\"><span class=\"wpcf7-form-control wpcf7-acceptance\"><span class=\"wpcf7-list-item\"><label><input type=\"checkbox\" name=\"privacidad\" value=\"1\" aria-invalid=\"false\" \/><span class=\"wpcf7-list-item-label\">J'accepte <a rel=\"nofollow\" target=\"_blank\" href=\"https:\/\/www.industri-sl.com\/fr\/mentions-legales\/\">mentions l\u00e9gales<\/a>.<\/span><\/label><\/span><\/span><\/span>\n<\/p>\n<p><input class=\"wpcf7-form-control wpcf7-submit has-spinner\" type=\"submit\" value=\"Envoyer\" \/>\n<\/p>\n<p class='mimeho'><span class=\"wpcf7-form-control-wrap\" data-name=\"mimeho\"><input size=\"40\" maxlength=\"400\" class=\"wpcf7-form-control wpcf7-text\" aria-invalid=\"false\" value=\"\" type=\"text\" name=\"mimeho\" \/><\/span>\n<\/p>\n<p class='dovibi'><span class=\"wpcf7-form-control-wrap\" data-name=\"dovibi\"><input size=\"40\" maxlength=\"400\" class=\"wpcf7-form-control wpcf7-text\" aria-invalid=\"false\" value=\"\" type=\"text\" name=\"dovibi\" \/><\/span>\n<\/p>\n<p class='zimuhi'><span class=\"wpcf7-form-control-wrap\" data-name=\"zimuhi\"><input size=\"40\" maxlength=\"400\" class=\"wpcf7-form-control wpcf7-text\" aria-invalid=\"false\" value=\"\" type=\"text\" name=\"zimuhi\" \/><\/span>\n<\/p>\n<p class='xedofo'><span class=\"wpcf7-form-control-wrap\" data-name=\"xedofo\"><input size=\"40\" maxlength=\"400\" class=\"wpcf7-form-control wpcf7-text\" aria-invalid=\"false\" value=\"\" type=\"text\" name=\"xedofo\" \/><\/span>\n<\/p><p style=\"display: none !important;\" class=\"akismet-fields-container\" data-prefix=\"_wpcf7_ak_\"><label>&#916;<textarea name=\"_wpcf7_ak_hp_textarea\" cols=\"45\" rows=\"8\" maxlength=\"100\"><\/textarea><\/label><input type=\"hidden\" id=\"ak_js_1\" name=\"_wpcf7_ak_js\" value=\"24\"\/><script type=\"text\/javascript\">\n\/* <![CDATA[ *\/\ndocument.getElementById( \"ak_js_1\" ).setAttribute( \"value\", ( new Date() ).getTime() );\n\/* ]]> *\/\n<\/script>\n<\/p><div class=\"wpcf7-response-output\" aria-hidden=\"true\"><\/div>\n<\/form>\n<\/div>\n<\/div>\n<\/div>\n","protected":false},"excerpt":{"rendered":"<p>Des accessoires pour les trains con\u00e7us et fabriqu\u00e9s sur mesure Industri fabrique des pi\u00e8ces et des composants pour l\u2019industrie ferroviaire. Nous sommes sp\u00e9cialis\u00e9s dans la conception et la fabrication sur mesure d&rsquo;\u00e9l\u00e9ments de d\u00e9coration int\u00e9rieure pour les trains, comme par exemple les rideaux et les charni\u00e8res. Nous travaillons au coude-\u00e0-coude avec nos clients pour configurer [&hellip;]<\/p>\n","protected":false},"author":3,"featured_media":0,"parent":9185,"menu_order":0,"comment_status":"closed","ping_status":"closed","template":"page-vehiculos.php","meta":{"footnotes":""},"class_list":["post-9285","page","type-page","status-publish","hentry"],"yoast_head":"<!-- This site is optimized with the Yoast SEO plugin v27.5 - https:\/\/yoast.com\/product\/yoast-seo-wordpress\/ -->\n<title>FABRICATION SUR MESURE POUR LES TRAINS - Industri SL<\/title>\n<meta name=\"description\" content=\"En INDUSTRI dise\u00f1amos y fabricamos piezas y componentes a medida para trenes.\" \/>\n<meta name=\"robots\" content=\"index, follow, max-snippet:-1, max-image-preview:large, max-video-preview:-1\" \/>\n<link rel=\"canonical\" href=\"https:\/\/www.industri-sl.com\/fr\/transport\/train\/\" \/>\n<meta property=\"og:locale\" content=\"fr_FR\" \/>\n<meta property=\"og:type\" content=\"article\" \/>\n<meta property=\"og:title\" content=\"FABRICATION SUR MESURE POUR LES TRAINS - Industri SL\" \/>\n<meta property=\"og:description\" content=\"En INDUSTRI dise\u00f1amos y fabricamos piezas y componentes a medida para trenes.\" \/>\n<meta property=\"og:url\" content=\"https:\/\/www.industri-sl.com\/fr\/transport\/train\/\" \/>\n<meta property=\"og:site_name\" content=\"Industri SL\" \/>\n<meta property=\"article:modified_time\" content=\"2025-03-31T10:39:46+00:00\" \/>\n<meta property=\"og:image\" content=\"https:\/\/www.industri-sl.com\/wp-content\/uploads\/imagen-proyecto-medida.jpg\" \/>\n<meta name=\"twitter:card\" content=\"summary_large_image\" \/>\n<meta name=\"twitter:label1\" content=\"Dur\u00e9e de lecture estim\u00e9e\" \/>\n\t<meta name=\"twitter:data1\" content=\"2 minutes\" \/>\n<script type=\"application\/ld+json\" class=\"yoast-schema-graph\">{\"@context\":\"https:\\\/\\\/schema.org\",\"@graph\":[{\"@type\":\"WebPage\",\"@id\":\"https:\\\/\\\/www.industri-sl.com\\\/fr\\\/transport\\\/train\\\/\",\"url\":\"https:\\\/\\\/www.industri-sl.com\\\/fr\\\/transport\\\/train\\\/\",\"name\":\"FABRICATION SUR MESURE POUR LES TRAINS - Industri SL\",\"isPartOf\":{\"@id\":\"https:\\\/\\\/www.industri-sl.com\\\/fr\\\/#website\"},\"primaryImageOfPage\":{\"@id\":\"https:\\\/\\\/www.industri-sl.com\\\/fr\\\/transport\\\/train\\\/#primaryimage\"},\"image\":{\"@id\":\"https:\\\/\\\/www.industri-sl.com\\\/fr\\\/transport\\\/train\\\/#primaryimage\"},\"thumbnailUrl\":\"https:\\\/\\\/www.industri-sl.com\\\/wp-content\\\/uploads\\\/imagen-proyecto-medida.jpg\",\"datePublished\":\"2019-09-08T22:31:54+00:00\",\"dateModified\":\"2025-03-31T10:39:46+00:00\",\"description\":\"En INDUSTRI dise\u00f1amos y fabricamos piezas y componentes a medida para trenes.\",\"breadcrumb\":{\"@id\":\"https:\\\/\\\/www.industri-sl.com\\\/fr\\\/transport\\\/train\\\/#breadcrumb\"},\"inLanguage\":\"fr-FR\",\"potentialAction\":[{\"@type\":\"ReadAction\",\"target\":[\"https:\\\/\\\/www.industri-sl.com\\\/fr\\\/transport\\\/train\\\/\"]}]},{\"@type\":\"ImageObject\",\"inLanguage\":\"fr-FR\",\"@id\":\"https:\\\/\\\/www.industri-sl.com\\\/fr\\\/transport\\\/train\\\/#primaryimage\",\"url\":\"https:\\\/\\\/www.industri-sl.com\\\/wp-content\\\/uploads\\\/imagen-proyecto-medida.jpg\",\"contentUrl\":\"https:\\\/\\\/www.industri-sl.com\\\/wp-content\\\/uploads\\\/imagen-proyecto-medida.jpg\"},{\"@type\":\"BreadcrumbList\",\"@id\":\"https:\\\/\\\/www.industri-sl.com\\\/fr\\\/transport\\\/train\\\/#breadcrumb\",\"itemListElement\":[{\"@type\":\"ListItem\",\"position\":1,\"name\":\"Inicio\",\"item\":\"https:\\\/\\\/www.industri-sl.com\\\/fr\\\/\"},{\"@type\":\"ListItem\",\"position\":2,\"name\":\"Division Transport\",\"item\":\"https:\\\/\\\/www.industri-sl.com\\\/fr\\\/transport\\\/\"},{\"@type\":\"ListItem\",\"position\":3,\"name\":\"FABRICATION SUR MESURE POUR LES TRAINS\"}]},{\"@type\":\"WebSite\",\"@id\":\"https:\\\/\\\/www.industri-sl.com\\\/fr\\\/#website\",\"url\":\"https:\\\/\\\/www.industri-sl.com\\\/fr\\\/\",\"name\":\"Industri SL\",\"description\":\"\",\"publisher\":{\"@id\":\"https:\\\/\\\/www.industri-sl.com\\\/fr\\\/#organization\"},\"potentialAction\":[{\"@type\":\"SearchAction\",\"target\":{\"@type\":\"EntryPoint\",\"urlTemplate\":\"https:\\\/\\\/www.industri-sl.com\\\/fr\\\/?s={search_term_string}\"},\"query-input\":{\"@type\":\"PropertyValueSpecification\",\"valueRequired\":true,\"valueName\":\"search_term_string\"}}],\"inLanguage\":\"fr-FR\"},{\"@type\":\"Organization\",\"@id\":\"https:\\\/\\\/www.industri-sl.com\\\/fr\\\/#organization\",\"name\":\"Industri SL\",\"url\":\"https:\\\/\\\/www.industri-sl.com\\\/fr\\\/\",\"logo\":{\"@type\":\"ImageObject\",\"inLanguage\":\"fr-FR\",\"@id\":\"https:\\\/\\\/www.industri-sl.com\\\/fr\\\/#\\\/schema\\\/logo\\\/image\\\/\",\"url\":\"https:\\\/\\\/www.industri-sl.com\\\/wp-content\\\/uploads\\\/industri-logo.png\",\"contentUrl\":\"https:\\\/\\\/www.industri-sl.com\\\/wp-content\\\/uploads\\\/industri-logo.png\",\"width\":248,\"height\":45,\"caption\":\"Industri SL\"},\"image\":{\"@id\":\"https:\\\/\\\/www.industri-sl.com\\\/fr\\\/#\\\/schema\\\/logo\\\/image\\\/\"}}]}<\/script>\n<!-- \/ Yoast SEO plugin. -->","yoast_head_json":{"title":"FABRICATION SUR MESURE POUR LES TRAINS - Industri SL","description":"En INDUSTRI dise\u00f1amos y fabricamos piezas y componentes a medida para trenes.","robots":{"index":"index","follow":"follow","max-snippet":"max-snippet:-1","max-image-preview":"max-image-preview:large","max-video-preview":"max-video-preview:-1"},"canonical":"https:\/\/www.industri-sl.com\/fr\/transport\/train\/","og_locale":"fr_FR","og_type":"article","og_title":"FABRICATION SUR MESURE POUR LES TRAINS - Industri SL","og_description":"En INDUSTRI dise\u00f1amos y fabricamos piezas y componentes a medida para trenes.","og_url":"https:\/\/www.industri-sl.com\/fr\/transport\/train\/","og_site_name":"Industri SL","article_modified_time":"2025-03-31T10:39:46+00:00","og_image":[{"url":"https:\/\/www.industri-sl.com\/wp-content\/uploads\/imagen-proyecto-medida.jpg","type":"","width":"","height":""}],"twitter_card":"summary_large_image","twitter_misc":{"Dur\u00e9e de lecture estim\u00e9e":"2 minutes"},"schema":{"@context":"https:\/\/schema.org","@graph":[{"@type":"WebPage","@id":"https:\/\/www.industri-sl.com\/fr\/transport\/train\/","url":"https:\/\/www.industri-sl.com\/fr\/transport\/train\/","name":"FABRICATION SUR MESURE POUR LES TRAINS - Industri SL","isPartOf":{"@id":"https:\/\/www.industri-sl.com\/fr\/#website"},"primaryImageOfPage":{"@id":"https:\/\/www.industri-sl.com\/fr\/transport\/train\/#primaryimage"},"image":{"@id":"https:\/\/www.industri-sl.com\/fr\/transport\/train\/#primaryimage"},"thumbnailUrl":"https:\/\/www.industri-sl.com\/wp-content\/uploads\/imagen-proyecto-medida.jpg","datePublished":"2019-09-08T22:31:54+00:00","dateModified":"2025-03-31T10:39:46+00:00","description":"En INDUSTRI dise\u00f1amos y fabricamos piezas y componentes a medida para trenes.","breadcrumb":{"@id":"https:\/\/www.industri-sl.com\/fr\/transport\/train\/#breadcrumb"},"inLanguage":"fr-FR","potentialAction":[{"@type":"ReadAction","target":["https:\/\/www.industri-sl.com\/fr\/transport\/train\/"]}]},{"@type":"ImageObject","inLanguage":"fr-FR","@id":"https:\/\/www.industri-sl.com\/fr\/transport\/train\/#primaryimage","url":"https:\/\/www.industri-sl.com\/wp-content\/uploads\/imagen-proyecto-medida.jpg","contentUrl":"https:\/\/www.industri-sl.com\/wp-content\/uploads\/imagen-proyecto-medida.jpg"},{"@type":"BreadcrumbList","@id":"https:\/\/www.industri-sl.com\/fr\/transport\/train\/#breadcrumb","itemListElement":[{"@type":"ListItem","position":1,"name":"Inicio","item":"https:\/\/www.industri-sl.com\/fr\/"},{"@type":"ListItem","position":2,"name":"Division Transport","item":"https:\/\/www.industri-sl.com\/fr\/transport\/"},{"@type":"ListItem","position":3,"name":"FABRICATION SUR MESURE POUR LES TRAINS"}]},{"@type":"WebSite","@id":"https:\/\/www.industri-sl.com\/fr\/#website","url":"https:\/\/www.industri-sl.com\/fr\/","name":"Industri SL","description":"","publisher":{"@id":"https:\/\/www.industri-sl.com\/fr\/#organization"},"potentialAction":[{"@type":"SearchAction","target":{"@type":"EntryPoint","urlTemplate":"https:\/\/www.industri-sl.com\/fr\/?s={search_term_string}"},"query-input":{"@type":"PropertyValueSpecification","valueRequired":true,"valueName":"search_term_string"}}],"inLanguage":"fr-FR"},{"@type":"Organization","@id":"https:\/\/www.industri-sl.com\/fr\/#organization","name":"Industri SL","url":"https:\/\/www.industri-sl.com\/fr\/","logo":{"@type":"ImageObject","inLanguage":"fr-FR","@id":"https:\/\/www.industri-sl.com\/fr\/#\/schema\/logo\/image\/","url":"https:\/\/www.industri-sl.com\/wp-content\/uploads\/industri-logo.png","contentUrl":"https:\/\/www.industri-sl.com\/wp-content\/uploads\/industri-logo.png","width":248,"height":45,"caption":"Industri SL"},"image":{"@id":"https:\/\/www.industri-sl.com\/fr\/#\/schema\/logo\/image\/"}}]}},"_links":{"self":[{"href":"https:\/\/www.industri-sl.com\/fr\/wp-json\/wp\/v2\/pages\/9285","targetHints":{"allow":["GET"]}}],"collection":[{"href":"https:\/\/www.industri-sl.com\/fr\/wp-json\/wp\/v2\/pages"}],"about":[{"href":"https:\/\/www.industri-sl.com\/fr\/wp-json\/wp\/v2\/types\/page"}],"author":[{"embeddable":true,"href":"https:\/\/www.industri-sl.com\/fr\/wp-json\/wp\/v2\/users\/3"}],"replies":[{"embeddable":true,"href":"https:\/\/www.industri-sl.com\/fr\/wp-json\/wp\/v2\/comments?post=9285"}],"version-history":[{"count":0,"href":"https:\/\/www.industri-sl.com\/fr\/wp-json\/wp\/v2\/pages\/9285\/revisions"}],"up":[{"embeddable":true,"href":"https:\/\/www.industri-sl.com\/fr\/wp-json\/wp\/v2\/pages\/9185"}],"wp:attachment":[{"href":"https:\/\/www.industri-sl.com\/fr\/wp-json\/wp\/v2\/media?parent=9285"}],"curies":[{"name":"wp","href":"https:\/\/api.w.org\/{rel}","templated":true}]}}