{"id":9283,"date":"2019-10-01T14:37:32","date_gmt":"2019-10-01T12:37:32","guid":{"rendered":"https:\/\/www.industri-sl.com\/transport\/camions\/retrovisores\/"},"modified":"2025-05-22T11:40:34","modified_gmt":"2025-05-22T09:40:34","slug":"retroviseurs","status":"publish","type":"page","link":"https:\/\/www.industri-sl.com\/fr\/transport\/camions\/retroviseurs\/","title":{"rendered":"R\u00e9troviseurs sur mesure pour camions"},"content":{"rendered":"<h2>Fabrication de r\u00e9troviseurs sur mesure pour camions<\/h2>\n<p>INDUSTRI poss\u00e8de <a href=\"https:\/\/www.industri-sl.com\/fr\/nous\/\">une grande exp\u00e9rience<\/a> en fabrication de r\u00e9troviseurs pour camions. Nous nous adaptons aux besoins du client en concevant un mod\u00e8le sp\u00e9cifique pour chaque projet et en nous chargeant aussi nous-m\u00eames de la fabrication post\u00e9rieure de la pi\u00e8ce. Notre service Qualit\u00e9 <strong>r\u00e9alise aussi des \u00e9tudes de visibilit\u00e9<\/strong> des r\u00e9troviseurs afin de satisfaire aux r\u00e9glementations en vigueur pour les syst\u00e8mes de vision indirecte, offrant ainsi un service int\u00e9gral tout au long du processus.<\/p>\n<p><a href=\"https:\/\/www.industri-sl.com\/fr\/ingenierie\/\">Nous fabriquons<\/a> les miroirs de r\u00e9troviseurs chauffants et non chauffants, les actionneurs (moteurs) m\u00e9caniques et \u00e9lectriques, les interrupteurs et joysticks, les coques en polyester, polyur\u00e9thane, pvc, etc.<\/p>\n<h2>Quel type de r\u00e9troviseurs fabriquons-nous?<\/h2>\n<div><a class=\"boton gris\" href=\"#exteriores\">R\u00e9troviseurs ext\u00e9rieurs<\/a> <a class=\"boton gris\" href=\"#interiores\">R\u00e9troviseurs int\u00e9rieurs<\/a> <a class=\"boton gris\" href=\"#componentes\">Composants pour r\u00e9troviseurs<\/a><\/div>\n<div class=\"light-bg marcas\">\n\t<div class=\"flex\">\n\t\t<h2>nos clients<\/h2>\n\n\t<\/div>\n\n\t<div class=\"flex\">\n\t\t<div class=\"caja\">\n\t\t\t<div class=\"flex marcas-logos\">\n\t\t\t\t<div><a href=\"https:\/\/www.industri-sl.com\/fr\/transporte\/recambios\/tren\/caf\/\"><img decoding=\"async\" loading=\"lazy\" src=\"https:\/\/www.industri-sl.com\/wp-content\/themes\/industri\/img\/logo-caf.jpg\" alt=\"CAF\"><\/a><\/div>\n\t\t\t\t<div><a href=\"https:\/\/www.industri-sl.com\/fr\/transporte\/recambios\/tren\/talgo\/\"><img decoding=\"async\" loading=\"lazy\" src=\"https:\/\/www.industri-sl.com\/wp-content\/themes\/industri\/img\/logo-talgo.jpg\" alt=\"Talgo\"><\/a><\/div>\n\t\t\t\t<div><img decoding=\"async\" loading=\"lazy\" src=\"https:\/\/www.industri-sl.com\/wp-content\/themes\/industri\/img\/logo-esg-rail.jpg\" alt=\"DBESGRail\"><\/div>\n\t\t\t<\/div>\n\t\t<\/div>\n\t<\/div>\n\t<div class=\"flex\">\n\t\t<div class=\"caja\">\n\t\t\t<div class=\"flex marcas-logos\">\n\t\t\t\t<div><a href=\"https:\/\/www.industri-sl.com\/fr\/transporte\/recambios\/tren\/alstom\/\"><img decoding=\"async\" loading=\"lazy\" src=\"https:\/\/www.industri-sl.com\/wp-content\/themes\/industri\/img\/logo-alstom.jpg\" alt=\"ALSTOM\"><\/a><\/div>\n\t\t\t\t<div><img decoding=\"async\" loading=\"lazy\" src=\"https:\/\/www.industri-sl.com\/wp-content\/themes\/industri\/img\/logo-bombardier.jpg\" alt=\"Bombardier\"><\/div>\n\t\t\t\t<div><img decoding=\"async\" loading=\"lazy\" src=\"https:\/\/www.industri-sl.com\/wp-content\/themes\/industri\/img\/logo-stadler.jpg\" alt=\"Stadler\"><\/div>\n\t\t\t<\/div>\n\t\t<\/div>\n\t<\/div>\n\t<br>\n\t<a class=\"boton sin\" href=\"#formulario\">DEMANDE DE DEVIS<\/a>\n<\/div>\n\n<h3 id=\"exteriores\" class=\"ancla\">R\u00e9troviseurs ext\u00e9rieurs<\/h3>\n<p><img loading=\"lazy\" decoding=\"async\" class=\"alignright size-medium wp-image-1784\" src=\"https:\/\/www.industri-sl.com\/wp-content\/uploads\/retrovisor-1-300x222.jpg\" alt=\"Fabrication de r\u00e9troviseurs ext\u00e9rieurs sur mesure pour camions\" width=\"300\" height=\"222\" srcset=\"https:\/\/www.industri-sl.com\/wp-content\/uploads\/retrovisor-1-300x222.jpg 300w, https:\/\/www.industri-sl.com\/wp-content\/uploads\/retrovisor-1-768x569.jpg 768w, https:\/\/www.industri-sl.com\/wp-content\/uploads\/retrovisor-1.jpg 800w\" sizes=\"auto, (max-width: 300px) 100vw, 300px\" \/>Nous assurons l&rsquo;int\u00e9gralit\u00e9 du processus afin de concevoir le r\u00e9troviseur ext\u00e9rieur <a href=\"https:\/\/www.industri-sl.com\/fr\/clients\/\">qui s&rsquo;ajuste le mieux aux besoins de notre client<\/a>: depuis la conception jusqu\u2019\u00e0 l\u2019homologation et fabrication du produit final, en passant par l\u2019\u00e9tude de visibilit\u00e9 pour satisfaire aux r\u00e9glementations en vigueur pour les syst\u00e8mes de vision indirecte. INDUSTRI entretient une \u00e9troite <strong>collaboration avec le client<\/strong> tout au long du processus afin de fabriquer les r\u00e9troviseurs optimaux pour ses camions.<\/p>\n<h3 id=\"interiores\" class=\"ancla\">R\u00e9troviseurs int\u00e9rieurs<\/h3>\n<p>Les r\u00e9troviseurs int\u00e9rieurs fabriqu\u00e9s par INDUSTRI sont con\u00e7us pour \u00eatre plac\u00e9s \u00e0 l\u2019int\u00e9rieur du camion, de mani\u00e8re <strong>\u00e0 permettre au chauffeur de voir l\u2019int\u00e9gralit\u00e9 de l\u2019int\u00e9rieur du v\u00e9hicule<\/strong>.<\/p>\n<p>Le r\u00e9troviseur int\u00e9rieur <strong>est fix\u00e9 \u00e0 la carrosserie<\/strong> du camion au moyen d\u2019un bras dot\u00e9 \u00e0 son extr\u00e9mit\u00e9 d\u2019une plaque, elle-m\u00eame fix\u00e9e \u00e0 une autre plaque de dimensions similaires \u00e0 l\u2019aide d\u2019un adh\u00e9sif. Cette deuxi\u00e8me plaque est fix\u00e9e \u00e0 la carrosserie \u00e0 l\u2019aide de 4 vis pour qu\u2019en cas d\u2019impact, la coque du r\u00e9troviseur, bras compris, se d\u00e9gage compl\u00e8tement de la plaque fix\u00e9e \u00e0 la carrosserie.<\/p>\n<p>Nous proposons <strong>plusieurs mod\u00e8les<\/strong> de r\u00e9troviseurs int\u00e9rieurs:<\/p>\n<h4>R\u00e9troviseurs int\u00e9rieurs ovales<\/h4>\n<p><img loading=\"lazy\" decoding=\"async\" class=\"alignright size-medium wp-image-1872\" src=\"https:\/\/www.industri-sl.com\/wp-content\/uploads\/espejo-interior-oval-4-2-300x215.jpg\" alt=\"Fabrication de r\u00e9troviseurs int\u00e9rieurs ovales sur mesure pour camions\" width=\"300\" height=\"215\" srcset=\"https:\/\/www.industri-sl.com\/wp-content\/uploads\/espejo-interior-oval-4-2-300x215.jpg 300w, https:\/\/www.industri-sl.com\/wp-content\/uploads\/espejo-interior-oval-4-2-768x551.jpg 768w, https:\/\/www.industri-sl.com\/wp-content\/uploads\/espejo-interior-oval-4-2.jpg 800w\" sizes=\"auto, (max-width: 300px) 100vw, 300px\" \/>Nos r\u00e9troviseurs de forme ovale se composent d\u2019une coque ou corps principal fabriqu\u00e9 en polyamide-6, avec la cavit\u00e9 ad\u00e9quate pour l\u2019introduction d\u2019un miroir \u00e0 l\u2019int\u00e9rieur. \u00c0 la coque principale, <strong>nous incorporons un support porte-miroirs<\/strong> fix\u00e9 par 4 vis \u00e0 t\u00eate frais\u00e9e sur lequel nous collons le miroir avec un adh\u00e9sif double face.<\/p>\n<p>Un support de bras est mont\u00e9 au dos de la coque principale du r\u00e9troviseur int\u00e9rieur \u00e0 l&rsquo;aide d&rsquo;une vis \u00aballen\u00bb; ce support fait aussi office de charni\u00e8re pour la rotation lat\u00e9rale tout en <strong>assurant la fixation du bras<\/strong>.<\/p>\n<h4>R\u00e9troviseurs int\u00e9rieurs rectangulaires<\/h4>\n<p><img loading=\"lazy\" decoding=\"async\" class=\"alignright size-medium wp-image-1848\" src=\"https:\/\/www.industri-sl.com\/wp-content\/uploads\/espejo-rectangular-5-1-300x225.jpg\" alt=\"Fabrication de r\u00e9troviseurs int\u00e9rieurs rectangulaires sur mesure pour camions\" width=\"300\" height=\"225\" srcset=\"https:\/\/www.industri-sl.com\/wp-content\/uploads\/espejo-rectangular-5-1-300x225.jpg 300w, https:\/\/www.industri-sl.com\/wp-content\/uploads\/espejo-rectangular-5-1-768x576.jpg 768w, https:\/\/www.industri-sl.com\/wp-content\/uploads\/espejo-rectangular-5-1.jpg 800w\" sizes=\"auto, (max-width: 300px) 100vw, 300px\" \/>Ils sont con\u00e7us et fabriqu\u00e9s suivant <strong>les mesures fournies par le client<\/strong> et sont dot\u00e9s au dos d\u2019un bras de fixation. Le miroir est fix\u00e9 sur une plaque en acier et rev\u00eatu de caoutchouc pour offrir un aspect esth\u00e9tique plus agr\u00e9able.<\/p>\n<h4>R\u00e9troviseurs int\u00e9rieurs ronds<\/h4>\n<p><img loading=\"lazy\" decoding=\"async\" class=\"alignright size-medium wp-image-1840\" src=\"https:\/\/www.industri-sl.com\/wp-content\/uploads\/espejo-interior-redondo-4-1-300x215.jpg\" alt=\"Fabrication de r\u00e9troviseurs int\u00e9rieurs ronds sur mesure pour camions\" width=\"300\" height=\"215\" srcset=\"https:\/\/www.industri-sl.com\/wp-content\/uploads\/espejo-interior-redondo-4-1-300x215.jpg 300w, https:\/\/www.industri-sl.com\/wp-content\/uploads\/espejo-interior-redondo-4-1-768x551.jpg 768w, https:\/\/www.industri-sl.com\/wp-content\/uploads\/espejo-interior-redondo-4-1.jpg 800w\" sizes=\"auto, (max-width: 300px) 100vw, 300px\" \/><br \/>\nCes r\u00e9troviseurs <strong>sont fabriqu\u00e9s au diam\u00e8tre demand\u00e9 par le client<\/strong> pour s&rsquo;adapter aux dimensions du v\u00e9hicule. Ils sont dot\u00e9s de bras m\u00e9talliques pour leur fixation \u00e0 l\u2019arri\u00e8re du r\u00e9troviseur suivant le plan souhait\u00e9 par le client.<\/p>\n<h3 id=\"componentes\" class=\"ancla\">Composants<\/h3>\n<p>En plus de la fabrication de r\u00e9troviseurs de camions complets, chez INDUSTRI nous concevons et fabriquons aussi <strong>certaines pi\u00e8ces d\u00e9tach\u00e9es<\/strong> pour les r\u00e9troviseurs ext\u00e9rieurs et int\u00e9rieurs.<\/p>\n<p>Ces composants et pi\u00e8ces d\u00e9tach\u00e9es de r\u00e9troviseurs pour camions sont indispensables \u00e0 leur <strong>fonctionnement optimal<\/strong>. Parmi ces pi\u00e8ces nous trouvons des actionneurs, des interrupteurs de type joystick, des queues d\u2019aronde ou des miroirs.<\/p>\n<p>Nous proposons les composants pour r\u00e9troviseurs de camion <strong>suivants<\/strong>:<\/p>\n<h4>Queues d\u2019aronde<\/h4>\n<p><img loading=\"lazy\" decoding=\"async\" class=\"alignright size-medium wp-image-1944\" src=\"https:\/\/www.industri-sl.com\/wp-content\/uploads\/cola-de-milano-2-1-300x225.jpg\" alt=\"Fabrication de queues d\u2019aronde sur mesure pour r\u00e9troviseurs de camions\" width=\"300\" height=\"225\" srcset=\"https:\/\/www.industri-sl.com\/wp-content\/uploads\/cola-de-milano-2-1-300x225.jpg 300w, https:\/\/www.industri-sl.com\/wp-content\/uploads\/cola-de-milano-2-1-768x576.jpg 768w, https:\/\/www.industri-sl.com\/wp-content\/uploads\/cola-de-milano-2-1.jpg 800w\" sizes=\"auto, (max-width: 300px) 100vw, 300px\" \/>Il existe <strong>diff\u00e9rents types de syst\u00e8me<\/strong> pour fixer le r\u00e9troviseur \u00e0 la carrosserie de l\u2019autobus, suivant le mod\u00e8le de r\u00e9troviseur.<\/p>\n<p>Pour les r\u00e9troviseurs fixes, non rabattables, on utilise des queues d\u2019aronde m\u00e2le et femelle. Toutes deux sont fabriqu\u00e9es en aluminium, par injection ou gravit\u00e9, et emp\u00eachent toute rotation ou d\u00e9placement pendant l\u2019utilisation du v\u00e9hicule. La queue d\u2019aronde m\u00e2le est celle qui est plac\u00e9e sur le montant du v\u00e9hicule et la femelle <strong>est mont\u00e9e dans le propre r\u00e9troviseur<\/strong>.<\/p>\n<h4>Interrupteurs<\/h4>\n<p><img loading=\"lazy\" decoding=\"async\" class=\"alignright size-medium wp-image-1932\" src=\"https:\/\/www.industri-sl.com\/wp-content\/uploads\/interruptor-2-1-300x225.jpg\" alt=\"Fabrication de interrupteurs sur mesure pour r\u00e9troviseurs de camions\" width=\"300\" height=\"225\" srcset=\"https:\/\/www.industri-sl.com\/wp-content\/uploads\/interruptor-2-1-300x225.jpg 300w, https:\/\/www.industri-sl.com\/wp-content\/uploads\/interruptor-2-1-768x576.jpg 768w, https:\/\/www.industri-sl.com\/wp-content\/uploads\/interruptor-2-1.jpg 800w\" sizes=\"auto, (max-width: 300px) 100vw, 300px\" \/>Ces interrupteurs sont du type joystick et permettent de r\u00e9gler les miroirs des r\u00e9troviseurs depuis l\u2019int\u00e9rieur du camion, sans que le chauffeur ait \u00e0 se lever de son si\u00e8ge, <strong>ce qui facilite l\u2019op\u00e9ration<\/strong> et accro\u00eet la s\u00e9curit\u00e9.<\/p>\n<h4>Miroirs<\/h4>\n<p><img loading=\"lazy\" decoding=\"async\" class=\"wp-image-1924 alignright\" src=\"https:\/\/www.industri-sl.com\/wp-content\/uploads\/placa-de-espejo-1-2.jpg\" alt=\"Fabrication de miroirs sur mesure pour r\u00e9troviseurs de camions\" width=\"315\" height=\"230\" srcset=\"https:\/\/www.industri-sl.com\/wp-content\/uploads\/placa-de-espejo-1-2.jpg 800w, https:\/\/www.industri-sl.com\/wp-content\/uploads\/placa-de-espejo-1-2-300x219.jpg 300w, https:\/\/www.industri-sl.com\/wp-content\/uploads\/placa-de-espejo-1-2-768x562.jpg 768w\" sizes=\"auto, (max-width: 315px) 100vw, 315px\" \/>Les miroirs des r\u00e9troviseurs sont con\u00e7us sur mesure suivant les besoins du client, <strong>le mod\u00e8le de r\u00e9troviseur et du propre type de camion<\/strong>.<\/p>\n<p>Les miroirs se d\u00e9clinent en <strong>plusieurs dimensions<\/strong> et diff\u00e9rents rayons de courbure. Certains sont chauffants pour \u00e9viter la formation de bu\u00e9e en cas de basses temp\u00e9ratures ; la visibilit\u00e9 du chauffeur est ainsi am\u00e9lior\u00e9e en cas de conditions adverses.<\/p>\n<div class=\"otras-piezas\">\n<h4>Nous fabriquons aussi d\u2019autres pi\u00e8ces sur mesure:<\/h4>\n<div><a class=\"boton gris\" href=\"https:\/\/www.industri-sl.com\/fr\/transport\/camions\/rideaux\/\">Rideaux<\/a><\/div>\n<\/div>\n","protected":false},"excerpt":{"rendered":"<p>Fabrication de r\u00e9troviseurs sur mesure pour camions INDUSTRI poss\u00e8de une grande exp\u00e9rience en fabrication de r\u00e9troviseurs pour camions. Nous nous adaptons aux besoins du client en concevant un mod\u00e8le sp\u00e9cifique pour chaque projet et en nous chargeant aussi nous-m\u00eames de la fabrication post\u00e9rieure de la pi\u00e8ce. Notre service Qualit\u00e9 r\u00e9alise aussi des \u00e9tudes de visibilit\u00e9 [&hellip;]<\/p>\n","protected":false},"author":3,"featured_media":0,"parent":9279,"menu_order":0,"comment_status":"closed","ping_status":"closed","template":"page-vehiculos.php","meta":{"footnotes":""},"class_list":["post-9283","page","type-page","status-publish","hentry"],"yoast_head":"<!-- This site is optimized with the Yoast SEO plugin v27.5 - https:\/\/yoast.com\/product\/yoast-seo-wordpress\/ -->\n<title>Fabrication de r\u00e9troviseurs sur mesure pour camion - INDUSTRI<\/title>\n<meta name=\"description\" content=\"Chez INDUSTRI, nous concevons et fabriquons des r\u00e9troviseurs sur mesure pour les camions, en nous adaptant aux besoins de chaque client.\" \/>\n<meta name=\"robots\" content=\"index, follow, max-snippet:-1, max-image-preview:large, max-video-preview:-1\" \/>\n<link rel=\"canonical\" href=\"https:\/\/www.industri-sl.com\/fr\/transport\/camions\/retroviseurs\/\" \/>\n<meta property=\"og:locale\" content=\"fr_FR\" \/>\n<meta property=\"og:type\" content=\"article\" \/>\n<meta property=\"og:title\" content=\"Fabrication de r\u00e9troviseurs sur mesure pour camion - INDUSTRI\" \/>\n<meta property=\"og:description\" content=\"Chez INDUSTRI, nous concevons et fabriquons des r\u00e9troviseurs sur mesure pour les camions, en nous adaptant aux besoins de chaque client.\" \/>\n<meta property=\"og:url\" content=\"https:\/\/www.industri-sl.com\/fr\/transport\/camions\/retroviseurs\/\" \/>\n<meta property=\"og:site_name\" content=\"Industri SL\" \/>\n<meta property=\"article:modified_time\" content=\"2025-05-22T09:40:34+00:00\" \/>\n<meta property=\"og:image\" content=\"https:\/\/www.industri-sl.com\/wp-content\/uploads\/retrovisor-1-300x222.jpg\" \/>\n<meta name=\"twitter:card\" content=\"summary_large_image\" \/>\n<meta name=\"twitter:label1\" content=\"Dur\u00e9e de lecture estim\u00e9e\" \/>\n\t<meta name=\"twitter:data1\" content=\"5 minutes\" \/>\n<script type=\"application\/ld+json\" class=\"yoast-schema-graph\">{\"@context\":\"https:\\\/\\\/schema.org\",\"@graph\":[{\"@type\":\"WebPage\",\"@id\":\"https:\\\/\\\/www.industri-sl.com\\\/fr\\\/transport\\\/camions\\\/retroviseurs\\\/\",\"url\":\"https:\\\/\\\/www.industri-sl.com\\\/fr\\\/transport\\\/camions\\\/retroviseurs\\\/\",\"name\":\"Fabrication de r\u00e9troviseurs sur mesure pour camion - INDUSTRI\",\"isPartOf\":{\"@id\":\"https:\\\/\\\/www.industri-sl.com\\\/fr\\\/#website\"},\"primaryImageOfPage\":{\"@id\":\"https:\\\/\\\/www.industri-sl.com\\\/fr\\\/transport\\\/camions\\\/retroviseurs\\\/#primaryimage\"},\"image\":{\"@id\":\"https:\\\/\\\/www.industri-sl.com\\\/fr\\\/transport\\\/camions\\\/retroviseurs\\\/#primaryimage\"},\"thumbnailUrl\":\"https:\\\/\\\/www.industri-sl.com\\\/wp-content\\\/uploads\\\/retrovisor-1-300x222.jpg\",\"datePublished\":\"2019-10-01T12:37:32+00:00\",\"dateModified\":\"2025-05-22T09:40:34+00:00\",\"description\":\"Chez INDUSTRI, nous concevons et fabriquons des r\u00e9troviseurs sur mesure pour les camions, en nous adaptant aux besoins de chaque client.\",\"breadcrumb\":{\"@id\":\"https:\\\/\\\/www.industri-sl.com\\\/fr\\\/transport\\\/camions\\\/retroviseurs\\\/#breadcrumb\"},\"inLanguage\":\"fr-FR\",\"potentialAction\":[{\"@type\":\"ReadAction\",\"target\":[\"https:\\\/\\\/www.industri-sl.com\\\/fr\\\/transport\\\/camions\\\/retroviseurs\\\/\"]}]},{\"@type\":\"ImageObject\",\"inLanguage\":\"fr-FR\",\"@id\":\"https:\\\/\\\/www.industri-sl.com\\\/fr\\\/transport\\\/camions\\\/retroviseurs\\\/#primaryimage\",\"url\":\"https:\\\/\\\/www.industri-sl.com\\\/wp-content\\\/uploads\\\/retrovisor-1-300x222.jpg\",\"contentUrl\":\"https:\\\/\\\/www.industri-sl.com\\\/wp-content\\\/uploads\\\/retrovisor-1-300x222.jpg\"},{\"@type\":\"BreadcrumbList\",\"@id\":\"https:\\\/\\\/www.industri-sl.com\\\/fr\\\/transport\\\/camions\\\/retroviseurs\\\/#breadcrumb\",\"itemListElement\":[{\"@type\":\"ListItem\",\"position\":1,\"name\":\"Inicio\",\"item\":\"https:\\\/\\\/www.industri-sl.com\\\/fr\\\/\"},{\"@type\":\"ListItem\",\"position\":2,\"name\":\"Division Transport\",\"item\":\"https:\\\/\\\/www.industri-sl.com\\\/fr\\\/transport\\\/\"},{\"@type\":\"ListItem\",\"position\":3,\"name\":\"Fabrication sur mesure pour camions\",\"item\":\"https:\\\/\\\/www.industri-sl.com\\\/fr\\\/transport\\\/camions\\\/\"},{\"@type\":\"ListItem\",\"position\":4,\"name\":\"R\u00e9troviseurs sur mesure pour camions\"}]},{\"@type\":\"WebSite\",\"@id\":\"https:\\\/\\\/www.industri-sl.com\\\/fr\\\/#website\",\"url\":\"https:\\\/\\\/www.industri-sl.com\\\/fr\\\/\",\"name\":\"Industri SL\",\"description\":\"\",\"publisher\":{\"@id\":\"https:\\\/\\\/www.industri-sl.com\\\/fr\\\/#organization\"},\"potentialAction\":[{\"@type\":\"SearchAction\",\"target\":{\"@type\":\"EntryPoint\",\"urlTemplate\":\"https:\\\/\\\/www.industri-sl.com\\\/fr\\\/?s={search_term_string}\"},\"query-input\":{\"@type\":\"PropertyValueSpecification\",\"valueRequired\":true,\"valueName\":\"search_term_string\"}}],\"inLanguage\":\"fr-FR\"},{\"@type\":\"Organization\",\"@id\":\"https:\\\/\\\/www.industri-sl.com\\\/fr\\\/#organization\",\"name\":\"Industri SL\",\"url\":\"https:\\\/\\\/www.industri-sl.com\\\/fr\\\/\",\"logo\":{\"@type\":\"ImageObject\",\"inLanguage\":\"fr-FR\",\"@id\":\"https:\\\/\\\/www.industri-sl.com\\\/fr\\\/#\\\/schema\\\/logo\\\/image\\\/\",\"url\":\"https:\\\/\\\/www.industri-sl.com\\\/wp-content\\\/uploads\\\/industri-logo.png\",\"contentUrl\":\"https:\\\/\\\/www.industri-sl.com\\\/wp-content\\\/uploads\\\/industri-logo.png\",\"width\":248,\"height\":45,\"caption\":\"Industri SL\"},\"image\":{\"@id\":\"https:\\\/\\\/www.industri-sl.com\\\/fr\\\/#\\\/schema\\\/logo\\\/image\\\/\"}}]}<\/script>\n<!-- \/ Yoast SEO plugin. -->","yoast_head_json":{"title":"Fabrication de r\u00e9troviseurs sur mesure pour camion - INDUSTRI","description":"Chez INDUSTRI, nous concevons et fabriquons des r\u00e9troviseurs sur mesure pour les camions, en nous adaptant aux besoins de chaque client.","robots":{"index":"index","follow":"follow","max-snippet":"max-snippet:-1","max-image-preview":"max-image-preview:large","max-video-preview":"max-video-preview:-1"},"canonical":"https:\/\/www.industri-sl.com\/fr\/transport\/camions\/retroviseurs\/","og_locale":"fr_FR","og_type":"article","og_title":"Fabrication de r\u00e9troviseurs sur mesure pour camion - INDUSTRI","og_description":"Chez INDUSTRI, nous concevons et fabriquons des r\u00e9troviseurs sur mesure pour les camions, en nous adaptant aux besoins de chaque client.","og_url":"https:\/\/www.industri-sl.com\/fr\/transport\/camions\/retroviseurs\/","og_site_name":"Industri SL","article_modified_time":"2025-05-22T09:40:34+00:00","og_image":[{"url":"https:\/\/www.industri-sl.com\/wp-content\/uploads\/retrovisor-1-300x222.jpg","type":"","width":"","height":""}],"twitter_card":"summary_large_image","twitter_misc":{"Dur\u00e9e de lecture estim\u00e9e":"5 minutes"},"schema":{"@context":"https:\/\/schema.org","@graph":[{"@type":"WebPage","@id":"https:\/\/www.industri-sl.com\/fr\/transport\/camions\/retroviseurs\/","url":"https:\/\/www.industri-sl.com\/fr\/transport\/camions\/retroviseurs\/","name":"Fabrication de r\u00e9troviseurs sur mesure pour camion - INDUSTRI","isPartOf":{"@id":"https:\/\/www.industri-sl.com\/fr\/#website"},"primaryImageOfPage":{"@id":"https:\/\/www.industri-sl.com\/fr\/transport\/camions\/retroviseurs\/#primaryimage"},"image":{"@id":"https:\/\/www.industri-sl.com\/fr\/transport\/camions\/retroviseurs\/#primaryimage"},"thumbnailUrl":"https:\/\/www.industri-sl.com\/wp-content\/uploads\/retrovisor-1-300x222.jpg","datePublished":"2019-10-01T12:37:32+00:00","dateModified":"2025-05-22T09:40:34+00:00","description":"Chez INDUSTRI, nous concevons et fabriquons des r\u00e9troviseurs sur mesure pour les camions, en nous adaptant aux besoins de chaque client.","breadcrumb":{"@id":"https:\/\/www.industri-sl.com\/fr\/transport\/camions\/retroviseurs\/#breadcrumb"},"inLanguage":"fr-FR","potentialAction":[{"@type":"ReadAction","target":["https:\/\/www.industri-sl.com\/fr\/transport\/camions\/retroviseurs\/"]}]},{"@type":"ImageObject","inLanguage":"fr-FR","@id":"https:\/\/www.industri-sl.com\/fr\/transport\/camions\/retroviseurs\/#primaryimage","url":"https:\/\/www.industri-sl.com\/wp-content\/uploads\/retrovisor-1-300x222.jpg","contentUrl":"https:\/\/www.industri-sl.com\/wp-content\/uploads\/retrovisor-1-300x222.jpg"},{"@type":"BreadcrumbList","@id":"https:\/\/www.industri-sl.com\/fr\/transport\/camions\/retroviseurs\/#breadcrumb","itemListElement":[{"@type":"ListItem","position":1,"name":"Inicio","item":"https:\/\/www.industri-sl.com\/fr\/"},{"@type":"ListItem","position":2,"name":"Division Transport","item":"https:\/\/www.industri-sl.com\/fr\/transport\/"},{"@type":"ListItem","position":3,"name":"Fabrication sur mesure pour camions","item":"https:\/\/www.industri-sl.com\/fr\/transport\/camions\/"},{"@type":"ListItem","position":4,"name":"R\u00e9troviseurs sur mesure pour camions"}]},{"@type":"WebSite","@id":"https:\/\/www.industri-sl.com\/fr\/#website","url":"https:\/\/www.industri-sl.com\/fr\/","name":"Industri SL","description":"","publisher":{"@id":"https:\/\/www.industri-sl.com\/fr\/#organization"},"potentialAction":[{"@type":"SearchAction","target":{"@type":"EntryPoint","urlTemplate":"https:\/\/www.industri-sl.com\/fr\/?s={search_term_string}"},"query-input":{"@type":"PropertyValueSpecification","valueRequired":true,"valueName":"search_term_string"}}],"inLanguage":"fr-FR"},{"@type":"Organization","@id":"https:\/\/www.industri-sl.com\/fr\/#organization","name":"Industri SL","url":"https:\/\/www.industri-sl.com\/fr\/","logo":{"@type":"ImageObject","inLanguage":"fr-FR","@id":"https:\/\/www.industri-sl.com\/fr\/#\/schema\/logo\/image\/","url":"https:\/\/www.industri-sl.com\/wp-content\/uploads\/industri-logo.png","contentUrl":"https:\/\/www.industri-sl.com\/wp-content\/uploads\/industri-logo.png","width":248,"height":45,"caption":"Industri SL"},"image":{"@id":"https:\/\/www.industri-sl.com\/fr\/#\/schema\/logo\/image\/"}}]}},"_links":{"self":[{"href":"https:\/\/www.industri-sl.com\/fr\/wp-json\/wp\/v2\/pages\/9283","targetHints":{"allow":["GET"]}}],"collection":[{"href":"https:\/\/www.industri-sl.com\/fr\/wp-json\/wp\/v2\/pages"}],"about":[{"href":"https:\/\/www.industri-sl.com\/fr\/wp-json\/wp\/v2\/types\/page"}],"author":[{"embeddable":true,"href":"https:\/\/www.industri-sl.com\/fr\/wp-json\/wp\/v2\/users\/3"}],"replies":[{"embeddable":true,"href":"https:\/\/www.industri-sl.com\/fr\/wp-json\/wp\/v2\/comments?post=9283"}],"version-history":[{"count":0,"href":"https:\/\/www.industri-sl.com\/fr\/wp-json\/wp\/v2\/pages\/9283\/revisions"}],"up":[{"embeddable":true,"href":"https:\/\/www.industri-sl.com\/fr\/wp-json\/wp\/v2\/pages\/9279"}],"wp:attachment":[{"href":"https:\/\/www.industri-sl.com\/fr\/wp-json\/wp\/v2\/media?parent=9283"}],"curies":[{"name":"wp","href":"https:\/\/api.w.org\/{rel}","templated":true}]}}