{"id":9281,"date":"2019-10-01T14:34:41","date_gmt":"2019-10-01T12:34:41","guid":{"rendered":"https:\/\/www.industri-sl.com\/transport\/camions\/cortinas\/"},"modified":"2025-05-22T11:42:13","modified_gmt":"2025-05-22T09:42:13","slug":"rideaux","status":"publish","type":"page","link":"https:\/\/www.industri-sl.com\/fr\/transport\/camions\/rideaux\/","title":{"rendered":"Rideaux sur mesure pour camions"},"content":{"rendered":"<h2>Fabrication de rideaux sur mesure pour camions<\/h2>\n<p>Nous fabriquons toute sorte de rideaux pour les camions. <a href=\"https:\/\/www.industri-sl.com\/fr\/ingenierie\/\">Notre service RDI travaille<\/a> pour assurer une adaptation efficace \u00e0 chaque projet, c&rsquo;est pourquoi nous concevons le rideau qui s&rsquo;ajuste le mieux \u00e0 vos besoins et vous livrons la pi\u00e8ce mont\u00e9e.<\/p>\n<p>Tous nos rideaux sont fabriqu\u00e9s avec des <strong>mati\u00e8res de premi\u00e8re qualit\u00e9<\/strong>, l\u2019objectif \u00e9tant de r\u00e9duire au maximum la maintenance. Nous disposons aussi d\u2019un catalogue avec un grand choix de grammages, coloris et accessoires.<\/p>\n<h2>Quel type de rideaux fabriquons-nous?<\/h2>\n<div><a class=\"boton gris\" href=\"#autofrenadas\">\u00c0 frein auto-bloquant<\/a> <a class=\"boton gris\" href=\"#pantograficas\">Pantographes<\/a> <a class=\"boton gris\" href=\"#enrollables\">Enrouleurs \u00e9lectriques<\/a> <a class=\"boton gris\" href=\"#mecanicas\">M\u00e9caniques<\/a><\/div>\n<div class=\"light-bg marcas\">\n\t<div class=\"flex\">\n\t\t<h2>nos clients<\/h2>\n\n\t<\/div>\n\n\t<div class=\"flex\">\n\t\t<div class=\"caja\">\n\t\t\t<div class=\"flex marcas-logos\">\n\t\t\t\t<div><a href=\"https:\/\/www.industri-sl.com\/fr\/transporte\/recambios\/tren\/caf\/\"><img decoding=\"async\" loading=\"lazy\" src=\"https:\/\/www.industri-sl.com\/wp-content\/themes\/industri\/img\/logo-caf.jpg\" alt=\"CAF\"><\/a><\/div>\n\t\t\t\t<div><a href=\"https:\/\/www.industri-sl.com\/fr\/transporte\/recambios\/tren\/talgo\/\"><img decoding=\"async\" loading=\"lazy\" src=\"https:\/\/www.industri-sl.com\/wp-content\/themes\/industri\/img\/logo-talgo.jpg\" alt=\"Talgo\"><\/a><\/div>\n\t\t\t\t<div><img decoding=\"async\" loading=\"lazy\" src=\"https:\/\/www.industri-sl.com\/wp-content\/themes\/industri\/img\/logo-esg-rail.jpg\" alt=\"DBESGRail\"><\/div>\n\t\t\t<\/div>\n\t\t<\/div>\n\t<\/div>\n\t<div class=\"flex\">\n\t\t<div class=\"caja\">\n\t\t\t<div class=\"flex marcas-logos\">\n\t\t\t\t<div><a href=\"https:\/\/www.industri-sl.com\/fr\/transporte\/recambios\/tren\/alstom\/\"><img decoding=\"async\" loading=\"lazy\" src=\"https:\/\/www.industri-sl.com\/wp-content\/themes\/industri\/img\/logo-alstom.jpg\" alt=\"ALSTOM\"><\/a><\/div>\n\t\t\t\t<div><img decoding=\"async\" loading=\"lazy\" src=\"https:\/\/www.industri-sl.com\/wp-content\/themes\/industri\/img\/logo-bombardier.jpg\" alt=\"Bombardier\"><\/div>\n\t\t\t\t<div><img decoding=\"async\" loading=\"lazy\" src=\"https:\/\/www.industri-sl.com\/wp-content\/themes\/industri\/img\/logo-stadler.jpg\" alt=\"Stadler\"><\/div>\n\t\t\t<\/div>\n\t\t<\/div>\n\t<\/div>\n\t<br>\n\t<a class=\"boton sin\" href=\"#formulario\">DEMANDE DE DEVIS<\/a>\n<\/div>\n\n<h3 id=\"autofrenadas\" class=\"ancla\">Rideaux \u00e0 frein auto-bloquant<\/h3>\n<p><img loading=\"lazy\" decoding=\"async\" class=\"alignright wp-image-2156 size-medium\" src=\"https:\/\/www.industri-sl.com\/wp-content\/uploads\/cortina-autofrenada-2-2-300x225.jpg\" alt=\"Fabrication de rideaux \u00e0 frein auto-bloquant sur mesure pour camions\" width=\"300\" height=\"225\" srcset=\"https:\/\/www.industri-sl.com\/wp-content\/uploads\/cortina-autofrenada-2-2-300x225.jpg 300w, https:\/\/www.industri-sl.com\/wp-content\/uploads\/cortina-autofrenada-2-2-768x576.jpg 768w, https:\/\/www.industri-sl.com\/wp-content\/uploads\/cortina-autofrenada-2-2.jpg 800w\" sizes=\"auto, (max-width: 300px) 100vw, 300px\" \/>Ce mod\u00e8le de rideau pr\u00e9sente une dur\u00e9e de <strong>vie utile sup\u00e9rieure<\/strong> au reste car il s\u2019enroule sans \u00e0-coups lorsque l&rsquo;usager le l\u00e2che brusquement, ce qui ajoute aussi au confort du propre passager.<\/p>\n<p>Consultez notre <strong>large gamme de tissus et coloris<\/strong>, ainsi que les accessoires qui peuvent accompagner nos rideaux \u00e0 frein auto-bloquant.<\/p>\n<h3 id=\"pantograficas\" class=\"ancla\">Rideaux pantographes<\/h3>\n<p><img loading=\"lazy\" decoding=\"async\" class=\"alignright wp-image-2363 size-medium\" src=\"https:\/\/www.industri-sl.com\/wp-content\/uploads\/cortina-london-1-3-e1576738920996-300x193.jpg\" alt=\"Fabrication de rideaux pantographes sur mesure pour camions\" width=\"300\" height=\"193\" srcset=\"https:\/\/www.industri-sl.com\/wp-content\/uploads\/cortina-london-1-3-e1576738920996-300x193.jpg 300w, https:\/\/www.industri-sl.com\/wp-content\/uploads\/cortina-london-1-3-e1576738920996-768x495.jpg 768w, https:\/\/www.industri-sl.com\/wp-content\/uploads\/cortina-london-1-3-e1576738920996.jpg 792w\" sizes=\"auto, (max-width: 300px) 100vw, 300px\" \/>Gr\u00e2ce \u00e0 un syst\u00e8me d\u00e9velopp\u00e9 par notre service RDI, ces rideaux peuvent \u00eatre install\u00e9s suivant <strong>diff\u00e9rents angles en fonction des besoins<\/strong>.<\/p>\n<p>Les rideaux pantographes \u00e9lectriques int\u00e8grent un syst\u00e8me de bras ciseaux \u00e0 l\u2019arri\u00e8re qui remplacent les baguettes de guidage lat\u00e9rales. Les moteurs utilis\u00e9s sont <strong>des moteurs silencieux de 24 V<\/strong>, avec des fins de course de mont\u00e9e et descente programmables. Le boitier est en aluminium laqu\u00e9 gris.<\/p>\n<p>En dehors du mod\u00e8le \u00e0 bras ciseaux, nous offrons aussi un mod\u00e8le avec <strong>des bras en forme de croix<\/strong>.<\/p>\n<h3 id=\"enrollables\" class=\"ancla\">Rideaux enrouleurs \u00e9lectriques<\/h3>\n<p><img loading=\"lazy\" decoding=\"async\" class=\"alignright size-medium wp-image-2076\" src=\"https:\/\/www.industri-sl.com\/wp-content\/uploads\/cortina-electrica-enrollable-2-2-300x225.jpg\" alt=\"Fabrication de rideaux enrouleurs \u00e9lectriques sur mesure pour camions\" width=\"300\" height=\"225\" srcset=\"https:\/\/www.industri-sl.com\/wp-content\/uploads\/cortina-electrica-enrollable-2-2-300x225.jpg 300w, https:\/\/www.industri-sl.com\/wp-content\/uploads\/cortina-electrica-enrollable-2-2-768x576.jpg 768w, https:\/\/www.industri-sl.com\/wp-content\/uploads\/cortina-electrica-enrollable-2-2.jpg 800w\" sizes=\"auto, (max-width: 300px) 100vw, 300px\" \/>Les rideaux enrouleurs \u00e9lectriques utilisent diff\u00e9rents types de moteurs suivant l\u2019utilisation \u00e0 laquelle ils sont destin\u00e9s. En g\u00e9n\u00e9ral, INDUSTRI utilise un moteur tubulaire. Ces rideaux <strong>sont fabriqu\u00e9s avec un boitier ext\u00e9rieur<\/strong> en aluminium mais peuvent aussi \u00eatre livr\u00e9s sans boitier. <\/p>\n<p>Un catalogue complet de tissus est disponible, avec <strong>diff\u00e9rents grammages et coloris<\/strong>; tous nos tissus sont ignifuges et conformes \u00e0 la r\u00e9glementation feu et fum\u00e9es du secteur automobile.<\/p>\n<h3 id=\"mecanicas\" class=\"ancla\">Rideaux m\u00e9caniques<\/h3>\n<p><img loading=\"lazy\" decoding=\"async\" class=\"alignright size-medium wp-image-2813\" src=\"https:\/\/www.industri-sl.com\/wp-content\/uploads\/cortina-mecanica-2-3-300x225.jpg\" alt=\"Fabrication de rideaux m\u00e9caniques sur mesure pour camions\" width=\"300\" height=\"225\" srcset=\"https:\/\/www.industri-sl.com\/wp-content\/uploads\/cortina-mecanica-2-3-300x225.jpg 300w, https:\/\/www.industri-sl.com\/wp-content\/uploads\/cortina-mecanica-2-3-768x576.jpg 768w, https:\/\/www.industri-sl.com\/wp-content\/uploads\/cortina-mecanica-2-3.jpg 800w\" sizes=\"auto, (max-width: 300px) 100vw, 300px\" \/>Les rideaux \u00e0 commande m\u00e9canique sont dot\u00e9s d\u2019un m\u00e9canisme avec un cordon pour pouvoir les remonter. Ce m\u00e9canisme <strong>peut \u00eatre situ\u00e9 \u00e0 droite ou \u00e0 gauche<\/strong> du rideau.<\/p>\n<p>Les rideaux sont fournis avec un boitier ext\u00e9rieur en aluminium anodis\u00e9 de couleur noire mate <strong>qui prot\u00e8ge le tissu<\/strong>, mais peuvent \u00eatre fabriqu\u00e9s aussi sans boitier. Dans ce cas, ils ne sont pas pourvus du m\u00e9canisme indiqu\u00e9 plus haut et leur mouvement est libre.<\/p>\n<p>De m\u00eame, nos rideaux \u00e0 commande m\u00e9canique peuvent comporter une bande opaque dans la partie inf\u00e9rieure <strong>pour prot\u00e9ger des rayons du soleil<\/strong>. On peut aussi leur ajouter une languette centrale pour leur manipulation.<\/p>\n<div class=\"otras-piezas\">\n<h4>Nous fabriquons aussi d\u2019autres pi\u00e8ces sur mesure:<\/h4>\n<div><a class=\"boton gris\" href=\"https:\/\/www.industri-sl.com\/fr\/transport\/camions\/retroviseurs\/\">R\u00e9troviseurs<\/a><\/div>\n","protected":false},"excerpt":{"rendered":"<p>Fabrication de rideaux sur mesure pour camions Nous fabriquons toute sorte de rideaux pour les camions. Notre service RDI travaille pour assurer une adaptation efficace \u00e0 chaque projet, c&rsquo;est pourquoi nous concevons le rideau qui s&rsquo;ajuste le mieux \u00e0 vos besoins et vous livrons la pi\u00e8ce mont\u00e9e. Tous nos rideaux sont fabriqu\u00e9s avec des mati\u00e8res [&hellip;]<\/p>\n","protected":false},"author":3,"featured_media":0,"parent":9279,"menu_order":0,"comment_status":"closed","ping_status":"closed","template":"page-vehiculos.php","meta":{"footnotes":""},"class_list":["post-9281","page","type-page","status-publish","hentry"],"yoast_head":"<!-- This site is optimized with the Yoast SEO plugin v27.5 - https:\/\/yoast.com\/product\/yoast-seo-wordpress\/ -->\n<title>Fabrication de rideaux sur mesure pour camion - INDUSTRI<\/title>\n<meta name=\"description\" content=\"Chez INDUSTRI, nous concevons et fabriquons des rideaux sur mesure pour les camions, en nous adaptant aux besoins de chaque client.\" \/>\n<meta name=\"robots\" content=\"index, follow, max-snippet:-1, max-image-preview:large, max-video-preview:-1\" \/>\n<link rel=\"canonical\" href=\"https:\/\/www.industri-sl.com\/fr\/transport\/camions\/rideaux\/\" \/>\n<meta property=\"og:locale\" content=\"fr_FR\" \/>\n<meta property=\"og:type\" content=\"article\" \/>\n<meta property=\"og:title\" content=\"Fabrication de rideaux sur mesure pour camion - INDUSTRI\" \/>\n<meta property=\"og:description\" content=\"Chez INDUSTRI, nous concevons et fabriquons des rideaux sur mesure pour les camions, en nous adaptant aux besoins de chaque client.\" \/>\n<meta property=\"og:url\" content=\"https:\/\/www.industri-sl.com\/fr\/transport\/camions\/rideaux\/\" \/>\n<meta property=\"og:site_name\" content=\"Industri SL\" \/>\n<meta property=\"article:modified_time\" content=\"2025-05-22T09:42:13+00:00\" \/>\n<meta property=\"og:image\" content=\"https:\/\/www.industri-sl.com\/wp-content\/uploads\/cortina-autofrenada-2-2-300x225.jpg\" \/>\n<meta name=\"twitter:card\" content=\"summary_large_image\" \/>\n<meta name=\"twitter:label1\" content=\"Dur\u00e9e de lecture estim\u00e9e\" \/>\n\t<meta name=\"twitter:data1\" content=\"3 minutes\" \/>\n<script type=\"application\/ld+json\" class=\"yoast-schema-graph\">{\"@context\":\"https:\\\/\\\/schema.org\",\"@graph\":[{\"@type\":\"WebPage\",\"@id\":\"https:\\\/\\\/www.industri-sl.com\\\/fr\\\/transport\\\/camions\\\/rideaux\\\/\",\"url\":\"https:\\\/\\\/www.industri-sl.com\\\/fr\\\/transport\\\/camions\\\/rideaux\\\/\",\"name\":\"Fabrication de rideaux sur mesure pour camion - INDUSTRI\",\"isPartOf\":{\"@id\":\"https:\\\/\\\/www.industri-sl.com\\\/fr\\\/#website\"},\"primaryImageOfPage\":{\"@id\":\"https:\\\/\\\/www.industri-sl.com\\\/fr\\\/transport\\\/camions\\\/rideaux\\\/#primaryimage\"},\"image\":{\"@id\":\"https:\\\/\\\/www.industri-sl.com\\\/fr\\\/transport\\\/camions\\\/rideaux\\\/#primaryimage\"},\"thumbnailUrl\":\"https:\\\/\\\/www.industri-sl.com\\\/wp-content\\\/uploads\\\/cortina-autofrenada-2-2-300x225.jpg\",\"datePublished\":\"2019-10-01T12:34:41+00:00\",\"dateModified\":\"2025-05-22T09:42:13+00:00\",\"description\":\"Chez INDUSTRI, nous concevons et fabriquons des rideaux sur mesure pour les camions, en nous adaptant aux besoins de chaque client.\",\"breadcrumb\":{\"@id\":\"https:\\\/\\\/www.industri-sl.com\\\/fr\\\/transport\\\/camions\\\/rideaux\\\/#breadcrumb\"},\"inLanguage\":\"fr-FR\",\"potentialAction\":[{\"@type\":\"ReadAction\",\"target\":[\"https:\\\/\\\/www.industri-sl.com\\\/fr\\\/transport\\\/camions\\\/rideaux\\\/\"]}]},{\"@type\":\"ImageObject\",\"inLanguage\":\"fr-FR\",\"@id\":\"https:\\\/\\\/www.industri-sl.com\\\/fr\\\/transport\\\/camions\\\/rideaux\\\/#primaryimage\",\"url\":\"https:\\\/\\\/www.industri-sl.com\\\/wp-content\\\/uploads\\\/cortina-autofrenada-2-2-300x225.jpg\",\"contentUrl\":\"https:\\\/\\\/www.industri-sl.com\\\/wp-content\\\/uploads\\\/cortina-autofrenada-2-2-300x225.jpg\"},{\"@type\":\"BreadcrumbList\",\"@id\":\"https:\\\/\\\/www.industri-sl.com\\\/fr\\\/transport\\\/camions\\\/rideaux\\\/#breadcrumb\",\"itemListElement\":[{\"@type\":\"ListItem\",\"position\":1,\"name\":\"Inicio\",\"item\":\"https:\\\/\\\/www.industri-sl.com\\\/fr\\\/\"},{\"@type\":\"ListItem\",\"position\":2,\"name\":\"Division Transport\",\"item\":\"https:\\\/\\\/www.industri-sl.com\\\/fr\\\/transport\\\/\"},{\"@type\":\"ListItem\",\"position\":3,\"name\":\"Fabrication sur mesure pour camions\",\"item\":\"https:\\\/\\\/www.industri-sl.com\\\/fr\\\/transport\\\/camions\\\/\"},{\"@type\":\"ListItem\",\"position\":4,\"name\":\"Rideaux sur mesure pour camions\"}]},{\"@type\":\"WebSite\",\"@id\":\"https:\\\/\\\/www.industri-sl.com\\\/fr\\\/#website\",\"url\":\"https:\\\/\\\/www.industri-sl.com\\\/fr\\\/\",\"name\":\"Industri SL\",\"description\":\"\",\"publisher\":{\"@id\":\"https:\\\/\\\/www.industri-sl.com\\\/fr\\\/#organization\"},\"potentialAction\":[{\"@type\":\"SearchAction\",\"target\":{\"@type\":\"EntryPoint\",\"urlTemplate\":\"https:\\\/\\\/www.industri-sl.com\\\/fr\\\/?s={search_term_string}\"},\"query-input\":{\"@type\":\"PropertyValueSpecification\",\"valueRequired\":true,\"valueName\":\"search_term_string\"}}],\"inLanguage\":\"fr-FR\"},{\"@type\":\"Organization\",\"@id\":\"https:\\\/\\\/www.industri-sl.com\\\/fr\\\/#organization\",\"name\":\"Industri SL\",\"url\":\"https:\\\/\\\/www.industri-sl.com\\\/fr\\\/\",\"logo\":{\"@type\":\"ImageObject\",\"inLanguage\":\"fr-FR\",\"@id\":\"https:\\\/\\\/www.industri-sl.com\\\/fr\\\/#\\\/schema\\\/logo\\\/image\\\/\",\"url\":\"https:\\\/\\\/www.industri-sl.com\\\/wp-content\\\/uploads\\\/industri-logo.png\",\"contentUrl\":\"https:\\\/\\\/www.industri-sl.com\\\/wp-content\\\/uploads\\\/industri-logo.png\",\"width\":248,\"height\":45,\"caption\":\"Industri SL\"},\"image\":{\"@id\":\"https:\\\/\\\/www.industri-sl.com\\\/fr\\\/#\\\/schema\\\/logo\\\/image\\\/\"}}]}<\/script>\n<!-- \/ Yoast SEO plugin. -->","yoast_head_json":{"title":"Fabrication de rideaux sur mesure pour camion - INDUSTRI","description":"Chez INDUSTRI, nous concevons et fabriquons des rideaux sur mesure pour les camions, en nous adaptant aux besoins de chaque client.","robots":{"index":"index","follow":"follow","max-snippet":"max-snippet:-1","max-image-preview":"max-image-preview:large","max-video-preview":"max-video-preview:-1"},"canonical":"https:\/\/www.industri-sl.com\/fr\/transport\/camions\/rideaux\/","og_locale":"fr_FR","og_type":"article","og_title":"Fabrication de rideaux sur mesure pour camion - INDUSTRI","og_description":"Chez INDUSTRI, nous concevons et fabriquons des rideaux sur mesure pour les camions, en nous adaptant aux besoins de chaque client.","og_url":"https:\/\/www.industri-sl.com\/fr\/transport\/camions\/rideaux\/","og_site_name":"Industri SL","article_modified_time":"2025-05-22T09:42:13+00:00","og_image":[{"url":"https:\/\/www.industri-sl.com\/wp-content\/uploads\/cortina-autofrenada-2-2-300x225.jpg","type":"","width":"","height":""}],"twitter_card":"summary_large_image","twitter_misc":{"Dur\u00e9e de lecture estim\u00e9e":"3 minutes"},"schema":{"@context":"https:\/\/schema.org","@graph":[{"@type":"WebPage","@id":"https:\/\/www.industri-sl.com\/fr\/transport\/camions\/rideaux\/","url":"https:\/\/www.industri-sl.com\/fr\/transport\/camions\/rideaux\/","name":"Fabrication de rideaux sur mesure pour camion - INDUSTRI","isPartOf":{"@id":"https:\/\/www.industri-sl.com\/fr\/#website"},"primaryImageOfPage":{"@id":"https:\/\/www.industri-sl.com\/fr\/transport\/camions\/rideaux\/#primaryimage"},"image":{"@id":"https:\/\/www.industri-sl.com\/fr\/transport\/camions\/rideaux\/#primaryimage"},"thumbnailUrl":"https:\/\/www.industri-sl.com\/wp-content\/uploads\/cortina-autofrenada-2-2-300x225.jpg","datePublished":"2019-10-01T12:34:41+00:00","dateModified":"2025-05-22T09:42:13+00:00","description":"Chez INDUSTRI, nous concevons et fabriquons des rideaux sur mesure pour les camions, en nous adaptant aux besoins de chaque client.","breadcrumb":{"@id":"https:\/\/www.industri-sl.com\/fr\/transport\/camions\/rideaux\/#breadcrumb"},"inLanguage":"fr-FR","potentialAction":[{"@type":"ReadAction","target":["https:\/\/www.industri-sl.com\/fr\/transport\/camions\/rideaux\/"]}]},{"@type":"ImageObject","inLanguage":"fr-FR","@id":"https:\/\/www.industri-sl.com\/fr\/transport\/camions\/rideaux\/#primaryimage","url":"https:\/\/www.industri-sl.com\/wp-content\/uploads\/cortina-autofrenada-2-2-300x225.jpg","contentUrl":"https:\/\/www.industri-sl.com\/wp-content\/uploads\/cortina-autofrenada-2-2-300x225.jpg"},{"@type":"BreadcrumbList","@id":"https:\/\/www.industri-sl.com\/fr\/transport\/camions\/rideaux\/#breadcrumb","itemListElement":[{"@type":"ListItem","position":1,"name":"Inicio","item":"https:\/\/www.industri-sl.com\/fr\/"},{"@type":"ListItem","position":2,"name":"Division Transport","item":"https:\/\/www.industri-sl.com\/fr\/transport\/"},{"@type":"ListItem","position":3,"name":"Fabrication sur mesure pour camions","item":"https:\/\/www.industri-sl.com\/fr\/transport\/camions\/"},{"@type":"ListItem","position":4,"name":"Rideaux sur mesure pour camions"}]},{"@type":"WebSite","@id":"https:\/\/www.industri-sl.com\/fr\/#website","url":"https:\/\/www.industri-sl.com\/fr\/","name":"Industri SL","description":"","publisher":{"@id":"https:\/\/www.industri-sl.com\/fr\/#organization"},"potentialAction":[{"@type":"SearchAction","target":{"@type":"EntryPoint","urlTemplate":"https:\/\/www.industri-sl.com\/fr\/?s={search_term_string}"},"query-input":{"@type":"PropertyValueSpecification","valueRequired":true,"valueName":"search_term_string"}}],"inLanguage":"fr-FR"},{"@type":"Organization","@id":"https:\/\/www.industri-sl.com\/fr\/#organization","name":"Industri SL","url":"https:\/\/www.industri-sl.com\/fr\/","logo":{"@type":"ImageObject","inLanguage":"fr-FR","@id":"https:\/\/www.industri-sl.com\/fr\/#\/schema\/logo\/image\/","url":"https:\/\/www.industri-sl.com\/wp-content\/uploads\/industri-logo.png","contentUrl":"https:\/\/www.industri-sl.com\/wp-content\/uploads\/industri-logo.png","width":248,"height":45,"caption":"Industri SL"},"image":{"@id":"https:\/\/www.industri-sl.com\/fr\/#\/schema\/logo\/image\/"}}]}},"_links":{"self":[{"href":"https:\/\/www.industri-sl.com\/fr\/wp-json\/wp\/v2\/pages\/9281","targetHints":{"allow":["GET"]}}],"collection":[{"href":"https:\/\/www.industri-sl.com\/fr\/wp-json\/wp\/v2\/pages"}],"about":[{"href":"https:\/\/www.industri-sl.com\/fr\/wp-json\/wp\/v2\/types\/page"}],"author":[{"embeddable":true,"href":"https:\/\/www.industri-sl.com\/fr\/wp-json\/wp\/v2\/users\/3"}],"replies":[{"embeddable":true,"href":"https:\/\/www.industri-sl.com\/fr\/wp-json\/wp\/v2\/comments?post=9281"}],"version-history":[{"count":0,"href":"https:\/\/www.industri-sl.com\/fr\/wp-json\/wp\/v2\/pages\/9281\/revisions"}],"up":[{"embeddable":true,"href":"https:\/\/www.industri-sl.com\/fr\/wp-json\/wp\/v2\/pages\/9279"}],"wp:attachment":[{"href":"https:\/\/www.industri-sl.com\/fr\/wp-json\/wp\/v2\/media?parent=9281"}],"curies":[{"name":"wp","href":"https:\/\/api.w.org\/{rel}","templated":true}]}}