{"id":9277,"date":"2019-10-01T09:18:17","date_gmt":"2019-10-01T07:18:17","guid":{"rendered":"https:\/\/www.industri-sl.com\/transport\/autobus\/ventanas\/"},"modified":"2025-03-31T12:39:27","modified_gmt":"2025-03-31T10:39:27","slug":"toits-ouvrants","status":"publish","type":"page","link":"https:\/\/www.industri-sl.com\/fr\/transport\/autobus\/toits-ouvrants\/","title":{"rendered":"Toits ouvrants sur mesure pour autobus"},"content":{"rendered":"<h2>Fabrication de toits ouvrants sur mesure pour autocars<\/h2>\n<p>Chez INDUSTRI, <a href=\"https:\/\/www.industri-sl.com\/fr\/ingenierie\/\">nous concevons et fabriquons<\/a> diff\u00e9rents mod\u00e8les de toits ouvrants dans diff\u00e9rentes dimensions pour les autobus et les microbus. Gr\u00e2ce \u00e0 leur noyau en polyur\u00e9thane et \u00e0 leur construction par thermoformage, les toits ouvrants d&rsquo;Industri pr\u00e9sentent une grande robustesse m\u00e9canique. Ils sont \u00e9galement dot\u00e9s d\u2019un syst\u00e8me d\u2019ouverture d\u2019urgence en cas de renversement de l\u2019autobus.<\/p>\n<p>Des poign\u00e9es int\u00e9rieures sont \u00e9galement pr\u00e9vues pour permettre l\u2019ouverture manuelle du toit pour la ventilation de l\u2019autobus. Toutefois, ces toits ouvrants peuvent \u00eatre \u00e0 la fois <strong>m\u00e9caniques et \u00e9lectriques<\/strong>. <\/p>\n<h2>Quels types de toits ouvrants fabriquons-nous?<\/h2>\n<div><a class=\"boton gris\" href=\"#mecanicas\">Toits ouvrants m\u00e9caniques<\/a><a class=\"boton gris\" href=\"#mecanismos\">M\u00e9canismes et cadres<\/a><\/div>\n<div class=\"light-bg marcas\">\n\t<div class=\"flex\">\n\t\t<h2>nos clients<\/h2>\n\n\t<\/div>\n\n\t<div class=\"flex\">\n\t\t<div class=\"caja\">\n\t\t\t<div class=\"flex marcas-logos\">\n\t\t\t\t<div><a href=\"https:\/\/www.industri-sl.com\/fr\/transporte\/recambios\/tren\/caf\/\"><img decoding=\"async\" loading=\"lazy\" src=\"https:\/\/www.industri-sl.com\/wp-content\/themes\/industri\/img\/logo-caf.jpg\" alt=\"CAF\"><\/a><\/div>\n\t\t\t\t<div><a href=\"https:\/\/www.industri-sl.com\/fr\/transporte\/recambios\/tren\/talgo\/\"><img decoding=\"async\" loading=\"lazy\" src=\"https:\/\/www.industri-sl.com\/wp-content\/themes\/industri\/img\/logo-talgo.jpg\" alt=\"Talgo\"><\/a><\/div>\n\t\t\t\t<div><img decoding=\"async\" loading=\"lazy\" src=\"https:\/\/www.industri-sl.com\/wp-content\/themes\/industri\/img\/logo-esg-rail.jpg\" alt=\"DBESGRail\"><\/div>\n\t\t\t<\/div>\n\t\t<\/div>\n\t<\/div>\n\t<div class=\"flex\">\n\t\t<div class=\"caja\">\n\t\t\t<div class=\"flex marcas-logos\">\n\t\t\t\t<div><a href=\"https:\/\/www.industri-sl.com\/fr\/transporte\/recambios\/tren\/alstom\/\"><img decoding=\"async\" loading=\"lazy\" src=\"https:\/\/www.industri-sl.com\/wp-content\/themes\/industri\/img\/logo-alstom.jpg\" alt=\"ALSTOM\"><\/a><\/div>\n\t\t\t\t<div><img decoding=\"async\" loading=\"lazy\" src=\"https:\/\/www.industri-sl.com\/wp-content\/themes\/industri\/img\/logo-bombardier.jpg\" alt=\"Bombardier\"><\/div>\n\t\t\t\t<div><img decoding=\"async\" loading=\"lazy\" src=\"https:\/\/www.industri-sl.com\/wp-content\/themes\/industri\/img\/logo-stadler.jpg\" alt=\"Stadler\"><\/div>\n\t\t\t<\/div>\n\t\t<\/div>\n\t<\/div>\n\t<br>\n\t<a class=\"boton sin\" href=\"#formulario\">DEMANDE DE DEVIS<\/a>\n<\/div>\n\n<h3 id=\"mecanicas\" class=\"ancla\">Toits ouvrants m\u00e9caniques<\/h3>\n<p><img loading=\"lazy\" decoding=\"async\" class=\"alignright wp-image-2410\" src=\"https:\/\/www.industri-sl.com\/wp-content\/uploads\/ventana-mecanica-300x225.jpg\" alt=\"Fabrication de toits ouvrants sur mesure pour autocars\" width=\"300\" height=\"225\" srcset=\"https:\/\/www.industri-sl.com\/wp-content\/uploads\/ventana-mecanica-300x225.jpg 300w, https:\/\/www.industri-sl.com\/wp-content\/uploads\/ventana-mecanica-768x576.jpg 768w, https:\/\/www.industri-sl.com\/wp-content\/uploads\/ventana-mecanica.jpg 800w\" sizes=\"auto, (max-width: 300px) 100vw, 300px\" \/>INDUSTRI fabrique des toits ouvrants m\u00e9caniques pour autocars et minibus. Chaque toit est fabriqu\u00e9 <a href=\"https:\/\/www.industri-sl.com\/fr\/transport\/autobus\/\">suivant les besoins du type d\u2019autobu<\/a>s et comporte un syst\u00e8me d\u2019urgence.<\/p>\n<p>Une poign\u00e9e manuelle permet de d\u00e9clencher l\u2019ouverture du toit, offrant ainsi <strong>une issue de secours pour l\u2019\u00e9vacuation des passagers<\/strong>.<\/p>\n<p>Nos toits ouvrants m\u00e9caniques comportent un noyau en polyur\u00e9thane et <strong>sont fabriqu\u00e9s par thermoformage<\/strong>.<\/p>\n<h3 id=\"mecanismos\" class=\"ancla\">M\u00e9canismes et cadres<\/h3>\n<p><img loading=\"lazy\" decoding=\"async\" class=\"alignright wp-image-2340\" src=\"https:\/\/www.industri-sl.com\/wp-content\/uploads\/mecanismos-ventanas-techo-1-300x216.jpg\" alt=\"Fabrication de m\u00e9canismes et cadres sur mesure pour toits ouvrants d'autocars\" width=\"300\" height=\"216\" srcset=\"https:\/\/www.industri-sl.com\/wp-content\/uploads\/mecanismos-ventanas-techo-1-300x216.jpg 300w, https:\/\/www.industri-sl.com\/wp-content\/uploads\/mecanismos-ventanas-techo-1-768x552.jpg 768w, https:\/\/www.industri-sl.com\/wp-content\/uploads\/mecanismos-ventanas-techo-1.jpg 800w\" sizes=\"auto, (max-width: 300px) 100vw, 300px\" \/>Les m\u00e9canismes sont un syst\u00e8me d\u2019ouverture <a href=\"https:\/\/www.industri-sl.com\/fr\/nous\/\">\u00e9labor\u00e9 par Industri<\/a> qui permettent l\u2019ouverture partielle ou totale du toit ouvrant. L\u2019ouverture partielle est pr\u00e9vue pour la ventilation de l\u2019autobus et l\u2019ouverture totale en cas d\u2019urgence.<\/p>\n<p>Les cadres sont les pi\u00e8ces auxquelles sont assembl\u00e9s les toits ouvrants. Un joint en caoutchouc isole le toit ouvrant de l\u2019autobus afin que l\u2019int\u00e9rieur soit prot\u00e9g\u00e9 de toute entr\u00e9e d\u2019eau ou d\u2019air. Ces cadres sont fabriqu\u00e9s en T\u00e9l\u00e8ne et comportent des inserts qui permettent l\u2019assemblage du toit ouvrant.<br \/>\n&nbsp;<\/p>\n<div class=\"otras-piezas\">\n<h4>Nous fabriquons aussi d\u2019autres pi\u00e8ces sur mesure:<\/h4>\n<div><a class=\"boton gris\" href=\"https:\/\/www.industri-sl.com\/fr\/transport\/autobus\/retroviseurs\/\">R\u00e9troviseurs<\/a><a class=\"boton gris\" href=\"https:\/\/www.industri-sl.com\/fr\/transport\/autobus\/repose-pieds\/\">Repose-pieds<\/a><a class=\"boton gris\" href=\"https:\/\/www.industri-sl.com\/fr\/transport\/autobus\/trappes-carburant\/\">Trappes \u00e0 carburant<\/a><a class=\"boton gris\" href=\"https:\/\/www.industri-sl.com\/fr\/transport\/autobus\/charnieres\/\">Charni\u00e8res<\/a><a class=\"boton gris\" href=\"https:\/\/www.industri-sl.com\/fr\/transport\/autobus\/pots-echappement\/\">Pots d\u2019\u00e9chappement<\/a><a class=\"boton gris\" href=\"https:\/\/www.industri-sl.com\/fr\/transport\/autobus\/rideaux\/\">Rideaux<\/a><\/div>\n<\/div>\n","protected":false},"excerpt":{"rendered":"<p>Fabrication de toits ouvrants sur mesure pour autocars Chez INDUSTRI, nous concevons et fabriquons diff\u00e9rents mod\u00e8les de toits ouvrants dans diff\u00e9rentes dimensions pour les autobus et les microbus. Gr\u00e2ce \u00e0 leur noyau en polyur\u00e9thane et \u00e0 leur construction par thermoformage, les toits ouvrants d&rsquo;Industri pr\u00e9sentent une grande robustesse m\u00e9canique. Ils sont \u00e9galement dot\u00e9s d\u2019un syst\u00e8me [&hellip;]<\/p>\n","protected":false},"author":3,"featured_media":0,"parent":9247,"menu_order":0,"comment_status":"closed","ping_status":"closed","template":"page-vehiculos.php","meta":{"footnotes":""},"class_list":["post-9277","page","type-page","status-publish","hentry"],"yoast_head":"<!-- This site is optimized with the Yoast SEO plugin v27.5 - https:\/\/yoast.com\/product\/yoast-seo-wordpress\/ -->\n<title>Fabrication de toits ouvrants sur mesure pour autobus - INDUSTRI<\/title>\n<meta name=\"description\" content=\"Chez INDUSTRI, nous concevons et fabriquons diff\u00e9rents mod\u00e8les de toits ouvrants dans diff\u00e9rentes dimensions pour les autobus et les minibus.\" \/>\n<meta name=\"robots\" content=\"index, follow, max-snippet:-1, max-image-preview:large, max-video-preview:-1\" \/>\n<link rel=\"canonical\" href=\"https:\/\/www.industri-sl.com\/fr\/transport\/autobus\/toits-ouvrants\/\" \/>\n<meta property=\"og:locale\" content=\"fr_FR\" \/>\n<meta property=\"og:type\" content=\"article\" \/>\n<meta property=\"og:title\" content=\"Fabrication de toits ouvrants sur mesure pour autobus - INDUSTRI\" \/>\n<meta property=\"og:description\" content=\"Chez INDUSTRI, nous concevons et fabriquons diff\u00e9rents mod\u00e8les de toits ouvrants dans diff\u00e9rentes dimensions pour les autobus et les minibus.\" \/>\n<meta property=\"og:url\" content=\"https:\/\/www.industri-sl.com\/fr\/transport\/autobus\/toits-ouvrants\/\" \/>\n<meta property=\"og:site_name\" content=\"Industri SL\" \/>\n<meta property=\"article:modified_time\" content=\"2025-03-31T10:39:27+00:00\" \/>\n<meta property=\"og:image\" content=\"https:\/\/www.industri-sl.com\/wp-content\/uploads\/ventana-mecanica-300x225.jpg\" \/>\n<meta name=\"twitter:card\" content=\"summary_large_image\" \/>\n<meta name=\"twitter:label1\" content=\"Dur\u00e9e de lecture estim\u00e9e\" \/>\n\t<meta name=\"twitter:data1\" content=\"2 minutes\" \/>\n<script type=\"application\/ld+json\" class=\"yoast-schema-graph\">{\"@context\":\"https:\\\/\\\/schema.org\",\"@graph\":[{\"@type\":\"WebPage\",\"@id\":\"https:\\\/\\\/www.industri-sl.com\\\/fr\\\/transport\\\/autobus\\\/toits-ouvrants\\\/\",\"url\":\"https:\\\/\\\/www.industri-sl.com\\\/fr\\\/transport\\\/autobus\\\/toits-ouvrants\\\/\",\"name\":\"Fabrication de toits ouvrants sur mesure pour autobus - INDUSTRI\",\"isPartOf\":{\"@id\":\"https:\\\/\\\/www.industri-sl.com\\\/fr\\\/#website\"},\"primaryImageOfPage\":{\"@id\":\"https:\\\/\\\/www.industri-sl.com\\\/fr\\\/transport\\\/autobus\\\/toits-ouvrants\\\/#primaryimage\"},\"image\":{\"@id\":\"https:\\\/\\\/www.industri-sl.com\\\/fr\\\/transport\\\/autobus\\\/toits-ouvrants\\\/#primaryimage\"},\"thumbnailUrl\":\"https:\\\/\\\/www.industri-sl.com\\\/wp-content\\\/uploads\\\/ventana-mecanica-300x225.jpg\",\"datePublished\":\"2019-10-01T07:18:17+00:00\",\"dateModified\":\"2025-03-31T10:39:27+00:00\",\"description\":\"Chez INDUSTRI, nous concevons et fabriquons diff\u00e9rents mod\u00e8les de toits ouvrants dans diff\u00e9rentes dimensions pour les autobus et les minibus.\",\"breadcrumb\":{\"@id\":\"https:\\\/\\\/www.industri-sl.com\\\/fr\\\/transport\\\/autobus\\\/toits-ouvrants\\\/#breadcrumb\"},\"inLanguage\":\"fr-FR\",\"potentialAction\":[{\"@type\":\"ReadAction\",\"target\":[\"https:\\\/\\\/www.industri-sl.com\\\/fr\\\/transport\\\/autobus\\\/toits-ouvrants\\\/\"]}]},{\"@type\":\"ImageObject\",\"inLanguage\":\"fr-FR\",\"@id\":\"https:\\\/\\\/www.industri-sl.com\\\/fr\\\/transport\\\/autobus\\\/toits-ouvrants\\\/#primaryimage\",\"url\":\"https:\\\/\\\/www.industri-sl.com\\\/wp-content\\\/uploads\\\/ventana-mecanica-300x225.jpg\",\"contentUrl\":\"https:\\\/\\\/www.industri-sl.com\\\/wp-content\\\/uploads\\\/ventana-mecanica-300x225.jpg\"},{\"@type\":\"BreadcrumbList\",\"@id\":\"https:\\\/\\\/www.industri-sl.com\\\/fr\\\/transport\\\/autobus\\\/toits-ouvrants\\\/#breadcrumb\",\"itemListElement\":[{\"@type\":\"ListItem\",\"position\":1,\"name\":\"Inicio\",\"item\":\"https:\\\/\\\/www.industri-sl.com\\\/fr\\\/\"},{\"@type\":\"ListItem\",\"position\":2,\"name\":\"Division Transport\",\"item\":\"https:\\\/\\\/www.industri-sl.com\\\/fr\\\/transport\\\/\"},{\"@type\":\"ListItem\",\"position\":3,\"name\":\"Fabrication sur mesure pour les autobus\",\"item\":\"https:\\\/\\\/www.industri-sl.com\\\/fr\\\/transport\\\/autobus\\\/\"},{\"@type\":\"ListItem\",\"position\":4,\"name\":\"Toits ouvrants sur mesure pour autobus\"}]},{\"@type\":\"WebSite\",\"@id\":\"https:\\\/\\\/www.industri-sl.com\\\/fr\\\/#website\",\"url\":\"https:\\\/\\\/www.industri-sl.com\\\/fr\\\/\",\"name\":\"Industri SL\",\"description\":\"\",\"publisher\":{\"@id\":\"https:\\\/\\\/www.industri-sl.com\\\/fr\\\/#organization\"},\"potentialAction\":[{\"@type\":\"SearchAction\",\"target\":{\"@type\":\"EntryPoint\",\"urlTemplate\":\"https:\\\/\\\/www.industri-sl.com\\\/fr\\\/?s={search_term_string}\"},\"query-input\":{\"@type\":\"PropertyValueSpecification\",\"valueRequired\":true,\"valueName\":\"search_term_string\"}}],\"inLanguage\":\"fr-FR\"},{\"@type\":\"Organization\",\"@id\":\"https:\\\/\\\/www.industri-sl.com\\\/fr\\\/#organization\",\"name\":\"Industri SL\",\"url\":\"https:\\\/\\\/www.industri-sl.com\\\/fr\\\/\",\"logo\":{\"@type\":\"ImageObject\",\"inLanguage\":\"fr-FR\",\"@id\":\"https:\\\/\\\/www.industri-sl.com\\\/fr\\\/#\\\/schema\\\/logo\\\/image\\\/\",\"url\":\"https:\\\/\\\/www.industri-sl.com\\\/wp-content\\\/uploads\\\/industri-logo.png\",\"contentUrl\":\"https:\\\/\\\/www.industri-sl.com\\\/wp-content\\\/uploads\\\/industri-logo.png\",\"width\":248,\"height\":45,\"caption\":\"Industri SL\"},\"image\":{\"@id\":\"https:\\\/\\\/www.industri-sl.com\\\/fr\\\/#\\\/schema\\\/logo\\\/image\\\/\"}}]}<\/script>\n<!-- \/ Yoast SEO plugin. -->","yoast_head_json":{"title":"Fabrication de toits ouvrants sur mesure pour autobus - INDUSTRI","description":"Chez INDUSTRI, nous concevons et fabriquons diff\u00e9rents mod\u00e8les de toits ouvrants dans diff\u00e9rentes dimensions pour les autobus et les minibus.","robots":{"index":"index","follow":"follow","max-snippet":"max-snippet:-1","max-image-preview":"max-image-preview:large","max-video-preview":"max-video-preview:-1"},"canonical":"https:\/\/www.industri-sl.com\/fr\/transport\/autobus\/toits-ouvrants\/","og_locale":"fr_FR","og_type":"article","og_title":"Fabrication de toits ouvrants sur mesure pour autobus - INDUSTRI","og_description":"Chez INDUSTRI, nous concevons et fabriquons diff\u00e9rents mod\u00e8les de toits ouvrants dans diff\u00e9rentes dimensions pour les autobus et les minibus.","og_url":"https:\/\/www.industri-sl.com\/fr\/transport\/autobus\/toits-ouvrants\/","og_site_name":"Industri SL","article_modified_time":"2025-03-31T10:39:27+00:00","og_image":[{"url":"https:\/\/www.industri-sl.com\/wp-content\/uploads\/ventana-mecanica-300x225.jpg","type":"","width":"","height":""}],"twitter_card":"summary_large_image","twitter_misc":{"Dur\u00e9e de lecture estim\u00e9e":"2 minutes"},"schema":{"@context":"https:\/\/schema.org","@graph":[{"@type":"WebPage","@id":"https:\/\/www.industri-sl.com\/fr\/transport\/autobus\/toits-ouvrants\/","url":"https:\/\/www.industri-sl.com\/fr\/transport\/autobus\/toits-ouvrants\/","name":"Fabrication de toits ouvrants sur mesure pour autobus - INDUSTRI","isPartOf":{"@id":"https:\/\/www.industri-sl.com\/fr\/#website"},"primaryImageOfPage":{"@id":"https:\/\/www.industri-sl.com\/fr\/transport\/autobus\/toits-ouvrants\/#primaryimage"},"image":{"@id":"https:\/\/www.industri-sl.com\/fr\/transport\/autobus\/toits-ouvrants\/#primaryimage"},"thumbnailUrl":"https:\/\/www.industri-sl.com\/wp-content\/uploads\/ventana-mecanica-300x225.jpg","datePublished":"2019-10-01T07:18:17+00:00","dateModified":"2025-03-31T10:39:27+00:00","description":"Chez INDUSTRI, nous concevons et fabriquons diff\u00e9rents mod\u00e8les de toits ouvrants dans diff\u00e9rentes dimensions pour les autobus et les minibus.","breadcrumb":{"@id":"https:\/\/www.industri-sl.com\/fr\/transport\/autobus\/toits-ouvrants\/#breadcrumb"},"inLanguage":"fr-FR","potentialAction":[{"@type":"ReadAction","target":["https:\/\/www.industri-sl.com\/fr\/transport\/autobus\/toits-ouvrants\/"]}]},{"@type":"ImageObject","inLanguage":"fr-FR","@id":"https:\/\/www.industri-sl.com\/fr\/transport\/autobus\/toits-ouvrants\/#primaryimage","url":"https:\/\/www.industri-sl.com\/wp-content\/uploads\/ventana-mecanica-300x225.jpg","contentUrl":"https:\/\/www.industri-sl.com\/wp-content\/uploads\/ventana-mecanica-300x225.jpg"},{"@type":"BreadcrumbList","@id":"https:\/\/www.industri-sl.com\/fr\/transport\/autobus\/toits-ouvrants\/#breadcrumb","itemListElement":[{"@type":"ListItem","position":1,"name":"Inicio","item":"https:\/\/www.industri-sl.com\/fr\/"},{"@type":"ListItem","position":2,"name":"Division Transport","item":"https:\/\/www.industri-sl.com\/fr\/transport\/"},{"@type":"ListItem","position":3,"name":"Fabrication sur mesure pour les autobus","item":"https:\/\/www.industri-sl.com\/fr\/transport\/autobus\/"},{"@type":"ListItem","position":4,"name":"Toits ouvrants sur mesure pour autobus"}]},{"@type":"WebSite","@id":"https:\/\/www.industri-sl.com\/fr\/#website","url":"https:\/\/www.industri-sl.com\/fr\/","name":"Industri SL","description":"","publisher":{"@id":"https:\/\/www.industri-sl.com\/fr\/#organization"},"potentialAction":[{"@type":"SearchAction","target":{"@type":"EntryPoint","urlTemplate":"https:\/\/www.industri-sl.com\/fr\/?s={search_term_string}"},"query-input":{"@type":"PropertyValueSpecification","valueRequired":true,"valueName":"search_term_string"}}],"inLanguage":"fr-FR"},{"@type":"Organization","@id":"https:\/\/www.industri-sl.com\/fr\/#organization","name":"Industri SL","url":"https:\/\/www.industri-sl.com\/fr\/","logo":{"@type":"ImageObject","inLanguage":"fr-FR","@id":"https:\/\/www.industri-sl.com\/fr\/#\/schema\/logo\/image\/","url":"https:\/\/www.industri-sl.com\/wp-content\/uploads\/industri-logo.png","contentUrl":"https:\/\/www.industri-sl.com\/wp-content\/uploads\/industri-logo.png","width":248,"height":45,"caption":"Industri SL"},"image":{"@id":"https:\/\/www.industri-sl.com\/fr\/#\/schema\/logo\/image\/"}}]}},"_links":{"self":[{"href":"https:\/\/www.industri-sl.com\/fr\/wp-json\/wp\/v2\/pages\/9277","targetHints":{"allow":["GET"]}}],"collection":[{"href":"https:\/\/www.industri-sl.com\/fr\/wp-json\/wp\/v2\/pages"}],"about":[{"href":"https:\/\/www.industri-sl.com\/fr\/wp-json\/wp\/v2\/types\/page"}],"author":[{"embeddable":true,"href":"https:\/\/www.industri-sl.com\/fr\/wp-json\/wp\/v2\/users\/3"}],"replies":[{"embeddable":true,"href":"https:\/\/www.industri-sl.com\/fr\/wp-json\/wp\/v2\/comments?post=9277"}],"version-history":[{"count":0,"href":"https:\/\/www.industri-sl.com\/fr\/wp-json\/wp\/v2\/pages\/9277\/revisions"}],"up":[{"embeddable":true,"href":"https:\/\/www.industri-sl.com\/fr\/wp-json\/wp\/v2\/pages\/9247"}],"wp:attachment":[{"href":"https:\/\/www.industri-sl.com\/fr\/wp-json\/wp\/v2\/media?parent=9277"}],"curies":[{"name":"wp","href":"https:\/\/api.w.org\/{rel}","templated":true}]}}