{"id":9273,"date":"2019-10-01T11:03:52","date_gmt":"2019-10-01T09:03:52","guid":{"rendered":"https:\/\/www.industri-sl.com\/transport\/autobus\/tapas-gasoil\/"},"modified":"2025-03-31T12:36:29","modified_gmt":"2025-03-31T10:36:29","slug":"trappes-carburant","status":"publish","type":"page","link":"https:\/\/www.industri-sl.com\/fr\/transport\/autobus\/trappes-carburant\/","title":{"rendered":"Trappes \u00e0 carburant sur mesure pour autobus"},"content":{"rendered":"<h2>Fabrication de trappes \u00e0 carburant sur mesure pour autocars<\/h2>\n<p>INDUSTRI fabrique des trappes \u00e0 carburant en plastique inject\u00e9 pour les autobus. Ces trappes sont fix\u00e9es \u00e0 l\u2019entr\u00e9e du r\u00e9servoir de gasoil de l\u2019autobus \u00e0 la fois comme <strong>protection et d\u00e9coration<\/strong>. Leur actionnement peut \u00eatre \u00e9lectrique ou manuel. <\/p>\n<p>Elles sont form\u00e9es de deux pi\u00e8ces en plastique assembl\u00e9es par une tige. Le corps principal <strong>prot\u00e8ge le r\u00e9servoir \u00e0 carburant<\/strong>. La trappe ferme l\u2019entr\u00e9e du r\u00e9servoir et permet la pose d\u2019une plaque de la couleur de la carrosserie \u00e0 des fins de d\u00e9coration et int\u00e9gration esth\u00e9tique.<\/p>\n<h2>Quel type de trappes \u00e0 carburant fabriquons-nous?<\/h2>\n<div><a class=\"boton gris\" href=\"#electricas\">\u00c9lectriques<\/a><a class=\"boton gris\" href=\"#manuales\">Manuelles<\/a><a class=\"boton gris\" href=\"#cerradura\">Avec serrure<\/a><\/div>\n<div class=\"light-bg marcas\">\n\t<div class=\"flex\">\n\t\t<h2>nos clients<\/h2>\n\n\t<\/div>\n\n\t<div class=\"flex\">\n\t\t<div class=\"caja\">\n\t\t\t<div class=\"flex marcas-logos\">\n\t\t\t\t<div><a href=\"https:\/\/www.industri-sl.com\/fr\/transporte\/recambios\/tren\/caf\/\"><img decoding=\"async\" loading=\"lazy\" src=\"https:\/\/www.industri-sl.com\/wp-content\/themes\/industri\/img\/logo-caf.jpg\" alt=\"CAF\"><\/a><\/div>\n\t\t\t\t<div><a href=\"https:\/\/www.industri-sl.com\/fr\/transporte\/recambios\/tren\/talgo\/\"><img decoding=\"async\" loading=\"lazy\" src=\"https:\/\/www.industri-sl.com\/wp-content\/themes\/industri\/img\/logo-talgo.jpg\" alt=\"Talgo\"><\/a><\/div>\n\t\t\t\t<div><img decoding=\"async\" loading=\"lazy\" src=\"https:\/\/www.industri-sl.com\/wp-content\/themes\/industri\/img\/logo-esg-rail.jpg\" alt=\"DBESGRail\"><\/div>\n\t\t\t<\/div>\n\t\t<\/div>\n\t<\/div>\n\t<div class=\"flex\">\n\t\t<div class=\"caja\">\n\t\t\t<div class=\"flex marcas-logos\">\n\t\t\t\t<div><a href=\"https:\/\/www.industri-sl.com\/fr\/transporte\/recambios\/tren\/alstom\/\"><img decoding=\"async\" loading=\"lazy\" src=\"https:\/\/www.industri-sl.com\/wp-content\/themes\/industri\/img\/logo-alstom.jpg\" alt=\"ALSTOM\"><\/a><\/div>\n\t\t\t\t<div><img decoding=\"async\" loading=\"lazy\" src=\"https:\/\/www.industri-sl.com\/wp-content\/themes\/industri\/img\/logo-bombardier.jpg\" alt=\"Bombardier\"><\/div>\n\t\t\t\t<div><img decoding=\"async\" loading=\"lazy\" src=\"https:\/\/www.industri-sl.com\/wp-content\/themes\/industri\/img\/logo-stadler.jpg\" alt=\"Stadler\"><\/div>\n\t\t\t<\/div>\n\t\t<\/div>\n\t<\/div>\n\t<br>\n\t<a class=\"boton sin\" href=\"#formulario\">DEMANDE DE DEVIS<\/a>\n<\/div>\n\n<h3 id=\"electricas\">Trappes \u00e0 carburant \u00e9lectriques<\/h3>\n<p><img loading=\"lazy\" decoding=\"async\" class=\"size-medium wp-image-1836 alignright\" src=\"https:\/\/www.industri-sl.com\/wp-content\/uploads\/tapa-gasoil1-300x225.jpg\" alt=\"Fabrication de trappes \u00e0 carburant \u00e9lectriques sur mesure pour autocars\" width=\"300\" height=\"225\" srcset=\"https:\/\/www.industri-sl.com\/wp-content\/uploads\/tapa-gasoil1-300x225.jpg 300w, https:\/\/www.industri-sl.com\/wp-content\/uploads\/tapa-gasoil1-768x576.jpg 768w, https:\/\/www.industri-sl.com\/wp-content\/uploads\/tapa-gasoil1.jpg 800w\" sizes=\"auto, (max-width: 300px) 100vw, 300px\" \/>Les trappes \u00e0 carburant \u00e9lectriques <strong>s\u2019ouvrent depuis le tableau de bord du chauffeur<\/strong>, \u00e0 l&rsquo;int\u00e9rieur de l\u2019autobus, \u00e0 l\u2019aide d\u2019un \u00e9lectro-aimant. Ce syst\u00e8me \u00e9vite l\u2019ouverture malintentionn\u00e9e du r\u00e9servoir puisque celui ne peut \u00eatre ouvert que de l\u2019int\u00e9rieur du v\u00e9hicule. Il se compose d\u2019un \u00e9lectro-aimant compl\u00e8tement \u00e9tanche capable de fonctionner dans des conditions adverses.<\/p>\n<p>Pour assurer un <strong>bon fonctionnement<\/strong>, la partie mobile du syst\u00e8me est dot\u00e9e d\u2019un soufflet en caoutchouc incorpor\u00e9 pour \u00e9viter l\u2019entr\u00e9e de salet\u00e9s, de peinture, d\u2019eau ou de boue, qui pourrait arriver \u00e0 le bloquer. Ce soufflet sert d\u2019enveloppe protectrice de cette partie, en assurant sa propret\u00e9 \u00e0 tout moment.<\/p>\n<h3 id=\"manuales\">Trappes \u00e0 carburant manuelles<\/h3>\n<p><img loading=\"lazy\" decoding=\"async\" class=\"size-medium wp-image-1524 alignright\" src=\"https:\/\/www.industri-sl.com\/wp-content\/uploads\/tapa-gasoil-1-1-300x216.jpg\" alt=\"Fabrication de trappes \u00e0 carburant manuelles sur mesure pour autocars\" width=\"300\" height=\"216\" srcset=\"https:\/\/www.industri-sl.com\/wp-content\/uploads\/tapa-gasoil-1-1-300x216.jpg 300w, https:\/\/www.industri-sl.com\/wp-content\/uploads\/tapa-gasoil-1-1-768x552.jpg 768w, https:\/\/www.industri-sl.com\/wp-content\/uploads\/tapa-gasoil-1-1.jpg 800w\" sizes=\"auto, (max-width: 300px) 100vw, 300px\" \/>Les trappes \u00e0 carburant manuelles se ferment \u00e0 l\u2019aide d\u2019un ressort qui emp\u00eache toute ouverture ind\u00e9sirable.<\/p>\n<p>Leur fonctionnement est <strong>simple et efficace<\/strong>. La trappe permet la pose d\u2019une plaque des m\u00eames caract\u00e9ristiques que la carrosserie de l\u2019autobus ou du microbus pour une int\u00e9gration optimale.<\/p>\n<p>Ces trappes sont destin\u00e9es \u00e0 \u00eatre plac\u00e9es \u00e0 l&rsquo;entr\u00e9e du r\u00e9servoir \u00e0 carburant des autobus, aussi bien dans la zone du r\u00e9servoir \u00e0 gasoil que dans celle du r\u00e9servoir d\u2019eau.<\/p>\n<p>Elles sont con\u00e7ues pour supporter des conditions de salet\u00e9, humidit\u00e9, boue ou peinture, extr\u00eames puisqu\u2019elles sont habituellement plac\u00e9es \u00e0 <strong>proximit\u00e9 des roues des autobus<\/strong>. <\/p>\n<h3 id=\"cerradura\">Trappes \u00e0 carburant avec serrure<\/h3>\n<p><img loading=\"lazy\" decoding=\"async\" class=\"size-medium wp-image-1832 alignright\" src=\"https:\/\/www.industri-sl.com\/wp-content\/uploads\/tapa-gasoil-2-1-300x225.jpg\" alt=\"Fabrication de trappes \u00e0 carburant avec serrure sur mesure pour autocars\" width=\"300\" height=\"225\" srcset=\"https:\/\/www.industri-sl.com\/wp-content\/uploads\/tapa-gasoil-2-1-300x225.jpg 300w, https:\/\/www.industri-sl.com\/wp-content\/uploads\/tapa-gasoil-2-1-768x575.jpg 768w, https:\/\/www.industri-sl.com\/wp-content\/uploads\/tapa-gasoil-2-1.jpg 800w\" sizes=\"auto, (max-width: 300px) 100vw, 300px\" \/>INDUSTRI fabrique des trappes \u00e0 carburant en plastique inject\u00e9 pour les autobus. Ces trappes sont plac\u00e9es \u00e0 l\u2019entr\u00e9e du r\u00e9servoir \u00e0 gasoil comme protection mais aussi <strong>comme enjoliveur<\/strong>.<\/p>\n<p>Les trappes se composent de deux pi\u00e8ces en plastique assembl\u00e9es par une tige; la trappe permet aussi l\u2019application d\u2019une plaque de la couleur de la carrosserie pour <strong>son int\u00e9gration esth\u00e9tique avec le reste de l\u2019autobus<\/strong>.<\/p>\n<p>De mani\u00e8re additionnelle et pour plus de s\u00e9curit\u00e9, <a href=\"https:\/\/www.industri-sl.com\/fr\/ingenierie\/\">nous fabriquons<\/a> les trappes \u00e0 carburant avec serrure, afin que seul le chauffeur puisse acc\u00e9der au r\u00e9servoir.<\/p>\n<div class=\"otras-piezas\">\n<h4>Tambi\u00e9n fabricamos otras piezas a medida<\/h4>\n<div><a class=\"boton gris\" href=\"https:\/\/www.industri-sl.com\/fr\/transport\/autobus\/retroviseurs\/\">R\u00e9troviseurs<\/a><a class=\"boton gris\" href=\"https:\/\/www.industri-sl.com\/fr\/transport\/autobus\/repose-pieds\/\">Repose-pieds<\/a><a class=\"boton gris\" href=\"https:\/\/www.industri-sl.com\/fr\/transport\/autobus\/enjoliveurs\/\">Enjoliveurs<\/a><a class=\"boton gris\" href=\"https:\/\/www.industri-sl.com\/fr\/transport\/autobus\/charnieres\/\">Charni\u00e8res<\/a><a class=\"boton gris\" href=\"https:\/\/www.industri-sl.com\/fr\/transport\/autobus\/pots-echappement\/\">Pots d\u2019\u00e9chappement<\/a><a class=\"boton gris\" href=\"https:\/\/www.industri-sl.com\/fr\/transport\/autobus\/toits-ouvrants\/\">Toits ouvrants<\/a><\/div>\n<\/div>\n","protected":false},"excerpt":{"rendered":"<p>Fabrication de trappes \u00e0 carburant sur mesure pour autocars INDUSTRI fabrique des trappes \u00e0 carburant en plastique inject\u00e9 pour les autobus. Ces trappes sont fix\u00e9es \u00e0 l\u2019entr\u00e9e du r\u00e9servoir de gasoil de l\u2019autobus \u00e0 la fois comme protection et d\u00e9coration. Leur actionnement peut \u00eatre \u00e9lectrique ou manuel. Elles sont form\u00e9es de deux pi\u00e8ces en plastique [&hellip;]<\/p>\n","protected":false},"author":3,"featured_media":0,"parent":9247,"menu_order":0,"comment_status":"closed","ping_status":"closed","template":"page-vehiculos.php","meta":{"footnotes":""},"class_list":["post-9273","page","type-page","status-publish","hentry"],"yoast_head":"<!-- This site is optimized with the Yoast SEO plugin v27.5 - https:\/\/yoast.com\/product\/yoast-seo-wordpress\/ -->\n<title>Fabrication de trappes \u00e0 carburant sur mesure pour autobus- INDUSTRI<\/title>\n<meta name=\"description\" content=\"INDUSTRI fabrique des trappes \u00e0 carburant en plastique inject\u00e9 pour les autobus. Leur actionnement peut \u00eatre \u00e9lectrique ou manuel.\" \/>\n<meta name=\"robots\" content=\"index, follow, max-snippet:-1, max-image-preview:large, max-video-preview:-1\" \/>\n<link rel=\"canonical\" href=\"https:\/\/www.industri-sl.com\/fr\/transport\/autobus\/trappes-carburant\/\" \/>\n<meta property=\"og:locale\" content=\"fr_FR\" \/>\n<meta property=\"og:type\" content=\"article\" \/>\n<meta property=\"og:title\" content=\"Fabrication de trappes \u00e0 carburant sur mesure pour autobus- INDUSTRI\" \/>\n<meta property=\"og:description\" content=\"INDUSTRI fabrique des trappes \u00e0 carburant en plastique inject\u00e9 pour les autobus. Leur actionnement peut \u00eatre \u00e9lectrique ou manuel.\" \/>\n<meta property=\"og:url\" content=\"https:\/\/www.industri-sl.com\/fr\/transport\/autobus\/trappes-carburant\/\" \/>\n<meta property=\"og:site_name\" content=\"Industri SL\" \/>\n<meta property=\"article:modified_time\" content=\"2025-03-31T10:36:29+00:00\" \/>\n<meta property=\"og:image\" content=\"https:\/\/www.industri-sl.com\/wp-content\/uploads\/tapa-gasoil1-300x225.jpg\" \/>\n<meta name=\"twitter:card\" content=\"summary_large_image\" \/>\n<meta name=\"twitter:label1\" content=\"Dur\u00e9e de lecture estim\u00e9e\" \/>\n\t<meta name=\"twitter:data1\" content=\"3 minutes\" \/>\n<script type=\"application\/ld+json\" class=\"yoast-schema-graph\">{\"@context\":\"https:\\\/\\\/schema.org\",\"@graph\":[{\"@type\":\"WebPage\",\"@id\":\"https:\\\/\\\/www.industri-sl.com\\\/fr\\\/transport\\\/autobus\\\/trappes-carburant\\\/\",\"url\":\"https:\\\/\\\/www.industri-sl.com\\\/fr\\\/transport\\\/autobus\\\/trappes-carburant\\\/\",\"name\":\"Fabrication de trappes \u00e0 carburant sur mesure pour autobus- INDUSTRI\",\"isPartOf\":{\"@id\":\"https:\\\/\\\/www.industri-sl.com\\\/fr\\\/#website\"},\"primaryImageOfPage\":{\"@id\":\"https:\\\/\\\/www.industri-sl.com\\\/fr\\\/transport\\\/autobus\\\/trappes-carburant\\\/#primaryimage\"},\"image\":{\"@id\":\"https:\\\/\\\/www.industri-sl.com\\\/fr\\\/transport\\\/autobus\\\/trappes-carburant\\\/#primaryimage\"},\"thumbnailUrl\":\"https:\\\/\\\/www.industri-sl.com\\\/wp-content\\\/uploads\\\/tapa-gasoil1-300x225.jpg\",\"datePublished\":\"2019-10-01T09:03:52+00:00\",\"dateModified\":\"2025-03-31T10:36:29+00:00\",\"description\":\"INDUSTRI fabrique des trappes \u00e0 carburant en plastique inject\u00e9 pour les autobus. Leur actionnement peut \u00eatre \u00e9lectrique ou manuel.\",\"breadcrumb\":{\"@id\":\"https:\\\/\\\/www.industri-sl.com\\\/fr\\\/transport\\\/autobus\\\/trappes-carburant\\\/#breadcrumb\"},\"inLanguage\":\"fr-FR\",\"potentialAction\":[{\"@type\":\"ReadAction\",\"target\":[\"https:\\\/\\\/www.industri-sl.com\\\/fr\\\/transport\\\/autobus\\\/trappes-carburant\\\/\"]}]},{\"@type\":\"ImageObject\",\"inLanguage\":\"fr-FR\",\"@id\":\"https:\\\/\\\/www.industri-sl.com\\\/fr\\\/transport\\\/autobus\\\/trappes-carburant\\\/#primaryimage\",\"url\":\"https:\\\/\\\/www.industri-sl.com\\\/wp-content\\\/uploads\\\/tapa-gasoil1-300x225.jpg\",\"contentUrl\":\"https:\\\/\\\/www.industri-sl.com\\\/wp-content\\\/uploads\\\/tapa-gasoil1-300x225.jpg\"},{\"@type\":\"BreadcrumbList\",\"@id\":\"https:\\\/\\\/www.industri-sl.com\\\/fr\\\/transport\\\/autobus\\\/trappes-carburant\\\/#breadcrumb\",\"itemListElement\":[{\"@type\":\"ListItem\",\"position\":1,\"name\":\"Inicio\",\"item\":\"https:\\\/\\\/www.industri-sl.com\\\/fr\\\/\"},{\"@type\":\"ListItem\",\"position\":2,\"name\":\"Division Transport\",\"item\":\"https:\\\/\\\/www.industri-sl.com\\\/fr\\\/transport\\\/\"},{\"@type\":\"ListItem\",\"position\":3,\"name\":\"Fabrication sur mesure pour les autobus\",\"item\":\"https:\\\/\\\/www.industri-sl.com\\\/fr\\\/transport\\\/autobus\\\/\"},{\"@type\":\"ListItem\",\"position\":4,\"name\":\"Trappes \u00e0 carburant sur mesure pour autobus\"}]},{\"@type\":\"WebSite\",\"@id\":\"https:\\\/\\\/www.industri-sl.com\\\/fr\\\/#website\",\"url\":\"https:\\\/\\\/www.industri-sl.com\\\/fr\\\/\",\"name\":\"Industri SL\",\"description\":\"\",\"publisher\":{\"@id\":\"https:\\\/\\\/www.industri-sl.com\\\/fr\\\/#organization\"},\"potentialAction\":[{\"@type\":\"SearchAction\",\"target\":{\"@type\":\"EntryPoint\",\"urlTemplate\":\"https:\\\/\\\/www.industri-sl.com\\\/fr\\\/?s={search_term_string}\"},\"query-input\":{\"@type\":\"PropertyValueSpecification\",\"valueRequired\":true,\"valueName\":\"search_term_string\"}}],\"inLanguage\":\"fr-FR\"},{\"@type\":\"Organization\",\"@id\":\"https:\\\/\\\/www.industri-sl.com\\\/fr\\\/#organization\",\"name\":\"Industri SL\",\"url\":\"https:\\\/\\\/www.industri-sl.com\\\/fr\\\/\",\"logo\":{\"@type\":\"ImageObject\",\"inLanguage\":\"fr-FR\",\"@id\":\"https:\\\/\\\/www.industri-sl.com\\\/fr\\\/#\\\/schema\\\/logo\\\/image\\\/\",\"url\":\"https:\\\/\\\/www.industri-sl.com\\\/wp-content\\\/uploads\\\/industri-logo.png\",\"contentUrl\":\"https:\\\/\\\/www.industri-sl.com\\\/wp-content\\\/uploads\\\/industri-logo.png\",\"width\":248,\"height\":45,\"caption\":\"Industri SL\"},\"image\":{\"@id\":\"https:\\\/\\\/www.industri-sl.com\\\/fr\\\/#\\\/schema\\\/logo\\\/image\\\/\"}}]}<\/script>\n<!-- \/ Yoast SEO plugin. -->","yoast_head_json":{"title":"Fabrication de trappes \u00e0 carburant sur mesure pour autobus- INDUSTRI","description":"INDUSTRI fabrique des trappes \u00e0 carburant en plastique inject\u00e9 pour les autobus. Leur actionnement peut \u00eatre \u00e9lectrique ou manuel.","robots":{"index":"index","follow":"follow","max-snippet":"max-snippet:-1","max-image-preview":"max-image-preview:large","max-video-preview":"max-video-preview:-1"},"canonical":"https:\/\/www.industri-sl.com\/fr\/transport\/autobus\/trappes-carburant\/","og_locale":"fr_FR","og_type":"article","og_title":"Fabrication de trappes \u00e0 carburant sur mesure pour autobus- INDUSTRI","og_description":"INDUSTRI fabrique des trappes \u00e0 carburant en plastique inject\u00e9 pour les autobus. Leur actionnement peut \u00eatre \u00e9lectrique ou manuel.","og_url":"https:\/\/www.industri-sl.com\/fr\/transport\/autobus\/trappes-carburant\/","og_site_name":"Industri SL","article_modified_time":"2025-03-31T10:36:29+00:00","og_image":[{"url":"https:\/\/www.industri-sl.com\/wp-content\/uploads\/tapa-gasoil1-300x225.jpg","type":"","width":"","height":""}],"twitter_card":"summary_large_image","twitter_misc":{"Dur\u00e9e de lecture estim\u00e9e":"3 minutes"},"schema":{"@context":"https:\/\/schema.org","@graph":[{"@type":"WebPage","@id":"https:\/\/www.industri-sl.com\/fr\/transport\/autobus\/trappes-carburant\/","url":"https:\/\/www.industri-sl.com\/fr\/transport\/autobus\/trappes-carburant\/","name":"Fabrication de trappes \u00e0 carburant sur mesure pour autobus- INDUSTRI","isPartOf":{"@id":"https:\/\/www.industri-sl.com\/fr\/#website"},"primaryImageOfPage":{"@id":"https:\/\/www.industri-sl.com\/fr\/transport\/autobus\/trappes-carburant\/#primaryimage"},"image":{"@id":"https:\/\/www.industri-sl.com\/fr\/transport\/autobus\/trappes-carburant\/#primaryimage"},"thumbnailUrl":"https:\/\/www.industri-sl.com\/wp-content\/uploads\/tapa-gasoil1-300x225.jpg","datePublished":"2019-10-01T09:03:52+00:00","dateModified":"2025-03-31T10:36:29+00:00","description":"INDUSTRI fabrique des trappes \u00e0 carburant en plastique inject\u00e9 pour les autobus. Leur actionnement peut \u00eatre \u00e9lectrique ou manuel.","breadcrumb":{"@id":"https:\/\/www.industri-sl.com\/fr\/transport\/autobus\/trappes-carburant\/#breadcrumb"},"inLanguage":"fr-FR","potentialAction":[{"@type":"ReadAction","target":["https:\/\/www.industri-sl.com\/fr\/transport\/autobus\/trappes-carburant\/"]}]},{"@type":"ImageObject","inLanguage":"fr-FR","@id":"https:\/\/www.industri-sl.com\/fr\/transport\/autobus\/trappes-carburant\/#primaryimage","url":"https:\/\/www.industri-sl.com\/wp-content\/uploads\/tapa-gasoil1-300x225.jpg","contentUrl":"https:\/\/www.industri-sl.com\/wp-content\/uploads\/tapa-gasoil1-300x225.jpg"},{"@type":"BreadcrumbList","@id":"https:\/\/www.industri-sl.com\/fr\/transport\/autobus\/trappes-carburant\/#breadcrumb","itemListElement":[{"@type":"ListItem","position":1,"name":"Inicio","item":"https:\/\/www.industri-sl.com\/fr\/"},{"@type":"ListItem","position":2,"name":"Division Transport","item":"https:\/\/www.industri-sl.com\/fr\/transport\/"},{"@type":"ListItem","position":3,"name":"Fabrication sur mesure pour les autobus","item":"https:\/\/www.industri-sl.com\/fr\/transport\/autobus\/"},{"@type":"ListItem","position":4,"name":"Trappes \u00e0 carburant sur mesure pour autobus"}]},{"@type":"WebSite","@id":"https:\/\/www.industri-sl.com\/fr\/#website","url":"https:\/\/www.industri-sl.com\/fr\/","name":"Industri SL","description":"","publisher":{"@id":"https:\/\/www.industri-sl.com\/fr\/#organization"},"potentialAction":[{"@type":"SearchAction","target":{"@type":"EntryPoint","urlTemplate":"https:\/\/www.industri-sl.com\/fr\/?s={search_term_string}"},"query-input":{"@type":"PropertyValueSpecification","valueRequired":true,"valueName":"search_term_string"}}],"inLanguage":"fr-FR"},{"@type":"Organization","@id":"https:\/\/www.industri-sl.com\/fr\/#organization","name":"Industri SL","url":"https:\/\/www.industri-sl.com\/fr\/","logo":{"@type":"ImageObject","inLanguage":"fr-FR","@id":"https:\/\/www.industri-sl.com\/fr\/#\/schema\/logo\/image\/","url":"https:\/\/www.industri-sl.com\/wp-content\/uploads\/industri-logo.png","contentUrl":"https:\/\/www.industri-sl.com\/wp-content\/uploads\/industri-logo.png","width":248,"height":45,"caption":"Industri SL"},"image":{"@id":"https:\/\/www.industri-sl.com\/fr\/#\/schema\/logo\/image\/"}}]}},"_links":{"self":[{"href":"https:\/\/www.industri-sl.com\/fr\/wp-json\/wp\/v2\/pages\/9273","targetHints":{"allow":["GET"]}}],"collection":[{"href":"https:\/\/www.industri-sl.com\/fr\/wp-json\/wp\/v2\/pages"}],"about":[{"href":"https:\/\/www.industri-sl.com\/fr\/wp-json\/wp\/v2\/types\/page"}],"author":[{"embeddable":true,"href":"https:\/\/www.industri-sl.com\/fr\/wp-json\/wp\/v2\/users\/3"}],"replies":[{"embeddable":true,"href":"https:\/\/www.industri-sl.com\/fr\/wp-json\/wp\/v2\/comments?post=9273"}],"version-history":[{"count":0,"href":"https:\/\/www.industri-sl.com\/fr\/wp-json\/wp\/v2\/pages\/9273\/revisions"}],"up":[{"embeddable":true,"href":"https:\/\/www.industri-sl.com\/fr\/wp-json\/wp\/v2\/pages\/9247"}],"wp:attachment":[{"href":"https:\/\/www.industri-sl.com\/fr\/wp-json\/wp\/v2\/media?parent=9273"}],"curies":[{"name":"wp","href":"https:\/\/api.w.org\/{rel}","templated":true}]}}