{"id":9265,"date":"2019-09-30T14:42:11","date_gmt":"2019-09-30T12:42:11","guid":{"rendered":"https:\/\/www.industri-sl.com\/transport\/autobus\/retroviseurs\/componentes\/"},"modified":"2025-05-22T11:36:53","modified_gmt":"2025-05-22T09:36:53","slug":"composants","status":"publish","type":"page","link":"https:\/\/www.industri-sl.com\/fr\/transport\/autobus\/retroviseurs\/composants\/","title":{"rendered":"Composants pour r\u00e9troviseurs d\u2019autobus"},"content":{"rendered":"<h2>Composants sur mesure pour r\u00e9troviseurs d\u2019autocar<\/h2>\n<p>En plus de la fabrication de r\u00e9troviseurs d\u2019autobus complets, chez INDUSTRI <a href=\"https:\/\/www.industri-sl.com\/fr\/ingenierie\/\">nous concevons et fabriquons<\/a> aussi certaines pi\u00e8ces d\u00e9tach\u00e9es pour les r\u00e9troviseurs ext\u00e9rieurs et int\u00e9rieurs.<\/p>\n<p>Ces composants et pi\u00e8ces d\u00e9tach\u00e9es de r\u00e9troviseurs pour autobus et autocars sont indispensables \u00e0 leur <strong>fonctionnement optimal<\/strong>. Parmi ces pi\u00e8ces nous trouvons des actionneurs, des interrupteurs de type joystick, des queues d\u2019aronde ou des miroirs.<\/p>\n<h3>Actionneurs<\/h3>\n<p><img loading=\"lazy\" decoding=\"async\" class=\"size-medium wp-image-1952 alignright\" src=\"https:\/\/www.industri-sl.com\/wp-content\/uploads\/actuador-electrico-1-1-300x225.jpg\" alt=\"Fabrication d'actionneurs sur mesure pour r\u00e9troviseurs d\u2019autobus\" width=\"300\" height=\"225\" srcset=\"https:\/\/www.industri-sl.com\/wp-content\/uploads\/actuador-electrico-1-1-300x225.jpg 300w, https:\/\/www.industri-sl.com\/wp-content\/uploads\/actuador-electrico-1-1-768x576.jpg 768w, https:\/\/www.industri-sl.com\/wp-content\/uploads\/actuador-electrico-1-1.jpg 800w\" sizes=\"auto, (max-width: 300px) 100vw, 300px\" \/><br \/>\nLes actionneurs sont un m\u00e9canisme utilis\u00e9 pour fixer les miroirs aux r\u00e9troviseurs ext\u00e9rieurs et pour permettre leur mobilit\u00e9 afin de r\u00e9gler la vision. Ils peuvent \u00eatre <strong>m\u00e9caniques ou \u00e9lectriques<\/strong>. Il existe diff\u00e9rentes tailles en fonction des dimensions des miroirs \u00e0 actionner.<\/p>\n<p>Mod\u00e8les:<\/p>\n<ul>\n<li>Actionneur \u00e9lectrique <strong>24 V ANNEAU I4-I6-SC7<\/strong><\/li>\n<li>Actionneur \u00e9lectrique <strong>24 V RESSORT PB-CE<\/strong><\/li>\n<li>Actionneur m\u00e9canique <strong>PB-CE-I4<\/strong><\/li>\n<li>Actionneur m\u00e9canique <strong>MOYEN I6-SC7<\/strong><\/li>\n<\/ul>\n<h3>Queues d\u2019aronde<\/h3>\n<p><img loading=\"lazy\" decoding=\"async\" class=\"size-medium wp-image-1944 alignright\" src=\"https:\/\/www.industri-sl.com\/wp-content\/uploads\/cola-de-milano-2-1-300x225.jpg\" alt=\"Fabrication de queues d\u2019aronde sur mesure pour r\u00e9troviseurs d\u2019autobus\" width=\"300\" height=\"225\" srcset=\"https:\/\/www.industri-sl.com\/wp-content\/uploads\/cola-de-milano-2-1-300x225.jpg 300w, https:\/\/www.industri-sl.com\/wp-content\/uploads\/cola-de-milano-2-1-768x576.jpg 768w, https:\/\/www.industri-sl.com\/wp-content\/uploads\/cola-de-milano-2-1.jpg 800w\" sizes=\"auto, (max-width: 300px) 100vw, 300px\" \/><br \/>\nIl existe <strong>diff\u00e9rents types de syst\u00e8me<\/strong> pour fixer le r\u00e9troviseur \u00e0 la carrosserie de l\u2019autobus, suivant le mod\u00e8le de r\u00e9troviseur.<\/p>\n<p>Pour les r\u00e9troviseurs fixes, non rabattables, on utilise des queues d\u2019aronde <strong>m\u00e2le et femelle<\/strong>. Toutes deux sont fabriqu\u00e9es en aluminium, par injection ou gravit\u00e9, et emp\u00eachent toute rotation ou d\u00e9placement pendant l\u2019utilisation du v\u00e9hicule. La queue d\u2019aronde m\u00e2le est celle qui est plac\u00e9e sur le montant de l\u2019autobus et la femelle est mont\u00e9e dans le propre r\u00e9troviseur.<\/p>\n<p>Dans le cas des r\u00e9troviseurs rabattables, une queue d\u2019aronde m\u00e2le est fix\u00e9e au montant de l\u2019autobus et un ensemble de rotation femelle est mont\u00e9 sur le r\u00e9troviseur. Ce syst\u00e8me permet de rabattre manuellement le r\u00e9troviseur lors <strong>des travaux de nettoyage du v\u00e9hicule<\/strong>.<\/p>\n<h3>Interrupteurs<\/h3>\n<p><img loading=\"lazy\" decoding=\"async\" class=\"size-medium wp-image-1932 alignright\" src=\"https:\/\/www.industri-sl.com\/wp-content\/uploads\/interruptor-2-1-300x225.jpg\" alt=\"Fabrication d'interrupteurs sur mesure pour r\u00e9troviseurs d\u2019autobus\" width=\"300\" height=\"225\" srcset=\"https:\/\/www.industri-sl.com\/wp-content\/uploads\/interruptor-2-1-300x225.jpg 300w, https:\/\/www.industri-sl.com\/wp-content\/uploads\/interruptor-2-1-768x576.jpg 768w, https:\/\/www.industri-sl.com\/wp-content\/uploads\/interruptor-2-1.jpg 800w\" sizes=\"auto, (max-width: 300px) 100vw, 300px\" \/><br \/>\nParmi les composants que <a href=\"https:\/\/www.industri-sl.com\/fr\/nous\/\">nous d\u00e9veloppons<\/a> pour les autobus et les autocars se trouvent les interrupteurs de r\u00e9troviseurs.<\/p>\n<p>Ces interrupteurs sont du type joystick et permettent de r\u00e9gler les miroirs des r\u00e9troviseurs depuis l\u2019int\u00e9rieur de l\u2019autobus, sans que le chauffeur ait \u00e0 se lever de son si\u00e8ge, ce qui facilite l\u2019op\u00e9ration et <strong>accro\u00eet la s\u00e9curit\u00e9<\/strong>.<\/p>\n<p>Les interrupteurs de type joystick pour r\u00e9troviseurs d\u2019autobus comportent un <strong>commutateur \u00e9lectronique<\/strong> double (12\/24 V).<\/p>\n<h3>Miroirs<\/h3>\n<p><img loading=\"lazy\" decoding=\"async\" class=\"size-medium wp-image-1908 alignright\" src=\"https:\/\/www.industri-sl.com\/wp-content\/uploads\/placa-de-espejo-3-2-300x225.jpg\" alt=\"Fabrication de miroirs sur mesure pour r\u00e9troviseurs d\u2019autobus\" width=\"300\" height=\"225\" srcset=\"https:\/\/www.industri-sl.com\/wp-content\/uploads\/placa-de-espejo-3-2-300x225.jpg 300w, https:\/\/www.industri-sl.com\/wp-content\/uploads\/placa-de-espejo-3-2-768x576.jpg 768w, https:\/\/www.industri-sl.com\/wp-content\/uploads\/placa-de-espejo-3-2.jpg 800w\" sizes=\"auto, (max-width: 300px) 100vw, 300px\" \/><br \/>\nINDUSTRI poss\u00e8de <strong>une exp\u00e9rience de plus de 50 ans<\/strong> en conception et fabrication de pi\u00e8ces et composants pour autobus, autocars et microbus. Parmi ces composants se trouvent les miroirs de r\u00e9troviseurs, r\u00e9alis\u00e9s sur mesure \u00e0 la demande du client, suivant le mod\u00e8le de r\u00e9troviseur et du propre autobus\/microbus.<\/p>\n<p>Les miroirs se d\u00e9clinent en plusieurs dimensions et diff\u00e9rents rayons de courbure. Certains sont chauffants pour \u00e9viter la formation de bu\u00e9e en cas de basses temp\u00e9ratures; <strong>la visibilit\u00e9 du chauffeur est ainsi am\u00e9lior\u00e9e<\/strong> en cas de conditions adverses.<\/p>\n<div class=\"light-bg marcas\">\n\t<div class=\"flex\">\n\t\t<h2>nos clients<\/h2>\n\n\t<\/div>\n\n\t<div class=\"flex\">\n\t\t<div class=\"caja\">\n\t\t\t<div class=\"flex marcas-logos\">\n\t\t\t\t<div><a href=\"https:\/\/www.industri-sl.com\/fr\/transporte\/recambios\/tren\/caf\/\"><img decoding=\"async\" loading=\"lazy\" src=\"https:\/\/www.industri-sl.com\/wp-content\/themes\/industri\/img\/logo-caf.jpg\" alt=\"CAF\"><\/a><\/div>\n\t\t\t\t<div><a href=\"https:\/\/www.industri-sl.com\/fr\/transporte\/recambios\/tren\/talgo\/\"><img decoding=\"async\" loading=\"lazy\" src=\"https:\/\/www.industri-sl.com\/wp-content\/themes\/industri\/img\/logo-talgo.jpg\" alt=\"Talgo\"><\/a><\/div>\n\t\t\t\t<div><img decoding=\"async\" loading=\"lazy\" src=\"https:\/\/www.industri-sl.com\/wp-content\/themes\/industri\/img\/logo-esg-rail.jpg\" alt=\"DBESGRail\"><\/div>\n\t\t\t<\/div>\n\t\t<\/div>\n\t<\/div>\n\t<div class=\"flex\">\n\t\t<div class=\"caja\">\n\t\t\t<div class=\"flex marcas-logos\">\n\t\t\t\t<div><a href=\"https:\/\/www.industri-sl.com\/fr\/transporte\/recambios\/tren\/alstom\/\"><img decoding=\"async\" loading=\"lazy\" src=\"https:\/\/www.industri-sl.com\/wp-content\/themes\/industri\/img\/logo-alstom.jpg\" alt=\"ALSTOM\"><\/a><\/div>\n\t\t\t\t<div><img decoding=\"async\" loading=\"lazy\" src=\"https:\/\/www.industri-sl.com\/wp-content\/themes\/industri\/img\/logo-bombardier.jpg\" alt=\"Bombardier\"><\/div>\n\t\t\t\t<div><img decoding=\"async\" loading=\"lazy\" src=\"https:\/\/www.industri-sl.com\/wp-content\/themes\/industri\/img\/logo-stadler.jpg\" alt=\"Stadler\"><\/div>\n\t\t\t<\/div>\n\t\t<\/div>\n\t<\/div>\n\t<br>\n\t<a class=\"boton sin\" href=\"#formulario\">DEMANDE DE DEVIS<\/a>\n<\/div>\n\n<div class=\"modelos\">\n<h4>Autres mod\u00e8les de r\u00e9troviseurs sur mesure:<\/h4>\n<div class=\"flex\">\n<a href=\"https:\/\/www.industri-sl.com\/fr\/transport\/autobus\/retroviseurs\/exterieurs\/\"><img loading=\"lazy\" decoding=\"async\" class=\"alignnone size-medium wp-image-1896\" src=\"https:\/\/www.industri-sl.com\/wp-content\/uploads\/retrovisor-exterior-1-300x216.jpg\" alt=\"Fabrication de r\u00e9troviseurs ext\u00e9rieurs sur mesure pour autocars\" width=\"300\" height=\"216\" srcset=\"https:\/\/www.industri-sl.com\/wp-content\/uploads\/retrovisor-exterior-1-300x216.jpg 300w, https:\/\/www.industri-sl.com\/wp-content\/uploads\/retrovisor-exterior-1-768x552.jpg 768w, https:\/\/www.industri-sl.com\/wp-content\/uploads\/retrovisor-exterior-1.jpg 800w\" sizes=\"auto, (max-width: 300px) 100vw, 300px\" \/><br \/>\n<span>Ext\u00e9rieurs<\/span><\/a><br \/>\n<a href=\"https:\/\/www.industri-sl.com\/fr\/transport\/autobus\/retroviseurs\/interieurs\/\"><img loading=\"lazy\" decoding=\"async\" class=\"alignnone size-medium wp-image-1840\" src=\"https:\/\/www.industri-sl.com\/wp-content\/uploads\/espejo-interior-redondo-4-1-300x215.jpg\" alt=\"Fabrication de r\u00e9troviseurs int\u00e9rieurs sur mesure pour autocars\" width=\"300\" height=\"215\" srcset=\"https:\/\/www.industri-sl.com\/wp-content\/uploads\/espejo-interior-redondo-4-1-300x215.jpg 300w, https:\/\/www.industri-sl.com\/wp-content\/uploads\/espejo-interior-redondo-4-1-768x551.jpg 768w, https:\/\/www.industri-sl.com\/wp-content\/uploads\/espejo-interior-redondo-4-1.jpg 800w\" sizes=\"auto, (max-width: 300px) 100vw, 300px\" \/><br \/>\n<span>Int\u00e9rieurs<\/span><\/a><br \/>\n<a href=\"https:\/\/www.industri-sl.com\/fr\/transport\/autobus\/retroviseurs\/secours\/\"><img loading=\"lazy\" decoding=\"async\" class=\"alignnone wp-image-3402 size-medium\" src=\"https:\/\/www.industri-sl.com\/wp-content\/uploads\/espejo-retrovisor-emergencia-2-300x219.jpg\" alt=\"Fabrication de r\u00e9troviseurs de secours sur mesure pour autocars\" width=\"300\" height=\"219\" srcset=\"https:\/\/www.industri-sl.com\/wp-content\/uploads\/espejo-retrovisor-emergencia-2-300x219.jpg 300w, https:\/\/www.industri-sl.com\/wp-content\/uploads\/espejo-retrovisor-emergencia-2-768x560.jpg 768w, https:\/\/www.industri-sl.com\/wp-content\/uploads\/espejo-retrovisor-emergencia-2.jpg 800w\" sizes=\"auto, (max-width: 300px) 100vw, 300px\" \/><br \/>\n<span>De secours<\/span><\/a><\/div>\n<\/div>\n<div class=\"otras-piezas\">\n<h4>Nous fabriquons aussi d\u2019autres pi\u00e8ces:<\/h4>\n<div><a class=\"boton gris\" href=\"https:\/\/www.industri-sl.com\/fr\/transport\/autobus\/charnieres\/\">Charni\u00e8res<\/a> <a class=\"boton gris\" href=\"https:\/\/www.industri-sl.com\/fr\/transport\/autobus\/rideaux\/\">Rideaux<\/a> <a class=\"boton gris\" href=\"https:\/\/www.industri-sl.com\/fr\/transport\/autobus\/trappes-carburant\/\">Trappes \u00e0 carburant<\/a> <a class=\"boton gris\" href=\"https:\/\/www.industri-sl.com\/fr\/transport\/autobus\/autres\/\">Accessoires<\/a> <a class=\"boton gris\" href=\"https:\/\/www.industri-sl.com\/fr\/transport\/autobus\/enjoliveurs\/\">Enjoliveurs<\/a> <a class=\"boton gris\" href=\"https:\/\/www.industri-sl.com\/fr\/transport\/autobus\/toits-ouvrants\/\">Toits ouvrants<\/a><\/div>\n<\/div>\n","protected":false},"excerpt":{"rendered":"<p>Composants sur mesure pour r\u00e9troviseurs d\u2019autocar En plus de la fabrication de r\u00e9troviseurs d\u2019autobus complets, chez INDUSTRI nous concevons et fabriquons aussi certaines pi\u00e8ces d\u00e9tach\u00e9es pour les r\u00e9troviseurs ext\u00e9rieurs et int\u00e9rieurs. Ces composants et pi\u00e8ces d\u00e9tach\u00e9es de r\u00e9troviseurs pour autobus et autocars sont indispensables \u00e0 leur fonctionnement optimal. Parmi ces pi\u00e8ces nous trouvons des actionneurs, [&hellip;]<\/p>\n","protected":false},"author":3,"featured_media":0,"parent":9263,"menu_order":0,"comment_status":"closed","ping_status":"closed","template":"page-vehiculos.php","meta":{"footnotes":""},"class_list":["post-9265","page","type-page","status-publish","hentry"],"yoast_head":"<!-- This site is optimized with the Yoast SEO plugin v27.5 - https:\/\/yoast.com\/product\/yoast-seo-wordpress\/ -->\n<title>Fabrication de composants sur mesure pour r\u00e9troviseurs d\u2019autobus- INDUSTRI<\/title>\n<meta name=\"description\" content=\"INDUSTRI fabrique des composants pour les r\u00e9troviseurs d\u2019autobus ou minibus. Nous cr\u00e9ons diff\u00e9rentes pi\u00e8ces telles que miroirs, actionneurs ou interrupteurs.\" \/>\n<meta name=\"robots\" content=\"index, follow, max-snippet:-1, max-image-preview:large, max-video-preview:-1\" \/>\n<link rel=\"canonical\" href=\"https:\/\/www.industri-sl.com\/fr\/transport\/autobus\/retroviseurs\/composants\/\" \/>\n<meta property=\"og:locale\" content=\"fr_FR\" \/>\n<meta property=\"og:type\" content=\"article\" \/>\n<meta property=\"og:title\" content=\"Fabrication de composants sur mesure pour r\u00e9troviseurs d\u2019autobus- INDUSTRI\" \/>\n<meta property=\"og:description\" content=\"INDUSTRI fabrique des composants pour les r\u00e9troviseurs d\u2019autobus ou minibus. Nous cr\u00e9ons diff\u00e9rentes pi\u00e8ces telles que miroirs, actionneurs ou interrupteurs.\" \/>\n<meta property=\"og:url\" content=\"https:\/\/www.industri-sl.com\/fr\/transport\/autobus\/retroviseurs\/composants\/\" \/>\n<meta property=\"og:site_name\" content=\"Industri SL\" \/>\n<meta property=\"article:modified_time\" content=\"2025-05-22T09:36:53+00:00\" \/>\n<meta property=\"og:image\" content=\"https:\/\/www.industri-sl.com\/wp-content\/uploads\/actuador-electrico-1-1.jpg\" \/>\n\t<meta property=\"og:image:width\" content=\"800\" \/>\n\t<meta property=\"og:image:height\" content=\"600\" \/>\n\t<meta property=\"og:image:type\" content=\"image\/jpeg\" \/>\n<meta name=\"twitter:card\" content=\"summary_large_image\" \/>\n<meta name=\"twitter:label1\" content=\"Dur\u00e9e de lecture estim\u00e9e\" \/>\n\t<meta name=\"twitter:data1\" content=\"4 minutes\" \/>\n<script type=\"application\/ld+json\" class=\"yoast-schema-graph\">{\"@context\":\"https:\\\/\\\/schema.org\",\"@graph\":[{\"@type\":\"WebPage\",\"@id\":\"https:\\\/\\\/www.industri-sl.com\\\/fr\\\/transport\\\/autobus\\\/retroviseurs\\\/composants\\\/\",\"url\":\"https:\\\/\\\/www.industri-sl.com\\\/fr\\\/transport\\\/autobus\\\/retroviseurs\\\/composants\\\/\",\"name\":\"Fabrication de composants sur mesure pour r\u00e9troviseurs d\u2019autobus- INDUSTRI\",\"isPartOf\":{\"@id\":\"https:\\\/\\\/www.industri-sl.com\\\/fr\\\/#website\"},\"primaryImageOfPage\":{\"@id\":\"https:\\\/\\\/www.industri-sl.com\\\/fr\\\/transport\\\/autobus\\\/retroviseurs\\\/composants\\\/#primaryimage\"},\"image\":{\"@id\":\"https:\\\/\\\/www.industri-sl.com\\\/fr\\\/transport\\\/autobus\\\/retroviseurs\\\/composants\\\/#primaryimage\"},\"thumbnailUrl\":\"https:\\\/\\\/www.industri-sl.com\\\/wp-content\\\/uploads\\\/actuador-electrico-1-1-300x225.jpg\",\"datePublished\":\"2019-09-30T12:42:11+00:00\",\"dateModified\":\"2025-05-22T09:36:53+00:00\",\"description\":\"INDUSTRI fabrique des composants pour les r\u00e9troviseurs d\u2019autobus ou minibus. Nous cr\u00e9ons diff\u00e9rentes pi\u00e8ces telles que miroirs, actionneurs ou interrupteurs.\",\"breadcrumb\":{\"@id\":\"https:\\\/\\\/www.industri-sl.com\\\/fr\\\/transport\\\/autobus\\\/retroviseurs\\\/composants\\\/#breadcrumb\"},\"inLanguage\":\"fr-FR\",\"potentialAction\":[{\"@type\":\"ReadAction\",\"target\":[\"https:\\\/\\\/www.industri-sl.com\\\/fr\\\/transport\\\/autobus\\\/retroviseurs\\\/composants\\\/\"]}]},{\"@type\":\"ImageObject\",\"inLanguage\":\"fr-FR\",\"@id\":\"https:\\\/\\\/www.industri-sl.com\\\/fr\\\/transport\\\/autobus\\\/retroviseurs\\\/composants\\\/#primaryimage\",\"url\":\"https:\\\/\\\/www.industri-sl.com\\\/wp-content\\\/uploads\\\/actuador-electrico-1-1-300x225.jpg\",\"contentUrl\":\"https:\\\/\\\/www.industri-sl.com\\\/wp-content\\\/uploads\\\/actuador-electrico-1-1-300x225.jpg\"},{\"@type\":\"BreadcrumbList\",\"@id\":\"https:\\\/\\\/www.industri-sl.com\\\/fr\\\/transport\\\/autobus\\\/retroviseurs\\\/composants\\\/#breadcrumb\",\"itemListElement\":[{\"@type\":\"ListItem\",\"position\":1,\"name\":\"Inicio\",\"item\":\"https:\\\/\\\/www.industri-sl.com\\\/fr\\\/\"},{\"@type\":\"ListItem\",\"position\":2,\"name\":\"Division Transport\",\"item\":\"https:\\\/\\\/www.industri-sl.com\\\/fr\\\/transport\\\/\"},{\"@type\":\"ListItem\",\"position\":3,\"name\":\"Fabrication sur mesure pour les autobus\",\"item\":\"https:\\\/\\\/www.industri-sl.com\\\/fr\\\/transport\\\/autobus\\\/\"},{\"@type\":\"ListItem\",\"position\":4,\"name\":\"R\u00e9troviseurs sur mesure pour autobus\",\"item\":\"https:\\\/\\\/www.industri-sl.com\\\/fr\\\/transport\\\/autobus\\\/retroviseurs\\\/\"},{\"@type\":\"ListItem\",\"position\":5,\"name\":\"Composants pour r\u00e9troviseurs d\u2019autobus\"}]},{\"@type\":\"WebSite\",\"@id\":\"https:\\\/\\\/www.industri-sl.com\\\/fr\\\/#website\",\"url\":\"https:\\\/\\\/www.industri-sl.com\\\/fr\\\/\",\"name\":\"Industri SL\",\"description\":\"\",\"publisher\":{\"@id\":\"https:\\\/\\\/www.industri-sl.com\\\/fr\\\/#organization\"},\"potentialAction\":[{\"@type\":\"SearchAction\",\"target\":{\"@type\":\"EntryPoint\",\"urlTemplate\":\"https:\\\/\\\/www.industri-sl.com\\\/fr\\\/?s={search_term_string}\"},\"query-input\":{\"@type\":\"PropertyValueSpecification\",\"valueRequired\":true,\"valueName\":\"search_term_string\"}}],\"inLanguage\":\"fr-FR\"},{\"@type\":\"Organization\",\"@id\":\"https:\\\/\\\/www.industri-sl.com\\\/fr\\\/#organization\",\"name\":\"Industri SL\",\"url\":\"https:\\\/\\\/www.industri-sl.com\\\/fr\\\/\",\"logo\":{\"@type\":\"ImageObject\",\"inLanguage\":\"fr-FR\",\"@id\":\"https:\\\/\\\/www.industri-sl.com\\\/fr\\\/#\\\/schema\\\/logo\\\/image\\\/\",\"url\":\"https:\\\/\\\/www.industri-sl.com\\\/wp-content\\\/uploads\\\/industri-logo.png\",\"contentUrl\":\"https:\\\/\\\/www.industri-sl.com\\\/wp-content\\\/uploads\\\/industri-logo.png\",\"width\":248,\"height\":45,\"caption\":\"Industri SL\"},\"image\":{\"@id\":\"https:\\\/\\\/www.industri-sl.com\\\/fr\\\/#\\\/schema\\\/logo\\\/image\\\/\"}}]}<\/script>\n<!-- \/ Yoast SEO plugin. -->","yoast_head_json":{"title":"Fabrication de composants sur mesure pour r\u00e9troviseurs d\u2019autobus- INDUSTRI","description":"INDUSTRI fabrique des composants pour les r\u00e9troviseurs d\u2019autobus ou minibus. Nous cr\u00e9ons diff\u00e9rentes pi\u00e8ces telles que miroirs, actionneurs ou interrupteurs.","robots":{"index":"index","follow":"follow","max-snippet":"max-snippet:-1","max-image-preview":"max-image-preview:large","max-video-preview":"max-video-preview:-1"},"canonical":"https:\/\/www.industri-sl.com\/fr\/transport\/autobus\/retroviseurs\/composants\/","og_locale":"fr_FR","og_type":"article","og_title":"Fabrication de composants sur mesure pour r\u00e9troviseurs d\u2019autobus- INDUSTRI","og_description":"INDUSTRI fabrique des composants pour les r\u00e9troviseurs d\u2019autobus ou minibus. Nous cr\u00e9ons diff\u00e9rentes pi\u00e8ces telles que miroirs, actionneurs ou interrupteurs.","og_url":"https:\/\/www.industri-sl.com\/fr\/transport\/autobus\/retroviseurs\/composants\/","og_site_name":"Industri SL","article_modified_time":"2025-05-22T09:36:53+00:00","og_image":[{"width":800,"height":600,"url":"https:\/\/www.industri-sl.com\/wp-content\/uploads\/actuador-electrico-1-1.jpg","type":"image\/jpeg"}],"twitter_card":"summary_large_image","twitter_misc":{"Dur\u00e9e de lecture estim\u00e9e":"4 minutes"},"schema":{"@context":"https:\/\/schema.org","@graph":[{"@type":"WebPage","@id":"https:\/\/www.industri-sl.com\/fr\/transport\/autobus\/retroviseurs\/composants\/","url":"https:\/\/www.industri-sl.com\/fr\/transport\/autobus\/retroviseurs\/composants\/","name":"Fabrication de composants sur mesure pour r\u00e9troviseurs d\u2019autobus- INDUSTRI","isPartOf":{"@id":"https:\/\/www.industri-sl.com\/fr\/#website"},"primaryImageOfPage":{"@id":"https:\/\/www.industri-sl.com\/fr\/transport\/autobus\/retroviseurs\/composants\/#primaryimage"},"image":{"@id":"https:\/\/www.industri-sl.com\/fr\/transport\/autobus\/retroviseurs\/composants\/#primaryimage"},"thumbnailUrl":"https:\/\/www.industri-sl.com\/wp-content\/uploads\/actuador-electrico-1-1-300x225.jpg","datePublished":"2019-09-30T12:42:11+00:00","dateModified":"2025-05-22T09:36:53+00:00","description":"INDUSTRI fabrique des composants pour les r\u00e9troviseurs d\u2019autobus ou minibus. Nous cr\u00e9ons diff\u00e9rentes pi\u00e8ces telles que miroirs, actionneurs ou interrupteurs.","breadcrumb":{"@id":"https:\/\/www.industri-sl.com\/fr\/transport\/autobus\/retroviseurs\/composants\/#breadcrumb"},"inLanguage":"fr-FR","potentialAction":[{"@type":"ReadAction","target":["https:\/\/www.industri-sl.com\/fr\/transport\/autobus\/retroviseurs\/composants\/"]}]},{"@type":"ImageObject","inLanguage":"fr-FR","@id":"https:\/\/www.industri-sl.com\/fr\/transport\/autobus\/retroviseurs\/composants\/#primaryimage","url":"https:\/\/www.industri-sl.com\/wp-content\/uploads\/actuador-electrico-1-1-300x225.jpg","contentUrl":"https:\/\/www.industri-sl.com\/wp-content\/uploads\/actuador-electrico-1-1-300x225.jpg"},{"@type":"BreadcrumbList","@id":"https:\/\/www.industri-sl.com\/fr\/transport\/autobus\/retroviseurs\/composants\/#breadcrumb","itemListElement":[{"@type":"ListItem","position":1,"name":"Inicio","item":"https:\/\/www.industri-sl.com\/fr\/"},{"@type":"ListItem","position":2,"name":"Division Transport","item":"https:\/\/www.industri-sl.com\/fr\/transport\/"},{"@type":"ListItem","position":3,"name":"Fabrication sur mesure pour les autobus","item":"https:\/\/www.industri-sl.com\/fr\/transport\/autobus\/"},{"@type":"ListItem","position":4,"name":"R\u00e9troviseurs sur mesure pour autobus","item":"https:\/\/www.industri-sl.com\/fr\/transport\/autobus\/retroviseurs\/"},{"@type":"ListItem","position":5,"name":"Composants pour r\u00e9troviseurs d\u2019autobus"}]},{"@type":"WebSite","@id":"https:\/\/www.industri-sl.com\/fr\/#website","url":"https:\/\/www.industri-sl.com\/fr\/","name":"Industri SL","description":"","publisher":{"@id":"https:\/\/www.industri-sl.com\/fr\/#organization"},"potentialAction":[{"@type":"SearchAction","target":{"@type":"EntryPoint","urlTemplate":"https:\/\/www.industri-sl.com\/fr\/?s={search_term_string}"},"query-input":{"@type":"PropertyValueSpecification","valueRequired":true,"valueName":"search_term_string"}}],"inLanguage":"fr-FR"},{"@type":"Organization","@id":"https:\/\/www.industri-sl.com\/fr\/#organization","name":"Industri SL","url":"https:\/\/www.industri-sl.com\/fr\/","logo":{"@type":"ImageObject","inLanguage":"fr-FR","@id":"https:\/\/www.industri-sl.com\/fr\/#\/schema\/logo\/image\/","url":"https:\/\/www.industri-sl.com\/wp-content\/uploads\/industri-logo.png","contentUrl":"https:\/\/www.industri-sl.com\/wp-content\/uploads\/industri-logo.png","width":248,"height":45,"caption":"Industri SL"},"image":{"@id":"https:\/\/www.industri-sl.com\/fr\/#\/schema\/logo\/image\/"}}]}},"_links":{"self":[{"href":"https:\/\/www.industri-sl.com\/fr\/wp-json\/wp\/v2\/pages\/9265","targetHints":{"allow":["GET"]}}],"collection":[{"href":"https:\/\/www.industri-sl.com\/fr\/wp-json\/wp\/v2\/pages"}],"about":[{"href":"https:\/\/www.industri-sl.com\/fr\/wp-json\/wp\/v2\/types\/page"}],"author":[{"embeddable":true,"href":"https:\/\/www.industri-sl.com\/fr\/wp-json\/wp\/v2\/users\/3"}],"replies":[{"embeddable":true,"href":"https:\/\/www.industri-sl.com\/fr\/wp-json\/wp\/v2\/comments?post=9265"}],"version-history":[{"count":0,"href":"https:\/\/www.industri-sl.com\/fr\/wp-json\/wp\/v2\/pages\/9265\/revisions"}],"up":[{"embeddable":true,"href":"https:\/\/www.industri-sl.com\/fr\/wp-json\/wp\/v2\/pages\/9263"}],"wp:attachment":[{"href":"https:\/\/www.industri-sl.com\/fr\/wp-json\/wp\/v2\/media?parent=9265"}],"curies":[{"name":"wp","href":"https:\/\/api.w.org\/{rel}","templated":true}]}}