{"id":9263,"date":"2019-09-30T14:00:43","date_gmt":"2019-09-30T12:00:43","guid":{"rendered":"https:\/\/www.industri-sl.com\/transport\/autobus\/retrovisores\/"},"modified":"2025-03-31T12:35:20","modified_gmt":"2025-03-31T10:35:20","slug":"retroviseurs","status":"publish","type":"page","link":"https:\/\/www.industri-sl.com\/fr\/transport\/autobus\/retroviseurs\/","title":{"rendered":"R\u00e9troviseurs sur mesure pour autobus"},"content":{"rendered":"<h2>Fabrication de r\u00e9troviseurs sur mesure pour autocars<\/h2>\n<p>INDUSTRI est fabricant de r\u00e9troviseurs int\u00e9rieurs et ext\u00e9rieurs pour autobus et microbus. <a href=\"https:\/\/www.industri-sl.com\/fr\/ingenierie\/\">Nous nous adaptons aux n\u00e9cessit\u00e9s<\/a> de nos clients en partant du design sp\u00e9cifique \u00e0 chaque marque puis <strong>nous \u00e9laborons<\/strong> les mod\u00e8les et les moules pour leur fabrication post\u00e9rieure.<\/p>\n<p>Nous fabriquons les miroirs de r\u00e9troviseurs <strong>chauffants et non chauffants<\/strong>, les actionneurs (moteurs) m\u00e9caniques et \u00e9lectriques, les interrupteurs et joysticks, les coques en polyester, polyur\u00e9thane, pvc, etc. <\/p>\n<p><a href=\"https:\/\/www.industri-sl.com\/fr\/nous\/\">Notre service Qualit\u00e9<\/a> r\u00e9alise des \u00e9tudes de visibilit\u00e9 des r\u00e9troviseurs afin de satisfaire aux r\u00e9glementations en vigueur pour les syst\u00e8mes de vision indirecte, en offrant un service int\u00e9gral tout au long du processus.<\/p>\n<h2>Quel type de r\u00e9troviseurs fabriquons-nous?<\/h2>\n<div><a class=\"boton gris\" href=\"#exteriores\">R\u00e9troviseurs ext\u00e9rieurs<\/a><a class=\"boton gris\" href=\"#interiores\">R\u00e9troviseurs int\u00e9rieurs<\/a><a class=\"boton gris\" href=\"#emergencia\">R\u00e9troviseurs de secours<\/a><a class=\"boton gris\" href=\"#componentes\">Composants pour r\u00e9troviseurs<\/a><\/div>\n<div class=\"light-bg marcas\">\n\t<div class=\"flex\">\n\t\t<h2>nos clients<\/h2>\n\n\t<\/div>\n\n\t<div class=\"flex\">\n\t\t<div class=\"caja\">\n\t\t\t<div class=\"flex marcas-logos\">\n\t\t\t\t<div><a href=\"https:\/\/www.industri-sl.com\/fr\/transporte\/recambios\/tren\/caf\/\"><img decoding=\"async\" loading=\"lazy\" src=\"https:\/\/www.industri-sl.com\/wp-content\/themes\/industri\/img\/logo-caf.jpg\" alt=\"CAF\"><\/a><\/div>\n\t\t\t\t<div><a href=\"https:\/\/www.industri-sl.com\/fr\/transporte\/recambios\/tren\/talgo\/\"><img decoding=\"async\" loading=\"lazy\" src=\"https:\/\/www.industri-sl.com\/wp-content\/themes\/industri\/img\/logo-talgo.jpg\" alt=\"Talgo\"><\/a><\/div>\n\t\t\t\t<div><img decoding=\"async\" loading=\"lazy\" src=\"https:\/\/www.industri-sl.com\/wp-content\/themes\/industri\/img\/logo-esg-rail.jpg\" alt=\"DBESGRail\"><\/div>\n\t\t\t<\/div>\n\t\t<\/div>\n\t<\/div>\n\t<div class=\"flex\">\n\t\t<div class=\"caja\">\n\t\t\t<div class=\"flex marcas-logos\">\n\t\t\t\t<div><a href=\"https:\/\/www.industri-sl.com\/fr\/transporte\/recambios\/tren\/alstom\/\"><img decoding=\"async\" loading=\"lazy\" src=\"https:\/\/www.industri-sl.com\/wp-content\/themes\/industri\/img\/logo-alstom.jpg\" alt=\"ALSTOM\"><\/a><\/div>\n\t\t\t\t<div><img decoding=\"async\" loading=\"lazy\" src=\"https:\/\/www.industri-sl.com\/wp-content\/themes\/industri\/img\/logo-bombardier.jpg\" alt=\"Bombardier\"><\/div>\n\t\t\t\t<div><img decoding=\"async\" loading=\"lazy\" src=\"https:\/\/www.industri-sl.com\/wp-content\/themes\/industri\/img\/logo-stadler.jpg\" alt=\"Stadler\"><\/div>\n\t\t\t<\/div>\n\t\t<\/div>\n\t<\/div>\n\t<br>\n\t<a class=\"boton sin\" href=\"#formulario\">DEMANDE DE DEVIS<\/a>\n<\/div>\n\n<h3 id=\"exteriores\" class=\"ancla\">R\u00e9troviseurs ext\u00e9rieurs<\/h3>\n<p><img loading=\"lazy\" decoding=\"async\" class=\"alignright wp-image-1896\" src=\"https:\/\/www.industri-sl.com\/wp-content\/uploads\/retrovisor-exterior-1-300x216.jpg\" alt=\"Fabrication de r\u00e9troviseurs ext\u00e9rieurs sur mesure pour autocars\" width=\"250\" height=\"180\" srcset=\"https:\/\/www.industri-sl.com\/wp-content\/uploads\/retrovisor-exterior-1-300x216.jpg 300w, https:\/\/www.industri-sl.com\/wp-content\/uploads\/retrovisor-exterior-1-768x552.jpg 768w, https:\/\/www.industri-sl.com\/wp-content\/uploads\/retrovisor-exterior-1.jpg 800w\" sizes=\"auto, (max-width: 250px) 100vw, 250px\" \/>Chez INDUSTRI, nous concevons et fabriquons des r\u00e9troviseurs ext\u00e9rieurs sur mesure pour <strong>les autobus et les microbus<\/strong>. \u00c0 partir des besoins sp\u00e9cifiques du client, nous \u00e9laborons un prototype et, avant de produire la pi\u00e8ce, nous r\u00e9alisons <strong>une \u00e9tude de visibilit\u00e9 indirecte<\/strong> pour nous assurer de la meilleure efficacit\u00e9 du r\u00e9troviseur.<\/p>\n<p><a class=\"boton\" href=\"https:\/\/www.industri-sl.com\/fr\/transport\/autobus\/retroviseurs\/exterieurs\/\">Plus d\u2019informations<\/a><\/p>\n<h3 id=\"interiores\" class=\"ancla\">R\u00e9troviseurs int\u00e9rieurs<\/h3>\n<p><img loading=\"lazy\" decoding=\"async\" class=\"alignright wp-image-1840\" src=\"https:\/\/www.industri-sl.com\/wp-content\/uploads\/espejo-interior-redondo-4-1-300x215.jpg\" alt=\"Fabrication de int\u00e9rieurs sur mesure pour autocars\" width=\"249\" height=\"179\" srcset=\"https:\/\/www.industri-sl.com\/wp-content\/uploads\/espejo-interior-redondo-4-1-300x215.jpg 300w, https:\/\/www.industri-sl.com\/wp-content\/uploads\/espejo-interior-redondo-4-1-768x551.jpg 768w, https:\/\/www.industri-sl.com\/wp-content\/uploads\/espejo-interior-redondo-4-1.jpg 800w\" sizes=\"auto, (max-width: 249px) 100vw, 249px\" \/><br \/>\nLes r\u00e9troviseurs int\u00e9rieurs fabriqu\u00e9s par Industri sont con\u00e7us pour que le chauffeur puisse avoir <strong>une vision int\u00e9grale de l\u2019int\u00e9rieur de l\u2019autobus<\/strong>. Nous proposons des r\u00e9troviseurs de diff\u00e9rentes tailles et formes pour <strong>une fonction optimale<\/strong> et totalement adapt\u00e9e aux besoins du client.<\/p>\n<p><a class=\"boton\" href=\"https:\/\/www.industri-sl.com\/fr\/transport\/autobus\/retroviseurs\/interieurs\/\">Plus d\u2019informations<\/a><\/p>\n<h3 id=\"emergencia\" class=\"ancla\">R\u00e9troviseurs de secours<\/h3>\n<p><img loading=\"lazy\" decoding=\"async\" class=\"alignright wp-image-3402\" src=\"https:\/\/www.industri-sl.com\/wp-content\/uploads\/espejo-retrovisor-emergencia-2-300x219.jpg\" alt=\"Fabrication de r\u00e9troviseurs de secours sur mesure pour autocars\" width=\"250\" height=\"182\" srcset=\"https:\/\/www.industri-sl.com\/wp-content\/uploads\/espejo-retrovisor-emergencia-2-300x219.jpg 300w, https:\/\/www.industri-sl.com\/wp-content\/uploads\/espejo-retrovisor-emergencia-2-768x560.jpg 768w, https:\/\/www.industri-sl.com\/wp-content\/uploads\/espejo-retrovisor-emergencia-2.jpg 800w\" sizes=\"auto, (max-width: 250px) 100vw, 250px\" \/><br \/>\nLes r\u00e9troviseurs de secours sont <strong>con\u00e7us pour s\u2019adapter aux diff\u00e9rents mod\u00e8les d\u2019autobus<\/strong>. Ils sont form\u00e9s d\u2019une plaque avec miroir, d\u2019un tube en fer et de la queue d\u2019aronde pour leur fixation \u00e0 l\u2019autobus correspondant.<\/p>\n<p><a class=\"boton\" href=\"https:\/\/www.industri-sl.com\/fr\/transport\/autobus\/retroviseurs\/secours\/\">Plus d\u2019informations<\/a><\/p>\n<h3 id=\"componentes\" class=\"ancla\">Composants<\/h3>\n<p><img loading=\"lazy\" decoding=\"async\" class=\"alignright wp-image-1932\" src=\"https:\/\/www.industri-sl.com\/wp-content\/uploads\/interruptor-2-1-300x225.jpg\" alt=\"Fabrication de composants sur mesure pour les r\u00e9troviseurs d'autocars\" width=\"251\" height=\"188\" srcset=\"https:\/\/www.industri-sl.com\/wp-content\/uploads\/interruptor-2-1-300x225.jpg 300w, https:\/\/www.industri-sl.com\/wp-content\/uploads\/interruptor-2-1-768x576.jpg 768w, https:\/\/www.industri-sl.com\/wp-content\/uploads\/interruptor-2-1.jpg 800w\" sizes=\"auto, (max-width: 251px) 100vw, 251px\" \/>En plus de la fabrication int\u00e9grale et sur mesure de r\u00e9troviseurs pour autobus, INDUSTRI con\u00e7oit et fabrique aussi des composants sur mesure <strong>pour les r\u00e9troviseurs ext\u00e9rieurs et int\u00e9rieurs<\/strong>.<\/p>\n<p><a class=\"boton\" href=\"https:\/\/www.industri-sl.com\/fr\/transport\/autobus\/retroviseurs\/composants\/\">Plus d\u2019informations<\/a><br \/>\n&nbsp;<br \/>\n&nbsp;<\/p>\n<div class=\"otras-piezas\">\n<h4>Nous fabriquons aussi d\u2019autres pi\u00e8ces sur mesure:<\/h4>\n<div><a class=\"boton gris\" href=\"https:\/\/www.industri-sl.com\/fr\/transport\/autobus\/rideaux\/\">Rideaux<\/a><a class=\"boton gris\" href=\"https:\/\/www.industri-sl.com\/fr\/transport\/autobus\/repose-pieds\/\">Repose-pieds<\/a><a class=\"boton gris\" href=\"https:\/\/www.industri-sl.com\/fr\/transport\/autobus\/trappes-carburant\/\">Trappes \u00e0 carburant<\/a><a class=\"boton gris\" href=\"https:\/\/www.industri-sl.com\/fr\/transport\/autobus\/charnieres\/\">Charni\u00e8res<\/a><a class=\"boton gris\" href=\"https:\/\/www.industri-sl.com\/fr\/transport\/autobus\/pots-echappement\/\">Pots d\u2019\u00e9chappement<\/a><a class=\"boton gris\" href=\"https:\/\/www.industri-sl.com\/fr\/transport\/autobus\/toits-ouvrants\/\">Toits ouvrants<\/a><\/div>\n<\/div>\n","protected":false},"excerpt":{"rendered":"<p>Fabrication de r\u00e9troviseurs sur mesure pour autocars INDUSTRI est fabricant de r\u00e9troviseurs int\u00e9rieurs et ext\u00e9rieurs pour autobus et microbus. Nous nous adaptons aux n\u00e9cessit\u00e9s de nos clients en partant du design sp\u00e9cifique \u00e0 chaque marque puis nous \u00e9laborons les mod\u00e8les et les moules pour leur fabrication post\u00e9rieure. Nous fabriquons les miroirs de r\u00e9troviseurs chauffants et [&hellip;]<\/p>\n","protected":false},"author":3,"featured_media":0,"parent":9247,"menu_order":0,"comment_status":"closed","ping_status":"closed","template":"page-vehiculos.php","meta":{"footnotes":""},"class_list":["post-9263","page","type-page","status-publish","hentry"],"yoast_head":"<!-- This site is optimized with the Yoast SEO plugin v27.2 - https:\/\/yoast.com\/product\/yoast-seo-wordpress\/ -->\n<title>Fabrication de r\u00e9troviseurs sur mesure pour autobus - INDUSTRI<\/title>\n<meta name=\"description\" content=\"INDUSTRI poss\u00e8de une exp\u00e9rience \u00e9tendue dans la fabrication de r\u00e9troviseurs pour autobus et microbus, aussi bien int\u00e9rieurs qu\u2019ext\u00e9rieurs.\" \/>\n<meta name=\"robots\" content=\"index, follow, max-snippet:-1, max-image-preview:large, max-video-preview:-1\" \/>\n<link rel=\"canonical\" href=\"https:\/\/www.industri-sl.com\/fr\/transport\/autobus\/retroviseurs\/\" \/>\n<meta property=\"og:locale\" content=\"fr_FR\" \/>\n<meta property=\"og:type\" content=\"article\" \/>\n<meta property=\"og:title\" content=\"Fabrication de r\u00e9troviseurs sur mesure pour autobus - INDUSTRI\" \/>\n<meta property=\"og:description\" content=\"INDUSTRI poss\u00e8de une exp\u00e9rience \u00e9tendue dans la fabrication de r\u00e9troviseurs pour autobus et microbus, aussi bien int\u00e9rieurs qu\u2019ext\u00e9rieurs.\" \/>\n<meta property=\"og:url\" content=\"https:\/\/www.industri-sl.com\/fr\/transport\/autobus\/retroviseurs\/\" \/>\n<meta property=\"og:site_name\" content=\"Industri SL\" \/>\n<meta property=\"article:modified_time\" content=\"2025-03-31T10:35:20+00:00\" \/>\n<meta property=\"og:image\" content=\"https:\/\/www.industri-sl.com\/wp-content\/uploads\/retrovisor-exterior-1-300x216.jpg\" \/>\n<meta name=\"twitter:card\" content=\"summary_large_image\" \/>\n<meta name=\"twitter:label1\" content=\"Dur\u00e9e de lecture estim\u00e9e\" \/>\n\t<meta name=\"twitter:data1\" content=\"3 minutes\" \/>\n<script type=\"application\/ld+json\" class=\"yoast-schema-graph\">{\"@context\":\"https:\/\/schema.org\",\"@graph\":[{\"@type\":\"WebPage\",\"@id\":\"https:\/\/www.industri-sl.com\/fr\/transport\/autobus\/retroviseurs\/\",\"url\":\"https:\/\/www.industri-sl.com\/fr\/transport\/autobus\/retroviseurs\/\",\"name\":\"Fabrication de r\u00e9troviseurs sur mesure pour autobus - INDUSTRI\",\"isPartOf\":{\"@id\":\"https:\/\/www.industri-sl.com\/fr\/#website\"},\"primaryImageOfPage\":{\"@id\":\"https:\/\/www.industri-sl.com\/fr\/transport\/autobus\/retroviseurs\/#primaryimage\"},\"image\":{\"@id\":\"https:\/\/www.industri-sl.com\/fr\/transport\/autobus\/retroviseurs\/#primaryimage\"},\"thumbnailUrl\":\"https:\/\/www.industri-sl.com\/wp-content\/uploads\/retrovisor-exterior-1-300x216.jpg\",\"datePublished\":\"2019-09-30T12:00:43+00:00\",\"dateModified\":\"2025-03-31T10:35:20+00:00\",\"description\":\"INDUSTRI poss\u00e8de une exp\u00e9rience \u00e9tendue dans la fabrication de r\u00e9troviseurs pour autobus et microbus, aussi bien int\u00e9rieurs qu\u2019ext\u00e9rieurs.\",\"breadcrumb\":{\"@id\":\"https:\/\/www.industri-sl.com\/fr\/transport\/autobus\/retroviseurs\/#breadcrumb\"},\"inLanguage\":\"fr-FR\",\"potentialAction\":[{\"@type\":\"ReadAction\",\"target\":[\"https:\/\/www.industri-sl.com\/fr\/transport\/autobus\/retroviseurs\/\"]}]},{\"@type\":\"ImageObject\",\"inLanguage\":\"fr-FR\",\"@id\":\"https:\/\/www.industri-sl.com\/fr\/transport\/autobus\/retroviseurs\/#primaryimage\",\"url\":\"https:\/\/www.industri-sl.com\/wp-content\/uploads\/retrovisor-exterior-1-300x216.jpg\",\"contentUrl\":\"https:\/\/www.industri-sl.com\/wp-content\/uploads\/retrovisor-exterior-1-300x216.jpg\"},{\"@type\":\"BreadcrumbList\",\"@id\":\"https:\/\/www.industri-sl.com\/fr\/transport\/autobus\/retroviseurs\/#breadcrumb\",\"itemListElement\":[{\"@type\":\"ListItem\",\"position\":1,\"name\":\"Inicio\",\"item\":\"https:\/\/www.industri-sl.com\/fr\/\"},{\"@type\":\"ListItem\",\"position\":2,\"name\":\"Division Transport\",\"item\":\"https:\/\/www.industri-sl.com\/fr\/transport\/\"},{\"@type\":\"ListItem\",\"position\":3,\"name\":\"Fabrication sur mesure pour les autobus\",\"item\":\"https:\/\/www.industri-sl.com\/fr\/transport\/autobus\/\"},{\"@type\":\"ListItem\",\"position\":4,\"name\":\"R\u00e9troviseurs sur mesure pour autobus\"}]},{\"@type\":\"WebSite\",\"@id\":\"https:\/\/www.industri-sl.com\/fr\/#website\",\"url\":\"https:\/\/www.industri-sl.com\/fr\/\",\"name\":\"Industri SL\",\"description\":\"\",\"publisher\":{\"@id\":\"https:\/\/www.industri-sl.com\/fr\/#organization\"},\"potentialAction\":[{\"@type\":\"SearchAction\",\"target\":{\"@type\":\"EntryPoint\",\"urlTemplate\":\"https:\/\/www.industri-sl.com\/fr\/?s={search_term_string}\"},\"query-input\":{\"@type\":\"PropertyValueSpecification\",\"valueRequired\":true,\"valueName\":\"search_term_string\"}}],\"inLanguage\":\"fr-FR\"},{\"@type\":\"Organization\",\"@id\":\"https:\/\/www.industri-sl.com\/fr\/#organization\",\"name\":\"Industri SL\",\"url\":\"https:\/\/www.industri-sl.com\/fr\/\",\"logo\":{\"@type\":\"ImageObject\",\"inLanguage\":\"fr-FR\",\"@id\":\"https:\/\/www.industri-sl.com\/fr\/#\/schema\/logo\/image\/\",\"url\":\"https:\/\/www.industri-sl.com\/wp-content\/uploads\/industri-logo.png\",\"contentUrl\":\"https:\/\/www.industri-sl.com\/wp-content\/uploads\/industri-logo.png\",\"width\":248,\"height\":45,\"caption\":\"Industri SL\"},\"image\":{\"@id\":\"https:\/\/www.industri-sl.com\/fr\/#\/schema\/logo\/image\/\"}}]}<\/script>\n<!-- \/ Yoast SEO plugin. -->","yoast_head_json":{"title":"Fabrication de r\u00e9troviseurs sur mesure pour autobus - INDUSTRI","description":"INDUSTRI poss\u00e8de une exp\u00e9rience \u00e9tendue dans la fabrication de r\u00e9troviseurs pour autobus et microbus, aussi bien int\u00e9rieurs qu\u2019ext\u00e9rieurs.","robots":{"index":"index","follow":"follow","max-snippet":"max-snippet:-1","max-image-preview":"max-image-preview:large","max-video-preview":"max-video-preview:-1"},"canonical":"https:\/\/www.industri-sl.com\/fr\/transport\/autobus\/retroviseurs\/","og_locale":"fr_FR","og_type":"article","og_title":"Fabrication de r\u00e9troviseurs sur mesure pour autobus - INDUSTRI","og_description":"INDUSTRI poss\u00e8de une exp\u00e9rience \u00e9tendue dans la fabrication de r\u00e9troviseurs pour autobus et microbus, aussi bien int\u00e9rieurs qu\u2019ext\u00e9rieurs.","og_url":"https:\/\/www.industri-sl.com\/fr\/transport\/autobus\/retroviseurs\/","og_site_name":"Industri SL","article_modified_time":"2025-03-31T10:35:20+00:00","og_image":[{"url":"https:\/\/www.industri-sl.com\/wp-content\/uploads\/retrovisor-exterior-1-300x216.jpg","type":"","width":"","height":""}],"twitter_card":"summary_large_image","twitter_misc":{"Dur\u00e9e de lecture estim\u00e9e":"3 minutes"},"schema":{"@context":"https:\/\/schema.org","@graph":[{"@type":"WebPage","@id":"https:\/\/www.industri-sl.com\/fr\/transport\/autobus\/retroviseurs\/","url":"https:\/\/www.industri-sl.com\/fr\/transport\/autobus\/retroviseurs\/","name":"Fabrication de r\u00e9troviseurs sur mesure pour autobus - INDUSTRI","isPartOf":{"@id":"https:\/\/www.industri-sl.com\/fr\/#website"},"primaryImageOfPage":{"@id":"https:\/\/www.industri-sl.com\/fr\/transport\/autobus\/retroviseurs\/#primaryimage"},"image":{"@id":"https:\/\/www.industri-sl.com\/fr\/transport\/autobus\/retroviseurs\/#primaryimage"},"thumbnailUrl":"https:\/\/www.industri-sl.com\/wp-content\/uploads\/retrovisor-exterior-1-300x216.jpg","datePublished":"2019-09-30T12:00:43+00:00","dateModified":"2025-03-31T10:35:20+00:00","description":"INDUSTRI poss\u00e8de une exp\u00e9rience \u00e9tendue dans la fabrication de r\u00e9troviseurs pour autobus et microbus, aussi bien int\u00e9rieurs qu\u2019ext\u00e9rieurs.","breadcrumb":{"@id":"https:\/\/www.industri-sl.com\/fr\/transport\/autobus\/retroviseurs\/#breadcrumb"},"inLanguage":"fr-FR","potentialAction":[{"@type":"ReadAction","target":["https:\/\/www.industri-sl.com\/fr\/transport\/autobus\/retroviseurs\/"]}]},{"@type":"ImageObject","inLanguage":"fr-FR","@id":"https:\/\/www.industri-sl.com\/fr\/transport\/autobus\/retroviseurs\/#primaryimage","url":"https:\/\/www.industri-sl.com\/wp-content\/uploads\/retrovisor-exterior-1-300x216.jpg","contentUrl":"https:\/\/www.industri-sl.com\/wp-content\/uploads\/retrovisor-exterior-1-300x216.jpg"},{"@type":"BreadcrumbList","@id":"https:\/\/www.industri-sl.com\/fr\/transport\/autobus\/retroviseurs\/#breadcrumb","itemListElement":[{"@type":"ListItem","position":1,"name":"Inicio","item":"https:\/\/www.industri-sl.com\/fr\/"},{"@type":"ListItem","position":2,"name":"Division Transport","item":"https:\/\/www.industri-sl.com\/fr\/transport\/"},{"@type":"ListItem","position":3,"name":"Fabrication sur mesure pour les autobus","item":"https:\/\/www.industri-sl.com\/fr\/transport\/autobus\/"},{"@type":"ListItem","position":4,"name":"R\u00e9troviseurs sur mesure pour autobus"}]},{"@type":"WebSite","@id":"https:\/\/www.industri-sl.com\/fr\/#website","url":"https:\/\/www.industri-sl.com\/fr\/","name":"Industri SL","description":"","publisher":{"@id":"https:\/\/www.industri-sl.com\/fr\/#organization"},"potentialAction":[{"@type":"SearchAction","target":{"@type":"EntryPoint","urlTemplate":"https:\/\/www.industri-sl.com\/fr\/?s={search_term_string}"},"query-input":{"@type":"PropertyValueSpecification","valueRequired":true,"valueName":"search_term_string"}}],"inLanguage":"fr-FR"},{"@type":"Organization","@id":"https:\/\/www.industri-sl.com\/fr\/#organization","name":"Industri SL","url":"https:\/\/www.industri-sl.com\/fr\/","logo":{"@type":"ImageObject","inLanguage":"fr-FR","@id":"https:\/\/www.industri-sl.com\/fr\/#\/schema\/logo\/image\/","url":"https:\/\/www.industri-sl.com\/wp-content\/uploads\/industri-logo.png","contentUrl":"https:\/\/www.industri-sl.com\/wp-content\/uploads\/industri-logo.png","width":248,"height":45,"caption":"Industri SL"},"image":{"@id":"https:\/\/www.industri-sl.com\/fr\/#\/schema\/logo\/image\/"}}]}},"_links":{"self":[{"href":"https:\/\/www.industri-sl.com\/fr\/wp-json\/wp\/v2\/pages\/9263","targetHints":{"allow":["GET"]}}],"collection":[{"href":"https:\/\/www.industri-sl.com\/fr\/wp-json\/wp\/v2\/pages"}],"about":[{"href":"https:\/\/www.industri-sl.com\/fr\/wp-json\/wp\/v2\/types\/page"}],"author":[{"embeddable":true,"href":"https:\/\/www.industri-sl.com\/fr\/wp-json\/wp\/v2\/users\/3"}],"replies":[{"embeddable":true,"href":"https:\/\/www.industri-sl.com\/fr\/wp-json\/wp\/v2\/comments?post=9263"}],"version-history":[{"count":0,"href":"https:\/\/www.industri-sl.com\/fr\/wp-json\/wp\/v2\/pages\/9263\/revisions"}],"up":[{"embeddable":true,"href":"https:\/\/www.industri-sl.com\/fr\/wp-json\/wp\/v2\/pages\/9247"}],"wp:attachment":[{"href":"https:\/\/www.industri-sl.com\/fr\/wp-json\/wp\/v2\/media?parent=9263"}],"curies":[{"name":"wp","href":"https:\/\/api.w.org\/{rel}","templated":true}]}}