{"id":9261,"date":"2019-10-01T10:50:46","date_gmt":"2019-10-01T08:50:46","guid":{"rendered":"https:\/\/www.industri-sl.com\/transport\/autobus\/reposapies\/"},"modified":"2025-05-22T11:38:58","modified_gmt":"2025-05-22T09:38:58","slug":"repose-pieds","status":"publish","type":"page","link":"https:\/\/www.industri-sl.com\/fr\/transport\/autobus\/repose-pieds\/","title":{"rendered":"Repose-pieds sur mesure pour autobus"},"content":{"rendered":"<h2>Fabrication de repose-pieds sur mesure pour autocars<\/h2>\n<p><img loading=\"lazy\" decoding=\"async\" class=\"alignright wp-image-1964\" src=\"https:\/\/www.industri-sl.com\/wp-content\/uploads\/reposapies-1-2.jpg\" alt=\"Fabrication de repose-pieds sur mesure pour autocars\" width=\"350\" height=\"256\" srcset=\"https:\/\/www.industri-sl.com\/wp-content\/uploads\/reposapies-1-2.jpg 800w, https:\/\/www.industri-sl.com\/wp-content\/uploads\/reposapies-1-2-300x219.jpg 300w, https:\/\/www.industri-sl.com\/wp-content\/uploads\/reposapies-1-2-768x562.jpg 768w\" sizes=\"auto, (max-width: 350px) 100vw, 350px\" \/><br \/>\nNous fabriquons des repose-pieds pour autobus et autocars et concr\u00e8tement, des repose-pieds rabattables \u00e0 monter sur le panneau en face du si\u00e8ge guide. Ils peuvent \u00eatre <strong>pli\u00e9s pour faciliter le passage des usagers<\/strong> par les escaliers d\u2019acc\u00e8s.<\/p>\n<p>La pi\u00e8ce de ce repose-pied qui est fix\u00e9e au panneau supporte la pression exerc\u00e9e par le ressort de pliage et par celle exerc\u00e9e par le propre usager. En raison de la force appliqu\u00e9e, ce support est con\u00e7u avec une structure robuste et de mani\u00e8re \u00e0 \u00eatre f<strong>ix\u00e9 solidement au panneau frontal de l\u2019autobus<\/strong>. <\/p>\n<div class=\"light-bg marcas\">\n\t<div class=\"flex\">\n\t\t<h2>nos clients<\/h2>\n\n\t<\/div>\n\n\t<div class=\"flex\">\n\t\t<div class=\"caja\">\n\t\t\t<div class=\"flex marcas-logos\">\n\t\t\t\t<div><a href=\"https:\/\/www.industri-sl.com\/fr\/transporte\/recambios\/tren\/caf\/\"><img decoding=\"async\" loading=\"lazy\" src=\"https:\/\/www.industri-sl.com\/wp-content\/themes\/industri\/img\/logo-caf.jpg\" alt=\"CAF\"><\/a><\/div>\n\t\t\t\t<div><a href=\"https:\/\/www.industri-sl.com\/fr\/transporte\/recambios\/tren\/talgo\/\"><img decoding=\"async\" loading=\"lazy\" src=\"https:\/\/www.industri-sl.com\/wp-content\/themes\/industri\/img\/logo-talgo.jpg\" alt=\"Talgo\"><\/a><\/div>\n\t\t\t\t<div><img decoding=\"async\" loading=\"lazy\" src=\"https:\/\/www.industri-sl.com\/wp-content\/themes\/industri\/img\/logo-esg-rail.jpg\" alt=\"DBESGRail\"><\/div>\n\t\t\t<\/div>\n\t\t<\/div>\n\t<\/div>\n\t<div class=\"flex\">\n\t\t<div class=\"caja\">\n\t\t\t<div class=\"flex marcas-logos\">\n\t\t\t\t<div><a href=\"https:\/\/www.industri-sl.com\/fr\/transporte\/recambios\/tren\/alstom\/\"><img decoding=\"async\" loading=\"lazy\" src=\"https:\/\/www.industri-sl.com\/wp-content\/themes\/industri\/img\/logo-alstom.jpg\" alt=\"ALSTOM\"><\/a><\/div>\n\t\t\t\t<div><img decoding=\"async\" loading=\"lazy\" src=\"https:\/\/www.industri-sl.com\/wp-content\/themes\/industri\/img\/logo-bombardier.jpg\" alt=\"Bombardier\"><\/div>\n\t\t\t\t<div><img decoding=\"async\" loading=\"lazy\" src=\"https:\/\/www.industri-sl.com\/wp-content\/themes\/industri\/img\/logo-stadler.jpg\" alt=\"Stadler\"><\/div>\n\t\t\t<\/div>\n\t\t<\/div>\n\t<\/div>\n\t<br>\n\t<a class=\"boton sin\" href=\"#formulario\">DEMANDE DE DEVIS<\/a>\n<\/div>\n\n<div class=\"otras-piezas\">\n<h4>Nous fabriquons aussi d\u2019autres pi\u00e8ces sur mesure:<\/h4>\n<div><a class=\"boton gris\" href=\"https:\/\/www.industri-sl.com\/fr\/transport\/autobus\/retroviseurs\/\">R\u00e9troviseurs<\/a> <a class=\"boton gris\" href=\"https:\/\/www.industri-sl.com\/fr\/transport\/autobus\/enjoliveurs\/\">Enjoliveurs<\/a> <a class=\"boton gris\" href=\"https:\/\/www.industri-sl.com\/fr\/transport\/autobus\/trappes-carburant\/\">Trappes \u00e0 carburant<\/a> <a class=\"boton gris\" href=\"https:\/\/www.industri-sl.com\/fr\/transport\/autobus\/charnieres\/\">Charni\u00e8res<\/a> <a class=\"boton gris\" href=\"https:\/\/www.industri-sl.com\/fr\/transport\/autobus\/pots-echappement\/\">Pots d\u2019\u00e9chappement<\/a> <a class=\"boton gris\" href=\"https:\/\/www.industri-sl.com\/fr\/transport\/autobus\/toits-ouvrants\/\">Toits ouvrants<\/a><\/div>\n<\/div>\n","protected":false},"excerpt":{"rendered":"<p>Fabrication de repose-pieds sur mesure pour autocars Nous fabriquons des repose-pieds pour autobus et autocars et concr\u00e8tement, des repose-pieds rabattables \u00e0 monter sur le panneau en face du si\u00e8ge guide. Ils peuvent \u00eatre pli\u00e9s pour faciliter le passage des usagers par les escaliers d\u2019acc\u00e8s. La pi\u00e8ce de ce repose-pied qui est fix\u00e9e au panneau supporte [&hellip;]<\/p>\n","protected":false},"author":3,"featured_media":0,"parent":9247,"menu_order":0,"comment_status":"closed","ping_status":"closed","template":"page-vehiculos.php","meta":{"footnotes":""},"class_list":["post-9261","page","type-page","status-publish","hentry"],"yoast_head":"<!-- This site is optimized with the Yoast SEO plugin v27.2 - https:\/\/yoast.com\/product\/yoast-seo-wordpress\/ -->\n<title>Fabrication de repose-pieds sur mesure pour autobus- INDUSTRI<\/title>\n<meta name=\"description\" content=\"Nous concevons des repose-pieds pour autocars et minibus et concr\u00e8tement, des repose-pieds rabattables \u00e0 monter sur le panneau en face du si\u00e8ge guide.\" \/>\n<meta name=\"robots\" content=\"index, follow, max-snippet:-1, max-image-preview:large, max-video-preview:-1\" \/>\n<link rel=\"canonical\" href=\"https:\/\/www.industri-sl.com\/fr\/transport\/autobus\/repose-pieds\/\" \/>\n<meta property=\"og:locale\" content=\"fr_FR\" \/>\n<meta property=\"og:type\" content=\"article\" \/>\n<meta property=\"og:title\" content=\"Fabrication de repose-pieds sur mesure pour autobus- INDUSTRI\" \/>\n<meta property=\"og:description\" content=\"Nous concevons des repose-pieds pour autocars et minibus et concr\u00e8tement, des repose-pieds rabattables \u00e0 monter sur le panneau en face du si\u00e8ge guide.\" \/>\n<meta property=\"og:url\" content=\"https:\/\/www.industri-sl.com\/fr\/transport\/autobus\/repose-pieds\/\" \/>\n<meta property=\"og:site_name\" content=\"Industri SL\" \/>\n<meta property=\"article:modified_time\" content=\"2025-05-22T09:38:58+00:00\" \/>\n<meta property=\"og:image\" content=\"https:\/\/www.industri-sl.com\/wp-content\/uploads\/reposapies-1-2.jpg\" \/>\n\t<meta property=\"og:image:width\" content=\"800\" \/>\n\t<meta property=\"og:image:height\" content=\"585\" \/>\n\t<meta property=\"og:image:type\" content=\"image\/jpeg\" \/>\n<meta name=\"twitter:card\" content=\"summary_large_image\" \/>\n<meta name=\"twitter:label1\" content=\"Dur\u00e9e de lecture estim\u00e9e\" \/>\n\t<meta name=\"twitter:data1\" content=\"1 minute\" \/>\n<script type=\"application\/ld+json\" class=\"yoast-schema-graph\">{\"@context\":\"https:\/\/schema.org\",\"@graph\":[{\"@type\":\"WebPage\",\"@id\":\"https:\/\/www.industri-sl.com\/fr\/transport\/autobus\/repose-pieds\/\",\"url\":\"https:\/\/www.industri-sl.com\/fr\/transport\/autobus\/repose-pieds\/\",\"name\":\"Fabrication de repose-pieds sur mesure pour autobus- INDUSTRI\",\"isPartOf\":{\"@id\":\"https:\/\/www.industri-sl.com\/fr\/#website\"},\"primaryImageOfPage\":{\"@id\":\"https:\/\/www.industri-sl.com\/fr\/transport\/autobus\/repose-pieds\/#primaryimage\"},\"image\":{\"@id\":\"https:\/\/www.industri-sl.com\/fr\/transport\/autobus\/repose-pieds\/#primaryimage\"},\"thumbnailUrl\":\"https:\/\/www.industri-sl.com\/wp-content\/uploads\/reposapies-1-2.jpg\",\"datePublished\":\"2019-10-01T08:50:46+00:00\",\"dateModified\":\"2025-05-22T09:38:58+00:00\",\"description\":\"Nous concevons des repose-pieds pour autocars et minibus et concr\u00e8tement, des repose-pieds rabattables \u00e0 monter sur le panneau en face du si\u00e8ge guide.\",\"breadcrumb\":{\"@id\":\"https:\/\/www.industri-sl.com\/fr\/transport\/autobus\/repose-pieds\/#breadcrumb\"},\"inLanguage\":\"fr-FR\",\"potentialAction\":[{\"@type\":\"ReadAction\",\"target\":[\"https:\/\/www.industri-sl.com\/fr\/transport\/autobus\/repose-pieds\/\"]}]},{\"@type\":\"ImageObject\",\"inLanguage\":\"fr-FR\",\"@id\":\"https:\/\/www.industri-sl.com\/fr\/transport\/autobus\/repose-pieds\/#primaryimage\",\"url\":\"https:\/\/www.industri-sl.com\/wp-content\/uploads\/reposapies-1-2.jpg\",\"contentUrl\":\"https:\/\/www.industri-sl.com\/wp-content\/uploads\/reposapies-1-2.jpg\"},{\"@type\":\"BreadcrumbList\",\"@id\":\"https:\/\/www.industri-sl.com\/fr\/transport\/autobus\/repose-pieds\/#breadcrumb\",\"itemListElement\":[{\"@type\":\"ListItem\",\"position\":1,\"name\":\"Inicio\",\"item\":\"https:\/\/www.industri-sl.com\/fr\/\"},{\"@type\":\"ListItem\",\"position\":2,\"name\":\"Division Transport\",\"item\":\"https:\/\/www.industri-sl.com\/fr\/transport\/\"},{\"@type\":\"ListItem\",\"position\":3,\"name\":\"Fabrication sur mesure pour les autobus\",\"item\":\"https:\/\/www.industri-sl.com\/fr\/transport\/autobus\/\"},{\"@type\":\"ListItem\",\"position\":4,\"name\":\"Repose-pieds sur mesure pour autobus\"}]},{\"@type\":\"WebSite\",\"@id\":\"https:\/\/www.industri-sl.com\/fr\/#website\",\"url\":\"https:\/\/www.industri-sl.com\/fr\/\",\"name\":\"Industri SL\",\"description\":\"\",\"publisher\":{\"@id\":\"https:\/\/www.industri-sl.com\/fr\/#organization\"},\"potentialAction\":[{\"@type\":\"SearchAction\",\"target\":{\"@type\":\"EntryPoint\",\"urlTemplate\":\"https:\/\/www.industri-sl.com\/fr\/?s={search_term_string}\"},\"query-input\":{\"@type\":\"PropertyValueSpecification\",\"valueRequired\":true,\"valueName\":\"search_term_string\"}}],\"inLanguage\":\"fr-FR\"},{\"@type\":\"Organization\",\"@id\":\"https:\/\/www.industri-sl.com\/fr\/#organization\",\"name\":\"Industri SL\",\"url\":\"https:\/\/www.industri-sl.com\/fr\/\",\"logo\":{\"@type\":\"ImageObject\",\"inLanguage\":\"fr-FR\",\"@id\":\"https:\/\/www.industri-sl.com\/fr\/#\/schema\/logo\/image\/\",\"url\":\"https:\/\/www.industri-sl.com\/wp-content\/uploads\/industri-logo.png\",\"contentUrl\":\"https:\/\/www.industri-sl.com\/wp-content\/uploads\/industri-logo.png\",\"width\":248,\"height\":45,\"caption\":\"Industri SL\"},\"image\":{\"@id\":\"https:\/\/www.industri-sl.com\/fr\/#\/schema\/logo\/image\/\"}}]}<\/script>\n<!-- \/ Yoast SEO plugin. -->","yoast_head_json":{"title":"Fabrication de repose-pieds sur mesure pour autobus- INDUSTRI","description":"Nous concevons des repose-pieds pour autocars et minibus et concr\u00e8tement, des repose-pieds rabattables \u00e0 monter sur le panneau en face du si\u00e8ge guide.","robots":{"index":"index","follow":"follow","max-snippet":"max-snippet:-1","max-image-preview":"max-image-preview:large","max-video-preview":"max-video-preview:-1"},"canonical":"https:\/\/www.industri-sl.com\/fr\/transport\/autobus\/repose-pieds\/","og_locale":"fr_FR","og_type":"article","og_title":"Fabrication de repose-pieds sur mesure pour autobus- INDUSTRI","og_description":"Nous concevons des repose-pieds pour autocars et minibus et concr\u00e8tement, des repose-pieds rabattables \u00e0 monter sur le panneau en face du si\u00e8ge guide.","og_url":"https:\/\/www.industri-sl.com\/fr\/transport\/autobus\/repose-pieds\/","og_site_name":"Industri SL","article_modified_time":"2025-05-22T09:38:58+00:00","og_image":[{"width":800,"height":585,"url":"https:\/\/www.industri-sl.com\/wp-content\/uploads\/reposapies-1-2.jpg","type":"image\/jpeg"}],"twitter_card":"summary_large_image","twitter_misc":{"Dur\u00e9e de lecture estim\u00e9e":"1 minute"},"schema":{"@context":"https:\/\/schema.org","@graph":[{"@type":"WebPage","@id":"https:\/\/www.industri-sl.com\/fr\/transport\/autobus\/repose-pieds\/","url":"https:\/\/www.industri-sl.com\/fr\/transport\/autobus\/repose-pieds\/","name":"Fabrication de repose-pieds sur mesure pour autobus- INDUSTRI","isPartOf":{"@id":"https:\/\/www.industri-sl.com\/fr\/#website"},"primaryImageOfPage":{"@id":"https:\/\/www.industri-sl.com\/fr\/transport\/autobus\/repose-pieds\/#primaryimage"},"image":{"@id":"https:\/\/www.industri-sl.com\/fr\/transport\/autobus\/repose-pieds\/#primaryimage"},"thumbnailUrl":"https:\/\/www.industri-sl.com\/wp-content\/uploads\/reposapies-1-2.jpg","datePublished":"2019-10-01T08:50:46+00:00","dateModified":"2025-05-22T09:38:58+00:00","description":"Nous concevons des repose-pieds pour autocars et minibus et concr\u00e8tement, des repose-pieds rabattables \u00e0 monter sur le panneau en face du si\u00e8ge guide.","breadcrumb":{"@id":"https:\/\/www.industri-sl.com\/fr\/transport\/autobus\/repose-pieds\/#breadcrumb"},"inLanguage":"fr-FR","potentialAction":[{"@type":"ReadAction","target":["https:\/\/www.industri-sl.com\/fr\/transport\/autobus\/repose-pieds\/"]}]},{"@type":"ImageObject","inLanguage":"fr-FR","@id":"https:\/\/www.industri-sl.com\/fr\/transport\/autobus\/repose-pieds\/#primaryimage","url":"https:\/\/www.industri-sl.com\/wp-content\/uploads\/reposapies-1-2.jpg","contentUrl":"https:\/\/www.industri-sl.com\/wp-content\/uploads\/reposapies-1-2.jpg"},{"@type":"BreadcrumbList","@id":"https:\/\/www.industri-sl.com\/fr\/transport\/autobus\/repose-pieds\/#breadcrumb","itemListElement":[{"@type":"ListItem","position":1,"name":"Inicio","item":"https:\/\/www.industri-sl.com\/fr\/"},{"@type":"ListItem","position":2,"name":"Division Transport","item":"https:\/\/www.industri-sl.com\/fr\/transport\/"},{"@type":"ListItem","position":3,"name":"Fabrication sur mesure pour les autobus","item":"https:\/\/www.industri-sl.com\/fr\/transport\/autobus\/"},{"@type":"ListItem","position":4,"name":"Repose-pieds sur mesure pour autobus"}]},{"@type":"WebSite","@id":"https:\/\/www.industri-sl.com\/fr\/#website","url":"https:\/\/www.industri-sl.com\/fr\/","name":"Industri SL","description":"","publisher":{"@id":"https:\/\/www.industri-sl.com\/fr\/#organization"},"potentialAction":[{"@type":"SearchAction","target":{"@type":"EntryPoint","urlTemplate":"https:\/\/www.industri-sl.com\/fr\/?s={search_term_string}"},"query-input":{"@type":"PropertyValueSpecification","valueRequired":true,"valueName":"search_term_string"}}],"inLanguage":"fr-FR"},{"@type":"Organization","@id":"https:\/\/www.industri-sl.com\/fr\/#organization","name":"Industri SL","url":"https:\/\/www.industri-sl.com\/fr\/","logo":{"@type":"ImageObject","inLanguage":"fr-FR","@id":"https:\/\/www.industri-sl.com\/fr\/#\/schema\/logo\/image\/","url":"https:\/\/www.industri-sl.com\/wp-content\/uploads\/industri-logo.png","contentUrl":"https:\/\/www.industri-sl.com\/wp-content\/uploads\/industri-logo.png","width":248,"height":45,"caption":"Industri SL"},"image":{"@id":"https:\/\/www.industri-sl.com\/fr\/#\/schema\/logo\/image\/"}}]}},"_links":{"self":[{"href":"https:\/\/www.industri-sl.com\/fr\/wp-json\/wp\/v2\/pages\/9261","targetHints":{"allow":["GET"]}}],"collection":[{"href":"https:\/\/www.industri-sl.com\/fr\/wp-json\/wp\/v2\/pages"}],"about":[{"href":"https:\/\/www.industri-sl.com\/fr\/wp-json\/wp\/v2\/types\/page"}],"author":[{"embeddable":true,"href":"https:\/\/www.industri-sl.com\/fr\/wp-json\/wp\/v2\/users\/3"}],"replies":[{"embeddable":true,"href":"https:\/\/www.industri-sl.com\/fr\/wp-json\/wp\/v2\/comments?post=9261"}],"version-history":[{"count":0,"href":"https:\/\/www.industri-sl.com\/fr\/wp-json\/wp\/v2\/pages\/9261\/revisions"}],"up":[{"embeddable":true,"href":"https:\/\/www.industri-sl.com\/fr\/wp-json\/wp\/v2\/pages\/9247"}],"wp:attachment":[{"href":"https:\/\/www.industri-sl.com\/fr\/wp-json\/wp\/v2\/media?parent=9261"}],"curies":[{"name":"wp","href":"https:\/\/api.w.org\/{rel}","templated":true}]}}