{"id":9259,"date":"2019-10-01T10:38:38","date_gmt":"2019-10-01T08:38:38","guid":{"rendered":"https:\/\/www.industri-sl.com\/transport\/autobus\/embellecedores\/"},"modified":"2025-03-31T12:37:25","modified_gmt":"2025-03-31T10:37:25","slug":"enjoliveurs","status":"publish","type":"page","link":"https:\/\/www.industri-sl.com\/fr\/transport\/autobus\/enjoliveurs\/","title":{"rendered":"Enjoliveurs sur mesure pour autobus"},"content":{"rendered":"<h2>Fabrication d\u2019enjoliveurs sur mesure pour autocars<\/h2>\n<p>Nous pouvons fabriquer des cache-moyeux sur mesure, en <a href=\"https:\/\/www.industri-sl.com\/fr\/ingenierie\/\">nous adaptant aux besoins de nos clients<\/a>. Notre mod\u00e8le le plus demand\u00e9 est le cache-moyeu en acier inoxydable poli-brillant avec un syst\u00e8me de fixation innovant con\u00e7u par notre service RDI, consistant en une s\u00e9rie d\u2019agrafes ou arcs de fixation qui assurent le cache-moyeu \u00e0 la roue du v\u00e9hicule de mani\u00e8re \u00e0 \u00e9viter qu\u2019il ne se lib\u00e8re.<\/p>\n<p><strong>Les cache-moyeux peuvent \u00eatre personnalis\u00e9s<\/strong> avec la marque distinctive du client.<\/p>\n<div class=\"light-bg marcas\">\n\t<div class=\"flex\">\n\t\t<h2>nos clients<\/h2>\n\n\t<\/div>\n\n\t<div class=\"flex\">\n\t\t<div class=\"caja\">\n\t\t\t<div class=\"flex marcas-logos\">\n\t\t\t\t<div><a href=\"https:\/\/www.industri-sl.com\/fr\/transporte\/recambios\/tren\/caf\/\"><img decoding=\"async\" loading=\"lazy\" src=\"https:\/\/www.industri-sl.com\/wp-content\/themes\/industri\/img\/logo-caf.jpg\" alt=\"CAF\"><\/a><\/div>\n\t\t\t\t<div><a href=\"https:\/\/www.industri-sl.com\/fr\/transporte\/recambios\/tren\/talgo\/\"><img decoding=\"async\" loading=\"lazy\" src=\"https:\/\/www.industri-sl.com\/wp-content\/themes\/industri\/img\/logo-talgo.jpg\" alt=\"Talgo\"><\/a><\/div>\n\t\t\t\t<div><img decoding=\"async\" loading=\"lazy\" src=\"https:\/\/www.industri-sl.com\/wp-content\/themes\/industri\/img\/logo-esg-rail.jpg\" alt=\"DBESGRail\"><\/div>\n\t\t\t<\/div>\n\t\t<\/div>\n\t<\/div>\n\t<div class=\"flex\">\n\t\t<div class=\"caja\">\n\t\t\t<div class=\"flex marcas-logos\">\n\t\t\t\t<div><a href=\"https:\/\/www.industri-sl.com\/fr\/transporte\/recambios\/tren\/alstom\/\"><img decoding=\"async\" loading=\"lazy\" src=\"https:\/\/www.industri-sl.com\/wp-content\/themes\/industri\/img\/logo-alstom.jpg\" alt=\"ALSTOM\"><\/a><\/div>\n\t\t\t\t<div><img decoding=\"async\" loading=\"lazy\" src=\"https:\/\/www.industri-sl.com\/wp-content\/themes\/industri\/img\/logo-bombardier.jpg\" alt=\"Bombardier\"><\/div>\n\t\t\t\t<div><img decoding=\"async\" loading=\"lazy\" src=\"https:\/\/www.industri-sl.com\/wp-content\/themes\/industri\/img\/logo-stadler.jpg\" alt=\"Stadler\"><\/div>\n\t\t\t<\/div>\n\t\t<\/div>\n\t<\/div>\n\t<br>\n\t<a class=\"boton sin\" href=\"#formulario\">DEMANDE DE DEVIS<\/a>\n<\/div>\n\n<h2>Mod\u00e8les et accessoires pour enjoliveurs<\/h2>\n<h3>Kiruna<\/h3>\n<p><img loading=\"lazy\" decoding=\"async\" class=\"alignright size-medium wp-image-1972\" src=\"https:\/\/www.industri-sl.com\/wp-content\/uploads\/kiruna-1-1-300x225.jpg\" alt=\"Fabrication d\u2019enjoliveurs Kiruna sur mesure pour autocars\" width=\"300\" height=\"225\" srcset=\"https:\/\/www.industri-sl.com\/wp-content\/uploads\/kiruna-1-1-300x225.jpg 300w, https:\/\/www.industri-sl.com\/wp-content\/uploads\/kiruna-1-1-768x576.jpg 768w, https:\/\/www.industri-sl.com\/wp-content\/uploads\/kiruna-1-1.jpg 800w\" sizes=\"auto, (max-width: 300px) 100vw, 300px\" \/>Les cache-moyeux Kiruna sont un mod\u00e8le en acier inoxydable pour jantes de 22.5\u201d.<\/p>\n<p>Ils sont fabriqu\u00e9s dans diff\u00e9rentes finitions: <strong>poli-brillant ou gris mat<\/strong> \u00ab grenaill\u00e9 \u00bb. De mani\u00e8re exceptionnelle, ces cache-moyeux peuvent aussi \u00eatre fabriqu\u00e9s avec une finition par cataphor\u00e8se pour permettre la peinture post\u00e9rieure assortie \u00e0 la carrosserie de l\u2019autobus.<br \/>\nIl est possible de les <strong>personnaliser en gravant<\/strong> au centre le logo du client ou en appliquant un autocollant. <\/p>\n<p>Les cache-moyeux sont fix\u00e9s \u00e0 la roue de l\u2019autobus avec 5 arcs auxquels nous donnons habituellement le nom d\u2019\u00ab <strong>agrafes de fixation<\/strong> \u00bb.<\/p>\n<h3>Agrafes<\/h3>\n<p><img loading=\"lazy\" decoding=\"async\" class=\"alignright size-medium wp-image-1980\" src=\"https:\/\/www.industri-sl.com\/wp-content\/uploads\/grapa-1-1-300x225.jpg\" alt=\"Fabrication d\u2019agrafes sur mesure pour autocars\" width=\"300\" height=\"225\" srcset=\"https:\/\/www.industri-sl.com\/wp-content\/uploads\/grapa-1-1-300x225.jpg 300w, https:\/\/www.industri-sl.com\/wp-content\/uploads\/grapa-1-1-768x576.jpg 768w, https:\/\/www.industri-sl.com\/wp-content\/uploads\/grapa-1-1.jpg 800w\" sizes=\"auto, (max-width: 300px) 100vw, 300px\" \/>Les agrafes sont un syst\u00e8me de fixation pour cache-moyeux de roue sp\u00e9cialement con\u00e7u par notre service RDI.<\/p>\n<p>Ce syst\u00e8me est form\u00e9 de 5 arcs, d\u00e9nomm\u00e9s agrafes de fixation, <strong>qui assurent le cache-moyeu \u00e0 la roue de l\u2019autobus<\/strong> et emp\u00eachent ce dernier de se lib\u00e9rer, pour plus de s\u00e9curit\u00e9.<\/p>\n<p>Nos cache-moyeux peuvent \u00eatre personnalis\u00e9s avec la marque distinctive du client et sont fabriqu\u00e9s dans plusieurs finitions. <a href=\"https:\/\/www.industri-sl.com\/fr\/contact\/\">Consultez-nous<\/a>!<\/p>\n<div class=\"otras-piezas\">\n<h4>Nous fabriquons aussi d\u2019autres pi\u00e8ces sur mesure:<\/h4>\n<div><a class=\"boton gris\" href=\"https:\/\/www.industri-sl.com\/fr\/transport\/autobus\/retroviseurs\/\">R\u00e9troviseurs<\/a><a class=\"boton gris\" href=\"https:\/\/www.industri-sl.com\/fr\/transport\/autobus\/repose-pieds\/\">Repose-pieds<\/a><a class=\"boton gris\" href=\"https:\/\/www.industri-sl.com\/fr\/transport\/autobus\/trappes-carburant\/\">Trappes \u00e0 carburant<\/a><a class=\"boton gris\" href=\"https:\/\/www.industri-sl.com\/fr\/transport\/autobus\/charnieres\/\">Charni\u00e8res<\/a><a class=\"boton gris\" href=\"https:\/\/www.industri-sl.com\/fr\/transport\/autobus\/pots-echappement\/\">Pots d\u2019\u00e9chappement<\/a><a class=\"boton gris\" href=\"https:\/\/www.industri-sl.com\/fr\/transport\/autobus\/toits-ouvrants\/\">Toits ouvrants<\/a><\/div>\n<\/div>\n","protected":false},"excerpt":{"rendered":"<p>Fabrication d\u2019enjoliveurs sur mesure pour autocars Nous pouvons fabriquer des cache-moyeux sur mesure, en nous adaptant aux besoins de nos clients. Notre mod\u00e8le le plus demand\u00e9 est le cache-moyeu en acier inoxydable poli-brillant avec un syst\u00e8me de fixation innovant con\u00e7u par notre service RDI, consistant en une s\u00e9rie d\u2019agrafes ou arcs de fixation qui assurent [&hellip;]<\/p>\n","protected":false},"author":3,"featured_media":0,"parent":9247,"menu_order":0,"comment_status":"closed","ping_status":"closed","template":"page-vehiculos.php","meta":{"footnotes":""},"class_list":["post-9259","page","type-page","status-publish","hentry"],"yoast_head":"<!-- This site is optimized with the Yoast SEO plugin v27.5 - https:\/\/yoast.com\/product\/yoast-seo-wordpress\/ -->\n<title>Fabrication d\u2019enjoliveurs sur mesure pour autobus- INDUSTRI<\/title>\n<meta name=\"description\" content=\"Nous fabriquons des cache-moyeux ou enjoliveurs sur mesure pour autobus et minibus, en nous adaptant aux besoins de nos clients.\" \/>\n<meta name=\"robots\" content=\"index, follow, max-snippet:-1, max-image-preview:large, max-video-preview:-1\" \/>\n<link rel=\"canonical\" href=\"https:\/\/www.industri-sl.com\/fr\/transport\/autobus\/enjoliveurs\/\" \/>\n<meta property=\"og:locale\" content=\"fr_FR\" \/>\n<meta property=\"og:type\" content=\"article\" \/>\n<meta property=\"og:title\" content=\"Fabrication d\u2019enjoliveurs sur mesure pour autobus- INDUSTRI\" \/>\n<meta property=\"og:description\" content=\"Nous fabriquons des cache-moyeux ou enjoliveurs sur mesure pour autobus et minibus, en nous adaptant aux besoins de nos clients.\" \/>\n<meta property=\"og:url\" content=\"https:\/\/www.industri-sl.com\/fr\/transport\/autobus\/enjoliveurs\/\" \/>\n<meta property=\"og:site_name\" content=\"Industri SL\" \/>\n<meta property=\"article:modified_time\" content=\"2025-03-31T10:37:25+00:00\" \/>\n<meta property=\"og:image\" content=\"https:\/\/www.industri-sl.com\/wp-content\/uploads\/kiruna-1-1-300x225.jpg\" \/>\n<meta name=\"twitter:card\" content=\"summary_large_image\" \/>\n<meta name=\"twitter:label1\" content=\"Dur\u00e9e de lecture estim\u00e9e\" \/>\n\t<meta name=\"twitter:data1\" content=\"2 minutes\" \/>\n<script type=\"application\/ld+json\" class=\"yoast-schema-graph\">{\"@context\":\"https:\\\/\\\/schema.org\",\"@graph\":[{\"@type\":\"WebPage\",\"@id\":\"https:\\\/\\\/www.industri-sl.com\\\/fr\\\/transport\\\/autobus\\\/enjoliveurs\\\/\",\"url\":\"https:\\\/\\\/www.industri-sl.com\\\/fr\\\/transport\\\/autobus\\\/enjoliveurs\\\/\",\"name\":\"Fabrication d\u2019enjoliveurs sur mesure pour autobus- INDUSTRI\",\"isPartOf\":{\"@id\":\"https:\\\/\\\/www.industri-sl.com\\\/fr\\\/#website\"},\"primaryImageOfPage\":{\"@id\":\"https:\\\/\\\/www.industri-sl.com\\\/fr\\\/transport\\\/autobus\\\/enjoliveurs\\\/#primaryimage\"},\"image\":{\"@id\":\"https:\\\/\\\/www.industri-sl.com\\\/fr\\\/transport\\\/autobus\\\/enjoliveurs\\\/#primaryimage\"},\"thumbnailUrl\":\"https:\\\/\\\/www.industri-sl.com\\\/wp-content\\\/uploads\\\/kiruna-1-1-300x225.jpg\",\"datePublished\":\"2019-10-01T08:38:38+00:00\",\"dateModified\":\"2025-03-31T10:37:25+00:00\",\"description\":\"Nous fabriquons des cache-moyeux ou enjoliveurs sur mesure pour autobus et minibus, en nous adaptant aux besoins de nos clients.\",\"breadcrumb\":{\"@id\":\"https:\\\/\\\/www.industri-sl.com\\\/fr\\\/transport\\\/autobus\\\/enjoliveurs\\\/#breadcrumb\"},\"inLanguage\":\"fr-FR\",\"potentialAction\":[{\"@type\":\"ReadAction\",\"target\":[\"https:\\\/\\\/www.industri-sl.com\\\/fr\\\/transport\\\/autobus\\\/enjoliveurs\\\/\"]}]},{\"@type\":\"ImageObject\",\"inLanguage\":\"fr-FR\",\"@id\":\"https:\\\/\\\/www.industri-sl.com\\\/fr\\\/transport\\\/autobus\\\/enjoliveurs\\\/#primaryimage\",\"url\":\"https:\\\/\\\/www.industri-sl.com\\\/wp-content\\\/uploads\\\/kiruna-1-1-300x225.jpg\",\"contentUrl\":\"https:\\\/\\\/www.industri-sl.com\\\/wp-content\\\/uploads\\\/kiruna-1-1-300x225.jpg\"},{\"@type\":\"BreadcrumbList\",\"@id\":\"https:\\\/\\\/www.industri-sl.com\\\/fr\\\/transport\\\/autobus\\\/enjoliveurs\\\/#breadcrumb\",\"itemListElement\":[{\"@type\":\"ListItem\",\"position\":1,\"name\":\"Inicio\",\"item\":\"https:\\\/\\\/www.industri-sl.com\\\/fr\\\/\"},{\"@type\":\"ListItem\",\"position\":2,\"name\":\"Division Transport\",\"item\":\"https:\\\/\\\/www.industri-sl.com\\\/fr\\\/transport\\\/\"},{\"@type\":\"ListItem\",\"position\":3,\"name\":\"Fabrication sur mesure pour les autobus\",\"item\":\"https:\\\/\\\/www.industri-sl.com\\\/fr\\\/transport\\\/autobus\\\/\"},{\"@type\":\"ListItem\",\"position\":4,\"name\":\"Enjoliveurs sur mesure pour autobus\"}]},{\"@type\":\"WebSite\",\"@id\":\"https:\\\/\\\/www.industri-sl.com\\\/fr\\\/#website\",\"url\":\"https:\\\/\\\/www.industri-sl.com\\\/fr\\\/\",\"name\":\"Industri SL\",\"description\":\"\",\"publisher\":{\"@id\":\"https:\\\/\\\/www.industri-sl.com\\\/fr\\\/#organization\"},\"potentialAction\":[{\"@type\":\"SearchAction\",\"target\":{\"@type\":\"EntryPoint\",\"urlTemplate\":\"https:\\\/\\\/www.industri-sl.com\\\/fr\\\/?s={search_term_string}\"},\"query-input\":{\"@type\":\"PropertyValueSpecification\",\"valueRequired\":true,\"valueName\":\"search_term_string\"}}],\"inLanguage\":\"fr-FR\"},{\"@type\":\"Organization\",\"@id\":\"https:\\\/\\\/www.industri-sl.com\\\/fr\\\/#organization\",\"name\":\"Industri SL\",\"url\":\"https:\\\/\\\/www.industri-sl.com\\\/fr\\\/\",\"logo\":{\"@type\":\"ImageObject\",\"inLanguage\":\"fr-FR\",\"@id\":\"https:\\\/\\\/www.industri-sl.com\\\/fr\\\/#\\\/schema\\\/logo\\\/image\\\/\",\"url\":\"https:\\\/\\\/www.industri-sl.com\\\/wp-content\\\/uploads\\\/industri-logo.png\",\"contentUrl\":\"https:\\\/\\\/www.industri-sl.com\\\/wp-content\\\/uploads\\\/industri-logo.png\",\"width\":248,\"height\":45,\"caption\":\"Industri SL\"},\"image\":{\"@id\":\"https:\\\/\\\/www.industri-sl.com\\\/fr\\\/#\\\/schema\\\/logo\\\/image\\\/\"}}]}<\/script>\n<!-- \/ Yoast SEO plugin. -->","yoast_head_json":{"title":"Fabrication d\u2019enjoliveurs sur mesure pour autobus- INDUSTRI","description":"Nous fabriquons des cache-moyeux ou enjoliveurs sur mesure pour autobus et minibus, en nous adaptant aux besoins de nos clients.","robots":{"index":"index","follow":"follow","max-snippet":"max-snippet:-1","max-image-preview":"max-image-preview:large","max-video-preview":"max-video-preview:-1"},"canonical":"https:\/\/www.industri-sl.com\/fr\/transport\/autobus\/enjoliveurs\/","og_locale":"fr_FR","og_type":"article","og_title":"Fabrication d\u2019enjoliveurs sur mesure pour autobus- INDUSTRI","og_description":"Nous fabriquons des cache-moyeux ou enjoliveurs sur mesure pour autobus et minibus, en nous adaptant aux besoins de nos clients.","og_url":"https:\/\/www.industri-sl.com\/fr\/transport\/autobus\/enjoliveurs\/","og_site_name":"Industri SL","article_modified_time":"2025-03-31T10:37:25+00:00","og_image":[{"url":"https:\/\/www.industri-sl.com\/wp-content\/uploads\/kiruna-1-1-300x225.jpg","type":"","width":"","height":""}],"twitter_card":"summary_large_image","twitter_misc":{"Dur\u00e9e de lecture estim\u00e9e":"2 minutes"},"schema":{"@context":"https:\/\/schema.org","@graph":[{"@type":"WebPage","@id":"https:\/\/www.industri-sl.com\/fr\/transport\/autobus\/enjoliveurs\/","url":"https:\/\/www.industri-sl.com\/fr\/transport\/autobus\/enjoliveurs\/","name":"Fabrication d\u2019enjoliveurs sur mesure pour autobus- INDUSTRI","isPartOf":{"@id":"https:\/\/www.industri-sl.com\/fr\/#website"},"primaryImageOfPage":{"@id":"https:\/\/www.industri-sl.com\/fr\/transport\/autobus\/enjoliveurs\/#primaryimage"},"image":{"@id":"https:\/\/www.industri-sl.com\/fr\/transport\/autobus\/enjoliveurs\/#primaryimage"},"thumbnailUrl":"https:\/\/www.industri-sl.com\/wp-content\/uploads\/kiruna-1-1-300x225.jpg","datePublished":"2019-10-01T08:38:38+00:00","dateModified":"2025-03-31T10:37:25+00:00","description":"Nous fabriquons des cache-moyeux ou enjoliveurs sur mesure pour autobus et minibus, en nous adaptant aux besoins de nos clients.","breadcrumb":{"@id":"https:\/\/www.industri-sl.com\/fr\/transport\/autobus\/enjoliveurs\/#breadcrumb"},"inLanguage":"fr-FR","potentialAction":[{"@type":"ReadAction","target":["https:\/\/www.industri-sl.com\/fr\/transport\/autobus\/enjoliveurs\/"]}]},{"@type":"ImageObject","inLanguage":"fr-FR","@id":"https:\/\/www.industri-sl.com\/fr\/transport\/autobus\/enjoliveurs\/#primaryimage","url":"https:\/\/www.industri-sl.com\/wp-content\/uploads\/kiruna-1-1-300x225.jpg","contentUrl":"https:\/\/www.industri-sl.com\/wp-content\/uploads\/kiruna-1-1-300x225.jpg"},{"@type":"BreadcrumbList","@id":"https:\/\/www.industri-sl.com\/fr\/transport\/autobus\/enjoliveurs\/#breadcrumb","itemListElement":[{"@type":"ListItem","position":1,"name":"Inicio","item":"https:\/\/www.industri-sl.com\/fr\/"},{"@type":"ListItem","position":2,"name":"Division Transport","item":"https:\/\/www.industri-sl.com\/fr\/transport\/"},{"@type":"ListItem","position":3,"name":"Fabrication sur mesure pour les autobus","item":"https:\/\/www.industri-sl.com\/fr\/transport\/autobus\/"},{"@type":"ListItem","position":4,"name":"Enjoliveurs sur mesure pour autobus"}]},{"@type":"WebSite","@id":"https:\/\/www.industri-sl.com\/fr\/#website","url":"https:\/\/www.industri-sl.com\/fr\/","name":"Industri SL","description":"","publisher":{"@id":"https:\/\/www.industri-sl.com\/fr\/#organization"},"potentialAction":[{"@type":"SearchAction","target":{"@type":"EntryPoint","urlTemplate":"https:\/\/www.industri-sl.com\/fr\/?s={search_term_string}"},"query-input":{"@type":"PropertyValueSpecification","valueRequired":true,"valueName":"search_term_string"}}],"inLanguage":"fr-FR"},{"@type":"Organization","@id":"https:\/\/www.industri-sl.com\/fr\/#organization","name":"Industri SL","url":"https:\/\/www.industri-sl.com\/fr\/","logo":{"@type":"ImageObject","inLanguage":"fr-FR","@id":"https:\/\/www.industri-sl.com\/fr\/#\/schema\/logo\/image\/","url":"https:\/\/www.industri-sl.com\/wp-content\/uploads\/industri-logo.png","contentUrl":"https:\/\/www.industri-sl.com\/wp-content\/uploads\/industri-logo.png","width":248,"height":45,"caption":"Industri SL"},"image":{"@id":"https:\/\/www.industri-sl.com\/fr\/#\/schema\/logo\/image\/"}}]}},"_links":{"self":[{"href":"https:\/\/www.industri-sl.com\/fr\/wp-json\/wp\/v2\/pages\/9259","targetHints":{"allow":["GET"]}}],"collection":[{"href":"https:\/\/www.industri-sl.com\/fr\/wp-json\/wp\/v2\/pages"}],"about":[{"href":"https:\/\/www.industri-sl.com\/fr\/wp-json\/wp\/v2\/types\/page"}],"author":[{"embeddable":true,"href":"https:\/\/www.industri-sl.com\/fr\/wp-json\/wp\/v2\/users\/3"}],"replies":[{"embeddable":true,"href":"https:\/\/www.industri-sl.com\/fr\/wp-json\/wp\/v2\/comments?post=9259"}],"version-history":[{"count":0,"href":"https:\/\/www.industri-sl.com\/fr\/wp-json\/wp\/v2\/pages\/9259\/revisions"}],"up":[{"embeddable":true,"href":"https:\/\/www.industri-sl.com\/fr\/wp-json\/wp\/v2\/pages\/9247"}],"wp:attachment":[{"href":"https:\/\/www.industri-sl.com\/fr\/wp-json\/wp\/v2\/media?parent=9259"}],"curies":[{"name":"wp","href":"https:\/\/api.w.org\/{rel}","templated":true}]}}