{"id":9257,"date":"2019-09-30T12:46:35","date_gmt":"2019-09-30T10:46:35","guid":{"rendered":"https:\/\/www.industri-sl.com\/transport\/autobus\/cortinas\/"},"modified":"2025-05-22T11:41:46","modified_gmt":"2025-05-22T09:41:46","slug":"rideaux","status":"publish","type":"page","link":"https:\/\/www.industri-sl.com\/fr\/transport\/autobus\/rideaux\/","title":{"rendered":"Rideaux sur mesure pour autobus"},"content":{"rendered":"<h2>Fabrication de rideaux sur mesure pour autocars<\/h2>\n<p>INDUSTRI fabrique depuis <a href=\"https:\/\/www.industri-sl.com\/fr\/nous\/\">plus de 30 ans<\/a> des rideaux pour cabines d\u2019autocars et microbus. L\u2019ampleur de l\u2019exp\u00e9rience accumul\u00e9e tout au long de ces ann\u00e9es se refl\u00e8te dans la qualit\u00e9 du produit final que nous offrons.<\/p>\n<p>Nous fabriquons <strong>tout type de rideaux<\/strong>: \u00e0 enroulement m\u00e9canique, \u00e9lectriques, \u00e0 c\u00e2ble et \u00e0 bras ciseaux ou pantographes. Tous les tissus employ\u00e9s dans la fabrication des rideaux sont conformes aux normes minimales en mati\u00e8re de feu et fum\u00e9es du secteur automobile.<\/p>\n<h2>Quel type de rideaux fabriquons-nous?<\/h2>\n<div><a class=\"boton gris\" href=\"#autofrenadas\">\u00c0 frein auto-bloquant<\/a> <a class=\"boton gris\" href=\"#dobles\">Doubles dans un seul boitier<\/a> <a class=\"boton gris\" href=\"#pantograficas\">Pantographes<\/a> <a class=\"boton gris\" href=\"#enrollables\">Rideaux enrouleurs \u00e9lectriques<\/a> <a class=\"boton gris\" href=\"#mecanicas\">M\u00e9caniques<\/a> <a class=\"boton gris\" href=\"#escolares\">Scolaires<\/a><\/div>\n<div class=\"light-bg marcas\">\n\t<div class=\"flex\">\n\t\t<h2>nos clients<\/h2>\n\n\t<\/div>\n\n\t<div class=\"flex\">\n\t\t<div class=\"caja\">\n\t\t\t<div class=\"flex marcas-logos\">\n\t\t\t\t<div><a href=\"https:\/\/www.industri-sl.com\/fr\/transporte\/recambios\/tren\/caf\/\"><img decoding=\"async\" loading=\"lazy\" src=\"https:\/\/www.industri-sl.com\/wp-content\/themes\/industri\/img\/logo-caf.jpg\" alt=\"CAF\"><\/a><\/div>\n\t\t\t\t<div><a href=\"https:\/\/www.industri-sl.com\/fr\/transporte\/recambios\/tren\/talgo\/\"><img decoding=\"async\" loading=\"lazy\" src=\"https:\/\/www.industri-sl.com\/wp-content\/themes\/industri\/img\/logo-talgo.jpg\" alt=\"Talgo\"><\/a><\/div>\n\t\t\t\t<div><img decoding=\"async\" loading=\"lazy\" src=\"https:\/\/www.industri-sl.com\/wp-content\/themes\/industri\/img\/logo-esg-rail.jpg\" alt=\"DBESGRail\"><\/div>\n\t\t\t<\/div>\n\t\t<\/div>\n\t<\/div>\n\t<div class=\"flex\">\n\t\t<div class=\"caja\">\n\t\t\t<div class=\"flex marcas-logos\">\n\t\t\t\t<div><a href=\"https:\/\/www.industri-sl.com\/fr\/transporte\/recambios\/tren\/alstom\/\"><img decoding=\"async\" loading=\"lazy\" src=\"https:\/\/www.industri-sl.com\/wp-content\/themes\/industri\/img\/logo-alstom.jpg\" alt=\"ALSTOM\"><\/a><\/div>\n\t\t\t\t<div><img decoding=\"async\" loading=\"lazy\" src=\"https:\/\/www.industri-sl.com\/wp-content\/themes\/industri\/img\/logo-bombardier.jpg\" alt=\"Bombardier\"><\/div>\n\t\t\t\t<div><img decoding=\"async\" loading=\"lazy\" src=\"https:\/\/www.industri-sl.com\/wp-content\/themes\/industri\/img\/logo-stadler.jpg\" alt=\"Stadler\"><\/div>\n\t\t\t<\/div>\n\t\t<\/div>\n\t<\/div>\n\t<br>\n\t<a class=\"boton sin\" href=\"#formulario\">DEMANDE DE DEVIS<\/a>\n<\/div>\n\n<h3 id=\"autofrenadas\" class=\"ancla\">Rideaux \u00e0 frein auto-bloquant<\/h3>\n<p><img loading=\"lazy\" decoding=\"async\" class=\"alignright wp-image-2156 size-medium\" src=\"https:\/\/www.industri-sl.com\/wp-content\/uploads\/cortina-autofrenada-2-2-300x225.jpg\" alt=\"Fabrication de rideaux sur mesure pour autocars\" width=\"300\" height=\"225\" srcset=\"https:\/\/www.industri-sl.com\/wp-content\/uploads\/cortina-autofrenada-2-2-300x225.jpg 300w, https:\/\/www.industri-sl.com\/wp-content\/uploads\/cortina-autofrenada-2-2-768x576.jpg 768w, https:\/\/www.industri-sl.com\/wp-content\/uploads\/cortina-autofrenada-2-2.jpg 800w\" sizes=\"auto, (max-width: 300px) 100vw, 300px\" \/><br \/>\nLe mod\u00e8le de rideau \u00e0 frein auto-bloquant permet d\u2019enrouler le rideau sans \u00e0 coup dans le cas o\u00f9 l\u2019utilisateur le l\u00e2che brusquement. <strong>Nous prolongeons ainsi sa dur\u00e9e de vie utile<\/strong> tout en augmentant le confort des passagers.<\/p>\n<p>Consultez notre <strong>large gamme de tissus et coloris<\/strong>, ainsi que les accessoires qui peuvent accompagner nos rideaux \u00e0 frein auto-bloquant.<\/p>\n<h3 id=\"dobles\" class=\"ancla\">Rideaux doubles dans un seul boitier<\/h3>\n<p><img loading=\"lazy\" decoding=\"async\" class=\"alignright wp-image-2180 size-medium\" src=\"https:\/\/www.industri-sl.com\/wp-content\/uploads\/cortina-unica-carcasa-3-2-300x225.jpg\" alt=\"Fabrication de rideaux sur mesure pour autocars\" width=\"300\" height=\"225\" srcset=\"https:\/\/www.industri-sl.com\/wp-content\/uploads\/cortina-unica-carcasa-3-2-300x225.jpg 300w, https:\/\/www.industri-sl.com\/wp-content\/uploads\/cortina-unica-carcasa-3-2-768x576.jpg 768w, https:\/\/www.industri-sl.com\/wp-content\/uploads\/cortina-unica-carcasa-3-2.jpg 800w\" sizes=\"auto, (max-width: 300px) 100vw, 300px\" \/><br \/>\nLes rideaux doubles dans un seul boitier sont con\u00e7us, prototyp\u00e9s et test\u00e9s pour s\u2019adapter \u00e0 chaque mod\u00e8le concret d\u2019autobus, et sont livr\u00e9s mont\u00e9s et pr\u00eats \u00e0 <strong>\u00eatre install\u00e9s dans l\u2019autobus<\/strong>.<\/p>\n<p>De plus, tous les mat\u00e9riaux employ\u00e9s dans leur fabrication sont <strong>conformes \u00e0 la r\u00e9glementation feu et fum\u00e9es<\/strong> du secteur automobile.<\/p>\n<h3 id=\"pantograficas\" class=\"ancla\">Rideaux pantographes<\/h3>\n<p><img loading=\"lazy\" decoding=\"async\" class=\"alignright wp-image-2008 size-medium\" src=\"https:\/\/www.industri-sl.com\/wp-content\/uploads\/cortina-inversa-3-1-300x225.jpg\" alt=\"Fabrication de rideaux sur mesure pour autocars\" width=\"300\" height=\"225\" srcset=\"https:\/\/www.industri-sl.com\/wp-content\/uploads\/cortina-inversa-3-1-300x225.jpg 300w, https:\/\/www.industri-sl.com\/wp-content\/uploads\/cortina-inversa-3-1-768x576.jpg 768w, https:\/\/www.industri-sl.com\/wp-content\/uploads\/cortina-inversa-3-1.jpg 800w\" sizes=\"auto, (max-width: 300px) 100vw, 300px\" \/><br \/>\nLes rideaux pantographes \u00e9lectriques int\u00e8grent un <strong>syst\u00e8me de bras ciseaux<\/strong> \u00e0 l\u2019arri\u00e8re qui remplacent les baguettes de guidage lat\u00e9rales.<\/p>\n<p>Le boitier dispose d\u2019un syst\u00e8me de rotation con\u00e7u par <a href=\"https:\/\/www.industri-sl.com\/fr\/ingenierie\/\">notre service RDI<\/a>, qui permet de le positionner dans diff\u00e9rents angles suivant les besoins d\u2019installation sur le montant de l\u2019autobus ou du train.<\/p>\n<p>Le boitier est en aluminium laqu\u00e9 gris. Le syst\u00e8me de ciseaux est floqu\u00e9 dans la m\u00eame couleur que le boitier. Les moteurs utilis\u00e9s sont des moteurs <strong>silencieux de 24 V<\/strong>, avec des fins de course de mont\u00e9e et descente programmables.<\/p>\n<p>En dehors du mod\u00e8le \u00e0 bras ciseaux, nous offrons aussi un mod\u00e8le avec des bras <strong>en forme de croix<\/strong>.<\/p>\n<h3 id=\"enrollables\" class=\"ancla\">Rideaux enrouleurs \u00e9lectriques<\/h3>\n<p><img loading=\"lazy\" decoding=\"async\" class=\"alignright wp-image-2076 size-medium\" src=\"https:\/\/www.industri-sl.com\/wp-content\/uploads\/cortina-electrica-enrollable-2-2-300x225.jpg\" alt=\"Fabrication de rideaux sur mesure pour autocars\" width=\"300\" height=\"225\" srcset=\"https:\/\/www.industri-sl.com\/wp-content\/uploads\/cortina-electrica-enrollable-2-2-300x225.jpg 300w, https:\/\/www.industri-sl.com\/wp-content\/uploads\/cortina-electrica-enrollable-2-2-768x576.jpg 768w, https:\/\/www.industri-sl.com\/wp-content\/uploads\/cortina-electrica-enrollable-2-2.jpg 800w\" sizes=\"auto, (max-width: 300px) 100vw, 300px\" \/><br \/>\nLes rideaux enrouleurs \u00e9lectriques sont fabriqu\u00e9s avec un boitier ext\u00e9rieur en aluminium anodis\u00e9 de couleur noire mate. <strong>Ils peuvent aussi \u00eatre fabriqu\u00e9s sans boitier<\/strong>.<\/p>\n<p>Nous employons un <strong>moteur tubulaire<\/strong> et diff\u00e9rents types de moteurs en fonction de l\u2019usage auquel le rideau enrouleur est destin\u00e9. Un catalogue complet de tissus est disponible, avec diff\u00e9rents grammages et coloris ; tous nos tissus sont ignifuges et conformes \u00e0 la r\u00e9glementation feu et fum\u00e9es du secteur automobile et ferroviaire.<\/p>\n<h3 id=\"mecanicas\" class=\"ancla\">Rideaux m\u00e9caniques<\/h3>\n<p><img loading=\"lazy\" decoding=\"async\" class=\"alignright wp-image-2060 size-medium\" src=\"https:\/\/www.industri-sl.com\/wp-content\/uploads\/cortina-mecanica-2-2-300x225.jpg\" alt=\"Fabrication de rideaux sur mesure pour autocars\" width=\"300\" height=\"225\" srcset=\"https:\/\/www.industri-sl.com\/wp-content\/uploads\/cortina-mecanica-2-2-300x225.jpg 300w, https:\/\/www.industri-sl.com\/wp-content\/uploads\/cortina-mecanica-2-2-768x576.jpg 768w, https:\/\/www.industri-sl.com\/wp-content\/uploads\/cortina-mecanica-2-2.jpg 800w\" sizes=\"auto, (max-width: 300px) 100vw, 300px\" \/><br \/>\nLes rideaux \u00e0 commande m\u00e9canique sont dot\u00e9s d\u2019un <strong>m\u00e9canisme avec un cordon<\/strong> pour pouvoir les remonter. Ce m\u00e9canisme peut \u00eatre situ\u00e9 \u00e0 droite ou \u00e0 gauche du rideau.<\/p>\n<p>Les rideaux sont fournis avec <strong>un boitier ext\u00e9rieur en aluminium anodis\u00e9<\/strong> de couleur noire mate qui prot\u00e8ge le tissu, mais peuvent \u00eatre fabriqu\u00e9s aussi sans boitier. Dans ce cas, ils ne sont pas pourvus du m\u00e9canisme indiqu\u00e9 plus haut et leur mouvement est libre.<\/p>\n<p>Nos rideaux m\u00e9caniques peuvent aussi comporter une bande opaque dans la partie inf\u00e9rieure afin de prot\u00e9ger le passager des rayons du soleil. On peut \u00e9galement leur ajouter <strong>une languette centrale pour leur manipulation<\/strong>.<\/p>\n<h3 id=\"escolares\" class=\"ancla\">Rideaux de signalisation scolaire<\/h3>\n<p><img loading=\"lazy\" decoding=\"async\" class=\"alignright wp-image-2264 size-medium\" src=\"https:\/\/www.industri-sl.com\/wp-content\/uploads\/cortina-autobus-escolar-rigida-1-300x216.jpg\" alt=\"Fabrication de rideaux sur mesure pour autocars\" width=\"300\" height=\"216\" srcset=\"https:\/\/www.industri-sl.com\/wp-content\/uploads\/cortina-autobus-escolar-rigida-1-300x216.jpg 300w, https:\/\/www.industri-sl.com\/wp-content\/uploads\/cortina-autobus-escolar-rigida-1-768x552.jpg 768w, https:\/\/www.industri-sl.com\/wp-content\/uploads\/cortina-autobus-escolar-rigida-1.jpg 800w\" sizes=\"auto, (max-width: 300px) 100vw, 300px\" \/><br \/>\nPendant les trajets scolaires, les autobus devront \u00eatre identifi\u00e9s au moyen de la plaque ou du rideau de signalisation scolaire, dans ce cas le signal V10. <strong>INDUSTRI fabrique des plaques<\/strong> ou des signaux V10 dans diff\u00e9rentes dimensions, rigides ou enroulables, et optionnellement avec un \u00e9clairage LED intermittent.<\/p>\n<p><a class=\"boton\" href=\"https:\/\/www.industri-sl.com\/transporte\/autobus\/escolar\/\">Plus d\u2019informations<\/a><\/p>\n<div class=\"otras-piezas\">\n<h4>Nous fabriquons aussi d\u2019autres pi\u00e8ces sur mesure:<\/h4>\n<div><a class=\"boton gris\" href=\"https:\/\/www.industri-sl.com\/fr\/transport\/autobus\/retroviseurs\/\">R\u00e9troviseurs<\/a> <a class=\"boton gris\" href=\"https:\/\/www.industri-sl.com\/fr\/transport\/autobus\/repose-pieds\/\">Repose-pieds<\/a> <a class=\"boton gris\" href=\"https:\/\/www.industri-sl.com\/fr\/transport\/autobus\/trappes-carburant\/\">Trappes \u00e0 carburant<\/a> <a class=\"boton gris\" href=\"https:\/\/www.industri-sl.com\/fr\/transport\/autobus\/charnieres\/\">Charni\u00e8res<\/a> <a class=\"boton gris\" href=\"https:\/\/www.industri-sl.com\/fr\/transport\/autobus\/pots-echappement\/\">Pots d\u2019\u00e9chappement<\/a> <a class=\"boton gris\" href=\"https:\/\/www.industri-sl.com\/fr\/transport\/autobus\/toits-ouvrants\/\">Toits ouvrants<\/a><\/div>\n<\/div>\n","protected":false},"excerpt":{"rendered":"<p>Fabrication de rideaux sur mesure pour autocars INDUSTRI fabrique depuis plus de 30 ans des rideaux pour cabines d\u2019autocars et microbus. L\u2019ampleur de l\u2019exp\u00e9rience accumul\u00e9e tout au long de ces ann\u00e9es se refl\u00e8te dans la qualit\u00e9 du produit final que nous offrons. Nous fabriquons tout type de rideaux: \u00e0 enroulement m\u00e9canique, \u00e9lectriques, \u00e0 c\u00e2ble et [&hellip;]<\/p>\n","protected":false},"author":3,"featured_media":0,"parent":9247,"menu_order":0,"comment_status":"closed","ping_status":"closed","template":"page-vehiculos.php","meta":{"footnotes":""},"class_list":["post-9257","page","type-page","status-publish","hentry"],"yoast_head":"<!-- This site is optimized with the Yoast SEO plugin v27.5 - https:\/\/yoast.com\/product\/yoast-seo-wordpress\/ -->\n<title>Fabrication de rideaux sur mesure pour autobus - INDUSTRI<\/title>\n<meta name=\"description\" content=\"Depuis plus de 30 ans, INDUSTRI fabrique des rideaux pour autobus et minibus. Nous fabriquons des rideaux m\u00e9caniques, \u00e9lectriques ou \u00e0 guidage, entre autres.\" \/>\n<meta name=\"robots\" content=\"index, follow, max-snippet:-1, max-image-preview:large, max-video-preview:-1\" \/>\n<link rel=\"canonical\" href=\"https:\/\/www.industri-sl.com\/fr\/transport\/autobus\/rideaux\/\" \/>\n<meta property=\"og:locale\" content=\"fr_FR\" \/>\n<meta property=\"og:type\" content=\"article\" \/>\n<meta property=\"og:title\" content=\"Fabrication de rideaux sur mesure pour autobus - INDUSTRI\" \/>\n<meta property=\"og:description\" content=\"Depuis plus de 30 ans, INDUSTRI fabrique des rideaux pour autobus et minibus. Nous fabriquons des rideaux m\u00e9caniques, \u00e9lectriques ou \u00e0 guidage, entre autres.\" \/>\n<meta property=\"og:url\" content=\"https:\/\/www.industri-sl.com\/fr\/transport\/autobus\/rideaux\/\" \/>\n<meta property=\"og:site_name\" content=\"Industri SL\" \/>\n<meta property=\"article:modified_time\" content=\"2025-05-22T09:41:46+00:00\" \/>\n<meta property=\"og:image\" content=\"https:\/\/www.industri-sl.com\/wp-content\/uploads\/cortina-autofrenada-2-2-300x225.jpg\" \/>\n<meta name=\"twitter:card\" content=\"summary_large_image\" \/>\n<meta name=\"twitter:label1\" content=\"Dur\u00e9e de lecture estim\u00e9e\" \/>\n\t<meta name=\"twitter:data1\" content=\"4 minutes\" \/>\n<script type=\"application\/ld+json\" class=\"yoast-schema-graph\">{\"@context\":\"https:\\\/\\\/schema.org\",\"@graph\":[{\"@type\":\"WebPage\",\"@id\":\"https:\\\/\\\/www.industri-sl.com\\\/fr\\\/transport\\\/autobus\\\/rideaux\\\/\",\"url\":\"https:\\\/\\\/www.industri-sl.com\\\/fr\\\/transport\\\/autobus\\\/rideaux\\\/\",\"name\":\"Fabrication de rideaux sur mesure pour autobus - INDUSTRI\",\"isPartOf\":{\"@id\":\"https:\\\/\\\/www.industri-sl.com\\\/fr\\\/#website\"},\"primaryImageOfPage\":{\"@id\":\"https:\\\/\\\/www.industri-sl.com\\\/fr\\\/transport\\\/autobus\\\/rideaux\\\/#primaryimage\"},\"image\":{\"@id\":\"https:\\\/\\\/www.industri-sl.com\\\/fr\\\/transport\\\/autobus\\\/rideaux\\\/#primaryimage\"},\"thumbnailUrl\":\"https:\\\/\\\/www.industri-sl.com\\\/wp-content\\\/uploads\\\/cortina-autofrenada-2-2-300x225.jpg\",\"datePublished\":\"2019-09-30T10:46:35+00:00\",\"dateModified\":\"2025-05-22T09:41:46+00:00\",\"description\":\"Depuis plus de 30 ans, INDUSTRI fabrique des rideaux pour autobus et minibus. Nous fabriquons des rideaux m\u00e9caniques, \u00e9lectriques ou \u00e0 guidage, entre autres.\",\"breadcrumb\":{\"@id\":\"https:\\\/\\\/www.industri-sl.com\\\/fr\\\/transport\\\/autobus\\\/rideaux\\\/#breadcrumb\"},\"inLanguage\":\"fr-FR\",\"potentialAction\":[{\"@type\":\"ReadAction\",\"target\":[\"https:\\\/\\\/www.industri-sl.com\\\/fr\\\/transport\\\/autobus\\\/rideaux\\\/\"]}]},{\"@type\":\"ImageObject\",\"inLanguage\":\"fr-FR\",\"@id\":\"https:\\\/\\\/www.industri-sl.com\\\/fr\\\/transport\\\/autobus\\\/rideaux\\\/#primaryimage\",\"url\":\"https:\\\/\\\/www.industri-sl.com\\\/wp-content\\\/uploads\\\/cortina-autofrenada-2-2-300x225.jpg\",\"contentUrl\":\"https:\\\/\\\/www.industri-sl.com\\\/wp-content\\\/uploads\\\/cortina-autofrenada-2-2-300x225.jpg\"},{\"@type\":\"BreadcrumbList\",\"@id\":\"https:\\\/\\\/www.industri-sl.com\\\/fr\\\/transport\\\/autobus\\\/rideaux\\\/#breadcrumb\",\"itemListElement\":[{\"@type\":\"ListItem\",\"position\":1,\"name\":\"Inicio\",\"item\":\"https:\\\/\\\/www.industri-sl.com\\\/fr\\\/\"},{\"@type\":\"ListItem\",\"position\":2,\"name\":\"Division Transport\",\"item\":\"https:\\\/\\\/www.industri-sl.com\\\/fr\\\/transport\\\/\"},{\"@type\":\"ListItem\",\"position\":3,\"name\":\"Fabrication sur mesure pour les autobus\",\"item\":\"https:\\\/\\\/www.industri-sl.com\\\/fr\\\/transport\\\/autobus\\\/\"},{\"@type\":\"ListItem\",\"position\":4,\"name\":\"Rideaux sur mesure pour autobus\"}]},{\"@type\":\"WebSite\",\"@id\":\"https:\\\/\\\/www.industri-sl.com\\\/fr\\\/#website\",\"url\":\"https:\\\/\\\/www.industri-sl.com\\\/fr\\\/\",\"name\":\"Industri SL\",\"description\":\"\",\"publisher\":{\"@id\":\"https:\\\/\\\/www.industri-sl.com\\\/fr\\\/#organization\"},\"potentialAction\":[{\"@type\":\"SearchAction\",\"target\":{\"@type\":\"EntryPoint\",\"urlTemplate\":\"https:\\\/\\\/www.industri-sl.com\\\/fr\\\/?s={search_term_string}\"},\"query-input\":{\"@type\":\"PropertyValueSpecification\",\"valueRequired\":true,\"valueName\":\"search_term_string\"}}],\"inLanguage\":\"fr-FR\"},{\"@type\":\"Organization\",\"@id\":\"https:\\\/\\\/www.industri-sl.com\\\/fr\\\/#organization\",\"name\":\"Industri SL\",\"url\":\"https:\\\/\\\/www.industri-sl.com\\\/fr\\\/\",\"logo\":{\"@type\":\"ImageObject\",\"inLanguage\":\"fr-FR\",\"@id\":\"https:\\\/\\\/www.industri-sl.com\\\/fr\\\/#\\\/schema\\\/logo\\\/image\\\/\",\"url\":\"https:\\\/\\\/www.industri-sl.com\\\/wp-content\\\/uploads\\\/industri-logo.png\",\"contentUrl\":\"https:\\\/\\\/www.industri-sl.com\\\/wp-content\\\/uploads\\\/industri-logo.png\",\"width\":248,\"height\":45,\"caption\":\"Industri SL\"},\"image\":{\"@id\":\"https:\\\/\\\/www.industri-sl.com\\\/fr\\\/#\\\/schema\\\/logo\\\/image\\\/\"}}]}<\/script>\n<!-- \/ Yoast SEO plugin. -->","yoast_head_json":{"title":"Fabrication de rideaux sur mesure pour autobus - INDUSTRI","description":"Depuis plus de 30 ans, INDUSTRI fabrique des rideaux pour autobus et minibus. Nous fabriquons des rideaux m\u00e9caniques, \u00e9lectriques ou \u00e0 guidage, entre autres.","robots":{"index":"index","follow":"follow","max-snippet":"max-snippet:-1","max-image-preview":"max-image-preview:large","max-video-preview":"max-video-preview:-1"},"canonical":"https:\/\/www.industri-sl.com\/fr\/transport\/autobus\/rideaux\/","og_locale":"fr_FR","og_type":"article","og_title":"Fabrication de rideaux sur mesure pour autobus - INDUSTRI","og_description":"Depuis plus de 30 ans, INDUSTRI fabrique des rideaux pour autobus et minibus. Nous fabriquons des rideaux m\u00e9caniques, \u00e9lectriques ou \u00e0 guidage, entre autres.","og_url":"https:\/\/www.industri-sl.com\/fr\/transport\/autobus\/rideaux\/","og_site_name":"Industri SL","article_modified_time":"2025-05-22T09:41:46+00:00","og_image":[{"url":"https:\/\/www.industri-sl.com\/wp-content\/uploads\/cortina-autofrenada-2-2-300x225.jpg","type":"","width":"","height":""}],"twitter_card":"summary_large_image","twitter_misc":{"Dur\u00e9e de lecture estim\u00e9e":"4 minutes"},"schema":{"@context":"https:\/\/schema.org","@graph":[{"@type":"WebPage","@id":"https:\/\/www.industri-sl.com\/fr\/transport\/autobus\/rideaux\/","url":"https:\/\/www.industri-sl.com\/fr\/transport\/autobus\/rideaux\/","name":"Fabrication de rideaux sur mesure pour autobus - INDUSTRI","isPartOf":{"@id":"https:\/\/www.industri-sl.com\/fr\/#website"},"primaryImageOfPage":{"@id":"https:\/\/www.industri-sl.com\/fr\/transport\/autobus\/rideaux\/#primaryimage"},"image":{"@id":"https:\/\/www.industri-sl.com\/fr\/transport\/autobus\/rideaux\/#primaryimage"},"thumbnailUrl":"https:\/\/www.industri-sl.com\/wp-content\/uploads\/cortina-autofrenada-2-2-300x225.jpg","datePublished":"2019-09-30T10:46:35+00:00","dateModified":"2025-05-22T09:41:46+00:00","description":"Depuis plus de 30 ans, INDUSTRI fabrique des rideaux pour autobus et minibus. Nous fabriquons des rideaux m\u00e9caniques, \u00e9lectriques ou \u00e0 guidage, entre autres.","breadcrumb":{"@id":"https:\/\/www.industri-sl.com\/fr\/transport\/autobus\/rideaux\/#breadcrumb"},"inLanguage":"fr-FR","potentialAction":[{"@type":"ReadAction","target":["https:\/\/www.industri-sl.com\/fr\/transport\/autobus\/rideaux\/"]}]},{"@type":"ImageObject","inLanguage":"fr-FR","@id":"https:\/\/www.industri-sl.com\/fr\/transport\/autobus\/rideaux\/#primaryimage","url":"https:\/\/www.industri-sl.com\/wp-content\/uploads\/cortina-autofrenada-2-2-300x225.jpg","contentUrl":"https:\/\/www.industri-sl.com\/wp-content\/uploads\/cortina-autofrenada-2-2-300x225.jpg"},{"@type":"BreadcrumbList","@id":"https:\/\/www.industri-sl.com\/fr\/transport\/autobus\/rideaux\/#breadcrumb","itemListElement":[{"@type":"ListItem","position":1,"name":"Inicio","item":"https:\/\/www.industri-sl.com\/fr\/"},{"@type":"ListItem","position":2,"name":"Division Transport","item":"https:\/\/www.industri-sl.com\/fr\/transport\/"},{"@type":"ListItem","position":3,"name":"Fabrication sur mesure pour les autobus","item":"https:\/\/www.industri-sl.com\/fr\/transport\/autobus\/"},{"@type":"ListItem","position":4,"name":"Rideaux sur mesure pour autobus"}]},{"@type":"WebSite","@id":"https:\/\/www.industri-sl.com\/fr\/#website","url":"https:\/\/www.industri-sl.com\/fr\/","name":"Industri SL","description":"","publisher":{"@id":"https:\/\/www.industri-sl.com\/fr\/#organization"},"potentialAction":[{"@type":"SearchAction","target":{"@type":"EntryPoint","urlTemplate":"https:\/\/www.industri-sl.com\/fr\/?s={search_term_string}"},"query-input":{"@type":"PropertyValueSpecification","valueRequired":true,"valueName":"search_term_string"}}],"inLanguage":"fr-FR"},{"@type":"Organization","@id":"https:\/\/www.industri-sl.com\/fr\/#organization","name":"Industri SL","url":"https:\/\/www.industri-sl.com\/fr\/","logo":{"@type":"ImageObject","inLanguage":"fr-FR","@id":"https:\/\/www.industri-sl.com\/fr\/#\/schema\/logo\/image\/","url":"https:\/\/www.industri-sl.com\/wp-content\/uploads\/industri-logo.png","contentUrl":"https:\/\/www.industri-sl.com\/wp-content\/uploads\/industri-logo.png","width":248,"height":45,"caption":"Industri SL"},"image":{"@id":"https:\/\/www.industri-sl.com\/fr\/#\/schema\/logo\/image\/"}}]}},"_links":{"self":[{"href":"https:\/\/www.industri-sl.com\/fr\/wp-json\/wp\/v2\/pages\/9257","targetHints":{"allow":["GET"]}}],"collection":[{"href":"https:\/\/www.industri-sl.com\/fr\/wp-json\/wp\/v2\/pages"}],"about":[{"href":"https:\/\/www.industri-sl.com\/fr\/wp-json\/wp\/v2\/types\/page"}],"author":[{"embeddable":true,"href":"https:\/\/www.industri-sl.com\/fr\/wp-json\/wp\/v2\/users\/3"}],"replies":[{"embeddable":true,"href":"https:\/\/www.industri-sl.com\/fr\/wp-json\/wp\/v2\/comments?post=9257"}],"version-history":[{"count":0,"href":"https:\/\/www.industri-sl.com\/fr\/wp-json\/wp\/v2\/pages\/9257\/revisions"}],"up":[{"embeddable":true,"href":"https:\/\/www.industri-sl.com\/fr\/wp-json\/wp\/v2\/pages\/9247"}],"wp:attachment":[{"href":"https:\/\/www.industri-sl.com\/fr\/wp-json\/wp\/v2\/media?parent=9257"}],"curies":[{"name":"wp","href":"https:\/\/api.w.org\/{rel}","templated":true}]}}