{"id":9253,"date":"2019-11-13T09:38:46","date_gmt":"2019-11-13T08:38:46","guid":{"rendered":"https:\/\/www.industri-sl.com\/transport\/autobus\/scolaire\/cortinas-led\/"},"modified":"2025-05-22T11:41:15","modified_gmt":"2025-05-22T09:41:15","slug":"rideaux-led","status":"publish","type":"page","link":"https:\/\/www.industri-sl.com\/fr\/transport\/autobus\/scolaire\/rideaux-led\/","title":{"rendered":"Rideau de signalisation \u00e0 LED pour transport scolaire"},"content":{"rendered":"<h2>Fabrication de signal v10 lumineux<\/h2>\n<p>INDUSTRI fabrique <a href=\"https:\/\/www.industri-sl.com\/fr\/ingenierie\/\">tout type d\u2019accessoires<\/a> sur mesure pour les autobus scolaires, et notamment le signal V10 ou signal de transport scolaire, pour lequel nous proposons une version avec \u00e9clairage LED.<\/p>\n<p>Le signal V10 lumineux comporte des diodes lumineuses r\u00e9parties dans le pictogramme du rideau, qui s\u2019allument de mani\u00e8re intermittente lorsque les portes du v\u00e9hicule sont ouvertes, <strong>renfor\u00e7ant ainsi la s\u00e9curit\u00e9 des enfants<\/strong> lorsqu\u2019ils montent ou descendent de l\u2019autobus. <\/p>\n<h3>Types de signal \u00e0 LED disponibles pour le transport scolaire<\/h3>\n<p>La plaque <strong>V10 lumineuse<\/strong> est disponible dans diff\u00e9rentes dimensions et formats.<\/p>\n<p>Deux dimensions:<\/p>\n<ul>\n<li><strong>360 x 360 mm<\/strong><\/li>\n<li><strong>200 x 200 mm<\/strong><\/li>\n<\/ul>\n<p>Deux formats:<\/p>\n<ul>\n<li><strong>Rideau rigide<\/strong><\/li>\n<li><strong>Rideau enrouleur souple:<\/strong> avec un m\u00e9canisme qui permet d&rsquo;enrouler le rideau d&rsquo;une simple pression. Ce m\u00e9canisme comporte un cordon pour faciliter son utilisation et peut se situer \u00e0 droite comme \u00e0 gauche.<\/li>\n<\/ul>\n<p>Tous les rideaux ou plaques comportent un syst\u00e8me de fixation \u00e0 ventouses qui garantissent leur fonctionnement sable et assurent une manipulation simple, sans n\u00e9cessit\u00e9 d\u2019outils, <strong>comme le pr\u00e9conise la l\u00e9gislation<\/strong>.<\/p>\n<div class=\"slider-gallery-wrapper \"><div class=\"slider-gallery\"><div id=\"sliderify-carousel-1\" class=\"owl-carousel\"><div class=\"sliderify-owl-item-inner\"><img decoding=\"async\" src=\"https:\/\/www.industri-sl.com\/wp-content\/uploads\/cortina-escolar-led-1.jpg\"><\/div><div class=\"sliderify-owl-item-inner\"><img decoding=\"async\" src=\"https:\/\/www.industri-sl.com\/wp-content\/uploads\/circuito-cortina-led.png\"><\/div><div class=\"sliderify-owl-item-inner\"><img decoding=\"async\" src=\"https:\/\/www.industri-sl.com\/wp-content\/uploads\/grafico-cortina-led.png\"><\/div><\/div><!-- .owl-carousel --><\/div><!-- .slider-gallery --><\/div><!-- .slider-gallery-wrapper --><script>\n\t\t\tjQuery(document).ready(function($){\n\t\t\t\tcarousel1 = $('#sliderify-carousel-1');\ncarousel1.imagesLoaded(function(){carousel1.owlCarousel({items:2,\nstagePadding:0,\nnav:1,\nnavText:['<span><\/span><span><\/span>','<span><\/span><span><\/span>'],\ncenter:1,\nloop:1,\nmargin:0,\nautoWidth:false,\nautoHeight:true,\nstageOuterClass:'sliderify-stage-outer',\nstageClass:'sliderify-stage',\nnavContainerClass:'sliderify-nav',\ncontrolsClass:'sliderify-controls',\ndotsClass:'sliderify-dots',\ndotClass:'sliderify-dot',\nonInitialized:function(event){\n\t\t\t\tconsole.log('init');\n\t\t\t},\n});});\n});\n\t\t\t<\/script>\n<h3>Sp\u00e9cifications du signal lumineux LED<\/h3>\n<p>Les plaques de transport scolaire lumineuses d\u2019INDUSTRI sont <strong>conformes aux caract\u00e9ristiques suivantes exig\u00e9es par la l\u00e9gislation<\/strong>:<\/p>\n<ul>\n<li><strong>Le signal s\u2019allume automatiquement<\/strong> \u00e0 l\u2019ouverture de l\u2019une ou l\u2019autre des portes du v\u00e9hicule et avant qu&rsquo;elle ne soit compl\u00e8tement ouverte.<\/li>\n<li>Tant que les portes restent ouvertes, le signal lumineux <strong>s\u2019active de mani\u00e8re intermittente<\/strong>.<\/li>\n<li>Apr\u00e8s la fermeture des portes, <strong>le signal s\u2019\u00e9teint<\/strong>.<\/li>\n<li><strong>Il est dot\u00e9 d\u2019un dispositif d\u2019alerte<\/strong> en cas de diode grill\u00e9e ou en mauvais \u00e9tat.<\/li>\n<li>Fonctionne \u00e0 des temp\u00e9ratures de <strong>65 \u00baC et -20 \u00baC<\/strong>.<\/li>\n<li>Con\u00e7u pour <strong>fonctionner en courant<\/strong> continu de 12 ou 24 V et jusqu\u2019\u00e0 30 V.<\/li>\n<li>Le syst\u00e8me est prot\u00e9g\u00e9 d&rsquo;\u00e9ventuelles surtensions jusqu&rsquo;\u00e0 60 V et de courts-circuits, ainsi que d&rsquo;un <strong>\u00e9ventuel changement de polarit\u00e9 de l&rsquo;alimentation<\/strong>.<\/li>\n<\/ul>\n<h3>Quand et o\u00f9 utiliser les rideaux de signalisation scolaire \u00e0 LED?<\/h3>\n<p>Pendant les trajets scolaires, les autobus devront \u00eatre identifi\u00e9s au moyen d\u2019une plaque ou rideau de signalisation scolaire, dans ce cas le signal V10, <strong>qui devra \u00eatre plac\u00e9 \u00e0 l\u2019int\u00e9rieur du v\u00e9hicule<\/strong> et de mani\u00e8re \u00e0 \u00eatre visible \u00e0 tout moment depuis l\u2019ext\u00e9rieur. Les signaux devront toujours \u00eatre en place pendant toute la dur\u00e9e du trajet\/ramassage scolaire.<\/p>\n<p>En fonction de la taille de l\u2019autocar, le signal <strong>devra \u00eatre plac\u00e9 aussi \u00e0 l\u2019avant<\/strong>, en plus de l\u2019arri\u00e8re, en suivant ces consignes:<\/p>\n<ul>\n<li><strong>Autobus jusqu\u2019\u00e0 19 places:<\/strong> la plaque n\u2019est pas n\u00e9cessaire \u00e0 l\u2019avant et le signal arri\u00e8re doit mesurer 200 mm de c\u00f4t\u00e9.<\/li>\n<li><strong>Autobus de plus de 19 places et jusqu\u2019\u00e0 10 m\u00e8tres de long:<\/strong> les deux signaux, avant et arri\u00e8re, sont obligatoires et les deux doivent mesurer 200 mm de c\u00f4t\u00e9.<\/li>\n<li><strong>Autobus de plus de 10 m\u00e8tres de long:<\/strong> les plaques avant et arri\u00e8re sont obligatoires et doivent mesurer 360 mm de c\u00f4t\u00e9.<\/li>\n<\/ul>\n<h3>Conformit\u00e9 de notre rideau de signalisation \u00e0 LED pour transport scolaire<\/h3>\n<p>L\u2019annexe XI du R\u00e8glement G\u00e9n\u00e9ral des V\u00e9hicules, approuv\u00e9 par le <strong>D\u00e9cret royal 2822\/1998<\/strong>, d\u00e9termine les caract\u00e9ristiques de fabrication et de forme auxquelles doivent \u00eatre soumis les signaux sur les v\u00e9hicules. L\u2019un de ces signaux est le \u00ab V-10. Transport scolaire \u00bb qui, compte tenu de l\u2019article 5 du D\u00e9cret royal 443\/2001, relatif aux <strong>conditions de s\u00e9curit\u00e9<\/strong> dans le transport scolaire et de mineurs, <strong>identifie ce type de v\u00e9hicule pendant la r\u00e9alisation de ces services<\/strong>. Cet article d\u00e9termine que le signal V10 pourra \u00eatre remplac\u00e9 par un autre indiqu\u00e9 en annexe, dont le pictogramme sera dot\u00e9 d\u2019un dispositif lumineux conforme aux <strong>sp\u00e9cifications dict\u00e9es par la r\u00e9glementation<\/strong>.<\/p>\n<p>Les signaux devront par ailleurs \u00eatre homologu\u00e9s conform\u00e9ment aux r\u00e8glements n\u00ba 118 (Comportement au feu et\/ou imperm\u00e9abilit\u00e9 aux carburants ou aux lubrifiants des mat\u00e9riaux utilis\u00e9s dans la construction de certaines cat\u00e9gories de v\u00e9hicules \u00e0 moteur) et n\u00ba 10 (Compatibilit\u00e9 \u00e9lectromagn\u00e9tique) de <strong>l\u2019Union europ\u00e9enne<\/strong>.<\/p>\n<div class=\"otras-piezas\">\n<h4>Nous fabriquons aussi d\u2019autres pi\u00e8ces sur mesure:<\/h4>\n<div><a class=\"boton gris\" href=\"https:\/\/www.industri-sl.com\/fr\/transport\/autobus\/scolaire\/\">Rideaux de signalisation scolaire<\/a> <a class=\"boton gris\" href=\"https:\/\/www.industri-sl.com\/fr\/transport\/autobus\/retroviseurs\/\">R\u00e9troviseurs<\/a> <a class=\"boton gris\" href=\"https:\/\/www.industri-sl.com\/fr\/transport\/autobus\/charnieres\/\">Charni\u00e8res<\/a> <a class=\"boton gris\" href=\"https:\/\/www.industri-sl.com\/fr\/transport\/autobus\/trappes-carburant\/\">Trappes \u00e0 carburant<\/a> <a class=\"boton gris\" href=\"https:\/\/www.industri-sl.com\/fr\/transport\/autobus\/autres\/\">Accessoires<\/a> <a class=\"boton gris\" href=\"https:\/\/www.industri-sl.com\/fr\/transport\/autobus\/enjoliveurs\/\">Enjoliveurs<\/a> <a class=\"boton gris\" href=\"https:\/\/www.industri-sl.com\/fr\/transport\/autobus\/toits-ouvrants\/\">Toits ouvrants<\/a><\/div>\n<\/div>\n","protected":false},"excerpt":{"rendered":"<p>Fabrication de signal v10 lumineux INDUSTRI fabrique tout type d\u2019accessoires sur mesure pour les autobus scolaires, et notamment le signal V10 ou signal de transport scolaire, pour lequel nous proposons une version avec \u00e9clairage LED. Le signal V10 lumineux comporte des diodes lumineuses r\u00e9parties dans le pictogramme du rideau, qui s\u2019allument de mani\u00e8re intermittente lorsque [&hellip;]<\/p>\n","protected":false},"author":3,"featured_media":0,"parent":9251,"menu_order":0,"comment_status":"closed","ping_status":"closed","template":"page-vehiculos.php","meta":{"footnotes":""},"class_list":["post-9253","page","type-page","status-publish","hentry"],"yoast_head":"<!-- This site is optimized with the Yoast SEO plugin v27.5 - https:\/\/yoast.com\/product\/yoast-seo-wordpress\/ -->\n<title>Fabrication de rideaux de signalisation \u00e0 leds pour autobus scolaire- INDUSTRI<\/title>\n<meta name=\"description\" content=\"Nous fabriquons des accessoires sur mesure pour les autobus scolaires, et notamment le signal V10 ou signal de transport scolaire, pour lequel nous proposons une version avec \u00e9clairage LED.\" \/>\n<meta name=\"robots\" content=\"index, follow, max-snippet:-1, max-image-preview:large, max-video-preview:-1\" \/>\n<link rel=\"canonical\" href=\"https:\/\/www.industri-sl.com\/fr\/transport\/autobus\/scolaire\/rideaux-led\/\" \/>\n<meta property=\"og:locale\" content=\"fr_FR\" \/>\n<meta property=\"og:type\" content=\"article\" \/>\n<meta property=\"og:title\" content=\"Fabrication de rideaux de signalisation \u00e0 leds pour autobus scolaire- INDUSTRI\" \/>\n<meta property=\"og:description\" content=\"Nous fabriquons des accessoires sur mesure pour les autobus scolaires, et notamment le signal V10 ou signal de transport scolaire, pour lequel nous proposons une version avec \u00e9clairage LED.\" \/>\n<meta property=\"og:url\" content=\"https:\/\/www.industri-sl.com\/fr\/transport\/autobus\/scolaire\/rideaux-led\/\" \/>\n<meta property=\"og:site_name\" content=\"Industri SL\" \/>\n<meta property=\"article:modified_time\" content=\"2025-05-22T09:41:15+00:00\" \/>\n<meta property=\"og:image\" content=\"https:\/\/www.industri-sl.com\/wp-content\/uploads\/cortina-escolar-led-1.jpg\" \/>\n<meta name=\"twitter:card\" content=\"summary_large_image\" \/>\n<meta name=\"twitter:label1\" content=\"Dur\u00e9e de lecture estim\u00e9e\" \/>\n\t<meta name=\"twitter:data1\" content=\"3 minutes\" \/>\n<script type=\"application\/ld+json\" class=\"yoast-schema-graph\">{\"@context\":\"https:\\\/\\\/schema.org\",\"@graph\":[{\"@type\":\"WebPage\",\"@id\":\"https:\\\/\\\/www.industri-sl.com\\\/fr\\\/transport\\\/autobus\\\/scolaire\\\/rideaux-led\\\/\",\"url\":\"https:\\\/\\\/www.industri-sl.com\\\/fr\\\/transport\\\/autobus\\\/scolaire\\\/rideaux-led\\\/\",\"name\":\"Fabrication de rideaux de signalisation \u00e0 leds pour autobus scolaire- INDUSTRI\",\"isPartOf\":{\"@id\":\"https:\\\/\\\/www.industri-sl.com\\\/fr\\\/#website\"},\"datePublished\":\"2019-11-13T08:38:46+00:00\",\"dateModified\":\"2025-05-22T09:41:15+00:00\",\"description\":\"Nous fabriquons des accessoires sur mesure pour les autobus scolaires, et notamment le signal V10 ou signal de transport scolaire, pour lequel nous proposons une version avec \u00e9clairage LED.\",\"breadcrumb\":{\"@id\":\"https:\\\/\\\/www.industri-sl.com\\\/fr\\\/transport\\\/autobus\\\/scolaire\\\/rideaux-led\\\/#breadcrumb\"},\"inLanguage\":\"fr-FR\",\"potentialAction\":[{\"@type\":\"ReadAction\",\"target\":[\"https:\\\/\\\/www.industri-sl.com\\\/fr\\\/transport\\\/autobus\\\/scolaire\\\/rideaux-led\\\/\"]}]},{\"@type\":\"BreadcrumbList\",\"@id\":\"https:\\\/\\\/www.industri-sl.com\\\/fr\\\/transport\\\/autobus\\\/scolaire\\\/rideaux-led\\\/#breadcrumb\",\"itemListElement\":[{\"@type\":\"ListItem\",\"position\":1,\"name\":\"Inicio\",\"item\":\"https:\\\/\\\/www.industri-sl.com\\\/fr\\\/\"},{\"@type\":\"ListItem\",\"position\":2,\"name\":\"Division Transport\",\"item\":\"https:\\\/\\\/www.industri-sl.com\\\/fr\\\/transport\\\/\"},{\"@type\":\"ListItem\",\"position\":3,\"name\":\"Fabrication sur mesure pour les autobus\",\"item\":\"https:\\\/\\\/www.industri-sl.com\\\/fr\\\/transport\\\/autobus\\\/\"},{\"@type\":\"ListItem\",\"position\":4,\"name\":\"Rideaux pour autobus scolaire\",\"item\":\"https:\\\/\\\/www.industri-sl.com\\\/fr\\\/transport\\\/autobus\\\/scolaire\\\/\"},{\"@type\":\"ListItem\",\"position\":5,\"name\":\"Rideau de signalisation \u00e0 LED pour transport scolaire\"}]},{\"@type\":\"WebSite\",\"@id\":\"https:\\\/\\\/www.industri-sl.com\\\/fr\\\/#website\",\"url\":\"https:\\\/\\\/www.industri-sl.com\\\/fr\\\/\",\"name\":\"Industri SL\",\"description\":\"\",\"publisher\":{\"@id\":\"https:\\\/\\\/www.industri-sl.com\\\/fr\\\/#organization\"},\"potentialAction\":[{\"@type\":\"SearchAction\",\"target\":{\"@type\":\"EntryPoint\",\"urlTemplate\":\"https:\\\/\\\/www.industri-sl.com\\\/fr\\\/?s={search_term_string}\"},\"query-input\":{\"@type\":\"PropertyValueSpecification\",\"valueRequired\":true,\"valueName\":\"search_term_string\"}}],\"inLanguage\":\"fr-FR\"},{\"@type\":\"Organization\",\"@id\":\"https:\\\/\\\/www.industri-sl.com\\\/fr\\\/#organization\",\"name\":\"Industri SL\",\"url\":\"https:\\\/\\\/www.industri-sl.com\\\/fr\\\/\",\"logo\":{\"@type\":\"ImageObject\",\"inLanguage\":\"fr-FR\",\"@id\":\"https:\\\/\\\/www.industri-sl.com\\\/fr\\\/#\\\/schema\\\/logo\\\/image\\\/\",\"url\":\"https:\\\/\\\/www.industri-sl.com\\\/wp-content\\\/uploads\\\/industri-logo.png\",\"contentUrl\":\"https:\\\/\\\/www.industri-sl.com\\\/wp-content\\\/uploads\\\/industri-logo.png\",\"width\":248,\"height\":45,\"caption\":\"Industri SL\"},\"image\":{\"@id\":\"https:\\\/\\\/www.industri-sl.com\\\/fr\\\/#\\\/schema\\\/logo\\\/image\\\/\"}}]}<\/script>\n<!-- \/ Yoast SEO plugin. -->","yoast_head_json":{"title":"Fabrication de rideaux de signalisation \u00e0 leds pour autobus scolaire- INDUSTRI","description":"Nous fabriquons des accessoires sur mesure pour les autobus scolaires, et notamment le signal V10 ou signal de transport scolaire, pour lequel nous proposons une version avec \u00e9clairage LED.","robots":{"index":"index","follow":"follow","max-snippet":"max-snippet:-1","max-image-preview":"max-image-preview:large","max-video-preview":"max-video-preview:-1"},"canonical":"https:\/\/www.industri-sl.com\/fr\/transport\/autobus\/scolaire\/rideaux-led\/","og_locale":"fr_FR","og_type":"article","og_title":"Fabrication de rideaux de signalisation \u00e0 leds pour autobus scolaire- INDUSTRI","og_description":"Nous fabriquons des accessoires sur mesure pour les autobus scolaires, et notamment le signal V10 ou signal de transport scolaire, pour lequel nous proposons une version avec \u00e9clairage LED.","og_url":"https:\/\/www.industri-sl.com\/fr\/transport\/autobus\/scolaire\/rideaux-led\/","og_site_name":"Industri SL","article_modified_time":"2025-05-22T09:41:15+00:00","og_image":[{"url":"https:\/\/www.industri-sl.com\/wp-content\/uploads\/cortina-escolar-led-1.jpg","type":"","width":"","height":""}],"twitter_card":"summary_large_image","twitter_misc":{"Dur\u00e9e de lecture estim\u00e9e":"3 minutes"},"schema":{"@context":"https:\/\/schema.org","@graph":[{"@type":"WebPage","@id":"https:\/\/www.industri-sl.com\/fr\/transport\/autobus\/scolaire\/rideaux-led\/","url":"https:\/\/www.industri-sl.com\/fr\/transport\/autobus\/scolaire\/rideaux-led\/","name":"Fabrication de rideaux de signalisation \u00e0 leds pour autobus scolaire- INDUSTRI","isPartOf":{"@id":"https:\/\/www.industri-sl.com\/fr\/#website"},"datePublished":"2019-11-13T08:38:46+00:00","dateModified":"2025-05-22T09:41:15+00:00","description":"Nous fabriquons des accessoires sur mesure pour les autobus scolaires, et notamment le signal V10 ou signal de transport scolaire, pour lequel nous proposons une version avec \u00e9clairage LED.","breadcrumb":{"@id":"https:\/\/www.industri-sl.com\/fr\/transport\/autobus\/scolaire\/rideaux-led\/#breadcrumb"},"inLanguage":"fr-FR","potentialAction":[{"@type":"ReadAction","target":["https:\/\/www.industri-sl.com\/fr\/transport\/autobus\/scolaire\/rideaux-led\/"]}]},{"@type":"BreadcrumbList","@id":"https:\/\/www.industri-sl.com\/fr\/transport\/autobus\/scolaire\/rideaux-led\/#breadcrumb","itemListElement":[{"@type":"ListItem","position":1,"name":"Inicio","item":"https:\/\/www.industri-sl.com\/fr\/"},{"@type":"ListItem","position":2,"name":"Division Transport","item":"https:\/\/www.industri-sl.com\/fr\/transport\/"},{"@type":"ListItem","position":3,"name":"Fabrication sur mesure pour les autobus","item":"https:\/\/www.industri-sl.com\/fr\/transport\/autobus\/"},{"@type":"ListItem","position":4,"name":"Rideaux pour autobus scolaire","item":"https:\/\/www.industri-sl.com\/fr\/transport\/autobus\/scolaire\/"},{"@type":"ListItem","position":5,"name":"Rideau de signalisation \u00e0 LED pour transport scolaire"}]},{"@type":"WebSite","@id":"https:\/\/www.industri-sl.com\/fr\/#website","url":"https:\/\/www.industri-sl.com\/fr\/","name":"Industri SL","description":"","publisher":{"@id":"https:\/\/www.industri-sl.com\/fr\/#organization"},"potentialAction":[{"@type":"SearchAction","target":{"@type":"EntryPoint","urlTemplate":"https:\/\/www.industri-sl.com\/fr\/?s={search_term_string}"},"query-input":{"@type":"PropertyValueSpecification","valueRequired":true,"valueName":"search_term_string"}}],"inLanguage":"fr-FR"},{"@type":"Organization","@id":"https:\/\/www.industri-sl.com\/fr\/#organization","name":"Industri SL","url":"https:\/\/www.industri-sl.com\/fr\/","logo":{"@type":"ImageObject","inLanguage":"fr-FR","@id":"https:\/\/www.industri-sl.com\/fr\/#\/schema\/logo\/image\/","url":"https:\/\/www.industri-sl.com\/wp-content\/uploads\/industri-logo.png","contentUrl":"https:\/\/www.industri-sl.com\/wp-content\/uploads\/industri-logo.png","width":248,"height":45,"caption":"Industri SL"},"image":{"@id":"https:\/\/www.industri-sl.com\/fr\/#\/schema\/logo\/image\/"}}]}},"_links":{"self":[{"href":"https:\/\/www.industri-sl.com\/fr\/wp-json\/wp\/v2\/pages\/9253","targetHints":{"allow":["GET"]}}],"collection":[{"href":"https:\/\/www.industri-sl.com\/fr\/wp-json\/wp\/v2\/pages"}],"about":[{"href":"https:\/\/www.industri-sl.com\/fr\/wp-json\/wp\/v2\/types\/page"}],"author":[{"embeddable":true,"href":"https:\/\/www.industri-sl.com\/fr\/wp-json\/wp\/v2\/users\/3"}],"replies":[{"embeddable":true,"href":"https:\/\/www.industri-sl.com\/fr\/wp-json\/wp\/v2\/comments?post=9253"}],"version-history":[{"count":0,"href":"https:\/\/www.industri-sl.com\/fr\/wp-json\/wp\/v2\/pages\/9253\/revisions"}],"up":[{"embeddable":true,"href":"https:\/\/www.industri-sl.com\/fr\/wp-json\/wp\/v2\/pages\/9251"}],"wp:attachment":[{"href":"https:\/\/www.industri-sl.com\/fr\/wp-json\/wp\/v2\/media?parent=9253"}],"curies":[{"name":"wp","href":"https:\/\/api.w.org\/{rel}","templated":true}]}}