{"id":9249,"date":"2019-10-01T12:38:17","date_gmt":"2019-10-01T10:38:17","guid":{"rendered":"https:\/\/www.industri-sl.com\/transport\/autobus\/accesorios\/"},"modified":"2025-05-22T11:36:25","modified_gmt":"2025-05-22T09:36:25","slug":"autres","status":"publish","type":"page","link":"https:\/\/www.industri-sl.com\/fr\/transport\/autobus\/autres\/","title":{"rendered":"Accessoires sur mesure pour autobus"},"content":{"rendered":"<h2>Fabrication d\u2019accessoires sur mesure pour autocars<\/h2>\n<p>En dehors de sa gamme \u00e9tendue de produits destin\u00e9s aux constructeurs d\u2019autobus en Espagne, INDUSTRI compl\u00e8te son catalogue en <a href=\"https:\/\/www.industri-sl.com\/fr\/ingenierie\/\">fabriquant divers accessoires<\/a> servant \u00e0 \u00e9quiper une large gamme de marques et mod\u00e8les d&rsquo;autobus.<\/p>\n<p>Si vous recherchez un produit concret qui ne figure pas dans notre catalogue, n&rsquo;h\u00e9sitez pas \u00e0 <a href=\"https:\/\/www.industri-sl.com\/fr\/contact\/\">nous consulter<\/a>.<\/p>\n<h2>Quels accessoires pour les autobus fabriquons-nous?<\/h2>\n<div><a class=\"boton gris\" href=\"#martillos\">Marteaux brise-vitre<\/a><a class=\"boton gris\" href=\"#ceniceros\">Cendriers<\/a><\/div>\n<div class=\"light-bg marcas\">\n\t<div class=\"flex\">\n\t\t<h2>nos clients<\/h2>\n\n\t<\/div>\n\n\t<div class=\"flex\">\n\t\t<div class=\"caja\">\n\t\t\t<div class=\"flex marcas-logos\">\n\t\t\t\t<div><a href=\"https:\/\/www.industri-sl.com\/fr\/transporte\/recambios\/tren\/caf\/\"><img decoding=\"async\" loading=\"lazy\" src=\"https:\/\/www.industri-sl.com\/wp-content\/themes\/industri\/img\/logo-caf.jpg\" alt=\"CAF\"><\/a><\/div>\n\t\t\t\t<div><a href=\"https:\/\/www.industri-sl.com\/fr\/transporte\/recambios\/tren\/talgo\/\"><img decoding=\"async\" loading=\"lazy\" src=\"https:\/\/www.industri-sl.com\/wp-content\/themes\/industri\/img\/logo-talgo.jpg\" alt=\"Talgo\"><\/a><\/div>\n\t\t\t\t<div><img decoding=\"async\" loading=\"lazy\" src=\"https:\/\/www.industri-sl.com\/wp-content\/themes\/industri\/img\/logo-esg-rail.jpg\" alt=\"DBESGRail\"><\/div>\n\t\t\t<\/div>\n\t\t<\/div>\n\t<\/div>\n\t<div class=\"flex\">\n\t\t<div class=\"caja\">\n\t\t\t<div class=\"flex marcas-logos\">\n\t\t\t\t<div><a href=\"https:\/\/www.industri-sl.com\/fr\/transporte\/recambios\/tren\/alstom\/\"><img decoding=\"async\" loading=\"lazy\" src=\"https:\/\/www.industri-sl.com\/wp-content\/themes\/industri\/img\/logo-alstom.jpg\" alt=\"ALSTOM\"><\/a><\/div>\n\t\t\t\t<div><img decoding=\"async\" loading=\"lazy\" src=\"https:\/\/www.industri-sl.com\/wp-content\/themes\/industri\/img\/logo-bombardier.jpg\" alt=\"Bombardier\"><\/div>\n\t\t\t\t<div><img decoding=\"async\" loading=\"lazy\" src=\"https:\/\/www.industri-sl.com\/wp-content\/themes\/industri\/img\/logo-stadler.jpg\" alt=\"Stadler\"><\/div>\n\t\t\t<\/div>\n\t\t<\/div>\n\t<\/div>\n\t<br>\n\t<a class=\"boton sin\" href=\"#formulario\">DEMANDE DE DEVIS<\/a>\n<\/div>\n\n<h2>Accessoires que nous fabriquons pour les autobus<\/h2>\n<h3 id=\"martillos\" class=\"ancla\">Marteaux brise-vitre<\/h3>\n<p><img loading=\"lazy\" decoding=\"async\" class=\"alignright wp-image-2268 size-medium\" src=\"https:\/\/www.industri-sl.com\/wp-content\/uploads\/martillo-seguridad-3-1-300x216.jpg\" alt=\"Fabrication de marteaux brise-vitre sur mesure pour autocars\" width=\"300\" height=\"216\" srcset=\"https:\/\/www.industri-sl.com\/wp-content\/uploads\/martillo-seguridad-3-1-300x216.jpg 300w, https:\/\/www.industri-sl.com\/wp-content\/uploads\/martillo-seguridad-3-1-768x552.jpg 768w, https:\/\/www.industri-sl.com\/wp-content\/uploads\/martillo-seguridad-3-1.jpg 800w\" sizes=\"auto, (max-width: 300px) 100vw, 300px\" \/>INDUSTRI met en \u0153uvre <strong>la meilleure technologie<\/strong> dans la conception et la fabrication de marteaux de secours. <\/p>\n<p>Tous les autobus et minibus doivent \u00eatre \u00e9quip\u00e9s d\u2019un ou plusieurs marteaux brise-vitre, suivant la taille du v\u00e9hicule. Ceux-ci doivent \u00eatre disponibles en cas d\u2019accident pour que les passagers puissent casser les vitres et disposer d\u2019une issue de <strong>secours alternative<\/strong>. Le marteau brise-vitre est dot\u00e9 d\u2019une pointe en acier tremp\u00e9 <strong>qui permet de casser facilement<\/strong> les vitres des issues de secours dans les cas o\u00f9 les portes resteraient bloqu\u00e9es et emp\u00eacheraient la sortie des passagers. <\/p>\n<h3 id=\"martillos\" class=\"ancla\">Cendriers<\/h3>\n<p><img loading=\"lazy\" decoding=\"async\" class=\"alignright wp-image-2352 size-medium\" src=\"https:\/\/www.industri-sl.com\/wp-content\/uploads\/cenicero-1-1-300x225.jpg\" alt=\"Fabrication de cendriers sur mesure pour autocars\" width=\"300\" height=\"225\" srcset=\"https:\/\/www.industri-sl.com\/wp-content\/uploads\/cenicero-1-1-300x225.jpg 300w, https:\/\/www.industri-sl.com\/wp-content\/uploads\/cenicero-1-1-768x576.jpg 768w, https:\/\/www.industri-sl.com\/wp-content\/uploads\/cenicero-1-1.jpg 800w\" sizes=\"auto, (max-width: 300px) 100vw, 300px\" \/><a href=\"https:\/\/www.industri-sl.com\/fr\/nous\/\">INDUSTRI fabrique tout type d\u2019accessoires<\/a> pour autobus, autocars et minibus. Les cendriers font partie des accessoires que nous fabriquons depuis longtemps pour de nombreuses marques.<\/p>\n<p>Ce type de produit est actuellement moins utilis\u00e9 en raison de l\u2019interdiction de fumer dans les v\u00e9hicules de transport mais nous pouvons le fabriquer dans les quantit\u00e9s requises, et \u00e9ventuellement aussi <strong>comme pi\u00e8ce de rechange<\/strong>.<\/p>\n<div class=\"otras-piezas\">\n<h4>Nous fabriquons aussi d\u2019autres pi\u00e8ces sur mesure:<\/h4>\n<div><a class=\"boton gris\" href=\"https:\/\/www.industri-sl.com\/fr\/transport\/autobus\/retroviseurs\/\">R\u00e9troviseurs<\/a> <a class=\"boton gris\" href=\"https:\/\/www.industri-sl.com\/fr\/transport\/autobus\/rideaux\/\">Rideaux<\/a> <a class=\"boton gris\" href=\"https:\/\/www.industri-sl.com\/fr\/transport\/autobus\/trappes-carburant\/\">Trappes \u00e0 carburant<\/a> <a class=\"boton gris\" href=\"https:\/\/www.industri-sl.com\/fr\/transport\/autobus\/charnieres\/\">Charni\u00e8res<\/a> <a class=\"boton gris\" href=\"https:\/\/www.industri-sl.com\/fr\/transport\/autobus\/enjoliveurs\/\">Enjoliveurs<\/a> <a class=\"boton gris\" href=\"https:\/\/www.industri-sl.com\/fr\/transport\/autobus\/toits-ouvrants\/\">Toits ouvrants<\/a><\/div>\n<\/div>\n","protected":false},"excerpt":{"rendered":"<p>Fabrication d\u2019accessoires sur mesure pour autocars En dehors de sa gamme \u00e9tendue de produits destin\u00e9s aux constructeurs d\u2019autobus en Espagne, INDUSTRI compl\u00e8te son catalogue en fabriquant divers accessoires servant \u00e0 \u00e9quiper une large gamme de marques et mod\u00e8les d&rsquo;autobus. Si vous recherchez un produit concret qui ne figure pas dans notre catalogue, n&rsquo;h\u00e9sitez pas \u00e0 [&hellip;]<\/p>\n","protected":false},"author":3,"featured_media":0,"parent":9247,"menu_order":0,"comment_status":"closed","ping_status":"closed","template":"page-vehiculos.php","meta":{"footnotes":""},"class_list":["post-9249","page","type-page","status-publish","hentry"],"yoast_head":"<!-- This site is optimized with the Yoast SEO plugin v27.5 - https:\/\/yoast.com\/product\/yoast-seo-wordpress\/ -->\n<title>Fabrication d\u2019accessoires sur mesure pour autobus- INDUSTRI<\/title>\n<meta name=\"description\" content=\"Nous fabriquons des accessoires sur mesure pour autocars ou minibus tels que cendriers ou marteaux brise-vitres.\" \/>\n<meta name=\"robots\" content=\"index, follow, max-snippet:-1, max-image-preview:large, max-video-preview:-1\" \/>\n<link rel=\"canonical\" href=\"https:\/\/www.industri-sl.com\/fr\/transport\/autobus\/autres\/\" \/>\n<meta property=\"og:locale\" content=\"fr_FR\" \/>\n<meta property=\"og:type\" content=\"article\" \/>\n<meta property=\"og:title\" content=\"Fabrication d\u2019accessoires sur mesure pour autobus- INDUSTRI\" \/>\n<meta property=\"og:description\" content=\"Nous fabriquons des accessoires sur mesure pour autocars ou minibus tels que cendriers ou marteaux brise-vitres.\" \/>\n<meta property=\"og:url\" content=\"https:\/\/www.industri-sl.com\/fr\/transport\/autobus\/autres\/\" \/>\n<meta property=\"og:site_name\" content=\"Industri SL\" \/>\n<meta property=\"article:modified_time\" content=\"2025-05-22T09:36:25+00:00\" \/>\n<meta property=\"og:image\" content=\"https:\/\/www.industri-sl.com\/wp-content\/uploads\/martillo-seguridad-3-1-300x216.jpg\" \/>\n<meta name=\"twitter:card\" content=\"summary_large_image\" \/>\n<meta name=\"twitter:label1\" content=\"Dur\u00e9e de lecture estim\u00e9e\" \/>\n\t<meta name=\"twitter:data1\" content=\"2 minutes\" \/>\n<script type=\"application\/ld+json\" class=\"yoast-schema-graph\">{\"@context\":\"https:\\\/\\\/schema.org\",\"@graph\":[{\"@type\":\"WebPage\",\"@id\":\"https:\\\/\\\/www.industri-sl.com\\\/fr\\\/transport\\\/autobus\\\/autres\\\/\",\"url\":\"https:\\\/\\\/www.industri-sl.com\\\/fr\\\/transport\\\/autobus\\\/autres\\\/\",\"name\":\"Fabrication d\u2019accessoires sur mesure pour autobus- INDUSTRI\",\"isPartOf\":{\"@id\":\"https:\\\/\\\/www.industri-sl.com\\\/fr\\\/#website\"},\"primaryImageOfPage\":{\"@id\":\"https:\\\/\\\/www.industri-sl.com\\\/fr\\\/transport\\\/autobus\\\/autres\\\/#primaryimage\"},\"image\":{\"@id\":\"https:\\\/\\\/www.industri-sl.com\\\/fr\\\/transport\\\/autobus\\\/autres\\\/#primaryimage\"},\"thumbnailUrl\":\"https:\\\/\\\/www.industri-sl.com\\\/wp-content\\\/uploads\\\/martillo-seguridad-3-1-300x216.jpg\",\"datePublished\":\"2019-10-01T10:38:17+00:00\",\"dateModified\":\"2025-05-22T09:36:25+00:00\",\"description\":\"Nous fabriquons des accessoires sur mesure pour autocars ou minibus tels que cendriers ou marteaux brise-vitres.\",\"breadcrumb\":{\"@id\":\"https:\\\/\\\/www.industri-sl.com\\\/fr\\\/transport\\\/autobus\\\/autres\\\/#breadcrumb\"},\"inLanguage\":\"fr-FR\",\"potentialAction\":[{\"@type\":\"ReadAction\",\"target\":[\"https:\\\/\\\/www.industri-sl.com\\\/fr\\\/transport\\\/autobus\\\/autres\\\/\"]}]},{\"@type\":\"ImageObject\",\"inLanguage\":\"fr-FR\",\"@id\":\"https:\\\/\\\/www.industri-sl.com\\\/fr\\\/transport\\\/autobus\\\/autres\\\/#primaryimage\",\"url\":\"https:\\\/\\\/www.industri-sl.com\\\/wp-content\\\/uploads\\\/martillo-seguridad-3-1-300x216.jpg\",\"contentUrl\":\"https:\\\/\\\/www.industri-sl.com\\\/wp-content\\\/uploads\\\/martillo-seguridad-3-1-300x216.jpg\"},{\"@type\":\"BreadcrumbList\",\"@id\":\"https:\\\/\\\/www.industri-sl.com\\\/fr\\\/transport\\\/autobus\\\/autres\\\/#breadcrumb\",\"itemListElement\":[{\"@type\":\"ListItem\",\"position\":1,\"name\":\"Inicio\",\"item\":\"https:\\\/\\\/www.industri-sl.com\\\/fr\\\/\"},{\"@type\":\"ListItem\",\"position\":2,\"name\":\"Division Transport\",\"item\":\"https:\\\/\\\/www.industri-sl.com\\\/fr\\\/transport\\\/\"},{\"@type\":\"ListItem\",\"position\":3,\"name\":\"Fabrication sur mesure pour les autobus\",\"item\":\"https:\\\/\\\/www.industri-sl.com\\\/fr\\\/transport\\\/autobus\\\/\"},{\"@type\":\"ListItem\",\"position\":4,\"name\":\"Accessoires sur mesure pour autobus\"}]},{\"@type\":\"WebSite\",\"@id\":\"https:\\\/\\\/www.industri-sl.com\\\/fr\\\/#website\",\"url\":\"https:\\\/\\\/www.industri-sl.com\\\/fr\\\/\",\"name\":\"Industri SL\",\"description\":\"\",\"publisher\":{\"@id\":\"https:\\\/\\\/www.industri-sl.com\\\/fr\\\/#organization\"},\"potentialAction\":[{\"@type\":\"SearchAction\",\"target\":{\"@type\":\"EntryPoint\",\"urlTemplate\":\"https:\\\/\\\/www.industri-sl.com\\\/fr\\\/?s={search_term_string}\"},\"query-input\":{\"@type\":\"PropertyValueSpecification\",\"valueRequired\":true,\"valueName\":\"search_term_string\"}}],\"inLanguage\":\"fr-FR\"},{\"@type\":\"Organization\",\"@id\":\"https:\\\/\\\/www.industri-sl.com\\\/fr\\\/#organization\",\"name\":\"Industri SL\",\"url\":\"https:\\\/\\\/www.industri-sl.com\\\/fr\\\/\",\"logo\":{\"@type\":\"ImageObject\",\"inLanguage\":\"fr-FR\",\"@id\":\"https:\\\/\\\/www.industri-sl.com\\\/fr\\\/#\\\/schema\\\/logo\\\/image\\\/\",\"url\":\"https:\\\/\\\/www.industri-sl.com\\\/wp-content\\\/uploads\\\/industri-logo.png\",\"contentUrl\":\"https:\\\/\\\/www.industri-sl.com\\\/wp-content\\\/uploads\\\/industri-logo.png\",\"width\":248,\"height\":45,\"caption\":\"Industri SL\"},\"image\":{\"@id\":\"https:\\\/\\\/www.industri-sl.com\\\/fr\\\/#\\\/schema\\\/logo\\\/image\\\/\"}}]}<\/script>\n<!-- \/ Yoast SEO plugin. -->","yoast_head_json":{"title":"Fabrication d\u2019accessoires sur mesure pour autobus- INDUSTRI","description":"Nous fabriquons des accessoires sur mesure pour autocars ou minibus tels que cendriers ou marteaux brise-vitres.","robots":{"index":"index","follow":"follow","max-snippet":"max-snippet:-1","max-image-preview":"max-image-preview:large","max-video-preview":"max-video-preview:-1"},"canonical":"https:\/\/www.industri-sl.com\/fr\/transport\/autobus\/autres\/","og_locale":"fr_FR","og_type":"article","og_title":"Fabrication d\u2019accessoires sur mesure pour autobus- INDUSTRI","og_description":"Nous fabriquons des accessoires sur mesure pour autocars ou minibus tels que cendriers ou marteaux brise-vitres.","og_url":"https:\/\/www.industri-sl.com\/fr\/transport\/autobus\/autres\/","og_site_name":"Industri SL","article_modified_time":"2025-05-22T09:36:25+00:00","og_image":[{"url":"https:\/\/www.industri-sl.com\/wp-content\/uploads\/martillo-seguridad-3-1-300x216.jpg","type":"","width":"","height":""}],"twitter_card":"summary_large_image","twitter_misc":{"Dur\u00e9e de lecture estim\u00e9e":"2 minutes"},"schema":{"@context":"https:\/\/schema.org","@graph":[{"@type":"WebPage","@id":"https:\/\/www.industri-sl.com\/fr\/transport\/autobus\/autres\/","url":"https:\/\/www.industri-sl.com\/fr\/transport\/autobus\/autres\/","name":"Fabrication d\u2019accessoires sur mesure pour autobus- INDUSTRI","isPartOf":{"@id":"https:\/\/www.industri-sl.com\/fr\/#website"},"primaryImageOfPage":{"@id":"https:\/\/www.industri-sl.com\/fr\/transport\/autobus\/autres\/#primaryimage"},"image":{"@id":"https:\/\/www.industri-sl.com\/fr\/transport\/autobus\/autres\/#primaryimage"},"thumbnailUrl":"https:\/\/www.industri-sl.com\/wp-content\/uploads\/martillo-seguridad-3-1-300x216.jpg","datePublished":"2019-10-01T10:38:17+00:00","dateModified":"2025-05-22T09:36:25+00:00","description":"Nous fabriquons des accessoires sur mesure pour autocars ou minibus tels que cendriers ou marteaux brise-vitres.","breadcrumb":{"@id":"https:\/\/www.industri-sl.com\/fr\/transport\/autobus\/autres\/#breadcrumb"},"inLanguage":"fr-FR","potentialAction":[{"@type":"ReadAction","target":["https:\/\/www.industri-sl.com\/fr\/transport\/autobus\/autres\/"]}]},{"@type":"ImageObject","inLanguage":"fr-FR","@id":"https:\/\/www.industri-sl.com\/fr\/transport\/autobus\/autres\/#primaryimage","url":"https:\/\/www.industri-sl.com\/wp-content\/uploads\/martillo-seguridad-3-1-300x216.jpg","contentUrl":"https:\/\/www.industri-sl.com\/wp-content\/uploads\/martillo-seguridad-3-1-300x216.jpg"},{"@type":"BreadcrumbList","@id":"https:\/\/www.industri-sl.com\/fr\/transport\/autobus\/autres\/#breadcrumb","itemListElement":[{"@type":"ListItem","position":1,"name":"Inicio","item":"https:\/\/www.industri-sl.com\/fr\/"},{"@type":"ListItem","position":2,"name":"Division Transport","item":"https:\/\/www.industri-sl.com\/fr\/transport\/"},{"@type":"ListItem","position":3,"name":"Fabrication sur mesure pour les autobus","item":"https:\/\/www.industri-sl.com\/fr\/transport\/autobus\/"},{"@type":"ListItem","position":4,"name":"Accessoires sur mesure pour autobus"}]},{"@type":"WebSite","@id":"https:\/\/www.industri-sl.com\/fr\/#website","url":"https:\/\/www.industri-sl.com\/fr\/","name":"Industri SL","description":"","publisher":{"@id":"https:\/\/www.industri-sl.com\/fr\/#organization"},"potentialAction":[{"@type":"SearchAction","target":{"@type":"EntryPoint","urlTemplate":"https:\/\/www.industri-sl.com\/fr\/?s={search_term_string}"},"query-input":{"@type":"PropertyValueSpecification","valueRequired":true,"valueName":"search_term_string"}}],"inLanguage":"fr-FR"},{"@type":"Organization","@id":"https:\/\/www.industri-sl.com\/fr\/#organization","name":"Industri SL","url":"https:\/\/www.industri-sl.com\/fr\/","logo":{"@type":"ImageObject","inLanguage":"fr-FR","@id":"https:\/\/www.industri-sl.com\/fr\/#\/schema\/logo\/image\/","url":"https:\/\/www.industri-sl.com\/wp-content\/uploads\/industri-logo.png","contentUrl":"https:\/\/www.industri-sl.com\/wp-content\/uploads\/industri-logo.png","width":248,"height":45,"caption":"Industri SL"},"image":{"@id":"https:\/\/www.industri-sl.com\/fr\/#\/schema\/logo\/image\/"}}]}},"_links":{"self":[{"href":"https:\/\/www.industri-sl.com\/fr\/wp-json\/wp\/v2\/pages\/9249","targetHints":{"allow":["GET"]}}],"collection":[{"href":"https:\/\/www.industri-sl.com\/fr\/wp-json\/wp\/v2\/pages"}],"about":[{"href":"https:\/\/www.industri-sl.com\/fr\/wp-json\/wp\/v2\/types\/page"}],"author":[{"embeddable":true,"href":"https:\/\/www.industri-sl.com\/fr\/wp-json\/wp\/v2\/users\/3"}],"replies":[{"embeddable":true,"href":"https:\/\/www.industri-sl.com\/fr\/wp-json\/wp\/v2\/comments?post=9249"}],"version-history":[{"count":0,"href":"https:\/\/www.industri-sl.com\/fr\/wp-json\/wp\/v2\/pages\/9249\/revisions"}],"up":[{"embeddable":true,"href":"https:\/\/www.industri-sl.com\/fr\/wp-json\/wp\/v2\/pages\/9247"}],"wp:attachment":[{"href":"https:\/\/www.industri-sl.com\/fr\/wp-json\/wp\/v2\/media?parent=9249"}],"curies":[{"name":"wp","href":"https:\/\/api.w.org\/{rel}","templated":true}]}}