{"id":9245,"date":"2019-10-03T09:48:30","date_gmt":"2019-10-03T07:48:30","guid":{"rendered":"https:\/\/www.industri-sl.com\/transport\/pieces-detachees\/train\/talgo\/emu\/"},"modified":"2020-02-04T13:07:58","modified_gmt":"2020-02-04T12:07:58","slug":"emu","status":"publish","type":"page","link":"https:\/\/www.industri-sl.com\/fr\/transport\/pieces-detachees\/train\/talgo\/emu\/","title":{"rendered":"Pi\u00e8ces de rechange pour Talgo Emu"},"content":{"rendered":"<h2>Pi\u00e8ces d\u00e9tach\u00e9es et accessoires pour le mod\u00e8le Talgo Emu<\/h2>\n<p>L\u2019un des principaux clients d\u2019INDUSTRI est Talgo, un fabricant de trains pr\u00e9sent dans le monde entier.<\/p>\n<p>Talgo fait <a href=\"https:\/\/www.industri-sl.com\/fr\/ingenierie\/\">confiance \u00e0 INDUSTRI<\/a> pour la fabrication de pi\u00e8ces d\u00e9tach\u00e9es et de rechange pour ses trains, et parmi eux le mod\u00e8le Talgo Emu. Ce train, capable de circuler jusqu\u2019\u00e0 160 km\/heure, offre la plus haute accessibilit\u00e9 du march\u00e9 gr\u00e2ce \u00e0 un plancher surbaiss\u00e9, \u00e0 hauteur du quai, qui permet aux passagers de monter et de descendre rapidement et <strong>en toute s\u00e9curit\u00e9<\/strong>.<\/p>\n<p>INDUSTRI offre <strong>des pi\u00e8ces d\u00e9tach\u00e9es en exclusivit\u00e9<\/strong> pour les Talgo Emu, comme les rideaux m\u00e9caniques ou \u00e0 division centrale.<\/p>\n<p>Tous ces \u00e9l\u00e9ments sont fabriqu\u00e9s en respectant <strong>la qualit\u00e9 et les sp\u00e9cifications exig\u00e9es<\/strong> par une marque de prestige comme Talgo.<\/p>\n<div class=\"slider-gallery-wrapper \"><div class=\"slider-gallery\"><div id=\"sliderify-carousel-1\" class=\"owl-carousel\"><div class=\"sliderify-owl-item-inner\"><img decoding=\"async\" src=\"https:\/\/www.industri-sl.com\/wp-content\/uploads\/talgo-emu-1.jpg\"><\/div><div class=\"sliderify-owl-item-inner\"><img decoding=\"async\" src=\"https:\/\/www.industri-sl.com\/wp-content\/uploads\/cortina-alstom-2-2.jpg\"><\/div><div class=\"sliderify-owl-item-inner\"><img decoding=\"async\" src=\"https:\/\/www.industri-sl.com\/wp-content\/uploads\/cortina-autofrenada-2-2.jpg\"><\/div><div class=\"sliderify-owl-item-inner\"><img decoding=\"async\" src=\"https:\/\/www.industri-sl.com\/wp-content\/uploads\/cortina-lateral-2-1.jpg\"><\/div><div class=\"sliderify-owl-item-inner\"><img decoding=\"async\" src=\"https:\/\/www.industri-sl.com\/wp-content\/uploads\/cortina-london-1-3.jpg\"><\/div><div class=\"sliderify-owl-item-inner\"><img decoding=\"async\" src=\"https:\/\/www.industri-sl.com\/wp-content\/uploads\/cortina-unica-carcasa-3-2.jpg\"><\/div><\/div><!-- .owl-carousel --><\/div><!-- .slider-gallery --><\/div><!-- .slider-gallery-wrapper --><script>\n\t\t\tjQuery(document).ready(function($){\n\t\t\t\tcarousel1 = $('#sliderify-carousel-1');\ncarousel1.imagesLoaded(function(){carousel1.owlCarousel({items:2,\nstagePadding:0,\nnav:1,\nnavText:['<span><\/span><span><\/span>','<span><\/span><span><\/span>'],\ncenter:1,\nloop:1,\nmargin:0,\nautoWidth:false,\nautoHeight:true,\nstageOuterClass:'sliderify-stage-outer',\nstageClass:'sliderify-stage',\nnavContainerClass:'sliderify-nav',\ncontrolsClass:'sliderify-controls',\ndotsClass:'sliderify-dots',\ndotClass:'sliderify-dot',\nonInitialized:function(event){\n\t\t\t\tconsole.log('init');\n\t\t\t},\n});});\n});\n\t\t\t<\/script>\n<div class=\"modelos\">\n<h4>Autres mod\u00e8les de Talgo pour lesquels nous fabriquons des pi\u00e8ces de rechange:<\/h4>\n<div class=\"flex\"><a href=\"https:\/\/www.industri-sl.com\/fr\/transport\/pieces-detachees\/train\/talgo\/avril\/\"><img loading=\"lazy\" decoding=\"async\" class=\"alignnone wp-image-3290 size-medium\" src=\"https:\/\/www.industri-sl.com\/wp-content\/uploads\/tren-talgo-avril-1-300x225.jpg\" alt=\"Pi\u00e8ces d\u00e9tach\u00e9es et accessoires pour le mod\u00e8le Talgo Avril\" width=\"300\" height=\"225\" srcset=\"https:\/\/www.industri-sl.com\/wp-content\/uploads\/tren-talgo-avril-1-300x225.jpg 300w, https:\/\/www.industri-sl.com\/wp-content\/uploads\/tren-talgo-avril-1-768x576.jpg 768w, https:\/\/www.industri-sl.com\/wp-content\/uploads\/tren-talgo-avril-1.jpg 800w\" sizes=\"auto, (max-width: 300px) 100vw, 300px\" \/><br \/>\nTalgo Avril<\/a><\/div>\n<\/div>\n","protected":false},"excerpt":{"rendered":"<p>Pi\u00e8ces d\u00e9tach\u00e9es et accessoires pour le mod\u00e8le Talgo Emu L\u2019un des principaux clients d\u2019INDUSTRI est Talgo, un fabricant de trains pr\u00e9sent dans le monde entier. Talgo fait confiance \u00e0 INDUSTRI pour la fabrication de pi\u00e8ces d\u00e9tach\u00e9es et de rechange pour ses trains, et parmi eux le mod\u00e8le Talgo Emu. Ce train, capable de circuler jusqu\u2019\u00e0 [&hellip;]<\/p>\n","protected":false},"author":3,"featured_media":0,"parent":9241,"menu_order":0,"comment_status":"closed","ping_status":"closed","template":"page-vehiculos.php","meta":{"footnotes":""},"class_list":["post-9245","page","type-page","status-publish","hentry"],"yoast_head":"<!-- This site is optimized with the Yoast SEO plugin v27.5 - https:\/\/yoast.com\/product\/yoast-seo-wordpress\/ -->\n<title>Pi\u00e8ces de rechange et accessoires pour trains Talgo Emu - INDUSTRI<\/title>\n<meta name=\"description\" content=\"INDUSTRI fabrique des pi\u00e8ces d\u00e9tach\u00e9es et de rechange en exclusivit\u00e9 pour les trains Talgo Emu, depuis des r\u00e9troviseurs jusqu\u2019\u00e0 tout type de rideaux, m\u00e9caniques ou \u00e9lectriques, entre autres.\" \/>\n<meta name=\"robots\" content=\"index, follow, max-snippet:-1, max-image-preview:large, max-video-preview:-1\" \/>\n<link rel=\"canonical\" href=\"https:\/\/www.industri-sl.com\/fr\/transport\/pieces-detachees\/train\/talgo\/emu\/\" \/>\n<meta property=\"og:locale\" content=\"fr_FR\" \/>\n<meta property=\"og:type\" content=\"article\" \/>\n<meta property=\"og:title\" content=\"Pi\u00e8ces de rechange et accessoires pour trains Talgo Emu - INDUSTRI\" \/>\n<meta property=\"og:description\" content=\"INDUSTRI fabrique des pi\u00e8ces d\u00e9tach\u00e9es et de rechange en exclusivit\u00e9 pour les trains Talgo Emu, depuis des r\u00e9troviseurs jusqu\u2019\u00e0 tout type de rideaux, m\u00e9caniques ou \u00e9lectriques, entre autres.\" \/>\n<meta property=\"og:url\" content=\"https:\/\/www.industri-sl.com\/fr\/transport\/pieces-detachees\/train\/talgo\/emu\/\" \/>\n<meta property=\"og:site_name\" content=\"Industri SL\" \/>\n<meta property=\"article:modified_time\" content=\"2020-02-04T12:07:58+00:00\" \/>\n<meta property=\"og:image\" content=\"https:\/\/www.industri-sl.com\/wp-content\/uploads\/talgo-emu-1.jpg\" \/>\n<meta name=\"twitter:card\" content=\"summary_large_image\" \/>\n<meta name=\"twitter:label1\" content=\"Dur\u00e9e de lecture estim\u00e9e\" \/>\n\t<meta name=\"twitter:data1\" content=\"1 minute\" \/>\n<script type=\"application\/ld+json\" class=\"yoast-schema-graph\">{\"@context\":\"https:\\\/\\\/schema.org\",\"@graph\":[{\"@type\":\"WebPage\",\"@id\":\"https:\\\/\\\/www.industri-sl.com\\\/fr\\\/transport\\\/pieces-detachees\\\/train\\\/talgo\\\/emu\\\/\",\"url\":\"https:\\\/\\\/www.industri-sl.com\\\/fr\\\/transport\\\/pieces-detachees\\\/train\\\/talgo\\\/emu\\\/\",\"name\":\"Pi\u00e8ces de rechange et accessoires pour trains Talgo Emu - INDUSTRI\",\"isPartOf\":{\"@id\":\"https:\\\/\\\/www.industri-sl.com\\\/fr\\\/#website\"},\"primaryImageOfPage\":{\"@id\":\"https:\\\/\\\/www.industri-sl.com\\\/fr\\\/transport\\\/pieces-detachees\\\/train\\\/talgo\\\/emu\\\/#primaryimage\"},\"image\":{\"@id\":\"https:\\\/\\\/www.industri-sl.com\\\/fr\\\/transport\\\/pieces-detachees\\\/train\\\/talgo\\\/emu\\\/#primaryimage\"},\"thumbnailUrl\":\"https:\\\/\\\/www.industri-sl.com\\\/wp-content\\\/uploads\\\/tren-talgo-avril-1-300x225.jpg\",\"datePublished\":\"2019-10-03T07:48:30+00:00\",\"dateModified\":\"2020-02-04T12:07:58+00:00\",\"description\":\"INDUSTRI fabrique des pi\u00e8ces d\u00e9tach\u00e9es et de rechange en exclusivit\u00e9 pour les trains Talgo Emu, depuis des r\u00e9troviseurs jusqu\u2019\u00e0 tout type de rideaux, m\u00e9caniques ou \u00e9lectriques, entre autres.\",\"breadcrumb\":{\"@id\":\"https:\\\/\\\/www.industri-sl.com\\\/fr\\\/transport\\\/pieces-detachees\\\/train\\\/talgo\\\/emu\\\/#breadcrumb\"},\"inLanguage\":\"fr-FR\",\"potentialAction\":[{\"@type\":\"ReadAction\",\"target\":[\"https:\\\/\\\/www.industri-sl.com\\\/fr\\\/transport\\\/pieces-detachees\\\/train\\\/talgo\\\/emu\\\/\"]}]},{\"@type\":\"ImageObject\",\"inLanguage\":\"fr-FR\",\"@id\":\"https:\\\/\\\/www.industri-sl.com\\\/fr\\\/transport\\\/pieces-detachees\\\/train\\\/talgo\\\/emu\\\/#primaryimage\",\"url\":\"https:\\\/\\\/www.industri-sl.com\\\/wp-content\\\/uploads\\\/tren-talgo-avril-1-300x225.jpg\",\"contentUrl\":\"https:\\\/\\\/www.industri-sl.com\\\/wp-content\\\/uploads\\\/tren-talgo-avril-1-300x225.jpg\"},{\"@type\":\"BreadcrumbList\",\"@id\":\"https:\\\/\\\/www.industri-sl.com\\\/fr\\\/transport\\\/pieces-detachees\\\/train\\\/talgo\\\/emu\\\/#breadcrumb\",\"itemListElement\":[{\"@type\":\"ListItem\",\"position\":1,\"name\":\"Inicio\",\"item\":\"https:\\\/\\\/www.industri-sl.com\\\/fr\\\/\"},{\"@type\":\"ListItem\",\"position\":2,\"name\":\"Division Transport\",\"item\":\"https:\\\/\\\/www.industri-sl.com\\\/fr\\\/transport\\\/\"},{\"@type\":\"ListItem\",\"position\":3,\"name\":\"Catalogue de pi\u00e8ces d\u00e9tach\u00e9es\",\"item\":\"https:\\\/\\\/www.industri-sl.com\\\/fr\\\/transport\\\/pieces-detachees\\\/\"},{\"@type\":\"ListItem\",\"position\":4,\"name\":\"Pi\u00e8ces de rechange et accessoires pour les trains\",\"item\":\"https:\\\/\\\/www.industri-sl.com\\\/fr\\\/transport\\\/pieces-detachees\\\/train\\\/\"},{\"@type\":\"ListItem\",\"position\":5,\"name\":\"Pi\u00e8ces de rechange pour trains Talgo\",\"item\":\"https:\\\/\\\/www.industri-sl.com\\\/fr\\\/transport\\\/pieces-detachees\\\/train\\\/talgo\\\/\"},{\"@type\":\"ListItem\",\"position\":6,\"name\":\"Pi\u00e8ces de rechange pour Talgo Emu\"}]},{\"@type\":\"WebSite\",\"@id\":\"https:\\\/\\\/www.industri-sl.com\\\/fr\\\/#website\",\"url\":\"https:\\\/\\\/www.industri-sl.com\\\/fr\\\/\",\"name\":\"Industri SL\",\"description\":\"\",\"publisher\":{\"@id\":\"https:\\\/\\\/www.industri-sl.com\\\/fr\\\/#organization\"},\"potentialAction\":[{\"@type\":\"SearchAction\",\"target\":{\"@type\":\"EntryPoint\",\"urlTemplate\":\"https:\\\/\\\/www.industri-sl.com\\\/fr\\\/?s={search_term_string}\"},\"query-input\":{\"@type\":\"PropertyValueSpecification\",\"valueRequired\":true,\"valueName\":\"search_term_string\"}}],\"inLanguage\":\"fr-FR\"},{\"@type\":\"Organization\",\"@id\":\"https:\\\/\\\/www.industri-sl.com\\\/fr\\\/#organization\",\"name\":\"Industri SL\",\"url\":\"https:\\\/\\\/www.industri-sl.com\\\/fr\\\/\",\"logo\":{\"@type\":\"ImageObject\",\"inLanguage\":\"fr-FR\",\"@id\":\"https:\\\/\\\/www.industri-sl.com\\\/fr\\\/#\\\/schema\\\/logo\\\/image\\\/\",\"url\":\"https:\\\/\\\/www.industri-sl.com\\\/wp-content\\\/uploads\\\/industri-logo.png\",\"contentUrl\":\"https:\\\/\\\/www.industri-sl.com\\\/wp-content\\\/uploads\\\/industri-logo.png\",\"width\":248,\"height\":45,\"caption\":\"Industri SL\"},\"image\":{\"@id\":\"https:\\\/\\\/www.industri-sl.com\\\/fr\\\/#\\\/schema\\\/logo\\\/image\\\/\"}}]}<\/script>\n<!-- \/ Yoast SEO plugin. -->","yoast_head_json":{"title":"Pi\u00e8ces de rechange et accessoires pour trains Talgo Emu - INDUSTRI","description":"INDUSTRI fabrique des pi\u00e8ces d\u00e9tach\u00e9es et de rechange en exclusivit\u00e9 pour les trains Talgo Emu, depuis des r\u00e9troviseurs jusqu\u2019\u00e0 tout type de rideaux, m\u00e9caniques ou \u00e9lectriques, entre autres.","robots":{"index":"index","follow":"follow","max-snippet":"max-snippet:-1","max-image-preview":"max-image-preview:large","max-video-preview":"max-video-preview:-1"},"canonical":"https:\/\/www.industri-sl.com\/fr\/transport\/pieces-detachees\/train\/talgo\/emu\/","og_locale":"fr_FR","og_type":"article","og_title":"Pi\u00e8ces de rechange et accessoires pour trains Talgo Emu - INDUSTRI","og_description":"INDUSTRI fabrique des pi\u00e8ces d\u00e9tach\u00e9es et de rechange en exclusivit\u00e9 pour les trains Talgo Emu, depuis des r\u00e9troviseurs jusqu\u2019\u00e0 tout type de rideaux, m\u00e9caniques ou \u00e9lectriques, entre autres.","og_url":"https:\/\/www.industri-sl.com\/fr\/transport\/pieces-detachees\/train\/talgo\/emu\/","og_site_name":"Industri SL","article_modified_time":"2020-02-04T12:07:58+00:00","og_image":[{"url":"https:\/\/www.industri-sl.com\/wp-content\/uploads\/talgo-emu-1.jpg","type":"","width":"","height":""}],"twitter_card":"summary_large_image","twitter_misc":{"Dur\u00e9e de lecture estim\u00e9e":"1 minute"},"schema":{"@context":"https:\/\/schema.org","@graph":[{"@type":"WebPage","@id":"https:\/\/www.industri-sl.com\/fr\/transport\/pieces-detachees\/train\/talgo\/emu\/","url":"https:\/\/www.industri-sl.com\/fr\/transport\/pieces-detachees\/train\/talgo\/emu\/","name":"Pi\u00e8ces de rechange et accessoires pour trains Talgo Emu - INDUSTRI","isPartOf":{"@id":"https:\/\/www.industri-sl.com\/fr\/#website"},"primaryImageOfPage":{"@id":"https:\/\/www.industri-sl.com\/fr\/transport\/pieces-detachees\/train\/talgo\/emu\/#primaryimage"},"image":{"@id":"https:\/\/www.industri-sl.com\/fr\/transport\/pieces-detachees\/train\/talgo\/emu\/#primaryimage"},"thumbnailUrl":"https:\/\/www.industri-sl.com\/wp-content\/uploads\/tren-talgo-avril-1-300x225.jpg","datePublished":"2019-10-03T07:48:30+00:00","dateModified":"2020-02-04T12:07:58+00:00","description":"INDUSTRI fabrique des pi\u00e8ces d\u00e9tach\u00e9es et de rechange en exclusivit\u00e9 pour les trains Talgo Emu, depuis des r\u00e9troviseurs jusqu\u2019\u00e0 tout type de rideaux, m\u00e9caniques ou \u00e9lectriques, entre autres.","breadcrumb":{"@id":"https:\/\/www.industri-sl.com\/fr\/transport\/pieces-detachees\/train\/talgo\/emu\/#breadcrumb"},"inLanguage":"fr-FR","potentialAction":[{"@type":"ReadAction","target":["https:\/\/www.industri-sl.com\/fr\/transport\/pieces-detachees\/train\/talgo\/emu\/"]}]},{"@type":"ImageObject","inLanguage":"fr-FR","@id":"https:\/\/www.industri-sl.com\/fr\/transport\/pieces-detachees\/train\/talgo\/emu\/#primaryimage","url":"https:\/\/www.industri-sl.com\/wp-content\/uploads\/tren-talgo-avril-1-300x225.jpg","contentUrl":"https:\/\/www.industri-sl.com\/wp-content\/uploads\/tren-talgo-avril-1-300x225.jpg"},{"@type":"BreadcrumbList","@id":"https:\/\/www.industri-sl.com\/fr\/transport\/pieces-detachees\/train\/talgo\/emu\/#breadcrumb","itemListElement":[{"@type":"ListItem","position":1,"name":"Inicio","item":"https:\/\/www.industri-sl.com\/fr\/"},{"@type":"ListItem","position":2,"name":"Division Transport","item":"https:\/\/www.industri-sl.com\/fr\/transport\/"},{"@type":"ListItem","position":3,"name":"Catalogue de pi\u00e8ces d\u00e9tach\u00e9es","item":"https:\/\/www.industri-sl.com\/fr\/transport\/pieces-detachees\/"},{"@type":"ListItem","position":4,"name":"Pi\u00e8ces de rechange et accessoires pour les trains","item":"https:\/\/www.industri-sl.com\/fr\/transport\/pieces-detachees\/train\/"},{"@type":"ListItem","position":5,"name":"Pi\u00e8ces de rechange pour trains Talgo","item":"https:\/\/www.industri-sl.com\/fr\/transport\/pieces-detachees\/train\/talgo\/"},{"@type":"ListItem","position":6,"name":"Pi\u00e8ces de rechange pour Talgo Emu"}]},{"@type":"WebSite","@id":"https:\/\/www.industri-sl.com\/fr\/#website","url":"https:\/\/www.industri-sl.com\/fr\/","name":"Industri SL","description":"","publisher":{"@id":"https:\/\/www.industri-sl.com\/fr\/#organization"},"potentialAction":[{"@type":"SearchAction","target":{"@type":"EntryPoint","urlTemplate":"https:\/\/www.industri-sl.com\/fr\/?s={search_term_string}"},"query-input":{"@type":"PropertyValueSpecification","valueRequired":true,"valueName":"search_term_string"}}],"inLanguage":"fr-FR"},{"@type":"Organization","@id":"https:\/\/www.industri-sl.com\/fr\/#organization","name":"Industri SL","url":"https:\/\/www.industri-sl.com\/fr\/","logo":{"@type":"ImageObject","inLanguage":"fr-FR","@id":"https:\/\/www.industri-sl.com\/fr\/#\/schema\/logo\/image\/","url":"https:\/\/www.industri-sl.com\/wp-content\/uploads\/industri-logo.png","contentUrl":"https:\/\/www.industri-sl.com\/wp-content\/uploads\/industri-logo.png","width":248,"height":45,"caption":"Industri SL"},"image":{"@id":"https:\/\/www.industri-sl.com\/fr\/#\/schema\/logo\/image\/"}}]}},"_links":{"self":[{"href":"https:\/\/www.industri-sl.com\/fr\/wp-json\/wp\/v2\/pages\/9245","targetHints":{"allow":["GET"]}}],"collection":[{"href":"https:\/\/www.industri-sl.com\/fr\/wp-json\/wp\/v2\/pages"}],"about":[{"href":"https:\/\/www.industri-sl.com\/fr\/wp-json\/wp\/v2\/types\/page"}],"author":[{"embeddable":true,"href":"https:\/\/www.industri-sl.com\/fr\/wp-json\/wp\/v2\/users\/3"}],"replies":[{"embeddable":true,"href":"https:\/\/www.industri-sl.com\/fr\/wp-json\/wp\/v2\/comments?post=9245"}],"version-history":[{"count":0,"href":"https:\/\/www.industri-sl.com\/fr\/wp-json\/wp\/v2\/pages\/9245\/revisions"}],"up":[{"embeddable":true,"href":"https:\/\/www.industri-sl.com\/fr\/wp-json\/wp\/v2\/pages\/9241"}],"wp:attachment":[{"href":"https:\/\/www.industri-sl.com\/fr\/wp-json\/wp\/v2\/media?parent=9245"}],"curies":[{"name":"wp","href":"https:\/\/api.w.org\/{rel}","templated":true}]}}