{"id":9241,"date":"2019-10-03T09:34:58","date_gmt":"2019-10-03T07:34:58","guid":{"rendered":"https:\/\/www.industri-sl.com\/transport\/pieces-detachees\/train\/talgo\/"},"modified":"2020-02-04T13:29:36","modified_gmt":"2020-02-04T12:29:36","slug":"talgo","status":"publish","type":"page","link":"https:\/\/www.industri-sl.com\/fr\/transport\/pieces-detachees\/train\/talgo\/","title":{"rendered":"Pi\u00e8ces de rechange pour trains Talgo"},"content":{"rendered":"<h2>Catalogue de pi\u00e8ces d\u00e9tach\u00e9es pour trains Talgo<\/h2>\n<p><img loading=\"lazy\" decoding=\"async\" class=\"size-medium wp-image-65 alignright\" src=\"https:\/\/www.industri-sl.com\/wp-content\/uploads\/logo-talgo-300x135.png\" alt=\"Pi\u00e8ces d\u00e9tach\u00e9es pour trains Talgo\" width=\"300\" height=\"135\" srcset=\"https:\/\/www.industri-sl.com\/wp-content\/uploads\/logo-talgo-300x135.png 300w, https:\/\/www.industri-sl.com\/wp-content\/uploads\/logo-talgo.png 620w\" sizes=\"auto, (max-width: 300px) 100vw, 300px\" \/>Talgo est l\u2019un des principaux clients d\u2019INDUSTRI, pour qui elle fabrique des pi\u00e8ces en exclusivit\u00e9. Patentes Talgo S.L. a pour activit\u00e9 la fabrication de <strong>mat\u00e9riel roulant ferroviaire<\/strong>, de mat\u00e9riel d\u2019entretien et de diverses applications pour la modification de l\u2019\u00e9cartement des rails.<\/p>\n<p>La soci\u00e9t\u00e9 offre \u00e9galement des services de maintenance complets, adapt\u00e9s \u00e0 chaque client. Sa technologie propre et innovante lui permet d\u2019obtenir pour ses produits les plus hauts standards de qualit\u00e9, disponibilit\u00e9 et <strong>respect de l&rsquo;environnement<\/strong>, en la maintenant \u00e0 la t\u00eate de la technologie ferroviaire. <\/p>\n<p><a class=\"boton\" href=\"#modelos\">Pour quels mod\u00e8les de Talgo fabriquons-nous?<\/a><\/p>\n<div class=\"slider-gallery-wrapper \"><div class=\"slider-gallery\"><div id=\"sliderify-carousel-1\" class=\"owl-carousel\"><div class=\"sliderify-owl-item-inner\"><img decoding=\"async\" src=\"https:\/\/www.industri-sl.com\/wp-content\/uploads\/con-division-central-1-3.jpg\"><\/div><div class=\"sliderify-owl-item-inner\"><img decoding=\"async\" src=\"https:\/\/www.industri-sl.com\/wp-content\/uploads\/cortina-lateral-1-1.jpg\"><\/div><div class=\"sliderify-owl-item-inner\"><img decoding=\"async\" src=\"https:\/\/www.industri-sl.com\/wp-content\/uploads\/cortina-lateral-2-1.jpg\"><\/div><div class=\"sliderify-owl-item-inner\"><img decoding=\"async\" src=\"https:\/\/www.industri-sl.com\/wp-content\/uploads\/cortina-autofrenada-1-2.jpg\"><\/div><div class=\"sliderify-owl-item-inner\"><img decoding=\"async\" src=\"https:\/\/www.industri-sl.com\/wp-content\/uploads\/cortina-unica-carcasa-3-2.jpg\"><\/div><\/div><!-- .owl-carousel --><\/div><!-- .slider-gallery --><\/div><!-- .slider-gallery-wrapper --><script>\n\t\t\tjQuery(document).ready(function($){\n\t\t\t\tcarousel1 = $('#sliderify-carousel-1');\ncarousel1.imagesLoaded(function(){carousel1.owlCarousel({items:2,\nstagePadding:0,\nnav:1,\nnavText:['<span><\/span><span><\/span>','<span><\/span><span><\/span>'],\ncenter:1,\nloop:1,\nmargin:0,\nautoWidth:false,\nautoHeight:true,\nstageOuterClass:'sliderify-stage-outer',\nstageClass:'sliderify-stage',\nnavContainerClass:'sliderify-nav',\ncontrolsClass:'sliderify-controls',\ndotsClass:'sliderify-dots',\ndotClass:'sliderify-dot',\nonInitialized:function(event){\n\t\t\t\tconsole.log('init');\n\t\t\t},\n});});\n});\n\t\t\t<\/script>\n<p><iframe loading=\"lazy\" src=\"https:\/\/www.youtube.com\/embed\/U4flH7DpbI4?rel=0\" width=\"400\" height=\"225\" frameborder=\"0\" allowfullscreen=\"allowfullscreen\"><\/iframe><\/p>\n<div class=\"modelos\">\n<h4 id=\"modelos\" class=\"ancla\">Mod\u00e8les de Talgo pour lesquels nous fabriquons des pi\u00e8ces de rechange:<\/h4>\n<div class=\"flex\">\n<a href=\"https:\/\/www.industri-sl.com\/fr\/transport\/pieces-detachees\/train\/talgo\/avril\/\"><img loading=\"lazy\" decoding=\"async\" class=\"alignnone wp-image-3290 size-medium\" src=\"https:\/\/www.industri-sl.com\/wp-content\/uploads\/tren-talgo-avril-1-300x225.jpg\" alt=\"Pi\u00e8ces d\u00e9tach\u00e9es pour trains Talgo Avril\" width=\"300\" height=\"225\" srcset=\"https:\/\/www.industri-sl.com\/wp-content\/uploads\/tren-talgo-avril-1-300x225.jpg 300w, https:\/\/www.industri-sl.com\/wp-content\/uploads\/tren-talgo-avril-1-768x576.jpg 768w, https:\/\/www.industri-sl.com\/wp-content\/uploads\/tren-talgo-avril-1.jpg 800w\" sizes=\"auto, (max-width: 300px) 100vw, 300px\" \/><br \/>\n<span>Talgo Avril<\/span><\/a><br \/>\n<a href=\"https:\/\/www.industri-sl.com\/fr\/transport\/pieces-detachees\/train\/talgo\/emu\/\"><img loading=\"lazy\" decoding=\"async\" class=\"alignnone wp-image-3290 size-medium\" src=\"https:\/\/www.industri-sl.com\/wp-content\/uploads\/talgo-emu-1-300x216.jpg\" alt=\"Pi\u00e8ces d\u00e9tach\u00e9es pour trains Talgo Emu\" width=\"300\" height=\"216\"  \/><br \/>\n<span>Talgo Emu<\/span><\/a>\n<\/div>\n<\/div>\n","protected":false},"excerpt":{"rendered":"<p>Catalogue de pi\u00e8ces d\u00e9tach\u00e9es pour trains Talgo Talgo est l\u2019un des principaux clients d\u2019INDUSTRI, pour qui elle fabrique des pi\u00e8ces en exclusivit\u00e9. Patentes Talgo S.L. a pour activit\u00e9 la fabrication de mat\u00e9riel roulant ferroviaire, de mat\u00e9riel d\u2019entretien et de diverses applications pour la modification de l\u2019\u00e9cartement des rails. La soci\u00e9t\u00e9 offre \u00e9galement des services de [&hellip;]<\/p>\n","protected":false},"author":3,"featured_media":0,"parent":9231,"menu_order":0,"comment_status":"closed","ping_status":"closed","template":"page-vehiculos.php","meta":{"footnotes":""},"class_list":["post-9241","page","type-page","status-publish","hentry"],"yoast_head":"<!-- This site is optimized with the Yoast SEO plugin v27.5 - https:\/\/yoast.com\/product\/yoast-seo-wordpress\/ -->\n<title>Pi\u00e8ces de rechange et accessoires pour trains Talgo - INDUSTRI<\/title>\n<meta name=\"description\" content=\"INDUSTRI fabrique des pi\u00e8ces d\u00e9tach\u00e9es et de rechange en exclusivit\u00e9 pour les trains Talgo, depuis des r\u00e9troviseurs jusqu\u2019\u00e0 tout type de rideaux (\u00e9lectriques, m\u00e9caniques ou pantographes).\" \/>\n<meta name=\"robots\" content=\"index, follow, max-snippet:-1, max-image-preview:large, max-video-preview:-1\" \/>\n<link rel=\"canonical\" href=\"https:\/\/www.industri-sl.com\/fr\/transport\/pieces-detachees\/train\/talgo\/\" \/>\n<meta property=\"og:locale\" content=\"fr_FR\" \/>\n<meta property=\"og:type\" content=\"article\" \/>\n<meta property=\"og:title\" content=\"Pi\u00e8ces de rechange et accessoires pour trains Talgo - INDUSTRI\" \/>\n<meta property=\"og:description\" content=\"INDUSTRI fabrique des pi\u00e8ces d\u00e9tach\u00e9es et de rechange en exclusivit\u00e9 pour les trains Talgo, depuis des r\u00e9troviseurs jusqu\u2019\u00e0 tout type de rideaux (\u00e9lectriques, m\u00e9caniques ou pantographes).\" \/>\n<meta property=\"og:url\" content=\"https:\/\/www.industri-sl.com\/fr\/transport\/pieces-detachees\/train\/talgo\/\" \/>\n<meta property=\"og:site_name\" content=\"Industri SL\" \/>\n<meta property=\"article:modified_time\" content=\"2020-02-04T12:29:36+00:00\" \/>\n<meta property=\"og:image\" content=\"https:\/\/www.industri-sl.com\/wp-content\/uploads\/con-division-central-1-3.jpg\" \/>\n<meta name=\"twitter:card\" content=\"summary_large_image\" \/>\n<meta name=\"twitter:label1\" content=\"Dur\u00e9e de lecture estim\u00e9e\" \/>\n\t<meta name=\"twitter:data1\" content=\"1 minute\" \/>\n<script type=\"application\/ld+json\" class=\"yoast-schema-graph\">{\"@context\":\"https:\\\/\\\/schema.org\",\"@graph\":[{\"@type\":\"WebPage\",\"@id\":\"https:\\\/\\\/www.industri-sl.com\\\/fr\\\/transport\\\/pieces-detachees\\\/train\\\/talgo\\\/\",\"url\":\"https:\\\/\\\/www.industri-sl.com\\\/fr\\\/transport\\\/pieces-detachees\\\/train\\\/talgo\\\/\",\"name\":\"Pi\u00e8ces de rechange et accessoires pour trains Talgo - INDUSTRI\",\"isPartOf\":{\"@id\":\"https:\\\/\\\/www.industri-sl.com\\\/fr\\\/#website\"},\"primaryImageOfPage\":{\"@id\":\"https:\\\/\\\/www.industri-sl.com\\\/fr\\\/transport\\\/pieces-detachees\\\/train\\\/talgo\\\/#primaryimage\"},\"image\":{\"@id\":\"https:\\\/\\\/www.industri-sl.com\\\/fr\\\/transport\\\/pieces-detachees\\\/train\\\/talgo\\\/#primaryimage\"},\"thumbnailUrl\":\"https:\\\/\\\/www.industri-sl.com\\\/wp-content\\\/uploads\\\/logo-talgo-300x135.png\",\"datePublished\":\"2019-10-03T07:34:58+00:00\",\"dateModified\":\"2020-02-04T12:29:36+00:00\",\"description\":\"INDUSTRI fabrique des pi\u00e8ces d\u00e9tach\u00e9es et de rechange en exclusivit\u00e9 pour les trains Talgo, depuis des r\u00e9troviseurs jusqu\u2019\u00e0 tout type de rideaux (\u00e9lectriques, m\u00e9caniques ou pantographes).\",\"breadcrumb\":{\"@id\":\"https:\\\/\\\/www.industri-sl.com\\\/fr\\\/transport\\\/pieces-detachees\\\/train\\\/talgo\\\/#breadcrumb\"},\"inLanguage\":\"fr-FR\",\"potentialAction\":[{\"@type\":\"ReadAction\",\"target\":[\"https:\\\/\\\/www.industri-sl.com\\\/fr\\\/transport\\\/pieces-detachees\\\/train\\\/talgo\\\/\"]}]},{\"@type\":\"ImageObject\",\"inLanguage\":\"fr-FR\",\"@id\":\"https:\\\/\\\/www.industri-sl.com\\\/fr\\\/transport\\\/pieces-detachees\\\/train\\\/talgo\\\/#primaryimage\",\"url\":\"https:\\\/\\\/www.industri-sl.com\\\/wp-content\\\/uploads\\\/logo-talgo-300x135.png\",\"contentUrl\":\"https:\\\/\\\/www.industri-sl.com\\\/wp-content\\\/uploads\\\/logo-talgo-300x135.png\"},{\"@type\":\"BreadcrumbList\",\"@id\":\"https:\\\/\\\/www.industri-sl.com\\\/fr\\\/transport\\\/pieces-detachees\\\/train\\\/talgo\\\/#breadcrumb\",\"itemListElement\":[{\"@type\":\"ListItem\",\"position\":1,\"name\":\"Inicio\",\"item\":\"https:\\\/\\\/www.industri-sl.com\\\/fr\\\/\"},{\"@type\":\"ListItem\",\"position\":2,\"name\":\"Division Transport\",\"item\":\"https:\\\/\\\/www.industri-sl.com\\\/fr\\\/transport\\\/\"},{\"@type\":\"ListItem\",\"position\":3,\"name\":\"Catalogue de pi\u00e8ces d\u00e9tach\u00e9es\",\"item\":\"https:\\\/\\\/www.industri-sl.com\\\/fr\\\/transport\\\/pieces-detachees\\\/\"},{\"@type\":\"ListItem\",\"position\":4,\"name\":\"Pi\u00e8ces de rechange et accessoires pour les trains\",\"item\":\"https:\\\/\\\/www.industri-sl.com\\\/fr\\\/transport\\\/pieces-detachees\\\/train\\\/\"},{\"@type\":\"ListItem\",\"position\":5,\"name\":\"Pi\u00e8ces de rechange pour trains Talgo\"}]},{\"@type\":\"WebSite\",\"@id\":\"https:\\\/\\\/www.industri-sl.com\\\/fr\\\/#website\",\"url\":\"https:\\\/\\\/www.industri-sl.com\\\/fr\\\/\",\"name\":\"Industri SL\",\"description\":\"\",\"publisher\":{\"@id\":\"https:\\\/\\\/www.industri-sl.com\\\/fr\\\/#organization\"},\"potentialAction\":[{\"@type\":\"SearchAction\",\"target\":{\"@type\":\"EntryPoint\",\"urlTemplate\":\"https:\\\/\\\/www.industri-sl.com\\\/fr\\\/?s={search_term_string}\"},\"query-input\":{\"@type\":\"PropertyValueSpecification\",\"valueRequired\":true,\"valueName\":\"search_term_string\"}}],\"inLanguage\":\"fr-FR\"},{\"@type\":\"Organization\",\"@id\":\"https:\\\/\\\/www.industri-sl.com\\\/fr\\\/#organization\",\"name\":\"Industri SL\",\"url\":\"https:\\\/\\\/www.industri-sl.com\\\/fr\\\/\",\"logo\":{\"@type\":\"ImageObject\",\"inLanguage\":\"fr-FR\",\"@id\":\"https:\\\/\\\/www.industri-sl.com\\\/fr\\\/#\\\/schema\\\/logo\\\/image\\\/\",\"url\":\"https:\\\/\\\/www.industri-sl.com\\\/wp-content\\\/uploads\\\/industri-logo.png\",\"contentUrl\":\"https:\\\/\\\/www.industri-sl.com\\\/wp-content\\\/uploads\\\/industri-logo.png\",\"width\":248,\"height\":45,\"caption\":\"Industri SL\"},\"image\":{\"@id\":\"https:\\\/\\\/www.industri-sl.com\\\/fr\\\/#\\\/schema\\\/logo\\\/image\\\/\"}}]}<\/script>\n<!-- \/ Yoast SEO plugin. -->","yoast_head_json":{"title":"Pi\u00e8ces de rechange et accessoires pour trains Talgo - INDUSTRI","description":"INDUSTRI fabrique des pi\u00e8ces d\u00e9tach\u00e9es et de rechange en exclusivit\u00e9 pour les trains Talgo, depuis des r\u00e9troviseurs jusqu\u2019\u00e0 tout type de rideaux (\u00e9lectriques, m\u00e9caniques ou pantographes).","robots":{"index":"index","follow":"follow","max-snippet":"max-snippet:-1","max-image-preview":"max-image-preview:large","max-video-preview":"max-video-preview:-1"},"canonical":"https:\/\/www.industri-sl.com\/fr\/transport\/pieces-detachees\/train\/talgo\/","og_locale":"fr_FR","og_type":"article","og_title":"Pi\u00e8ces de rechange et accessoires pour trains Talgo - INDUSTRI","og_description":"INDUSTRI fabrique des pi\u00e8ces d\u00e9tach\u00e9es et de rechange en exclusivit\u00e9 pour les trains Talgo, depuis des r\u00e9troviseurs jusqu\u2019\u00e0 tout type de rideaux (\u00e9lectriques, m\u00e9caniques ou pantographes).","og_url":"https:\/\/www.industri-sl.com\/fr\/transport\/pieces-detachees\/train\/talgo\/","og_site_name":"Industri SL","article_modified_time":"2020-02-04T12:29:36+00:00","og_image":[{"url":"https:\/\/www.industri-sl.com\/wp-content\/uploads\/con-division-central-1-3.jpg","type":"","width":"","height":""}],"twitter_card":"summary_large_image","twitter_misc":{"Dur\u00e9e de lecture estim\u00e9e":"1 minute"},"schema":{"@context":"https:\/\/schema.org","@graph":[{"@type":"WebPage","@id":"https:\/\/www.industri-sl.com\/fr\/transport\/pieces-detachees\/train\/talgo\/","url":"https:\/\/www.industri-sl.com\/fr\/transport\/pieces-detachees\/train\/talgo\/","name":"Pi\u00e8ces de rechange et accessoires pour trains Talgo - INDUSTRI","isPartOf":{"@id":"https:\/\/www.industri-sl.com\/fr\/#website"},"primaryImageOfPage":{"@id":"https:\/\/www.industri-sl.com\/fr\/transport\/pieces-detachees\/train\/talgo\/#primaryimage"},"image":{"@id":"https:\/\/www.industri-sl.com\/fr\/transport\/pieces-detachees\/train\/talgo\/#primaryimage"},"thumbnailUrl":"https:\/\/www.industri-sl.com\/wp-content\/uploads\/logo-talgo-300x135.png","datePublished":"2019-10-03T07:34:58+00:00","dateModified":"2020-02-04T12:29:36+00:00","description":"INDUSTRI fabrique des pi\u00e8ces d\u00e9tach\u00e9es et de rechange en exclusivit\u00e9 pour les trains Talgo, depuis des r\u00e9troviseurs jusqu\u2019\u00e0 tout type de rideaux (\u00e9lectriques, m\u00e9caniques ou pantographes).","breadcrumb":{"@id":"https:\/\/www.industri-sl.com\/fr\/transport\/pieces-detachees\/train\/talgo\/#breadcrumb"},"inLanguage":"fr-FR","potentialAction":[{"@type":"ReadAction","target":["https:\/\/www.industri-sl.com\/fr\/transport\/pieces-detachees\/train\/talgo\/"]}]},{"@type":"ImageObject","inLanguage":"fr-FR","@id":"https:\/\/www.industri-sl.com\/fr\/transport\/pieces-detachees\/train\/talgo\/#primaryimage","url":"https:\/\/www.industri-sl.com\/wp-content\/uploads\/logo-talgo-300x135.png","contentUrl":"https:\/\/www.industri-sl.com\/wp-content\/uploads\/logo-talgo-300x135.png"},{"@type":"BreadcrumbList","@id":"https:\/\/www.industri-sl.com\/fr\/transport\/pieces-detachees\/train\/talgo\/#breadcrumb","itemListElement":[{"@type":"ListItem","position":1,"name":"Inicio","item":"https:\/\/www.industri-sl.com\/fr\/"},{"@type":"ListItem","position":2,"name":"Division Transport","item":"https:\/\/www.industri-sl.com\/fr\/transport\/"},{"@type":"ListItem","position":3,"name":"Catalogue de pi\u00e8ces d\u00e9tach\u00e9es","item":"https:\/\/www.industri-sl.com\/fr\/transport\/pieces-detachees\/"},{"@type":"ListItem","position":4,"name":"Pi\u00e8ces de rechange et accessoires pour les trains","item":"https:\/\/www.industri-sl.com\/fr\/transport\/pieces-detachees\/train\/"},{"@type":"ListItem","position":5,"name":"Pi\u00e8ces de rechange pour trains Talgo"}]},{"@type":"WebSite","@id":"https:\/\/www.industri-sl.com\/fr\/#website","url":"https:\/\/www.industri-sl.com\/fr\/","name":"Industri SL","description":"","publisher":{"@id":"https:\/\/www.industri-sl.com\/fr\/#organization"},"potentialAction":[{"@type":"SearchAction","target":{"@type":"EntryPoint","urlTemplate":"https:\/\/www.industri-sl.com\/fr\/?s={search_term_string}"},"query-input":{"@type":"PropertyValueSpecification","valueRequired":true,"valueName":"search_term_string"}}],"inLanguage":"fr-FR"},{"@type":"Organization","@id":"https:\/\/www.industri-sl.com\/fr\/#organization","name":"Industri SL","url":"https:\/\/www.industri-sl.com\/fr\/","logo":{"@type":"ImageObject","inLanguage":"fr-FR","@id":"https:\/\/www.industri-sl.com\/fr\/#\/schema\/logo\/image\/","url":"https:\/\/www.industri-sl.com\/wp-content\/uploads\/industri-logo.png","contentUrl":"https:\/\/www.industri-sl.com\/wp-content\/uploads\/industri-logo.png","width":248,"height":45,"caption":"Industri SL"},"image":{"@id":"https:\/\/www.industri-sl.com\/fr\/#\/schema\/logo\/image\/"}}]}},"_links":{"self":[{"href":"https:\/\/www.industri-sl.com\/fr\/wp-json\/wp\/v2\/pages\/9241","targetHints":{"allow":["GET"]}}],"collection":[{"href":"https:\/\/www.industri-sl.com\/fr\/wp-json\/wp\/v2\/pages"}],"about":[{"href":"https:\/\/www.industri-sl.com\/fr\/wp-json\/wp\/v2\/types\/page"}],"author":[{"embeddable":true,"href":"https:\/\/www.industri-sl.com\/fr\/wp-json\/wp\/v2\/users\/3"}],"replies":[{"embeddable":true,"href":"https:\/\/www.industri-sl.com\/fr\/wp-json\/wp\/v2\/comments?post=9241"}],"version-history":[{"count":0,"href":"https:\/\/www.industri-sl.com\/fr\/wp-json\/wp\/v2\/pages\/9241\/revisions"}],"up":[{"embeddable":true,"href":"https:\/\/www.industri-sl.com\/fr\/wp-json\/wp\/v2\/pages\/9231"}],"wp:attachment":[{"href":"https:\/\/www.industri-sl.com\/fr\/wp-json\/wp\/v2\/media?parent=9241"}],"curies":[{"name":"wp","href":"https:\/\/api.w.org\/{rel}","templated":true}]}}