{"id":9237,"date":"2019-10-03T10:04:28","date_gmt":"2019-10-03T08:04:28","guid":{"rendered":"https:\/\/www.industri-sl.com\/transport\/pieces-detachees\/train\/caf\/civity\/"},"modified":"2020-01-28T14:27:47","modified_gmt":"2020-01-28T13:27:47","slug":"civity","status":"publish","type":"page","link":"https:\/\/www.industri-sl.com\/fr\/transport\/pieces-detachees\/train\/caf\/civity\/","title":{"rendered":"Pi\u00e8ces de rechange pour CAF Civity"},"content":{"rendered":"<h2>Pi\u00e8ces d\u00e9tach\u00e9es et accessoires pour le mod\u00e8le CAF Civity<\/h2>\n<p>INDUSTRI assure la fabrication de plusieurs \u00e9quipements en exclusivit\u00e9 pour les trains de la marque CAF, une entreprise <strong>leader \u00e0 l\u2019\u00e9chelle internationale<\/strong> en conception, fabrication, maintenance d\u2019\u00e9quipements et composants pour les syst\u00e8mes ferroviaires.<\/p>\n<p>CAF fait <a href=\"https:\/\/www.industri-sl.com\/fr\/clients\/\">confiance \u00e0 Industri<\/a> pour la fabrication de pi\u00e8ces d\u00e9tach\u00e9es et de rechange pour ses trains, et parmi eux le mod\u00e8le CAF Civity. Ce train \u00e0 plancher surbaiss\u00e9 permet un acc\u00e8s facile depuis n\u2019importe quel quai europ\u00e9en et pr\u00e9sente une flexibilit\u00e9 qui permet de l\u2019adapter <a href=\"https:\/\/www.industri-sl.com\/fr\/ingenierie\/\">aux besoins de chaque client<\/a>. C\u2019est un mod\u00e8le con\u00e7u pour le confort des passagers \u00e0 bord, qu\u2019il est possible d\u2019\u00e9quiper avec des espaces sp\u00e9ciaux pour PMR, porte-bagages, espaces enfants et caf\u00e9t\u00e9ria, entre autres options.<\/p>\n<p>INDUSTRI offre des <strong>pi\u00e8ces d\u00e9tach\u00e9es en exclusivit\u00e9<\/strong> pour les trains CAF Civity, comme les rideaux m\u00e9caniques ou \u00e0 division centrale.<\/p>\n<p>Tous ces \u00e9l\u00e9ments sont fabriqu\u00e9s en <strong>respectant la qualit\u00e9 et les sp\u00e9cifications exig\u00e9es<\/strong> par une marque de prestige comme CAF.<\/p>\n<div class=\"slider-gallery-wrapper \"><div class=\"slider-gallery\"><div id=\"sliderify-carousel-1\" class=\"owl-carousel\"><div class=\"sliderify-owl-item-inner\"><img decoding=\"async\" src=\"https:\/\/www.industri-sl.com\/wp-content\/uploads\/civity-1-1.jpg\"><\/div><div class=\"sliderify-owl-item-inner\"><img decoding=\"async\" src=\"https:\/\/www.industri-sl.com\/wp-content\/uploads\/civity-2-1.jpg\"><\/div><div class=\"sliderify-owl-item-inner\"><img decoding=\"async\" src=\"https:\/\/www.industri-sl.com\/wp-content\/uploads\/cortina-inversa-3-1.jpg\"><\/div><div class=\"sliderify-owl-item-inner\"><img decoding=\"async\" src=\"https:\/\/www.industri-sl.com\/wp-content\/uploads\/con-division-central-1-3.jpg\"><\/div><div class=\"sliderify-owl-item-inner\"><img decoding=\"async\" src=\"https:\/\/www.industri-sl.com\/wp-content\/uploads\/cortina-lateral-2-1.jpg\"><\/div><div class=\"sliderify-owl-item-inner\"><img decoding=\"async\" src=\"https:\/\/www.industri-sl.com\/wp-content\/uploads\/cortina-autofrenada-2-2.jpg\"><\/div><\/div><!-- .owl-carousel --><\/div><!-- .slider-gallery --><\/div><!-- .slider-gallery-wrapper --><script>\n\t\t\tjQuery(document).ready(function($){\n\t\t\t\tcarousel1 = $('#sliderify-carousel-1');\ncarousel1.imagesLoaded(function(){carousel1.owlCarousel({items:2,\nstagePadding:0,\nnav:1,\nnavText:['<span><\/span><span><\/span>','<span><\/span><span><\/span>'],\ncenter:1,\nloop:1,\nmargin:0,\nautoWidth:false,\nautoHeight:true,\nstageOuterClass:'sliderify-stage-outer',\nstageClass:'sliderify-stage',\nnavContainerClass:'sliderify-nav',\ncontrolsClass:'sliderify-controls',\ndotsClass:'sliderify-dots',\ndotClass:'sliderify-dot',\nonInitialized:function(event){\n\t\t\t\tconsole.log('init');\n\t\t\t},\n});});\n});\n\t\t\t<\/script>\n<div class=\"modelos\">\n<h4>Autres mod\u00e8les de CAF pour lesquels nous fabriquons des pi\u00e8ces de rechange:<\/h4>\n<div class=\"flex\">\n<a href=\"https:\/\/www.industri-sl.com\/fr\/transport\/pieces-detachees\/train\/caf\/euskotren\/\"><img loading=\"lazy\" decoding=\"async\" class=\"alignnone size-medium wp-image-1424\" src=\"https:\/\/www.industri-sl.com\/wp-content\/uploads\/euskotren-1-1-300x216.jpg\" alt=\"Pi\u00e8ces d\u00e9tach\u00e9es et accessoires pour le mod\u00e8le CAF Euskotren\" width=\"300\" height=\"216\" srcset=\"https:\/\/www.industri-sl.com\/wp-content\/uploads\/euskotren-1-1-300x216.jpg 300w, https:\/\/www.industri-sl.com\/wp-content\/uploads\/euskotren-1-1-768x552.jpg 768w, https:\/\/www.industri-sl.com\/wp-content\/uploads\/euskotren-1-1.jpg 800w\" sizes=\"auto, (max-width: 300px) 100vw, 300px\" \/><br \/>\n<span>CAF Euskotren<\/span><\/a>\n<\/div>\n<\/div>\n","protected":false},"excerpt":{"rendered":"<p>Pi\u00e8ces d\u00e9tach\u00e9es et accessoires pour le mod\u00e8le CAF Civity INDUSTRI assure la fabrication de plusieurs \u00e9quipements en exclusivit\u00e9 pour les trains de la marque CAF, une entreprise leader \u00e0 l\u2019\u00e9chelle internationale en conception, fabrication, maintenance d\u2019\u00e9quipements et composants pour les syst\u00e8mes ferroviaires. CAF fait confiance \u00e0 Industri pour la fabrication de pi\u00e8ces d\u00e9tach\u00e9es et de [&hellip;]<\/p>\n","protected":false},"author":3,"featured_media":0,"parent":9235,"menu_order":0,"comment_status":"closed","ping_status":"closed","template":"page-vehiculos.php","meta":{"footnotes":""},"class_list":["post-9237","page","type-page","status-publish","hentry"],"yoast_head":"<!-- This site is optimized with the Yoast SEO plugin v27.2 - https:\/\/yoast.com\/product\/yoast-seo-wordpress\/ -->\n<title>Pi\u00e8ces de rechange et accessoires pour trains CAF Civity - INDUSTRI<\/title>\n<meta name=\"description\" content=\"INDUSTRI fabrique des pi\u00e8ces d\u00e9tach\u00e9es et de rechange en exclusivit\u00e9 pour les trains CAF Civity, depuis des r\u00e9troviseurs jusqu\u2019\u00e0 tout type de rideaux, m\u00e9caniques ou \u00e9lectriques, entre autres.\" \/>\n<meta name=\"robots\" content=\"index, follow, max-snippet:-1, max-image-preview:large, max-video-preview:-1\" \/>\n<link rel=\"canonical\" href=\"https:\/\/www.industri-sl.com\/fr\/transport\/pieces-detachees\/train\/caf\/civity\/\" \/>\n<meta property=\"og:locale\" content=\"fr_FR\" \/>\n<meta property=\"og:type\" content=\"article\" \/>\n<meta property=\"og:title\" content=\"Pi\u00e8ces de rechange et accessoires pour trains CAF Civity - INDUSTRI\" \/>\n<meta property=\"og:description\" content=\"INDUSTRI fabrique des pi\u00e8ces d\u00e9tach\u00e9es et de rechange en exclusivit\u00e9 pour les trains CAF Civity, depuis des r\u00e9troviseurs jusqu\u2019\u00e0 tout type de rideaux, m\u00e9caniques ou \u00e9lectriques, entre autres.\" \/>\n<meta property=\"og:url\" content=\"https:\/\/www.industri-sl.com\/fr\/transport\/pieces-detachees\/train\/caf\/civity\/\" \/>\n<meta property=\"og:site_name\" content=\"Industri SL\" \/>\n<meta property=\"article:modified_time\" content=\"2020-01-28T13:27:47+00:00\" \/>\n<meta property=\"og:image\" content=\"https:\/\/www.industri-sl.com\/wp-content\/uploads\/civity-1-1.jpg\" \/>\n<meta name=\"twitter:card\" content=\"summary_large_image\" \/>\n<meta name=\"twitter:label1\" content=\"Dur\u00e9e de lecture estim\u00e9e\" \/>\n\t<meta name=\"twitter:data1\" content=\"1 minute\" \/>\n<script type=\"application\/ld+json\" class=\"yoast-schema-graph\">{\"@context\":\"https:\/\/schema.org\",\"@graph\":[{\"@type\":\"WebPage\",\"@id\":\"https:\/\/www.industri-sl.com\/fr\/transport\/pieces-detachees\/train\/caf\/civity\/\",\"url\":\"https:\/\/www.industri-sl.com\/fr\/transport\/pieces-detachees\/train\/caf\/civity\/\",\"name\":\"Pi\u00e8ces de rechange et accessoires pour trains CAF Civity - INDUSTRI\",\"isPartOf\":{\"@id\":\"https:\/\/www.industri-sl.com\/fr\/#website\"},\"primaryImageOfPage\":{\"@id\":\"https:\/\/www.industri-sl.com\/fr\/transport\/pieces-detachees\/train\/caf\/civity\/#primaryimage\"},\"image\":{\"@id\":\"https:\/\/www.industri-sl.com\/fr\/transport\/pieces-detachees\/train\/caf\/civity\/#primaryimage\"},\"thumbnailUrl\":\"https:\/\/www.industri-sl.com\/wp-content\/uploads\/euskotren-1-1-300x216.jpg\",\"datePublished\":\"2019-10-03T08:04:28+00:00\",\"dateModified\":\"2020-01-28T13:27:47+00:00\",\"description\":\"INDUSTRI fabrique des pi\u00e8ces d\u00e9tach\u00e9es et de rechange en exclusivit\u00e9 pour les trains CAF Civity, depuis des r\u00e9troviseurs jusqu\u2019\u00e0 tout type de rideaux, m\u00e9caniques ou \u00e9lectriques, entre autres.\",\"breadcrumb\":{\"@id\":\"https:\/\/www.industri-sl.com\/fr\/transport\/pieces-detachees\/train\/caf\/civity\/#breadcrumb\"},\"inLanguage\":\"fr-FR\",\"potentialAction\":[{\"@type\":\"ReadAction\",\"target\":[\"https:\/\/www.industri-sl.com\/fr\/transport\/pieces-detachees\/train\/caf\/civity\/\"]}]},{\"@type\":\"ImageObject\",\"inLanguage\":\"fr-FR\",\"@id\":\"https:\/\/www.industri-sl.com\/fr\/transport\/pieces-detachees\/train\/caf\/civity\/#primaryimage\",\"url\":\"https:\/\/www.industri-sl.com\/wp-content\/uploads\/euskotren-1-1-300x216.jpg\",\"contentUrl\":\"https:\/\/www.industri-sl.com\/wp-content\/uploads\/euskotren-1-1-300x216.jpg\"},{\"@type\":\"BreadcrumbList\",\"@id\":\"https:\/\/www.industri-sl.com\/fr\/transport\/pieces-detachees\/train\/caf\/civity\/#breadcrumb\",\"itemListElement\":[{\"@type\":\"ListItem\",\"position\":1,\"name\":\"Inicio\",\"item\":\"https:\/\/www.industri-sl.com\/fr\/\"},{\"@type\":\"ListItem\",\"position\":2,\"name\":\"Division Transport\",\"item\":\"https:\/\/www.industri-sl.com\/fr\/transport\/\"},{\"@type\":\"ListItem\",\"position\":3,\"name\":\"Catalogue de pi\u00e8ces d\u00e9tach\u00e9es\",\"item\":\"https:\/\/www.industri-sl.com\/fr\/transport\/pieces-detachees\/\"},{\"@type\":\"ListItem\",\"position\":4,\"name\":\"Pi\u00e8ces de rechange et accessoires pour les trains\",\"item\":\"https:\/\/www.industri-sl.com\/fr\/transport\/pieces-detachees\/train\/\"},{\"@type\":\"ListItem\",\"position\":5,\"name\":\"Pi\u00e8ces de rechange pour les trains CAF\",\"item\":\"https:\/\/www.industri-sl.com\/fr\/transport\/pieces-detachees\/train\/caf\/\"},{\"@type\":\"ListItem\",\"position\":6,\"name\":\"Pi\u00e8ces de rechange pour CAF Civity\"}]},{\"@type\":\"WebSite\",\"@id\":\"https:\/\/www.industri-sl.com\/fr\/#website\",\"url\":\"https:\/\/www.industri-sl.com\/fr\/\",\"name\":\"Industri SL\",\"description\":\"\",\"publisher\":{\"@id\":\"https:\/\/www.industri-sl.com\/fr\/#organization\"},\"potentialAction\":[{\"@type\":\"SearchAction\",\"target\":{\"@type\":\"EntryPoint\",\"urlTemplate\":\"https:\/\/www.industri-sl.com\/fr\/?s={search_term_string}\"},\"query-input\":{\"@type\":\"PropertyValueSpecification\",\"valueRequired\":true,\"valueName\":\"search_term_string\"}}],\"inLanguage\":\"fr-FR\"},{\"@type\":\"Organization\",\"@id\":\"https:\/\/www.industri-sl.com\/fr\/#organization\",\"name\":\"Industri SL\",\"url\":\"https:\/\/www.industri-sl.com\/fr\/\",\"logo\":{\"@type\":\"ImageObject\",\"inLanguage\":\"fr-FR\",\"@id\":\"https:\/\/www.industri-sl.com\/fr\/#\/schema\/logo\/image\/\",\"url\":\"https:\/\/www.industri-sl.com\/wp-content\/uploads\/industri-logo.png\",\"contentUrl\":\"https:\/\/www.industri-sl.com\/wp-content\/uploads\/industri-logo.png\",\"width\":248,\"height\":45,\"caption\":\"Industri SL\"},\"image\":{\"@id\":\"https:\/\/www.industri-sl.com\/fr\/#\/schema\/logo\/image\/\"}}]}<\/script>\n<!-- \/ Yoast SEO plugin. -->","yoast_head_json":{"title":"Pi\u00e8ces de rechange et accessoires pour trains CAF Civity - INDUSTRI","description":"INDUSTRI fabrique des pi\u00e8ces d\u00e9tach\u00e9es et de rechange en exclusivit\u00e9 pour les trains CAF Civity, depuis des r\u00e9troviseurs jusqu\u2019\u00e0 tout type de rideaux, m\u00e9caniques ou \u00e9lectriques, entre autres.","robots":{"index":"index","follow":"follow","max-snippet":"max-snippet:-1","max-image-preview":"max-image-preview:large","max-video-preview":"max-video-preview:-1"},"canonical":"https:\/\/www.industri-sl.com\/fr\/transport\/pieces-detachees\/train\/caf\/civity\/","og_locale":"fr_FR","og_type":"article","og_title":"Pi\u00e8ces de rechange et accessoires pour trains CAF Civity - INDUSTRI","og_description":"INDUSTRI fabrique des pi\u00e8ces d\u00e9tach\u00e9es et de rechange en exclusivit\u00e9 pour les trains CAF Civity, depuis des r\u00e9troviseurs jusqu\u2019\u00e0 tout type de rideaux, m\u00e9caniques ou \u00e9lectriques, entre autres.","og_url":"https:\/\/www.industri-sl.com\/fr\/transport\/pieces-detachees\/train\/caf\/civity\/","og_site_name":"Industri SL","article_modified_time":"2020-01-28T13:27:47+00:00","og_image":[{"url":"https:\/\/www.industri-sl.com\/wp-content\/uploads\/civity-1-1.jpg","type":"","width":"","height":""}],"twitter_card":"summary_large_image","twitter_misc":{"Dur\u00e9e de lecture estim\u00e9e":"1 minute"},"schema":{"@context":"https:\/\/schema.org","@graph":[{"@type":"WebPage","@id":"https:\/\/www.industri-sl.com\/fr\/transport\/pieces-detachees\/train\/caf\/civity\/","url":"https:\/\/www.industri-sl.com\/fr\/transport\/pieces-detachees\/train\/caf\/civity\/","name":"Pi\u00e8ces de rechange et accessoires pour trains CAF Civity - INDUSTRI","isPartOf":{"@id":"https:\/\/www.industri-sl.com\/fr\/#website"},"primaryImageOfPage":{"@id":"https:\/\/www.industri-sl.com\/fr\/transport\/pieces-detachees\/train\/caf\/civity\/#primaryimage"},"image":{"@id":"https:\/\/www.industri-sl.com\/fr\/transport\/pieces-detachees\/train\/caf\/civity\/#primaryimage"},"thumbnailUrl":"https:\/\/www.industri-sl.com\/wp-content\/uploads\/euskotren-1-1-300x216.jpg","datePublished":"2019-10-03T08:04:28+00:00","dateModified":"2020-01-28T13:27:47+00:00","description":"INDUSTRI fabrique des pi\u00e8ces d\u00e9tach\u00e9es et de rechange en exclusivit\u00e9 pour les trains CAF Civity, depuis des r\u00e9troviseurs jusqu\u2019\u00e0 tout type de rideaux, m\u00e9caniques ou \u00e9lectriques, entre autres.","breadcrumb":{"@id":"https:\/\/www.industri-sl.com\/fr\/transport\/pieces-detachees\/train\/caf\/civity\/#breadcrumb"},"inLanguage":"fr-FR","potentialAction":[{"@type":"ReadAction","target":["https:\/\/www.industri-sl.com\/fr\/transport\/pieces-detachees\/train\/caf\/civity\/"]}]},{"@type":"ImageObject","inLanguage":"fr-FR","@id":"https:\/\/www.industri-sl.com\/fr\/transport\/pieces-detachees\/train\/caf\/civity\/#primaryimage","url":"https:\/\/www.industri-sl.com\/wp-content\/uploads\/euskotren-1-1-300x216.jpg","contentUrl":"https:\/\/www.industri-sl.com\/wp-content\/uploads\/euskotren-1-1-300x216.jpg"},{"@type":"BreadcrumbList","@id":"https:\/\/www.industri-sl.com\/fr\/transport\/pieces-detachees\/train\/caf\/civity\/#breadcrumb","itemListElement":[{"@type":"ListItem","position":1,"name":"Inicio","item":"https:\/\/www.industri-sl.com\/fr\/"},{"@type":"ListItem","position":2,"name":"Division Transport","item":"https:\/\/www.industri-sl.com\/fr\/transport\/"},{"@type":"ListItem","position":3,"name":"Catalogue de pi\u00e8ces d\u00e9tach\u00e9es","item":"https:\/\/www.industri-sl.com\/fr\/transport\/pieces-detachees\/"},{"@type":"ListItem","position":4,"name":"Pi\u00e8ces de rechange et accessoires pour les trains","item":"https:\/\/www.industri-sl.com\/fr\/transport\/pieces-detachees\/train\/"},{"@type":"ListItem","position":5,"name":"Pi\u00e8ces de rechange pour les trains CAF","item":"https:\/\/www.industri-sl.com\/fr\/transport\/pieces-detachees\/train\/caf\/"},{"@type":"ListItem","position":6,"name":"Pi\u00e8ces de rechange pour CAF Civity"}]},{"@type":"WebSite","@id":"https:\/\/www.industri-sl.com\/fr\/#website","url":"https:\/\/www.industri-sl.com\/fr\/","name":"Industri SL","description":"","publisher":{"@id":"https:\/\/www.industri-sl.com\/fr\/#organization"},"potentialAction":[{"@type":"SearchAction","target":{"@type":"EntryPoint","urlTemplate":"https:\/\/www.industri-sl.com\/fr\/?s={search_term_string}"},"query-input":{"@type":"PropertyValueSpecification","valueRequired":true,"valueName":"search_term_string"}}],"inLanguage":"fr-FR"},{"@type":"Organization","@id":"https:\/\/www.industri-sl.com\/fr\/#organization","name":"Industri SL","url":"https:\/\/www.industri-sl.com\/fr\/","logo":{"@type":"ImageObject","inLanguage":"fr-FR","@id":"https:\/\/www.industri-sl.com\/fr\/#\/schema\/logo\/image\/","url":"https:\/\/www.industri-sl.com\/wp-content\/uploads\/industri-logo.png","contentUrl":"https:\/\/www.industri-sl.com\/wp-content\/uploads\/industri-logo.png","width":248,"height":45,"caption":"Industri SL"},"image":{"@id":"https:\/\/www.industri-sl.com\/fr\/#\/schema\/logo\/image\/"}}]}},"_links":{"self":[{"href":"https:\/\/www.industri-sl.com\/fr\/wp-json\/wp\/v2\/pages\/9237","targetHints":{"allow":["GET"]}}],"collection":[{"href":"https:\/\/www.industri-sl.com\/fr\/wp-json\/wp\/v2\/pages"}],"about":[{"href":"https:\/\/www.industri-sl.com\/fr\/wp-json\/wp\/v2\/types\/page"}],"author":[{"embeddable":true,"href":"https:\/\/www.industri-sl.com\/fr\/wp-json\/wp\/v2\/users\/3"}],"replies":[{"embeddable":true,"href":"https:\/\/www.industri-sl.com\/fr\/wp-json\/wp\/v2\/comments?post=9237"}],"version-history":[{"count":0,"href":"https:\/\/www.industri-sl.com\/fr\/wp-json\/wp\/v2\/pages\/9237\/revisions"}],"up":[{"embeddable":true,"href":"https:\/\/www.industri-sl.com\/fr\/wp-json\/wp\/v2\/pages\/9235"}],"wp:attachment":[{"href":"https:\/\/www.industri-sl.com\/fr\/wp-json\/wp\/v2\/media?parent=9237"}],"curies":[{"name":"wp","href":"https:\/\/api.w.org\/{rel}","templated":true}]}}