{"id":9231,"date":"2019-10-03T09:26:25","date_gmt":"2019-10-03T07:26:25","guid":{"rendered":"https:\/\/www.industri-sl.com\/transport\/pieces-detachees\/tren\/"},"modified":"2020-01-28T14:03:23","modified_gmt":"2020-01-28T13:03:23","slug":"train","status":"publish","type":"page","link":"https:\/\/www.industri-sl.com\/fr\/transport\/pieces-detachees\/train\/","title":{"rendered":"Pi\u00e8ces de rechange et accessoires pour les trains"},"content":{"rendered":"<p><a href=\"https:\/\/www.industri-sl.com\/fr\/transport\/pieces-detachees\/train\/talgo\/\">Talgo<\/a> <a href=\"https:\/\/www.industri-sl.com\/fr\/transport\/pieces-detachees\/train\/caf\/\">CAF<\/a> <a href=\"https:\/\/www.industri-sl.com\/fr\/transport\/pieces-detachees\/train\/alstom\/\">Alstom<\/a><\/p>\n<h2>Catalogue de pi\u00e8ces d\u00e9tach\u00e9es pour le secteur ferroviaire<\/h2>\n<p>INDUSTRI fabrique des <strong>pi\u00e8ces d\u00e9tach\u00e9es et de rechange pour le secteur ferroviaire<\/strong>, et s\u2019est notamment sp\u00e9cialis\u00e9e dans les \u00e9l\u00e9ments de d\u00e9coration int\u00e9rieure, tels que tout type de rideaux (sur rail de guidage, avec division centrale\u2026), ainsi que dans les r\u00e9troviseurs.<\/p>\n<p>INDUSTRI s\u2019adapte aux besoins de ses clients en fabriquant des pi\u00e8ces sur mesure et exclusivement pour eux, en respectant les standards de qualit\u00e9 requis et les sp\u00e9cifications techniques demand\u00e9es. <a href=\"https:\/\/www.industri-sl.com\/fr\/ingenierie\/\">Notre \u00e9quipe d\u2019ing\u00e9nieurs<\/a> \u00e9tudiera les diff\u00e9rentes options et proposera la solution la plus appropri\u00e9e \u00e0 votre cas.<\/p>\n<p><button>T\u00e9l\u00e9charger le catalogue<\/button><\/p>\n<p><img loading=\"lazy\" decoding=\"async\" class=\"alignnone size-medium wp-image-65\" src=\"https:\/\/www.industri-sl.com\/wp-content\/uploads\/logo-talgo-300x135.png\" alt=\"Pi\u00e8ces de rechange et accessoires pour les trains Talgo\" width=\"300\" height=\"135\" srcset=\"https:\/\/www.industri-sl.com\/wp-content\/uploads\/logo-talgo-300x135.png 300w, https:\/\/www.industri-sl.com\/wp-content\/uploads\/logo-talgo.png 620w\" sizes=\"auto, (max-width: 300px) 100vw, 300px\" \/><\/p>\n<p><a href=\"https:\/\/www.industri-sl.com\/fr\/transport\/pieces-detachees\/train\/talgo\/\">Voir Talgo<\/a><\/p>\n<p>Mod\u00e8les de Talgo pour lesquels nous fabriquons des pi\u00e8ces de rechange:<\/p>\n<p><img loading=\"lazy\" decoding=\"async\" class=\" wp-image-3290 alignnone\" src=\"https:\/\/www.industri-sl.com\/wp-content\/uploads\/tren-talgo-avril-1.jpg\" alt=\"Pi\u00e8ces de rechange et accessoires pour les trains Talgo Avril\" width=\"323\" height=\"242\" srcset=\"https:\/\/www.industri-sl.com\/wp-content\/uploads\/tren-talgo-avril-1.jpg 800w, https:\/\/www.industri-sl.com\/wp-content\/uploads\/tren-talgo-avril-1-300x225.jpg 300w, https:\/\/www.industri-sl.com\/wp-content\/uploads\/tren-talgo-avril-1-768x576.jpg 768w\" sizes=\"auto, (max-width: 323px) 100vw, 323px\" \/><\/p>\n<p><a href=\"https:\/\/www.industri-sl.com\/fr\/transport\/pieces-detachees\/train\/talgo\/avril\/\">Talgo Avril<\/a><\/p>\n<p><img loading=\"lazy\" decoding=\"async\" class=\"alignnone wp-image-2356\" src=\"https:\/\/www.industri-sl.com\/wp-content\/uploads\/Talgo-EMU-300x216.jpg\" alt=\"Pi\u00e8ces de rechange et accessoires pour les trains Talgo Emu\" width=\"318\" height=\"229\" \/><\/p>\n<p><a href=\"https:\/\/www.industri-sl.com\/fr\/transport\/pieces-detachees\/train\/talgo\/emu\/\">Talgo Emu<\/a><\/p>\n<p><img loading=\"lazy\" decoding=\"async\" class=\"alignnone size-medium wp-image-61\" src=\"https:\/\/www.industri-sl.com\/wp-content\/uploads\/logo-caf-300x201.png\" alt=\"Pi\u00e8ces de rechange et accessoires pour les trains CAF\" width=\"300\" height=\"201\" srcset=\"https:\/\/www.industri-sl.com\/wp-content\/uploads\/logo-caf-300x201.png 300w, https:\/\/www.industri-sl.com\/wp-content\/uploads\/logo-caf.png 600w\" sizes=\"auto, (max-width: 300px) 100vw, 300px\" \/><\/p>\n<p><a href=\"https:\/\/www.industri-sl.com\/fr\/transport\/pieces-detachees\/train\/caf\/\">Ver CAF<\/a><\/p>\n<p><img loading=\"lazy\" decoding=\"async\" class=\"alignnone size-medium wp-image-1420\" src=\"https:\/\/www.industri-sl.com\/wp-content\/uploads\/civity-1-1-300x216.jpg\" alt=\"Pi\u00e8ces de rechange et accessoires pour les trains CAF Civity\" width=\"300\" height=\"216\" srcset=\"https:\/\/www.industri-sl.com\/wp-content\/uploads\/civity-1-1-300x216.jpg 300w, https:\/\/www.industri-sl.com\/wp-content\/uploads\/civity-1-1-768x552.jpg 768w, https:\/\/www.industri-sl.com\/wp-content\/uploads\/civity-1-1.jpg 800w\" sizes=\"auto, (max-width: 300px) 100vw, 300px\" \/><\/p>\n<p><a href=\"https:\/\/www.industri-sl.com\/fr\/transport\/pieces-detachees\/train\/caf\/civity\/\">Civity<\/a><\/p>\n<p><img loading=\"lazy\" decoding=\"async\" class=\"alignnone size-medium wp-image-1424\" src=\"https:\/\/www.industri-sl.com\/wp-content\/uploads\/euskotren-1-1-300x216.jpg\" alt=\"Pi\u00e8ces de rechange et accessoires pour les trains CAF Euskotren\" width=\"300\" height=\"216\" srcset=\"https:\/\/www.industri-sl.com\/wp-content\/uploads\/euskotren-1-1-300x216.jpg 300w, https:\/\/www.industri-sl.com\/wp-content\/uploads\/euskotren-1-1-768x552.jpg 768w, https:\/\/www.industri-sl.com\/wp-content\/uploads\/euskotren-1-1.jpg 800w\" sizes=\"auto, (max-width: 300px) 100vw, 300px\" \/><\/p>\n<p><a href=\"https:\/\/www.industri-sl.com\/fr\/transport\/pieces-detachees\/train\/caf\/euskotren\/\">Euskotren<\/a><\/p>\n<p><img loading=\"lazy\" decoding=\"async\" class=\"alignnone size-medium wp-image-57\" src=\"https:\/\/www.industri-sl.com\/wp-content\/uploads\/logo-alstom-300x201.png\" alt=\"Pi\u00e8ces de rechange et accessoires pour les trains Alstom\" width=\"300\" height=\"201\" srcset=\"https:\/\/www.industri-sl.com\/wp-content\/uploads\/logo-alstom-300x201.png 300w, https:\/\/www.industri-sl.com\/wp-content\/uploads\/logo-alstom.png 600w\" sizes=\"auto, (max-width: 300px) 100vw, 300px\" \/><\/p>\n<p><a href=\"https:\/\/www.industri-sl.com\/fr\/transport\/pieces-detachees\/train\/alstom\/\">Ver Alstom<\/a><\/p>\n<p>T\u00e9l\u00e9charger le catalogue<\/p>\n<p>Vous ne trouvez pas ce que vous cherchez?<\/p>\n<p>Nous fabriquons des pi\u00e8ces sur mesure pour les trains.<\/p>\n<p><script type=\"text\/javascript\" src=\"\/\/www.industri-sl.com\/mautic\/form\/generate.js?id=1\"><\/script><\/p>\n<p>Services d\u2019ing\u00e9nierie<\/p>\n<p>En plus de fabriquer des pi\u00e8ces d\u00e9tach\u00e9es et des composants pour l\u2019industrie <strong>ferroviaire et automobile<\/strong>, INDUSTRI dispose d\u2019un service de R&#038;D o\u00f9 de nouveaux produits sont d\u00e9velopp\u00e9s en collaboration \u00e9troite <a href=\"https:\/\/www.industri-sl.com\/fr\/clients\/\">avec nos clients<\/a>. Nous poss\u00e9dons une vaste exp\u00e9rience dans la conception de machines sp\u00e9ciales pour la fabrication de ces composants et \u00e9quipements.<\/p>\n<p><a href=\"https:\/\/www.industri-sl.com\/fr\/ingenierie\/\"><button>Services d\u2019ing\u00e9nierie<\/button><\/a><\/p>\n","protected":false},"excerpt":{"rendered":"<p>Talgo CAF Alstom Catalogue de pi\u00e8ces d\u00e9tach\u00e9es pour le secteur ferroviaire INDUSTRI fabrique des pi\u00e8ces d\u00e9tach\u00e9es et de rechange pour le secteur ferroviaire, et s\u2019est notamment sp\u00e9cialis\u00e9e dans les \u00e9l\u00e9ments de d\u00e9coration int\u00e9rieure, tels que tout type de rideaux (sur rail de guidage, avec division centrale\u2026), ainsi que dans les r\u00e9troviseurs. INDUSTRI s\u2019adapte aux besoins [&hellip;]<\/p>\n","protected":false},"author":3,"featured_media":0,"parent":9187,"menu_order":0,"comment_status":"closed","ping_status":"closed","template":"page-recambios-tren.php","meta":{"footnotes":""},"class_list":["post-9231","page","type-page","status-publish","hentry"],"yoast_head":"<!-- This site is optimized with the Yoast SEO plugin v27.2 - https:\/\/yoast.com\/product\/yoast-seo-wordpress\/ -->\n<title>Pi\u00e8ces de rechange et accessoires pour train - INDUSTRI<\/title>\n<meta name=\"description\" content=\"INDUSTRI fabrique des pi\u00e8ces d\u00e9tach\u00e9es et de rechange pour les trains et est notamment sp\u00e9cialis\u00e9e dans les \u00e9l\u00e9ments d&#039;am\u00e9nagement int\u00e9rieur tels que r\u00e9troviseurs ou tout type de rideaux.\" \/>\n<meta name=\"robots\" content=\"index, follow, max-snippet:-1, max-image-preview:large, max-video-preview:-1\" \/>\n<link rel=\"canonical\" href=\"https:\/\/www.industri-sl.com\/fr\/transport\/pieces-detachees\/train\/\" \/>\n<meta property=\"og:locale\" content=\"fr_FR\" \/>\n<meta property=\"og:type\" content=\"article\" \/>\n<meta property=\"og:title\" content=\"Pi\u00e8ces de rechange et accessoires pour train - INDUSTRI\" \/>\n<meta property=\"og:description\" content=\"INDUSTRI fabrique des pi\u00e8ces d\u00e9tach\u00e9es et de rechange pour les trains et est notamment sp\u00e9cialis\u00e9e dans les \u00e9l\u00e9ments d&#039;am\u00e9nagement int\u00e9rieur tels que r\u00e9troviseurs ou tout type de rideaux.\" \/>\n<meta property=\"og:url\" content=\"https:\/\/www.industri-sl.com\/fr\/transport\/pieces-detachees\/train\/\" \/>\n<meta property=\"og:site_name\" content=\"Industri SL\" \/>\n<meta property=\"article:modified_time\" content=\"2020-01-28T13:03:23+00:00\" \/>\n<meta property=\"og:image\" content=\"https:\/\/www.industri-sl.com\/wp-content\/uploads\/logo-talgo-300x135.png\" \/>\n<meta name=\"twitter:card\" content=\"summary_large_image\" \/>\n<meta name=\"twitter:label1\" content=\"Dur\u00e9e de lecture estim\u00e9e\" \/>\n\t<meta name=\"twitter:data1\" content=\"1 minute\" \/>\n<script type=\"application\/ld+json\" class=\"yoast-schema-graph\">{\"@context\":\"https:\/\/schema.org\",\"@graph\":[{\"@type\":\"WebPage\",\"@id\":\"https:\/\/www.industri-sl.com\/fr\/transport\/pieces-detachees\/train\/\",\"url\":\"https:\/\/www.industri-sl.com\/fr\/transport\/pieces-detachees\/train\/\",\"name\":\"Pi\u00e8ces de rechange et accessoires pour train - INDUSTRI\",\"isPartOf\":{\"@id\":\"https:\/\/www.industri-sl.com\/fr\/#website\"},\"primaryImageOfPage\":{\"@id\":\"https:\/\/www.industri-sl.com\/fr\/transport\/pieces-detachees\/train\/#primaryimage\"},\"image\":{\"@id\":\"https:\/\/www.industri-sl.com\/fr\/transport\/pieces-detachees\/train\/#primaryimage\"},\"thumbnailUrl\":\"https:\/\/www.industri-sl.com\/wp-content\/uploads\/logo-talgo-300x135.png\",\"datePublished\":\"2019-10-03T07:26:25+00:00\",\"dateModified\":\"2020-01-28T13:03:23+00:00\",\"description\":\"INDUSTRI fabrique des pi\u00e8ces d\u00e9tach\u00e9es et de rechange pour les trains et est notamment sp\u00e9cialis\u00e9e dans les \u00e9l\u00e9ments d'am\u00e9nagement int\u00e9rieur tels que r\u00e9troviseurs ou tout type de rideaux.\",\"breadcrumb\":{\"@id\":\"https:\/\/www.industri-sl.com\/fr\/transport\/pieces-detachees\/train\/#breadcrumb\"},\"inLanguage\":\"fr-FR\",\"potentialAction\":[{\"@type\":\"ReadAction\",\"target\":[\"https:\/\/www.industri-sl.com\/fr\/transport\/pieces-detachees\/train\/\"]}]},{\"@type\":\"ImageObject\",\"inLanguage\":\"fr-FR\",\"@id\":\"https:\/\/www.industri-sl.com\/fr\/transport\/pieces-detachees\/train\/#primaryimage\",\"url\":\"https:\/\/www.industri-sl.com\/wp-content\/uploads\/logo-talgo-300x135.png\",\"contentUrl\":\"https:\/\/www.industri-sl.com\/wp-content\/uploads\/logo-talgo-300x135.png\"},{\"@type\":\"BreadcrumbList\",\"@id\":\"https:\/\/www.industri-sl.com\/fr\/transport\/pieces-detachees\/train\/#breadcrumb\",\"itemListElement\":[{\"@type\":\"ListItem\",\"position\":1,\"name\":\"Inicio\",\"item\":\"https:\/\/www.industri-sl.com\/fr\/\"},{\"@type\":\"ListItem\",\"position\":2,\"name\":\"Division Transport\",\"item\":\"https:\/\/www.industri-sl.com\/fr\/transport\/\"},{\"@type\":\"ListItem\",\"position\":3,\"name\":\"Catalogue de pi\u00e8ces d\u00e9tach\u00e9es\",\"item\":\"https:\/\/www.industri-sl.com\/fr\/transport\/pieces-detachees\/\"},{\"@type\":\"ListItem\",\"position\":4,\"name\":\"Pi\u00e8ces de rechange et accessoires pour les trains\"}]},{\"@type\":\"WebSite\",\"@id\":\"https:\/\/www.industri-sl.com\/fr\/#website\",\"url\":\"https:\/\/www.industri-sl.com\/fr\/\",\"name\":\"Industri SL\",\"description\":\"\",\"publisher\":{\"@id\":\"https:\/\/www.industri-sl.com\/fr\/#organization\"},\"potentialAction\":[{\"@type\":\"SearchAction\",\"target\":{\"@type\":\"EntryPoint\",\"urlTemplate\":\"https:\/\/www.industri-sl.com\/fr\/?s={search_term_string}\"},\"query-input\":{\"@type\":\"PropertyValueSpecification\",\"valueRequired\":true,\"valueName\":\"search_term_string\"}}],\"inLanguage\":\"fr-FR\"},{\"@type\":\"Organization\",\"@id\":\"https:\/\/www.industri-sl.com\/fr\/#organization\",\"name\":\"Industri SL\",\"url\":\"https:\/\/www.industri-sl.com\/fr\/\",\"logo\":{\"@type\":\"ImageObject\",\"inLanguage\":\"fr-FR\",\"@id\":\"https:\/\/www.industri-sl.com\/fr\/#\/schema\/logo\/image\/\",\"url\":\"https:\/\/www.industri-sl.com\/wp-content\/uploads\/industri-logo.png\",\"contentUrl\":\"https:\/\/www.industri-sl.com\/wp-content\/uploads\/industri-logo.png\",\"width\":248,\"height\":45,\"caption\":\"Industri SL\"},\"image\":{\"@id\":\"https:\/\/www.industri-sl.com\/fr\/#\/schema\/logo\/image\/\"}}]}<\/script>\n<!-- \/ Yoast SEO plugin. -->","yoast_head_json":{"title":"Pi\u00e8ces de rechange et accessoires pour train - INDUSTRI","description":"INDUSTRI fabrique des pi\u00e8ces d\u00e9tach\u00e9es et de rechange pour les trains et est notamment sp\u00e9cialis\u00e9e dans les \u00e9l\u00e9ments d'am\u00e9nagement int\u00e9rieur tels que r\u00e9troviseurs ou tout type de rideaux.","robots":{"index":"index","follow":"follow","max-snippet":"max-snippet:-1","max-image-preview":"max-image-preview:large","max-video-preview":"max-video-preview:-1"},"canonical":"https:\/\/www.industri-sl.com\/fr\/transport\/pieces-detachees\/train\/","og_locale":"fr_FR","og_type":"article","og_title":"Pi\u00e8ces de rechange et accessoires pour train - INDUSTRI","og_description":"INDUSTRI fabrique des pi\u00e8ces d\u00e9tach\u00e9es et de rechange pour les trains et est notamment sp\u00e9cialis\u00e9e dans les \u00e9l\u00e9ments d'am\u00e9nagement int\u00e9rieur tels que r\u00e9troviseurs ou tout type de rideaux.","og_url":"https:\/\/www.industri-sl.com\/fr\/transport\/pieces-detachees\/train\/","og_site_name":"Industri SL","article_modified_time":"2020-01-28T13:03:23+00:00","og_image":[{"url":"https:\/\/www.industri-sl.com\/wp-content\/uploads\/logo-talgo-300x135.png","type":"","width":"","height":""}],"twitter_card":"summary_large_image","twitter_misc":{"Dur\u00e9e de lecture estim\u00e9e":"1 minute"},"schema":{"@context":"https:\/\/schema.org","@graph":[{"@type":"WebPage","@id":"https:\/\/www.industri-sl.com\/fr\/transport\/pieces-detachees\/train\/","url":"https:\/\/www.industri-sl.com\/fr\/transport\/pieces-detachees\/train\/","name":"Pi\u00e8ces de rechange et accessoires pour train - INDUSTRI","isPartOf":{"@id":"https:\/\/www.industri-sl.com\/fr\/#website"},"primaryImageOfPage":{"@id":"https:\/\/www.industri-sl.com\/fr\/transport\/pieces-detachees\/train\/#primaryimage"},"image":{"@id":"https:\/\/www.industri-sl.com\/fr\/transport\/pieces-detachees\/train\/#primaryimage"},"thumbnailUrl":"https:\/\/www.industri-sl.com\/wp-content\/uploads\/logo-talgo-300x135.png","datePublished":"2019-10-03T07:26:25+00:00","dateModified":"2020-01-28T13:03:23+00:00","description":"INDUSTRI fabrique des pi\u00e8ces d\u00e9tach\u00e9es et de rechange pour les trains et est notamment sp\u00e9cialis\u00e9e dans les \u00e9l\u00e9ments d'am\u00e9nagement int\u00e9rieur tels que r\u00e9troviseurs ou tout type de rideaux.","breadcrumb":{"@id":"https:\/\/www.industri-sl.com\/fr\/transport\/pieces-detachees\/train\/#breadcrumb"},"inLanguage":"fr-FR","potentialAction":[{"@type":"ReadAction","target":["https:\/\/www.industri-sl.com\/fr\/transport\/pieces-detachees\/train\/"]}]},{"@type":"ImageObject","inLanguage":"fr-FR","@id":"https:\/\/www.industri-sl.com\/fr\/transport\/pieces-detachees\/train\/#primaryimage","url":"https:\/\/www.industri-sl.com\/wp-content\/uploads\/logo-talgo-300x135.png","contentUrl":"https:\/\/www.industri-sl.com\/wp-content\/uploads\/logo-talgo-300x135.png"},{"@type":"BreadcrumbList","@id":"https:\/\/www.industri-sl.com\/fr\/transport\/pieces-detachees\/train\/#breadcrumb","itemListElement":[{"@type":"ListItem","position":1,"name":"Inicio","item":"https:\/\/www.industri-sl.com\/fr\/"},{"@type":"ListItem","position":2,"name":"Division Transport","item":"https:\/\/www.industri-sl.com\/fr\/transport\/"},{"@type":"ListItem","position":3,"name":"Catalogue de pi\u00e8ces d\u00e9tach\u00e9es","item":"https:\/\/www.industri-sl.com\/fr\/transport\/pieces-detachees\/"},{"@type":"ListItem","position":4,"name":"Pi\u00e8ces de rechange et accessoires pour les trains"}]},{"@type":"WebSite","@id":"https:\/\/www.industri-sl.com\/fr\/#website","url":"https:\/\/www.industri-sl.com\/fr\/","name":"Industri SL","description":"","publisher":{"@id":"https:\/\/www.industri-sl.com\/fr\/#organization"},"potentialAction":[{"@type":"SearchAction","target":{"@type":"EntryPoint","urlTemplate":"https:\/\/www.industri-sl.com\/fr\/?s={search_term_string}"},"query-input":{"@type":"PropertyValueSpecification","valueRequired":true,"valueName":"search_term_string"}}],"inLanguage":"fr-FR"},{"@type":"Organization","@id":"https:\/\/www.industri-sl.com\/fr\/#organization","name":"Industri SL","url":"https:\/\/www.industri-sl.com\/fr\/","logo":{"@type":"ImageObject","inLanguage":"fr-FR","@id":"https:\/\/www.industri-sl.com\/fr\/#\/schema\/logo\/image\/","url":"https:\/\/www.industri-sl.com\/wp-content\/uploads\/industri-logo.png","contentUrl":"https:\/\/www.industri-sl.com\/wp-content\/uploads\/industri-logo.png","width":248,"height":45,"caption":"Industri SL"},"image":{"@id":"https:\/\/www.industri-sl.com\/fr\/#\/schema\/logo\/image\/"}}]}},"_links":{"self":[{"href":"https:\/\/www.industri-sl.com\/fr\/wp-json\/wp\/v2\/pages\/9231","targetHints":{"allow":["GET"]}}],"collection":[{"href":"https:\/\/www.industri-sl.com\/fr\/wp-json\/wp\/v2\/pages"}],"about":[{"href":"https:\/\/www.industri-sl.com\/fr\/wp-json\/wp\/v2\/types\/page"}],"author":[{"embeddable":true,"href":"https:\/\/www.industri-sl.com\/fr\/wp-json\/wp\/v2\/users\/3"}],"replies":[{"embeddable":true,"href":"https:\/\/www.industri-sl.com\/fr\/wp-json\/wp\/v2\/comments?post=9231"}],"version-history":[{"count":0,"href":"https:\/\/www.industri-sl.com\/fr\/wp-json\/wp\/v2\/pages\/9231\/revisions"}],"up":[{"embeddable":true,"href":"https:\/\/www.industri-sl.com\/fr\/wp-json\/wp\/v2\/pages\/9187"}],"wp:attachment":[{"href":"https:\/\/www.industri-sl.com\/fr\/wp-json\/wp\/v2\/media?parent=9231"}],"curies":[{"name":"wp","href":"https:\/\/api.w.org\/{rel}","templated":true}]}}