{"id":9223,"date":"2019-10-02T13:44:07","date_gmt":"2019-10-02T11:44:07","guid":{"rendered":"https:\/\/www.industri-sl.com\/transport\/pieces-detachees\/autobus\/sunsundegui\/sb3\/"},"modified":"2025-05-22T10:50:49","modified_gmt":"2025-05-22T08:50:49","slug":"sb3","status":"publish","type":"page","link":"https:\/\/www.industri-sl.com\/fr\/transport\/pieces-detachees\/autobus\/sunsundegui\/sb3\/","title":{"rendered":"Pi\u00e8ces de rechange pour Sunsundegui SB3"},"content":{"rendered":"<h2>Pi\u00e8ces d\u00e9tach\u00e9es et accessoires pour le mod\u00e8le Sunsundegui SB3<\/h2>\n<p>INDUSTRI fabrique des pi\u00e8ces de rechange exclusivement destin\u00e9es \u00e0 la compagnie Autobuses Sunsundegui, un <strong>carrossier leader<\/strong> en conception et production d\u2019autocars et d\u2019autobus.<\/p>\n<p>Nous <a href=\"https:\/\/www.industri-sl.com\/fr\/ingenierie\/\">concevons et fabriquons<\/a> des pi\u00e8ces de rechange pour plusieurs mod\u00e8les d&rsquo;autobus de Sunsundegui, et parmi eux le SB3. Cet autobus destin\u00e9 aux services urbains et interurbains conserve <strong>l\u2019esth\u00e9tique qui caract\u00e9rise et distingue<\/strong> la marque Sunsundegui sur le march\u00e9.<\/p>\n<p>INDUSTRI fabrique des pi\u00e8ces de rechange en exclusivit\u00e9 pour les autobus Sunsundegui SB3, telles que charni\u00e8res de porte-bagages, r\u00e9troviseurs sp\u00e9cifiques \u00e0 diff\u00e9rents mod\u00e8les d\u2019autobus, toits ouvrants, repose-pieds, enjoliveurs et rideaux.<\/p>\n<p>Tous ces \u00e9l\u00e9ments sont fabriqu\u00e9s en <strong>respectant la qualit\u00e9 et les sp\u00e9cifications exig\u00e9es<\/strong> par une marque de prestige comme Sunsundegui.<\/p>\n<div class=\"otras-piezas\">\n<h4>Pi\u00e8ces de rechange disponibles:<\/h4>\n<div><a class=\"boton gris\" href=\"https:\/\/www.industri-sl.com\/fr\/transport\/pieces-detachees\/autobus\/sunsundegui\/rideaux\/\">Rideaux<\/a> <a class=\"boton gris\" href=\"https:\/\/www.industri-sl.com\/fr\/transport\/pieces-detachees\/autobus\/sunsundegui\/retroviseurs\/\">R\u00e9troviseurs<\/a><\/div>\n<\/div>\n<div class=\"slider-gallery-wrapper \"><div class=\"slider-gallery\"><div id=\"sliderify-carousel-1\" class=\"owl-carousel\"><div class=\"sliderify-owl-item-inner\"><img decoding=\"async\" src=\"https:\/\/www.industri-sl.com\/wp-content\/uploads\/sb3-3-1-2.jpg\"><\/div><div class=\"sliderify-owl-item-inner\"><img decoding=\"async\" src=\"https:\/\/www.industri-sl.com\/wp-content\/uploads\/sb3-2-1-1.jpg\"><\/div><\/div><!-- .owl-carousel --><\/div><!-- .slider-gallery --><\/div><!-- .slider-gallery-wrapper --><script>\n\t\t\tjQuery(document).ready(function($){\n\t\t\t\tcarousel1 = $('#sliderify-carousel-1');\ncarousel1.imagesLoaded(function(){carousel1.owlCarousel({items:2,\nstagePadding:0,\nnav:1,\nnavText:['<span><\/span><span><\/span>','<span><\/span><span><\/span>'],\ncenter:1,\nloop:1,\nmargin:0,\nautoWidth:false,\nautoHeight:true,\nstageOuterClass:'sliderify-stage-outer',\nstageClass:'sliderify-stage',\nnavContainerClass:'sliderify-nav',\ncontrolsClass:'sliderify-controls',\ndotsClass:'sliderify-dots',\ndotClass:'sliderify-dot',\nonInitialized:function(event){\n\t\t\t\tconsole.log('init');\n\t\t\t},\n});});\n});\n\t\t\t<\/script>\n<div class=\"modelos\">\n<h4>Autres mod\u00e8les de Sunsundegui pour lesquels nous fabriquons des pi\u00e8ces de rechange:<\/h4>\n<div class=\"flex\">\n<a href=\"https:\/\/www.industri-sl.com\/fr\/transport\/pieces-detachees\/autobus\/sunsundegui\/sc5\/\"><img loading=\"lazy\" decoding=\"async\" class=\"alignnone size-medium wp-image-1504\" src=\"https:\/\/www.industri-sl.com\/wp-content\/uploads\/sc5-1-2-300x225.jpg\" alt=\"Pi\u00e8ces d\u00e9tach\u00e9es et accessoires pour le mod\u00e8le Sunsundegui SC5\" width=\"300\" height=\"225\" srcset=\"https:\/\/www.industri-sl.com\/wp-content\/uploads\/sc5-1-2-300x225.jpg 300w, https:\/\/www.industri-sl.com\/wp-content\/uploads\/sc5-1-2-768x576.jpg 768w, https:\/\/www.industri-sl.com\/wp-content\/uploads\/sc5-1-2.jpg 800w\" sizes=\"auto, (max-width: 300px) 100vw, 300px\" \/><br \/>\n<span>SC5<\/span><\/a><br \/>\n<a href=\"https:\/\/www.industri-sl.com\/fr\/transport\/pieces-detachees\/autobus\/sunsundegui\/sc7\/\"><img loading=\"lazy\" decoding=\"async\" class=\"alignnone size-medium wp-image-1500\" src=\"https:\/\/www.industri-sl.com\/wp-content\/uploads\/sc7-2-2-300x217.jpg\" alt=\"Pi\u00e8ces d\u00e9tach\u00e9es et accessoires pour le mod\u00e8le Sunsundegui SC7\" width=\"300\" height=\"217\" srcset=\"https:\/\/www.industri-sl.com\/wp-content\/uploads\/sc7-2-2-300x217.jpg 300w, https:\/\/www.industri-sl.com\/wp-content\/uploads\/sc7-2-2-768x555.jpg 768w, https:\/\/www.industri-sl.com\/wp-content\/uploads\/sc7-2-2.jpg 800w\" sizes=\"auto, (max-width: 300px) 100vw, 300px\" \/><br \/>\n<span>SC7<\/span><\/a>\n<\/div>\n<\/div>\n","protected":false},"excerpt":{"rendered":"<p>Pi\u00e8ces d\u00e9tach\u00e9es et accessoires pour le mod\u00e8le Sunsundegui SB3 INDUSTRI fabrique des pi\u00e8ces de rechange exclusivement destin\u00e9es \u00e0 la compagnie Autobuses Sunsundegui, un carrossier leader en conception et production d\u2019autocars et d\u2019autobus. Nous concevons et fabriquons des pi\u00e8ces de rechange pour plusieurs mod\u00e8les d&rsquo;autobus de Sunsundegui, et parmi eux le SB3. Cet autobus destin\u00e9 aux [&hellip;]<\/p>\n","protected":false},"author":3,"featured_media":0,"parent":9217,"menu_order":0,"comment_status":"closed","ping_status":"closed","template":"page-vehiculos.php","meta":{"footnotes":""},"class_list":["post-9223","page","type-page","status-publish","hentry"],"yoast_head":"<!-- This site is optimized with the Yoast SEO plugin v27.2 - https:\/\/yoast.com\/product\/yoast-seo-wordpress\/ -->\n<title>Pi\u00e8ces de rechange et accessoires pour autobus Sunsundegui SB3 - INDUSTRI<\/title>\n<meta name=\"description\" content=\"INDUSTRI fabrique des pi\u00e8ces d\u00e9tach\u00e9es en exclusivit\u00e9 pour les autobus Sunsundegui SB3, telles que rideaux, r\u00e9troviseurs ou charni\u00e8res, entre autres.\" \/>\n<meta name=\"robots\" content=\"index, follow, max-snippet:-1, max-image-preview:large, max-video-preview:-1\" \/>\n<link rel=\"canonical\" href=\"https:\/\/www.industri-sl.com\/fr\/transport\/pieces-detachees\/autobus\/sunsundegui\/sb3\/\" \/>\n<meta property=\"og:locale\" content=\"fr_FR\" \/>\n<meta property=\"og:type\" content=\"article\" \/>\n<meta property=\"og:title\" content=\"Pi\u00e8ces de rechange et accessoires pour autobus Sunsundegui SB3 - INDUSTRI\" \/>\n<meta property=\"og:description\" content=\"INDUSTRI fabrique des pi\u00e8ces d\u00e9tach\u00e9es en exclusivit\u00e9 pour les autobus Sunsundegui SB3, telles que rideaux, r\u00e9troviseurs ou charni\u00e8res, entre autres.\" \/>\n<meta property=\"og:url\" content=\"https:\/\/www.industri-sl.com\/fr\/transport\/pieces-detachees\/autobus\/sunsundegui\/sb3\/\" \/>\n<meta property=\"og:site_name\" content=\"Industri SL\" \/>\n<meta property=\"article:modified_time\" content=\"2025-05-22T08:50:49+00:00\" \/>\n<meta property=\"og:image\" content=\"https:\/\/www.industri-sl.com\/wp-content\/uploads\/sb3-3-1-2.jpg\" \/>\n<meta name=\"twitter:card\" content=\"summary_large_image\" \/>\n<meta name=\"twitter:label1\" content=\"Dur\u00e9e de lecture estim\u00e9e\" \/>\n\t<meta name=\"twitter:data1\" content=\"2 minutes\" \/>\n<script type=\"application\/ld+json\" class=\"yoast-schema-graph\">{\"@context\":\"https:\/\/schema.org\",\"@graph\":[{\"@type\":\"WebPage\",\"@id\":\"https:\/\/www.industri-sl.com\/fr\/transport\/pieces-detachees\/autobus\/sunsundegui\/sb3\/\",\"url\":\"https:\/\/www.industri-sl.com\/fr\/transport\/pieces-detachees\/autobus\/sunsundegui\/sb3\/\",\"name\":\"Pi\u00e8ces de rechange et accessoires pour autobus Sunsundegui SB3 - INDUSTRI\",\"isPartOf\":{\"@id\":\"https:\/\/www.industri-sl.com\/fr\/#website\"},\"primaryImageOfPage\":{\"@id\":\"https:\/\/www.industri-sl.com\/fr\/transport\/pieces-detachees\/autobus\/sunsundegui\/sb3\/#primaryimage\"},\"image\":{\"@id\":\"https:\/\/www.industri-sl.com\/fr\/transport\/pieces-detachees\/autobus\/sunsundegui\/sb3\/#primaryimage\"},\"thumbnailUrl\":\"https:\/\/www.industri-sl.com\/wp-content\/uploads\/sc5-1-2-300x225.jpg\",\"datePublished\":\"2019-10-02T11:44:07+00:00\",\"dateModified\":\"2025-05-22T08:50:49+00:00\",\"description\":\"INDUSTRI fabrique des pi\u00e8ces d\u00e9tach\u00e9es en exclusivit\u00e9 pour les autobus Sunsundegui SB3, telles que rideaux, r\u00e9troviseurs ou charni\u00e8res, entre autres.\",\"breadcrumb\":{\"@id\":\"https:\/\/www.industri-sl.com\/fr\/transport\/pieces-detachees\/autobus\/sunsundegui\/sb3\/#breadcrumb\"},\"inLanguage\":\"fr-FR\",\"potentialAction\":[{\"@type\":\"ReadAction\",\"target\":[\"https:\/\/www.industri-sl.com\/fr\/transport\/pieces-detachees\/autobus\/sunsundegui\/sb3\/\"]}]},{\"@type\":\"ImageObject\",\"inLanguage\":\"fr-FR\",\"@id\":\"https:\/\/www.industri-sl.com\/fr\/transport\/pieces-detachees\/autobus\/sunsundegui\/sb3\/#primaryimage\",\"url\":\"https:\/\/www.industri-sl.com\/wp-content\/uploads\/sc5-1-2-300x225.jpg\",\"contentUrl\":\"https:\/\/www.industri-sl.com\/wp-content\/uploads\/sc5-1-2-300x225.jpg\"},{\"@type\":\"BreadcrumbList\",\"@id\":\"https:\/\/www.industri-sl.com\/fr\/transport\/pieces-detachees\/autobus\/sunsundegui\/sb3\/#breadcrumb\",\"itemListElement\":[{\"@type\":\"ListItem\",\"position\":1,\"name\":\"Inicio\",\"item\":\"https:\/\/www.industri-sl.com\/fr\/\"},{\"@type\":\"ListItem\",\"position\":2,\"name\":\"Division Transport\",\"item\":\"https:\/\/www.industri-sl.com\/fr\/transport\/\"},{\"@type\":\"ListItem\",\"position\":3,\"name\":\"Catalogue de pi\u00e8ces d\u00e9tach\u00e9es\",\"item\":\"https:\/\/www.industri-sl.com\/fr\/transport\/pieces-detachees\/\"},{\"@type\":\"ListItem\",\"position\":4,\"name\":\"Pi\u00e8ces de rechange et accessoires pour autobus\",\"item\":\"https:\/\/www.industri-sl.com\/fr\/transport\/pieces-detachees\/autobus\/\"},{\"@type\":\"ListItem\",\"position\":5,\"name\":\"Pi\u00e8ces d\u00e9tach\u00e9es pour autobus Sunsundegui\",\"item\":\"https:\/\/www.industri-sl.com\/fr\/transport\/pieces-detachees\/autobus\/sunsundegui\/\"},{\"@type\":\"ListItem\",\"position\":6,\"name\":\"Pi\u00e8ces de rechange pour Sunsundegui SB3\"}]},{\"@type\":\"WebSite\",\"@id\":\"https:\/\/www.industri-sl.com\/fr\/#website\",\"url\":\"https:\/\/www.industri-sl.com\/fr\/\",\"name\":\"Industri SL\",\"description\":\"\",\"publisher\":{\"@id\":\"https:\/\/www.industri-sl.com\/fr\/#organization\"},\"potentialAction\":[{\"@type\":\"SearchAction\",\"target\":{\"@type\":\"EntryPoint\",\"urlTemplate\":\"https:\/\/www.industri-sl.com\/fr\/?s={search_term_string}\"},\"query-input\":{\"@type\":\"PropertyValueSpecification\",\"valueRequired\":true,\"valueName\":\"search_term_string\"}}],\"inLanguage\":\"fr-FR\"},{\"@type\":\"Organization\",\"@id\":\"https:\/\/www.industri-sl.com\/fr\/#organization\",\"name\":\"Industri SL\",\"url\":\"https:\/\/www.industri-sl.com\/fr\/\",\"logo\":{\"@type\":\"ImageObject\",\"inLanguage\":\"fr-FR\",\"@id\":\"https:\/\/www.industri-sl.com\/fr\/#\/schema\/logo\/image\/\",\"url\":\"https:\/\/www.industri-sl.com\/wp-content\/uploads\/industri-logo.png\",\"contentUrl\":\"https:\/\/www.industri-sl.com\/wp-content\/uploads\/industri-logo.png\",\"width\":248,\"height\":45,\"caption\":\"Industri SL\"},\"image\":{\"@id\":\"https:\/\/www.industri-sl.com\/fr\/#\/schema\/logo\/image\/\"}}]}<\/script>\n<!-- \/ Yoast SEO plugin. -->","yoast_head_json":{"title":"Pi\u00e8ces de rechange et accessoires pour autobus Sunsundegui SB3 - INDUSTRI","description":"INDUSTRI fabrique des pi\u00e8ces d\u00e9tach\u00e9es en exclusivit\u00e9 pour les autobus Sunsundegui SB3, telles que rideaux, r\u00e9troviseurs ou charni\u00e8res, entre autres.","robots":{"index":"index","follow":"follow","max-snippet":"max-snippet:-1","max-image-preview":"max-image-preview:large","max-video-preview":"max-video-preview:-1"},"canonical":"https:\/\/www.industri-sl.com\/fr\/transport\/pieces-detachees\/autobus\/sunsundegui\/sb3\/","og_locale":"fr_FR","og_type":"article","og_title":"Pi\u00e8ces de rechange et accessoires pour autobus Sunsundegui SB3 - INDUSTRI","og_description":"INDUSTRI fabrique des pi\u00e8ces d\u00e9tach\u00e9es en exclusivit\u00e9 pour les autobus Sunsundegui SB3, telles que rideaux, r\u00e9troviseurs ou charni\u00e8res, entre autres.","og_url":"https:\/\/www.industri-sl.com\/fr\/transport\/pieces-detachees\/autobus\/sunsundegui\/sb3\/","og_site_name":"Industri SL","article_modified_time":"2025-05-22T08:50:49+00:00","og_image":[{"url":"https:\/\/www.industri-sl.com\/wp-content\/uploads\/sb3-3-1-2.jpg","type":"","width":"","height":""}],"twitter_card":"summary_large_image","twitter_misc":{"Dur\u00e9e de lecture estim\u00e9e":"2 minutes"},"schema":{"@context":"https:\/\/schema.org","@graph":[{"@type":"WebPage","@id":"https:\/\/www.industri-sl.com\/fr\/transport\/pieces-detachees\/autobus\/sunsundegui\/sb3\/","url":"https:\/\/www.industri-sl.com\/fr\/transport\/pieces-detachees\/autobus\/sunsundegui\/sb3\/","name":"Pi\u00e8ces de rechange et accessoires pour autobus Sunsundegui SB3 - INDUSTRI","isPartOf":{"@id":"https:\/\/www.industri-sl.com\/fr\/#website"},"primaryImageOfPage":{"@id":"https:\/\/www.industri-sl.com\/fr\/transport\/pieces-detachees\/autobus\/sunsundegui\/sb3\/#primaryimage"},"image":{"@id":"https:\/\/www.industri-sl.com\/fr\/transport\/pieces-detachees\/autobus\/sunsundegui\/sb3\/#primaryimage"},"thumbnailUrl":"https:\/\/www.industri-sl.com\/wp-content\/uploads\/sc5-1-2-300x225.jpg","datePublished":"2019-10-02T11:44:07+00:00","dateModified":"2025-05-22T08:50:49+00:00","description":"INDUSTRI fabrique des pi\u00e8ces d\u00e9tach\u00e9es en exclusivit\u00e9 pour les autobus Sunsundegui SB3, telles que rideaux, r\u00e9troviseurs ou charni\u00e8res, entre autres.","breadcrumb":{"@id":"https:\/\/www.industri-sl.com\/fr\/transport\/pieces-detachees\/autobus\/sunsundegui\/sb3\/#breadcrumb"},"inLanguage":"fr-FR","potentialAction":[{"@type":"ReadAction","target":["https:\/\/www.industri-sl.com\/fr\/transport\/pieces-detachees\/autobus\/sunsundegui\/sb3\/"]}]},{"@type":"ImageObject","inLanguage":"fr-FR","@id":"https:\/\/www.industri-sl.com\/fr\/transport\/pieces-detachees\/autobus\/sunsundegui\/sb3\/#primaryimage","url":"https:\/\/www.industri-sl.com\/wp-content\/uploads\/sc5-1-2-300x225.jpg","contentUrl":"https:\/\/www.industri-sl.com\/wp-content\/uploads\/sc5-1-2-300x225.jpg"},{"@type":"BreadcrumbList","@id":"https:\/\/www.industri-sl.com\/fr\/transport\/pieces-detachees\/autobus\/sunsundegui\/sb3\/#breadcrumb","itemListElement":[{"@type":"ListItem","position":1,"name":"Inicio","item":"https:\/\/www.industri-sl.com\/fr\/"},{"@type":"ListItem","position":2,"name":"Division Transport","item":"https:\/\/www.industri-sl.com\/fr\/transport\/"},{"@type":"ListItem","position":3,"name":"Catalogue de pi\u00e8ces d\u00e9tach\u00e9es","item":"https:\/\/www.industri-sl.com\/fr\/transport\/pieces-detachees\/"},{"@type":"ListItem","position":4,"name":"Pi\u00e8ces de rechange et accessoires pour autobus","item":"https:\/\/www.industri-sl.com\/fr\/transport\/pieces-detachees\/autobus\/"},{"@type":"ListItem","position":5,"name":"Pi\u00e8ces d\u00e9tach\u00e9es pour autobus Sunsundegui","item":"https:\/\/www.industri-sl.com\/fr\/transport\/pieces-detachees\/autobus\/sunsundegui\/"},{"@type":"ListItem","position":6,"name":"Pi\u00e8ces de rechange pour Sunsundegui SB3"}]},{"@type":"WebSite","@id":"https:\/\/www.industri-sl.com\/fr\/#website","url":"https:\/\/www.industri-sl.com\/fr\/","name":"Industri SL","description":"","publisher":{"@id":"https:\/\/www.industri-sl.com\/fr\/#organization"},"potentialAction":[{"@type":"SearchAction","target":{"@type":"EntryPoint","urlTemplate":"https:\/\/www.industri-sl.com\/fr\/?s={search_term_string}"},"query-input":{"@type":"PropertyValueSpecification","valueRequired":true,"valueName":"search_term_string"}}],"inLanguage":"fr-FR"},{"@type":"Organization","@id":"https:\/\/www.industri-sl.com\/fr\/#organization","name":"Industri SL","url":"https:\/\/www.industri-sl.com\/fr\/","logo":{"@type":"ImageObject","inLanguage":"fr-FR","@id":"https:\/\/www.industri-sl.com\/fr\/#\/schema\/logo\/image\/","url":"https:\/\/www.industri-sl.com\/wp-content\/uploads\/industri-logo.png","contentUrl":"https:\/\/www.industri-sl.com\/wp-content\/uploads\/industri-logo.png","width":248,"height":45,"caption":"Industri SL"},"image":{"@id":"https:\/\/www.industri-sl.com\/fr\/#\/schema\/logo\/image\/"}}]}},"_links":{"self":[{"href":"https:\/\/www.industri-sl.com\/fr\/wp-json\/wp\/v2\/pages\/9223","targetHints":{"allow":["GET"]}}],"collection":[{"href":"https:\/\/www.industri-sl.com\/fr\/wp-json\/wp\/v2\/pages"}],"about":[{"href":"https:\/\/www.industri-sl.com\/fr\/wp-json\/wp\/v2\/types\/page"}],"author":[{"embeddable":true,"href":"https:\/\/www.industri-sl.com\/fr\/wp-json\/wp\/v2\/users\/3"}],"replies":[{"embeddable":true,"href":"https:\/\/www.industri-sl.com\/fr\/wp-json\/wp\/v2\/comments?post=9223"}],"version-history":[{"count":0,"href":"https:\/\/www.industri-sl.com\/fr\/wp-json\/wp\/v2\/pages\/9223\/revisions"}],"up":[{"embeddable":true,"href":"https:\/\/www.industri-sl.com\/fr\/wp-json\/wp\/v2\/pages\/9217"}],"wp:attachment":[{"href":"https:\/\/www.industri-sl.com\/fr\/wp-json\/wp\/v2\/media?parent=9223"}],"curies":[{"name":"wp","href":"https:\/\/api.w.org\/{rel}","templated":true}]}}