{"id":9213,"date":"2019-10-02T12:41:34","date_gmt":"2019-10-02T10:41:34","guid":{"rendered":"https:\/\/www.industri-sl.com\/transport\/pieces-detachees\/autobus\/irizar\/retrovisores\/"},"modified":"2025-03-31T12:43:16","modified_gmt":"2025-03-31T10:43:16","slug":"retroviseurs","status":"publish","type":"page","link":"https:\/\/www.industri-sl.com\/fr\/transport\/pieces-detachees\/autobus\/irizar\/retroviseurs\/","title":{"rendered":"Pi\u00e8ces de rechange pour r\u00e9troviseurs Irizar"},"content":{"rendered":"<h2>Pi\u00e8ces d\u00e9tach\u00e9es et accessoires pour r\u00e9troviseurs Irizar<\/h2>\n<p>Nous fabriquons <strong>sur demande<\/strong> des r\u00e9troviseurs int\u00e9rieurs et ext\u00e9rieurs pour plusieurs mod\u00e8les d\u2019autobus et minibus d\u2019Irizar: Century, i6, i8 et Pb. Nous assurons l\u2019int\u00e9gralit\u00e9 du processus de fabrication, depuis la conception jusqu&rsquo;\u00e0 la production, avec la livraison du r\u00e9troviseur mont\u00e9 et adapt\u00e9 <a href=\"https:\/\/www.industri-sl.com\/fr\/transport\/pieces-detachees\/autobus\/\">\u00e0 chaque client et au mod\u00e8le d&rsquo;autocar<\/a> ou microbus concret.<\/p>\n<p>INDUSTRI est dot\u00e9e d\u2019une structure industrielle solide bas\u00e9e sur des centres de production flexibles, avec du personnel hautement qualifi\u00e9. <a href=\"https:\/\/www.industri-sl.com\/fr\/ingenierie\/\">Notre service RDI<\/a> travaille pour assurer l\u2019adaptation efficace \u00e0 chaque projet et mod\u00e8le de r\u00e9troviseur, en d\u00e9veloppant une technologie qui allie l\u2019exp\u00e9rience et <strong>les nouveaux proc\u00e9d\u00e9s technologiques<\/strong> qui nous permettent de concevoir des r\u00e9troviseurs avec toutes les garanties.<\/p>\n<div class=\"slider-gallery-wrapper \"><div class=\"slider-gallery\"><div id=\"sliderify-carousel-1\" class=\"owl-carousel\"><div class=\"sliderify-owl-item-inner\"><img decoding=\"async\" src=\"https:\/\/www.industri-sl.com\/wp-content\/uploads\/espejo-kreta-1-1.jpg\"><\/div><div class=\"sliderify-owl-item-inner\"><img decoding=\"async\" src=\"https:\/\/www.industri-sl.com\/wp-content\/uploads\/espejo-i6-3-2.jpg\"><\/div><div class=\"sliderify-owl-item-inner\"><img decoding=\"async\" src=\"https:\/\/www.industri-sl.com\/wp-content\/uploads\/i8-electrico-1-1.jpg\"><\/div><div class=\"sliderify-owl-item-inner\"><img decoding=\"async\" src=\"https:\/\/www.industri-sl.com\/wp-content\/uploads\/espejo-sc-4-1.jpg\"><\/div><\/div><!-- .owl-carousel --><\/div><!-- .slider-gallery --><\/div><!-- .slider-gallery-wrapper --><script>\n\t\t\tjQuery(document).ready(function($){\n\t\t\t\tcarousel1 = $('#sliderify-carousel-1');\ncarousel1.imagesLoaded(function(){carousel1.owlCarousel({items:2,\nstagePadding:0,\nnav:1,\nnavText:['<span><\/span><span><\/span>','<span><\/span><span><\/span>'],\ncenter:1,\nloop:1,\nmargin:0,\nautoWidth:false,\nautoHeight:true,\nstageOuterClass:'sliderify-stage-outer',\nstageClass:'sliderify-stage',\nnavContainerClass:'sliderify-nav',\ncontrolsClass:'sliderify-controls',\ndotsClass:'sliderify-dots',\ndotClass:'sliderify-dot',\nonInitialized:function(event){\n\t\t\t\tconsole.log('init');\n\t\t\t},\n});});\n});\n\t\t\t<\/script>\n<p><iframe loading=\"lazy\" src=\"https:\/\/www.youtube.com\/embed\/CPJuabLEH9w?rel=0\" width=\"400\" height=\"225\" frameborder=\"0\" allowfullscreen=\"allowfullscreen\"><\/iframe><\/p>\n<div class=\"otras-piezas\">\n<h4>Nous travaillons avec les mod\u00e8les d\u2019autobus Irizar suivants:<\/h4>\n<div><a class=\"boton gris\" href=\"https:\/\/www.industri-sl.com\/transporte\/recambios\/autobus\/irizar\/century\/\">Irizar Century<\/a><a class=\"boton gris\" href=\"https:\/\/www.industri-sl.com\/fr\/transport\/pieces-detachees\/autobus\/irizar\/i4\/\">Irizar I4<\/a><a class=\"boton gris\" href=\"https:\/\/www.industri-sl.com\/fr\/transport\/pieces-detachees\/autobus\/irizar\/i6\/\">Irizar I6<\/a><a class=\"boton gris\" href=\"https:\/\/www.industri-sl.com\/fr\/transport\/pieces-detachees\/autobus\/irizar\/i8\/\">Irizar I8<\/a><a class=\"boton gris\" href=\"https:\/\/www.industri-sl.com\/fr\/transport\/pieces-detachees\/autobus\/irizar\/pb\/\">Irizar Pb<\/a><\/div>\n<\/div>\n<div class=\"modelos\">\n<h4>Autres pi\u00e8ces de rechange que nous fabriquons pour Irizar:<\/h4>\n<div class=\"flex\">\n<a href=\"https:\/\/www.industri-sl.com\/fr\/transport\/pieces-detachees\/autobus\/irizar\/rideaux\/\"><img loading=\"lazy\" decoding=\"async\" class=\"alignnone size-medium wp-image-778\" src=\"https:\/\/www.industri-sl.com\/wp-content\/uploads\/cortina-electrica-enrollable-1-300x225.jpg\" alt=\"Rideaux de rechange pour Irizar\" width=\"300\" height=\"225\" srcset=\"https:\/\/www.industri-sl.com\/wp-content\/uploads\/cortina-electrica-enrollable-1-300x225.jpg 300w, https:\/\/www.industri-sl.com\/wp-content\/uploads\/cortina-electrica-enrollable-1-768x576.jpg 768w, https:\/\/www.industri-sl.com\/wp-content\/uploads\/cortina-electrica-enrollable-1.jpg 800w\" sizes=\"auto, (max-width: 300px) 100vw, 300px\" \/><br \/>\n<span>Rideaux<\/span><\/a><br \/>\n<a href=\"https:\/\/www.industri-sl.com\/fr\/transport\/pieces-detachees\/autobus\/irizar\/charnieres\/\"><img loading=\"lazy\" decoding=\"async\" class=\"alignnone size-medium wp-image-807\" src=\"https:\/\/www.industri-sl.com\/wp-content\/uploads\/i8-curvada-2-2-300x216.jpg\" alt=\"Charni\u00e8res de rechange pour Irizar\" width=\"300\" height=\"216\" srcset=\"https:\/\/www.industri-sl.com\/wp-content\/uploads\/i8-curvada-2-2-300x216.jpg 300w, https:\/\/www.industri-sl.com\/wp-content\/uploads\/i8-curvada-2-2-768x552.jpg 768w, https:\/\/www.industri-sl.com\/wp-content\/uploads\/i8-curvada-2-2.jpg 800w\" sizes=\"auto, (max-width: 300px) 100vw, 300px\" \/><br \/>\n<span>Charni\u00e8res<\/span><\/a><br \/>\n<a href=\"https:\/\/www.industri-sl.com\/fr\/transport\/pieces-detachees\/autobus\/irizar\/repose-pieds\/\"><img loading=\"lazy\" decoding=\"async\" class=\"alignnone wp-image-1964 size-medium\" src=\"https:\/\/www.industri-sl.com\/wp-content\/uploads\/reposapies-1-2-300x219.jpg\" alt=\"Repose-pieds de rechange pour Irizar\" width=\"300\" height=\"219\" srcset=\"https:\/\/www.industri-sl.com\/wp-content\/uploads\/reposapies-1-2-300x219.jpg 300w, https:\/\/www.industri-sl.com\/wp-content\/uploads\/reposapies-1-2-768x562.jpg 768w, https:\/\/www.industri-sl.com\/wp-content\/uploads\/reposapies-1-2.jpg 800w\" sizes=\"auto, (max-width: 300px) 100vw, 300px\" \/><br \/>\n<span>Repose-pieds<\/span><\/a><br \/>\n<a href=\"https:\/\/www.industri-sl.com\/fr\/transport\/pieces-detachees\/autobus\/irizar\/enjoliveurs\/\"><img loading=\"lazy\" decoding=\"async\" class=\"alignnone wp-image-1644 size-medium\" src=\"https:\/\/www.industri-sl.com\/wp-content\/uploads\/pb-delantero-1-300x225.jpg\" alt=\"Enjoliveurs de rechange pour Irizar\" width=\"300\" height=\"225\" srcset=\"https:\/\/www.industri-sl.com\/wp-content\/uploads\/pb-delantero-1-300x225.jpg 300w, https:\/\/www.industri-sl.com\/wp-content\/uploads\/pb-delantero-1-768x576.jpg 768w, https:\/\/www.industri-sl.com\/wp-content\/uploads\/pb-delantero-1.jpg 800w\" sizes=\"auto, (max-width: 300px) 100vw, 300px\" \/><br \/>\n<span>Enjoliveurs<\/span><\/a>\n<\/div>\n<\/div>\n","protected":false},"excerpt":{"rendered":"<p>Pi\u00e8ces d\u00e9tach\u00e9es et accessoires pour r\u00e9troviseurs Irizar Nous fabriquons sur demande des r\u00e9troviseurs int\u00e9rieurs et ext\u00e9rieurs pour plusieurs mod\u00e8les d\u2019autobus et minibus d\u2019Irizar: Century, i6, i8 et Pb. Nous assurons l\u2019int\u00e9gralit\u00e9 du processus de fabrication, depuis la conception jusqu&rsquo;\u00e0 la production, avec la livraison du r\u00e9troviseur mont\u00e9 et adapt\u00e9 \u00e0 chaque client et au mod\u00e8le [&hellip;]<\/p>\n","protected":false},"author":3,"featured_media":0,"parent":9191,"menu_order":0,"comment_status":"closed","ping_status":"closed","template":"page-vehiculos.php","meta":{"footnotes":""},"class_list":["post-9213","page","type-page","status-publish","hentry"],"yoast_head":"<!-- This site is optimized with the Yoast SEO plugin v27.5 - https:\/\/yoast.com\/product\/yoast-seo-wordpress\/ -->\n<title>R\u00e9troviseurs de rechange pour autobus Irizar - INDUSTRI<\/title>\n<meta name=\"description\" content=\"INDUSTRI fabrique des r\u00e9troviseurs de rechange sur mesure pour les autobus Irizar, ext\u00e9rieurs et int\u00e9rieurs, mais aussi des composants pour ces r\u00e9troviseurs.\" \/>\n<meta name=\"robots\" content=\"index, follow, max-snippet:-1, max-image-preview:large, max-video-preview:-1\" \/>\n<link rel=\"canonical\" href=\"https:\/\/www.industri-sl.com\/fr\/transport\/pieces-detachees\/autobus\/irizar\/retroviseurs\/\" \/>\n<meta property=\"og:locale\" content=\"fr_FR\" \/>\n<meta property=\"og:type\" content=\"article\" \/>\n<meta property=\"og:title\" content=\"R\u00e9troviseurs de rechange pour autobus Irizar - INDUSTRI\" \/>\n<meta property=\"og:description\" content=\"INDUSTRI fabrique des r\u00e9troviseurs de rechange sur mesure pour les autobus Irizar, ext\u00e9rieurs et int\u00e9rieurs, mais aussi des composants pour ces r\u00e9troviseurs.\" \/>\n<meta property=\"og:url\" content=\"https:\/\/www.industri-sl.com\/fr\/transport\/pieces-detachees\/autobus\/irizar\/retroviseurs\/\" \/>\n<meta property=\"og:site_name\" content=\"Industri SL\" \/>\n<meta property=\"article:modified_time\" content=\"2025-03-31T10:43:16+00:00\" \/>\n<meta property=\"og:image\" content=\"https:\/\/www.industri-sl.com\/wp-content\/uploads\/espejo-kreta-1-1.jpg\" \/>\n<meta name=\"twitter:card\" content=\"summary_large_image\" \/>\n<meta name=\"twitter:label1\" content=\"Dur\u00e9e de lecture estim\u00e9e\" \/>\n\t<meta name=\"twitter:data1\" content=\"2 minutes\" \/>\n<script type=\"application\/ld+json\" class=\"yoast-schema-graph\">{\"@context\":\"https:\\\/\\\/schema.org\",\"@graph\":[{\"@type\":\"WebPage\",\"@id\":\"https:\\\/\\\/www.industri-sl.com\\\/fr\\\/transport\\\/pieces-detachees\\\/autobus\\\/irizar\\\/retroviseurs\\\/\",\"url\":\"https:\\\/\\\/www.industri-sl.com\\\/fr\\\/transport\\\/pieces-detachees\\\/autobus\\\/irizar\\\/retroviseurs\\\/\",\"name\":\"R\u00e9troviseurs de rechange pour autobus Irizar - INDUSTRI\",\"isPartOf\":{\"@id\":\"https:\\\/\\\/www.industri-sl.com\\\/fr\\\/#website\"},\"primaryImageOfPage\":{\"@id\":\"https:\\\/\\\/www.industri-sl.com\\\/fr\\\/transport\\\/pieces-detachees\\\/autobus\\\/irizar\\\/retroviseurs\\\/#primaryimage\"},\"image\":{\"@id\":\"https:\\\/\\\/www.industri-sl.com\\\/fr\\\/transport\\\/pieces-detachees\\\/autobus\\\/irizar\\\/retroviseurs\\\/#primaryimage\"},\"thumbnailUrl\":\"https:\\\/\\\/www.industri-sl.com\\\/wp-content\\\/uploads\\\/cortina-electrica-enrollable-1-300x225.jpg\",\"datePublished\":\"2019-10-02T10:41:34+00:00\",\"dateModified\":\"2025-03-31T10:43:16+00:00\",\"description\":\"INDUSTRI fabrique des r\u00e9troviseurs de rechange sur mesure pour les autobus Irizar, ext\u00e9rieurs et int\u00e9rieurs, mais aussi des composants pour ces r\u00e9troviseurs.\",\"breadcrumb\":{\"@id\":\"https:\\\/\\\/www.industri-sl.com\\\/fr\\\/transport\\\/pieces-detachees\\\/autobus\\\/irizar\\\/retroviseurs\\\/#breadcrumb\"},\"inLanguage\":\"fr-FR\",\"potentialAction\":[{\"@type\":\"ReadAction\",\"target\":[\"https:\\\/\\\/www.industri-sl.com\\\/fr\\\/transport\\\/pieces-detachees\\\/autobus\\\/irizar\\\/retroviseurs\\\/\"]}]},{\"@type\":\"ImageObject\",\"inLanguage\":\"fr-FR\",\"@id\":\"https:\\\/\\\/www.industri-sl.com\\\/fr\\\/transport\\\/pieces-detachees\\\/autobus\\\/irizar\\\/retroviseurs\\\/#primaryimage\",\"url\":\"https:\\\/\\\/www.industri-sl.com\\\/wp-content\\\/uploads\\\/cortina-electrica-enrollable-1-300x225.jpg\",\"contentUrl\":\"https:\\\/\\\/www.industri-sl.com\\\/wp-content\\\/uploads\\\/cortina-electrica-enrollable-1-300x225.jpg\"},{\"@type\":\"BreadcrumbList\",\"@id\":\"https:\\\/\\\/www.industri-sl.com\\\/fr\\\/transport\\\/pieces-detachees\\\/autobus\\\/irizar\\\/retroviseurs\\\/#breadcrumb\",\"itemListElement\":[{\"@type\":\"ListItem\",\"position\":1,\"name\":\"Inicio\",\"item\":\"https:\\\/\\\/www.industri-sl.com\\\/fr\\\/\"},{\"@type\":\"ListItem\",\"position\":2,\"name\":\"Division Transport\",\"item\":\"https:\\\/\\\/www.industri-sl.com\\\/fr\\\/transport\\\/\"},{\"@type\":\"ListItem\",\"position\":3,\"name\":\"Catalogue de pi\u00e8ces d\u00e9tach\u00e9es\",\"item\":\"https:\\\/\\\/www.industri-sl.com\\\/fr\\\/transport\\\/pieces-detachees\\\/\"},{\"@type\":\"ListItem\",\"position\":4,\"name\":\"Pi\u00e8ces de rechange et accessoires pour autobus\",\"item\":\"https:\\\/\\\/www.industri-sl.com\\\/fr\\\/transport\\\/pieces-detachees\\\/autobus\\\/\"},{\"@type\":\"ListItem\",\"position\":5,\"name\":\"Pi\u00e8ces de rechange pour autobus Irizar\",\"item\":\"https:\\\/\\\/www.industri-sl.com\\\/fr\\\/transport\\\/pieces-detachees\\\/autobus\\\/irizar\\\/\"},{\"@type\":\"ListItem\",\"position\":6,\"name\":\"Pi\u00e8ces de rechange pour r\u00e9troviseurs Irizar\"}]},{\"@type\":\"WebSite\",\"@id\":\"https:\\\/\\\/www.industri-sl.com\\\/fr\\\/#website\",\"url\":\"https:\\\/\\\/www.industri-sl.com\\\/fr\\\/\",\"name\":\"Industri SL\",\"description\":\"\",\"publisher\":{\"@id\":\"https:\\\/\\\/www.industri-sl.com\\\/fr\\\/#organization\"},\"potentialAction\":[{\"@type\":\"SearchAction\",\"target\":{\"@type\":\"EntryPoint\",\"urlTemplate\":\"https:\\\/\\\/www.industri-sl.com\\\/fr\\\/?s={search_term_string}\"},\"query-input\":{\"@type\":\"PropertyValueSpecification\",\"valueRequired\":true,\"valueName\":\"search_term_string\"}}],\"inLanguage\":\"fr-FR\"},{\"@type\":\"Organization\",\"@id\":\"https:\\\/\\\/www.industri-sl.com\\\/fr\\\/#organization\",\"name\":\"Industri SL\",\"url\":\"https:\\\/\\\/www.industri-sl.com\\\/fr\\\/\",\"logo\":{\"@type\":\"ImageObject\",\"inLanguage\":\"fr-FR\",\"@id\":\"https:\\\/\\\/www.industri-sl.com\\\/fr\\\/#\\\/schema\\\/logo\\\/image\\\/\",\"url\":\"https:\\\/\\\/www.industri-sl.com\\\/wp-content\\\/uploads\\\/industri-logo.png\",\"contentUrl\":\"https:\\\/\\\/www.industri-sl.com\\\/wp-content\\\/uploads\\\/industri-logo.png\",\"width\":248,\"height\":45,\"caption\":\"Industri SL\"},\"image\":{\"@id\":\"https:\\\/\\\/www.industri-sl.com\\\/fr\\\/#\\\/schema\\\/logo\\\/image\\\/\"}}]}<\/script>\n<!-- \/ Yoast SEO plugin. -->","yoast_head_json":{"title":"R\u00e9troviseurs de rechange pour autobus Irizar - INDUSTRI","description":"INDUSTRI fabrique des r\u00e9troviseurs de rechange sur mesure pour les autobus Irizar, ext\u00e9rieurs et int\u00e9rieurs, mais aussi des composants pour ces r\u00e9troviseurs.","robots":{"index":"index","follow":"follow","max-snippet":"max-snippet:-1","max-image-preview":"max-image-preview:large","max-video-preview":"max-video-preview:-1"},"canonical":"https:\/\/www.industri-sl.com\/fr\/transport\/pieces-detachees\/autobus\/irizar\/retroviseurs\/","og_locale":"fr_FR","og_type":"article","og_title":"R\u00e9troviseurs de rechange pour autobus Irizar - INDUSTRI","og_description":"INDUSTRI fabrique des r\u00e9troviseurs de rechange sur mesure pour les autobus Irizar, ext\u00e9rieurs et int\u00e9rieurs, mais aussi des composants pour ces r\u00e9troviseurs.","og_url":"https:\/\/www.industri-sl.com\/fr\/transport\/pieces-detachees\/autobus\/irizar\/retroviseurs\/","og_site_name":"Industri SL","article_modified_time":"2025-03-31T10:43:16+00:00","og_image":[{"url":"https:\/\/www.industri-sl.com\/wp-content\/uploads\/espejo-kreta-1-1.jpg","type":"","width":"","height":""}],"twitter_card":"summary_large_image","twitter_misc":{"Dur\u00e9e de lecture estim\u00e9e":"2 minutes"},"schema":{"@context":"https:\/\/schema.org","@graph":[{"@type":"WebPage","@id":"https:\/\/www.industri-sl.com\/fr\/transport\/pieces-detachees\/autobus\/irizar\/retroviseurs\/","url":"https:\/\/www.industri-sl.com\/fr\/transport\/pieces-detachees\/autobus\/irizar\/retroviseurs\/","name":"R\u00e9troviseurs de rechange pour autobus Irizar - INDUSTRI","isPartOf":{"@id":"https:\/\/www.industri-sl.com\/fr\/#website"},"primaryImageOfPage":{"@id":"https:\/\/www.industri-sl.com\/fr\/transport\/pieces-detachees\/autobus\/irizar\/retroviseurs\/#primaryimage"},"image":{"@id":"https:\/\/www.industri-sl.com\/fr\/transport\/pieces-detachees\/autobus\/irizar\/retroviseurs\/#primaryimage"},"thumbnailUrl":"https:\/\/www.industri-sl.com\/wp-content\/uploads\/cortina-electrica-enrollable-1-300x225.jpg","datePublished":"2019-10-02T10:41:34+00:00","dateModified":"2025-03-31T10:43:16+00:00","description":"INDUSTRI fabrique des r\u00e9troviseurs de rechange sur mesure pour les autobus Irizar, ext\u00e9rieurs et int\u00e9rieurs, mais aussi des composants pour ces r\u00e9troviseurs.","breadcrumb":{"@id":"https:\/\/www.industri-sl.com\/fr\/transport\/pieces-detachees\/autobus\/irizar\/retroviseurs\/#breadcrumb"},"inLanguage":"fr-FR","potentialAction":[{"@type":"ReadAction","target":["https:\/\/www.industri-sl.com\/fr\/transport\/pieces-detachees\/autobus\/irizar\/retroviseurs\/"]}]},{"@type":"ImageObject","inLanguage":"fr-FR","@id":"https:\/\/www.industri-sl.com\/fr\/transport\/pieces-detachees\/autobus\/irizar\/retroviseurs\/#primaryimage","url":"https:\/\/www.industri-sl.com\/wp-content\/uploads\/cortina-electrica-enrollable-1-300x225.jpg","contentUrl":"https:\/\/www.industri-sl.com\/wp-content\/uploads\/cortina-electrica-enrollable-1-300x225.jpg"},{"@type":"BreadcrumbList","@id":"https:\/\/www.industri-sl.com\/fr\/transport\/pieces-detachees\/autobus\/irizar\/retroviseurs\/#breadcrumb","itemListElement":[{"@type":"ListItem","position":1,"name":"Inicio","item":"https:\/\/www.industri-sl.com\/fr\/"},{"@type":"ListItem","position":2,"name":"Division Transport","item":"https:\/\/www.industri-sl.com\/fr\/transport\/"},{"@type":"ListItem","position":3,"name":"Catalogue de pi\u00e8ces d\u00e9tach\u00e9es","item":"https:\/\/www.industri-sl.com\/fr\/transport\/pieces-detachees\/"},{"@type":"ListItem","position":4,"name":"Pi\u00e8ces de rechange et accessoires pour autobus","item":"https:\/\/www.industri-sl.com\/fr\/transport\/pieces-detachees\/autobus\/"},{"@type":"ListItem","position":5,"name":"Pi\u00e8ces de rechange pour autobus Irizar","item":"https:\/\/www.industri-sl.com\/fr\/transport\/pieces-detachees\/autobus\/irizar\/"},{"@type":"ListItem","position":6,"name":"Pi\u00e8ces de rechange pour r\u00e9troviseurs Irizar"}]},{"@type":"WebSite","@id":"https:\/\/www.industri-sl.com\/fr\/#website","url":"https:\/\/www.industri-sl.com\/fr\/","name":"Industri SL","description":"","publisher":{"@id":"https:\/\/www.industri-sl.com\/fr\/#organization"},"potentialAction":[{"@type":"SearchAction","target":{"@type":"EntryPoint","urlTemplate":"https:\/\/www.industri-sl.com\/fr\/?s={search_term_string}"},"query-input":{"@type":"PropertyValueSpecification","valueRequired":true,"valueName":"search_term_string"}}],"inLanguage":"fr-FR"},{"@type":"Organization","@id":"https:\/\/www.industri-sl.com\/fr\/#organization","name":"Industri SL","url":"https:\/\/www.industri-sl.com\/fr\/","logo":{"@type":"ImageObject","inLanguage":"fr-FR","@id":"https:\/\/www.industri-sl.com\/fr\/#\/schema\/logo\/image\/","url":"https:\/\/www.industri-sl.com\/wp-content\/uploads\/industri-logo.png","contentUrl":"https:\/\/www.industri-sl.com\/wp-content\/uploads\/industri-logo.png","width":248,"height":45,"caption":"Industri SL"},"image":{"@id":"https:\/\/www.industri-sl.com\/fr\/#\/schema\/logo\/image\/"}}]}},"_links":{"self":[{"href":"https:\/\/www.industri-sl.com\/fr\/wp-json\/wp\/v2\/pages\/9213","targetHints":{"allow":["GET"]}}],"collection":[{"href":"https:\/\/www.industri-sl.com\/fr\/wp-json\/wp\/v2\/pages"}],"about":[{"href":"https:\/\/www.industri-sl.com\/fr\/wp-json\/wp\/v2\/types\/page"}],"author":[{"embeddable":true,"href":"https:\/\/www.industri-sl.com\/fr\/wp-json\/wp\/v2\/users\/3"}],"replies":[{"embeddable":true,"href":"https:\/\/www.industri-sl.com\/fr\/wp-json\/wp\/v2\/comments?post=9213"}],"version-history":[{"count":0,"href":"https:\/\/www.industri-sl.com\/fr\/wp-json\/wp\/v2\/pages\/9213\/revisions"}],"up":[{"embeddable":true,"href":"https:\/\/www.industri-sl.com\/fr\/wp-json\/wp\/v2\/pages\/9191"}],"wp:attachment":[{"href":"https:\/\/www.industri-sl.com\/fr\/wp-json\/wp\/v2\/media?parent=9213"}],"curies":[{"name":"wp","href":"https:\/\/api.w.org\/{rel}","templated":true}]}}