{"id":9207,"date":"2019-10-02T12:10:33","date_gmt":"2019-10-02T10:10:33","guid":{"rendered":"https:\/\/www.industri-sl.com\/transport\/pieces-detachees\/autobus\/irizar\/i8\/"},"modified":"2025-03-31T12:41:48","modified_gmt":"2025-03-31T10:41:48","slug":"i8","status":"publish","type":"page","link":"https:\/\/www.industri-sl.com\/fr\/transport\/pieces-detachees\/autobus\/irizar\/i8\/","title":{"rendered":"Pi\u00e8ces de rechange pour Irizar i8"},"content":{"rendered":"<h2>Pi\u00e8ces d\u00e9tach\u00e9es et accessoires pour le mod\u00e8le Irizar i8<\/h2>\n<p>INDUSTRI <a href=\"https:\/\/www.industri-sl.com\/fr\/ingenierie\/\">fabrique en exclusivit\u00e9<\/a> des pi\u00e8ces de rechange pour la compagnie Autobuses Irizar, fabricant d\u2019autocars de luxe, leader de son secteur en Espagne et deuxi\u00e8me \u00e0 l\u2019\u00e9chelle europ\u00e9enne.<\/p>\n<p>Parmi les divers mod\u00e8les d&rsquo;autobus fabriqu\u00e9s par Irizar se trouve l&rsquo;Irizar i8, le mod\u00e8le le plus exceptionnel \u00e0 ce jour de toute la gamme Irizar, r\u00e9compens\u00e9 en 2018 par le prix au \u00ab Meilleur autocar de l\u2019ann\u00e9e en Europe \u00bb, positionnant Irizar comme <strong>l\u2019un des meilleurs fabricants ind\u00e9pendants europ\u00e9ens<\/strong> du secteur. <\/p>\n<p>INDUSTRI fabrique des pi\u00e8ces de rechange en exclusivit\u00e9 pour les autobus Irizar i8, telles que charni\u00e8res de porte-bagages, r\u00e9troviseurs sp\u00e9cifiques \u00e0 <a href=\"https:\/\/www.industri-sl.com\/fr\/transport\/pieces-detachees\/autobus\/\">diff\u00e9rents mod\u00e8les d\u2019autobus<\/a>, toits ouvrants, repose-pieds, enjoliveurs et rideaux.<\/p>\n<p>Tous ces \u00e9l\u00e9ments sont fabriqu\u00e9s en <strong>respectant la qualit\u00e9 et les sp\u00e9cifications exig\u00e9es<\/strong> par une marque de prestige comme Irizar.<\/p>\n<div class=\"otras-piezas\">\n<h4>Pi\u00e8ces de rechange disponibles:<\/h4>\n<div><a class=\"boton gris\" href=\"https:\/\/www.industri-sl.com\/fr\/transport\/pieces-detachees\/autobus\/irizar\/rideaux\/\">Rideaux<\/a><a class=\"boton gris\" href=\"https:\/\/www.industri-sl.com\/fr\/transport\/pieces-detachees\/autobus\/irizar\/retroviseurs\/\">R\u00e9troviseurs<\/a><a class=\"boton gris\" href=\"https:\/\/www.industri-sl.com\/fr\/transport\/pieces-detachees\/autobus\/irizar\/toits-ouvrants\/\">Toits ouvrants<\/a><a class=\"boton gris\" href=\"https:\/\/www.industri-sl.com\/fr\/transport\/pieces-detachees\/autobus\/irizar\/charnieres\/\">Charni\u00e8res<\/a><a class=\"boton gris\" href=\"https:\/\/www.industri-sl.com\/fr\/transport\/pieces-detachees\/autobus\/irizar\/enjoliveurs\/\">Enjoliveurs<\/a><a class=\"boton gris\" href=\"https:\/\/www.industri-sl.com\/fr\/transport\/pieces-detachees\/autobus\/irizar\/repose-pieds\/\">Repose-pieds<\/a><a class=\"boton gris\" href=\"https:\/\/www.industri-sl.com\/fr\/transport\/pieces-detachees\/autobus\/irizar\/trappes-carburant\/\">Trappes \u00e0 carburant<\/a><\/div>\n<\/div>\n<div class=\"slider-gallery-wrapper \"><div class=\"slider-gallery\"><div id=\"sliderify-carousel-1\" class=\"owl-carousel\"><div class=\"sliderify-owl-item-inner\"><img decoding=\"async\" src=\"https:\/\/www.industri-sl.com\/wp-content\/uploads\/i8-1-3.jpg\"><\/div><div class=\"sliderify-owl-item-inner\"><img decoding=\"async\" src=\"https:\/\/www.industri-sl.com\/wp-content\/uploads\/i8-2-2.jpg\"><\/div><div class=\"sliderify-owl-item-inner\"><img decoding=\"async\" src=\"https:\/\/www.industri-sl.com\/wp-content\/uploads\/i8-electrico-5-1.jpg\"><\/div><div class=\"sliderify-owl-item-inner\"><img decoding=\"async\" src=\"https:\/\/www.industri-sl.com\/wp-content\/uploads\/i8-3-1.jpg\"><\/div><\/div><!-- .owl-carousel --><\/div><!-- .slider-gallery --><\/div><!-- .slider-gallery-wrapper --><script>\n\t\t\tjQuery(document).ready(function($){\n\t\t\t\tcarousel1 = $('#sliderify-carousel-1');\ncarousel1.imagesLoaded(function(){carousel1.owlCarousel({items:2,\nstagePadding:0,\nnav:1,\nnavText:['<span><\/span><span><\/span>','<span><\/span><span><\/span>'],\ncenter:1,\nloop:1,\nmargin:0,\nautoWidth:false,\nautoHeight:true,\nstageOuterClass:'sliderify-stage-outer',\nstageClass:'sliderify-stage',\nnavContainerClass:'sliderify-nav',\ncontrolsClass:'sliderify-controls',\ndotsClass:'sliderify-dots',\ndotClass:'sliderify-dot',\nonInitialized:function(event){\n\t\t\t\tconsole.log('init');\n\t\t\t},\n});});\n});\n\t\t\t<\/script>\n<div class=\"modelos\">\n<h4>Autres mod\u00e8les d\u2019Irizar pour lesquels nous fabriquons des pi\u00e8ces de rechange:<\/h4>\n<div class=\"flex\">\n<a href=\"https:\/\/www.industri-sl.com\/fr\/transport\/pieces-detachees\/autobus\/irizar\/i6\/\"><img loading=\"lazy\" decoding=\"async\" class=\"alignnone wp-image-1728 size-medium\" src=\"https:\/\/www.industri-sl.com\/wp-content\/uploads\/i6-3-3-300x224.jpg\" alt=\"Pi\u00e8ces d\u00e9tach\u00e9es et accessoires pour le mod\u00e8le Irizar I6\" width=\"300\" height=\"224\" srcset=\"https:\/\/www.industri-sl.com\/wp-content\/uploads\/i6-3-3-300x224.jpg 300w, https:\/\/www.industri-sl.com\/wp-content\/uploads\/i6-3-3-768x574.jpg 768w, https:\/\/www.industri-sl.com\/wp-content\/uploads\/i6-3-3.jpg 800w\" sizes=\"auto, (max-width: 300px) 100vw, 300px\" \/><br \/>\n<span>Irizar i6<\/span><\/a><br \/>\n<a href=\"https:\/\/www.industri-sl.com\/fr\/transport\/pieces-detachees\/autobus\/irizar\/century\/\"><img loading=\"lazy\" decoding=\"async\" class=\"alignnone wp-image-1732 size-medium\" src=\"https:\/\/www.industri-sl.com\/wp-content\/uploads\/century-3-2-300x224.jpg\" alt=\"Pi\u00e8ces d\u00e9tach\u00e9es et accessoires pour le mod\u00e8le Irizar Century\" width=\"300\" height=\"224\" srcset=\"https:\/\/www.industri-sl.com\/wp-content\/uploads\/century-3-2-300x224.jpg 300w, https:\/\/www.industri-sl.com\/wp-content\/uploads\/century-3-2-768x574.jpg 768w, https:\/\/www.industri-sl.com\/wp-content\/uploads\/century-3-2.jpg 800w\" sizes=\"auto, (max-width: 300px) 100vw, 300px\" \/><br \/>\n<span>Irizar Century<\/span><\/a><br \/>\n<a href=\"https:\/\/www.industri-sl.com\/fr\/transport\/pieces-detachees\/autobus\/irizar\/pb\/\"><img loading=\"lazy\" decoding=\"async\" class=\"alignnone wp-image-1696 size-medium\" src=\"https:\/\/www.industri-sl.com\/wp-content\/uploads\/pb-1-3-300x225.jpg\" alt=\"Pi\u00e8ces d\u00e9tach\u00e9es et accessoires pour le mod\u00e8le Irizar PB\" width=\"300\" height=\"225\" srcset=\"https:\/\/www.industri-sl.com\/wp-content\/uploads\/pb-1-3-300x225.jpg 300w, https:\/\/www.industri-sl.com\/wp-content\/uploads\/pb-1-3-768x576.jpg 768w, https:\/\/www.industri-sl.com\/wp-content\/uploads\/pb-1-3.jpg 800w\" sizes=\"auto, (max-width: 300px) 100vw, 300px\" \/><br \/>\n<span>Irizar Pb<\/span><\/a><br \/>\n<a href=\"https:\/\/www.industri-sl.com\/fr\/transport\/pieces-detachees\/autobus\/irizar\/i4\/\"><img loading=\"lazy\" decoding=\"async\" class=\"alignnone wp-image-3224 size-medium\" src=\"https:\/\/www.industri-sl.com\/wp-content\/uploads\/i4-2-300x225.jpg\" alt=\"Pi\u00e8ces d\u00e9tach\u00e9es et accessoires pour le mod\u00e8le Irizar I4\" width=\"300\" height=\"225\" srcset=\"https:\/\/www.industri-sl.com\/wp-content\/uploads\/i4-2-300x225.jpg 300w, https:\/\/www.industri-sl.com\/wp-content\/uploads\/i4-2-768x576.jpg 768w, https:\/\/www.industri-sl.com\/wp-content\/uploads\/i4-2.jpg 800w\" sizes=\"auto, (max-width: 300px) 100vw, 300px\" \/><br \/>\n<span>Irizar I4<\/span><\/a>\n<\/div>\n<\/div>\n","protected":false},"excerpt":{"rendered":"<p>Pi\u00e8ces d\u00e9tach\u00e9es et accessoires pour le mod\u00e8le Irizar i8 INDUSTRI fabrique en exclusivit\u00e9 des pi\u00e8ces de rechange pour la compagnie Autobuses Irizar, fabricant d\u2019autocars de luxe, leader de son secteur en Espagne et deuxi\u00e8me \u00e0 l\u2019\u00e9chelle europ\u00e9enne. Parmi les divers mod\u00e8les d&rsquo;autobus fabriqu\u00e9s par Irizar se trouve l&rsquo;Irizar i8, le mod\u00e8le le plus exceptionnel \u00e0 [&hellip;]<\/p>\n","protected":false},"author":3,"featured_media":0,"parent":9191,"menu_order":0,"comment_status":"closed","ping_status":"closed","template":"page-vehiculos.php","meta":{"footnotes":""},"class_list":["post-9207","page","type-page","status-publish","hentry"],"yoast_head":"<!-- This site is optimized with the Yoast SEO plugin v27.5 - https:\/\/yoast.com\/product\/yoast-seo-wordpress\/ -->\n<title>Pi\u00e8ces de rechange et accessoires pour autobus Irizar I8 - INDUSTRI<\/title>\n<meta name=\"description\" content=\"INDUSTRI fabrique des pi\u00e8ces d\u00e9tach\u00e9es en exclusivit\u00e9 pour les autobus Irizar I8, telles que rideaux, r\u00e9troviseurs ou charni\u00e8res, entre autres.\" \/>\n<meta name=\"robots\" content=\"index, follow, max-snippet:-1, max-image-preview:large, max-video-preview:-1\" \/>\n<link rel=\"canonical\" href=\"https:\/\/www.industri-sl.com\/fr\/transport\/pieces-detachees\/autobus\/irizar\/i8\/\" \/>\n<meta property=\"og:locale\" content=\"fr_FR\" \/>\n<meta property=\"og:type\" content=\"article\" \/>\n<meta property=\"og:title\" content=\"Pi\u00e8ces de rechange et accessoires pour autobus Irizar I8 - INDUSTRI\" \/>\n<meta property=\"og:description\" content=\"INDUSTRI fabrique des pi\u00e8ces d\u00e9tach\u00e9es en exclusivit\u00e9 pour les autobus Irizar I8, telles que rideaux, r\u00e9troviseurs ou charni\u00e8res, entre autres.\" \/>\n<meta property=\"og:url\" content=\"https:\/\/www.industri-sl.com\/fr\/transport\/pieces-detachees\/autobus\/irizar\/i8\/\" \/>\n<meta property=\"og:site_name\" content=\"Industri SL\" \/>\n<meta property=\"article:modified_time\" content=\"2025-03-31T10:41:48+00:00\" \/>\n<meta property=\"og:image\" content=\"https:\/\/www.industri-sl.com\/wp-content\/uploads\/i8-1-3.jpg\" \/>\n<meta name=\"twitter:card\" content=\"summary_large_image\" \/>\n<meta name=\"twitter:label1\" content=\"Dur\u00e9e de lecture estim\u00e9e\" \/>\n\t<meta name=\"twitter:data1\" content=\"2 minutes\" \/>\n<script type=\"application\/ld+json\" class=\"yoast-schema-graph\">{\"@context\":\"https:\\\/\\\/schema.org\",\"@graph\":[{\"@type\":\"WebPage\",\"@id\":\"https:\\\/\\\/www.industri-sl.com\\\/fr\\\/transport\\\/pieces-detachees\\\/autobus\\\/irizar\\\/i8\\\/\",\"url\":\"https:\\\/\\\/www.industri-sl.com\\\/fr\\\/transport\\\/pieces-detachees\\\/autobus\\\/irizar\\\/i8\\\/\",\"name\":\"Pi\u00e8ces de rechange et accessoires pour autobus Irizar I8 - INDUSTRI\",\"isPartOf\":{\"@id\":\"https:\\\/\\\/www.industri-sl.com\\\/fr\\\/#website\"},\"primaryImageOfPage\":{\"@id\":\"https:\\\/\\\/www.industri-sl.com\\\/fr\\\/transport\\\/pieces-detachees\\\/autobus\\\/irizar\\\/i8\\\/#primaryimage\"},\"image\":{\"@id\":\"https:\\\/\\\/www.industri-sl.com\\\/fr\\\/transport\\\/pieces-detachees\\\/autobus\\\/irizar\\\/i8\\\/#primaryimage\"},\"thumbnailUrl\":\"https:\\\/\\\/www.industri-sl.com\\\/wp-content\\\/uploads\\\/i6-3-3-300x224.jpg\",\"datePublished\":\"2019-10-02T10:10:33+00:00\",\"dateModified\":\"2025-03-31T10:41:48+00:00\",\"description\":\"INDUSTRI fabrique des pi\u00e8ces d\u00e9tach\u00e9es en exclusivit\u00e9 pour les autobus Irizar I8, telles que rideaux, r\u00e9troviseurs ou charni\u00e8res, entre autres.\",\"breadcrumb\":{\"@id\":\"https:\\\/\\\/www.industri-sl.com\\\/fr\\\/transport\\\/pieces-detachees\\\/autobus\\\/irizar\\\/i8\\\/#breadcrumb\"},\"inLanguage\":\"fr-FR\",\"potentialAction\":[{\"@type\":\"ReadAction\",\"target\":[\"https:\\\/\\\/www.industri-sl.com\\\/fr\\\/transport\\\/pieces-detachees\\\/autobus\\\/irizar\\\/i8\\\/\"]}]},{\"@type\":\"ImageObject\",\"inLanguage\":\"fr-FR\",\"@id\":\"https:\\\/\\\/www.industri-sl.com\\\/fr\\\/transport\\\/pieces-detachees\\\/autobus\\\/irizar\\\/i8\\\/#primaryimage\",\"url\":\"https:\\\/\\\/www.industri-sl.com\\\/wp-content\\\/uploads\\\/i6-3-3-300x224.jpg\",\"contentUrl\":\"https:\\\/\\\/www.industri-sl.com\\\/wp-content\\\/uploads\\\/i6-3-3-300x224.jpg\"},{\"@type\":\"BreadcrumbList\",\"@id\":\"https:\\\/\\\/www.industri-sl.com\\\/fr\\\/transport\\\/pieces-detachees\\\/autobus\\\/irizar\\\/i8\\\/#breadcrumb\",\"itemListElement\":[{\"@type\":\"ListItem\",\"position\":1,\"name\":\"Inicio\",\"item\":\"https:\\\/\\\/www.industri-sl.com\\\/fr\\\/\"},{\"@type\":\"ListItem\",\"position\":2,\"name\":\"Division Transport\",\"item\":\"https:\\\/\\\/www.industri-sl.com\\\/fr\\\/transport\\\/\"},{\"@type\":\"ListItem\",\"position\":3,\"name\":\"Catalogue de pi\u00e8ces d\u00e9tach\u00e9es\",\"item\":\"https:\\\/\\\/www.industri-sl.com\\\/fr\\\/transport\\\/pieces-detachees\\\/\"},{\"@type\":\"ListItem\",\"position\":4,\"name\":\"Pi\u00e8ces de rechange et accessoires pour autobus\",\"item\":\"https:\\\/\\\/www.industri-sl.com\\\/fr\\\/transport\\\/pieces-detachees\\\/autobus\\\/\"},{\"@type\":\"ListItem\",\"position\":5,\"name\":\"Pi\u00e8ces de rechange pour autobus Irizar\",\"item\":\"https:\\\/\\\/www.industri-sl.com\\\/fr\\\/transport\\\/pieces-detachees\\\/autobus\\\/irizar\\\/\"},{\"@type\":\"ListItem\",\"position\":6,\"name\":\"Pi\u00e8ces de rechange pour Irizar i8\"}]},{\"@type\":\"WebSite\",\"@id\":\"https:\\\/\\\/www.industri-sl.com\\\/fr\\\/#website\",\"url\":\"https:\\\/\\\/www.industri-sl.com\\\/fr\\\/\",\"name\":\"Industri SL\",\"description\":\"\",\"publisher\":{\"@id\":\"https:\\\/\\\/www.industri-sl.com\\\/fr\\\/#organization\"},\"potentialAction\":[{\"@type\":\"SearchAction\",\"target\":{\"@type\":\"EntryPoint\",\"urlTemplate\":\"https:\\\/\\\/www.industri-sl.com\\\/fr\\\/?s={search_term_string}\"},\"query-input\":{\"@type\":\"PropertyValueSpecification\",\"valueRequired\":true,\"valueName\":\"search_term_string\"}}],\"inLanguage\":\"fr-FR\"},{\"@type\":\"Organization\",\"@id\":\"https:\\\/\\\/www.industri-sl.com\\\/fr\\\/#organization\",\"name\":\"Industri SL\",\"url\":\"https:\\\/\\\/www.industri-sl.com\\\/fr\\\/\",\"logo\":{\"@type\":\"ImageObject\",\"inLanguage\":\"fr-FR\",\"@id\":\"https:\\\/\\\/www.industri-sl.com\\\/fr\\\/#\\\/schema\\\/logo\\\/image\\\/\",\"url\":\"https:\\\/\\\/www.industri-sl.com\\\/wp-content\\\/uploads\\\/industri-logo.png\",\"contentUrl\":\"https:\\\/\\\/www.industri-sl.com\\\/wp-content\\\/uploads\\\/industri-logo.png\",\"width\":248,\"height\":45,\"caption\":\"Industri SL\"},\"image\":{\"@id\":\"https:\\\/\\\/www.industri-sl.com\\\/fr\\\/#\\\/schema\\\/logo\\\/image\\\/\"}}]}<\/script>\n<!-- \/ Yoast SEO plugin. -->","yoast_head_json":{"title":"Pi\u00e8ces de rechange et accessoires pour autobus Irizar I8 - INDUSTRI","description":"INDUSTRI fabrique des pi\u00e8ces d\u00e9tach\u00e9es en exclusivit\u00e9 pour les autobus Irizar I8, telles que rideaux, r\u00e9troviseurs ou charni\u00e8res, entre autres.","robots":{"index":"index","follow":"follow","max-snippet":"max-snippet:-1","max-image-preview":"max-image-preview:large","max-video-preview":"max-video-preview:-1"},"canonical":"https:\/\/www.industri-sl.com\/fr\/transport\/pieces-detachees\/autobus\/irizar\/i8\/","og_locale":"fr_FR","og_type":"article","og_title":"Pi\u00e8ces de rechange et accessoires pour autobus Irizar I8 - INDUSTRI","og_description":"INDUSTRI fabrique des pi\u00e8ces d\u00e9tach\u00e9es en exclusivit\u00e9 pour les autobus Irizar I8, telles que rideaux, r\u00e9troviseurs ou charni\u00e8res, entre autres.","og_url":"https:\/\/www.industri-sl.com\/fr\/transport\/pieces-detachees\/autobus\/irizar\/i8\/","og_site_name":"Industri SL","article_modified_time":"2025-03-31T10:41:48+00:00","og_image":[{"url":"https:\/\/www.industri-sl.com\/wp-content\/uploads\/i8-1-3.jpg","type":"","width":"","height":""}],"twitter_card":"summary_large_image","twitter_misc":{"Dur\u00e9e de lecture estim\u00e9e":"2 minutes"},"schema":{"@context":"https:\/\/schema.org","@graph":[{"@type":"WebPage","@id":"https:\/\/www.industri-sl.com\/fr\/transport\/pieces-detachees\/autobus\/irizar\/i8\/","url":"https:\/\/www.industri-sl.com\/fr\/transport\/pieces-detachees\/autobus\/irizar\/i8\/","name":"Pi\u00e8ces de rechange et accessoires pour autobus Irizar I8 - INDUSTRI","isPartOf":{"@id":"https:\/\/www.industri-sl.com\/fr\/#website"},"primaryImageOfPage":{"@id":"https:\/\/www.industri-sl.com\/fr\/transport\/pieces-detachees\/autobus\/irizar\/i8\/#primaryimage"},"image":{"@id":"https:\/\/www.industri-sl.com\/fr\/transport\/pieces-detachees\/autobus\/irizar\/i8\/#primaryimage"},"thumbnailUrl":"https:\/\/www.industri-sl.com\/wp-content\/uploads\/i6-3-3-300x224.jpg","datePublished":"2019-10-02T10:10:33+00:00","dateModified":"2025-03-31T10:41:48+00:00","description":"INDUSTRI fabrique des pi\u00e8ces d\u00e9tach\u00e9es en exclusivit\u00e9 pour les autobus Irizar I8, telles que rideaux, r\u00e9troviseurs ou charni\u00e8res, entre autres.","breadcrumb":{"@id":"https:\/\/www.industri-sl.com\/fr\/transport\/pieces-detachees\/autobus\/irizar\/i8\/#breadcrumb"},"inLanguage":"fr-FR","potentialAction":[{"@type":"ReadAction","target":["https:\/\/www.industri-sl.com\/fr\/transport\/pieces-detachees\/autobus\/irizar\/i8\/"]}]},{"@type":"ImageObject","inLanguage":"fr-FR","@id":"https:\/\/www.industri-sl.com\/fr\/transport\/pieces-detachees\/autobus\/irizar\/i8\/#primaryimage","url":"https:\/\/www.industri-sl.com\/wp-content\/uploads\/i6-3-3-300x224.jpg","contentUrl":"https:\/\/www.industri-sl.com\/wp-content\/uploads\/i6-3-3-300x224.jpg"},{"@type":"BreadcrumbList","@id":"https:\/\/www.industri-sl.com\/fr\/transport\/pieces-detachees\/autobus\/irizar\/i8\/#breadcrumb","itemListElement":[{"@type":"ListItem","position":1,"name":"Inicio","item":"https:\/\/www.industri-sl.com\/fr\/"},{"@type":"ListItem","position":2,"name":"Division Transport","item":"https:\/\/www.industri-sl.com\/fr\/transport\/"},{"@type":"ListItem","position":3,"name":"Catalogue de pi\u00e8ces d\u00e9tach\u00e9es","item":"https:\/\/www.industri-sl.com\/fr\/transport\/pieces-detachees\/"},{"@type":"ListItem","position":4,"name":"Pi\u00e8ces de rechange et accessoires pour autobus","item":"https:\/\/www.industri-sl.com\/fr\/transport\/pieces-detachees\/autobus\/"},{"@type":"ListItem","position":5,"name":"Pi\u00e8ces de rechange pour autobus Irizar","item":"https:\/\/www.industri-sl.com\/fr\/transport\/pieces-detachees\/autobus\/irizar\/"},{"@type":"ListItem","position":6,"name":"Pi\u00e8ces de rechange pour Irizar i8"}]},{"@type":"WebSite","@id":"https:\/\/www.industri-sl.com\/fr\/#website","url":"https:\/\/www.industri-sl.com\/fr\/","name":"Industri SL","description":"","publisher":{"@id":"https:\/\/www.industri-sl.com\/fr\/#organization"},"potentialAction":[{"@type":"SearchAction","target":{"@type":"EntryPoint","urlTemplate":"https:\/\/www.industri-sl.com\/fr\/?s={search_term_string}"},"query-input":{"@type":"PropertyValueSpecification","valueRequired":true,"valueName":"search_term_string"}}],"inLanguage":"fr-FR"},{"@type":"Organization","@id":"https:\/\/www.industri-sl.com\/fr\/#organization","name":"Industri SL","url":"https:\/\/www.industri-sl.com\/fr\/","logo":{"@type":"ImageObject","inLanguage":"fr-FR","@id":"https:\/\/www.industri-sl.com\/fr\/#\/schema\/logo\/image\/","url":"https:\/\/www.industri-sl.com\/wp-content\/uploads\/industri-logo.png","contentUrl":"https:\/\/www.industri-sl.com\/wp-content\/uploads\/industri-logo.png","width":248,"height":45,"caption":"Industri SL"},"image":{"@id":"https:\/\/www.industri-sl.com\/fr\/#\/schema\/logo\/image\/"}}]}},"_links":{"self":[{"href":"https:\/\/www.industri-sl.com\/fr\/wp-json\/wp\/v2\/pages\/9207","targetHints":{"allow":["GET"]}}],"collection":[{"href":"https:\/\/www.industri-sl.com\/fr\/wp-json\/wp\/v2\/pages"}],"about":[{"href":"https:\/\/www.industri-sl.com\/fr\/wp-json\/wp\/v2\/types\/page"}],"author":[{"embeddable":true,"href":"https:\/\/www.industri-sl.com\/fr\/wp-json\/wp\/v2\/users\/3"}],"replies":[{"embeddable":true,"href":"https:\/\/www.industri-sl.com\/fr\/wp-json\/wp\/v2\/comments?post=9207"}],"version-history":[{"count":0,"href":"https:\/\/www.industri-sl.com\/fr\/wp-json\/wp\/v2\/pages\/9207\/revisions"}],"up":[{"embeddable":true,"href":"https:\/\/www.industri-sl.com\/fr\/wp-json\/wp\/v2\/pages\/9191"}],"wp:attachment":[{"href":"https:\/\/www.industri-sl.com\/fr\/wp-json\/wp\/v2\/media?parent=9207"}],"curies":[{"name":"wp","href":"https:\/\/api.w.org\/{rel}","templated":true}]}}