{"id":9201,"date":"2019-10-02T11:53:27","date_gmt":"2019-10-02T09:53:27","guid":{"rendered":"https:\/\/www.industri-sl.com\/transport\/pieces-detachees\/autobus\/irizar\/century\/"},"modified":"2025-03-31T12:40:31","modified_gmt":"2025-03-31T10:40:31","slug":"century","status":"publish","type":"page","link":"https:\/\/www.industri-sl.com\/fr\/transport\/pieces-detachees\/autobus\/irizar\/century\/","title":{"rendered":"Pi\u00e8ces de rechange pour Irizar Century"},"content":{"rendered":"<h2>Pi\u00e8ces d\u00e9tach\u00e9es et accessoires pour le mod\u00e8le Irizar Century<\/h2>\n<p><img loading=\"lazy\" decoding=\"async\" class=\"alignright wp-image-1732\" src=\"https:\/\/www.industri-sl.com\/wp-content\/uploads\/century-3-2.jpg\" alt=\"Pi\u00e8ces d\u00e9tach\u00e9es et accessoires pour le mod\u00e8le Irizar Century\" width=\"449\" height=\"336\" srcset=\"https:\/\/www.industri-sl.com\/wp-content\/uploads\/century-3-2.jpg 800w, https:\/\/www.industri-sl.com\/wp-content\/uploads\/century-3-2-300x224.jpg 300w, https:\/\/www.industri-sl.com\/wp-content\/uploads\/century-3-2-768x574.jpg 768w\" sizes=\"auto, (max-width: 449px) 100vw, 449px\" \/>INDUSTRI <strong>fabrique en exclusivit\u00e9<\/strong> des pi\u00e8ces de rechange pour la compagnie Autobuses Irizar, fabricant d\u2019autocars de luxe, leader de son secteur en Espagne et deuxi\u00e8me \u00e0 l\u2019\u00e9chelle europ\u00e9enne.<\/p>\n<p>Parmi les divers mod\u00e8les d&rsquo;autobus fabriqu\u00e9s par Irizar se trouve l&rsquo;Irizar Century. Ce mod\u00e8le a \u00e9t\u00e9 <strong>lanc\u00e9 en 1989<\/strong>, \u00e0 l\u2019occasion de la c\u00e9l\u00e9bration du premier centenaire d&rsquo;Irizar. \u00c0 cette \u00e9poque, ce mod\u00e8le s\u2019est fait remarquer pour son design et sa technologie innovants et est rapidement devenu une r\u00e9f\u00e9rence pour le reste des fabricants europ\u00e9ens du secteur.<\/p>\n<p>INDUSTRI fabrique des pi\u00e8ces de rechange en exclusivit\u00e9 pour les autobus Irizar Century, telles que charni\u00e8res de porte-bagages, <a href=\"https:\/\/www.industri-sl.com\/fr\/transport\/pieces-detachees\/autobus\/\">r\u00e9troviseurs sp\u00e9cifiques \u00e0 diff\u00e9rents mod\u00e8les d\u2019autobus<\/a>, toits ouvrants, repose-pieds, enjoliveurs et rideaux.<\/p>\n<p>Tous ces \u00e9l\u00e9ments sont fabriqu\u00e9s en respectant la qualit\u00e9 et les sp\u00e9cifications exig\u00e9es par une marque de prestige comme Irizar.<\/p>\n<div class=\"otras-piezas\">\n<h4>Pi\u00e8ces de rechange disponibles:<\/h4>\n<div><a class=\"boton gris\" href=\"https:\/\/www.industri-sl.com\/fr\/transport\/pieces-detachees\/autobus\/irizar\/rideaux\/\">Rideaux<\/a><a class=\"boton gris\" href=\"https:\/\/www.industri-sl.com\/fr\/transport\/pieces-detachees\/autobus\/irizar\/retroviseurs\/\">R\u00e9troviseurs<\/a><a class=\"boton gris\" href=\"https:\/\/www.industri-sl.com\/fr\/transport\/pieces-detachees\/autobus\/irizar\/toits-ouvrants\/\">Toits ouvrants<\/a><a class=\"boton gris\" href=\"https:\/\/www.industri-sl.com\/fr\/transport\/pieces-detachees\/autobus\/irizar\/charnieres\/\">Charni\u00e8res<\/a><a class=\"boton gris\" href=\"https:\/\/www.industri-sl.com\/fr\/transport\/pieces-detachees\/autobus\/irizar\/enjoliveurs\/\">Enjoliveurs<\/a><a class=\"boton gris\" href=\"https:\/\/www.industri-sl.com\/fr\/transport\/pieces-detachees\/autobus\/irizar\/repose-pieds\/\">Repose-pieds<\/a><a class=\"boton gris\" href=\"https:\/\/www.industri-sl.com\/fr\/transport\/pieces-detachees\/autobus\/irizar\/trappes-carburant\/\">Trappes \u00e0 carburant<\/a><\/div>\n<\/div>\n<div class=\"modelos\">\n<h4>Autres mod\u00e8les d\u2019Irizar pour lesquels nous fabriquons des pi\u00e8ces de rechange:<\/h4>\n<div class=\"flex\">\n<a href=\"https:\/\/www.industri-sl.com\/fr\/transport\/pieces-detachees\/autobus\/irizar\/i4\/\"><br \/>\n<img loading=\"lazy\" decoding=\"async\" class=\"alignnone wp-image-3224 size-medium\" src=\"https:\/\/www.industri-sl.com\/wp-content\/uploads\/i4-2-300x225.jpg\" alt=\"Pi\u00e8ces d\u00e9tach\u00e9es et accessoires pour le mod\u00e8le Irizar I4\" width=\"300\" height=\"225\" srcset=\"https:\/\/www.industri-sl.com\/wp-content\/uploads\/i4-2-300x225.jpg 300w, https:\/\/www.industri-sl.com\/wp-content\/uploads\/i4-2-768x576.jpg 768w, https:\/\/www.industri-sl.com\/wp-content\/uploads\/i4-2.jpg 800w\" sizes=\"auto, (max-width: 300px) 100vw, 300px\" \/><br \/>\n<span>Irizar I4<\/span><\/a><br \/>\n<a href=\"https:\/\/www.industri-sl.com\/fr\/transport\/pieces-detachees\/autobus\/irizar\/i6\/\"><br \/>\n<img loading=\"lazy\" decoding=\"async\" class=\"alignnone wp-image-1728 size-medium\" src=\"https:\/\/www.industri-sl.com\/wp-content\/uploads\/i6-3-3-300x224.jpg\" alt=\"Pi\u00e8ces d\u00e9tach\u00e9es et accessoires pour le mod\u00e8le Irizar i6\" width=\"300\" height=\"224\" srcset=\"https:\/\/www.industri-sl.com\/wp-content\/uploads\/i6-3-3-300x224.jpg 300w, https:\/\/www.industri-sl.com\/wp-content\/uploads\/i6-3-3-768x574.jpg 768w, https:\/\/www.industri-sl.com\/wp-content\/uploads\/i6-3-3.jpg 800w\" sizes=\"auto, (max-width: 300px) 100vw, 300px\" \/><br \/>\n<span>Irizar I6<\/span><\/a><br \/>\n<a href=\"https:\/\/www.industri-sl.com\/fr\/transport\/pieces-detachees\/autobus\/irizar\/i8\/\"><br \/>\n<img loading=\"lazy\" decoding=\"async\" class=\"alignnone wp-image-1708 size-medium\" src=\"https:\/\/www.industri-sl.com\/wp-content\/uploads\/i8-1-3-300x222.jpg\" alt=\"Pi\u00e8ces d\u00e9tach\u00e9es et accessoires pour le mod\u00e8le Irizar I8\" width=\"300\" height=\"222\" srcset=\"https:\/\/www.industri-sl.com\/wp-content\/uploads\/i8-1-3-300x222.jpg 300w, https:\/\/www.industri-sl.com\/wp-content\/uploads\/i8-1-3-768x567.jpg 768w, https:\/\/www.industri-sl.com\/wp-content\/uploads\/i8-1-3.jpg 800w\" sizes=\"auto, (max-width: 300px) 100vw, 300px\" \/><br \/>\n<span>Irizar I8<\/span><\/a><br \/>\n<a href=\"https:\/\/www.industri-sl.com\/fr\/transport\/pieces-detachees\/autobus\/irizar\/pb\/\"><br \/>\n<img loading=\"lazy\" decoding=\"async\" class=\"alignnone wp-image-1696 size-medium\" src=\"https:\/\/www.industri-sl.com\/wp-content\/uploads\/pb-1-3-300x225.jpg\" alt=\"Pi\u00e8ces d\u00e9tach\u00e9es et accessoires pour le mod\u00e8le Irizar PB\" width=\"300\" height=\"225\" srcset=\"https:\/\/www.industri-sl.com\/wp-content\/uploads\/pb-1-3-300x225.jpg 300w, https:\/\/www.industri-sl.com\/wp-content\/uploads\/pb-1-3-768x576.jpg 768w, https:\/\/www.industri-sl.com\/wp-content\/uploads\/pb-1-3.jpg 800w\" sizes=\"auto, (max-width: 300px) 100vw, 300px\" \/><br \/>\n<span>Irizar Pb<\/span><\/a>\n<\/div>\n<\/div>\n","protected":false},"excerpt":{"rendered":"<p>Pi\u00e8ces d\u00e9tach\u00e9es et accessoires pour le mod\u00e8le Irizar Century INDUSTRI fabrique en exclusivit\u00e9 des pi\u00e8ces de rechange pour la compagnie Autobuses Irizar, fabricant d\u2019autocars de luxe, leader de son secteur en Espagne et deuxi\u00e8me \u00e0 l\u2019\u00e9chelle europ\u00e9enne. Parmi les divers mod\u00e8les d&rsquo;autobus fabriqu\u00e9s par Irizar se trouve l&rsquo;Irizar Century. Ce mod\u00e8le a \u00e9t\u00e9 lanc\u00e9 en [&hellip;]<\/p>\n","protected":false},"author":3,"featured_media":0,"parent":9191,"menu_order":0,"comment_status":"closed","ping_status":"closed","template":"page-vehiculos.php","meta":{"footnotes":""},"class_list":["post-9201","page","type-page","status-publish","hentry"],"yoast_head":"<!-- This site is optimized with the Yoast SEO plugin v27.5 - https:\/\/yoast.com\/product\/yoast-seo-wordpress\/ -->\n<title>Pi\u00e8ces de rechange et accessoires pour autobus Irizar Century - INDUSTRI<\/title>\n<meta name=\"description\" content=\"INDUSTRI fabrique des pi\u00e8ces d\u00e9tach\u00e9es en exclusivit\u00e9 pour les autobus Irizar Century, telles que rideaux, r\u00e9troviseurs ou charni\u00e8res, entre autres.\" \/>\n<meta name=\"robots\" content=\"index, follow, max-snippet:-1, max-image-preview:large, max-video-preview:-1\" \/>\n<link rel=\"canonical\" href=\"https:\/\/www.industri-sl.com\/fr\/transport\/pieces-detachees\/autobus\/irizar\/century\/\" \/>\n<meta property=\"og:locale\" content=\"fr_FR\" \/>\n<meta property=\"og:type\" content=\"article\" \/>\n<meta property=\"og:title\" content=\"Pi\u00e8ces de rechange et accessoires pour autobus Irizar Century - INDUSTRI\" \/>\n<meta property=\"og:description\" content=\"INDUSTRI fabrique des pi\u00e8ces d\u00e9tach\u00e9es en exclusivit\u00e9 pour les autobus Irizar Century, telles que rideaux, r\u00e9troviseurs ou charni\u00e8res, entre autres.\" \/>\n<meta property=\"og:url\" content=\"https:\/\/www.industri-sl.com\/fr\/transport\/pieces-detachees\/autobus\/irizar\/century\/\" \/>\n<meta property=\"og:site_name\" content=\"Industri SL\" \/>\n<meta property=\"article:modified_time\" content=\"2025-03-31T10:40:31+00:00\" \/>\n<meta property=\"og:image\" content=\"https:\/\/www.industri-sl.com\/wp-content\/uploads\/century-3-2.jpg\" \/>\n\t<meta property=\"og:image:width\" content=\"800\" \/>\n\t<meta property=\"og:image:height\" content=\"598\" \/>\n\t<meta property=\"og:image:type\" content=\"image\/jpeg\" \/>\n<meta name=\"twitter:card\" content=\"summary_large_image\" \/>\n<meta name=\"twitter:label1\" content=\"Dur\u00e9e de lecture estim\u00e9e\" \/>\n\t<meta name=\"twitter:data1\" content=\"2 minutes\" \/>\n<script type=\"application\/ld+json\" class=\"yoast-schema-graph\">{\"@context\":\"https:\\\/\\\/schema.org\",\"@graph\":[{\"@type\":\"WebPage\",\"@id\":\"https:\\\/\\\/www.industri-sl.com\\\/fr\\\/transport\\\/pieces-detachees\\\/autobus\\\/irizar\\\/century\\\/\",\"url\":\"https:\\\/\\\/www.industri-sl.com\\\/fr\\\/transport\\\/pieces-detachees\\\/autobus\\\/irizar\\\/century\\\/\",\"name\":\"Pi\u00e8ces de rechange et accessoires pour autobus Irizar Century - INDUSTRI\",\"isPartOf\":{\"@id\":\"https:\\\/\\\/www.industri-sl.com\\\/fr\\\/#website\"},\"primaryImageOfPage\":{\"@id\":\"https:\\\/\\\/www.industri-sl.com\\\/fr\\\/transport\\\/pieces-detachees\\\/autobus\\\/irizar\\\/century\\\/#primaryimage\"},\"image\":{\"@id\":\"https:\\\/\\\/www.industri-sl.com\\\/fr\\\/transport\\\/pieces-detachees\\\/autobus\\\/irizar\\\/century\\\/#primaryimage\"},\"thumbnailUrl\":\"https:\\\/\\\/www.industri-sl.com\\\/wp-content\\\/uploads\\\/century-3-2.jpg\",\"datePublished\":\"2019-10-02T09:53:27+00:00\",\"dateModified\":\"2025-03-31T10:40:31+00:00\",\"description\":\"INDUSTRI fabrique des pi\u00e8ces d\u00e9tach\u00e9es en exclusivit\u00e9 pour les autobus Irizar Century, telles que rideaux, r\u00e9troviseurs ou charni\u00e8res, entre autres.\",\"breadcrumb\":{\"@id\":\"https:\\\/\\\/www.industri-sl.com\\\/fr\\\/transport\\\/pieces-detachees\\\/autobus\\\/irizar\\\/century\\\/#breadcrumb\"},\"inLanguage\":\"fr-FR\",\"potentialAction\":[{\"@type\":\"ReadAction\",\"target\":[\"https:\\\/\\\/www.industri-sl.com\\\/fr\\\/transport\\\/pieces-detachees\\\/autobus\\\/irizar\\\/century\\\/\"]}]},{\"@type\":\"ImageObject\",\"inLanguage\":\"fr-FR\",\"@id\":\"https:\\\/\\\/www.industri-sl.com\\\/fr\\\/transport\\\/pieces-detachees\\\/autobus\\\/irizar\\\/century\\\/#primaryimage\",\"url\":\"https:\\\/\\\/www.industri-sl.com\\\/wp-content\\\/uploads\\\/century-3-2.jpg\",\"contentUrl\":\"https:\\\/\\\/www.industri-sl.com\\\/wp-content\\\/uploads\\\/century-3-2.jpg\"},{\"@type\":\"BreadcrumbList\",\"@id\":\"https:\\\/\\\/www.industri-sl.com\\\/fr\\\/transport\\\/pieces-detachees\\\/autobus\\\/irizar\\\/century\\\/#breadcrumb\",\"itemListElement\":[{\"@type\":\"ListItem\",\"position\":1,\"name\":\"Inicio\",\"item\":\"https:\\\/\\\/www.industri-sl.com\\\/fr\\\/\"},{\"@type\":\"ListItem\",\"position\":2,\"name\":\"Division Transport\",\"item\":\"https:\\\/\\\/www.industri-sl.com\\\/fr\\\/transport\\\/\"},{\"@type\":\"ListItem\",\"position\":3,\"name\":\"Catalogue de pi\u00e8ces d\u00e9tach\u00e9es\",\"item\":\"https:\\\/\\\/www.industri-sl.com\\\/fr\\\/transport\\\/pieces-detachees\\\/\"},{\"@type\":\"ListItem\",\"position\":4,\"name\":\"Pi\u00e8ces de rechange et accessoires pour autobus\",\"item\":\"https:\\\/\\\/www.industri-sl.com\\\/fr\\\/transport\\\/pieces-detachees\\\/autobus\\\/\"},{\"@type\":\"ListItem\",\"position\":5,\"name\":\"Pi\u00e8ces de rechange pour autobus Irizar\",\"item\":\"https:\\\/\\\/www.industri-sl.com\\\/fr\\\/transport\\\/pieces-detachees\\\/autobus\\\/irizar\\\/\"},{\"@type\":\"ListItem\",\"position\":6,\"name\":\"Pi\u00e8ces de rechange pour Irizar Century\"}]},{\"@type\":\"WebSite\",\"@id\":\"https:\\\/\\\/www.industri-sl.com\\\/fr\\\/#website\",\"url\":\"https:\\\/\\\/www.industri-sl.com\\\/fr\\\/\",\"name\":\"Industri SL\",\"description\":\"\",\"publisher\":{\"@id\":\"https:\\\/\\\/www.industri-sl.com\\\/fr\\\/#organization\"},\"potentialAction\":[{\"@type\":\"SearchAction\",\"target\":{\"@type\":\"EntryPoint\",\"urlTemplate\":\"https:\\\/\\\/www.industri-sl.com\\\/fr\\\/?s={search_term_string}\"},\"query-input\":{\"@type\":\"PropertyValueSpecification\",\"valueRequired\":true,\"valueName\":\"search_term_string\"}}],\"inLanguage\":\"fr-FR\"},{\"@type\":\"Organization\",\"@id\":\"https:\\\/\\\/www.industri-sl.com\\\/fr\\\/#organization\",\"name\":\"Industri SL\",\"url\":\"https:\\\/\\\/www.industri-sl.com\\\/fr\\\/\",\"logo\":{\"@type\":\"ImageObject\",\"inLanguage\":\"fr-FR\",\"@id\":\"https:\\\/\\\/www.industri-sl.com\\\/fr\\\/#\\\/schema\\\/logo\\\/image\\\/\",\"url\":\"https:\\\/\\\/www.industri-sl.com\\\/wp-content\\\/uploads\\\/industri-logo.png\",\"contentUrl\":\"https:\\\/\\\/www.industri-sl.com\\\/wp-content\\\/uploads\\\/industri-logo.png\",\"width\":248,\"height\":45,\"caption\":\"Industri SL\"},\"image\":{\"@id\":\"https:\\\/\\\/www.industri-sl.com\\\/fr\\\/#\\\/schema\\\/logo\\\/image\\\/\"}}]}<\/script>\n<!-- \/ Yoast SEO plugin. -->","yoast_head_json":{"title":"Pi\u00e8ces de rechange et accessoires pour autobus Irizar Century - INDUSTRI","description":"INDUSTRI fabrique des pi\u00e8ces d\u00e9tach\u00e9es en exclusivit\u00e9 pour les autobus Irizar Century, telles que rideaux, r\u00e9troviseurs ou charni\u00e8res, entre autres.","robots":{"index":"index","follow":"follow","max-snippet":"max-snippet:-1","max-image-preview":"max-image-preview:large","max-video-preview":"max-video-preview:-1"},"canonical":"https:\/\/www.industri-sl.com\/fr\/transport\/pieces-detachees\/autobus\/irizar\/century\/","og_locale":"fr_FR","og_type":"article","og_title":"Pi\u00e8ces de rechange et accessoires pour autobus Irizar Century - INDUSTRI","og_description":"INDUSTRI fabrique des pi\u00e8ces d\u00e9tach\u00e9es en exclusivit\u00e9 pour les autobus Irizar Century, telles que rideaux, r\u00e9troviseurs ou charni\u00e8res, entre autres.","og_url":"https:\/\/www.industri-sl.com\/fr\/transport\/pieces-detachees\/autobus\/irizar\/century\/","og_site_name":"Industri SL","article_modified_time":"2025-03-31T10:40:31+00:00","og_image":[{"width":800,"height":598,"url":"https:\/\/www.industri-sl.com\/wp-content\/uploads\/century-3-2.jpg","type":"image\/jpeg"}],"twitter_card":"summary_large_image","twitter_misc":{"Dur\u00e9e de lecture estim\u00e9e":"2 minutes"},"schema":{"@context":"https:\/\/schema.org","@graph":[{"@type":"WebPage","@id":"https:\/\/www.industri-sl.com\/fr\/transport\/pieces-detachees\/autobus\/irizar\/century\/","url":"https:\/\/www.industri-sl.com\/fr\/transport\/pieces-detachees\/autobus\/irizar\/century\/","name":"Pi\u00e8ces de rechange et accessoires pour autobus Irizar Century - INDUSTRI","isPartOf":{"@id":"https:\/\/www.industri-sl.com\/fr\/#website"},"primaryImageOfPage":{"@id":"https:\/\/www.industri-sl.com\/fr\/transport\/pieces-detachees\/autobus\/irizar\/century\/#primaryimage"},"image":{"@id":"https:\/\/www.industri-sl.com\/fr\/transport\/pieces-detachees\/autobus\/irizar\/century\/#primaryimage"},"thumbnailUrl":"https:\/\/www.industri-sl.com\/wp-content\/uploads\/century-3-2.jpg","datePublished":"2019-10-02T09:53:27+00:00","dateModified":"2025-03-31T10:40:31+00:00","description":"INDUSTRI fabrique des pi\u00e8ces d\u00e9tach\u00e9es en exclusivit\u00e9 pour les autobus Irizar Century, telles que rideaux, r\u00e9troviseurs ou charni\u00e8res, entre autres.","breadcrumb":{"@id":"https:\/\/www.industri-sl.com\/fr\/transport\/pieces-detachees\/autobus\/irizar\/century\/#breadcrumb"},"inLanguage":"fr-FR","potentialAction":[{"@type":"ReadAction","target":["https:\/\/www.industri-sl.com\/fr\/transport\/pieces-detachees\/autobus\/irizar\/century\/"]}]},{"@type":"ImageObject","inLanguage":"fr-FR","@id":"https:\/\/www.industri-sl.com\/fr\/transport\/pieces-detachees\/autobus\/irizar\/century\/#primaryimage","url":"https:\/\/www.industri-sl.com\/wp-content\/uploads\/century-3-2.jpg","contentUrl":"https:\/\/www.industri-sl.com\/wp-content\/uploads\/century-3-2.jpg"},{"@type":"BreadcrumbList","@id":"https:\/\/www.industri-sl.com\/fr\/transport\/pieces-detachees\/autobus\/irizar\/century\/#breadcrumb","itemListElement":[{"@type":"ListItem","position":1,"name":"Inicio","item":"https:\/\/www.industri-sl.com\/fr\/"},{"@type":"ListItem","position":2,"name":"Division Transport","item":"https:\/\/www.industri-sl.com\/fr\/transport\/"},{"@type":"ListItem","position":3,"name":"Catalogue de pi\u00e8ces d\u00e9tach\u00e9es","item":"https:\/\/www.industri-sl.com\/fr\/transport\/pieces-detachees\/"},{"@type":"ListItem","position":4,"name":"Pi\u00e8ces de rechange et accessoires pour autobus","item":"https:\/\/www.industri-sl.com\/fr\/transport\/pieces-detachees\/autobus\/"},{"@type":"ListItem","position":5,"name":"Pi\u00e8ces de rechange pour autobus Irizar","item":"https:\/\/www.industri-sl.com\/fr\/transport\/pieces-detachees\/autobus\/irizar\/"},{"@type":"ListItem","position":6,"name":"Pi\u00e8ces de rechange pour Irizar Century"}]},{"@type":"WebSite","@id":"https:\/\/www.industri-sl.com\/fr\/#website","url":"https:\/\/www.industri-sl.com\/fr\/","name":"Industri SL","description":"","publisher":{"@id":"https:\/\/www.industri-sl.com\/fr\/#organization"},"potentialAction":[{"@type":"SearchAction","target":{"@type":"EntryPoint","urlTemplate":"https:\/\/www.industri-sl.com\/fr\/?s={search_term_string}"},"query-input":{"@type":"PropertyValueSpecification","valueRequired":true,"valueName":"search_term_string"}}],"inLanguage":"fr-FR"},{"@type":"Organization","@id":"https:\/\/www.industri-sl.com\/fr\/#organization","name":"Industri SL","url":"https:\/\/www.industri-sl.com\/fr\/","logo":{"@type":"ImageObject","inLanguage":"fr-FR","@id":"https:\/\/www.industri-sl.com\/fr\/#\/schema\/logo\/image\/","url":"https:\/\/www.industri-sl.com\/wp-content\/uploads\/industri-logo.png","contentUrl":"https:\/\/www.industri-sl.com\/wp-content\/uploads\/industri-logo.png","width":248,"height":45,"caption":"Industri SL"},"image":{"@id":"https:\/\/www.industri-sl.com\/fr\/#\/schema\/logo\/image\/"}}]}},"_links":{"self":[{"href":"https:\/\/www.industri-sl.com\/fr\/wp-json\/wp\/v2\/pages\/9201","targetHints":{"allow":["GET"]}}],"collection":[{"href":"https:\/\/www.industri-sl.com\/fr\/wp-json\/wp\/v2\/pages"}],"about":[{"href":"https:\/\/www.industri-sl.com\/fr\/wp-json\/wp\/v2\/types\/page"}],"author":[{"embeddable":true,"href":"https:\/\/www.industri-sl.com\/fr\/wp-json\/wp\/v2\/users\/3"}],"replies":[{"embeddable":true,"href":"https:\/\/www.industri-sl.com\/fr\/wp-json\/wp\/v2\/comments?post=9201"}],"version-history":[{"count":0,"href":"https:\/\/www.industri-sl.com\/fr\/wp-json\/wp\/v2\/pages\/9201\/revisions"}],"up":[{"embeddable":true,"href":"https:\/\/www.industri-sl.com\/fr\/wp-json\/wp\/v2\/pages\/9191"}],"wp:attachment":[{"href":"https:\/\/www.industri-sl.com\/fr\/wp-json\/wp\/v2\/media?parent=9201"}],"curies":[{"name":"wp","href":"https:\/\/api.w.org\/{rel}","templated":true}]}}