{"id":9191,"date":"2019-10-02T10:57:14","date_gmt":"2019-10-02T08:57:14","guid":{"rendered":"https:\/\/www.industri-sl.com\/transport\/pieces-detachees\/autobus\/irizar\/"},"modified":"2025-03-31T12:45:16","modified_gmt":"2025-03-31T10:45:16","slug":"irizar","status":"publish","type":"page","link":"https:\/\/www.industri-sl.com\/fr\/transport\/pieces-detachees\/autobus\/irizar\/","title":{"rendered":"Pi\u00e8ces de rechange pour autobus Irizar"},"content":{"rendered":"<h2>Catalogue de pi\u00e8ces d\u00e9tach\u00e9es pour autobus Irizar<\/h2>\n<p><img loading=\"lazy\" decoding=\"async\" class=\"alignright wp-image-39 size-medium\" src=\"https:\/\/www.industri-sl.com\/wp-content\/uploads\/logo-irizar-300x200.png\" alt=\"Irizar logo\" width=\"300\" height=\"200\" srcset=\"https:\/\/www.industri-sl.com\/wp-content\/uploads\/logo-irizar-300x200.png 300w, https:\/\/www.industri-sl.com\/wp-content\/uploads\/logo-irizar.png 600w\" sizes=\"auto, (max-width: 300px) 100vw, 300px\" \/><br \/>\nINDUSTRI <strong>fabrique en exclusivit\u00e9<\/strong> des pi\u00e8ces de rechange pour la compagnie Autobuses Irizar, fabricant d\u2019autocars de luxe, leader de son secteur en Espagne et deuxi\u00e8me \u00e0 l\u2019\u00e9chelle europ\u00e9enne.<\/p>\n<p>Cette entreprise de <strong>grande tradition<\/strong> dans la fabrication d\u2019autobus, fond\u00e9e en 1889, fait confiance \u00e0 INDUSTRI pour la fabrication en exclusivit\u00e9 des pi\u00e8ces de rechange pour ses autobus, telles que charni\u00e8res pour porte-bagages sans rotule, r\u00e9troviseurs sp\u00e9cifiques pour diff\u00e9rents mod\u00e8les d&rsquo;autobus, toits ouvrants, repose-pieds, enjoliveurs et rideaux.<\/p>\n<p>Tous ces \u00e9l\u00e9ments sont fabriqu\u00e9s en respectant <strong>la qualit\u00e9 et les sp\u00e9cifications exig\u00e9es<\/strong> par une marque de prestige comme Irizar.<\/p>\n<p><a class=\"boton\" href=\"#modelos\">Pour quels mod\u00e8les d&rsquo;Irizar fabriquons-nous?<\/a>\u00a0<\/p>\n<p><a class=\"boton\" href=\"#recambios\">Quel type de pi\u00e8ces d\u00e9tach\u00e9es proposons-nous?<\/a><\/p>\n<div class=\"slider-gallery-wrapper \"><div class=\"slider-gallery\"><div id=\"sliderify-carousel-1\" class=\"owl-carousel\"><div class=\"sliderify-owl-item-inner\"><img decoding=\"async\" src=\"https:\/\/www.industri-sl.com\/wp-content\/uploads\/i6-3-3.jpg\"><\/div><div class=\"sliderify-owl-item-inner\"><img decoding=\"async\" src=\"https:\/\/www.industri-sl.com\/wp-content\/uploads\/i6-1-1.jpg\"><\/div><div class=\"sliderify-owl-item-inner\"><img decoding=\"async\" src=\"https:\/\/www.industri-sl.com\/wp-content\/uploads\/i8-2-2.jpg\"><\/div><div class=\"sliderify-owl-item-inner\"><img decoding=\"async\" src=\"https:\/\/www.industri-sl.com\/wp-content\/uploads\/i8-1-3.jpg\"><\/div><div class=\"sliderify-owl-item-inner\"><img decoding=\"async\" src=\"https:\/\/www.industri-sl.com\/wp-content\/uploads\/i4-2.jpg\"><\/div><div class=\"sliderify-owl-item-inner\"><img decoding=\"async\" src=\"https:\/\/www.industri-sl.com\/wp-content\/uploads\/pb-1-3.jpg\"><\/div><\/div><!-- .owl-carousel --><\/div><!-- .slider-gallery --><\/div><!-- .slider-gallery-wrapper --><script>\n\t\t\tjQuery(document).ready(function($){\n\t\t\t\tcarousel1 = $('#sliderify-carousel-1');\ncarousel1.imagesLoaded(function(){carousel1.owlCarousel({items:3,\nstagePadding:0,\nnav:1,\nnavText:['<span><\/span><span><\/span>','<span><\/span><span><\/span>'],\ncenter:1,\nloop:1,\nmargin:0,\nautoWidth:false,\nautoHeight:true,\nstageOuterClass:'sliderify-stage-outer',\nstageClass:'sliderify-stage',\nnavContainerClass:'sliderify-nav',\ncontrolsClass:'sliderify-controls',\ndotsClass:'sliderify-dots',\ndotClass:'sliderify-dot',\nonInitialized:function(event){\n\t\t\t\tconsole.log('init');\n\t\t\t},\n});});\n});\n\t\t\t<\/script>\n<div class=\"modelos\">\n<h4 id=\"modelos\" class=\"ancla\">Mod\u00e8les d\u2019Irizar pour lesquels nous fabriquons des pi\u00e8ces de rechange:<\/h4>\n<div class=\"flex\">\n<a href=\"https:\/\/www.industri-sl.com\/fr\/transport\/pieces-detachees\/autobus\/irizar\/century\/\"><img loading=\"lazy\" decoding=\"async\" class=\"size-medium wp-image-388 alignnone\" src=\"https:\/\/www.industri-sl.com\/wp-content\/uploads\/century-3-300x224.jpg\" alt=\"Catalogue de pi\u00e8ces d\u00e9tach\u00e9es pour autobus Irizar Century\" width=\"300\" height=\"224\" srcset=\"https:\/\/www.industri-sl.com\/wp-content\/uploads\/century-3-300x224.jpg 300w, https:\/\/www.industri-sl.com\/wp-content\/uploads\/century-3-768x574.jpg 768w, https:\/\/www.industri-sl.com\/wp-content\/uploads\/century-3.jpg 800w\" sizes=\"auto, (max-width: 300px) 100vw, 300px\" \/><br \/>\n<span>Irizar Century<\/span><\/a><br \/>\n<a href=\"https:\/\/www.industri-sl.com\/fr\/transport\/pieces-detachees\/autobus\/irizar\/i4\/\"><img loading=\"lazy\" decoding=\"async\" class=\"alignnone wp-image-3224 size-medium\" src=\"https:\/\/www.industri-sl.com\/wp-content\/uploads\/i4-2-300x225.jpg\" alt=\"Catalogue de pi\u00e8ces d\u00e9tach\u00e9es pour autobus Irizar I4\" width=\"300\" height=\"225\" srcset=\"https:\/\/www.industri-sl.com\/wp-content\/uploads\/i4-2-300x225.jpg 300w, https:\/\/www.industri-sl.com\/wp-content\/uploads\/i4-2-768x576.jpg 768w, https:\/\/www.industri-sl.com\/wp-content\/uploads\/i4-2.jpg 800w\" sizes=\"auto, (max-width: 300px) 100vw, 300px\" \/><br \/>\n<span>Irizar I4<\/span><\/a><br \/>\n<a href=\"https:\/\/www.industri-sl.com\/fr\/transport\/pieces-detachees\/autobus\/irizar\/i6\/\"><img loading=\"lazy\" decoding=\"async\" class=\"alignnone wp-image-392 size-medium\" src=\"https:\/\/www.industri-sl.com\/wp-content\/uploads\/i6-3-300x224.jpg\" alt=\"Catalogue de pi\u00e8ces d\u00e9tach\u00e9es pour autobus Irizar I6\" width=\"300\" height=\"224\" srcset=\"https:\/\/www.industri-sl.com\/wp-content\/uploads\/i6-3-300x224.jpg 300w, https:\/\/www.industri-sl.com\/wp-content\/uploads\/i6-3-768x574.jpg 768w, https:\/\/www.industri-sl.com\/wp-content\/uploads\/i6-3.jpg 800w\" sizes=\"auto, (max-width: 300px) 100vw, 300px\" \/><br \/>\n<span>Irizar I6<\/span><\/a><br \/>\n<a href=\"https:\/\/www.industri-sl.com\/fr\/transport\/pieces-detachees\/autobus\/irizar\/i8\/\"><img loading=\"lazy\" decoding=\"async\" class=\"alignnone wp-image-1708 size-medium\" src=\"https:\/\/www.industri-sl.com\/wp-content\/uploads\/i8-1-3-300x222.jpg\" alt=\"Catalogue de pi\u00e8ces d\u00e9tach\u00e9es pour autobus Irizar I8\" width=\"300\" height=\"222\" srcset=\"https:\/\/www.industri-sl.com\/wp-content\/uploads\/i8-1-3-300x222.jpg 300w, https:\/\/www.industri-sl.com\/wp-content\/uploads\/i8-1-3-768x567.jpg 768w, https:\/\/www.industri-sl.com\/wp-content\/uploads\/i8-1-3.jpg 800w\" sizes=\"auto, (max-width: 300px) 100vw, 300px\" \/><br \/>\n<span>Irizar I8<\/span><\/a><br \/>\n<a href=\"https:\/\/www.industri-sl.com\/fr\/transport\/pieces-detachees\/autobus\/irizar\/pb\/\"><img loading=\"lazy\" decoding=\"async\" class=\"alignnone wp-image-1536 size-medium\" src=\"https:\/\/www.industri-sl.com\/wp-content\/uploads\/pb-irizar-1-1-300x225.jpg\" alt=\"Catalogue de pi\u00e8ces d\u00e9tach\u00e9es pour autobus Irizar PB\" width=\"300\" height=\"225\" srcset=\"https:\/\/www.industri-sl.com\/wp-content\/uploads\/pb-irizar-1-1-300x225.jpg 300w, https:\/\/www.industri-sl.com\/wp-content\/uploads\/pb-irizar-1-1-768x576.jpg 768w, https:\/\/www.industri-sl.com\/wp-content\/uploads\/pb-irizar-1-1.jpg 800w\" sizes=\"auto, (max-width: 300px) 100vw, 300px\" \/><br \/>\n<span>Irizar Pb<\/span><\/a>\n<\/div>\n<\/div>\n<div class=\"otras-piezas\">\n<h4 id=\"recambios\" class=\"ancla\">Pi\u00e8ces de rechange disponibles:<\/h4>\n<div><a class=\"boton gris\" href=\"https:\/\/www.industri-sl.com\/fr\/transport\/pieces-detachees\/autobus\/irizar\/rideaux\/\">Rideaux<\/a><a class=\"boton gris\" href=\"https:\/\/www.industri-sl.com\/fr\/transport\/pieces-detachees\/autobus\/irizar\/retroviseurs\/\">R\u00e9troviseurs<\/a><a class=\"boton gris\" href=\"https:\/\/www.industri-sl.com\/fr\/transport\/pieces-detachees\/autobus\/irizar\/toits-ouvrants\/\">Toits ouvrants<\/a><a class=\"boton gris\" href=\"https:\/\/www.industri-sl.com\/fr\/transport\/pieces-detachees\/autobus\/irizar\/charnieres\/\">Charni\u00e8res<\/a><a class=\"boton gris\" href=\"https:\/\/www.industri-sl.com\/fr\/transport\/pieces-detachees\/autobus\/irizar\/enjoliveurs\/\">Enjoliveurs<\/a><a class=\"boton gris\" href=\"https:\/\/www.industri-sl.com\/fr\/transport\/pieces-detachees\/autobus\/irizar\/repose-pieds\/\">Repose-pieds<\/a><a class=\"boton gris\" href=\"https:\/\/www.industri-sl.com\/fr\/transport\/pieces-detachees\/autobus\/irizar\/trappes-carburant\/\">Trappes \u00e0 carburant<\/a><\/div>\n<\/div>\n","protected":false},"excerpt":{"rendered":"<p>Catalogue de pi\u00e8ces d\u00e9tach\u00e9es pour autobus Irizar INDUSTRI fabrique en exclusivit\u00e9 des pi\u00e8ces de rechange pour la compagnie Autobuses Irizar, fabricant d\u2019autocars de luxe, leader de son secteur en Espagne et deuxi\u00e8me \u00e0 l\u2019\u00e9chelle europ\u00e9enne. Cette entreprise de grande tradition dans la fabrication d\u2019autobus, fond\u00e9e en 1889, fait confiance \u00e0 INDUSTRI pour la fabrication en [&hellip;]<\/p>\n","protected":false},"author":3,"featured_media":0,"parent":9189,"menu_order":0,"comment_status":"closed","ping_status":"closed","template":"page-vehiculos.php","meta":{"footnotes":""},"class_list":["post-9191","page","type-page","status-publish","hentry"],"yoast_head":"<!-- This site is optimized with the Yoast SEO plugin v27.5 - https:\/\/yoast.com\/product\/yoast-seo-wordpress\/ -->\n<title>Pi\u00e8ces de rechange et accessoires pour autobus Irizar - INDUSTRI<\/title>\n<meta name=\"description\" content=\"INDUSTRI fabrique des pi\u00e8ces d\u00e9tach\u00e9es en exclusivit\u00e9 pour les autobus Irizar, telles que rideaux, r\u00e9troviseurs ou charni\u00e8res, entre autres.\" \/>\n<meta name=\"robots\" content=\"index, follow, max-snippet:-1, max-image-preview:large, max-video-preview:-1\" \/>\n<link rel=\"canonical\" href=\"https:\/\/www.industri-sl.com\/fr\/transport\/pieces-detachees\/autobus\/irizar\/\" \/>\n<meta property=\"og:locale\" content=\"fr_FR\" \/>\n<meta property=\"og:type\" content=\"article\" \/>\n<meta property=\"og:title\" content=\"Pi\u00e8ces de rechange et accessoires pour autobus Irizar - INDUSTRI\" \/>\n<meta property=\"og:description\" content=\"INDUSTRI fabrique des pi\u00e8ces d\u00e9tach\u00e9es en exclusivit\u00e9 pour les autobus Irizar, telles que rideaux, r\u00e9troviseurs ou charni\u00e8res, entre autres.\" \/>\n<meta property=\"og:url\" content=\"https:\/\/www.industri-sl.com\/fr\/transport\/pieces-detachees\/autobus\/irizar\/\" \/>\n<meta property=\"og:site_name\" content=\"Industri SL\" \/>\n<meta property=\"article:modified_time\" content=\"2025-03-31T10:45:16+00:00\" \/>\n<meta property=\"og:image\" content=\"https:\/\/www.industri-sl.com\/wp-content\/uploads\/i6-3-3.jpg\" \/>\n<meta name=\"twitter:card\" content=\"summary_large_image\" \/>\n<meta name=\"twitter:label1\" content=\"Dur\u00e9e de lecture estim\u00e9e\" \/>\n\t<meta name=\"twitter:data1\" content=\"2 minutes\" \/>\n<script type=\"application\/ld+json\" class=\"yoast-schema-graph\">{\"@context\":\"https:\\\/\\\/schema.org\",\"@graph\":[{\"@type\":\"WebPage\",\"@id\":\"https:\\\/\\\/www.industri-sl.com\\\/fr\\\/transport\\\/pieces-detachees\\\/autobus\\\/irizar\\\/\",\"url\":\"https:\\\/\\\/www.industri-sl.com\\\/fr\\\/transport\\\/pieces-detachees\\\/autobus\\\/irizar\\\/\",\"name\":\"Pi\u00e8ces de rechange et accessoires pour autobus Irizar - INDUSTRI\",\"isPartOf\":{\"@id\":\"https:\\\/\\\/www.industri-sl.com\\\/fr\\\/#website\"},\"primaryImageOfPage\":{\"@id\":\"https:\\\/\\\/www.industri-sl.com\\\/fr\\\/transport\\\/pieces-detachees\\\/autobus\\\/irizar\\\/#primaryimage\"},\"image\":{\"@id\":\"https:\\\/\\\/www.industri-sl.com\\\/fr\\\/transport\\\/pieces-detachees\\\/autobus\\\/irizar\\\/#primaryimage\"},\"thumbnailUrl\":\"https:\\\/\\\/www.industri-sl.com\\\/wp-content\\\/uploads\\\/logo-irizar-300x200.png\",\"datePublished\":\"2019-10-02T08:57:14+00:00\",\"dateModified\":\"2025-03-31T10:45:16+00:00\",\"description\":\"INDUSTRI fabrique des pi\u00e8ces d\u00e9tach\u00e9es en exclusivit\u00e9 pour les autobus Irizar, telles que rideaux, r\u00e9troviseurs ou charni\u00e8res, entre autres.\",\"breadcrumb\":{\"@id\":\"https:\\\/\\\/www.industri-sl.com\\\/fr\\\/transport\\\/pieces-detachees\\\/autobus\\\/irizar\\\/#breadcrumb\"},\"inLanguage\":\"fr-FR\",\"potentialAction\":[{\"@type\":\"ReadAction\",\"target\":[\"https:\\\/\\\/www.industri-sl.com\\\/fr\\\/transport\\\/pieces-detachees\\\/autobus\\\/irizar\\\/\"]}]},{\"@type\":\"ImageObject\",\"inLanguage\":\"fr-FR\",\"@id\":\"https:\\\/\\\/www.industri-sl.com\\\/fr\\\/transport\\\/pieces-detachees\\\/autobus\\\/irizar\\\/#primaryimage\",\"url\":\"https:\\\/\\\/www.industri-sl.com\\\/wp-content\\\/uploads\\\/logo-irizar-300x200.png\",\"contentUrl\":\"https:\\\/\\\/www.industri-sl.com\\\/wp-content\\\/uploads\\\/logo-irizar-300x200.png\"},{\"@type\":\"BreadcrumbList\",\"@id\":\"https:\\\/\\\/www.industri-sl.com\\\/fr\\\/transport\\\/pieces-detachees\\\/autobus\\\/irizar\\\/#breadcrumb\",\"itemListElement\":[{\"@type\":\"ListItem\",\"position\":1,\"name\":\"Inicio\",\"item\":\"https:\\\/\\\/www.industri-sl.com\\\/fr\\\/\"},{\"@type\":\"ListItem\",\"position\":2,\"name\":\"Division Transport\",\"item\":\"https:\\\/\\\/www.industri-sl.com\\\/fr\\\/transport\\\/\"},{\"@type\":\"ListItem\",\"position\":3,\"name\":\"Catalogue de pi\u00e8ces d\u00e9tach\u00e9es\",\"item\":\"https:\\\/\\\/www.industri-sl.com\\\/fr\\\/transport\\\/pieces-detachees\\\/\"},{\"@type\":\"ListItem\",\"position\":4,\"name\":\"Pi\u00e8ces de rechange et accessoires pour autobus\",\"item\":\"https:\\\/\\\/www.industri-sl.com\\\/fr\\\/transport\\\/pieces-detachees\\\/autobus\\\/\"},{\"@type\":\"ListItem\",\"position\":5,\"name\":\"Pi\u00e8ces de rechange pour autobus Irizar\"}]},{\"@type\":\"WebSite\",\"@id\":\"https:\\\/\\\/www.industri-sl.com\\\/fr\\\/#website\",\"url\":\"https:\\\/\\\/www.industri-sl.com\\\/fr\\\/\",\"name\":\"Industri SL\",\"description\":\"\",\"publisher\":{\"@id\":\"https:\\\/\\\/www.industri-sl.com\\\/fr\\\/#organization\"},\"potentialAction\":[{\"@type\":\"SearchAction\",\"target\":{\"@type\":\"EntryPoint\",\"urlTemplate\":\"https:\\\/\\\/www.industri-sl.com\\\/fr\\\/?s={search_term_string}\"},\"query-input\":{\"@type\":\"PropertyValueSpecification\",\"valueRequired\":true,\"valueName\":\"search_term_string\"}}],\"inLanguage\":\"fr-FR\"},{\"@type\":\"Organization\",\"@id\":\"https:\\\/\\\/www.industri-sl.com\\\/fr\\\/#organization\",\"name\":\"Industri SL\",\"url\":\"https:\\\/\\\/www.industri-sl.com\\\/fr\\\/\",\"logo\":{\"@type\":\"ImageObject\",\"inLanguage\":\"fr-FR\",\"@id\":\"https:\\\/\\\/www.industri-sl.com\\\/fr\\\/#\\\/schema\\\/logo\\\/image\\\/\",\"url\":\"https:\\\/\\\/www.industri-sl.com\\\/wp-content\\\/uploads\\\/industri-logo.png\",\"contentUrl\":\"https:\\\/\\\/www.industri-sl.com\\\/wp-content\\\/uploads\\\/industri-logo.png\",\"width\":248,\"height\":45,\"caption\":\"Industri SL\"},\"image\":{\"@id\":\"https:\\\/\\\/www.industri-sl.com\\\/fr\\\/#\\\/schema\\\/logo\\\/image\\\/\"}}]}<\/script>\n<!-- \/ Yoast SEO plugin. -->","yoast_head_json":{"title":"Pi\u00e8ces de rechange et accessoires pour autobus Irizar - INDUSTRI","description":"INDUSTRI fabrique des pi\u00e8ces d\u00e9tach\u00e9es en exclusivit\u00e9 pour les autobus Irizar, telles que rideaux, r\u00e9troviseurs ou charni\u00e8res, entre autres.","robots":{"index":"index","follow":"follow","max-snippet":"max-snippet:-1","max-image-preview":"max-image-preview:large","max-video-preview":"max-video-preview:-1"},"canonical":"https:\/\/www.industri-sl.com\/fr\/transport\/pieces-detachees\/autobus\/irizar\/","og_locale":"fr_FR","og_type":"article","og_title":"Pi\u00e8ces de rechange et accessoires pour autobus Irizar - INDUSTRI","og_description":"INDUSTRI fabrique des pi\u00e8ces d\u00e9tach\u00e9es en exclusivit\u00e9 pour les autobus Irizar, telles que rideaux, r\u00e9troviseurs ou charni\u00e8res, entre autres.","og_url":"https:\/\/www.industri-sl.com\/fr\/transport\/pieces-detachees\/autobus\/irizar\/","og_site_name":"Industri SL","article_modified_time":"2025-03-31T10:45:16+00:00","og_image":[{"url":"https:\/\/www.industri-sl.com\/wp-content\/uploads\/i6-3-3.jpg","type":"","width":"","height":""}],"twitter_card":"summary_large_image","twitter_misc":{"Dur\u00e9e de lecture estim\u00e9e":"2 minutes"},"schema":{"@context":"https:\/\/schema.org","@graph":[{"@type":"WebPage","@id":"https:\/\/www.industri-sl.com\/fr\/transport\/pieces-detachees\/autobus\/irizar\/","url":"https:\/\/www.industri-sl.com\/fr\/transport\/pieces-detachees\/autobus\/irizar\/","name":"Pi\u00e8ces de rechange et accessoires pour autobus Irizar - INDUSTRI","isPartOf":{"@id":"https:\/\/www.industri-sl.com\/fr\/#website"},"primaryImageOfPage":{"@id":"https:\/\/www.industri-sl.com\/fr\/transport\/pieces-detachees\/autobus\/irizar\/#primaryimage"},"image":{"@id":"https:\/\/www.industri-sl.com\/fr\/transport\/pieces-detachees\/autobus\/irizar\/#primaryimage"},"thumbnailUrl":"https:\/\/www.industri-sl.com\/wp-content\/uploads\/logo-irizar-300x200.png","datePublished":"2019-10-02T08:57:14+00:00","dateModified":"2025-03-31T10:45:16+00:00","description":"INDUSTRI fabrique des pi\u00e8ces d\u00e9tach\u00e9es en exclusivit\u00e9 pour les autobus Irizar, telles que rideaux, r\u00e9troviseurs ou charni\u00e8res, entre autres.","breadcrumb":{"@id":"https:\/\/www.industri-sl.com\/fr\/transport\/pieces-detachees\/autobus\/irizar\/#breadcrumb"},"inLanguage":"fr-FR","potentialAction":[{"@type":"ReadAction","target":["https:\/\/www.industri-sl.com\/fr\/transport\/pieces-detachees\/autobus\/irizar\/"]}]},{"@type":"ImageObject","inLanguage":"fr-FR","@id":"https:\/\/www.industri-sl.com\/fr\/transport\/pieces-detachees\/autobus\/irizar\/#primaryimage","url":"https:\/\/www.industri-sl.com\/wp-content\/uploads\/logo-irizar-300x200.png","contentUrl":"https:\/\/www.industri-sl.com\/wp-content\/uploads\/logo-irizar-300x200.png"},{"@type":"BreadcrumbList","@id":"https:\/\/www.industri-sl.com\/fr\/transport\/pieces-detachees\/autobus\/irizar\/#breadcrumb","itemListElement":[{"@type":"ListItem","position":1,"name":"Inicio","item":"https:\/\/www.industri-sl.com\/fr\/"},{"@type":"ListItem","position":2,"name":"Division Transport","item":"https:\/\/www.industri-sl.com\/fr\/transport\/"},{"@type":"ListItem","position":3,"name":"Catalogue de pi\u00e8ces d\u00e9tach\u00e9es","item":"https:\/\/www.industri-sl.com\/fr\/transport\/pieces-detachees\/"},{"@type":"ListItem","position":4,"name":"Pi\u00e8ces de rechange et accessoires pour autobus","item":"https:\/\/www.industri-sl.com\/fr\/transport\/pieces-detachees\/autobus\/"},{"@type":"ListItem","position":5,"name":"Pi\u00e8ces de rechange pour autobus Irizar"}]},{"@type":"WebSite","@id":"https:\/\/www.industri-sl.com\/fr\/#website","url":"https:\/\/www.industri-sl.com\/fr\/","name":"Industri SL","description":"","publisher":{"@id":"https:\/\/www.industri-sl.com\/fr\/#organization"},"potentialAction":[{"@type":"SearchAction","target":{"@type":"EntryPoint","urlTemplate":"https:\/\/www.industri-sl.com\/fr\/?s={search_term_string}"},"query-input":{"@type":"PropertyValueSpecification","valueRequired":true,"valueName":"search_term_string"}}],"inLanguage":"fr-FR"},{"@type":"Organization","@id":"https:\/\/www.industri-sl.com\/fr\/#organization","name":"Industri SL","url":"https:\/\/www.industri-sl.com\/fr\/","logo":{"@type":"ImageObject","inLanguage":"fr-FR","@id":"https:\/\/www.industri-sl.com\/fr\/#\/schema\/logo\/image\/","url":"https:\/\/www.industri-sl.com\/wp-content\/uploads\/industri-logo.png","contentUrl":"https:\/\/www.industri-sl.com\/wp-content\/uploads\/industri-logo.png","width":248,"height":45,"caption":"Industri SL"},"image":{"@id":"https:\/\/www.industri-sl.com\/fr\/#\/schema\/logo\/image\/"}}]}},"_links":{"self":[{"href":"https:\/\/www.industri-sl.com\/fr\/wp-json\/wp\/v2\/pages\/9191","targetHints":{"allow":["GET"]}}],"collection":[{"href":"https:\/\/www.industri-sl.com\/fr\/wp-json\/wp\/v2\/pages"}],"about":[{"href":"https:\/\/www.industri-sl.com\/fr\/wp-json\/wp\/v2\/types\/page"}],"author":[{"embeddable":true,"href":"https:\/\/www.industri-sl.com\/fr\/wp-json\/wp\/v2\/users\/3"}],"replies":[{"embeddable":true,"href":"https:\/\/www.industri-sl.com\/fr\/wp-json\/wp\/v2\/comments?post=9191"}],"version-history":[{"count":0,"href":"https:\/\/www.industri-sl.com\/fr\/wp-json\/wp\/v2\/pages\/9191\/revisions"}],"up":[{"embeddable":true,"href":"https:\/\/www.industri-sl.com\/fr\/wp-json\/wp\/v2\/pages\/9189"}],"wp:attachment":[{"href":"https:\/\/www.industri-sl.com\/fr\/wp-json\/wp\/v2\/media?parent=9191"}],"curies":[{"name":"wp","href":"https:\/\/api.w.org\/{rel}","templated":true}]}}