{"id":9189,"date":"2019-10-02T10:48:15","date_gmt":"2019-10-02T08:48:15","guid":{"rendered":"https:\/\/www.industri-sl.com\/transport\/pieces-detachees\/autobus\/"},"modified":"2020-01-28T11:16:26","modified_gmt":"2020-01-28T10:16:26","slug":"autobus","status":"publish","type":"page","link":"https:\/\/www.industri-sl.com\/fr\/transport\/pieces-detachees\/autobus\/","title":{"rendered":"Pi\u00e8ces de rechange et accessoires pour autobus"},"content":{"rendered":"<h2>Catalogue de pi\u00e8ces d\u00e9tach\u00e9es pour autocars<\/h2>\n<p>INDUSTRI est sp\u00e9cialis\u00e9e dans la fabrication sur mesure de tout type de pi\u00e8ces d\u00e9tach\u00e9es et de rechange pour autobus, depuis les charni\u00e8res, r\u00e9troviseurs et rideaux, jusqu\u2019aux toits ouvrants, repose-pieds et enjoliveurs de roue.<\/p>\n<p>De grandes marques comme Irizar, Sunsundegui ou Unvi nous font d\u00e9j\u00e0 confiance pour la fabrication sur mesure en exclusivit\u00e9 de leurs pi\u00e8ces.<\/p>\n<p>Vous voulez savoir ce que nous pouvons faire pour votre entreprise ? Contactez-nous et demandez-nous un devis pour vos pi\u00e8ces de rechange sur mesure.<\/p>\n<p><a href=\"https:\/\/www.industri-sl.com\/transporte\/recambios\/autobus\/irizar\/\"><img loading=\"lazy\" decoding=\"async\" class=\"size-medium wp-image-39 alignnone\" src=\"https:\/\/www.industri-sl.com\/wp-content\/uploads\/logo-irizar-300x200.png\" alt=\"Logo Irizar\" width=\"300\" height=\"200\" srcset=\"https:\/\/www.industri-sl.com\/wp-content\/uploads\/logo-irizar-300x200.png 300w, https:\/\/www.industri-sl.com\/wp-content\/uploads\/logo-irizar.png 600w\" sizes=\"auto, (max-width: 300px) 100vw, 300px\" \/><\/a><\/p>\n<p><a href=\"https:\/\/www.industri-sl.com\/transporte\/recambios\/autobus\/irizar\/\">Voir Irizar<\/a><\/p>\n<p>Mod\u00e8les d\u2019Irizar pour lesquels nous fabriquons des pi\u00e8ces de rechange:<\/p>\n<p><img loading=\"lazy\" decoding=\"async\" class=\"alignnone size-medium wp-image-388\" src=\"https:\/\/www.industri-sl.com\/wp-content\/uploads\/century-3-300x224.jpg\" alt=\"Fabricaci\u00f3n de piezas a medida y recambios para autobuses Irizar Century\" width=\"300\" height=\"224\" srcset=\"https:\/\/www.industri-sl.com\/wp-content\/uploads\/century-3-300x224.jpg 300w, https:\/\/www.industri-sl.com\/wp-content\/uploads\/century-3-768x574.jpg 768w, https:\/\/www.industri-sl.com\/wp-content\/uploads\/century-3.jpg 800w\" sizes=\"auto, (max-width: 300px) 100vw, 300px\" \/><\/p>\n<p><a href=\"https:\/\/www.industri-sl.com\/transporte\/recambios\/autobus\/irizar\/century\/\">Irizar Century<\/a><\/p>\n<p><img loading=\"lazy\" decoding=\"async\" class=\"alignnone wp-image-3224 size-medium\" src=\"https:\/\/www.industri-sl.com\/wp-content\/uploads\/i4-2-300x225.jpg\" alt=\"Fabricaci\u00f3n de piezas a medida y recambios para autobuses Irizar I4\" width=\"300\" height=\"225\" srcset=\"https:\/\/www.industri-sl.com\/wp-content\/uploads\/i4-2-300x225.jpg 300w, https:\/\/www.industri-sl.com\/wp-content\/uploads\/i4-2-768x576.jpg 768w, https:\/\/www.industri-sl.com\/wp-content\/uploads\/i4-2.jpg 800w\" sizes=\"auto, (max-width: 300px) 100vw, 300px\" \/><\/p>\n<p><a href=\"https:\/\/www.industri-sl.com\/transporte\/recambios\/autobus\/irizar\/i4\/\">Irizar I4<\/a><\/p>\n<p><img loading=\"lazy\" decoding=\"async\" class=\"size-medium wp-image-392 alignnone\" src=\"https:\/\/www.industri-sl.com\/wp-content\/uploads\/i6-3-300x224.jpg\" alt=\"Fabricaci\u00f3n de piezas a medida y recambios para autobuses Irizar I6\" width=\"300\" height=\"224\" srcset=\"https:\/\/www.industri-sl.com\/wp-content\/uploads\/i6-3-300x224.jpg 300w, https:\/\/www.industri-sl.com\/wp-content\/uploads\/i6-3-768x574.jpg 768w, https:\/\/www.industri-sl.com\/wp-content\/uploads\/i6-3.jpg 800w\" sizes=\"auto, (max-width: 300px) 100vw, 300px\" \/><\/p>\n<p><a href=\"https:\/\/www.industri-sl.com\/transporte\/recambios\/autobus\/irizar\/i6\/\">Irizar I6<\/a><\/p>\n<p><img loading=\"lazy\" decoding=\"async\" class=\"alignnone wp-image-1708 size-medium\" src=\"https:\/\/www.industri-sl.com\/wp-content\/uploads\/i8-1-3-300x222.jpg\" alt=\"Fabricaci\u00f3n de piezas a medida y recambios para autobuses Irizar I8\" width=\"300\" height=\"222\" srcset=\"https:\/\/www.industri-sl.com\/wp-content\/uploads\/i8-1-3-300x222.jpg 300w, https:\/\/www.industri-sl.com\/wp-content\/uploads\/i8-1-3-768x567.jpg 768w, https:\/\/www.industri-sl.com\/wp-content\/uploads\/i8-1-3.jpg 800w\" sizes=\"auto, (max-width: 300px) 100vw, 300px\" \/><\/p>\n<p><a href=\"https:\/\/www.industri-sl.com\/transporte\/recambios\/autobus\/irizar\/i8\/\">Irizar I8<\/a><\/p>\n<p><img loading=\"lazy\" decoding=\"async\" class=\"alignnone wp-image-1696 size-medium\" src=\"https:\/\/www.industri-sl.com\/wp-content\/uploads\/pb-1-3-300x225.jpg\" alt=\"Fabricaci\u00f3n de piezas a medida y recambios para autobuses Irizar PB\" width=\"300\" height=\"225\" srcset=\"https:\/\/www.industri-sl.com\/wp-content\/uploads\/pb-1-3-300x225.jpg 300w, https:\/\/www.industri-sl.com\/wp-content\/uploads\/pb-1-3-768x576.jpg 768w, https:\/\/www.industri-sl.com\/wp-content\/uploads\/pb-1-3.jpg 800w\" sizes=\"auto, (max-width: 300px) 100vw, 300px\" \/><\/p>\n<p><a href=\"https:\/\/www.industri-sl.com\/transporte\/recambios\/autobus\/irizar\/pb\/\">Irizar Pb<\/a><\/p>\n<p>Nous proposons des pi\u00e8ces de rechange pour:<\/p>\n<p><a class=\"boton gris\" href=\"https:\/\/www.industri-sl.com\/transporte\/recambios\/autobus\/irizar\/cortinas\/\">Rideaux<\/a><\/p>\n<p><a class=\"boton gris\" href=\"https:\/\/www.industri-sl.com\/transporte\/recambios\/autobus\/irizar\/retrovisores\/\">R\u00e9troviseurs<\/a><\/p>\n<p><a class=\"boton gris\" href=\"https:\/\/www.industri-sl.com\/transporte\/recambios\/autobus\/irizar\/ventanas\/\">Charni\u00e8res<\/a><\/p>\n<p><a class=\"boton gris\" href=\"https:\/\/www.industri-sl.com\/transporte\/recambios\/autobus\/irizar\/bisagras\/\">Enjoliveurs<\/a><\/p>\n<p><a class=\"boton gris\" href=\"https:\/\/www.industri-sl.com\/transporte\/recambios\/autobus\/irizar\/embellecedores\/\">Repose-pieds<\/a><\/p>\n<p><a class=\"boton gris\" href=\"https:\/\/www.industri-sl.com\/transporte\/recambios\/autobus\/irizar\/reposapies\/\">Trappes \u00e0 carburant<\/a><\/p>\n<p><a class=\"boton gris\" href=\"https:\/\/www.industri-sl.com\/transporte\/recambios\/autobus\/irizar\/tapas-gasoil\/\">T\u00e9l\u00e9charger le catalogue<\/a><\/p>\n<p><a href=\"https:\/\/www.industri-sl.com\/transporte\/recambios\/autobus\/sunsundegui\/\"><img loading=\"lazy\" decoding=\"async\" class=\"alignnone size-medium wp-image-43\" src=\"https:\/\/www.industri-sl.com\/wp-content\/uploads\/logo-sunsundegui-300x200.png\" alt=\"Logo Sunsundegui\" width=\"300\" height=\"200\" srcset=\"https:\/\/www.industri-sl.com\/wp-content\/uploads\/logo-sunsundegui-300x200.png 300w, https:\/\/www.industri-sl.com\/wp-content\/uploads\/logo-sunsundegui.png 600w\" sizes=\"auto, (max-width: 300px) 100vw, 300px\" \/><\/a><\/p>\n<p><a href=\"https:\/\/www.industri-sl.com\/transporte\/recambios\/autobus\/sunsundegui\/\">Voir Sunsundegui<\/a><\/p>\n<p>Mod\u00e8les de Sunsundegui pour lesquels nous fabriquons des pi\u00e8ces de rechange:<\/p>\n<p><img loading=\"lazy\" decoding=\"async\" class=\"alignnone wp-image-1512 size-medium\" src=\"https:\/\/www.industri-sl.com\/wp-content\/uploads\/sb3-3-1-2-300x216.jpg\" alt=\"Fabricaci\u00f3n de piezas y recambios para autobuses Sunsundegui SB3\" width=\"300\" height=\"216\" srcset=\"https:\/\/www.industri-sl.com\/wp-content\/uploads\/sb3-3-1-2-300x216.jpg 300w, https:\/\/www.industri-sl.com\/wp-content\/uploads\/sb3-3-1-2-768x552.jpg 768w, https:\/\/www.industri-sl.com\/wp-content\/uploads\/sb3-3-1-2.jpg 800w\" sizes=\"auto, (max-width: 300px) 100vw, 300px\" \/><\/p>\n<p><a href=\"https:\/\/www.industri-sl.com\/transporte\/recambios\/autobus\/sunsundegui\/sb3\/\">SB3<\/a><\/p>\n<p><img loading=\"lazy\" decoding=\"async\" class=\"alignnone wp-image-1508 size-medium\" src=\"https:\/\/www.industri-sl.com\/wp-content\/uploads\/sc5-2-1-300x217.jpg\" alt=\"Fabricaci\u00f3n de piezas y recambios para autobuses Sunsundegui SC5\" width=\"300\" height=\"217\" srcset=\"https:\/\/www.industri-sl.com\/wp-content\/uploads\/sc5-2-1-300x217.jpg 300w, https:\/\/www.industri-sl.com\/wp-content\/uploads\/sc5-2-1-768x556.jpg 768w, https:\/\/www.industri-sl.com\/wp-content\/uploads\/sc5-2-1.jpg 800w\" sizes=\"auto, (max-width: 300px) 100vw, 300px\" \/><\/p>\n<p><a href=\"https:\/\/www.industri-sl.com\/transporte\/recambios\/autobus\/sunsundegui\/sc5\/\">SC5<\/a><\/p>\n<p><img loading=\"lazy\" decoding=\"async\" class=\"alignnone wp-image-1500 size-medium\" src=\"https:\/\/www.industri-sl.com\/wp-content\/uploads\/sc7-2-2-300x217.jpg\" alt=\"Fabricaci\u00f3n de piezas y recambios para autobuses Sunsundegui SC7\" width=\"300\" height=\"217\" srcset=\"https:\/\/www.industri-sl.com\/wp-content\/uploads\/sc7-2-2-300x217.jpg 300w, https:\/\/www.industri-sl.com\/wp-content\/uploads\/sc7-2-2-768x555.jpg 768w, https:\/\/www.industri-sl.com\/wp-content\/uploads\/sc7-2-2.jpg 800w\" sizes=\"auto, (max-width: 300px) 100vw, 300px\" \/><\/p>\n<p><a href=\"https:\/\/www.industri-sl.com\/transporte\/recambios\/autobus\/sunsundegui\/sc7\/\">SC7<\/a><\/p>\n<p>Nous proposons des pi\u00e8ces de rechange pour:<\/p>\n<p><a class=\"boton gris\" href=\"https:\/\/www.industri-sl.com\/transporte\/recambios\/autobus\/sunsundegui\/cortinas\/\">Rideaux<\/a><\/p>\n<p><a class=\"boton gris\" href=\"https:\/\/www.industri-sl.com\/transporte\/recambios\/autobus\/sunsundegui\/retrovisores\/\">R\u00e9troviseurs<\/a><\/p>\n<p><button>T\u00e9l\u00e9charger le catalogue<\/button><\/p>\n<p><a href=\"https:\/\/www.industri-sl.com\/transporte\/recambios\/autobus\/unvi\/\"><img loading=\"lazy\" decoding=\"async\" class=\"alignnone size-medium wp-image-47\" src=\"https:\/\/www.industri-sl.com\/wp-content\/uploads\/logo-unvi-300x200.png\" alt=\"Logo Unvi\" width=\"300\" height=\"200\" srcset=\"https:\/\/www.industri-sl.com\/wp-content\/uploads\/logo-unvi-300x200.png 300w, https:\/\/www.industri-sl.com\/wp-content\/uploads\/logo-unvi.png 600w\" sizes=\"auto, (max-width: 300px) 100vw, 300px\" \/><\/a><\/p>\n<p><a href=\"https:\/\/www.industri-sl.com\/transporte\/recambios\/autobus\/unvi\/\">Voir Unvi<\/a><\/p>\n<p>Vous ne trouvez pas ce que vous cherchez?<\/p>\n<p>Nous fabriquons des pi\u00e8ces sur mesure pour les autobus.<\/p>\n<p><a href=\"https:\/\/www.industri-sl.com\/transporte\/autobus\/\">Autobus<\/a><\/p>\n<p>Services d\u2019ing\u00e9nierie<\/p>\n<p>En plus de fabriquer des pi\u00e8ces d\u00e9tach\u00e9es et de rechange pour l\u2019industrie ferroviaire et automobile, INDUSTRI dispose d\u2019un service de R&#038;D o\u00f9 de nouveaux produits sont d\u00e9velopp\u00e9s en collaboration \u00e9troite avec nos clients. Nous poss\u00e9dons une vaste exp\u00e9rience dans la conception de machines sp\u00e9ciales pour la fabrication de ces composants et \u00e9quipements.<\/p>\n<p><a class=\"boton\" href=\"https:\/\/www.industri-sl.com\/ingenieria\/\">Plus d\u2019informations<\/a><\/p>\n","protected":false},"excerpt":{"rendered":"<p>Catalogue de pi\u00e8ces d\u00e9tach\u00e9es pour autocars INDUSTRI est sp\u00e9cialis\u00e9e dans la fabrication sur mesure de tout type de pi\u00e8ces d\u00e9tach\u00e9es et de rechange pour autobus, depuis les charni\u00e8res, r\u00e9troviseurs et rideaux, jusqu\u2019aux toits ouvrants, repose-pieds et enjoliveurs de roue. De grandes marques comme Irizar, Sunsundegui ou Unvi nous font d\u00e9j\u00e0 confiance pour la fabrication sur [&hellip;]<\/p>\n","protected":false},"author":3,"featured_media":0,"parent":9187,"menu_order":0,"comment_status":"closed","ping_status":"closed","template":"page-recambios-autobus.php","meta":{"footnotes":""},"class_list":["post-9189","page","type-page","status-publish","hentry"],"yoast_head":"<!-- This site is optimized with the Yoast SEO plugin v27.5 - https:\/\/yoast.com\/product\/yoast-seo-wordpress\/ -->\n<title>Pi\u00e8ces de rechange et accessoires pour autobus - INDUSTRI<\/title>\n<meta name=\"description\" content=\"INDUSTRI est sp\u00e9cialis\u00e9e dans la fabrication sur mesure de tout type de pi\u00e8ces d\u00e9tach\u00e9es et de rechange pour autobus, telles que charni\u00e8res, r\u00e9troviseurs et rideaux, entre autres.\" \/>\n<meta name=\"robots\" content=\"index, follow, max-snippet:-1, max-image-preview:large, max-video-preview:-1\" \/>\n<link rel=\"canonical\" href=\"https:\/\/www.industri-sl.com\/fr\/transport\/pieces-detachees\/autobus\/\" \/>\n<meta property=\"og:locale\" content=\"fr_FR\" \/>\n<meta property=\"og:type\" content=\"article\" \/>\n<meta property=\"og:title\" content=\"Pi\u00e8ces de rechange et accessoires pour autobus - INDUSTRI\" \/>\n<meta property=\"og:description\" content=\"INDUSTRI est sp\u00e9cialis\u00e9e dans la fabrication sur mesure de tout type de pi\u00e8ces d\u00e9tach\u00e9es et de rechange pour autobus, telles que charni\u00e8res, r\u00e9troviseurs et rideaux, entre autres.\" \/>\n<meta property=\"og:url\" content=\"https:\/\/www.industri-sl.com\/fr\/transport\/pieces-detachees\/autobus\/\" \/>\n<meta property=\"og:site_name\" content=\"Industri SL\" \/>\n<meta property=\"article:modified_time\" content=\"2020-01-28T10:16:26+00:00\" \/>\n<meta property=\"og:image\" content=\"https:\/\/www.industri-sl.com\/wp-content\/uploads\/logo-irizar-300x200.png\" \/>\n<meta name=\"twitter:card\" content=\"summary_large_image\" \/>\n<meta name=\"twitter:label1\" content=\"Dur\u00e9e de lecture estim\u00e9e\" \/>\n\t<meta name=\"twitter:data1\" content=\"1 minute\" \/>\n<script type=\"application\/ld+json\" class=\"yoast-schema-graph\">{\"@context\":\"https:\\\/\\\/schema.org\",\"@graph\":[{\"@type\":\"WebPage\",\"@id\":\"https:\\\/\\\/www.industri-sl.com\\\/fr\\\/transport\\\/pieces-detachees\\\/autobus\\\/\",\"url\":\"https:\\\/\\\/www.industri-sl.com\\\/fr\\\/transport\\\/pieces-detachees\\\/autobus\\\/\",\"name\":\"Pi\u00e8ces de rechange et accessoires pour autobus - INDUSTRI\",\"isPartOf\":{\"@id\":\"https:\\\/\\\/www.industri-sl.com\\\/fr\\\/#website\"},\"primaryImageOfPage\":{\"@id\":\"https:\\\/\\\/www.industri-sl.com\\\/fr\\\/transport\\\/pieces-detachees\\\/autobus\\\/#primaryimage\"},\"image\":{\"@id\":\"https:\\\/\\\/www.industri-sl.com\\\/fr\\\/transport\\\/pieces-detachees\\\/autobus\\\/#primaryimage\"},\"thumbnailUrl\":\"https:\\\/\\\/www.industri-sl.com\\\/wp-content\\\/uploads\\\/logo-irizar-300x200.png\",\"datePublished\":\"2019-10-02T08:48:15+00:00\",\"dateModified\":\"2020-01-28T10:16:26+00:00\",\"description\":\"INDUSTRI est sp\u00e9cialis\u00e9e dans la fabrication sur mesure de tout type de pi\u00e8ces d\u00e9tach\u00e9es et de rechange pour autobus, telles que charni\u00e8res, r\u00e9troviseurs et rideaux, entre autres.\",\"breadcrumb\":{\"@id\":\"https:\\\/\\\/www.industri-sl.com\\\/fr\\\/transport\\\/pieces-detachees\\\/autobus\\\/#breadcrumb\"},\"inLanguage\":\"fr-FR\",\"potentialAction\":[{\"@type\":\"ReadAction\",\"target\":[\"https:\\\/\\\/www.industri-sl.com\\\/fr\\\/transport\\\/pieces-detachees\\\/autobus\\\/\"]}]},{\"@type\":\"ImageObject\",\"inLanguage\":\"fr-FR\",\"@id\":\"https:\\\/\\\/www.industri-sl.com\\\/fr\\\/transport\\\/pieces-detachees\\\/autobus\\\/#primaryimage\",\"url\":\"https:\\\/\\\/www.industri-sl.com\\\/wp-content\\\/uploads\\\/logo-irizar-300x200.png\",\"contentUrl\":\"https:\\\/\\\/www.industri-sl.com\\\/wp-content\\\/uploads\\\/logo-irizar-300x200.png\"},{\"@type\":\"BreadcrumbList\",\"@id\":\"https:\\\/\\\/www.industri-sl.com\\\/fr\\\/transport\\\/pieces-detachees\\\/autobus\\\/#breadcrumb\",\"itemListElement\":[{\"@type\":\"ListItem\",\"position\":1,\"name\":\"Inicio\",\"item\":\"https:\\\/\\\/www.industri-sl.com\\\/fr\\\/\"},{\"@type\":\"ListItem\",\"position\":2,\"name\":\"Division Transport\",\"item\":\"https:\\\/\\\/www.industri-sl.com\\\/fr\\\/transport\\\/\"},{\"@type\":\"ListItem\",\"position\":3,\"name\":\"Catalogue de pi\u00e8ces d\u00e9tach\u00e9es\",\"item\":\"https:\\\/\\\/www.industri-sl.com\\\/fr\\\/transport\\\/pieces-detachees\\\/\"},{\"@type\":\"ListItem\",\"position\":4,\"name\":\"Pi\u00e8ces de rechange et accessoires pour autobus\"}]},{\"@type\":\"WebSite\",\"@id\":\"https:\\\/\\\/www.industri-sl.com\\\/fr\\\/#website\",\"url\":\"https:\\\/\\\/www.industri-sl.com\\\/fr\\\/\",\"name\":\"Industri SL\",\"description\":\"\",\"publisher\":{\"@id\":\"https:\\\/\\\/www.industri-sl.com\\\/fr\\\/#organization\"},\"potentialAction\":[{\"@type\":\"SearchAction\",\"target\":{\"@type\":\"EntryPoint\",\"urlTemplate\":\"https:\\\/\\\/www.industri-sl.com\\\/fr\\\/?s={search_term_string}\"},\"query-input\":{\"@type\":\"PropertyValueSpecification\",\"valueRequired\":true,\"valueName\":\"search_term_string\"}}],\"inLanguage\":\"fr-FR\"},{\"@type\":\"Organization\",\"@id\":\"https:\\\/\\\/www.industri-sl.com\\\/fr\\\/#organization\",\"name\":\"Industri SL\",\"url\":\"https:\\\/\\\/www.industri-sl.com\\\/fr\\\/\",\"logo\":{\"@type\":\"ImageObject\",\"inLanguage\":\"fr-FR\",\"@id\":\"https:\\\/\\\/www.industri-sl.com\\\/fr\\\/#\\\/schema\\\/logo\\\/image\\\/\",\"url\":\"https:\\\/\\\/www.industri-sl.com\\\/wp-content\\\/uploads\\\/industri-logo.png\",\"contentUrl\":\"https:\\\/\\\/www.industri-sl.com\\\/wp-content\\\/uploads\\\/industri-logo.png\",\"width\":248,\"height\":45,\"caption\":\"Industri SL\"},\"image\":{\"@id\":\"https:\\\/\\\/www.industri-sl.com\\\/fr\\\/#\\\/schema\\\/logo\\\/image\\\/\"}}]}<\/script>\n<!-- \/ Yoast SEO plugin. -->","yoast_head_json":{"title":"Pi\u00e8ces de rechange et accessoires pour autobus - INDUSTRI","description":"INDUSTRI est sp\u00e9cialis\u00e9e dans la fabrication sur mesure de tout type de pi\u00e8ces d\u00e9tach\u00e9es et de rechange pour autobus, telles que charni\u00e8res, r\u00e9troviseurs et rideaux, entre autres.","robots":{"index":"index","follow":"follow","max-snippet":"max-snippet:-1","max-image-preview":"max-image-preview:large","max-video-preview":"max-video-preview:-1"},"canonical":"https:\/\/www.industri-sl.com\/fr\/transport\/pieces-detachees\/autobus\/","og_locale":"fr_FR","og_type":"article","og_title":"Pi\u00e8ces de rechange et accessoires pour autobus - INDUSTRI","og_description":"INDUSTRI est sp\u00e9cialis\u00e9e dans la fabrication sur mesure de tout type de pi\u00e8ces d\u00e9tach\u00e9es et de rechange pour autobus, telles que charni\u00e8res, r\u00e9troviseurs et rideaux, entre autres.","og_url":"https:\/\/www.industri-sl.com\/fr\/transport\/pieces-detachees\/autobus\/","og_site_name":"Industri SL","article_modified_time":"2020-01-28T10:16:26+00:00","og_image":[{"url":"https:\/\/www.industri-sl.com\/wp-content\/uploads\/logo-irizar-300x200.png","type":"","width":"","height":""}],"twitter_card":"summary_large_image","twitter_misc":{"Dur\u00e9e de lecture estim\u00e9e":"1 minute"},"schema":{"@context":"https:\/\/schema.org","@graph":[{"@type":"WebPage","@id":"https:\/\/www.industri-sl.com\/fr\/transport\/pieces-detachees\/autobus\/","url":"https:\/\/www.industri-sl.com\/fr\/transport\/pieces-detachees\/autobus\/","name":"Pi\u00e8ces de rechange et accessoires pour autobus - INDUSTRI","isPartOf":{"@id":"https:\/\/www.industri-sl.com\/fr\/#website"},"primaryImageOfPage":{"@id":"https:\/\/www.industri-sl.com\/fr\/transport\/pieces-detachees\/autobus\/#primaryimage"},"image":{"@id":"https:\/\/www.industri-sl.com\/fr\/transport\/pieces-detachees\/autobus\/#primaryimage"},"thumbnailUrl":"https:\/\/www.industri-sl.com\/wp-content\/uploads\/logo-irizar-300x200.png","datePublished":"2019-10-02T08:48:15+00:00","dateModified":"2020-01-28T10:16:26+00:00","description":"INDUSTRI est sp\u00e9cialis\u00e9e dans la fabrication sur mesure de tout type de pi\u00e8ces d\u00e9tach\u00e9es et de rechange pour autobus, telles que charni\u00e8res, r\u00e9troviseurs et rideaux, entre autres.","breadcrumb":{"@id":"https:\/\/www.industri-sl.com\/fr\/transport\/pieces-detachees\/autobus\/#breadcrumb"},"inLanguage":"fr-FR","potentialAction":[{"@type":"ReadAction","target":["https:\/\/www.industri-sl.com\/fr\/transport\/pieces-detachees\/autobus\/"]}]},{"@type":"ImageObject","inLanguage":"fr-FR","@id":"https:\/\/www.industri-sl.com\/fr\/transport\/pieces-detachees\/autobus\/#primaryimage","url":"https:\/\/www.industri-sl.com\/wp-content\/uploads\/logo-irizar-300x200.png","contentUrl":"https:\/\/www.industri-sl.com\/wp-content\/uploads\/logo-irizar-300x200.png"},{"@type":"BreadcrumbList","@id":"https:\/\/www.industri-sl.com\/fr\/transport\/pieces-detachees\/autobus\/#breadcrumb","itemListElement":[{"@type":"ListItem","position":1,"name":"Inicio","item":"https:\/\/www.industri-sl.com\/fr\/"},{"@type":"ListItem","position":2,"name":"Division Transport","item":"https:\/\/www.industri-sl.com\/fr\/transport\/"},{"@type":"ListItem","position":3,"name":"Catalogue de pi\u00e8ces d\u00e9tach\u00e9es","item":"https:\/\/www.industri-sl.com\/fr\/transport\/pieces-detachees\/"},{"@type":"ListItem","position":4,"name":"Pi\u00e8ces de rechange et accessoires pour autobus"}]},{"@type":"WebSite","@id":"https:\/\/www.industri-sl.com\/fr\/#website","url":"https:\/\/www.industri-sl.com\/fr\/","name":"Industri SL","description":"","publisher":{"@id":"https:\/\/www.industri-sl.com\/fr\/#organization"},"potentialAction":[{"@type":"SearchAction","target":{"@type":"EntryPoint","urlTemplate":"https:\/\/www.industri-sl.com\/fr\/?s={search_term_string}"},"query-input":{"@type":"PropertyValueSpecification","valueRequired":true,"valueName":"search_term_string"}}],"inLanguage":"fr-FR"},{"@type":"Organization","@id":"https:\/\/www.industri-sl.com\/fr\/#organization","name":"Industri SL","url":"https:\/\/www.industri-sl.com\/fr\/","logo":{"@type":"ImageObject","inLanguage":"fr-FR","@id":"https:\/\/www.industri-sl.com\/fr\/#\/schema\/logo\/image\/","url":"https:\/\/www.industri-sl.com\/wp-content\/uploads\/industri-logo.png","contentUrl":"https:\/\/www.industri-sl.com\/wp-content\/uploads\/industri-logo.png","width":248,"height":45,"caption":"Industri SL"},"image":{"@id":"https:\/\/www.industri-sl.com\/fr\/#\/schema\/logo\/image\/"}}]}},"_links":{"self":[{"href":"https:\/\/www.industri-sl.com\/fr\/wp-json\/wp\/v2\/pages\/9189","targetHints":{"allow":["GET"]}}],"collection":[{"href":"https:\/\/www.industri-sl.com\/fr\/wp-json\/wp\/v2\/pages"}],"about":[{"href":"https:\/\/www.industri-sl.com\/fr\/wp-json\/wp\/v2\/types\/page"}],"author":[{"embeddable":true,"href":"https:\/\/www.industri-sl.com\/fr\/wp-json\/wp\/v2\/users\/3"}],"replies":[{"embeddable":true,"href":"https:\/\/www.industri-sl.com\/fr\/wp-json\/wp\/v2\/comments?post=9189"}],"version-history":[{"count":0,"href":"https:\/\/www.industri-sl.com\/fr\/wp-json\/wp\/v2\/pages\/9189\/revisions"}],"up":[{"embeddable":true,"href":"https:\/\/www.industri-sl.com\/fr\/wp-json\/wp\/v2\/pages\/9187"}],"wp:attachment":[{"href":"https:\/\/www.industri-sl.com\/fr\/wp-json\/wp\/v2\/media?parent=9189"}],"curies":[{"name":"wp","href":"https:\/\/api.w.org\/{rel}","templated":true}]}}