{"id":9185,"date":"2019-09-05T13:05:13","date_gmt":"2019-09-05T11:05:13","guid":{"rendered":"https:\/\/www.industri-sl.com\/transporte\/"},"modified":"2020-01-29T09:20:55","modified_gmt":"2020-01-29T08:20:55","slug":"transport","status":"publish","type":"page","link":"https:\/\/www.industri-sl.com\/fr\/transport\/","title":{"rendered":"Division Transport"},"content":{"rendered":"<h1>Division Transport<\/h1>\n<p>Depuis <strong>plus de 60 ans<\/strong>, INDUSTRI est sp\u00e9cialis\u00e9e dans la fabrication de pi\u00e8ces de rechange et de composants sur mesure pour les trains et les autobus, ainsi que pour d\u2019autres v\u00e9hicules tels que camions, ambulances, voitures de police ou v\u00e9hicules scolaires.  <\/p>\n<p>Nous concevons, prototypons et fabriquons des rideaux m\u00e9caniques et \u00e9lectriques, r\u00e9troviseurs, charni\u00e8res, enjoliveurs de roues, repose-pieds, trappes \u00e0 carburant, embouts de pot d\u2019\u00e9chappement et autres accessoires.<\/p>\n<p>Notre \u00e9quipe d\u2019ing\u00e9nieurs peut adapter n\u2019importe quel accessoire aux sp\u00e9cificit\u00e9s techniques du projet ou d\u00e9velopper la pi\u00e8ce dans son int\u00e9gralit\u00e9. <\/p>\n<h4>Notre offre<\/h4>\n<div><a class=\"boton\" href=\"#primary\">FABRICATION SUR MESURE<\/a> <a class=\"boton\" href=\"#recambios\">CATALOGUE DE PI\u00c8CES D\u00c9TACH\u00c9ES<\/a> <a class=\"boton\" href=\"#servicios-ingenieria\">SERVICES D\u2019INGENIERIE<\/a><\/div>\n","protected":false},"excerpt":{"rendered":"<p>Division Transport Depuis plus de 60 ans, INDUSTRI est sp\u00e9cialis\u00e9e dans la fabrication de pi\u00e8ces de rechange et de composants sur mesure pour les trains et les autobus, ainsi que pour d\u2019autres v\u00e9hicules tels que camions, ambulances, voitures de police ou v\u00e9hicules scolaires. Nous concevons, prototypons et fabriquons des rideaux m\u00e9caniques et \u00e9lectriques, r\u00e9troviseurs, charni\u00e8res, [&hellip;]<\/p>\n","protected":false},"author":3,"featured_media":0,"parent":0,"menu_order":0,"comment_status":"closed","ping_status":"closed","template":"page-transporte.php","meta":{"footnotes":""},"class_list":["post-9185","page","type-page","status-publish","hentry"],"yoast_head":"<!-- This site is optimized with the Yoast SEO plugin v27.5 - https:\/\/yoast.com\/product\/yoast-seo-wordpress\/ -->\n<title>Division Transport - INDUSTRI<\/title>\n<meta name=\"description\" content=\"INDUSTRI est sp\u00e9cialis\u00e9e dans la fabrication de pi\u00e8ces de rechange et composants sur mesure pour trains, autocars et autres v\u00e9hicules tels que camions, ambulances, etc.\" \/>\n<meta name=\"robots\" content=\"index, follow, max-snippet:-1, max-image-preview:large, max-video-preview:-1\" \/>\n<link rel=\"canonical\" href=\"https:\/\/www.industri-sl.com\/fr\/transport\/\" \/>\n<meta property=\"og:locale\" content=\"fr_FR\" \/>\n<meta property=\"og:type\" content=\"article\" \/>\n<meta property=\"og:title\" content=\"Division Transport - INDUSTRI\" \/>\n<meta property=\"og:description\" content=\"INDUSTRI est sp\u00e9cialis\u00e9e dans la fabrication de pi\u00e8ces de rechange et composants sur mesure pour trains, autocars et autres v\u00e9hicules tels que camions, ambulances, etc.\" \/>\n<meta property=\"og:url\" content=\"https:\/\/www.industri-sl.com\/fr\/transport\/\" \/>\n<meta property=\"og:site_name\" content=\"Industri SL\" \/>\n<meta property=\"article:modified_time\" content=\"2020-01-29T08:20:55+00:00\" \/>\n<meta name=\"twitter:card\" content=\"summary_large_image\" \/>\n<meta name=\"twitter:label1\" content=\"Dur\u00e9e de lecture estim\u00e9e\" \/>\n\t<meta name=\"twitter:data1\" content=\"1 minute\" \/>\n<script type=\"application\/ld+json\" class=\"yoast-schema-graph\">{\"@context\":\"https:\\\/\\\/schema.org\",\"@graph\":[{\"@type\":\"WebPage\",\"@id\":\"https:\\\/\\\/www.industri-sl.com\\\/fr\\\/transport\\\/\",\"url\":\"https:\\\/\\\/www.industri-sl.com\\\/fr\\\/transport\\\/\",\"name\":\"Division Transport - INDUSTRI\",\"isPartOf\":{\"@id\":\"https:\\\/\\\/www.industri-sl.com\\\/fr\\\/#website\"},\"datePublished\":\"2019-09-05T11:05:13+00:00\",\"dateModified\":\"2020-01-29T08:20:55+00:00\",\"description\":\"INDUSTRI est sp\u00e9cialis\u00e9e dans la fabrication de pi\u00e8ces de rechange et composants sur mesure pour trains, autocars et autres v\u00e9hicules tels que camions, ambulances, etc.\",\"breadcrumb\":{\"@id\":\"https:\\\/\\\/www.industri-sl.com\\\/fr\\\/transport\\\/#breadcrumb\"},\"inLanguage\":\"fr-FR\",\"potentialAction\":[{\"@type\":\"ReadAction\",\"target\":[\"https:\\\/\\\/www.industri-sl.com\\\/fr\\\/transport\\\/\"]}]},{\"@type\":\"BreadcrumbList\",\"@id\":\"https:\\\/\\\/www.industri-sl.com\\\/fr\\\/transport\\\/#breadcrumb\",\"itemListElement\":[{\"@type\":\"ListItem\",\"position\":1,\"name\":\"Inicio\",\"item\":\"https:\\\/\\\/www.industri-sl.com\\\/fr\\\/\"},{\"@type\":\"ListItem\",\"position\":2,\"name\":\"Division Transport\"}]},{\"@type\":\"WebSite\",\"@id\":\"https:\\\/\\\/www.industri-sl.com\\\/fr\\\/#website\",\"url\":\"https:\\\/\\\/www.industri-sl.com\\\/fr\\\/\",\"name\":\"Industri SL\",\"description\":\"\",\"publisher\":{\"@id\":\"https:\\\/\\\/www.industri-sl.com\\\/fr\\\/#organization\"},\"potentialAction\":[{\"@type\":\"SearchAction\",\"target\":{\"@type\":\"EntryPoint\",\"urlTemplate\":\"https:\\\/\\\/www.industri-sl.com\\\/fr\\\/?s={search_term_string}\"},\"query-input\":{\"@type\":\"PropertyValueSpecification\",\"valueRequired\":true,\"valueName\":\"search_term_string\"}}],\"inLanguage\":\"fr-FR\"},{\"@type\":\"Organization\",\"@id\":\"https:\\\/\\\/www.industri-sl.com\\\/fr\\\/#organization\",\"name\":\"Industri SL\",\"url\":\"https:\\\/\\\/www.industri-sl.com\\\/fr\\\/\",\"logo\":{\"@type\":\"ImageObject\",\"inLanguage\":\"fr-FR\",\"@id\":\"https:\\\/\\\/www.industri-sl.com\\\/fr\\\/#\\\/schema\\\/logo\\\/image\\\/\",\"url\":\"https:\\\/\\\/www.industri-sl.com\\\/wp-content\\\/uploads\\\/industri-logo.png\",\"contentUrl\":\"https:\\\/\\\/www.industri-sl.com\\\/wp-content\\\/uploads\\\/industri-logo.png\",\"width\":248,\"height\":45,\"caption\":\"Industri SL\"},\"image\":{\"@id\":\"https:\\\/\\\/www.industri-sl.com\\\/fr\\\/#\\\/schema\\\/logo\\\/image\\\/\"}}]}<\/script>\n<!-- \/ Yoast SEO plugin. -->","yoast_head_json":{"title":"Division Transport - INDUSTRI","description":"INDUSTRI est sp\u00e9cialis\u00e9e dans la fabrication de pi\u00e8ces de rechange et composants sur mesure pour trains, autocars et autres v\u00e9hicules tels que camions, ambulances, etc.","robots":{"index":"index","follow":"follow","max-snippet":"max-snippet:-1","max-image-preview":"max-image-preview:large","max-video-preview":"max-video-preview:-1"},"canonical":"https:\/\/www.industri-sl.com\/fr\/transport\/","og_locale":"fr_FR","og_type":"article","og_title":"Division Transport - INDUSTRI","og_description":"INDUSTRI est sp\u00e9cialis\u00e9e dans la fabrication de pi\u00e8ces de rechange et composants sur mesure pour trains, autocars et autres v\u00e9hicules tels que camions, ambulances, etc.","og_url":"https:\/\/www.industri-sl.com\/fr\/transport\/","og_site_name":"Industri SL","article_modified_time":"2020-01-29T08:20:55+00:00","twitter_card":"summary_large_image","twitter_misc":{"Dur\u00e9e de lecture estim\u00e9e":"1 minute"},"schema":{"@context":"https:\/\/schema.org","@graph":[{"@type":"WebPage","@id":"https:\/\/www.industri-sl.com\/fr\/transport\/","url":"https:\/\/www.industri-sl.com\/fr\/transport\/","name":"Division Transport - INDUSTRI","isPartOf":{"@id":"https:\/\/www.industri-sl.com\/fr\/#website"},"datePublished":"2019-09-05T11:05:13+00:00","dateModified":"2020-01-29T08:20:55+00:00","description":"INDUSTRI est sp\u00e9cialis\u00e9e dans la fabrication de pi\u00e8ces de rechange et composants sur mesure pour trains, autocars et autres v\u00e9hicules tels que camions, ambulances, etc.","breadcrumb":{"@id":"https:\/\/www.industri-sl.com\/fr\/transport\/#breadcrumb"},"inLanguage":"fr-FR","potentialAction":[{"@type":"ReadAction","target":["https:\/\/www.industri-sl.com\/fr\/transport\/"]}]},{"@type":"BreadcrumbList","@id":"https:\/\/www.industri-sl.com\/fr\/transport\/#breadcrumb","itemListElement":[{"@type":"ListItem","position":1,"name":"Inicio","item":"https:\/\/www.industri-sl.com\/fr\/"},{"@type":"ListItem","position":2,"name":"Division Transport"}]},{"@type":"WebSite","@id":"https:\/\/www.industri-sl.com\/fr\/#website","url":"https:\/\/www.industri-sl.com\/fr\/","name":"Industri SL","description":"","publisher":{"@id":"https:\/\/www.industri-sl.com\/fr\/#organization"},"potentialAction":[{"@type":"SearchAction","target":{"@type":"EntryPoint","urlTemplate":"https:\/\/www.industri-sl.com\/fr\/?s={search_term_string}"},"query-input":{"@type":"PropertyValueSpecification","valueRequired":true,"valueName":"search_term_string"}}],"inLanguage":"fr-FR"},{"@type":"Organization","@id":"https:\/\/www.industri-sl.com\/fr\/#organization","name":"Industri SL","url":"https:\/\/www.industri-sl.com\/fr\/","logo":{"@type":"ImageObject","inLanguage":"fr-FR","@id":"https:\/\/www.industri-sl.com\/fr\/#\/schema\/logo\/image\/","url":"https:\/\/www.industri-sl.com\/wp-content\/uploads\/industri-logo.png","contentUrl":"https:\/\/www.industri-sl.com\/wp-content\/uploads\/industri-logo.png","width":248,"height":45,"caption":"Industri SL"},"image":{"@id":"https:\/\/www.industri-sl.com\/fr\/#\/schema\/logo\/image\/"}}]}},"_links":{"self":[{"href":"https:\/\/www.industri-sl.com\/fr\/wp-json\/wp\/v2\/pages\/9185","targetHints":{"allow":["GET"]}}],"collection":[{"href":"https:\/\/www.industri-sl.com\/fr\/wp-json\/wp\/v2\/pages"}],"about":[{"href":"https:\/\/www.industri-sl.com\/fr\/wp-json\/wp\/v2\/types\/page"}],"author":[{"embeddable":true,"href":"https:\/\/www.industri-sl.com\/fr\/wp-json\/wp\/v2\/users\/3"}],"replies":[{"embeddable":true,"href":"https:\/\/www.industri-sl.com\/fr\/wp-json\/wp\/v2\/comments?post=9185"}],"version-history":[{"count":0,"href":"https:\/\/www.industri-sl.com\/fr\/wp-json\/wp\/v2\/pages\/9185\/revisions"}],"wp:attachment":[{"href":"https:\/\/www.industri-sl.com\/fr\/wp-json\/wp\/v2\/media?parent=9185"}],"curies":[{"name":"wp","href":"https:\/\/api.w.org\/{rel}","templated":true}]}}