{"id":9179,"date":"2019-10-03T12:15:37","date_gmt":"2019-10-03T10:15:37","guid":{"rendered":"https:\/\/www.industri-sl.com\/batiment\/gruas\/"},"modified":"2020-01-28T10:39:01","modified_gmt":"2020-01-28T09:39:01","slug":"grues","status":"publish","type":"page","link":"https:\/\/www.industri-sl.com\/fr\/batiment\/grues\/","title":{"rendered":"Fabrication d\u2019accessoires pour grues"},"content":{"rendered":"<h2>Fabrication de pi\u00e8ces sur mesure pour grues<\/h2>\n<p><img loading=\"lazy\" decoding=\"async\" class=\"alignright wp-image-2280\" src=\"https:\/\/www.industri-sl.com\/wp-content\/uploads\/grua-1-1-300x225.jpg\" alt=\"Fabrication de pi\u00e8ces sur mesure pour grues\" width=\"400\" height=\"300\" srcset=\"https:\/\/www.industri-sl.com\/wp-content\/uploads\/grua-1-1-300x225.jpg 300w, https:\/\/www.industri-sl.com\/wp-content\/uploads\/grua-1-1-768x576.jpg 768w, https:\/\/www.industri-sl.com\/wp-content\/uploads\/grua-1-1.jpg 800w\" sizes=\"auto, (max-width: 400px) 100vw, 400px\" \/><\/p>\n<p>INDUSTRI est <strong>fournisseur de pi\u00e8ces de rechange et d\u2019accessoires sur mesure<\/strong> pour tout type de v\u00e9hicules, y compris de v\u00e9hicules pour le b\u00e2timent, comme les grues. Nous assurons la totalit\u00e9 du processus, depuis la conception personnalis\u00e9e \u00e0 partir des besoins concrets du client jusqu\u2019\u00e0 la fabrication de la pi\u00e8ce.<\/p>\n<p>Nous poss\u00e9dons <a href=\"https:\/\/www.industri-sl.com\/fr\/nous\/\">une grande exp\u00e9rience<\/a> dans la conception et la production de pi\u00e8ces sur mesure pour grues, et notamment de rideaux. Notre service RDI travaille pour assurer une adaptation efficace \u00e0 chaque projet, c&rsquo;est pourquoi nous concevons le rideau <strong>qui s&rsquo;ajuste le mieux \u00e0 vos besoins<\/strong> et vous livrons la pi\u00e8ce mont\u00e9e.<\/p>\n<p>Tous nos rideaux sont fabriqu\u00e9s avec des <strong>mati\u00e8res de premi\u00e8re qualit\u00e9<\/strong>, l\u2019objectif \u00e9tant de r\u00e9duire au maximum la maintenance. Nous disposons aussi d\u2019un catalogue avec un grand choix de grammages, coloris et accessoires.<\/p>\n<h2>Quel type de rideaux pour grues fabriquons-nous?<\/h2>\n<h3>Rideaux pantographes<\/h3>\n<p><img loading=\"lazy\" decoding=\"async\" class=\"alignright wp-image-2363 size-medium\" src=\"https:\/\/www.industri-sl.com\/wp-content\/uploads\/cortina-london-1-3-e1576738920996-300x193.jpg\" alt=\"Fabrication de rideaux pantographes sur mesure pour grues\" width=\"300\" height=\"193\" srcset=\"https:\/\/www.industri-sl.com\/wp-content\/uploads\/cortina-london-1-3-e1576738920996-300x193.jpg 300w, https:\/\/www.industri-sl.com\/wp-content\/uploads\/cortina-london-1-3-e1576738920996-768x495.jpg 768w, https:\/\/www.industri-sl.com\/wp-content\/uploads\/cortina-london-1-3-e1576738920996.jpg 792w\" sizes=\"auto, (max-width: 300px) 100vw, 300px\" \/><\/p>\n<p>Gr\u00e2ce \u00e0 un syst\u00e8me d\u00e9velopp\u00e9 par <a href=\"https:\/\/www.industri-sl.com\/fr\/ingenierie\/\">notre service RDI<\/a>, ces rideaux peuvent \u00eatre install\u00e9s suivant diff\u00e9rents angles en fonction des besoins.<\/p>\n<p>Les rideaux pantographes \u00e9lectriques int\u00e8grent un syst\u00e8me de bras ciseaux \u00e0 l\u2019arri\u00e8re qui remplacent les baguettes de guidage lat\u00e9rales. Les moteurs utilis\u00e9s sont des moteurs silencieux de 24 V, avec des fins de course de mont\u00e9e et descente programmables. Le boitier est en <strong>aluminium laqu\u00e9 gris<\/strong>.<\/p>\n<p>En dehors du mod\u00e8le \u00e0 bras ciseaux, nous offrons aussi un mod\u00e8le avec des bras <strong>en forme de croix<\/strong>.<\/p>\n<h3>Rideaux enrouleurs \u00e9lectriques<\/h3>\n<p><img loading=\"lazy\" decoding=\"async\" class=\"alignright wp-image-2112 size-medium\" src=\"https:\/\/www.industri-sl.com\/wp-content\/uploads\/cortina-electrica-enrollable-1-2-e1576738594857-300x186.jpg\" alt=\"Fabrication de rideaux enrouleurs \u00e9lectriques sur mesure pour grues\" width=\"300\" height=\"186\" srcset=\"https:\/\/www.industri-sl.com\/wp-content\/uploads\/cortina-electrica-enrollable-1-2-e1576738594857-300x186.jpg 300w, https:\/\/www.industri-sl.com\/wp-content\/uploads\/cortina-electrica-enrollable-1-2-e1576738594857-768x476.jpg 768w, https:\/\/www.industri-sl.com\/wp-content\/uploads\/cortina-electrica-enrollable-1-2-e1576738594857.jpg 800w\" sizes=\"auto, (max-width: 300px) 100vw, 300px\" \/><\/p>\n<p>Les rideaux enrouleurs \u00e9lectriques utilisent <strong>diff\u00e9rents types de moteurs<\/strong> suivant l\u2019utilisation \u00e0 laquelle ils sont destin\u00e9s. En g\u00e9n\u00e9ral, INDUSTRI utilise un moteur tubulaire. Ces rideaux sont fabriqu\u00e9s avec un boitier ext\u00e9rieur en aluminium mais peuvent aussi \u00eatre livr\u00e9s sans boitier.<\/p>\n<p>Un <strong>catalogue complet de tissus<\/strong> est disponible, avec diff\u00e9rents grammages et coloris ; tous nos tissus sont ignifuges et conformes \u00e0 la r\u00e9glementation feu et fum\u00e9es du secteur automobile.<\/p>\n<h3>Rideaux m\u00e9caniques<\/h3>\n<p><img loading=\"lazy\" decoding=\"async\" class=\"alignright wp-image-2813 size-medium\" src=\"https:\/\/www.industri-sl.com\/wp-content\/uploads\/cortina-mecanica-2-3-300x225.jpg\" alt=\"Fabrication de rideaux m\u00e9caniques sur mesure pour grues\" width=\"300\" height=\"225\" srcset=\"https:\/\/www.industri-sl.com\/wp-content\/uploads\/cortina-mecanica-2-3-300x225.jpg 300w, https:\/\/www.industri-sl.com\/wp-content\/uploads\/cortina-mecanica-2-3-768x576.jpg 768w, https:\/\/www.industri-sl.com\/wp-content\/uploads\/cortina-mecanica-2-3.jpg 800w\" sizes=\"auto, (max-width: 300px) 100vw, 300px\" \/><\/p>\n<p>Les rideaux \u00e0 <strong>commande m\u00e9canique<\/strong> sont dot\u00e9s d\u2019un m\u00e9canisme avec un cordon pour pouvoir les remonter. Ce m\u00e9canisme peut \u00eatre situ\u00e9 \u00e0 droite ou \u00e0 gauche du rideau.<\/p>\n<p>Les rideaux sont fournis avec un boitier ext\u00e9rieur en aluminium anodis\u00e9 de couleur noire mate qui prot\u00e8ge le tissu, mais peuvent \u00eatre fabriqu\u00e9s aussi sans boitier. Dans ce cas, ils ne sont pas pourvus du m\u00e9canisme indiqu\u00e9 plus haut et <strong>leur mouvement est libre<\/strong>.<\/p>\n<p>De m\u00eame, nos rideaux \u00e0 commande m\u00e9canique peuvent comporter une bande opaque dans la partie inf\u00e9rieure pour <strong>prot\u00e9ger des rayons du soleil<\/strong>. On peut \u00e9galement leur ajouter une languette centrale pour leur manipulation.<\/p>\n","protected":false},"excerpt":{"rendered":"<p>Fabrication de pi\u00e8ces sur mesure pour grues INDUSTRI est fournisseur de pi\u00e8ces de rechange et d\u2019accessoires sur mesure pour tout type de v\u00e9hicules, y compris de v\u00e9hicules pour le b\u00e2timent, comme les grues. Nous assurons la totalit\u00e9 du processus, depuis la conception personnalis\u00e9e \u00e0 partir des besoins concrets du client jusqu\u2019\u00e0 la fabrication de la [&hellip;]<\/p>\n","protected":false},"author":3,"featured_media":0,"parent":9173,"menu_order":0,"comment_status":"closed","ping_status":"closed","template":"page-vehiculos.php","meta":{"footnotes":""},"class_list":["post-9179","page","type-page","status-publish","hentry"],"yoast_head":"<!-- This site is optimized with the Yoast SEO plugin v27.2 - https:\/\/yoast.com\/product\/yoast-seo-wordpress\/ -->\n<title>Pi\u00e8ces d\u00e9tach\u00e9es et de rechange sur mesure pour grues - INDUSTRI<\/title>\n<meta name=\"description\" content=\"INDUSTRI con\u00e7oit et fabrique des pi\u00e8ces d\u00e9tach\u00e9es et de rechange sur mesure pour les grues, depuis les rideaux jusqu\u2019aux r\u00e9troviseurs int\u00e9rieurs ou ext\u00e9rieurs.\" \/>\n<meta name=\"robots\" content=\"index, follow, max-snippet:-1, max-image-preview:large, max-video-preview:-1\" \/>\n<link rel=\"canonical\" href=\"https:\/\/www.industri-sl.com\/fr\/batiment\/grues\/\" \/>\n<meta property=\"og:locale\" content=\"fr_FR\" \/>\n<meta property=\"og:type\" content=\"article\" \/>\n<meta property=\"og:title\" content=\"Pi\u00e8ces d\u00e9tach\u00e9es et de rechange sur mesure pour grues - INDUSTRI\" \/>\n<meta property=\"og:description\" content=\"INDUSTRI con\u00e7oit et fabrique des pi\u00e8ces d\u00e9tach\u00e9es et de rechange sur mesure pour les grues, depuis les rideaux jusqu\u2019aux r\u00e9troviseurs int\u00e9rieurs ou ext\u00e9rieurs.\" \/>\n<meta property=\"og:url\" content=\"https:\/\/www.industri-sl.com\/fr\/batiment\/grues\/\" \/>\n<meta property=\"og:site_name\" content=\"Industri SL\" \/>\n<meta property=\"article:modified_time\" content=\"2020-01-28T09:39:01+00:00\" \/>\n<meta property=\"og:image\" content=\"https:\/\/www.industri-sl.com\/wp-content\/uploads\/grua-1-1-300x225.jpg\" \/>\n<meta name=\"twitter:card\" content=\"summary_large_image\" \/>\n<meta name=\"twitter:label1\" content=\"Dur\u00e9e de lecture estim\u00e9e\" \/>\n\t<meta name=\"twitter:data1\" content=\"2 minutes\" \/>\n<script type=\"application\/ld+json\" class=\"yoast-schema-graph\">{\"@context\":\"https:\/\/schema.org\",\"@graph\":[{\"@type\":\"WebPage\",\"@id\":\"https:\/\/www.industri-sl.com\/fr\/batiment\/grues\/\",\"url\":\"https:\/\/www.industri-sl.com\/fr\/batiment\/grues\/\",\"name\":\"Pi\u00e8ces d\u00e9tach\u00e9es et de rechange sur mesure pour grues - INDUSTRI\",\"isPartOf\":{\"@id\":\"https:\/\/www.industri-sl.com\/fr\/#website\"},\"primaryImageOfPage\":{\"@id\":\"https:\/\/www.industri-sl.com\/fr\/batiment\/grues\/#primaryimage\"},\"image\":{\"@id\":\"https:\/\/www.industri-sl.com\/fr\/batiment\/grues\/#primaryimage\"},\"thumbnailUrl\":\"https:\/\/www.industri-sl.com\/wp-content\/uploads\/grua-1-1-300x225.jpg\",\"datePublished\":\"2019-10-03T10:15:37+00:00\",\"dateModified\":\"2020-01-28T09:39:01+00:00\",\"description\":\"INDUSTRI con\u00e7oit et fabrique des pi\u00e8ces d\u00e9tach\u00e9es et de rechange sur mesure pour les grues, depuis les rideaux jusqu\u2019aux r\u00e9troviseurs int\u00e9rieurs ou ext\u00e9rieurs.\",\"breadcrumb\":{\"@id\":\"https:\/\/www.industri-sl.com\/fr\/batiment\/grues\/#breadcrumb\"},\"inLanguage\":\"fr-FR\",\"potentialAction\":[{\"@type\":\"ReadAction\",\"target\":[\"https:\/\/www.industri-sl.com\/fr\/batiment\/grues\/\"]}]},{\"@type\":\"ImageObject\",\"inLanguage\":\"fr-FR\",\"@id\":\"https:\/\/www.industri-sl.com\/fr\/batiment\/grues\/#primaryimage\",\"url\":\"https:\/\/www.industri-sl.com\/wp-content\/uploads\/grua-1-1-300x225.jpg\",\"contentUrl\":\"https:\/\/www.industri-sl.com\/wp-content\/uploads\/grua-1-1-300x225.jpg\"},{\"@type\":\"BreadcrumbList\",\"@id\":\"https:\/\/www.industri-sl.com\/fr\/batiment\/grues\/#breadcrumb\",\"itemListElement\":[{\"@type\":\"ListItem\",\"position\":1,\"name\":\"Inicio\",\"item\":\"https:\/\/www.industri-sl.com\/fr\/\"},{\"@type\":\"ListItem\",\"position\":2,\"name\":\"Division B\u00e2timent\",\"item\":\"https:\/\/www.industri-sl.com\/fr\/batiment\/\"},{\"@type\":\"ListItem\",\"position\":3,\"name\":\"Fabrication d\u2019accessoires pour grues\"}]},{\"@type\":\"WebSite\",\"@id\":\"https:\/\/www.industri-sl.com\/fr\/#website\",\"url\":\"https:\/\/www.industri-sl.com\/fr\/\",\"name\":\"Industri SL\",\"description\":\"\",\"publisher\":{\"@id\":\"https:\/\/www.industri-sl.com\/fr\/#organization\"},\"potentialAction\":[{\"@type\":\"SearchAction\",\"target\":{\"@type\":\"EntryPoint\",\"urlTemplate\":\"https:\/\/www.industri-sl.com\/fr\/?s={search_term_string}\"},\"query-input\":{\"@type\":\"PropertyValueSpecification\",\"valueRequired\":true,\"valueName\":\"search_term_string\"}}],\"inLanguage\":\"fr-FR\"},{\"@type\":\"Organization\",\"@id\":\"https:\/\/www.industri-sl.com\/fr\/#organization\",\"name\":\"Industri SL\",\"url\":\"https:\/\/www.industri-sl.com\/fr\/\",\"logo\":{\"@type\":\"ImageObject\",\"inLanguage\":\"fr-FR\",\"@id\":\"https:\/\/www.industri-sl.com\/fr\/#\/schema\/logo\/image\/\",\"url\":\"https:\/\/www.industri-sl.com\/wp-content\/uploads\/industri-logo.png\",\"contentUrl\":\"https:\/\/www.industri-sl.com\/wp-content\/uploads\/industri-logo.png\",\"width\":248,\"height\":45,\"caption\":\"Industri SL\"},\"image\":{\"@id\":\"https:\/\/www.industri-sl.com\/fr\/#\/schema\/logo\/image\/\"}}]}<\/script>\n<!-- \/ Yoast SEO plugin. -->","yoast_head_json":{"title":"Pi\u00e8ces d\u00e9tach\u00e9es et de rechange sur mesure pour grues - INDUSTRI","description":"INDUSTRI con\u00e7oit et fabrique des pi\u00e8ces d\u00e9tach\u00e9es et de rechange sur mesure pour les grues, depuis les rideaux jusqu\u2019aux r\u00e9troviseurs int\u00e9rieurs ou ext\u00e9rieurs.","robots":{"index":"index","follow":"follow","max-snippet":"max-snippet:-1","max-image-preview":"max-image-preview:large","max-video-preview":"max-video-preview:-1"},"canonical":"https:\/\/www.industri-sl.com\/fr\/batiment\/grues\/","og_locale":"fr_FR","og_type":"article","og_title":"Pi\u00e8ces d\u00e9tach\u00e9es et de rechange sur mesure pour grues - INDUSTRI","og_description":"INDUSTRI con\u00e7oit et fabrique des pi\u00e8ces d\u00e9tach\u00e9es et de rechange sur mesure pour les grues, depuis les rideaux jusqu\u2019aux r\u00e9troviseurs int\u00e9rieurs ou ext\u00e9rieurs.","og_url":"https:\/\/www.industri-sl.com\/fr\/batiment\/grues\/","og_site_name":"Industri SL","article_modified_time":"2020-01-28T09:39:01+00:00","og_image":[{"url":"https:\/\/www.industri-sl.com\/wp-content\/uploads\/grua-1-1-300x225.jpg","type":"","width":"","height":""}],"twitter_card":"summary_large_image","twitter_misc":{"Dur\u00e9e de lecture estim\u00e9e":"2 minutes"},"schema":{"@context":"https:\/\/schema.org","@graph":[{"@type":"WebPage","@id":"https:\/\/www.industri-sl.com\/fr\/batiment\/grues\/","url":"https:\/\/www.industri-sl.com\/fr\/batiment\/grues\/","name":"Pi\u00e8ces d\u00e9tach\u00e9es et de rechange sur mesure pour grues - INDUSTRI","isPartOf":{"@id":"https:\/\/www.industri-sl.com\/fr\/#website"},"primaryImageOfPage":{"@id":"https:\/\/www.industri-sl.com\/fr\/batiment\/grues\/#primaryimage"},"image":{"@id":"https:\/\/www.industri-sl.com\/fr\/batiment\/grues\/#primaryimage"},"thumbnailUrl":"https:\/\/www.industri-sl.com\/wp-content\/uploads\/grua-1-1-300x225.jpg","datePublished":"2019-10-03T10:15:37+00:00","dateModified":"2020-01-28T09:39:01+00:00","description":"INDUSTRI con\u00e7oit et fabrique des pi\u00e8ces d\u00e9tach\u00e9es et de rechange sur mesure pour les grues, depuis les rideaux jusqu\u2019aux r\u00e9troviseurs int\u00e9rieurs ou ext\u00e9rieurs.","breadcrumb":{"@id":"https:\/\/www.industri-sl.com\/fr\/batiment\/grues\/#breadcrumb"},"inLanguage":"fr-FR","potentialAction":[{"@type":"ReadAction","target":["https:\/\/www.industri-sl.com\/fr\/batiment\/grues\/"]}]},{"@type":"ImageObject","inLanguage":"fr-FR","@id":"https:\/\/www.industri-sl.com\/fr\/batiment\/grues\/#primaryimage","url":"https:\/\/www.industri-sl.com\/wp-content\/uploads\/grua-1-1-300x225.jpg","contentUrl":"https:\/\/www.industri-sl.com\/wp-content\/uploads\/grua-1-1-300x225.jpg"},{"@type":"BreadcrumbList","@id":"https:\/\/www.industri-sl.com\/fr\/batiment\/grues\/#breadcrumb","itemListElement":[{"@type":"ListItem","position":1,"name":"Inicio","item":"https:\/\/www.industri-sl.com\/fr\/"},{"@type":"ListItem","position":2,"name":"Division B\u00e2timent","item":"https:\/\/www.industri-sl.com\/fr\/batiment\/"},{"@type":"ListItem","position":3,"name":"Fabrication d\u2019accessoires pour grues"}]},{"@type":"WebSite","@id":"https:\/\/www.industri-sl.com\/fr\/#website","url":"https:\/\/www.industri-sl.com\/fr\/","name":"Industri SL","description":"","publisher":{"@id":"https:\/\/www.industri-sl.com\/fr\/#organization"},"potentialAction":[{"@type":"SearchAction","target":{"@type":"EntryPoint","urlTemplate":"https:\/\/www.industri-sl.com\/fr\/?s={search_term_string}"},"query-input":{"@type":"PropertyValueSpecification","valueRequired":true,"valueName":"search_term_string"}}],"inLanguage":"fr-FR"},{"@type":"Organization","@id":"https:\/\/www.industri-sl.com\/fr\/#organization","name":"Industri SL","url":"https:\/\/www.industri-sl.com\/fr\/","logo":{"@type":"ImageObject","inLanguage":"fr-FR","@id":"https:\/\/www.industri-sl.com\/fr\/#\/schema\/logo\/image\/","url":"https:\/\/www.industri-sl.com\/wp-content\/uploads\/industri-logo.png","contentUrl":"https:\/\/www.industri-sl.com\/wp-content\/uploads\/industri-logo.png","width":248,"height":45,"caption":"Industri SL"},"image":{"@id":"https:\/\/www.industri-sl.com\/fr\/#\/schema\/logo\/image\/"}}]}},"_links":{"self":[{"href":"https:\/\/www.industri-sl.com\/fr\/wp-json\/wp\/v2\/pages\/9179","targetHints":{"allow":["GET"]}}],"collection":[{"href":"https:\/\/www.industri-sl.com\/fr\/wp-json\/wp\/v2\/pages"}],"about":[{"href":"https:\/\/www.industri-sl.com\/fr\/wp-json\/wp\/v2\/types\/page"}],"author":[{"embeddable":true,"href":"https:\/\/www.industri-sl.com\/fr\/wp-json\/wp\/v2\/users\/3"}],"replies":[{"embeddable":true,"href":"https:\/\/www.industri-sl.com\/fr\/wp-json\/wp\/v2\/comments?post=9179"}],"version-history":[{"count":0,"href":"https:\/\/www.industri-sl.com\/fr\/wp-json\/wp\/v2\/pages\/9179\/revisions"}],"up":[{"embeddable":true,"href":"https:\/\/www.industri-sl.com\/fr\/wp-json\/wp\/v2\/pages\/9173"}],"wp:attachment":[{"href":"https:\/\/www.industri-sl.com\/fr\/wp-json\/wp\/v2\/media?parent=9179"}],"curies":[{"name":"wp","href":"https:\/\/api.w.org\/{rel}","templated":true}]}}