{"id":9173,"date":"2019-10-03T12:10:35","date_gmt":"2019-10-03T10:10:35","guid":{"rendered":"https:\/\/www.industri-sl.com\/construccion\/"},"modified":"2020-01-28T09:55:06","modified_gmt":"2020-01-28T08:55:06","slug":"batiment","status":"publish","type":"page","link":"https:\/\/www.industri-sl.com\/fr\/batiment\/","title":{"rendered":"Division B\u00e2timent"},"content":{"rendered":"<h1>Division B\u00e2timent<\/h1>\n<p>INDUSTRI poss\u00e8de <strong>plus de 60 ans d\u2019exp\u00e9rience<\/strong> en conception et fabrication de pi\u00e8ces d\u00e9tach\u00e9es et de rechange sur mesure pour les v\u00e9hicules, les machines et l\u2019\u00e9quipement urbain.<\/p>\n<p>Nous concevons, prototypons et fabriquons des rideaux m\u00e9caniques et \u00e9lectriques, ainsi que des r\u00e9troviseurs int\u00e9rieurs et ext\u00e9rieurs pour tout type de machines du secteur du b\u00e2timent, telles que grues, pelleteuses ou niveleuses.<\/p>\n<p>Notre \u00e9quipe d\u2019ing\u00e9nieurs peut adapter n\u2019importe quel accessoire aux sp\u00e9cificit\u00e9s techniques du projet ou d\u00e9velopper la pi\u00e8ce dans son int\u00e9gralit\u00e9. <\/p>\n<h4>Notre offre<\/h4>\n<div><a class=\"boton\" href=\"#primary\">FABRICATION SUR MESURE<\/a> <a class=\"boton\" href=\"#servicios-ingenieria\">SERVICES D\u2019INGENIERIE<\/a><\/div>\n","protected":false},"excerpt":{"rendered":"<p>Division B\u00e2timent INDUSTRI poss\u00e8de plus de 60 ans d\u2019exp\u00e9rience en conception et fabrication de pi\u00e8ces d\u00e9tach\u00e9es et de rechange sur mesure pour les v\u00e9hicules, les machines et l\u2019\u00e9quipement urbain. Nous concevons, prototypons et fabriquons des rideaux m\u00e9caniques et \u00e9lectriques, ainsi que des r\u00e9troviseurs int\u00e9rieurs et ext\u00e9rieurs pour tout type de machines du secteur du b\u00e2timent, [&hellip;]<\/p>\n","protected":false},"author":3,"featured_media":0,"parent":0,"menu_order":0,"comment_status":"closed","ping_status":"closed","template":"page-construccion.php","meta":{"footnotes":""},"class_list":["post-9173","page","type-page","status-publish","hentry"],"yoast_head":"<!-- This site is optimized with the Yoast SEO plugin v27.5 - https:\/\/yoast.com\/product\/yoast-seo-wordpress\/ -->\n<title>Division B\u00e2timent - INDUSTRI<\/title>\n<meta name=\"description\" content=\"Nous poss\u00e9dons plus de 60 ans d\u2019exp\u00e9rience dans la conception et la fabrication de pi\u00e8ces sur mesure pour les v\u00e9hicules de chantier et du b\u00e2timent, tels que grues ou pelleteuses, entre autres.\" \/>\n<meta name=\"robots\" content=\"index, follow, max-snippet:-1, max-image-preview:large, max-video-preview:-1\" \/>\n<link rel=\"canonical\" href=\"https:\/\/www.industri-sl.com\/fr\/batiment\/\" \/>\n<meta property=\"og:locale\" content=\"fr_FR\" \/>\n<meta property=\"og:type\" content=\"article\" \/>\n<meta property=\"og:title\" content=\"Division B\u00e2timent - INDUSTRI\" \/>\n<meta property=\"og:description\" content=\"Nous poss\u00e9dons plus de 60 ans d\u2019exp\u00e9rience dans la conception et la fabrication de pi\u00e8ces sur mesure pour les v\u00e9hicules de chantier et du b\u00e2timent, tels que grues ou pelleteuses, entre autres.\" \/>\n<meta property=\"og:url\" content=\"https:\/\/www.industri-sl.com\/fr\/batiment\/\" \/>\n<meta property=\"og:site_name\" content=\"Industri SL\" \/>\n<meta property=\"article:modified_time\" content=\"2020-01-28T08:55:06+00:00\" \/>\n<meta name=\"twitter:card\" content=\"summary_large_image\" \/>\n<meta name=\"twitter:label1\" content=\"Dur\u00e9e de lecture estim\u00e9e\" \/>\n\t<meta name=\"twitter:data1\" content=\"1 minute\" \/>\n<script type=\"application\/ld+json\" class=\"yoast-schema-graph\">{\"@context\":\"https:\\\/\\\/schema.org\",\"@graph\":[{\"@type\":\"WebPage\",\"@id\":\"https:\\\/\\\/www.industri-sl.com\\\/fr\\\/batiment\\\/\",\"url\":\"https:\\\/\\\/www.industri-sl.com\\\/fr\\\/batiment\\\/\",\"name\":\"Division B\u00e2timent - INDUSTRI\",\"isPartOf\":{\"@id\":\"https:\\\/\\\/www.industri-sl.com\\\/fr\\\/#website\"},\"datePublished\":\"2019-10-03T10:10:35+00:00\",\"dateModified\":\"2020-01-28T08:55:06+00:00\",\"description\":\"Nous poss\u00e9dons plus de 60 ans d\u2019exp\u00e9rience dans la conception et la fabrication de pi\u00e8ces sur mesure pour les v\u00e9hicules de chantier et du b\u00e2timent, tels que grues ou pelleteuses, entre autres.\",\"breadcrumb\":{\"@id\":\"https:\\\/\\\/www.industri-sl.com\\\/fr\\\/batiment\\\/#breadcrumb\"},\"inLanguage\":\"fr-FR\",\"potentialAction\":[{\"@type\":\"ReadAction\",\"target\":[\"https:\\\/\\\/www.industri-sl.com\\\/fr\\\/batiment\\\/\"]}]},{\"@type\":\"BreadcrumbList\",\"@id\":\"https:\\\/\\\/www.industri-sl.com\\\/fr\\\/batiment\\\/#breadcrumb\",\"itemListElement\":[{\"@type\":\"ListItem\",\"position\":1,\"name\":\"Inicio\",\"item\":\"https:\\\/\\\/www.industri-sl.com\\\/fr\\\/\"},{\"@type\":\"ListItem\",\"position\":2,\"name\":\"Division B\u00e2timent\"}]},{\"@type\":\"WebSite\",\"@id\":\"https:\\\/\\\/www.industri-sl.com\\\/fr\\\/#website\",\"url\":\"https:\\\/\\\/www.industri-sl.com\\\/fr\\\/\",\"name\":\"Industri SL\",\"description\":\"\",\"publisher\":{\"@id\":\"https:\\\/\\\/www.industri-sl.com\\\/fr\\\/#organization\"},\"potentialAction\":[{\"@type\":\"SearchAction\",\"target\":{\"@type\":\"EntryPoint\",\"urlTemplate\":\"https:\\\/\\\/www.industri-sl.com\\\/fr\\\/?s={search_term_string}\"},\"query-input\":{\"@type\":\"PropertyValueSpecification\",\"valueRequired\":true,\"valueName\":\"search_term_string\"}}],\"inLanguage\":\"fr-FR\"},{\"@type\":\"Organization\",\"@id\":\"https:\\\/\\\/www.industri-sl.com\\\/fr\\\/#organization\",\"name\":\"Industri SL\",\"url\":\"https:\\\/\\\/www.industri-sl.com\\\/fr\\\/\",\"logo\":{\"@type\":\"ImageObject\",\"inLanguage\":\"fr-FR\",\"@id\":\"https:\\\/\\\/www.industri-sl.com\\\/fr\\\/#\\\/schema\\\/logo\\\/image\\\/\",\"url\":\"https:\\\/\\\/www.industri-sl.com\\\/wp-content\\\/uploads\\\/industri-logo.png\",\"contentUrl\":\"https:\\\/\\\/www.industri-sl.com\\\/wp-content\\\/uploads\\\/industri-logo.png\",\"width\":248,\"height\":45,\"caption\":\"Industri SL\"},\"image\":{\"@id\":\"https:\\\/\\\/www.industri-sl.com\\\/fr\\\/#\\\/schema\\\/logo\\\/image\\\/\"}}]}<\/script>\n<!-- \/ Yoast SEO plugin. -->","yoast_head_json":{"title":"Division B\u00e2timent - INDUSTRI","description":"Nous poss\u00e9dons plus de 60 ans d\u2019exp\u00e9rience dans la conception et la fabrication de pi\u00e8ces sur mesure pour les v\u00e9hicules de chantier et du b\u00e2timent, tels que grues ou pelleteuses, entre autres.","robots":{"index":"index","follow":"follow","max-snippet":"max-snippet:-1","max-image-preview":"max-image-preview:large","max-video-preview":"max-video-preview:-1"},"canonical":"https:\/\/www.industri-sl.com\/fr\/batiment\/","og_locale":"fr_FR","og_type":"article","og_title":"Division B\u00e2timent - INDUSTRI","og_description":"Nous poss\u00e9dons plus de 60 ans d\u2019exp\u00e9rience dans la conception et la fabrication de pi\u00e8ces sur mesure pour les v\u00e9hicules de chantier et du b\u00e2timent, tels que grues ou pelleteuses, entre autres.","og_url":"https:\/\/www.industri-sl.com\/fr\/batiment\/","og_site_name":"Industri SL","article_modified_time":"2020-01-28T08:55:06+00:00","twitter_card":"summary_large_image","twitter_misc":{"Dur\u00e9e de lecture estim\u00e9e":"1 minute"},"schema":{"@context":"https:\/\/schema.org","@graph":[{"@type":"WebPage","@id":"https:\/\/www.industri-sl.com\/fr\/batiment\/","url":"https:\/\/www.industri-sl.com\/fr\/batiment\/","name":"Division B\u00e2timent - INDUSTRI","isPartOf":{"@id":"https:\/\/www.industri-sl.com\/fr\/#website"},"datePublished":"2019-10-03T10:10:35+00:00","dateModified":"2020-01-28T08:55:06+00:00","description":"Nous poss\u00e9dons plus de 60 ans d\u2019exp\u00e9rience dans la conception et la fabrication de pi\u00e8ces sur mesure pour les v\u00e9hicules de chantier et du b\u00e2timent, tels que grues ou pelleteuses, entre autres.","breadcrumb":{"@id":"https:\/\/www.industri-sl.com\/fr\/batiment\/#breadcrumb"},"inLanguage":"fr-FR","potentialAction":[{"@type":"ReadAction","target":["https:\/\/www.industri-sl.com\/fr\/batiment\/"]}]},{"@type":"BreadcrumbList","@id":"https:\/\/www.industri-sl.com\/fr\/batiment\/#breadcrumb","itemListElement":[{"@type":"ListItem","position":1,"name":"Inicio","item":"https:\/\/www.industri-sl.com\/fr\/"},{"@type":"ListItem","position":2,"name":"Division B\u00e2timent"}]},{"@type":"WebSite","@id":"https:\/\/www.industri-sl.com\/fr\/#website","url":"https:\/\/www.industri-sl.com\/fr\/","name":"Industri SL","description":"","publisher":{"@id":"https:\/\/www.industri-sl.com\/fr\/#organization"},"potentialAction":[{"@type":"SearchAction","target":{"@type":"EntryPoint","urlTemplate":"https:\/\/www.industri-sl.com\/fr\/?s={search_term_string}"},"query-input":{"@type":"PropertyValueSpecification","valueRequired":true,"valueName":"search_term_string"}}],"inLanguage":"fr-FR"},{"@type":"Organization","@id":"https:\/\/www.industri-sl.com\/fr\/#organization","name":"Industri SL","url":"https:\/\/www.industri-sl.com\/fr\/","logo":{"@type":"ImageObject","inLanguage":"fr-FR","@id":"https:\/\/www.industri-sl.com\/fr\/#\/schema\/logo\/image\/","url":"https:\/\/www.industri-sl.com\/wp-content\/uploads\/industri-logo.png","contentUrl":"https:\/\/www.industri-sl.com\/wp-content\/uploads\/industri-logo.png","width":248,"height":45,"caption":"Industri SL"},"image":{"@id":"https:\/\/www.industri-sl.com\/fr\/#\/schema\/logo\/image\/"}}]}},"_links":{"self":[{"href":"https:\/\/www.industri-sl.com\/fr\/wp-json\/wp\/v2\/pages\/9173","targetHints":{"allow":["GET"]}}],"collection":[{"href":"https:\/\/www.industri-sl.com\/fr\/wp-json\/wp\/v2\/pages"}],"about":[{"href":"https:\/\/www.industri-sl.com\/fr\/wp-json\/wp\/v2\/types\/page"}],"author":[{"embeddable":true,"href":"https:\/\/www.industri-sl.com\/fr\/wp-json\/wp\/v2\/users\/3"}],"replies":[{"embeddable":true,"href":"https:\/\/www.industri-sl.com\/fr\/wp-json\/wp\/v2\/comments?post=9173"}],"version-history":[{"count":0,"href":"https:\/\/www.industri-sl.com\/fr\/wp-json\/wp\/v2\/pages\/9173\/revisions"}],"wp:attachment":[{"href":"https:\/\/www.industri-sl.com\/fr\/wp-json\/wp\/v2\/media?parent=9173"}],"curies":[{"name":"wp","href":"https:\/\/api.w.org\/{rel}","templated":true}]}}