{"id":9170,"date":"2019-10-03T10:57:38","date_gmt":"2019-10-03T08:57:38","guid":{"rendered":"https:\/\/www.industri-sl.com\/agricole\/tracteurs\/retrovisores\/"},"modified":"2025-05-22T11:41:06","modified_gmt":"2025-05-22T09:41:06","slug":"retroviseurs","status":"publish","type":"page","link":"https:\/\/www.industri-sl.com\/fr\/agricole\/tracteurs\/retroviseurs\/","title":{"rendered":"R\u00e9troviseurs sur mesure pour tracteurs"},"content":{"rendered":"<h2>R\u00e9troviseurs personnalis\u00e9s pour tracteurs<\/h2>\n<p>INDUSTRI <a href=\"https:\/\/www.industri-sl.com\/fr\/nous\/\">poss\u00e8de une grande exp\u00e9rience<\/a> en fabrication de r\u00e9troviseurs pour tracteurs. <strong>Nous nous adaptons aux besoins du client<\/strong> en concevant un mod\u00e8le sp\u00e9cifique pour chaque projet et en nous chargeant aussi nous-m\u00eames de la fabrication post\u00e9rieure de la pi\u00e8ce. Notre service Qualit\u00e9 r\u00e9alise aussi des \u00e9tudes de visibilit\u00e9 des r\u00e9troviseurs afin de satisfaire aux r\u00e9glementations en vigueur pour les syst\u00e8mes de vision indirecte, en offrant un service int\u00e9gral tout au long du processus.<\/p>\n<p>Tous nos r\u00e9troviseurs destin\u00e9s aux v\u00e9hicules agricoles sont <a href=\"https:\/\/www.industri-sl.com\/fr\/ingenierie\/\">fabriqu\u00e9s sur mesure<\/a> et suivant les meilleurs standards de qualit\u00e9 du secteur.<\/p>\n<h2>Quel type de r\u00e9troviseurs pour tracteurs fabriquons-nous?<\/h2>\n<div><a class=\"boton gris\" href=\"#exteriores\">R\u00e9troviseurs ext\u00e9rieurs<\/a> <a class=\"boton gris\" href=\"#interiores\">R\u00e9troviseurs int\u00e9rieurs<\/a> <a class=\"boton gris\" href=\"#componentes\">Composants pour r\u00e9troviseurs<\/a><\/div>\n<h3 id=\"exteriores\">R\u00e9troviseurs ext\u00e9rieurs<\/h3>\n<p>INDUSTRI entretient une \u00e9troite collaboration avec le client tout au long du processus afin de fabriquer les <strong>r\u00e9troviseurs optimaux pour ses v\u00e9hicules<\/strong>. Nous fabriquons des r\u00e9troviseurs ext\u00e9rieurs \u00e0 miroir chauffant ou non chauffant.<\/p>\n<h3 id=\"interiores\">R\u00e9troviseurs int\u00e9rieurs<\/h3>\n<p>Les r\u00e9troviseurs int\u00e9rieurs fabriqu\u00e9s par INDUSTRI sont con\u00e7us pour \u00eatre plac\u00e9s \u00e0 l\u2019int\u00e9rieur du tracteur, de mani\u00e8re \u00e0 <strong>permettre au chauffeur de voir l\u2019int\u00e9gralit\u00e9 de l\u2019int\u00e9rieur de l\u2019habitacle<\/strong>.<\/p>\n<p>Le r\u00e9troviseur int\u00e9rieur est fix\u00e9 \u00e0 la carrosserie du tracteur au moyen d\u2019un bras dot\u00e9 \u00e0 son extr\u00e9mit\u00e9 d\u2019une plaque, elle-m\u00eame fix\u00e9e \u00e0 une autre plaque de dimensions similaires \u00e0 l\u2019aide d\u2019un adh\u00e9sif. Cette deuxi\u00e8me plaque est fix\u00e9e \u00e0 la carrosserie \u00e0 l\u2019aide de 4 vis pour qu\u2019en cas d\u2019impact, la coque du r\u00e9troviseur, bras compris, se d\u00e9gage compl\u00e8tement de la plaque <strong>fix\u00e9e \u00e0 la carrosserie<\/strong>.<\/p>\n<h3 id=\"componentes\">Composants<\/h3>\n<p>En plus de la fabrication de r\u00e9troviseurs pour tracteurs complets, chez INDUSTRI <a href=\"https:\/\/www.industri-sl.com\/fr\/nous\/\">nous concevons et fabriquons<\/a> aussi certaines pi\u00e8ces d\u00e9tach\u00e9es pour les r\u00e9troviseurs ext\u00e9rieurs et int\u00e9rieurs.<\/p>\n<p>Ces composants et pi\u00e8ces d\u00e9tach\u00e9es de r\u00e9troviseurs sont indispensables \u00e0 <strong>leur fonctionnement optimal<\/strong>.<\/p>\n<div class=\"modelos\">\n<h4>Autres pi\u00e8ces de rechange que nous fabriquons pour les tracteurs:<\/h4>\n<div class=\"flex\">\n<a href=\"https:\/\/www.industri-sl.com\/fr\/agricole\/tracteurs\/rideaux\/\"><img loading=\"lazy\" decoding=\"async\" class=\"alignnone wp-image-2060\" src=\"https:\/\/www.industri-sl.com\/wp-content\/uploads\/cortina-mecanica-2-2.jpg\" alt=\"Rideaux sur mesure pour tracteurs\" width=\"260\" height=\"195\" srcset=\"https:\/\/www.industri-sl.com\/wp-content\/uploads\/cortina-mecanica-2-2.jpg 800w, https:\/\/www.industri-sl.com\/wp-content\/uploads\/cortina-mecanica-2-2-300x225.jpg 300w, https:\/\/www.industri-sl.com\/wp-content\/uploads\/cortina-mecanica-2-2-768x576.jpg 768w\" sizes=\"auto, (max-width: 260px) 100vw, 260px\" \/><br \/>\n<span>Rideaux<\/span><\/a><\/p>\n","protected":false},"excerpt":{"rendered":"<p>R\u00e9troviseurs personnalis\u00e9s pour tracteurs INDUSTRI poss\u00e8de une grande exp\u00e9rience en fabrication de r\u00e9troviseurs pour tracteurs. Nous nous adaptons aux besoins du client en concevant un mod\u00e8le sp\u00e9cifique pour chaque projet et en nous chargeant aussi nous-m\u00eames de la fabrication post\u00e9rieure de la pi\u00e8ce. Notre service Qualit\u00e9 r\u00e9alise aussi des \u00e9tudes de visibilit\u00e9 des r\u00e9troviseurs afin [&hellip;]<\/p>\n","protected":false},"author":3,"featured_media":0,"parent":9166,"menu_order":0,"comment_status":"closed","ping_status":"closed","template":"page-vehiculos.php","meta":{"footnotes":""},"class_list":["post-9170","page","type-page","status-publish","hentry"],"yoast_head":"<!-- This site is optimized with the Yoast SEO plugin v27.2 - https:\/\/yoast.com\/product\/yoast-seo-wordpress\/ -->\n<title>R\u00e9troviseurs sur mesure pour tracteurs - INDUSTRI<\/title>\n<meta name=\"description\" content=\"INDUSTRI con\u00e7oit et fabrique des r\u00e9troviseurs sur mesure pour les tracteurs, ext\u00e9rieurs et int\u00e9rieurs, mais aussi des composants pour ces r\u00e9troviseurs.\" \/>\n<meta name=\"robots\" content=\"index, follow, max-snippet:-1, max-image-preview:large, max-video-preview:-1\" \/>\n<link rel=\"canonical\" href=\"https:\/\/www.industri-sl.com\/fr\/agricole\/tracteurs\/retroviseurs\/\" \/>\n<meta property=\"og:locale\" content=\"fr_FR\" \/>\n<meta property=\"og:type\" content=\"article\" \/>\n<meta property=\"og:title\" content=\"R\u00e9troviseurs sur mesure pour tracteurs - INDUSTRI\" \/>\n<meta property=\"og:description\" content=\"INDUSTRI con\u00e7oit et fabrique des r\u00e9troviseurs sur mesure pour les tracteurs, ext\u00e9rieurs et int\u00e9rieurs, mais aussi des composants pour ces r\u00e9troviseurs.\" \/>\n<meta property=\"og:url\" content=\"https:\/\/www.industri-sl.com\/fr\/agricole\/tracteurs\/retroviseurs\/\" \/>\n<meta property=\"og:site_name\" content=\"Industri SL\" \/>\n<meta property=\"article:modified_time\" content=\"2025-05-22T09:41:06+00:00\" \/>\n<meta property=\"og:image\" content=\"https:\/\/www.industri-sl.com\/wp-content\/uploads\/cortina-mecanica-2-2.jpg\" \/>\n\t<meta property=\"og:image:width\" content=\"800\" \/>\n\t<meta property=\"og:image:height\" content=\"600\" \/>\n\t<meta property=\"og:image:type\" content=\"image\/jpeg\" \/>\n<meta name=\"twitter:card\" content=\"summary_large_image\" \/>\n<meta name=\"twitter:label1\" content=\"Dur\u00e9e de lecture estim\u00e9e\" \/>\n\t<meta name=\"twitter:data1\" content=\"2 minutes\" \/>\n<script type=\"application\/ld+json\" class=\"yoast-schema-graph\">{\"@context\":\"https:\/\/schema.org\",\"@graph\":[{\"@type\":\"WebPage\",\"@id\":\"https:\/\/www.industri-sl.com\/fr\/agricole\/tracteurs\/retroviseurs\/\",\"url\":\"https:\/\/www.industri-sl.com\/fr\/agricole\/tracteurs\/retroviseurs\/\",\"name\":\"R\u00e9troviseurs sur mesure pour tracteurs - INDUSTRI\",\"isPartOf\":{\"@id\":\"https:\/\/www.industri-sl.com\/fr\/#website\"},\"primaryImageOfPage\":{\"@id\":\"https:\/\/www.industri-sl.com\/fr\/agricole\/tracteurs\/retroviseurs\/#primaryimage\"},\"image\":{\"@id\":\"https:\/\/www.industri-sl.com\/fr\/agricole\/tracteurs\/retroviseurs\/#primaryimage\"},\"thumbnailUrl\":\"https:\/\/www.industri-sl.com\/wp-content\/uploads\/cortina-mecanica-2-2.jpg\",\"datePublished\":\"2019-10-03T08:57:38+00:00\",\"dateModified\":\"2025-05-22T09:41:06+00:00\",\"description\":\"INDUSTRI con\u00e7oit et fabrique des r\u00e9troviseurs sur mesure pour les tracteurs, ext\u00e9rieurs et int\u00e9rieurs, mais aussi des composants pour ces r\u00e9troviseurs.\",\"breadcrumb\":{\"@id\":\"https:\/\/www.industri-sl.com\/fr\/agricole\/tracteurs\/retroviseurs\/#breadcrumb\"},\"inLanguage\":\"fr-FR\",\"potentialAction\":[{\"@type\":\"ReadAction\",\"target\":[\"https:\/\/www.industri-sl.com\/fr\/agricole\/tracteurs\/retroviseurs\/\"]}]},{\"@type\":\"ImageObject\",\"inLanguage\":\"fr-FR\",\"@id\":\"https:\/\/www.industri-sl.com\/fr\/agricole\/tracteurs\/retroviseurs\/#primaryimage\",\"url\":\"https:\/\/www.industri-sl.com\/wp-content\/uploads\/cortina-mecanica-2-2.jpg\",\"contentUrl\":\"https:\/\/www.industri-sl.com\/wp-content\/uploads\/cortina-mecanica-2-2.jpg\"},{\"@type\":\"BreadcrumbList\",\"@id\":\"https:\/\/www.industri-sl.com\/fr\/agricole\/tracteurs\/retroviseurs\/#breadcrumb\",\"itemListElement\":[{\"@type\":\"ListItem\",\"position\":1,\"name\":\"Inicio\",\"item\":\"https:\/\/www.industri-sl.com\/fr\/\"},{\"@type\":\"ListItem\",\"position\":2,\"name\":\"Division agricole\",\"item\":\"https:\/\/www.industri-sl.com\/fr\/agricole\/\"},{\"@type\":\"ListItem\",\"position\":3,\"name\":\"Fabrication d\u2019accessoires pour tracteurs\",\"item\":\"https:\/\/www.industri-sl.com\/fr\/agricole\/tracteurs\/\"},{\"@type\":\"ListItem\",\"position\":4,\"name\":\"R\u00e9troviseurs sur mesure pour tracteurs\"}]},{\"@type\":\"WebSite\",\"@id\":\"https:\/\/www.industri-sl.com\/fr\/#website\",\"url\":\"https:\/\/www.industri-sl.com\/fr\/\",\"name\":\"Industri SL\",\"description\":\"\",\"publisher\":{\"@id\":\"https:\/\/www.industri-sl.com\/fr\/#organization\"},\"potentialAction\":[{\"@type\":\"SearchAction\",\"target\":{\"@type\":\"EntryPoint\",\"urlTemplate\":\"https:\/\/www.industri-sl.com\/fr\/?s={search_term_string}\"},\"query-input\":{\"@type\":\"PropertyValueSpecification\",\"valueRequired\":true,\"valueName\":\"search_term_string\"}}],\"inLanguage\":\"fr-FR\"},{\"@type\":\"Organization\",\"@id\":\"https:\/\/www.industri-sl.com\/fr\/#organization\",\"name\":\"Industri SL\",\"url\":\"https:\/\/www.industri-sl.com\/fr\/\",\"logo\":{\"@type\":\"ImageObject\",\"inLanguage\":\"fr-FR\",\"@id\":\"https:\/\/www.industri-sl.com\/fr\/#\/schema\/logo\/image\/\",\"url\":\"https:\/\/www.industri-sl.com\/wp-content\/uploads\/industri-logo.png\",\"contentUrl\":\"https:\/\/www.industri-sl.com\/wp-content\/uploads\/industri-logo.png\",\"width\":248,\"height\":45,\"caption\":\"Industri SL\"},\"image\":{\"@id\":\"https:\/\/www.industri-sl.com\/fr\/#\/schema\/logo\/image\/\"}}]}<\/script>\n<!-- \/ Yoast SEO plugin. -->","yoast_head_json":{"title":"R\u00e9troviseurs sur mesure pour tracteurs - INDUSTRI","description":"INDUSTRI con\u00e7oit et fabrique des r\u00e9troviseurs sur mesure pour les tracteurs, ext\u00e9rieurs et int\u00e9rieurs, mais aussi des composants pour ces r\u00e9troviseurs.","robots":{"index":"index","follow":"follow","max-snippet":"max-snippet:-1","max-image-preview":"max-image-preview:large","max-video-preview":"max-video-preview:-1"},"canonical":"https:\/\/www.industri-sl.com\/fr\/agricole\/tracteurs\/retroviseurs\/","og_locale":"fr_FR","og_type":"article","og_title":"R\u00e9troviseurs sur mesure pour tracteurs - INDUSTRI","og_description":"INDUSTRI con\u00e7oit et fabrique des r\u00e9troviseurs sur mesure pour les tracteurs, ext\u00e9rieurs et int\u00e9rieurs, mais aussi des composants pour ces r\u00e9troviseurs.","og_url":"https:\/\/www.industri-sl.com\/fr\/agricole\/tracteurs\/retroviseurs\/","og_site_name":"Industri SL","article_modified_time":"2025-05-22T09:41:06+00:00","og_image":[{"width":800,"height":600,"url":"https:\/\/www.industri-sl.com\/wp-content\/uploads\/cortina-mecanica-2-2.jpg","type":"image\/jpeg"}],"twitter_card":"summary_large_image","twitter_misc":{"Dur\u00e9e de lecture estim\u00e9e":"2 minutes"},"schema":{"@context":"https:\/\/schema.org","@graph":[{"@type":"WebPage","@id":"https:\/\/www.industri-sl.com\/fr\/agricole\/tracteurs\/retroviseurs\/","url":"https:\/\/www.industri-sl.com\/fr\/agricole\/tracteurs\/retroviseurs\/","name":"R\u00e9troviseurs sur mesure pour tracteurs - INDUSTRI","isPartOf":{"@id":"https:\/\/www.industri-sl.com\/fr\/#website"},"primaryImageOfPage":{"@id":"https:\/\/www.industri-sl.com\/fr\/agricole\/tracteurs\/retroviseurs\/#primaryimage"},"image":{"@id":"https:\/\/www.industri-sl.com\/fr\/agricole\/tracteurs\/retroviseurs\/#primaryimage"},"thumbnailUrl":"https:\/\/www.industri-sl.com\/wp-content\/uploads\/cortina-mecanica-2-2.jpg","datePublished":"2019-10-03T08:57:38+00:00","dateModified":"2025-05-22T09:41:06+00:00","description":"INDUSTRI con\u00e7oit et fabrique des r\u00e9troviseurs sur mesure pour les tracteurs, ext\u00e9rieurs et int\u00e9rieurs, mais aussi des composants pour ces r\u00e9troviseurs.","breadcrumb":{"@id":"https:\/\/www.industri-sl.com\/fr\/agricole\/tracteurs\/retroviseurs\/#breadcrumb"},"inLanguage":"fr-FR","potentialAction":[{"@type":"ReadAction","target":["https:\/\/www.industri-sl.com\/fr\/agricole\/tracteurs\/retroviseurs\/"]}]},{"@type":"ImageObject","inLanguage":"fr-FR","@id":"https:\/\/www.industri-sl.com\/fr\/agricole\/tracteurs\/retroviseurs\/#primaryimage","url":"https:\/\/www.industri-sl.com\/wp-content\/uploads\/cortina-mecanica-2-2.jpg","contentUrl":"https:\/\/www.industri-sl.com\/wp-content\/uploads\/cortina-mecanica-2-2.jpg"},{"@type":"BreadcrumbList","@id":"https:\/\/www.industri-sl.com\/fr\/agricole\/tracteurs\/retroviseurs\/#breadcrumb","itemListElement":[{"@type":"ListItem","position":1,"name":"Inicio","item":"https:\/\/www.industri-sl.com\/fr\/"},{"@type":"ListItem","position":2,"name":"Division agricole","item":"https:\/\/www.industri-sl.com\/fr\/agricole\/"},{"@type":"ListItem","position":3,"name":"Fabrication d\u2019accessoires pour tracteurs","item":"https:\/\/www.industri-sl.com\/fr\/agricole\/tracteurs\/"},{"@type":"ListItem","position":4,"name":"R\u00e9troviseurs sur mesure pour tracteurs"}]},{"@type":"WebSite","@id":"https:\/\/www.industri-sl.com\/fr\/#website","url":"https:\/\/www.industri-sl.com\/fr\/","name":"Industri SL","description":"","publisher":{"@id":"https:\/\/www.industri-sl.com\/fr\/#organization"},"potentialAction":[{"@type":"SearchAction","target":{"@type":"EntryPoint","urlTemplate":"https:\/\/www.industri-sl.com\/fr\/?s={search_term_string}"},"query-input":{"@type":"PropertyValueSpecification","valueRequired":true,"valueName":"search_term_string"}}],"inLanguage":"fr-FR"},{"@type":"Organization","@id":"https:\/\/www.industri-sl.com\/fr\/#organization","name":"Industri SL","url":"https:\/\/www.industri-sl.com\/fr\/","logo":{"@type":"ImageObject","inLanguage":"fr-FR","@id":"https:\/\/www.industri-sl.com\/fr\/#\/schema\/logo\/image\/","url":"https:\/\/www.industri-sl.com\/wp-content\/uploads\/industri-logo.png","contentUrl":"https:\/\/www.industri-sl.com\/wp-content\/uploads\/industri-logo.png","width":248,"height":45,"caption":"Industri SL"},"image":{"@id":"https:\/\/www.industri-sl.com\/fr\/#\/schema\/logo\/image\/"}}]}},"_links":{"self":[{"href":"https:\/\/www.industri-sl.com\/fr\/wp-json\/wp\/v2\/pages\/9170","targetHints":{"allow":["GET"]}}],"collection":[{"href":"https:\/\/www.industri-sl.com\/fr\/wp-json\/wp\/v2\/pages"}],"about":[{"href":"https:\/\/www.industri-sl.com\/fr\/wp-json\/wp\/v2\/types\/page"}],"author":[{"embeddable":true,"href":"https:\/\/www.industri-sl.com\/fr\/wp-json\/wp\/v2\/users\/3"}],"replies":[{"embeddable":true,"href":"https:\/\/www.industri-sl.com\/fr\/wp-json\/wp\/v2\/comments?post=9170"}],"version-history":[{"count":0,"href":"https:\/\/www.industri-sl.com\/fr\/wp-json\/wp\/v2\/pages\/9170\/revisions"}],"up":[{"embeddable":true,"href":"https:\/\/www.industri-sl.com\/fr\/wp-json\/wp\/v2\/pages\/9166"}],"wp:attachment":[{"href":"https:\/\/www.industri-sl.com\/fr\/wp-json\/wp\/v2\/media?parent=9170"}],"curies":[{"name":"wp","href":"https:\/\/api.w.org\/{rel}","templated":true}]}}