{"id":9166,"date":"2019-10-03T10:31:37","date_gmt":"2019-10-03T08:31:37","guid":{"rendered":"https:\/\/www.industri-sl.com\/agricole\/tractores\/"},"modified":"2025-05-22T11:37:39","modified_gmt":"2025-05-22T09:37:39","slug":"tracteurs","status":"publish","type":"page","link":"https:\/\/www.industri-sl.com\/fr\/agricole\/tracteurs\/","title":{"rendered":"Fabrication d\u2019accessoires pour tracteurs"},"content":{"rendered":"<h2>Fabrication de pi\u00e8ces sur mesure pour tracteurs<\/h2>\n<p>Chez INDUSTRI, nous concevons, prototypons et fabriquons des <strong>accessoires exclusifs pour v\u00e9hicules agricoles<\/strong>, notamment les tracteurs.<\/p>\n<p>Nous fabriquons des rideaux m\u00e9caniques et \u00e9lectriques, ainsi que des r\u00e9troviseurs int\u00e9rieurs et ext\u00e9rieurs pour tracteurs. <a href=\"https:\/\/www.industri-sl.com\/fr\/ingenierie\/\">Notre \u00e9quipe d\u2019ing\u00e9nieurs<\/a> peut aussi adapter n\u2019importe quel accessoire aux sp\u00e9cificit\u00e9s techniques du projet ou d\u00e9velopper la pi\u00e8ce dans son int\u00e9gralit\u00e9.<\/p>\n<h3>L\u2019importance de la s\u00e9curit\u00e9 sur les tracteurs<\/h3>\n<p><img loading=\"lazy\" decoding=\"async\" class=\"alignright wp-image-2296\" src=\"https:\/\/www.industri-sl.com\/wp-content\/uploads\/tractor-1-1.jpg\" alt=\"Fabrication de pi\u00e8ces sur mesure pour tracteurs\" width=\"450\" height=\"323\" srcset=\"https:\/\/www.industri-sl.com\/wp-content\/uploads\/tractor-1-1.jpg 800w, https:\/\/www.industri-sl.com\/wp-content\/uploads\/tractor-1-1-300x216.jpg 300w, https:\/\/www.industri-sl.com\/wp-content\/uploads\/tractor-1-1-768x552.jpg 768w\" sizes=\"auto, (max-width: 450px) 100vw, 450px\" \/><\/p>\n<p>Le tracteur, qui est le v\u00e9hicule le plus utilis\u00e9 en agriculture, est aussi le responsable du plus grand nombre d\u2019accidents; il est donc indispensable qu\u2019il soit dot\u00e9 des accessoires ad\u00e9quats pour <strong>r\u00e9duire au maximum les probabilit\u00e9s d\u2019accident<\/strong>.<\/p>\n<p>La loi stipule qu\u2019il <strong>est obligatoire d\u2019installer deux r\u00e9troviseurs<\/strong> sur les tracteurs, un \u00e0 l\u2019int\u00e9rieur et un \u00e0 l\u2019ext\u00e9rieur; tous deux doivent porter le marquage CE et \u00eatre fix\u00e9s au tracteur de mani\u00e8re \u00e0 ce que, dans des conditions de conduite normales, ils restent stables et ne puissent pas bouger ou se d\u00e9r\u00e9gler.<\/p>\n<p>Chez INDUSTRI, nous savons que les r\u00e9troviseurs sont un \u00e9l\u00e9ment indispensable aux tracteurs, c\u2019est pourquoi notre service R&#038;D s&rsquo;efforce de concevoir des r\u00e9troviseurs qui rendent le v\u00e9hicule le plus s\u00fbr et le<strong> plus confortable possible pour le chauffeur<\/strong>.<\/p>\n<div class=\"otras-piezas\">\n<h4>Nous fabriquons les pi\u00e8ces suivantes pour tracteurs:<\/h4>\n<div><a class=\"boton gris\" href=\"https:\/\/www.industri-sl.com\/fr\/agricole\/tracteurs\/rideaux\/\">Rideaux<\/a> <a class=\"boton gris\" href=\"https:\/\/www.industri-sl.com\/fr\/agricole\/tracteurs\/retroviseurs\/\">R\u00e9troviseurs<\/a><\/div>\n<\/div>\n","protected":false},"excerpt":{"rendered":"<p>Fabrication de pi\u00e8ces sur mesure pour tracteurs Chez INDUSTRI, nous concevons, prototypons et fabriquons des accessoires exclusifs pour v\u00e9hicules agricoles, notamment les tracteurs. Nous fabriquons des rideaux m\u00e9caniques et \u00e9lectriques, ainsi que des r\u00e9troviseurs int\u00e9rieurs et ext\u00e9rieurs pour tracteurs. Notre \u00e9quipe d\u2019ing\u00e9nieurs peut aussi adapter n\u2019importe quel accessoire aux sp\u00e9cificit\u00e9s techniques du projet ou d\u00e9velopper [&hellip;]<\/p>\n","protected":false},"author":3,"featured_media":0,"parent":9157,"menu_order":0,"comment_status":"closed","ping_status":"closed","template":"page-vehiculos.php","meta":{"footnotes":""},"class_list":["post-9166","page","type-page","status-publish","hentry"],"yoast_head":"<!-- This site is optimized with the Yoast SEO plugin v27.5 - https:\/\/yoast.com\/product\/yoast-seo-wordpress\/ -->\n<title>Pi\u00e8ces d\u00e9tach\u00e9es et de rechange sur mesure pour tracteurs - INDUSTRI<\/title>\n<meta name=\"description\" content=\"INDUSTRI con\u00e7oit et fabrique des pi\u00e8ces d\u00e9tach\u00e9es et de rechange sur mesure pour les moissonneuses, depuis les rideaux jusqu\u2019aux r\u00e9troviseurs int\u00e9rieurs ou ext\u00e9rieurs.\" \/>\n<meta name=\"robots\" content=\"index, follow, max-snippet:-1, max-image-preview:large, max-video-preview:-1\" \/>\n<link rel=\"canonical\" href=\"https:\/\/www.industri-sl.com\/fr\/agricole\/tracteurs\/\" \/>\n<meta property=\"og:locale\" content=\"fr_FR\" \/>\n<meta property=\"og:type\" content=\"article\" \/>\n<meta property=\"og:title\" content=\"Pi\u00e8ces d\u00e9tach\u00e9es et de rechange sur mesure pour tracteurs - INDUSTRI\" \/>\n<meta property=\"og:description\" content=\"INDUSTRI con\u00e7oit et fabrique des pi\u00e8ces d\u00e9tach\u00e9es et de rechange sur mesure pour les moissonneuses, depuis les rideaux jusqu\u2019aux r\u00e9troviseurs int\u00e9rieurs ou ext\u00e9rieurs.\" \/>\n<meta property=\"og:url\" content=\"https:\/\/www.industri-sl.com\/fr\/agricole\/tracteurs\/\" \/>\n<meta property=\"og:site_name\" content=\"Industri SL\" \/>\n<meta property=\"article:modified_time\" content=\"2025-05-22T09:37:39+00:00\" \/>\n<meta property=\"og:image\" content=\"https:\/\/www.industri-sl.com\/wp-content\/uploads\/tractor-1-1.jpg\" \/>\n\t<meta property=\"og:image:width\" content=\"800\" \/>\n\t<meta property=\"og:image:height\" content=\"575\" \/>\n\t<meta property=\"og:image:type\" content=\"image\/jpeg\" \/>\n<meta name=\"twitter:card\" content=\"summary_large_image\" \/>\n<meta name=\"twitter:label1\" content=\"Dur\u00e9e de lecture estim\u00e9e\" \/>\n\t<meta name=\"twitter:data1\" content=\"2 minutes\" \/>\n<script type=\"application\/ld+json\" class=\"yoast-schema-graph\">{\"@context\":\"https:\\\/\\\/schema.org\",\"@graph\":[{\"@type\":\"WebPage\",\"@id\":\"https:\\\/\\\/www.industri-sl.com\\\/fr\\\/agricole\\\/tracteurs\\\/\",\"url\":\"https:\\\/\\\/www.industri-sl.com\\\/fr\\\/agricole\\\/tracteurs\\\/\",\"name\":\"Pi\u00e8ces d\u00e9tach\u00e9es et de rechange sur mesure pour tracteurs - INDUSTRI\",\"isPartOf\":{\"@id\":\"https:\\\/\\\/www.industri-sl.com\\\/fr\\\/#website\"},\"primaryImageOfPage\":{\"@id\":\"https:\\\/\\\/www.industri-sl.com\\\/fr\\\/agricole\\\/tracteurs\\\/#primaryimage\"},\"image\":{\"@id\":\"https:\\\/\\\/www.industri-sl.com\\\/fr\\\/agricole\\\/tracteurs\\\/#primaryimage\"},\"thumbnailUrl\":\"https:\\\/\\\/www.industri-sl.com\\\/wp-content\\\/uploads\\\/tractor-1-1.jpg\",\"datePublished\":\"2019-10-03T08:31:37+00:00\",\"dateModified\":\"2025-05-22T09:37:39+00:00\",\"description\":\"INDUSTRI con\u00e7oit et fabrique des pi\u00e8ces d\u00e9tach\u00e9es et de rechange sur mesure pour les moissonneuses, depuis les rideaux jusqu\u2019aux r\u00e9troviseurs int\u00e9rieurs ou ext\u00e9rieurs.\",\"breadcrumb\":{\"@id\":\"https:\\\/\\\/www.industri-sl.com\\\/fr\\\/agricole\\\/tracteurs\\\/#breadcrumb\"},\"inLanguage\":\"fr-FR\",\"potentialAction\":[{\"@type\":\"ReadAction\",\"target\":[\"https:\\\/\\\/www.industri-sl.com\\\/fr\\\/agricole\\\/tracteurs\\\/\"]}]},{\"@type\":\"ImageObject\",\"inLanguage\":\"fr-FR\",\"@id\":\"https:\\\/\\\/www.industri-sl.com\\\/fr\\\/agricole\\\/tracteurs\\\/#primaryimage\",\"url\":\"https:\\\/\\\/www.industri-sl.com\\\/wp-content\\\/uploads\\\/tractor-1-1.jpg\",\"contentUrl\":\"https:\\\/\\\/www.industri-sl.com\\\/wp-content\\\/uploads\\\/tractor-1-1.jpg\"},{\"@type\":\"BreadcrumbList\",\"@id\":\"https:\\\/\\\/www.industri-sl.com\\\/fr\\\/agricole\\\/tracteurs\\\/#breadcrumb\",\"itemListElement\":[{\"@type\":\"ListItem\",\"position\":1,\"name\":\"Inicio\",\"item\":\"https:\\\/\\\/www.industri-sl.com\\\/fr\\\/\"},{\"@type\":\"ListItem\",\"position\":2,\"name\":\"Division agricole\",\"item\":\"https:\\\/\\\/www.industri-sl.com\\\/fr\\\/agricole\\\/\"},{\"@type\":\"ListItem\",\"position\":3,\"name\":\"Fabrication d\u2019accessoires pour tracteurs\"}]},{\"@type\":\"WebSite\",\"@id\":\"https:\\\/\\\/www.industri-sl.com\\\/fr\\\/#website\",\"url\":\"https:\\\/\\\/www.industri-sl.com\\\/fr\\\/\",\"name\":\"Industri SL\",\"description\":\"\",\"publisher\":{\"@id\":\"https:\\\/\\\/www.industri-sl.com\\\/fr\\\/#organization\"},\"potentialAction\":[{\"@type\":\"SearchAction\",\"target\":{\"@type\":\"EntryPoint\",\"urlTemplate\":\"https:\\\/\\\/www.industri-sl.com\\\/fr\\\/?s={search_term_string}\"},\"query-input\":{\"@type\":\"PropertyValueSpecification\",\"valueRequired\":true,\"valueName\":\"search_term_string\"}}],\"inLanguage\":\"fr-FR\"},{\"@type\":\"Organization\",\"@id\":\"https:\\\/\\\/www.industri-sl.com\\\/fr\\\/#organization\",\"name\":\"Industri SL\",\"url\":\"https:\\\/\\\/www.industri-sl.com\\\/fr\\\/\",\"logo\":{\"@type\":\"ImageObject\",\"inLanguage\":\"fr-FR\",\"@id\":\"https:\\\/\\\/www.industri-sl.com\\\/fr\\\/#\\\/schema\\\/logo\\\/image\\\/\",\"url\":\"https:\\\/\\\/www.industri-sl.com\\\/wp-content\\\/uploads\\\/industri-logo.png\",\"contentUrl\":\"https:\\\/\\\/www.industri-sl.com\\\/wp-content\\\/uploads\\\/industri-logo.png\",\"width\":248,\"height\":45,\"caption\":\"Industri SL\"},\"image\":{\"@id\":\"https:\\\/\\\/www.industri-sl.com\\\/fr\\\/#\\\/schema\\\/logo\\\/image\\\/\"}}]}<\/script>\n<!-- \/ Yoast SEO plugin. -->","yoast_head_json":{"title":"Pi\u00e8ces d\u00e9tach\u00e9es et de rechange sur mesure pour tracteurs - INDUSTRI","description":"INDUSTRI con\u00e7oit et fabrique des pi\u00e8ces d\u00e9tach\u00e9es et de rechange sur mesure pour les moissonneuses, depuis les rideaux jusqu\u2019aux r\u00e9troviseurs int\u00e9rieurs ou ext\u00e9rieurs.","robots":{"index":"index","follow":"follow","max-snippet":"max-snippet:-1","max-image-preview":"max-image-preview:large","max-video-preview":"max-video-preview:-1"},"canonical":"https:\/\/www.industri-sl.com\/fr\/agricole\/tracteurs\/","og_locale":"fr_FR","og_type":"article","og_title":"Pi\u00e8ces d\u00e9tach\u00e9es et de rechange sur mesure pour tracteurs - INDUSTRI","og_description":"INDUSTRI con\u00e7oit et fabrique des pi\u00e8ces d\u00e9tach\u00e9es et de rechange sur mesure pour les moissonneuses, depuis les rideaux jusqu\u2019aux r\u00e9troviseurs int\u00e9rieurs ou ext\u00e9rieurs.","og_url":"https:\/\/www.industri-sl.com\/fr\/agricole\/tracteurs\/","og_site_name":"Industri SL","article_modified_time":"2025-05-22T09:37:39+00:00","og_image":[{"width":800,"height":575,"url":"https:\/\/www.industri-sl.com\/wp-content\/uploads\/tractor-1-1.jpg","type":"image\/jpeg"}],"twitter_card":"summary_large_image","twitter_misc":{"Dur\u00e9e de lecture estim\u00e9e":"2 minutes"},"schema":{"@context":"https:\/\/schema.org","@graph":[{"@type":"WebPage","@id":"https:\/\/www.industri-sl.com\/fr\/agricole\/tracteurs\/","url":"https:\/\/www.industri-sl.com\/fr\/agricole\/tracteurs\/","name":"Pi\u00e8ces d\u00e9tach\u00e9es et de rechange sur mesure pour tracteurs - INDUSTRI","isPartOf":{"@id":"https:\/\/www.industri-sl.com\/fr\/#website"},"primaryImageOfPage":{"@id":"https:\/\/www.industri-sl.com\/fr\/agricole\/tracteurs\/#primaryimage"},"image":{"@id":"https:\/\/www.industri-sl.com\/fr\/agricole\/tracteurs\/#primaryimage"},"thumbnailUrl":"https:\/\/www.industri-sl.com\/wp-content\/uploads\/tractor-1-1.jpg","datePublished":"2019-10-03T08:31:37+00:00","dateModified":"2025-05-22T09:37:39+00:00","description":"INDUSTRI con\u00e7oit et fabrique des pi\u00e8ces d\u00e9tach\u00e9es et de rechange sur mesure pour les moissonneuses, depuis les rideaux jusqu\u2019aux r\u00e9troviseurs int\u00e9rieurs ou ext\u00e9rieurs.","breadcrumb":{"@id":"https:\/\/www.industri-sl.com\/fr\/agricole\/tracteurs\/#breadcrumb"},"inLanguage":"fr-FR","potentialAction":[{"@type":"ReadAction","target":["https:\/\/www.industri-sl.com\/fr\/agricole\/tracteurs\/"]}]},{"@type":"ImageObject","inLanguage":"fr-FR","@id":"https:\/\/www.industri-sl.com\/fr\/agricole\/tracteurs\/#primaryimage","url":"https:\/\/www.industri-sl.com\/wp-content\/uploads\/tractor-1-1.jpg","contentUrl":"https:\/\/www.industri-sl.com\/wp-content\/uploads\/tractor-1-1.jpg"},{"@type":"BreadcrumbList","@id":"https:\/\/www.industri-sl.com\/fr\/agricole\/tracteurs\/#breadcrumb","itemListElement":[{"@type":"ListItem","position":1,"name":"Inicio","item":"https:\/\/www.industri-sl.com\/fr\/"},{"@type":"ListItem","position":2,"name":"Division agricole","item":"https:\/\/www.industri-sl.com\/fr\/agricole\/"},{"@type":"ListItem","position":3,"name":"Fabrication d\u2019accessoires pour tracteurs"}]},{"@type":"WebSite","@id":"https:\/\/www.industri-sl.com\/fr\/#website","url":"https:\/\/www.industri-sl.com\/fr\/","name":"Industri SL","description":"","publisher":{"@id":"https:\/\/www.industri-sl.com\/fr\/#organization"},"potentialAction":[{"@type":"SearchAction","target":{"@type":"EntryPoint","urlTemplate":"https:\/\/www.industri-sl.com\/fr\/?s={search_term_string}"},"query-input":{"@type":"PropertyValueSpecification","valueRequired":true,"valueName":"search_term_string"}}],"inLanguage":"fr-FR"},{"@type":"Organization","@id":"https:\/\/www.industri-sl.com\/fr\/#organization","name":"Industri SL","url":"https:\/\/www.industri-sl.com\/fr\/","logo":{"@type":"ImageObject","inLanguage":"fr-FR","@id":"https:\/\/www.industri-sl.com\/fr\/#\/schema\/logo\/image\/","url":"https:\/\/www.industri-sl.com\/wp-content\/uploads\/industri-logo.png","contentUrl":"https:\/\/www.industri-sl.com\/wp-content\/uploads\/industri-logo.png","width":248,"height":45,"caption":"Industri SL"},"image":{"@id":"https:\/\/www.industri-sl.com\/fr\/#\/schema\/logo\/image\/"}}]}},"_links":{"self":[{"href":"https:\/\/www.industri-sl.com\/fr\/wp-json\/wp\/v2\/pages\/9166","targetHints":{"allow":["GET"]}}],"collection":[{"href":"https:\/\/www.industri-sl.com\/fr\/wp-json\/wp\/v2\/pages"}],"about":[{"href":"https:\/\/www.industri-sl.com\/fr\/wp-json\/wp\/v2\/types\/page"}],"author":[{"embeddable":true,"href":"https:\/\/www.industri-sl.com\/fr\/wp-json\/wp\/v2\/users\/3"}],"replies":[{"embeddable":true,"href":"https:\/\/www.industri-sl.com\/fr\/wp-json\/wp\/v2\/comments?post=9166"}],"version-history":[{"count":0,"href":"https:\/\/www.industri-sl.com\/fr\/wp-json\/wp\/v2\/pages\/9166\/revisions"}],"up":[{"embeddable":true,"href":"https:\/\/www.industri-sl.com\/fr\/wp-json\/wp\/v2\/pages\/9157"}],"wp:attachment":[{"href":"https:\/\/www.industri-sl.com\/fr\/wp-json\/wp\/v2\/media?parent=9166"}],"curies":[{"name":"wp","href":"https:\/\/api.w.org\/{rel}","templated":true}]}}