{"id":9162,"date":"2019-10-03T11:55:39","date_gmt":"2019-10-03T09:55:39","guid":{"rendered":"https:\/\/www.industri-sl.com\/agricole\/remolques\/"},"modified":"2020-01-28T10:09:09","modified_gmt":"2020-01-28T09:09:09","slug":"remorques","status":"publish","type":"page","link":"https:\/\/www.industri-sl.com\/fr\/agricole\/remorques\/","title":{"rendered":"Fabrication d\u2019accessoires pour remorques"},"content":{"rendered":"<h2>Fabrication de pi\u00e8ces sur mesure pour remorques agricoles<\/h2>\n<p>Chez INDUSTRI, nous concevons, prototypons et fabriquons des <strong>accessoires exclusifs pour v\u00e9hicules agricoles<\/strong>, notamment les remorques agricoles.<\/p>\n<p><a href=\"https:\/\/www.industri-sl.com\/fr\/nous\/\">Nous sommes sp\u00e9cialis\u00e9s<\/a> dans la conception et la fabrication de r\u00e9troviseurs, ext\u00e9rieurs et int\u00e9rieurs, mais nous nous tenons toujours pr\u00eats \u00e0 fabriquer tout autre type d\u2019accessoire de remorques dont le client pourrait avoir besoin. Notre \u00e9quipe d\u2019ing\u00e9nieurs peut adapter n\u2019importe quel accessoire <a href=\"https:\/\/www.industri-sl.com\/fr\/ingenierie\/\">aux sp\u00e9cificit\u00e9s techniques du projet ou d\u00e9velopper<\/a> la pi\u00e8ce dans son int\u00e9gralit\u00e9.<\/p>\n<h3>R\u00e9troviseurs pour remorques agricoles<\/h3>\n<p>La loi stipule que les v\u00e9hicules agricoles doivent \u00eatre \u00e9quip\u00e9s <strong>d&rsquo;au moins deux r\u00e9troviseurs obligatoires<\/strong>: un int\u00e9rieur et un ext\u00e9rieur \u2013 sur la partie gauche du v\u00e9hicule-.<\/p>\n<p>INDUSTRI fabrique des r\u00e9troviseurs ext\u00e9rieurs avec miroirs chauffants et non chauffants, <strong>optimisant ainsi la vision du chauffeur<\/strong> les jours de basses temp\u00e9ratures.<\/p>\n<p>En plus de la fabrication de r\u00e9troviseurs pour remorques complets, chez INDUSTRI nous concevons et fabriquons aussi certaines pi\u00e8ces d\u00e9tach\u00e9es pour les r\u00e9troviseurs ext\u00e9rieurs et int\u00e9rieurs. Ces composants et pi\u00e8ces d\u00e9tach\u00e9es de r\u00e9troviseurs sont indispensables \u00e0 <strong>leur fonctionnement optimal<\/strong>.<\/p>\n<div class=\"slider-gallery-wrapper \"><div class=\"slider-gallery\"><div id=\"sliderify-carousel-1\" class=\"owl-carousel\"><div class=\"sliderify-owl-item-inner\"><img decoding=\"async\" src=\"https:\/\/www.industri-sl.com\/wp-content\/uploads\/remolque-2-1.jpg\"><\/div><div class=\"sliderify-owl-item-inner\"><img decoding=\"async\" src=\"https:\/\/www.industri-sl.com\/wp-content\/uploads\/remolque-1-1.jpg\"><\/div><div class=\"sliderify-owl-item-inner\"><img decoding=\"async\" src=\"https:\/\/www.industri-sl.com\/wp-content\/uploads\/remolque-3.jpg\"><\/div><\/div><!-- .owl-carousel --><\/div><!-- .slider-gallery --><\/div><!-- .slider-gallery-wrapper --><script>\n\t\t\tjQuery(document).ready(function($){\n\t\t\t\tcarousel1 = $('#sliderify-carousel-1');\ncarousel1.imagesLoaded(function(){carousel1.owlCarousel({items:2,\nstagePadding:0,\nnav:1,\nnavText:['<span><\/span><span><\/span>','<span><\/span><span><\/span>'],\ncenter:1,\nloop:1,\nmargin:0,\nautoWidth:false,\nautoHeight:true,\nstageOuterClass:'sliderify-stage-outer',\nstageClass:'sliderify-stage',\nnavContainerClass:'sliderify-nav',\ncontrolsClass:'sliderify-controls',\ndotsClass:'sliderify-dots',\ndotClass:'sliderify-dot',\nonInitialized:function(event){\n\t\t\t\tconsole.log('init');\n\t\t\t},\n});});\n});\n\t\t\t<\/script>\n","protected":false},"excerpt":{"rendered":"<p>Fabrication de pi\u00e8ces sur mesure pour remorques agricoles Chez INDUSTRI, nous concevons, prototypons et fabriquons des accessoires exclusifs pour v\u00e9hicules agricoles, notamment les remorques agricoles. Nous sommes sp\u00e9cialis\u00e9s dans la conception et la fabrication de r\u00e9troviseurs, ext\u00e9rieurs et int\u00e9rieurs, mais nous nous tenons toujours pr\u00eats \u00e0 fabriquer tout autre type d\u2019accessoire de remorques dont le [&hellip;]<\/p>\n","protected":false},"author":3,"featured_media":0,"parent":9157,"menu_order":0,"comment_status":"closed","ping_status":"closed","template":"page-vehiculos.php","meta":{"footnotes":""},"class_list":["post-9162","page","type-page","status-publish","hentry"],"yoast_head":"<!-- This site is optimized with the Yoast SEO plugin v27.2 - https:\/\/yoast.com\/product\/yoast-seo-wordpress\/ -->\n<title>Pi\u00e8ces d\u00e9tach\u00e9es et de rechange sur mesure pour remorques agricoles - INDUSTRI<\/title>\n<meta name=\"description\" content=\"INDUSTRI poss\u00e8de des ann\u00e9es d\u2019exp\u00e9rience en conception et fabrication de pi\u00e8ces d\u00e9tach\u00e9es et de rechange sur mesure pour les remorques agricoles.\" \/>\n<meta name=\"robots\" content=\"index, follow, max-snippet:-1, max-image-preview:large, max-video-preview:-1\" \/>\n<link rel=\"canonical\" href=\"https:\/\/www.industri-sl.com\/fr\/agricole\/remorques\/\" \/>\n<meta property=\"og:locale\" content=\"fr_FR\" \/>\n<meta property=\"og:type\" content=\"article\" \/>\n<meta property=\"og:title\" content=\"Pi\u00e8ces d\u00e9tach\u00e9es et de rechange sur mesure pour remorques agricoles - INDUSTRI\" \/>\n<meta property=\"og:description\" content=\"INDUSTRI poss\u00e8de des ann\u00e9es d\u2019exp\u00e9rience en conception et fabrication de pi\u00e8ces d\u00e9tach\u00e9es et de rechange sur mesure pour les remorques agricoles.\" \/>\n<meta property=\"og:url\" content=\"https:\/\/www.industri-sl.com\/fr\/agricole\/remorques\/\" \/>\n<meta property=\"og:site_name\" content=\"Industri SL\" \/>\n<meta property=\"article:modified_time\" content=\"2020-01-28T09:09:09+00:00\" \/>\n<meta property=\"og:image\" content=\"https:\/\/www.industri-sl.com\/wp-content\/uploads\/remolque-2-1.jpg\" \/>\n<meta name=\"twitter:card\" content=\"summary_large_image\" \/>\n<meta name=\"twitter:label1\" content=\"Dur\u00e9e de lecture estim\u00e9e\" \/>\n\t<meta name=\"twitter:data1\" content=\"1 minute\" \/>\n<script type=\"application\/ld+json\" class=\"yoast-schema-graph\">{\"@context\":\"https:\/\/schema.org\",\"@graph\":[{\"@type\":\"WebPage\",\"@id\":\"https:\/\/www.industri-sl.com\/fr\/agricole\/remorques\/\",\"url\":\"https:\/\/www.industri-sl.com\/fr\/agricole\/remorques\/\",\"name\":\"Pi\u00e8ces d\u00e9tach\u00e9es et de rechange sur mesure pour remorques agricoles - INDUSTRI\",\"isPartOf\":{\"@id\":\"https:\/\/www.industri-sl.com\/fr\/#website\"},\"datePublished\":\"2019-10-03T09:55:39+00:00\",\"dateModified\":\"2020-01-28T09:09:09+00:00\",\"description\":\"INDUSTRI poss\u00e8de des ann\u00e9es d\u2019exp\u00e9rience en conception et fabrication de pi\u00e8ces d\u00e9tach\u00e9es et de rechange sur mesure pour les remorques agricoles.\",\"breadcrumb\":{\"@id\":\"https:\/\/www.industri-sl.com\/fr\/agricole\/remorques\/#breadcrumb\"},\"inLanguage\":\"fr-FR\",\"potentialAction\":[{\"@type\":\"ReadAction\",\"target\":[\"https:\/\/www.industri-sl.com\/fr\/agricole\/remorques\/\"]}]},{\"@type\":\"BreadcrumbList\",\"@id\":\"https:\/\/www.industri-sl.com\/fr\/agricole\/remorques\/#breadcrumb\",\"itemListElement\":[{\"@type\":\"ListItem\",\"position\":1,\"name\":\"Inicio\",\"item\":\"https:\/\/www.industri-sl.com\/fr\/\"},{\"@type\":\"ListItem\",\"position\":2,\"name\":\"Division agricole\",\"item\":\"https:\/\/www.industri-sl.com\/fr\/agricole\/\"},{\"@type\":\"ListItem\",\"position\":3,\"name\":\"Fabrication d\u2019accessoires pour remorques\"}]},{\"@type\":\"WebSite\",\"@id\":\"https:\/\/www.industri-sl.com\/fr\/#website\",\"url\":\"https:\/\/www.industri-sl.com\/fr\/\",\"name\":\"Industri SL\",\"description\":\"\",\"publisher\":{\"@id\":\"https:\/\/www.industri-sl.com\/fr\/#organization\"},\"potentialAction\":[{\"@type\":\"SearchAction\",\"target\":{\"@type\":\"EntryPoint\",\"urlTemplate\":\"https:\/\/www.industri-sl.com\/fr\/?s={search_term_string}\"},\"query-input\":{\"@type\":\"PropertyValueSpecification\",\"valueRequired\":true,\"valueName\":\"search_term_string\"}}],\"inLanguage\":\"fr-FR\"},{\"@type\":\"Organization\",\"@id\":\"https:\/\/www.industri-sl.com\/fr\/#organization\",\"name\":\"Industri SL\",\"url\":\"https:\/\/www.industri-sl.com\/fr\/\",\"logo\":{\"@type\":\"ImageObject\",\"inLanguage\":\"fr-FR\",\"@id\":\"https:\/\/www.industri-sl.com\/fr\/#\/schema\/logo\/image\/\",\"url\":\"https:\/\/www.industri-sl.com\/wp-content\/uploads\/industri-logo.png\",\"contentUrl\":\"https:\/\/www.industri-sl.com\/wp-content\/uploads\/industri-logo.png\",\"width\":248,\"height\":45,\"caption\":\"Industri SL\"},\"image\":{\"@id\":\"https:\/\/www.industri-sl.com\/fr\/#\/schema\/logo\/image\/\"}}]}<\/script>\n<!-- \/ Yoast SEO plugin. -->","yoast_head_json":{"title":"Pi\u00e8ces d\u00e9tach\u00e9es et de rechange sur mesure pour remorques agricoles - INDUSTRI","description":"INDUSTRI poss\u00e8de des ann\u00e9es d\u2019exp\u00e9rience en conception et fabrication de pi\u00e8ces d\u00e9tach\u00e9es et de rechange sur mesure pour les remorques agricoles.","robots":{"index":"index","follow":"follow","max-snippet":"max-snippet:-1","max-image-preview":"max-image-preview:large","max-video-preview":"max-video-preview:-1"},"canonical":"https:\/\/www.industri-sl.com\/fr\/agricole\/remorques\/","og_locale":"fr_FR","og_type":"article","og_title":"Pi\u00e8ces d\u00e9tach\u00e9es et de rechange sur mesure pour remorques agricoles - INDUSTRI","og_description":"INDUSTRI poss\u00e8de des ann\u00e9es d\u2019exp\u00e9rience en conception et fabrication de pi\u00e8ces d\u00e9tach\u00e9es et de rechange sur mesure pour les remorques agricoles.","og_url":"https:\/\/www.industri-sl.com\/fr\/agricole\/remorques\/","og_site_name":"Industri SL","article_modified_time":"2020-01-28T09:09:09+00:00","og_image":[{"url":"https:\/\/www.industri-sl.com\/wp-content\/uploads\/remolque-2-1.jpg","type":"","width":"","height":""}],"twitter_card":"summary_large_image","twitter_misc":{"Dur\u00e9e de lecture estim\u00e9e":"1 minute"},"schema":{"@context":"https:\/\/schema.org","@graph":[{"@type":"WebPage","@id":"https:\/\/www.industri-sl.com\/fr\/agricole\/remorques\/","url":"https:\/\/www.industri-sl.com\/fr\/agricole\/remorques\/","name":"Pi\u00e8ces d\u00e9tach\u00e9es et de rechange sur mesure pour remorques agricoles - INDUSTRI","isPartOf":{"@id":"https:\/\/www.industri-sl.com\/fr\/#website"},"datePublished":"2019-10-03T09:55:39+00:00","dateModified":"2020-01-28T09:09:09+00:00","description":"INDUSTRI poss\u00e8de des ann\u00e9es d\u2019exp\u00e9rience en conception et fabrication de pi\u00e8ces d\u00e9tach\u00e9es et de rechange sur mesure pour les remorques agricoles.","breadcrumb":{"@id":"https:\/\/www.industri-sl.com\/fr\/agricole\/remorques\/#breadcrumb"},"inLanguage":"fr-FR","potentialAction":[{"@type":"ReadAction","target":["https:\/\/www.industri-sl.com\/fr\/agricole\/remorques\/"]}]},{"@type":"BreadcrumbList","@id":"https:\/\/www.industri-sl.com\/fr\/agricole\/remorques\/#breadcrumb","itemListElement":[{"@type":"ListItem","position":1,"name":"Inicio","item":"https:\/\/www.industri-sl.com\/fr\/"},{"@type":"ListItem","position":2,"name":"Division agricole","item":"https:\/\/www.industri-sl.com\/fr\/agricole\/"},{"@type":"ListItem","position":3,"name":"Fabrication d\u2019accessoires pour remorques"}]},{"@type":"WebSite","@id":"https:\/\/www.industri-sl.com\/fr\/#website","url":"https:\/\/www.industri-sl.com\/fr\/","name":"Industri SL","description":"","publisher":{"@id":"https:\/\/www.industri-sl.com\/fr\/#organization"},"potentialAction":[{"@type":"SearchAction","target":{"@type":"EntryPoint","urlTemplate":"https:\/\/www.industri-sl.com\/fr\/?s={search_term_string}"},"query-input":{"@type":"PropertyValueSpecification","valueRequired":true,"valueName":"search_term_string"}}],"inLanguage":"fr-FR"},{"@type":"Organization","@id":"https:\/\/www.industri-sl.com\/fr\/#organization","name":"Industri SL","url":"https:\/\/www.industri-sl.com\/fr\/","logo":{"@type":"ImageObject","inLanguage":"fr-FR","@id":"https:\/\/www.industri-sl.com\/fr\/#\/schema\/logo\/image\/","url":"https:\/\/www.industri-sl.com\/wp-content\/uploads\/industri-logo.png","contentUrl":"https:\/\/www.industri-sl.com\/wp-content\/uploads\/industri-logo.png","width":248,"height":45,"caption":"Industri SL"},"image":{"@id":"https:\/\/www.industri-sl.com\/fr\/#\/schema\/logo\/image\/"}}]}},"_links":{"self":[{"href":"https:\/\/www.industri-sl.com\/fr\/wp-json\/wp\/v2\/pages\/9162","targetHints":{"allow":["GET"]}}],"collection":[{"href":"https:\/\/www.industri-sl.com\/fr\/wp-json\/wp\/v2\/pages"}],"about":[{"href":"https:\/\/www.industri-sl.com\/fr\/wp-json\/wp\/v2\/types\/page"}],"author":[{"embeddable":true,"href":"https:\/\/www.industri-sl.com\/fr\/wp-json\/wp\/v2\/users\/3"}],"replies":[{"embeddable":true,"href":"https:\/\/www.industri-sl.com\/fr\/wp-json\/wp\/v2\/comments?post=9162"}],"version-history":[{"count":0,"href":"https:\/\/www.industri-sl.com\/fr\/wp-json\/wp\/v2\/pages\/9162\/revisions"}],"up":[{"embeddable":true,"href":"https:\/\/www.industri-sl.com\/fr\/wp-json\/wp\/v2\/pages\/9157"}],"wp:attachment":[{"href":"https:\/\/www.industri-sl.com\/fr\/wp-json\/wp\/v2\/media?parent=9162"}],"curies":[{"name":"wp","href":"https:\/\/api.w.org\/{rel}","templated":true}]}}