{"id":9159,"date":"2019-10-03T11:08:45","date_gmt":"2019-10-03T09:08:45","guid":{"rendered":"https:\/\/www.industri-sl.com\/agricole\/cosechadoras\/"},"modified":"2020-01-28T09:36:56","modified_gmt":"2020-01-28T08:36:56","slug":"moissonneuses","status":"publish","type":"page","link":"https:\/\/www.industri-sl.com\/fr\/agricole\/moissonneuses\/","title":{"rendered":"Fabrication d\u2019accessoires pour moissonneuses"},"content":{"rendered":"<h2>Fabrication de pi\u00e8ces sur mesure pour moissonneuses<\/h2>\n<p>Chez INDUSTRI, <a href=\"https:\/\/www.industri-sl.com\/fr\/ingenierie\/\">nous concevons, prototypons et fabriquons<\/a> des accessoires exclusifs pour v\u00e9hicules agricoles, notamment les moissonneuses.<\/p>\n<p>Nous fabriquons des rideaux m\u00e9caniques et \u00e9lectriques, ainsi que des r\u00e9troviseurs int\u00e9rieurs et ext\u00e9rieurs pour les moissonneuses. Notre \u00e9quipe d\u2019ing\u00e9nieurs peut aussi adapter n\u2019importe quel accessoire aux <a href=\"https:\/\/www.industri-sl.com\/fr\/clients\/\">sp\u00e9cificit\u00e9s techniques du projet ou d\u00e9velopper<\/a> la pi\u00e8ce dans son int\u00e9gralit\u00e9.<\/p>\n<h3>Fabrication de r\u00e9troviseurs pour moissonneuses<\/h3>\n<p><img loading=\"lazy\" decoding=\"async\" class=\"alignright wp-image-2300\" src=\"https:\/\/www.industri-sl.com\/wp-content\/uploads\/cosechadora-1-1.jpg\" alt=\"Fabrication de pi\u00e8ces sur mesure pour moissonneuses\" width=\"450\" height=\"323\" srcset=\"https:\/\/www.industri-sl.com\/wp-content\/uploads\/cosechadora-1-1.jpg 800w, https:\/\/www.industri-sl.com\/wp-content\/uploads\/cosechadora-1-1-300x216.jpg 300w, https:\/\/www.industri-sl.com\/wp-content\/uploads\/cosechadora-1-1-768x552.jpg 768w\" sizes=\"auto, (max-width: 450px) 100vw, 450px\" \/><strong>La loi stipule<\/strong> que les v\u00e9hicules agricoles doivent \u00eatre \u00e9quip\u00e9s d&rsquo;au moins deux r\u00e9troviseurs obligatoires: un int\u00e9rieur et un ext\u00e9rieur \u2013 sur la partie gauche du v\u00e9hicule-.<\/p>\n<p>INDUSTRI fabrique des r\u00e9troviseurs ext\u00e9rieurs avec miroirs chauffants et non chauffants, <strong>optimisant ainsi la vision du chauffeur<\/strong> les jours de basses temp\u00e9ratures. <\/p>\n<p>Les r\u00e9troviseurs int\u00e9rieurs sont quant \u00e0 eux con\u00e7us pour \u00eatre plac\u00e9s \u00e0 l&rsquo;int\u00e9rieur de la moissonneuse de mani\u00e8re \u00e0 ce que le chauffeur puisse avoir une <strong>vision int\u00e9grale de tout l&rsquo;habitacle<\/strong>.<\/p>\n<p>En plus de la fabrication de r\u00e9troviseurs pour moissonneuses complets, chez INDUSTRI nous concevons et fabriquons aussi certaines pi\u00e8ces d\u00e9tach\u00e9es pour les r\u00e9troviseurs ext\u00e9rieurs et int\u00e9rieurs. Ces composants et pi\u00e8ces d\u00e9tach\u00e9es de r\u00e9troviseurs sont indispensables \u00e0 <strong>leur fonctionnement optimal<\/strong>.<\/p>\n<h3>Fabrication de rideaux pour moissonneuses<\/h3>\n<p><a href=\"https:\/\/www.industri-sl.com\/fr\/nous\/\">Nous fabriquons<\/a> des rideaux m\u00e9caniques et \u00e9lectriques pour moissonneuses. Notre service RDI travaille pour assurer une adaptation efficace \u00e0 chaque projet, c&rsquo;est pourquoi nous concevons le rideau qui s&rsquo;ajuste le mieux \u00e0 vos besoins et vous livrons la pi\u00e8ce mont\u00e9e.<\/p>\n<p>Tous nos rideaux sont fabriqu\u00e9s avec des mati\u00e8res de premi\u00e8re qualit\u00e9, l\u2019objectif \u00e9tant de <strong>r\u00e9duire au maximum la maintenance<\/strong>. Nous disposons aussi d\u2019un catalogue avec un grand choix de grammages, coloris et accessoires.<\/p>\n","protected":false},"excerpt":{"rendered":"<p>Fabrication de pi\u00e8ces sur mesure pour moissonneuses Chez INDUSTRI, nous concevons, prototypons et fabriquons des accessoires exclusifs pour v\u00e9hicules agricoles, notamment les moissonneuses. Nous fabriquons des rideaux m\u00e9caniques et \u00e9lectriques, ainsi que des r\u00e9troviseurs int\u00e9rieurs et ext\u00e9rieurs pour les moissonneuses. Notre \u00e9quipe d\u2019ing\u00e9nieurs peut aussi adapter n\u2019importe quel accessoire aux sp\u00e9cificit\u00e9s techniques du projet ou [&hellip;]<\/p>\n","protected":false},"author":3,"featured_media":0,"parent":9157,"menu_order":0,"comment_status":"closed","ping_status":"closed","template":"page-vehiculos.php","meta":{"footnotes":""},"class_list":["post-9159","page","type-page","status-publish","hentry"],"yoast_head":"<!-- This site is optimized with the Yoast SEO plugin v27.5 - https:\/\/yoast.com\/product\/yoast-seo-wordpress\/ -->\n<title>Pi\u00e8ces d\u00e9tach\u00e9es et de rechange sur mesure pour moissonneuses - INDUSTRI<\/title>\n<meta name=\"description\" content=\"INDUSTRI con\u00e7oit et fabrique des pi\u00e8ces d\u00e9tach\u00e9es et de rechange sur mesure pour les moissonneuses, depuis les rideaux jusqu\u2019aux r\u00e9troviseurs int\u00e9rieurs ou ext\u00e9rieurs.\" \/>\n<meta name=\"robots\" content=\"index, follow, max-snippet:-1, max-image-preview:large, max-video-preview:-1\" \/>\n<link rel=\"canonical\" href=\"https:\/\/www.industri-sl.com\/fr\/agricole\/moissonneuses\/\" \/>\n<meta property=\"og:locale\" content=\"fr_FR\" \/>\n<meta property=\"og:type\" content=\"article\" \/>\n<meta property=\"og:title\" content=\"Pi\u00e8ces d\u00e9tach\u00e9es et de rechange sur mesure pour moissonneuses - INDUSTRI\" \/>\n<meta property=\"og:description\" content=\"INDUSTRI con\u00e7oit et fabrique des pi\u00e8ces d\u00e9tach\u00e9es et de rechange sur mesure pour les moissonneuses, depuis les rideaux jusqu\u2019aux r\u00e9troviseurs int\u00e9rieurs ou ext\u00e9rieurs.\" \/>\n<meta property=\"og:url\" content=\"https:\/\/www.industri-sl.com\/fr\/agricole\/moissonneuses\/\" \/>\n<meta property=\"og:site_name\" content=\"Industri SL\" \/>\n<meta property=\"article:modified_time\" content=\"2020-01-28T08:36:56+00:00\" \/>\n<meta property=\"og:image\" content=\"https:\/\/www.industri-sl.com\/wp-content\/uploads\/cosechadora-1-1.jpg\" \/>\n<meta name=\"twitter:card\" content=\"summary_large_image\" \/>\n<meta name=\"twitter:label1\" content=\"Dur\u00e9e de lecture estim\u00e9e\" \/>\n\t<meta name=\"twitter:data1\" content=\"2 minutes\" \/>\n<script type=\"application\/ld+json\" class=\"yoast-schema-graph\">{\"@context\":\"https:\\\/\\\/schema.org\",\"@graph\":[{\"@type\":\"WebPage\",\"@id\":\"https:\\\/\\\/www.industri-sl.com\\\/fr\\\/agricole\\\/moissonneuses\\\/\",\"url\":\"https:\\\/\\\/www.industri-sl.com\\\/fr\\\/agricole\\\/moissonneuses\\\/\",\"name\":\"Pi\u00e8ces d\u00e9tach\u00e9es et de rechange sur mesure pour moissonneuses - INDUSTRI\",\"isPartOf\":{\"@id\":\"https:\\\/\\\/www.industri-sl.com\\\/fr\\\/#website\"},\"primaryImageOfPage\":{\"@id\":\"https:\\\/\\\/www.industri-sl.com\\\/fr\\\/agricole\\\/moissonneuses\\\/#primaryimage\"},\"image\":{\"@id\":\"https:\\\/\\\/www.industri-sl.com\\\/fr\\\/agricole\\\/moissonneuses\\\/#primaryimage\"},\"thumbnailUrl\":\"https:\\\/\\\/www.industri-sl.com\\\/wp-content\\\/uploads\\\/cosechadora-1-1.jpg\",\"datePublished\":\"2019-10-03T09:08:45+00:00\",\"dateModified\":\"2020-01-28T08:36:56+00:00\",\"description\":\"INDUSTRI con\u00e7oit et fabrique des pi\u00e8ces d\u00e9tach\u00e9es et de rechange sur mesure pour les moissonneuses, depuis les rideaux jusqu\u2019aux r\u00e9troviseurs int\u00e9rieurs ou ext\u00e9rieurs.\",\"breadcrumb\":{\"@id\":\"https:\\\/\\\/www.industri-sl.com\\\/fr\\\/agricole\\\/moissonneuses\\\/#breadcrumb\"},\"inLanguage\":\"fr-FR\",\"potentialAction\":[{\"@type\":\"ReadAction\",\"target\":[\"https:\\\/\\\/www.industri-sl.com\\\/fr\\\/agricole\\\/moissonneuses\\\/\"]}]},{\"@type\":\"ImageObject\",\"inLanguage\":\"fr-FR\",\"@id\":\"https:\\\/\\\/www.industri-sl.com\\\/fr\\\/agricole\\\/moissonneuses\\\/#primaryimage\",\"url\":\"https:\\\/\\\/www.industri-sl.com\\\/wp-content\\\/uploads\\\/cosechadora-1-1.jpg\",\"contentUrl\":\"https:\\\/\\\/www.industri-sl.com\\\/wp-content\\\/uploads\\\/cosechadora-1-1.jpg\"},{\"@type\":\"BreadcrumbList\",\"@id\":\"https:\\\/\\\/www.industri-sl.com\\\/fr\\\/agricole\\\/moissonneuses\\\/#breadcrumb\",\"itemListElement\":[{\"@type\":\"ListItem\",\"position\":1,\"name\":\"Inicio\",\"item\":\"https:\\\/\\\/www.industri-sl.com\\\/fr\\\/\"},{\"@type\":\"ListItem\",\"position\":2,\"name\":\"Division agricole\",\"item\":\"https:\\\/\\\/www.industri-sl.com\\\/fr\\\/agricole\\\/\"},{\"@type\":\"ListItem\",\"position\":3,\"name\":\"Fabrication d\u2019accessoires pour moissonneuses\"}]},{\"@type\":\"WebSite\",\"@id\":\"https:\\\/\\\/www.industri-sl.com\\\/fr\\\/#website\",\"url\":\"https:\\\/\\\/www.industri-sl.com\\\/fr\\\/\",\"name\":\"Industri SL\",\"description\":\"\",\"publisher\":{\"@id\":\"https:\\\/\\\/www.industri-sl.com\\\/fr\\\/#organization\"},\"potentialAction\":[{\"@type\":\"SearchAction\",\"target\":{\"@type\":\"EntryPoint\",\"urlTemplate\":\"https:\\\/\\\/www.industri-sl.com\\\/fr\\\/?s={search_term_string}\"},\"query-input\":{\"@type\":\"PropertyValueSpecification\",\"valueRequired\":true,\"valueName\":\"search_term_string\"}}],\"inLanguage\":\"fr-FR\"},{\"@type\":\"Organization\",\"@id\":\"https:\\\/\\\/www.industri-sl.com\\\/fr\\\/#organization\",\"name\":\"Industri SL\",\"url\":\"https:\\\/\\\/www.industri-sl.com\\\/fr\\\/\",\"logo\":{\"@type\":\"ImageObject\",\"inLanguage\":\"fr-FR\",\"@id\":\"https:\\\/\\\/www.industri-sl.com\\\/fr\\\/#\\\/schema\\\/logo\\\/image\\\/\",\"url\":\"https:\\\/\\\/www.industri-sl.com\\\/wp-content\\\/uploads\\\/industri-logo.png\",\"contentUrl\":\"https:\\\/\\\/www.industri-sl.com\\\/wp-content\\\/uploads\\\/industri-logo.png\",\"width\":248,\"height\":45,\"caption\":\"Industri SL\"},\"image\":{\"@id\":\"https:\\\/\\\/www.industri-sl.com\\\/fr\\\/#\\\/schema\\\/logo\\\/image\\\/\"}}]}<\/script>\n<!-- \/ Yoast SEO plugin. -->","yoast_head_json":{"title":"Pi\u00e8ces d\u00e9tach\u00e9es et de rechange sur mesure pour moissonneuses - INDUSTRI","description":"INDUSTRI con\u00e7oit et fabrique des pi\u00e8ces d\u00e9tach\u00e9es et de rechange sur mesure pour les moissonneuses, depuis les rideaux jusqu\u2019aux r\u00e9troviseurs int\u00e9rieurs ou ext\u00e9rieurs.","robots":{"index":"index","follow":"follow","max-snippet":"max-snippet:-1","max-image-preview":"max-image-preview:large","max-video-preview":"max-video-preview:-1"},"canonical":"https:\/\/www.industri-sl.com\/fr\/agricole\/moissonneuses\/","og_locale":"fr_FR","og_type":"article","og_title":"Pi\u00e8ces d\u00e9tach\u00e9es et de rechange sur mesure pour moissonneuses - INDUSTRI","og_description":"INDUSTRI con\u00e7oit et fabrique des pi\u00e8ces d\u00e9tach\u00e9es et de rechange sur mesure pour les moissonneuses, depuis les rideaux jusqu\u2019aux r\u00e9troviseurs int\u00e9rieurs ou ext\u00e9rieurs.","og_url":"https:\/\/www.industri-sl.com\/fr\/agricole\/moissonneuses\/","og_site_name":"Industri SL","article_modified_time":"2020-01-28T08:36:56+00:00","og_image":[{"url":"https:\/\/www.industri-sl.com\/wp-content\/uploads\/cosechadora-1-1.jpg","type":"","width":"","height":""}],"twitter_card":"summary_large_image","twitter_misc":{"Dur\u00e9e de lecture estim\u00e9e":"2 minutes"},"schema":{"@context":"https:\/\/schema.org","@graph":[{"@type":"WebPage","@id":"https:\/\/www.industri-sl.com\/fr\/agricole\/moissonneuses\/","url":"https:\/\/www.industri-sl.com\/fr\/agricole\/moissonneuses\/","name":"Pi\u00e8ces d\u00e9tach\u00e9es et de rechange sur mesure pour moissonneuses - INDUSTRI","isPartOf":{"@id":"https:\/\/www.industri-sl.com\/fr\/#website"},"primaryImageOfPage":{"@id":"https:\/\/www.industri-sl.com\/fr\/agricole\/moissonneuses\/#primaryimage"},"image":{"@id":"https:\/\/www.industri-sl.com\/fr\/agricole\/moissonneuses\/#primaryimage"},"thumbnailUrl":"https:\/\/www.industri-sl.com\/wp-content\/uploads\/cosechadora-1-1.jpg","datePublished":"2019-10-03T09:08:45+00:00","dateModified":"2020-01-28T08:36:56+00:00","description":"INDUSTRI con\u00e7oit et fabrique des pi\u00e8ces d\u00e9tach\u00e9es et de rechange sur mesure pour les moissonneuses, depuis les rideaux jusqu\u2019aux r\u00e9troviseurs int\u00e9rieurs ou ext\u00e9rieurs.","breadcrumb":{"@id":"https:\/\/www.industri-sl.com\/fr\/agricole\/moissonneuses\/#breadcrumb"},"inLanguage":"fr-FR","potentialAction":[{"@type":"ReadAction","target":["https:\/\/www.industri-sl.com\/fr\/agricole\/moissonneuses\/"]}]},{"@type":"ImageObject","inLanguage":"fr-FR","@id":"https:\/\/www.industri-sl.com\/fr\/agricole\/moissonneuses\/#primaryimage","url":"https:\/\/www.industri-sl.com\/wp-content\/uploads\/cosechadora-1-1.jpg","contentUrl":"https:\/\/www.industri-sl.com\/wp-content\/uploads\/cosechadora-1-1.jpg"},{"@type":"BreadcrumbList","@id":"https:\/\/www.industri-sl.com\/fr\/agricole\/moissonneuses\/#breadcrumb","itemListElement":[{"@type":"ListItem","position":1,"name":"Inicio","item":"https:\/\/www.industri-sl.com\/fr\/"},{"@type":"ListItem","position":2,"name":"Division agricole","item":"https:\/\/www.industri-sl.com\/fr\/agricole\/"},{"@type":"ListItem","position":3,"name":"Fabrication d\u2019accessoires pour moissonneuses"}]},{"@type":"WebSite","@id":"https:\/\/www.industri-sl.com\/fr\/#website","url":"https:\/\/www.industri-sl.com\/fr\/","name":"Industri SL","description":"","publisher":{"@id":"https:\/\/www.industri-sl.com\/fr\/#organization"},"potentialAction":[{"@type":"SearchAction","target":{"@type":"EntryPoint","urlTemplate":"https:\/\/www.industri-sl.com\/fr\/?s={search_term_string}"},"query-input":{"@type":"PropertyValueSpecification","valueRequired":true,"valueName":"search_term_string"}}],"inLanguage":"fr-FR"},{"@type":"Organization","@id":"https:\/\/www.industri-sl.com\/fr\/#organization","name":"Industri SL","url":"https:\/\/www.industri-sl.com\/fr\/","logo":{"@type":"ImageObject","inLanguage":"fr-FR","@id":"https:\/\/www.industri-sl.com\/fr\/#\/schema\/logo\/image\/","url":"https:\/\/www.industri-sl.com\/wp-content\/uploads\/industri-logo.png","contentUrl":"https:\/\/www.industri-sl.com\/wp-content\/uploads\/industri-logo.png","width":248,"height":45,"caption":"Industri SL"},"image":{"@id":"https:\/\/www.industri-sl.com\/fr\/#\/schema\/logo\/image\/"}}]}},"_links":{"self":[{"href":"https:\/\/www.industri-sl.com\/fr\/wp-json\/wp\/v2\/pages\/9159","targetHints":{"allow":["GET"]}}],"collection":[{"href":"https:\/\/www.industri-sl.com\/fr\/wp-json\/wp\/v2\/pages"}],"about":[{"href":"https:\/\/www.industri-sl.com\/fr\/wp-json\/wp\/v2\/types\/page"}],"author":[{"embeddable":true,"href":"https:\/\/www.industri-sl.com\/fr\/wp-json\/wp\/v2\/users\/3"}],"replies":[{"embeddable":true,"href":"https:\/\/www.industri-sl.com\/fr\/wp-json\/wp\/v2\/comments?post=9159"}],"version-history":[{"count":0,"href":"https:\/\/www.industri-sl.com\/fr\/wp-json\/wp\/v2\/pages\/9159\/revisions"}],"up":[{"embeddable":true,"href":"https:\/\/www.industri-sl.com\/fr\/wp-json\/wp\/v2\/pages\/9157"}],"wp:attachment":[{"href":"https:\/\/www.industri-sl.com\/fr\/wp-json\/wp\/v2\/media?parent=9159"}],"curies":[{"name":"wp","href":"https:\/\/api.w.org\/{rel}","templated":true}]}}