{"id":9157,"date":"2019-10-03T10:20:19","date_gmt":"2019-10-03T08:20:19","guid":{"rendered":"https:\/\/www.industri-sl.com\/agricola\/"},"modified":"2020-01-28T11:00:24","modified_gmt":"2020-01-28T10:00:24","slug":"agricole","status":"publish","type":"page","link":"https:\/\/www.industri-sl.com\/fr\/agricole\/","title":{"rendered":"Division agricole"},"content":{"rendered":"<h1>Division agricole<\/h1>\n<p>INDUSTRI poss\u00e8de <strong>plus de 60 ans<\/strong> d\u2019exp\u00e9rience en conception et fabrication de pi\u00e8ces d\u00e9tach\u00e9es et de rechange sur mesure pour le secteur agricole.<\/p>\n<p>Nous concevons, prototypons et fabriquons des rideaux m\u00e9caniques et \u00e9lectriques, ainsi que des r\u00e9troviseurs int\u00e9rieurs et ext\u00e9rieurs pour tout type de v\u00e9hicules agricoles, tels que tracteurs, remorques ou moissonneuses. <\/p>\n<p>Notre \u00e9quipe d\u2019ing\u00e9nieurs peut adapter n\u2019importe quel accessoire aux sp\u00e9cificit\u00e9s techniques du projet ou d\u00e9velopper la pi\u00e8ce dans son int\u00e9gralit\u00e9. <\/p>\n<h4>Notre offre<\/h4>\n<div><a class=\"boton\" href=\"#primary\">FABRICATION SUR MESURE<\/a> <a class=\"boton\" href=\"#servicios-ingenieria\">SERVICES D\u2019ING\u00c9NIERIE<\/a><\/div>\n","protected":false},"excerpt":{"rendered":"<p>Division agricole INDUSTRI poss\u00e8de plus de 60 ans d\u2019exp\u00e9rience en conception et fabrication de pi\u00e8ces d\u00e9tach\u00e9es et de rechange sur mesure pour le secteur agricole. Nous concevons, prototypons et fabriquons des rideaux m\u00e9caniques et \u00e9lectriques, ainsi que des r\u00e9troviseurs int\u00e9rieurs et ext\u00e9rieurs pour tout type de v\u00e9hicules agricoles, tels que tracteurs, remorques ou moissonneuses. Notre [&hellip;]<\/p>\n","protected":false},"author":3,"featured_media":304,"parent":0,"menu_order":0,"comment_status":"closed","ping_status":"closed","template":"page-agricola.php","meta":{"footnotes":""},"class_list":["post-9157","page","type-page","status-publish","has-post-thumbnail","hentry"],"yoast_head":"<!-- This site is optimized with the Yoast SEO plugin v27.2 - https:\/\/yoast.com\/product\/yoast-seo-wordpress\/ -->\n<title>Division Agricole - INDUSTRI<\/title>\n<meta name=\"description\" content=\"Nous poss\u00e9dons plus de 60 ans d\u2019exp\u00e9rience dans la conception et la fabrication de pi\u00e8ces sur mesure pour les v\u00e9hicules agricoles, tels que tracteurs ou moissonneuses, entre autres.\" \/>\n<meta name=\"robots\" content=\"index, follow, max-snippet:-1, max-image-preview:large, max-video-preview:-1\" \/>\n<link rel=\"canonical\" href=\"https:\/\/www.industri-sl.com\/fr\/agricole\/\" \/>\n<meta property=\"og:locale\" content=\"fr_FR\" \/>\n<meta property=\"og:type\" content=\"article\" \/>\n<meta property=\"og:title\" content=\"Division Agricole - INDUSTRI\" \/>\n<meta property=\"og:description\" content=\"Nous poss\u00e9dons plus de 60 ans d\u2019exp\u00e9rience dans la conception et la fabrication de pi\u00e8ces sur mesure pour les v\u00e9hicules agricoles, tels que tracteurs ou moissonneuses, entre autres.\" \/>\n<meta property=\"og:url\" content=\"https:\/\/www.industri-sl.com\/fr\/agricole\/\" \/>\n<meta property=\"og:site_name\" content=\"Industri SL\" \/>\n<meta property=\"article:modified_time\" content=\"2020-01-28T10:00:24+00:00\" \/>\n<meta property=\"og:image\" content=\"https:\/\/www.industri-sl.com\/wp-content\/uploads\/cortinas-tractores-1.jpg\" \/>\n\t<meta property=\"og:image:width\" content=\"1920\" \/>\n\t<meta property=\"og:image:height\" content=\"247\" \/>\n\t<meta property=\"og:image:type\" content=\"image\/jpeg\" \/>\n<meta name=\"twitter:card\" content=\"summary_large_image\" \/>\n<meta name=\"twitter:label1\" content=\"Dur\u00e9e de lecture estim\u00e9e\" \/>\n\t<meta name=\"twitter:data1\" content=\"1 minute\" \/>\n<script type=\"application\/ld+json\" class=\"yoast-schema-graph\">{\"@context\":\"https:\/\/schema.org\",\"@graph\":[{\"@type\":\"WebPage\",\"@id\":\"https:\/\/www.industri-sl.com\/fr\/agricole\/\",\"url\":\"https:\/\/www.industri-sl.com\/fr\/agricole\/\",\"name\":\"Division Agricole - INDUSTRI\",\"isPartOf\":{\"@id\":\"https:\/\/www.industri-sl.com\/fr\/#website\"},\"primaryImageOfPage\":{\"@id\":\"https:\/\/www.industri-sl.com\/fr\/agricole\/#primaryimage\"},\"image\":{\"@id\":\"https:\/\/www.industri-sl.com\/fr\/agricole\/#primaryimage\"},\"thumbnailUrl\":\"https:\/\/www.industri-sl.com\/wp-content\/uploads\/cortinas-tractores-1.jpg\",\"datePublished\":\"2019-10-03T08:20:19+00:00\",\"dateModified\":\"2020-01-28T10:00:24+00:00\",\"description\":\"Nous poss\u00e9dons plus de 60 ans d\u2019exp\u00e9rience dans la conception et la fabrication de pi\u00e8ces sur mesure pour les v\u00e9hicules agricoles, tels que tracteurs ou moissonneuses, entre autres.\",\"breadcrumb\":{\"@id\":\"https:\/\/www.industri-sl.com\/fr\/agricole\/#breadcrumb\"},\"inLanguage\":\"fr-FR\",\"potentialAction\":[{\"@type\":\"ReadAction\",\"target\":[\"https:\/\/www.industri-sl.com\/fr\/agricole\/\"]}]},{\"@type\":\"ImageObject\",\"inLanguage\":\"fr-FR\",\"@id\":\"https:\/\/www.industri-sl.com\/fr\/agricole\/#primaryimage\",\"url\":\"https:\/\/www.industri-sl.com\/wp-content\/uploads\/cortinas-tractores-1.jpg\",\"contentUrl\":\"https:\/\/www.industri-sl.com\/wp-content\/uploads\/cortinas-tractores-1.jpg\",\"width\":1920,\"height\":247,\"caption\":\"Cortinas para tractore\"},{\"@type\":\"BreadcrumbList\",\"@id\":\"https:\/\/www.industri-sl.com\/fr\/agricole\/#breadcrumb\",\"itemListElement\":[{\"@type\":\"ListItem\",\"position\":1,\"name\":\"Inicio\",\"item\":\"https:\/\/www.industri-sl.com\/fr\/\"},{\"@type\":\"ListItem\",\"position\":2,\"name\":\"Division agricole\"}]},{\"@type\":\"WebSite\",\"@id\":\"https:\/\/www.industri-sl.com\/fr\/#website\",\"url\":\"https:\/\/www.industri-sl.com\/fr\/\",\"name\":\"Industri SL\",\"description\":\"\",\"publisher\":{\"@id\":\"https:\/\/www.industri-sl.com\/fr\/#organization\"},\"potentialAction\":[{\"@type\":\"SearchAction\",\"target\":{\"@type\":\"EntryPoint\",\"urlTemplate\":\"https:\/\/www.industri-sl.com\/fr\/?s={search_term_string}\"},\"query-input\":{\"@type\":\"PropertyValueSpecification\",\"valueRequired\":true,\"valueName\":\"search_term_string\"}}],\"inLanguage\":\"fr-FR\"},{\"@type\":\"Organization\",\"@id\":\"https:\/\/www.industri-sl.com\/fr\/#organization\",\"name\":\"Industri SL\",\"url\":\"https:\/\/www.industri-sl.com\/fr\/\",\"logo\":{\"@type\":\"ImageObject\",\"inLanguage\":\"fr-FR\",\"@id\":\"https:\/\/www.industri-sl.com\/fr\/#\/schema\/logo\/image\/\",\"url\":\"https:\/\/www.industri-sl.com\/wp-content\/uploads\/industri-logo.png\",\"contentUrl\":\"https:\/\/www.industri-sl.com\/wp-content\/uploads\/industri-logo.png\",\"width\":248,\"height\":45,\"caption\":\"Industri SL\"},\"image\":{\"@id\":\"https:\/\/www.industri-sl.com\/fr\/#\/schema\/logo\/image\/\"}}]}<\/script>\n<!-- \/ Yoast SEO plugin. -->","yoast_head_json":{"title":"Division Agricole - INDUSTRI","description":"Nous poss\u00e9dons plus de 60 ans d\u2019exp\u00e9rience dans la conception et la fabrication de pi\u00e8ces sur mesure pour les v\u00e9hicules agricoles, tels que tracteurs ou moissonneuses, entre autres.","robots":{"index":"index","follow":"follow","max-snippet":"max-snippet:-1","max-image-preview":"max-image-preview:large","max-video-preview":"max-video-preview:-1"},"canonical":"https:\/\/www.industri-sl.com\/fr\/agricole\/","og_locale":"fr_FR","og_type":"article","og_title":"Division Agricole - INDUSTRI","og_description":"Nous poss\u00e9dons plus de 60 ans d\u2019exp\u00e9rience dans la conception et la fabrication de pi\u00e8ces sur mesure pour les v\u00e9hicules agricoles, tels que tracteurs ou moissonneuses, entre autres.","og_url":"https:\/\/www.industri-sl.com\/fr\/agricole\/","og_site_name":"Industri SL","article_modified_time":"2020-01-28T10:00:24+00:00","og_image":[{"width":1920,"height":247,"url":"https:\/\/www.industri-sl.com\/wp-content\/uploads\/cortinas-tractores-1.jpg","type":"image\/jpeg"}],"twitter_card":"summary_large_image","twitter_misc":{"Dur\u00e9e de lecture estim\u00e9e":"1 minute"},"schema":{"@context":"https:\/\/schema.org","@graph":[{"@type":"WebPage","@id":"https:\/\/www.industri-sl.com\/fr\/agricole\/","url":"https:\/\/www.industri-sl.com\/fr\/agricole\/","name":"Division Agricole - INDUSTRI","isPartOf":{"@id":"https:\/\/www.industri-sl.com\/fr\/#website"},"primaryImageOfPage":{"@id":"https:\/\/www.industri-sl.com\/fr\/agricole\/#primaryimage"},"image":{"@id":"https:\/\/www.industri-sl.com\/fr\/agricole\/#primaryimage"},"thumbnailUrl":"https:\/\/www.industri-sl.com\/wp-content\/uploads\/cortinas-tractores-1.jpg","datePublished":"2019-10-03T08:20:19+00:00","dateModified":"2020-01-28T10:00:24+00:00","description":"Nous poss\u00e9dons plus de 60 ans d\u2019exp\u00e9rience dans la conception et la fabrication de pi\u00e8ces sur mesure pour les v\u00e9hicules agricoles, tels que tracteurs ou moissonneuses, entre autres.","breadcrumb":{"@id":"https:\/\/www.industri-sl.com\/fr\/agricole\/#breadcrumb"},"inLanguage":"fr-FR","potentialAction":[{"@type":"ReadAction","target":["https:\/\/www.industri-sl.com\/fr\/agricole\/"]}]},{"@type":"ImageObject","inLanguage":"fr-FR","@id":"https:\/\/www.industri-sl.com\/fr\/agricole\/#primaryimage","url":"https:\/\/www.industri-sl.com\/wp-content\/uploads\/cortinas-tractores-1.jpg","contentUrl":"https:\/\/www.industri-sl.com\/wp-content\/uploads\/cortinas-tractores-1.jpg","width":1920,"height":247,"caption":"Cortinas para tractore"},{"@type":"BreadcrumbList","@id":"https:\/\/www.industri-sl.com\/fr\/agricole\/#breadcrumb","itemListElement":[{"@type":"ListItem","position":1,"name":"Inicio","item":"https:\/\/www.industri-sl.com\/fr\/"},{"@type":"ListItem","position":2,"name":"Division agricole"}]},{"@type":"WebSite","@id":"https:\/\/www.industri-sl.com\/fr\/#website","url":"https:\/\/www.industri-sl.com\/fr\/","name":"Industri SL","description":"","publisher":{"@id":"https:\/\/www.industri-sl.com\/fr\/#organization"},"potentialAction":[{"@type":"SearchAction","target":{"@type":"EntryPoint","urlTemplate":"https:\/\/www.industri-sl.com\/fr\/?s={search_term_string}"},"query-input":{"@type":"PropertyValueSpecification","valueRequired":true,"valueName":"search_term_string"}}],"inLanguage":"fr-FR"},{"@type":"Organization","@id":"https:\/\/www.industri-sl.com\/fr\/#organization","name":"Industri SL","url":"https:\/\/www.industri-sl.com\/fr\/","logo":{"@type":"ImageObject","inLanguage":"fr-FR","@id":"https:\/\/www.industri-sl.com\/fr\/#\/schema\/logo\/image\/","url":"https:\/\/www.industri-sl.com\/wp-content\/uploads\/industri-logo.png","contentUrl":"https:\/\/www.industri-sl.com\/wp-content\/uploads\/industri-logo.png","width":248,"height":45,"caption":"Industri SL"},"image":{"@id":"https:\/\/www.industri-sl.com\/fr\/#\/schema\/logo\/image\/"}}]}},"_links":{"self":[{"href":"https:\/\/www.industri-sl.com\/fr\/wp-json\/wp\/v2\/pages\/9157","targetHints":{"allow":["GET"]}}],"collection":[{"href":"https:\/\/www.industri-sl.com\/fr\/wp-json\/wp\/v2\/pages"}],"about":[{"href":"https:\/\/www.industri-sl.com\/fr\/wp-json\/wp\/v2\/types\/page"}],"author":[{"embeddable":true,"href":"https:\/\/www.industri-sl.com\/fr\/wp-json\/wp\/v2\/users\/3"}],"replies":[{"embeddable":true,"href":"https:\/\/www.industri-sl.com\/fr\/wp-json\/wp\/v2\/comments?post=9157"}],"version-history":[{"count":0,"href":"https:\/\/www.industri-sl.com\/fr\/wp-json\/wp\/v2\/pages\/9157\/revisions"}],"wp:featuredmedia":[{"embeddable":true,"href":"https:\/\/www.industri-sl.com\/fr\/wp-json\/wp\/v2\/media\/304"}],"wp:attachment":[{"href":"https:\/\/www.industri-sl.com\/fr\/wp-json\/wp\/v2\/media?parent=9157"}],"curies":[{"name":"wp","href":"https:\/\/api.w.org\/{rel}","templated":true}]}}