{"id":11645,"date":"2021-04-28T09:44:57","date_gmt":"2021-04-28T07:44:57","guid":{"rendered":"https:\/\/www.industri-sl.com\/impresion-3d\/"},"modified":"2021-10-01T14:25:04","modified_gmt":"2021-10-01T12:25:04","slug":"impresion-3d","status":"publish","type":"page","link":"https:\/\/www.industri-sl.com\/fr\/impresion-3d\/","title":{"rendered":"Impression 3D"},"content":{"rendered":"<div class=\"flex impresion\" style=\"margin: 50px 0;\">\n<div style=\"width: 40%;\">\n<h2>SERVICE D&rsquo;IMPRESSION 3D<\/h2>\n<p>En tant que sp\u00e9cialistes de la fabrication sur mesure, nous disposons \u00e0 INDUSTRI d\u2019un service d\u2019impression 3D industriel qui nous permet d\u2019offrir un service int\u00e9gral, <strong>depuis la phase de conception jusqu\u2019\u00e0 la production de prototypes fonctionnels et de pi\u00e8ces sur mesure<\/strong>, ainsi que de petites et moyennes s\u00e9ries.<\/p>\n<p><a class=\"boton sin\" href=\"#formulario\">&gt; Demandez conseil sans obligation<\/a><\/p>\n<\/div>\n<div style=\"width: 50%;  text-align: center;\"><iframe loading=\"lazy\" width=\"560\" height=\"315\" src=\"https:\/\/www.youtube-nocookie.com\/embed\/4AcnJCifpSI?rel=0\" title=\"YouTube video player\" frameborder=\"0\" allow=\"accelerometer; autoplay; clipboard-write; encrypted-media; gyroscope; picture-in-picture\" allowfullscreen><\/iframe><\/div>\n<\/div>\n<div class=\"flex cont-grey\" style=\"margin: 0px;\">\n<div>\n<h2>Les avantages de l\u2019impression 3D<\/h2>\n<\/div>\n<\/div>\n<div class=\"flex cont-grey impresion impr-beneficios\" style=\"margin: 0px; justify-content: normal;\">\n<div><img decoding=\"async\" src=\"https:\/\/www.industri-sl.com\/wp-content\/uploads\/imagen-fabricacion-precision.jpg\" \/><\/div>\n<div style=\"width: 50%;\">\n<h3><img decoding=\"async\" src=\"https:\/\/www.industri-sl.com\/wp-content\/uploads\/bullet-beneficios.png\" \/>Fabrication de pr\u00e9cision<\/h3>\n<p>Gr\u00e2ce \u00e0 la fabrication additive, <strong>nous pouvons cr\u00e9er avec une grande pr\u00e9cision des mod\u00e8les complexes en 3D<\/strong>, que nous pouvons \u00e9galement doter de propri\u00e9t\u00e9s m\u00e9caniques et thermiques isotropes. Nous fabriquons des prototypes et des pi\u00e8ces de qualit\u00e9 optimale et compl\u00e8tement fonctionnels.<\/p>\n<\/div>\n<\/div>\n<div class=\"flex cont-grey impresion impr-beneficios\" style=\"margin: 0px; justify-content: normal;\">\n<div><img decoding=\"async\" src=\"https:\/\/www.industri-sl.com\/wp-content\/uploads\/imagen-impresiona-3d-color.jpg\" \/><\/div>\n<div style=\"width: 50%;\">\n<h3><img decoding=\"async\" src=\"https:\/\/www.industri-sl.com\/wp-content\/uploads\/bullet-beneficios.png\" \/>Impression 3D en couleur<\/h3>\n<p>Pour pr\u00eater un service enti\u00e8rement sur mesure, INDUSTRI offre la <strong>possibilit\u00e9 de r\u00e9aliser des impressions 3D en couleur ou en noir et blanc.<\/strong> Ajoutez de la couleur et obtenez un aper\u00e7u clair du r\u00e9sultat final de la pi\u00e8ce.<\/p>\n<\/div>\n<\/div>\n<div class=\"flex cont-grey impresion impr-beneficios\" style=\"margin: 0px; justify-content: normal;\">\n<div><img decoding=\"async\" src=\"https:\/\/www.industri-sl.com\/wp-content\/uploads\/imagen-aceleracion-procesos.jpg\" \/><\/div>\n<div style=\"width: 50%;\">\n<h3><img decoding=\"async\" src=\"https:\/\/www.industri-sl.com\/wp-content\/uploads\/bullet-beneficios.png\" \/> Acc\u00e9l\u00e9ration des processus<\/h3>\n<p><strong>Gr\u00e2ce \u00e0 l\u2019impression 3D, les processus de fabrication s\u2019acc\u00e9l\u00e8rent, que ce soit pour les prototypes ou la production en s\u00e9rie.<\/strong> En quelques heures, nous cr\u00e9ons un prototype ou une pi\u00e8ce fonctionnelle, dont nous pouvons rapidement fabriquer diff\u00e9rentes versions.<\/p>\n<\/div>\n<\/div>\n<div class=\"flex cont-white\" style=\"margin: 0px;\">\n<div>\n<h2>Nos services d\u2019impression 3D<\/h2>\n<\/div>\n<\/div>\n<div class=\"flex cont-white impresion impr-beneficios\" style=\"margin: 0px; justify-content: normal;\">\n<div><img decoding=\"async\" src=\"https:\/\/www.industri-sl.com\/wp-content\/uploads\/creacion-rapida-prototipos.jpg\" \/><\/div>\n<div style=\"width: 50%;\">\n<h3><img decoding=\"async\" src=\"https:\/\/www.industri-sl.com\/wp-content\/uploads\/bullet-beneficios.png\" \/>Cr\u00e9ation rapide de prototypes<\/h3>\n<p>Impression de prototypes en 3D pour \u00e9valuer l\u2019apparence, l\u2019ergonomie et l\u2019utilisation de la pi\u00e8ce ou du produit avant sa fabrication.<\/p>\n<\/div>\n<\/div>\n<div class=\"flex cont-white impresion impr-beneficios\" style=\"margin: 0px; justify-content: normal;\">\n<div><img decoding=\"async\" src=\"https:\/\/www.industri-sl.com\/wp-content\/uploads\/facbricacion-tiradas-cortas.jpg\" \/><\/div>\n<div style=\"width: 50%;\">\n<h3><img decoding=\"async\" src=\"https:\/\/www.industri-sl.com\/wp-content\/uploads\/bullet-beneficios.png\" \/>Fabrication de s\u00e9ries courtes<\/h3>\n<p>Lancez rapidement la production et la fabrication de pi\u00e8ces tant que le moule est encore en cours de fabrication, afin de r\u00e9duire les co\u00fbts r\u00e9sultant de l\u2019attente.<\/p>\n<\/div>\n<\/div>\n<div class=\"flex cont-white impresion impr-beneficios\" style=\"margin: 0px; justify-content: normal;\">\n<div><img decoding=\"async\" src=\"https:\/\/www.industri-sl.com\/wp-content\/uploads\/modelos-apariencia.jpg\" \/><\/div>\n<div style=\"width: 50%;\">\n<h3><img decoding=\"async\" src=\"https:\/\/www.industri-sl.com\/wp-content\/uploads\/bullet-beneficios.png\" \/>Prototypes d\u2019apparence<\/h3>\n<p>Les prototypes d\u2019apparence permettent de voir, toucher et \u00e9valuer le mod\u00e8le dans sa forme physique r\u00e9elle. Ces prototypes permettent aussi bien de v\u00e9rifier le design et la conception de la pi\u00e8ce ou du produit que de tester son rendement et sa r\u00e9sistance dans des conditions simul\u00e9es.\n<\/p><\/div>\n<\/div>\n<div class=\"flex cont-grey impresion impr-tecnologia\" style=\"margin: 50px 0;\">\n<div style=\"width: 50%;\">\n<h2>Une technologie innovante : Multi Jet Fusion<\/h2>\n<p><strong>Nous utilisons la technologie la plus moderne en impression 3D pour offrir un service complet et de la meilleure qualit\u00e9.<\/strong> Ainsi, nous avons incorpor\u00e9 \u00e0 nos outils de production des imprimantes HP Vulcan 580 avec syst\u00e8me Multi Jet Fusion, id\u00e9ales pour le prototypage rapide.<\/p>\n<p><strong>La technologie Multi Jet Fusion fonctionne au moyen d\u2019une t\u00eate d\u2019impression qui expulse un liquide conducteur de chaleur, appel\u00e9 agent de fusion, sur une couche de poudre.<\/strong> Imm\u00e9diatement apr\u00e8s l\u2019impression, on applique une lumi\u00e8re infrarouge qui agit comme source de chaleur. La poudre des sections qui contiennent l\u2019agent de fusion se chauffe mieux que la poudre sans agent, alors elle fond et on obtient ainsi la pi\u00e8ce finale.<\/p>\n<p><a class=\"boton sin\" href=\"#formulario\">&gt; Plus d&rsquo;informations<\/a><\/p>\n<\/div>\n<div style=\"width: 50%; text-align: center;\"><img decoding=\"async\" src=\"https:\/\/www.industri-sl.com\/wp-content\/uploads\/imagen-tecnologia-innovadora.jpg\" \/><\/div>\n<\/div>\n<div class=\"flex impresion\" style=\"margin: 50px 0;\">\n<div style=\"width: 50%;\">\n<h2>Les mat\u00e9riaux<\/h2>\n<p>Le polyamide 12, \u00e9galement connu sous le nom de PA 12 ou Nylon 12, est un polym\u00e8re d\u2019usage courant <strong>connu pour sa stabilit\u00e9, sa r\u00e9sistance \u00e0 la traction, sa r\u00e9sistance aux chocs et sa grande capacit\u00e9 de flexion. Le PA 12 a \u00e9t\u00e9 utilis\u00e9 pendant longtemps pour la fabrication de moules pour l\u2019injection de plastique en raison de ses propri\u00e9t\u00e9s m\u00e9caniques.<\/strong> Et plus r\u00e9cemment, le PA 12 a \u00e9t\u00e9 adopt\u00e9 comme mat\u00e9riau d\u2019usage courant dans les processus de fabrication additive pour la cr\u00e9ation de pi\u00e8ces fonctionnelles et de prototypes.<\/p>\n<p>Le Polyamide 12 est une poudre autoportante, autrement dit ne n\u00e9cessitant pas de structures de support, <strong>qui constitue une option id\u00e9ale aussi bien pour des prototypes compl\u00e8tement fonctionnels que pour des pi\u00e8ces destin\u00e9es \u00e0 leur utilisation finale.<\/strong> Ce mat\u00e9riau permet aussi par ailleurs d\u2019obtenir des r\u00e9sultats avec des textures rugueuses, des estampages, des gravures ou des \u00e9tiquettes.<\/p>\n<\/div>\n<div style=\"width: 50%; text-align: center;\"><img decoding=\"async\" src=\"https:\/\/www.industri-sl.com\/wp-content\/uploads\/imagen-materiales.jpg\" \/><\/div>\n<\/div>\n<h2>Secteurs<\/h2>\n<p>INDUSTRI pr\u00eate ses services d\u2019impression 3D \u00e0 de nombreux secteurs:<\/p>\n<div class=\"flex impresion-sectores\">\n<div><img decoding=\"async\" src=\"https:\/\/www.industri-sl.com\/wp-content\/uploads\/imagen-fabricante-ferrocarriles-frances.jpg\" \/><\/div>\n<div><img decoding=\"async\" src=\"https:\/\/www.industri-sl.com\/wp-content\/uploads\/imagen-autobuses-autocares-frances.jpg\" \/><\/div>\n<div><img decoding=\"async\" src=\"https:\/\/www.industri-sl.com\/wp-content\/uploads\/imagen-camiones-frances.jpg\" \/><\/div>\n<\/div>\n<div class=\"flex impresion-sectores\">\n<div><img decoding=\"async\" src=\"https:\/\/www.industri-sl.com\/wp-content\/uploads\/imagen-vehiculos-urbanos-frances.jpg\" \/><\/div>\n<div><img decoding=\"async\" src=\"https:\/\/www.industri-sl.com\/wp-content\/uploads\/imagen-vehiculos-especiales-frances.jpg\" \/><\/div>\n<div><img decoding=\"async\" src=\"https:\/\/www.industri-sl.com\/wp-content\/uploads\/imagen-maquinaria-agricola-frances.jpg\" \/><\/div>\n<\/div>\n<div class=\"contact-section tren-contact\">\n<div id=\"formulario\">\n<h2>CONTACTEZ-NOUR OU DEMANDEZ-NOUS UN DEVIS<\/h2>\n<p>Demandez conseil sans obligation<\/p>\n\n<div class=\"wpcf7 no-js\" id=\"wpcf7-f9790-o1\" lang=\"fr-FR\" dir=\"ltr\" data-wpcf7-id=\"9790\">\n<div class=\"screen-reader-response\"><p role=\"status\" aria-live=\"polite\" aria-atomic=\"true\"><\/p> <ul><\/ul><\/div>\n<form action=\"\/fr\/wp-json\/wp\/v2\/pages\/11645#wpcf7-f9790-o1\" method=\"post\" class=\"wpcf7-form init wpcf7-acceptance-as-validation\" aria-label=\"Formulaire de contact\" novalidate=\"novalidate\" data-status=\"init\">\n<fieldset class=\"hidden-fields-container\"><input type=\"hidden\" name=\"_wpcf7\" value=\"9790\" \/><input type=\"hidden\" name=\"_wpcf7_version\" value=\"6.1.5\" \/><input type=\"hidden\" name=\"_wpcf7_locale\" value=\"fr_FR\" \/><input type=\"hidden\" name=\"_wpcf7_unit_tag\" value=\"wpcf7-f9790-o1\" \/><input type=\"hidden\" name=\"_wpcf7_container_post\" value=\"0\" \/><input type=\"hidden\" name=\"_wpcf7_posted_data_hash\" value=\"\" \/><input type=\"hidden\" name=\"_wpcf7_recaptcha_response\" value=\"\" \/>\n<\/fieldset>\n<div class=\"flex\">\n\t<div class=\"col-2\">\n\t\t<p><label> Nom*<br \/>\n<span class=\"wpcf7-form-control-wrap\" data-name=\"nombre\"><input size=\"40\" maxlength=\"400\" class=\"wpcf7-form-control wpcf7-text wpcf7-validates-as-required\" aria-required=\"true\" aria-invalid=\"false\" value=\"\" type=\"text\" name=\"nombre\" \/><\/span> <\/label>\n\t\t<\/p>\n\t<\/div>\n\t<div class=\"col-2\">\n\t\t<p><label> Courrier \u00e9lectronique*<br \/>\n<span class=\"wpcf7-form-control-wrap\" data-name=\"correo\"><input size=\"40\" maxlength=\"400\" class=\"wpcf7-form-control wpcf7-email wpcf7-validates-as-required wpcf7-text wpcf7-validates-as-email\" aria-required=\"true\" aria-invalid=\"false\" value=\"\" type=\"email\" name=\"correo\" \/><\/span> <\/label>\n\t\t<\/p>\n\t<\/div>\n<\/div>\n<div class=\"flex\">\n\t<div class=\"col-2\">\n\t\t<p><label> Entreprise*<br \/>\n<span class=\"wpcf7-form-control-wrap\" data-name=\"empresa\"><input size=\"40\" maxlength=\"400\" class=\"wpcf7-form-control wpcf7-text wpcf7-validates-as-required\" aria-required=\"true\" aria-invalid=\"false\" value=\"\" type=\"text\" name=\"empresa\" \/><\/span> <\/label>\n\t\t<\/p>\n\t<\/div>\n\t<div class=\"col-2\">\n\t\t<p><label> T\u00e9l\u00e9phone<br \/>\n<span class=\"wpcf7-form-control-wrap\" data-name=\"telefono\"><input size=\"40\" maxlength=\"400\" class=\"wpcf7-form-control wpcf7-tel wpcf7-text wpcf7-validates-as-tel\" aria-invalid=\"false\" value=\"\" type=\"tel\" name=\"telefono\" \/><\/span> <\/label>\n\t\t<\/p>\n\t<\/div>\n<\/div>\n<p><label> De quoi avez-vous besoin ?<br \/>\n<span class=\"wpcf7-form-control-wrap\" data-name=\"mensaje\"><textarea cols=\"40\" rows=\"10\" maxlength=\"2000\" class=\"wpcf7-form-control wpcf7-textarea\" aria-invalid=\"false\" name=\"mensaje\"><\/textarea><\/span> <\/label>\n<\/p>\n<p><span class=\"wpcf7-form-control-wrap\" data-name=\"privacidad\"><span class=\"wpcf7-form-control wpcf7-acceptance\"><span class=\"wpcf7-list-item\"><label><input type=\"checkbox\" name=\"privacidad\" value=\"1\" aria-invalid=\"false\" \/><span class=\"wpcf7-list-item-label\">J'accepte <a rel=\"nofollow\" target=\"_blank\" href=\"https:\/\/www.industri-sl.com\/fr\/mentions-legales\/\">mentions l\u00e9gales<\/a>.<\/span><\/label><\/span><\/span><\/span>\n<\/p>\n<p><input class=\"wpcf7-form-control wpcf7-submit has-spinner\" type=\"submit\" value=\"Envoyer\" \/>\n<\/p>\n<p class='mimeho'><span class=\"wpcf7-form-control-wrap\" data-name=\"mimeho\"><input size=\"40\" maxlength=\"400\" class=\"wpcf7-form-control wpcf7-text\" aria-invalid=\"false\" value=\"\" type=\"text\" name=\"mimeho\" \/><\/span>\n<\/p>\n<p class='dovibi'><span class=\"wpcf7-form-control-wrap\" data-name=\"dovibi\"><input size=\"40\" maxlength=\"400\" class=\"wpcf7-form-control wpcf7-text\" aria-invalid=\"false\" value=\"\" type=\"text\" name=\"dovibi\" \/><\/span>\n<\/p>\n<p class='zimuhi'><span class=\"wpcf7-form-control-wrap\" data-name=\"zimuhi\"><input size=\"40\" maxlength=\"400\" class=\"wpcf7-form-control wpcf7-text\" aria-invalid=\"false\" value=\"\" type=\"text\" name=\"zimuhi\" \/><\/span>\n<\/p>\n<p class='xedofo'><span class=\"wpcf7-form-control-wrap\" data-name=\"xedofo\"><input size=\"40\" maxlength=\"400\" class=\"wpcf7-form-control wpcf7-text\" aria-invalid=\"false\" value=\"\" type=\"text\" name=\"xedofo\" \/><\/span>\n<\/p><p style=\"display: none !important;\" class=\"akismet-fields-container\" data-prefix=\"_wpcf7_ak_\"><label>&#916;<textarea name=\"_wpcf7_ak_hp_textarea\" cols=\"45\" rows=\"8\" maxlength=\"100\"><\/textarea><\/label><input type=\"hidden\" id=\"ak_js_1\" name=\"_wpcf7_ak_js\" value=\"225\"\/><script type=\"text\/javascript\">\n\/* <![CDATA[ *\/\ndocument.getElementById( \"ak_js_1\" ).setAttribute( \"value\", ( new Date() ).getTime() );\n\/* ]]> *\/\n<\/script>\n<\/p><div class=\"wpcf7-response-output\" aria-hidden=\"true\"><\/div>\n<\/form>\n<\/div>\n\n<\/div>\n<\/div>\n","protected":false},"excerpt":{"rendered":"<p>SERVICE D&rsquo;IMPRESSION 3D En tant que sp\u00e9cialistes de la fabrication sur mesure, nous disposons \u00e0 INDUSTRI d\u2019un service d\u2019impression 3D industriel qui nous permet d\u2019offrir un service int\u00e9gral, depuis la phase de conception jusqu\u2019\u00e0 la production de prototypes fonctionnels et de pi\u00e8ces sur mesure, ainsi que de petites et moyennes s\u00e9ries. &gt; Demandez conseil sans [&hellip;]<\/p>\n","protected":false},"author":3,"featured_media":0,"parent":0,"menu_order":0,"comment_status":"closed","ping_status":"closed","template":"page-fullwidth.php","meta":{"footnotes":""},"class_list":["post-11645","page","type-page","status-publish","hentry"],"yoast_head":"<!-- This site is optimized with the Yoast SEO plugin v27.5 - https:\/\/yoast.com\/product\/yoast-seo-wordpress\/ -->\n<title>Impression 3D - Industri SL<\/title>\n<meta name=\"description\" content=\"En tant que sp\u00e9cialistes de la fabrication sur mesure, nous disposons \u00e0 INDUSTRI d\u2019un service d\u2019impression 3D industriel.\" \/>\n<meta name=\"robots\" content=\"index, follow, max-snippet:-1, max-image-preview:large, max-video-preview:-1\" \/>\n<link rel=\"canonical\" href=\"https:\/\/www.industri-sl.com\/fr\/impresion-3d\/\" \/>\n<meta property=\"og:locale\" content=\"fr_FR\" \/>\n<meta property=\"og:type\" content=\"article\" \/>\n<meta property=\"og:title\" content=\"Impression 3D - Industri SL\" \/>\n<meta property=\"og:description\" content=\"En tant que sp\u00e9cialistes de la fabrication sur mesure, nous disposons \u00e0 INDUSTRI d\u2019un service d\u2019impression 3D industriel.\" \/>\n<meta property=\"og:url\" content=\"https:\/\/www.industri-sl.com\/fr\/impresion-3d\/\" \/>\n<meta property=\"og:site_name\" content=\"Industri SL\" \/>\n<meta property=\"article:modified_time\" content=\"2021-10-01T12:25:04+00:00\" \/>\n<meta property=\"og:image\" content=\"https:\/\/www.industri-sl.com\/wp-content\/uploads\/imagen-fabricacion-precision.jpg\" \/>\n<meta name=\"twitter:card\" content=\"summary_large_image\" \/>\n<meta name=\"twitter:label1\" content=\"Dur\u00e9e de lecture estim\u00e9e\" \/>\n\t<meta name=\"twitter:data1\" content=\"6 minutes\" \/>\n<script type=\"application\/ld+json\" class=\"yoast-schema-graph\">{\"@context\":\"https:\\\/\\\/schema.org\",\"@graph\":[{\"@type\":\"WebPage\",\"@id\":\"https:\\\/\\\/www.industri-sl.com\\\/fr\\\/impresion-3d\\\/\",\"url\":\"https:\\\/\\\/www.industri-sl.com\\\/fr\\\/impresion-3d\\\/\",\"name\":\"Impression 3D - Industri SL\",\"isPartOf\":{\"@id\":\"https:\\\/\\\/www.industri-sl.com\\\/fr\\\/#website\"},\"primaryImageOfPage\":{\"@id\":\"https:\\\/\\\/www.industri-sl.com\\\/fr\\\/impresion-3d\\\/#primaryimage\"},\"image\":{\"@id\":\"https:\\\/\\\/www.industri-sl.com\\\/fr\\\/impresion-3d\\\/#primaryimage\"},\"thumbnailUrl\":\"https:\\\/\\\/www.industri-sl.com\\\/wp-content\\\/uploads\\\/imagen-fabricacion-precision.jpg\",\"datePublished\":\"2021-04-28T07:44:57+00:00\",\"dateModified\":\"2021-10-01T12:25:04+00:00\",\"description\":\"En tant que sp\u00e9cialistes de la fabrication sur mesure, nous disposons \u00e0 INDUSTRI d\u2019un service d\u2019impression 3D industriel.\",\"breadcrumb\":{\"@id\":\"https:\\\/\\\/www.industri-sl.com\\\/fr\\\/impresion-3d\\\/#breadcrumb\"},\"inLanguage\":\"fr-FR\",\"potentialAction\":[{\"@type\":\"ReadAction\",\"target\":[\"https:\\\/\\\/www.industri-sl.com\\\/fr\\\/impresion-3d\\\/\"]}]},{\"@type\":\"ImageObject\",\"inLanguage\":\"fr-FR\",\"@id\":\"https:\\\/\\\/www.industri-sl.com\\\/fr\\\/impresion-3d\\\/#primaryimage\",\"url\":\"https:\\\/\\\/www.industri-sl.com\\\/wp-content\\\/uploads\\\/imagen-fabricacion-precision.jpg\",\"contentUrl\":\"https:\\\/\\\/www.industri-sl.com\\\/wp-content\\\/uploads\\\/imagen-fabricacion-precision.jpg\"},{\"@type\":\"BreadcrumbList\",\"@id\":\"https:\\\/\\\/www.industri-sl.com\\\/fr\\\/impresion-3d\\\/#breadcrumb\",\"itemListElement\":[{\"@type\":\"ListItem\",\"position\":1,\"name\":\"Inicio\",\"item\":\"https:\\\/\\\/www.industri-sl.com\\\/fr\\\/\"},{\"@type\":\"ListItem\",\"position\":2,\"name\":\"Impression 3D\"}]},{\"@type\":\"WebSite\",\"@id\":\"https:\\\/\\\/www.industri-sl.com\\\/fr\\\/#website\",\"url\":\"https:\\\/\\\/www.industri-sl.com\\\/fr\\\/\",\"name\":\"Industri SL\",\"description\":\"\",\"publisher\":{\"@id\":\"https:\\\/\\\/www.industri-sl.com\\\/fr\\\/#organization\"},\"potentialAction\":[{\"@type\":\"SearchAction\",\"target\":{\"@type\":\"EntryPoint\",\"urlTemplate\":\"https:\\\/\\\/www.industri-sl.com\\\/fr\\\/?s={search_term_string}\"},\"query-input\":{\"@type\":\"PropertyValueSpecification\",\"valueRequired\":true,\"valueName\":\"search_term_string\"}}],\"inLanguage\":\"fr-FR\"},{\"@type\":\"Organization\",\"@id\":\"https:\\\/\\\/www.industri-sl.com\\\/fr\\\/#organization\",\"name\":\"Industri SL\",\"url\":\"https:\\\/\\\/www.industri-sl.com\\\/fr\\\/\",\"logo\":{\"@type\":\"ImageObject\",\"inLanguage\":\"fr-FR\",\"@id\":\"https:\\\/\\\/www.industri-sl.com\\\/fr\\\/#\\\/schema\\\/logo\\\/image\\\/\",\"url\":\"https:\\\/\\\/www.industri-sl.com\\\/wp-content\\\/uploads\\\/industri-logo.png\",\"contentUrl\":\"https:\\\/\\\/www.industri-sl.com\\\/wp-content\\\/uploads\\\/industri-logo.png\",\"width\":248,\"height\":45,\"caption\":\"Industri SL\"},\"image\":{\"@id\":\"https:\\\/\\\/www.industri-sl.com\\\/fr\\\/#\\\/schema\\\/logo\\\/image\\\/\"}}]}<\/script>\n<!-- \/ Yoast SEO plugin. -->","yoast_head_json":{"title":"Impression 3D - Industri SL","description":"En tant que sp\u00e9cialistes de la fabrication sur mesure, nous disposons \u00e0 INDUSTRI d\u2019un service d\u2019impression 3D industriel.","robots":{"index":"index","follow":"follow","max-snippet":"max-snippet:-1","max-image-preview":"max-image-preview:large","max-video-preview":"max-video-preview:-1"},"canonical":"https:\/\/www.industri-sl.com\/fr\/impresion-3d\/","og_locale":"fr_FR","og_type":"article","og_title":"Impression 3D - Industri SL","og_description":"En tant que sp\u00e9cialistes de la fabrication sur mesure, nous disposons \u00e0 INDUSTRI d\u2019un service d\u2019impression 3D industriel.","og_url":"https:\/\/www.industri-sl.com\/fr\/impresion-3d\/","og_site_name":"Industri SL","article_modified_time":"2021-10-01T12:25:04+00:00","og_image":[{"url":"https:\/\/www.industri-sl.com\/wp-content\/uploads\/imagen-fabricacion-precision.jpg","type":"","width":"","height":""}],"twitter_card":"summary_large_image","twitter_misc":{"Dur\u00e9e de lecture estim\u00e9e":"6 minutes"},"schema":{"@context":"https:\/\/schema.org","@graph":[{"@type":"WebPage","@id":"https:\/\/www.industri-sl.com\/fr\/impresion-3d\/","url":"https:\/\/www.industri-sl.com\/fr\/impresion-3d\/","name":"Impression 3D - Industri SL","isPartOf":{"@id":"https:\/\/www.industri-sl.com\/fr\/#website"},"primaryImageOfPage":{"@id":"https:\/\/www.industri-sl.com\/fr\/impresion-3d\/#primaryimage"},"image":{"@id":"https:\/\/www.industri-sl.com\/fr\/impresion-3d\/#primaryimage"},"thumbnailUrl":"https:\/\/www.industri-sl.com\/wp-content\/uploads\/imagen-fabricacion-precision.jpg","datePublished":"2021-04-28T07:44:57+00:00","dateModified":"2021-10-01T12:25:04+00:00","description":"En tant que sp\u00e9cialistes de la fabrication sur mesure, nous disposons \u00e0 INDUSTRI d\u2019un service d\u2019impression 3D industriel.","breadcrumb":{"@id":"https:\/\/www.industri-sl.com\/fr\/impresion-3d\/#breadcrumb"},"inLanguage":"fr-FR","potentialAction":[{"@type":"ReadAction","target":["https:\/\/www.industri-sl.com\/fr\/impresion-3d\/"]}]},{"@type":"ImageObject","inLanguage":"fr-FR","@id":"https:\/\/www.industri-sl.com\/fr\/impresion-3d\/#primaryimage","url":"https:\/\/www.industri-sl.com\/wp-content\/uploads\/imagen-fabricacion-precision.jpg","contentUrl":"https:\/\/www.industri-sl.com\/wp-content\/uploads\/imagen-fabricacion-precision.jpg"},{"@type":"BreadcrumbList","@id":"https:\/\/www.industri-sl.com\/fr\/impresion-3d\/#breadcrumb","itemListElement":[{"@type":"ListItem","position":1,"name":"Inicio","item":"https:\/\/www.industri-sl.com\/fr\/"},{"@type":"ListItem","position":2,"name":"Impression 3D"}]},{"@type":"WebSite","@id":"https:\/\/www.industri-sl.com\/fr\/#website","url":"https:\/\/www.industri-sl.com\/fr\/","name":"Industri SL","description":"","publisher":{"@id":"https:\/\/www.industri-sl.com\/fr\/#organization"},"potentialAction":[{"@type":"SearchAction","target":{"@type":"EntryPoint","urlTemplate":"https:\/\/www.industri-sl.com\/fr\/?s={search_term_string}"},"query-input":{"@type":"PropertyValueSpecification","valueRequired":true,"valueName":"search_term_string"}}],"inLanguage":"fr-FR"},{"@type":"Organization","@id":"https:\/\/www.industri-sl.com\/fr\/#organization","name":"Industri SL","url":"https:\/\/www.industri-sl.com\/fr\/","logo":{"@type":"ImageObject","inLanguage":"fr-FR","@id":"https:\/\/www.industri-sl.com\/fr\/#\/schema\/logo\/image\/","url":"https:\/\/www.industri-sl.com\/wp-content\/uploads\/industri-logo.png","contentUrl":"https:\/\/www.industri-sl.com\/wp-content\/uploads\/industri-logo.png","width":248,"height":45,"caption":"Industri SL"},"image":{"@id":"https:\/\/www.industri-sl.com\/fr\/#\/schema\/logo\/image\/"}}]}},"_links":{"self":[{"href":"https:\/\/www.industri-sl.com\/fr\/wp-json\/wp\/v2\/pages\/11645","targetHints":{"allow":["GET"]}}],"collection":[{"href":"https:\/\/www.industri-sl.com\/fr\/wp-json\/wp\/v2\/pages"}],"about":[{"href":"https:\/\/www.industri-sl.com\/fr\/wp-json\/wp\/v2\/types\/page"}],"author":[{"embeddable":true,"href":"https:\/\/www.industri-sl.com\/fr\/wp-json\/wp\/v2\/users\/3"}],"replies":[{"embeddable":true,"href":"https:\/\/www.industri-sl.com\/fr\/wp-json\/wp\/v2\/comments?post=11645"}],"version-history":[{"count":0,"href":"https:\/\/www.industri-sl.com\/fr\/wp-json\/wp\/v2\/pages\/11645\/revisions"}],"wp:attachment":[{"href":"https:\/\/www.industri-sl.com\/fr\/wp-json\/wp\/v2\/media?parent=11645"}],"curies":[{"name":"wp","href":"https:\/\/api.w.org\/{rel}","templated":true}]}}