{"id":12002,"date":"2021-06-28T11:47:03","date_gmt":"2021-06-28T09:47:03","guid":{"rendered":"https:\/\/www.industri-sl.com\/?page_id=12002"},"modified":"2021-07-21T14:20:39","modified_gmt":"2021-07-21T12:20:39","slug":"cookies-policy","status":"publish","type":"page","link":"https:\/\/www.industri-sl.com\/en\/cookies-policy\/","title":{"rendered":"Cookies policy"},"content":{"rendered":"<p>At INDUSTRI we use cookies with a view to providing a better service and offering you an enhanced browsing experience. We want to inform you clearly and precisely about the cookies we use. Below we explain what a cookie is, what it is used for, what kind of cookies we use, for what purpose and how you can configure or disable them if you wish.<\/p>\n<h3>What is a cookie and what is its purpose?<\/h3>\n<p>A cookie is a small text file containing browsing information which is installed in the user\u2019s computer, tablet, smartphone or any other device.<\/p>\n<p>All of our users\u2019 cookies help us to improve the quality of our website, telling us which pages are useful, which are not and which require improvement.<\/p>\n<p>Cookies are essential for the Internet to function; they offer have countless advantages for the providing of interactive services, making it easier for you to browse and use our website. Under no circumstances can cookies damage your equipment. Quite the opposite, active cookies help us to identify and solve errors.<\/p>\n<h3>What kind of cookies do we use?<\/h3>\n<h4><strong>Depending on the body responsible for their management<\/strong><\/h4>\n<h5><strong>Own cookies<\/strong><\/h5>\n<p>These are cookies sent to your device by our devices or domains and from which we provide the service you request from us.<\/p>\n<h5>Third parties<\/h5>\n<p>These are cookies sent to your device from devices or domains which are not managed by us, but by another collaborating body. These include, for example, those used by social media or by external content, such as Google Maps.<\/p>\n<h4>Depending on the amount of time they remain active<\/h4>\n<h5>Session cookies<\/h5>\n<p>These are temporary cookies which remain in your browser\u2019s cookie file until you leave the website, meaning that they are never registered on your computer\u2019s hard drive. The information obtained with these cookies serves to analyse website traffic trends. With time, these cookies enable us to enhance the user\u2019s experience in order to improve the content and enable its use.<\/p>\n<p>These cookies are stored in your hard drive and our website reads them every time you visit us. A persistent cookie has a specific expiry date. The cookie will stop functioning after that date.<\/p>\n<h5>Persistent cookies<\/h5>\n<p>These cookies are stored on the hard drive and our website reads them every time you make a new visit. A persistent cookie has a specific expiration date. The cookie will stop working after that date.<\/p>\n<h4>Depending on their purpose<\/h4>\n<h5>Technical cookies<\/h5>\n<p>These are the cookies needed to browse our website and for it to function correctly. They make it possible, for example, to control data traffic and communication, access restricted areas, use security elements, store contents in order to be able to post videos or share contents on social media.<\/p>\n<h5>Personalisation cookies<\/h5>\n<p>These enable you to access the service with a series of predefined features according to a series of criteria, such as language, the browser used to access the service, the regional settings from which the service is accessed, etc.<\/p>\n<h5>Analytical cookies<\/h5>\n<p>These are cookies which allow us to quantify the number of users and therefore to measure and statistically analyse the use made by users of the services provided. To do this an analysis is made of your browsing habits on our website, with a view to improving the selection of products and services we offer.<\/p>\n<h5>Advertising cookies<\/h5>\n<p>Son aquellas que permiten la gesti\u00f3n, de la forma m\u00e1s eficaz posible, de los espacios publicitarios que se pudieran incluir en nuestra p\u00e1gina web.<\/p>\n<h5>Behavioural advertising cookies<\/h5>\n<p>These cookies store information on user behaviour obtained by means of continuous observation. Thanks to these cookies, we can learn your Internet browsing habits and show you advertising related to your browsing profile.<\/p>\n<h3>Purpose of each of the cookies used<\/h3>\n<p>Below we detail the cookies used on our website and their purpose.<\/p>\n<h4>List of cookies used in the industri-sl.com domain<\/h4>\n<h5>Necessary cookies<\/h5>\n<table style=\"border-collapse: collapse\">\n<tbody>\n<tr>\n<th style=\"border: 1px solid black; text-align: left;\">NAME<\/th>\n<th style=\"border: 1px solid black; text-align: left;\">SENDING SERVER<\/th>\n<th style=\"border: 1px solid black; text-align: left;\">DESCRIPTION<\/th>\n<th style=\"border: 1px solid black; text-align: left;\">DURATION<\/th>\n<\/tr>\n<tr>\n<td style=\"border: 1px solid black; text-align: left;\">CONSENT<\/td>\n<td style=\"border: 1px solid black; text-align: left;\">.google.com<\/td>\n<td style=\"border: 1px solid black; text-align: left;\">General cookies consent.<\/td>\n<td style=\"border: 1px solid black; text-align: left;\">1 year<\/td>\n<\/tr>\n<\/tbody>\n<\/table>\n<h5>Statistics cookies<\/h5>\n<table style=\"border-collapse: collapse\">\n<tbody>\n<tr>\n<th style=\"border: 1px solid black; text-align: left;\">NAME<\/th>\n<th style=\"border: 1px solid black; text-align: left;\">SENDING SERVER<\/th>\n<th style=\"border: 1px solid black; text-align: left;\">DESCRIPTION<\/th>\n<th style=\"border: 1px solid black; text-align: left;\">DURATION<\/th>\n<\/tr>\n<tr>\n<td style=\"border: 1px solid black; text-align: left;\">_dc_gtm_[ID]<\/td>\n<td style=\"border: 1px solid black; text-align: left;\">.industri-sl.com<\/td>\n<td style=\"border: 1px solid black; text-align: left;\">Used to restrict the percentage of requests.<\/td>\n<td style=\"border: 1px solid black; text-align: left;\">1 minute<\/td>\n<\/tr>\n<tr>\n<td style=\"border: 1px solid black; text-align: left;\">_ga<\/td>\n<td style=\"border: 1px solid black; text-align: left;\">.industri-sl.com<\/td>\n<td style=\"border: 1px solid black; text-align: left;\">Registers a unique identification to generate statistical data on how the user uses the website.<\/td>\n<td style=\"border: 1px solid black; text-align: left;\">2 years<\/td>\n<\/tr>\n<tr>\n<td style=\"border: 1px solid black; text-align: left;\">_ga_[ID]<\/td>\n<td style=\"border: 1px solid black; text-align: left;\">.industri-sl.com<\/td>\n<td style=\"border: 1px solid black; text-align: left;\">Used to persist session state.<\/td>\n<td style=\"border: 1px solid black; text-align: left;\">2 years<\/td>\n<\/tr>\n<tr>\n<td style=\"border: 1px solid black; text-align: left;\">_gat_[ID]<\/td>\n<td style=\"border: 1px solid black; text-align: left;\">.industri-sl.com<\/td>\n<td style=\"border: 1px solid black; text-align: left;\">Used to restrict the percentage of requests.<\/td>\n<td style=\"border: 1px solid black; text-align: left;\">1 minute<\/td>\n<\/tr>\n<tr>\n<td style=\"border: 1px solid black; text-align: left;\">_gid<\/td>\n<td style=\"border: 1px solid black; text-align: left;\">.industri-sl.com<\/td>\n<td style=\"border: 1px solid black; text-align: left;\">Used to distinguish users.<\/td>\n<td style=\"border: 1px solid black; text-align: left;\">1 day<\/td>\n<\/tr>\n<\/tbody>\n<\/table>\n<h5>Marketing cookies<\/h5>\n<table style=\"border-collapse: collapse\">\n<tbody>\n<tr>\n<th style=\"border: 1px solid black; text-align: left;\">NAME<\/th>\n<th style=\"border: 1px solid black; text-align: left;\">SENDING SERVER<\/th>\n<th style=\"border: 1px solid black; text-align: left;\">DESCRIPTION<\/th>\n<th style=\"border: 1px solid black; text-align: left;\">DURATION<\/th>\n<\/tr>\n<tr>\n<td style=\"border: 1px solid black; text-align: left;\">_hjAbsoluteSessionInProgress<\/td>\n<td style=\"border: 1px solid black; text-align: left;\">.industri-sl.com<\/td>\n<td style=\"border: 1px solid black; text-align: left;\">\u00a0Identifies the first website visit of a user.<\/td>\n<td style=\"border: 1px solid black; text-align: left;\">30 minutes<\/td>\n<\/tr>\n<tr>\n<td style=\"border: 1px solid black; text-align: left;\">_hjFirstSeen<\/td>\n<td style=\"border: 1px solid black; text-align: left;\">.industri-sl.com<\/td>\n<td style=\"border: 1px solid black; text-align: left;\">Identifies the first session of a new user.<\/td>\n<td style=\"border: 1px solid black; text-align: left;\">Session<\/td>\n<\/tr>\n<tr>\n<td style=\"border: 1px solid black; text-align: left;\">_hjIncludedInPageviewSample<\/td>\n<td style=\"border: 1px solid black; text-align: left;\">www.industri-sl.com<\/td>\n<td style=\"border: 1px solid black; text-align: left;\">It allows you to identify which user is included in the data sample defined by the website views limit.<\/td>\n<td style=\"border: 1px solid black; text-align: left;\">30 minutes<\/td>\n<\/tr>\n<tr>\n<td style=\"border: 1px solid black; text-align: left;\">_hjTLDTest<\/td>\n<td style=\"border: 1px solid black; text-align: left;\">.industri-sl.com<\/td>\n<td style=\"border: 1px solid black; text-align: left;\">Every time Hotjar is run it tries to determine the most generic path possible instead of using the page\u2019s hostname. This takes place to be able to share cookies between subdomains (when applicable). This is determined by trying to store this cookie in different alternate URL substrings until it fails. The cookie is deleted following this check.<\/td>\n<td style=\"border: 1px solid black; text-align: left;\">Session<\/td>\n<\/tr>\n<tr>\n<td style=\"border: 1px solid black; text-align: left;\">_hjid<\/td>\n<td style=\"border: 1px solid black; text-align: left;\">.industri-sl.com<\/td>\n<td style=\"border: 1px solid black; text-align: left;\">It is activated the first time the user lands on a page with the Hotjar script installed. It is used to identify the user anonymously to attribute subsequent visits to the same user id.<\/td>\n<td style=\"border: 1px solid black; text-align: left;\">1 year<\/td>\n<\/tr>\n<tr>\n<td style=\"border: 1px solid black; text-align: left;\">iutk<\/td>\n<td style=\"border: 1px solid black; text-align: left;\">.issuu.com<\/td>\n<td style=\"border: 1px solid black; text-align: left;\">Acknowledge the user&#8217;s device and Issuu documents that have been read.<\/td>\n<td style=\"border: 1px solid black; text-align: left;\">1 day<\/td>\n<\/tr>\n<tr>\n<td style=\"border: 1px solid black; text-align: left;\">mautic_device_id<\/td>\n<td style=\"border: 1px solid black; text-align: left;\">www.industri-sl.com<\/td>\n<td style=\"border: 1px solid black; text-align: left;\">Assigns an id to each device.<\/td>\n<td style=\"border: 1px solid black; text-align: left;\">1 year<\/td>\n<\/tr>\n<tr>\n<td style=\"border: 1px solid black; text-align: left;\">mautic_referer_id<\/td>\n<td style=\"border: 1px solid black; text-align: left;\">www.industri-sl.com<\/td>\n<td style=\"border: 1px solid black; text-align: left;\">Reference to the user&#8217;s last visited page.<\/td>\n<td style=\"border: 1px solid black; text-align: left;\">Session<\/td>\n<\/tr>\n<tr>\n<td style=\"border: 1px solid black; text-align: left;\">mautic_session_id<\/td>\n<td style=\"border: 1px solid black; text-align: left;\">\u00a0www.industri-sl.com<\/td>\n<td style=\"border: 1px solid black; text-align: left;\">It registers a unique identification for each user and is used to generate statistical data on how the visitor uses the website through a local Mautic installation.<\/td>\n<td style=\"border: 1px solid black; text-align: left;\">Session<\/td>\n<\/tr>\n<tr>\n<td style=\"border: 1px solid black; text-align: left;\">mc<\/td>\n<td style=\"border: 1px solid black; text-align: left;\">.quantserve.com<\/td>\n<td style=\"border: 1px solid black; text-align: left;\">Collects user data about the pages visited to target advertising.<\/td>\n<td style=\"border: 1px solid black; text-align: left;\">396 days<\/td>\n<\/tr>\n<tr>\n<td style=\"border: 1px solid black; text-align: left;\">cref<\/td>\n<td style=\"border: 1px solid black; text-align: left;\">.quantserve.com<\/td>\n<td style=\"border: 1px solid black; text-align: left;\">Collects user data about the pages visited to target advertising.<\/td>\n<td style=\"border: 1px solid black; text-align: left;\">396 days<\/td>\n<\/tr>\n<tr>\n<td style=\"border: 1px solid black; text-align: left;\">mtc_id<\/td>\n<td style=\"border: 1px solid black; text-align: left;\">\u00a0www.industri-sl.com<\/td>\n<td style=\"border: 1px solid black; text-align: left;\">Assigns an id to each user.<\/td>\n<td style=\"border: 1px solid black; text-align: left;\">Session<\/td>\n<\/tr>\n<tr>\n<td style=\"border: 1px solid black; text-align: left;\">mtc_sid<\/td>\n<td style=\"border: 1px solid black; text-align: left;\">\u00a0www.industri-sl.com<\/td>\n<td style=\"border: 1px solid black; text-align: left;\">Functional cookie for Mautic forms.<\/td>\n<td style=\"border: 1px solid black; text-align: left;\">Session<\/td>\n<\/tr>\n<tr>\n<td style=\"border: 1px solid black; text-align: left;\">test_cookie<\/td>\n<td style=\"border: 1px solid black; text-align: left;\">.doubleclick.net<\/td>\n<td style=\"border: 1px solid black; text-align: left;\">Used to check if the user&#8217;s browser supports cookies.<\/td>\n<td style=\"border: 1px solid black; text-align: left;\">1 day<\/td>\n<\/tr>\n<tr>\n<td style=\"border: 1px solid black; text-align: left;\">IDE<\/td>\n<td style=\"border: 1px solid black; text-align: left;\">.doubleclick.net<\/td>\n<td style=\"border: 1px solid black; text-align: left;\">This is used for retargeting, optimisation, reporting and attribution of online ads.<\/td>\n<td style=\"border: 1px solid black; text-align: left;\">1 year<\/td>\n<\/tr>\n<tr>\n<td style=\"border: 1px solid black; text-align: left;\">VISITOR_INFO1_LIVE<\/td>\n<td style=\"border: 1px solid black; text-align: left;\">.youtube.com<\/td>\n<td style=\"border: 1px solid black; text-align: left;\">Used by Youtube to store user preferences.<\/td>\n<td style=\"border: 1px solid black; text-align: left;\">6 months<\/td>\n<\/tr>\n<tr>\n<td style=\"border: 1px solid black; text-align: left;\">YSC<\/td>\n<td style=\"border: 1px solid black; text-align: left;\">.youtube.com<\/td>\n<td style=\"border: 1px solid black; text-align: left;\">Used by Youtube to store user preferences.<\/td>\n<td style=\"border: 1px solid black; text-align: left;\">Session<\/td>\n<\/tr>\n<tr>\n<td style=\"border: 1px solid black; text-align: left;\">_fbp<\/td>\n<td style=\"border: 1px solid black; text-align: left;\">.industri-sl.com<\/td>\n<td style=\"border: 1px solid black; text-align: left;\">Used by Facebook for advertising, real-time bids from third-party advertisers.<\/td>\n<td style=\"border: 1px solid black; text-align: left;\">3 months<\/td>\n<\/tr>\n<tr>\n<td style=\"border: 1px solid black; text-align: left;\">_gaexp<\/td>\n<td style=\"border: 1px solid black; text-align: left;\">.industri-sl.com<\/td>\n<td style=\"border: 1px solid black; text-align: left;\">Used to determine the inclusion of a user in an experiment and the duration of the experiments in which they participate.<\/td>\n<td style=\"border: 1px solid black; text-align: left;\">90 days<\/td>\n<\/tr>\n<tr>\n<td style=\"border: 1px solid black; text-align: left;\">_gcl_au<\/td>\n<td style=\"border: 1px solid black; text-align: left;\">.industri-sl.com<\/td>\n<td style=\"border: 1px solid black; text-align: left;\">\u00a0Used to attribute advertising conversions.<\/td>\n<td style=\"border: 1px solid black; text-align: left;\">90 days<\/td>\n<\/tr>\n<\/tbody>\n<\/table>\n<p>&nbsp;<\/p>\n<h4>How to configure or disable your cookies?<\/h4>\n<p>You can enable, block or delete the cookies installed on your device by setting your Internet browser options to do so. If you don\u2019t enable the installation of cookies in your browser you may find that you can\u2019t access some of the services and that your experience on our website is somewhat less satisfactory.<\/p>\n<p>The following links give you all of the information you need to enable or disable your cookies in each browser:<\/p>\n<ul>\n<li><a href=\"https:\/\/support.google.com\/chrome\/answer\/95647?hl=es\">Google Chrome<\/a><\/li>\n<li><a href=\"https:\/\/support.mozilla.org\/es\/kb\/habilitar-y-deshabilitar-cookies-que-los-sitios-we\">Mozilla Firefox<\/a><\/li>\n<li><a href=\"http:\/\/windows.microsoft.com\/es-es\/windows-vista\/block-or-allow-cookies\">Internet Explorer<\/a><\/li>\n<li><a href=\"https:\/\/support.apple.com\/es-es\/guide\/safari\/sfri11471\/mac\">Safari<\/a><\/li>\n<li><a href=\"http:\/\/support.apple.com\/kb\/ht1677?viewlocale=es_es\">Safari para IOS (iPhone y iPad)<\/a><\/li>\n<li><a href=\"https:\/\/support.google.com\/chrome\/answer\/2392971?hl=es\">Chrome para Android<\/a><\/li>\n<\/ul>\n<h3>Consent<\/h3>\n<p>At INDUSTRI we never store our users\u2019 personal details, except for the IP address as explained above, unless you decide to register, of your own free will, for the purposes of contacting us or receiving information on promotions and contents that interest you.<\/p>\n<p>On accepting the cookies notice which appears when you enter our website you are giving your consent to use of the cookies described above, and in the conditions contained in this cookies policy.<\/p>\n","protected":false},"excerpt":{"rendered":"<p>At INDUSTRI we use cookies with a view to providing a better service and offering you an enhanced browsing experience. We want to inform you clearly and precisely about the cookies we use. Below we explain what a cookie is, what it is used for, what kind of cookies we use, for what purpose and [&hellip;]<\/p>\n","protected":false},"author":3,"featured_media":0,"parent":0,"menu_order":0,"comment_status":"closed","ping_status":"closed","template":"","meta":{"footnotes":""},"class_list":["post-12002","page","type-page","status-publish","hentry"],"yoast_head":"<!-- This site is optimized with the Yoast SEO plugin v27.5 - https:\/\/yoast.com\/product\/yoast-seo-wordpress\/ -->\n<title>Cookies policy - Industri SL<\/title>\n<meta name=\"robots\" content=\"index, follow, max-snippet:-1, max-image-preview:large, max-video-preview:-1\" \/>\n<link rel=\"canonical\" href=\"https:\/\/www.industri-sl.com\/en\/cookies-policy\/\" \/>\n<meta property=\"og:locale\" content=\"en_US\" \/>\n<meta property=\"og:type\" content=\"article\" \/>\n<meta property=\"og:title\" content=\"Cookies policy - Industri SL\" \/>\n<meta property=\"og:description\" content=\"At INDUSTRI we use cookies with a view to providing a better service and offering you an enhanced browsing experience. We want to inform you clearly and precisely about the cookies we use. Below we explain what a cookie is, what it is used for, what kind of cookies we use, for what purpose and [&hellip;]\" \/>\n<meta property=\"og:url\" content=\"https:\/\/www.industri-sl.com\/en\/cookies-policy\/\" \/>\n<meta property=\"og:site_name\" content=\"Industri SL\" \/>\n<meta property=\"article:modified_time\" content=\"2021-07-21T12:20:39+00:00\" \/>\n<meta name=\"twitter:card\" content=\"summary_large_image\" \/>\n<meta name=\"twitter:label1\" content=\"Est. reading time\" \/>\n\t<meta name=\"twitter:data1\" content=\"6 minutes\" \/>\n<script type=\"application\/ld+json\" class=\"yoast-schema-graph\">{\"@context\":\"https:\\\/\\\/schema.org\",\"@graph\":[{\"@type\":\"WebPage\",\"@id\":\"https:\\\/\\\/www.industri-sl.com\\\/en\\\/cookies-policy\\\/\",\"url\":\"https:\\\/\\\/www.industri-sl.com\\\/en\\\/cookies-policy\\\/\",\"name\":\"Cookies policy - Industri SL\",\"isPartOf\":{\"@id\":\"https:\\\/\\\/www.industri-sl.com\\\/en\\\/#website\"},\"datePublished\":\"2021-06-28T09:47:03+00:00\",\"dateModified\":\"2021-07-21T12:20:39+00:00\",\"breadcrumb\":{\"@id\":\"https:\\\/\\\/www.industri-sl.com\\\/en\\\/cookies-policy\\\/#breadcrumb\"},\"inLanguage\":\"en-US\",\"potentialAction\":[{\"@type\":\"ReadAction\",\"target\":[\"https:\\\/\\\/www.industri-sl.com\\\/en\\\/cookies-policy\\\/\"]}]},{\"@type\":\"BreadcrumbList\",\"@id\":\"https:\\\/\\\/www.industri-sl.com\\\/en\\\/cookies-policy\\\/#breadcrumb\",\"itemListElement\":[{\"@type\":\"ListItem\",\"position\":1,\"name\":\"Inicio\",\"item\":\"https:\\\/\\\/www.industri-sl.com\\\/en\\\/\"},{\"@type\":\"ListItem\",\"position\":2,\"name\":\"Cookies policy\"}]},{\"@type\":\"WebSite\",\"@id\":\"https:\\\/\\\/www.industri-sl.com\\\/en\\\/#website\",\"url\":\"https:\\\/\\\/www.industri-sl.com\\\/en\\\/\",\"name\":\"Industri SL\",\"description\":\"\",\"publisher\":{\"@id\":\"https:\\\/\\\/www.industri-sl.com\\\/en\\\/#organization\"},\"potentialAction\":[{\"@type\":\"SearchAction\",\"target\":{\"@type\":\"EntryPoint\",\"urlTemplate\":\"https:\\\/\\\/www.industri-sl.com\\\/en\\\/?s={search_term_string}\"},\"query-input\":{\"@type\":\"PropertyValueSpecification\",\"valueRequired\":true,\"valueName\":\"search_term_string\"}}],\"inLanguage\":\"en-US\"},{\"@type\":\"Organization\",\"@id\":\"https:\\\/\\\/www.industri-sl.com\\\/en\\\/#organization\",\"name\":\"Industri SL\",\"url\":\"https:\\\/\\\/www.industri-sl.com\\\/en\\\/\",\"logo\":{\"@type\":\"ImageObject\",\"inLanguage\":\"en-US\",\"@id\":\"https:\\\/\\\/www.industri-sl.com\\\/en\\\/#\\\/schema\\\/logo\\\/image\\\/\",\"url\":\"https:\\\/\\\/www.industri-sl.com\\\/wp-content\\\/uploads\\\/industri-logo.png\",\"contentUrl\":\"https:\\\/\\\/www.industri-sl.com\\\/wp-content\\\/uploads\\\/industri-logo.png\",\"width\":248,\"height\":45,\"caption\":\"Industri SL\"},\"image\":{\"@id\":\"https:\\\/\\\/www.industri-sl.com\\\/en\\\/#\\\/schema\\\/logo\\\/image\\\/\"}}]}<\/script>\n<!-- \/ Yoast SEO plugin. -->","yoast_head_json":{"title":"Cookies policy - Industri SL","robots":{"index":"index","follow":"follow","max-snippet":"max-snippet:-1","max-image-preview":"max-image-preview:large","max-video-preview":"max-video-preview:-1"},"canonical":"https:\/\/www.industri-sl.com\/en\/cookies-policy\/","og_locale":"en_US","og_type":"article","og_title":"Cookies policy - Industri SL","og_description":"At INDUSTRI we use cookies with a view to providing a better service and offering you an enhanced browsing experience. We want to inform you clearly and precisely about the cookies we use. Below we explain what a cookie is, what it is used for, what kind of cookies we use, for what purpose and [&hellip;]","og_url":"https:\/\/www.industri-sl.com\/en\/cookies-policy\/","og_site_name":"Industri SL","article_modified_time":"2021-07-21T12:20:39+00:00","twitter_card":"summary_large_image","twitter_misc":{"Est. reading time":"6 minutes"},"schema":{"@context":"https:\/\/schema.org","@graph":[{"@type":"WebPage","@id":"https:\/\/www.industri-sl.com\/en\/cookies-policy\/","url":"https:\/\/www.industri-sl.com\/en\/cookies-policy\/","name":"Cookies policy - Industri SL","isPartOf":{"@id":"https:\/\/www.industri-sl.com\/en\/#website"},"datePublished":"2021-06-28T09:47:03+00:00","dateModified":"2021-07-21T12:20:39+00:00","breadcrumb":{"@id":"https:\/\/www.industri-sl.com\/en\/cookies-policy\/#breadcrumb"},"inLanguage":"en-US","potentialAction":[{"@type":"ReadAction","target":["https:\/\/www.industri-sl.com\/en\/cookies-policy\/"]}]},{"@type":"BreadcrumbList","@id":"https:\/\/www.industri-sl.com\/en\/cookies-policy\/#breadcrumb","itemListElement":[{"@type":"ListItem","position":1,"name":"Inicio","item":"https:\/\/www.industri-sl.com\/en\/"},{"@type":"ListItem","position":2,"name":"Cookies policy"}]},{"@type":"WebSite","@id":"https:\/\/www.industri-sl.com\/en\/#website","url":"https:\/\/www.industri-sl.com\/en\/","name":"Industri SL","description":"","publisher":{"@id":"https:\/\/www.industri-sl.com\/en\/#organization"},"potentialAction":[{"@type":"SearchAction","target":{"@type":"EntryPoint","urlTemplate":"https:\/\/www.industri-sl.com\/en\/?s={search_term_string}"},"query-input":{"@type":"PropertyValueSpecification","valueRequired":true,"valueName":"search_term_string"}}],"inLanguage":"en-US"},{"@type":"Organization","@id":"https:\/\/www.industri-sl.com\/en\/#organization","name":"Industri SL","url":"https:\/\/www.industri-sl.com\/en\/","logo":{"@type":"ImageObject","inLanguage":"en-US","@id":"https:\/\/www.industri-sl.com\/en\/#\/schema\/logo\/image\/","url":"https:\/\/www.industri-sl.com\/wp-content\/uploads\/industri-logo.png","contentUrl":"https:\/\/www.industri-sl.com\/wp-content\/uploads\/industri-logo.png","width":248,"height":45,"caption":"Industri SL"},"image":{"@id":"https:\/\/www.industri-sl.com\/en\/#\/schema\/logo\/image\/"}}]}},"_links":{"self":[{"href":"https:\/\/www.industri-sl.com\/en\/wp-json\/wp\/v2\/pages\/12002","targetHints":{"allow":["GET"]}}],"collection":[{"href":"https:\/\/www.industri-sl.com\/en\/wp-json\/wp\/v2\/pages"}],"about":[{"href":"https:\/\/www.industri-sl.com\/en\/wp-json\/wp\/v2\/types\/page"}],"author":[{"embeddable":true,"href":"https:\/\/www.industri-sl.com\/en\/wp-json\/wp\/v2\/users\/3"}],"replies":[{"embeddable":true,"href":"https:\/\/www.industri-sl.com\/en\/wp-json\/wp\/v2\/comments?post=12002"}],"version-history":[{"count":0,"href":"https:\/\/www.industri-sl.com\/en\/wp-json\/wp\/v2\/pages\/12002\/revisions"}],"wp:attachment":[{"href":"https:\/\/www.industri-sl.com\/en\/wp-json\/wp\/v2\/media?parent=12002"}],"curies":[{"name":"wp","href":"https:\/\/api.w.org\/{rel}","templated":true}]}}