{"id":8833,"date":"2019-05-09T14:35:11","date_gmt":"2019-05-09T12:35:11","guid":{"rendered":"https:\/\/www.industri-sl.com\/pagina-ejemplo\/"},"modified":"2020-01-17T12:57:16","modified_gmt":"2020-01-17T11:57:16","slug":"pagina-ejemplo","status":"publish","type":"page","link":"https:\/\/www.industri-sl.com\/de\/","title":{"rendered":"Home"},"content":{"rendered":"<h1>Hersteller von Ausstattungen f\u00fcr Z\u00fcge, Busse und sonstige Fahrzeuge<\/h1>\n<h2>Qualit\u00e4t und Innovation in jedem Detail<\/h2>\n<p>INDUSTRI ist seit <strong>\u00fcber 60 Jahren<\/strong> Hersteller kundenspezifisch gefertigter Teile und Ersatzteile f\u00fcr Z\u00fcge und Busse. Unsere Entwicklung und Anpassungsf\u00e4higkeit an neue M\u00e4rkte haben dazu gef\u00fchrt, dass wir im Laufe der Jahre Zubeh\u00f6r f\u00fcr alle Arten von Fahrzeugen wie z.B. Landwirtschafts-, Bau-, und Spezialfahrzeuge sowie f\u00fcr st\u00e4dtische Ausr\u00fcstungen entwickelt haben.<\/p>\n","protected":false},"excerpt":{"rendered":"<p>Hersteller von Ausstattungen f\u00fcr Z\u00fcge, Busse und sonstige Fahrzeuge Qualit\u00e4t und Innovation in jedem Detail INDUSTRI ist seit \u00fcber 60 Jahren Hersteller kundenspezifisch gefertigter Teile und Ersatzteile f\u00fcr Z\u00fcge und Busse. Unsere Entwicklung und Anpassungsf\u00e4higkeit an neue M\u00e4rkte haben dazu gef\u00fchrt, dass wir im Laufe der Jahre Zubeh\u00f6r f\u00fcr alle Arten von Fahrzeugen wie z.B. [&hellip;]<\/p>\n","protected":false},"author":3,"featured_media":0,"parent":0,"menu_order":0,"comment_status":"closed","ping_status":"closed","template":"","meta":{"footnotes":""},"class_list":["post-8833","page","type-page","status-publish","hentry"],"yoast_head":"<!-- This site is optimized with the Yoast SEO plugin v27.5 - https:\/\/yoast.com\/product\/yoast-seo-wordpress\/ -->\n<title>Hersteller von Teilen f\u00fcr Z\u00fcge, Busse und andere Fahrzeuge - INDUSTRI<\/title>\n<meta name=\"description\" content=\"Bei Industri haben wir mehr als 60 Jahre Erfahrung in der Herstellung kundenspezifischer Teile und Ersatzteile f\u00fcr Reisebusse, Z\u00fcge und andere Fahrzeuge.\" \/>\n<meta name=\"robots\" content=\"index, follow, max-snippet:-1, max-image-preview:large, max-video-preview:-1\" \/>\n<link rel=\"canonical\" href=\"https:\/\/www.industri-sl.com\/de\/\" \/>\n<meta property=\"og:locale\" content=\"de_DE\" \/>\n<meta property=\"og:type\" content=\"article\" \/>\n<meta property=\"og:title\" content=\"Hersteller von Teilen f\u00fcr Z\u00fcge, Busse und andere Fahrzeuge - INDUSTRI\" \/>\n<meta property=\"og:description\" content=\"Bei Industri haben wir mehr als 60 Jahre Erfahrung in der Herstellung kundenspezifischer Teile und Ersatzteile f\u00fcr Reisebusse, Z\u00fcge und andere Fahrzeuge.\" \/>\n<meta property=\"og:url\" content=\"https:\/\/www.industri-sl.com\/de\/\" \/>\n<meta property=\"og:site_name\" content=\"Industri SL\" \/>\n<meta property=\"article:modified_time\" content=\"2020-01-17T11:57:16+00:00\" \/>\n<meta name=\"twitter:card\" content=\"summary_large_image\" \/>\n<script type=\"application\/ld+json\" class=\"yoast-schema-graph\">{\"@context\":\"https:\\\/\\\/schema.org\",\"@graph\":[{\"@type\":\"WebPage\",\"@id\":\"https:\\\/\\\/www.industri-sl.com\\\/de\\\/\",\"url\":\"https:\\\/\\\/www.industri-sl.com\\\/de\\\/\",\"name\":\"Hersteller von Teilen f\u00fcr Z\u00fcge, Busse und andere Fahrzeuge - INDUSTRI\",\"isPartOf\":{\"@id\":\"https:\\\/\\\/www.industri-sl.com\\\/de\\\/#website\"},\"datePublished\":\"2019-05-09T12:35:11+00:00\",\"dateModified\":\"2020-01-17T11:57:16+00:00\",\"description\":\"Bei Industri haben wir mehr als 60 Jahre Erfahrung in der Herstellung kundenspezifischer Teile und Ersatzteile f\u00fcr Reisebusse, Z\u00fcge und andere Fahrzeuge.\",\"breadcrumb\":{\"@id\":\"https:\\\/\\\/www.industri-sl.com\\\/de\\\/#breadcrumb\"},\"inLanguage\":\"de\",\"potentialAction\":[{\"@type\":\"ReadAction\",\"target\":[\"https:\\\/\\\/www.industri-sl.com\\\/de\\\/\"]}]},{\"@type\":\"BreadcrumbList\",\"@id\":\"https:\\\/\\\/www.industri-sl.com\\\/de\\\/#breadcrumb\",\"itemListElement\":[{\"@type\":\"ListItem\",\"position\":1,\"name\":\"Inicio\",\"item\":\"https:\\\/\\\/www.industri-sl.com\\\/de\\\/\"},{\"@type\":\"ListItem\",\"position\":2,\"name\":\"Home\"}]},{\"@type\":\"WebSite\",\"@id\":\"https:\\\/\\\/www.industri-sl.com\\\/de\\\/#website\",\"url\":\"https:\\\/\\\/www.industri-sl.com\\\/de\\\/\",\"name\":\"Industri SL\",\"description\":\"\",\"publisher\":{\"@id\":\"https:\\\/\\\/www.industri-sl.com\\\/de\\\/#organization\"},\"potentialAction\":[{\"@type\":\"SearchAction\",\"target\":{\"@type\":\"EntryPoint\",\"urlTemplate\":\"https:\\\/\\\/www.industri-sl.com\\\/de\\\/?s={search_term_string}\"},\"query-input\":{\"@type\":\"PropertyValueSpecification\",\"valueRequired\":true,\"valueName\":\"search_term_string\"}}],\"inLanguage\":\"de\"},{\"@type\":\"Organization\",\"@id\":\"https:\\\/\\\/www.industri-sl.com\\\/de\\\/#organization\",\"name\":\"Industri SL\",\"url\":\"https:\\\/\\\/www.industri-sl.com\\\/de\\\/\",\"logo\":{\"@type\":\"ImageObject\",\"inLanguage\":\"de\",\"@id\":\"https:\\\/\\\/www.industri-sl.com\\\/de\\\/#\\\/schema\\\/logo\\\/image\\\/\",\"url\":\"https:\\\/\\\/www.industri-sl.com\\\/wp-content\\\/uploads\\\/industri-logo.png\",\"contentUrl\":\"https:\\\/\\\/www.industri-sl.com\\\/wp-content\\\/uploads\\\/industri-logo.png\",\"width\":248,\"height\":45,\"caption\":\"Industri SL\"},\"image\":{\"@id\":\"https:\\\/\\\/www.industri-sl.com\\\/de\\\/#\\\/schema\\\/logo\\\/image\\\/\"}}]}<\/script>\n<!-- \/ Yoast SEO plugin. -->","yoast_head_json":{"title":"Hersteller von Teilen f\u00fcr Z\u00fcge, Busse und andere Fahrzeuge - INDUSTRI","description":"Bei Industri haben wir mehr als 60 Jahre Erfahrung in der Herstellung kundenspezifischer Teile und Ersatzteile f\u00fcr Reisebusse, Z\u00fcge und andere Fahrzeuge.","robots":{"index":"index","follow":"follow","max-snippet":"max-snippet:-1","max-image-preview":"max-image-preview:large","max-video-preview":"max-video-preview:-1"},"canonical":"https:\/\/www.industri-sl.com\/de\/","og_locale":"de_DE","og_type":"article","og_title":"Hersteller von Teilen f\u00fcr Z\u00fcge, Busse und andere Fahrzeuge - INDUSTRI","og_description":"Bei Industri haben wir mehr als 60 Jahre Erfahrung in der Herstellung kundenspezifischer Teile und Ersatzteile f\u00fcr Reisebusse, Z\u00fcge und andere Fahrzeuge.","og_url":"https:\/\/www.industri-sl.com\/de\/","og_site_name":"Industri SL","article_modified_time":"2020-01-17T11:57:16+00:00","twitter_card":"summary_large_image","schema":{"@context":"https:\/\/schema.org","@graph":[{"@type":"WebPage","@id":"https:\/\/www.industri-sl.com\/de\/","url":"https:\/\/www.industri-sl.com\/de\/","name":"Hersteller von Teilen f\u00fcr Z\u00fcge, Busse und andere Fahrzeuge - INDUSTRI","isPartOf":{"@id":"https:\/\/www.industri-sl.com\/de\/#website"},"datePublished":"2019-05-09T12:35:11+00:00","dateModified":"2020-01-17T11:57:16+00:00","description":"Bei Industri haben wir mehr als 60 Jahre Erfahrung in der Herstellung kundenspezifischer Teile und Ersatzteile f\u00fcr Reisebusse, Z\u00fcge und andere Fahrzeuge.","breadcrumb":{"@id":"https:\/\/www.industri-sl.com\/de\/#breadcrumb"},"inLanguage":"de","potentialAction":[{"@type":"ReadAction","target":["https:\/\/www.industri-sl.com\/de\/"]}]},{"@type":"BreadcrumbList","@id":"https:\/\/www.industri-sl.com\/de\/#breadcrumb","itemListElement":[{"@type":"ListItem","position":1,"name":"Inicio","item":"https:\/\/www.industri-sl.com\/de\/"},{"@type":"ListItem","position":2,"name":"Home"}]},{"@type":"WebSite","@id":"https:\/\/www.industri-sl.com\/de\/#website","url":"https:\/\/www.industri-sl.com\/de\/","name":"Industri SL","description":"","publisher":{"@id":"https:\/\/www.industri-sl.com\/de\/#organization"},"potentialAction":[{"@type":"SearchAction","target":{"@type":"EntryPoint","urlTemplate":"https:\/\/www.industri-sl.com\/de\/?s={search_term_string}"},"query-input":{"@type":"PropertyValueSpecification","valueRequired":true,"valueName":"search_term_string"}}],"inLanguage":"de"},{"@type":"Organization","@id":"https:\/\/www.industri-sl.com\/de\/#organization","name":"Industri SL","url":"https:\/\/www.industri-sl.com\/de\/","logo":{"@type":"ImageObject","inLanguage":"de","@id":"https:\/\/www.industri-sl.com\/de\/#\/schema\/logo\/image\/","url":"https:\/\/www.industri-sl.com\/wp-content\/uploads\/industri-logo.png","contentUrl":"https:\/\/www.industri-sl.com\/wp-content\/uploads\/industri-logo.png","width":248,"height":45,"caption":"Industri SL"},"image":{"@id":"https:\/\/www.industri-sl.com\/de\/#\/schema\/logo\/image\/"}}]}},"_links":{"self":[{"href":"https:\/\/www.industri-sl.com\/de\/wp-json\/wp\/v2\/pages\/8833","targetHints":{"allow":["GET"]}}],"collection":[{"href":"https:\/\/www.industri-sl.com\/de\/wp-json\/wp\/v2\/pages"}],"about":[{"href":"https:\/\/www.industri-sl.com\/de\/wp-json\/wp\/v2\/types\/page"}],"author":[{"embeddable":true,"href":"https:\/\/www.industri-sl.com\/de\/wp-json\/wp\/v2\/users\/3"}],"replies":[{"embeddable":true,"href":"https:\/\/www.industri-sl.com\/de\/wp-json\/wp\/v2\/comments?post=8833"}],"version-history":[{"count":0,"href":"https:\/\/www.industri-sl.com\/de\/wp-json\/wp\/v2\/pages\/8833\/revisions"}],"wp:attachment":[{"href":"https:\/\/www.industri-sl.com\/de\/wp-json\/wp\/v2\/media?parent=8833"}],"curies":[{"name":"wp","href":"https:\/\/api.w.org\/{rel}","templated":true}]}}