{"id":8831,"date":"2019-11-21T19:20:52","date_gmt":"2019-11-21T18:20:52","guid":{"rendered":"https:\/\/www.industri-sl.com\/ingenieria\/"},"modified":"2021-05-04T14:52:43","modified_gmt":"2021-05-04T12:52:43","slug":"ingenieurleistungen","status":"publish","type":"page","link":"https:\/\/www.industri-sl.com\/de\/ingenieurleistungen\/","title":{"rendered":"Ingenieurleistungen"},"content":{"rendered":"<h2>Ingenieurleistungen und Maschinendesign<\/h2>\n<p><img loading=\"lazy\" decoding=\"async\" class=\"alignright wp-image-3085 size-full\" src=\"https:\/\/www.industri-sl.com\/wp-content\/uploads\/ingenieria-2.jpg\" alt=\"\" width=\"379\" height=\"294\" srcset=\"https:\/\/www.industri-sl.com\/wp-content\/uploads\/ingenieria-2.jpg 379w, https:\/\/www.industri-sl.com\/wp-content\/uploads\/ingenieria-2-300x233.jpg 300w\" sizes=\"auto, (max-width: 379px) 100vw, 379px\" \/><\/p>\n<p><span style=\"font-weight: 400;\">Industri bietet einen <strong>qualitativ hochwertigen Komplettservice<\/strong>: Wir entwickeln das Design und setzen es um, indem wir mithilfe der additiven <strong>Fertigung hochpr\u00e4zise Prototypen und Funktionsteile erstellen.<\/strong>\u00a0<\/span><\/p>\n<p><span style=\"font-weight: 400;\">Dank der Einf\u00fchrung von 3D-Druckern und des Multi Jet Fusion Systems konnten wir dar\u00fcber hinaus die Zeiten f\u00fcr <strong>die Erstellung von Prototypen sp\u00fcrbar reduzieren<\/strong> und sind in der Lage, innerhalb von wenigen <strong>Stunden verschiedene Ausf\u00fchrungen eines Teils herzustellen<\/strong>. So k\u00f6nnen alle \u00c4nderungen und Modifikationen schnell vorgenommen werden, bis genau das Teil erzielt ist, das der Kunde ben\u00f6tigt.<\/span><\/p>\n<p><a class=\"boton\" href=\"#formulario\">Unverbindlich beraten<\/a><\/p>\n","protected":false},"excerpt":{"rendered":"<p>Ingenieurleistungen und Maschinendesign Industri bietet einen qualitativ hochwertigen Komplettservice: Wir entwickeln das Design und setzen es um, indem wir mithilfe der additiven Fertigung hochpr\u00e4zise Prototypen und Funktionsteile erstellen.\u00a0 Dank der Einf\u00fchrung von 3D-Druckern und des Multi Jet Fusion Systems konnten wir dar\u00fcber hinaus die Zeiten f\u00fcr die Erstellung von Prototypen sp\u00fcrbar reduzieren und sind in [&hellip;]<\/p>\n","protected":false},"author":3,"featured_media":0,"parent":0,"menu_order":0,"comment_status":"closed","ping_status":"closed","template":"page-ingenieria.php","meta":{"footnotes":""},"class_list":["post-8831","page","type-page","status-publish","hentry"],"yoast_head":"<!-- This site is optimized with the Yoast SEO plugin v27.5 - https:\/\/yoast.com\/product\/yoast-seo-wordpress\/ -->\n<title>Ingenieurleistungen - INDUSTRI<\/title>\n<meta name=\"description\" content=\"INDUSTRI verf\u00fcgt \u00fcber eine Forschungs- und Entwicklungsabteilung, in der wir in enger Zusammenarbeit mit unseren Kunden neue Produkte entwickeln.\" \/>\n<meta name=\"robots\" content=\"index, follow, max-snippet:-1, max-image-preview:large, max-video-preview:-1\" \/>\n<link rel=\"canonical\" href=\"https:\/\/www.industri-sl.com\/de\/ingenieurleistungen\/\" \/>\n<meta property=\"og:locale\" content=\"de_DE\" \/>\n<meta property=\"og:type\" content=\"article\" \/>\n<meta property=\"og:title\" content=\"Ingenieurleistungen - INDUSTRI\" \/>\n<meta property=\"og:description\" content=\"INDUSTRI verf\u00fcgt \u00fcber eine Forschungs- und Entwicklungsabteilung, in der wir in enger Zusammenarbeit mit unseren Kunden neue Produkte entwickeln.\" \/>\n<meta property=\"og:url\" content=\"https:\/\/www.industri-sl.com\/de\/ingenieurleistungen\/\" \/>\n<meta property=\"og:site_name\" content=\"Industri SL\" \/>\n<meta property=\"article:modified_time\" content=\"2021-05-04T12:52:43+00:00\" \/>\n<meta property=\"og:image\" content=\"https:\/\/www.industri-sl.com\/wp-content\/uploads\/ingenieria-2.jpg\" \/>\n<meta name=\"twitter:card\" content=\"summary_large_image\" \/>\n<meta name=\"twitter:label1\" content=\"Gesch\u00e4tzte Lesezeit\" \/>\n\t<meta name=\"twitter:data1\" content=\"1\u00a0Minute\" \/>\n<script type=\"application\/ld+json\" class=\"yoast-schema-graph\">{\"@context\":\"https:\\\/\\\/schema.org\",\"@graph\":[{\"@type\":\"WebPage\",\"@id\":\"https:\\\/\\\/www.industri-sl.com\\\/de\\\/ingenieurleistungen\\\/\",\"url\":\"https:\\\/\\\/www.industri-sl.com\\\/de\\\/ingenieurleistungen\\\/\",\"name\":\"Ingenieurleistungen - INDUSTRI\",\"isPartOf\":{\"@id\":\"https:\\\/\\\/www.industri-sl.com\\\/de\\\/#website\"},\"primaryImageOfPage\":{\"@id\":\"https:\\\/\\\/www.industri-sl.com\\\/de\\\/ingenieurleistungen\\\/#primaryimage\"},\"image\":{\"@id\":\"https:\\\/\\\/www.industri-sl.com\\\/de\\\/ingenieurleistungen\\\/#primaryimage\"},\"thumbnailUrl\":\"https:\\\/\\\/www.industri-sl.com\\\/wp-content\\\/uploads\\\/ingenieria-2.jpg\",\"datePublished\":\"2019-11-21T18:20:52+00:00\",\"dateModified\":\"2021-05-04T12:52:43+00:00\",\"description\":\"INDUSTRI verf\u00fcgt \u00fcber eine Forschungs- und Entwicklungsabteilung, in der wir in enger Zusammenarbeit mit unseren Kunden neue Produkte entwickeln.\",\"breadcrumb\":{\"@id\":\"https:\\\/\\\/www.industri-sl.com\\\/de\\\/ingenieurleistungen\\\/#breadcrumb\"},\"inLanguage\":\"de\",\"potentialAction\":[{\"@type\":\"ReadAction\",\"target\":[\"https:\\\/\\\/www.industri-sl.com\\\/de\\\/ingenieurleistungen\\\/\"]}]},{\"@type\":\"ImageObject\",\"inLanguage\":\"de\",\"@id\":\"https:\\\/\\\/www.industri-sl.com\\\/de\\\/ingenieurleistungen\\\/#primaryimage\",\"url\":\"https:\\\/\\\/www.industri-sl.com\\\/wp-content\\\/uploads\\\/ingenieria-2.jpg\",\"contentUrl\":\"https:\\\/\\\/www.industri-sl.com\\\/wp-content\\\/uploads\\\/ingenieria-2.jpg\"},{\"@type\":\"BreadcrumbList\",\"@id\":\"https:\\\/\\\/www.industri-sl.com\\\/de\\\/ingenieurleistungen\\\/#breadcrumb\",\"itemListElement\":[{\"@type\":\"ListItem\",\"position\":1,\"name\":\"Inicio\",\"item\":\"https:\\\/\\\/www.industri-sl.com\\\/de\\\/\"},{\"@type\":\"ListItem\",\"position\":2,\"name\":\"Ingenieurleistungen\"}]},{\"@type\":\"WebSite\",\"@id\":\"https:\\\/\\\/www.industri-sl.com\\\/de\\\/#website\",\"url\":\"https:\\\/\\\/www.industri-sl.com\\\/de\\\/\",\"name\":\"Industri SL\",\"description\":\"\",\"publisher\":{\"@id\":\"https:\\\/\\\/www.industri-sl.com\\\/de\\\/#organization\"},\"potentialAction\":[{\"@type\":\"SearchAction\",\"target\":{\"@type\":\"EntryPoint\",\"urlTemplate\":\"https:\\\/\\\/www.industri-sl.com\\\/de\\\/?s={search_term_string}\"},\"query-input\":{\"@type\":\"PropertyValueSpecification\",\"valueRequired\":true,\"valueName\":\"search_term_string\"}}],\"inLanguage\":\"de\"},{\"@type\":\"Organization\",\"@id\":\"https:\\\/\\\/www.industri-sl.com\\\/de\\\/#organization\",\"name\":\"Industri SL\",\"url\":\"https:\\\/\\\/www.industri-sl.com\\\/de\\\/\",\"logo\":{\"@type\":\"ImageObject\",\"inLanguage\":\"de\",\"@id\":\"https:\\\/\\\/www.industri-sl.com\\\/de\\\/#\\\/schema\\\/logo\\\/image\\\/\",\"url\":\"https:\\\/\\\/www.industri-sl.com\\\/wp-content\\\/uploads\\\/industri-logo.png\",\"contentUrl\":\"https:\\\/\\\/www.industri-sl.com\\\/wp-content\\\/uploads\\\/industri-logo.png\",\"width\":248,\"height\":45,\"caption\":\"Industri SL\"},\"image\":{\"@id\":\"https:\\\/\\\/www.industri-sl.com\\\/de\\\/#\\\/schema\\\/logo\\\/image\\\/\"}}]}<\/script>\n<!-- \/ Yoast SEO plugin. -->","yoast_head_json":{"title":"Ingenieurleistungen - INDUSTRI","description":"INDUSTRI verf\u00fcgt \u00fcber eine Forschungs- und Entwicklungsabteilung, in der wir in enger Zusammenarbeit mit unseren Kunden neue Produkte entwickeln.","robots":{"index":"index","follow":"follow","max-snippet":"max-snippet:-1","max-image-preview":"max-image-preview:large","max-video-preview":"max-video-preview:-1"},"canonical":"https:\/\/www.industri-sl.com\/de\/ingenieurleistungen\/","og_locale":"de_DE","og_type":"article","og_title":"Ingenieurleistungen - INDUSTRI","og_description":"INDUSTRI verf\u00fcgt \u00fcber eine Forschungs- und Entwicklungsabteilung, in der wir in enger Zusammenarbeit mit unseren Kunden neue Produkte entwickeln.","og_url":"https:\/\/www.industri-sl.com\/de\/ingenieurleistungen\/","og_site_name":"Industri SL","article_modified_time":"2021-05-04T12:52:43+00:00","og_image":[{"url":"https:\/\/www.industri-sl.com\/wp-content\/uploads\/ingenieria-2.jpg","type":"","width":"","height":""}],"twitter_card":"summary_large_image","twitter_misc":{"Gesch\u00e4tzte Lesezeit":"1\u00a0Minute"},"schema":{"@context":"https:\/\/schema.org","@graph":[{"@type":"WebPage","@id":"https:\/\/www.industri-sl.com\/de\/ingenieurleistungen\/","url":"https:\/\/www.industri-sl.com\/de\/ingenieurleistungen\/","name":"Ingenieurleistungen - INDUSTRI","isPartOf":{"@id":"https:\/\/www.industri-sl.com\/de\/#website"},"primaryImageOfPage":{"@id":"https:\/\/www.industri-sl.com\/de\/ingenieurleistungen\/#primaryimage"},"image":{"@id":"https:\/\/www.industri-sl.com\/de\/ingenieurleistungen\/#primaryimage"},"thumbnailUrl":"https:\/\/www.industri-sl.com\/wp-content\/uploads\/ingenieria-2.jpg","datePublished":"2019-11-21T18:20:52+00:00","dateModified":"2021-05-04T12:52:43+00:00","description":"INDUSTRI verf\u00fcgt \u00fcber eine Forschungs- und Entwicklungsabteilung, in der wir in enger Zusammenarbeit mit unseren Kunden neue Produkte entwickeln.","breadcrumb":{"@id":"https:\/\/www.industri-sl.com\/de\/ingenieurleistungen\/#breadcrumb"},"inLanguage":"de","potentialAction":[{"@type":"ReadAction","target":["https:\/\/www.industri-sl.com\/de\/ingenieurleistungen\/"]}]},{"@type":"ImageObject","inLanguage":"de","@id":"https:\/\/www.industri-sl.com\/de\/ingenieurleistungen\/#primaryimage","url":"https:\/\/www.industri-sl.com\/wp-content\/uploads\/ingenieria-2.jpg","contentUrl":"https:\/\/www.industri-sl.com\/wp-content\/uploads\/ingenieria-2.jpg"},{"@type":"BreadcrumbList","@id":"https:\/\/www.industri-sl.com\/de\/ingenieurleistungen\/#breadcrumb","itemListElement":[{"@type":"ListItem","position":1,"name":"Inicio","item":"https:\/\/www.industri-sl.com\/de\/"},{"@type":"ListItem","position":2,"name":"Ingenieurleistungen"}]},{"@type":"WebSite","@id":"https:\/\/www.industri-sl.com\/de\/#website","url":"https:\/\/www.industri-sl.com\/de\/","name":"Industri SL","description":"","publisher":{"@id":"https:\/\/www.industri-sl.com\/de\/#organization"},"potentialAction":[{"@type":"SearchAction","target":{"@type":"EntryPoint","urlTemplate":"https:\/\/www.industri-sl.com\/de\/?s={search_term_string}"},"query-input":{"@type":"PropertyValueSpecification","valueRequired":true,"valueName":"search_term_string"}}],"inLanguage":"de"},{"@type":"Organization","@id":"https:\/\/www.industri-sl.com\/de\/#organization","name":"Industri SL","url":"https:\/\/www.industri-sl.com\/de\/","logo":{"@type":"ImageObject","inLanguage":"de","@id":"https:\/\/www.industri-sl.com\/de\/#\/schema\/logo\/image\/","url":"https:\/\/www.industri-sl.com\/wp-content\/uploads\/industri-logo.png","contentUrl":"https:\/\/www.industri-sl.com\/wp-content\/uploads\/industri-logo.png","width":248,"height":45,"caption":"Industri SL"},"image":{"@id":"https:\/\/www.industri-sl.com\/de\/#\/schema\/logo\/image\/"}}]}},"_links":{"self":[{"href":"https:\/\/www.industri-sl.com\/de\/wp-json\/wp\/v2\/pages\/8831","targetHints":{"allow":["GET"]}}],"collection":[{"href":"https:\/\/www.industri-sl.com\/de\/wp-json\/wp\/v2\/pages"}],"about":[{"href":"https:\/\/www.industri-sl.com\/de\/wp-json\/wp\/v2\/types\/page"}],"author":[{"embeddable":true,"href":"https:\/\/www.industri-sl.com\/de\/wp-json\/wp\/v2\/users\/3"}],"replies":[{"embeddable":true,"href":"https:\/\/www.industri-sl.com\/de\/wp-json\/wp\/v2\/comments?post=8831"}],"version-history":[{"count":0,"href":"https:\/\/www.industri-sl.com\/de\/wp-json\/wp\/v2\/pages\/8831\/revisions"}],"wp:attachment":[{"href":"https:\/\/www.industri-sl.com\/de\/wp-json\/wp\/v2\/media?parent=8831"}],"curies":[{"name":"wp","href":"https:\/\/api.w.org\/{rel}","templated":true}]}}