{"id":8818,"date":"2019-11-11T14:35:36","date_gmt":"2019-11-11T13:35:36","guid":{"rendered":"https:\/\/www.industri-sl.com\/urban\/marquesinas\/"},"modified":"2020-01-29T10:56:31","modified_gmt":"2020-01-29T09:56:31","slug":"schutzdaecher","status":"publish","type":"page","link":"https:\/\/www.industri-sl.com\/de\/urban\/schutzdaecher\/","title":{"rendered":"Fertigung von Zubeh\u00f6r f\u00fcr Kioske und Schutzd\u00e4cher"},"content":{"rendered":"<h2>Fertigung von kundenspezifischen Teilen f\u00fcr Kioske und Schutzd\u00e4cher<\/h2>\n<p><img loading=\"lazy\" decoding=\"async\" class=\"alignright wp-image-3049\" src=\"https:\/\/www.industri-sl.com\/wp-content\/uploads\/nuevo-quiosco-once-1-300x228.jpg\" alt=\"Fertigung von kundenspezifischen Teilen f\u00fcr Kioske und Schutzd\u00e4cher\" width=\"450\" height=\"342\" srcset=\"https:\/\/www.industri-sl.com\/wp-content\/uploads\/nuevo-quiosco-once-1-300x228.jpg 300w, https:\/\/www.industri-sl.com\/wp-content\/uploads\/nuevo-quiosco-once-1-768x584.jpg 768w, https:\/\/www.industri-sl.com\/wp-content\/uploads\/nuevo-quiosco-once-1.jpg 800w\" sizes=\"auto, (max-width: 450px) 100vw, 450px\" \/><\/p>\n<p>INDUSTRI verf\u00fcgt <a href=\"https:\/\/www.industri-sl.com\/de\/ueber-uns\/\">\u00fcber mehr als 60 Jahre Erfahrung<\/a> in der Entwicklung und Herstellung von Ersatzteilen und kundenspezifisch gefertigten Teilen f\u00fcr st\u00e4dtische Fahrzeuge, Maschinen und Ausr\u00fcstungen.<\/p>\n<p>INDUSTRI wurde von der ONCE (Spanische Blindenorganisation) beauftragt, die im Juli in Madrid vorgestellten Vorh\u00e4nge f\u00fcr die neuen ONCE-Kioske zu entwerfen und nach Ma\u00df zu fertigen. <strong>Diese Kioske haben gegen\u00fcber ihrer Vorg\u00e4ngerversion zahlreiche Verbesserungen eingef\u00fchrt<\/strong>, darunter Vorh\u00e4nge, die die gro\u00dfe Glasfl\u00e4che abdecken. Diese Rollos, die die gesamte Glasoberfl\u00e4che der Kabine bedecken, wurden von INDUSTRI kundenspezifisch nach Ma\u00df entworfen und hergestellt und tragen zur Temperaturregelung im Kiosk und somit zum Komfort der Mitarbeiter bei.<\/p>\n<p>Neben den Kiosken der ONCE <a href=\"https:\/\/www.industri-sl.com\/de\/urban\/\">entwirft und fertigt INDUSTRI auch Zubeh\u00f6r f\u00fcr Stra\u00dfenm\u00f6bel<\/a> wie Schutzd\u00e4cher f\u00fcr Bushaltestellen, Eing\u00e4nge zu Geb\u00e4uden oder Parkpl\u00e4tze.<\/p>\n<h2>Welche Art von Vorh\u00e4ngen fertigen wir f\u00fcr Kioske und Schutzd\u00e4cher?<\/h2>\n<h3>Rastrollos<\/h3>\n<p><img loading=\"lazy\" decoding=\"async\" class=\"alignright wp-image-2156 size-medium\" src=\"https:\/\/www.industri-sl.com\/wp-content\/uploads\/cortina-autofrenada-2-2-300x225.jpg\" alt=\"Rastrollos f\u00fcr Kioske und Schutzd\u00e4cher\" width=\"300\" height=\"225\" srcset=\"https:\/\/www.industri-sl.com\/wp-content\/uploads\/cortina-autofrenada-2-2-300x225.jpg 300w, https:\/\/www.industri-sl.com\/wp-content\/uploads\/cortina-autofrenada-2-2-768x576.jpg 768w, https:\/\/www.industri-sl.com\/wp-content\/uploads\/cortina-autofrenada-2-2.jpg 800w\" sizes=\"auto, (max-width: 300px) 100vw, 300px\" \/><\/p>\n<p>Dieses Vorhangmodell hat eine l\u00e4ngere Lebensdauer als andere, <strong>da es ein sanftes Aufrollen erm\u00f6glicht<\/strong>, wenn der Benutzer den Vorhang pl\u00f6tzlich losl\u00e4sst.<\/p>\n<p><a href=\"https:\/\/www.industri-sl.com\/de\/kontakt\/\">Schauen Sie<\/a> sich unser umfangreiches Sortiment an Stoffen, Farben und Zubeh\u00f6r f\u00fcr unsere Rastrollos an.<\/p>\n<h3>Scherenrollos<\/h3>\n<p><img loading=\"lazy\" decoding=\"async\" class=\"alignright wp-image-2363 size-medium\" src=\"https:\/\/www.industri-sl.com\/wp-content\/uploads\/cortina-london-1-3-e1576738920996-300x193.jpg\" alt=\"Scherenrollos f\u00fcr Kioske und Schutzd\u00e4cher\" width=\"300\" height=\"193\" srcset=\"https:\/\/www.industri-sl.com\/wp-content\/uploads\/cortina-london-1-3-e1576738920996-300x193.jpg 300w, https:\/\/www.industri-sl.com\/wp-content\/uploads\/cortina-london-1-3-e1576738920996-768x495.jpg 768w, https:\/\/www.industri-sl.com\/wp-content\/uploads\/cortina-london-1-3-e1576738920996.jpg 792w\" sizes=\"auto, (max-width: 300px) 100vw, 300px\" \/><\/p>\n<p>Dank eines von <a href=\"https:\/\/www.industri-sl.com\/de\/ingenieurleistungen\/\">unserer F+E+I-Abteilung<\/a> entwickelten Systems k\u00f6nnen diese Vorh\u00e4nge je nach Platzierungsbedarf in verschiedenen Winkeln positioniert werden.<\/p>\n<p>Diese elektrischen Scherenrollos  sind mit einem r\u00fcckw\u00e4rtigen Scherensystem ausgestattet, dank dem die seitlichen F\u00fchrungsstangen des Vorhangs \u00fcberfl\u00fcssig werden. Sie sind mit lautlosen 24V-Motoren mit Endschaltern zum programmierbaren \u00d6ffnen und Schlie\u00dfen ausgestattet. Das Geh\u00e4use ist aus <strong>grau lackiertem Aluminium<\/strong>.<\/p>\n<p>Zus\u00e4tzlich zur Scherenausf\u00fchrung ist auch ein <strong>X-f\u00f6rmiges Modell lieferbar<\/strong>.<\/p>\n<h3>Elektrische Rollos<\/h3>\n<p><img loading=\"lazy\" decoding=\"async\" class=\"alignright wp-image-2076 size-medium\" src=\"https:\/\/www.industri-sl.com\/wp-content\/uploads\/cortina-electrica-enrollable-2-2-300x225.jpg\" alt=\"Elektrische Rollos f\u00fcr Kioske und Schutzd\u00e4cher\" width=\"300\" height=\"225\" srcset=\"https:\/\/www.industri-sl.com\/wp-content\/uploads\/cortina-electrica-enrollable-2-2-300x225.jpg 300w, https:\/\/www.industri-sl.com\/wp-content\/uploads\/cortina-electrica-enrollable-2-2-768x576.jpg 768w, https:\/\/www.industri-sl.com\/wp-content\/uploads\/cortina-electrica-enrollable-2-2.jpg 800w\" sizes=\"auto, (max-width: 300px) 100vw, 300px\" \/><\/p>\n<p>Die elektrischen Rollos sind je nach Verwendungszweck mit unterschiedlichen Motortypen ausgestattet. In der Regel verwenden <strong>wir bei INDUSTRI einen Rohrmotor<\/strong>. Diese Vorh\u00e4nge werden mit einem Au\u00dfengeh\u00e4use aus Aluminium hergestellt, k\u00f6nnen aber auch ohne Geh\u00e4use gefertigt werden.<\/p>\n<p>Wir verf\u00fcgen \u00fcber eine gro\u00dfe Auswahl an Stoffen mit verschiedenen Grammaturen und Farben, <strong>die alle schwer entflammbar sind<\/strong>.<\/p>\n<h3>Mechanische Rollos<\/h3>\n<p><img loading=\"lazy\" decoding=\"async\" class=\"alignright wp-image-2813 size-medium\" src=\"https:\/\/www.industri-sl.com\/wp-content\/uploads\/cortina-mecanica-2-3-300x225.jpg\" alt=\"Mechanische Rollos f\u00fcr Kioske und Schutzd\u00e4cher\" width=\"300\" height=\"225\" srcset=\"https:\/\/www.industri-sl.com\/wp-content\/uploads\/cortina-mecanica-2-3-300x225.jpg 300w, https:\/\/www.industri-sl.com\/wp-content\/uploads\/cortina-mecanica-2-3-768x576.jpg 768w, https:\/\/www.industri-sl.com\/wp-content\/uploads\/cortina-mecanica-2-3.jpg 800w\" sizes=\"auto, (max-width: 300px) 100vw, 300px\" \/><\/p>\n<p>Die mechanisch bet\u00e4tigten Rollos verf\u00fcgen <strong>\u00fcber einen Rasthebel und eine Zugkordel zum Aufrollen<\/strong>. Diese Zugkordel kann links oder rechts neben dem Vorhang angebracht werden.<\/p>\n<p>Die Vorh\u00e4nge haben ein mattschwarzes Au\u00dfengeh\u00e4use aus eloxiertem Aluminium, <strong>das den Stoff sch\u00fctzt<\/strong>, k\u00f6nnen jedoch mit oder ohne Geh\u00e4use gefertigt werden. In diesen F\u00e4llen gibt es keinen Rasthebel und die Bet\u00e4tigung ist frei laufend.<\/p>\n<p>Dazu besteht die M\u00f6glichkeit, im unteren Teil unserer mechanisch bet\u00e4tigten Rollos als Sonnenschutz einen undurchl\u00e4ssigen Streifen einzuf\u00fcgen. Sie k\u00f6nnen auch <strong>mit einem kleinen zentralen Mechanismus<\/strong> versehen werden, der als Griff dient.<\/p>\n","protected":false},"excerpt":{"rendered":"<p>Fertigung von kundenspezifischen Teilen f\u00fcr Kioske und Schutzd\u00e4cher INDUSTRI verf\u00fcgt \u00fcber mehr als 60 Jahre Erfahrung in der Entwicklung und Herstellung von Ersatzteilen und kundenspezifisch gefertigten Teilen f\u00fcr st\u00e4dtische Fahrzeuge, Maschinen und Ausr\u00fcstungen. INDUSTRI wurde von der ONCE (Spanische Blindenorganisation) beauftragt, die im Juli in Madrid vorgestellten Vorh\u00e4nge f\u00fcr die neuen ONCE-Kioske zu entwerfen und [&hellip;]<\/p>\n","protected":false},"author":3,"featured_media":0,"parent":8814,"menu_order":0,"comment_status":"closed","ping_status":"closed","template":"page-vehiculos.php","meta":{"footnotes":""},"class_list":["post-8818","page","type-page","status-publish","hentry"],"yoast_head":"<!-- This site is optimized with the Yoast SEO plugin v27.5 - https:\/\/yoast.com\/product\/yoast-seo-wordpress\/ -->\n<title>Kundenspezifische Ersatzteile und Teile f\u00fcr Kioske oder Schutzd\u00e4cher - INDUSTRI<\/title>\n<meta name=\"description\" content=\"In INDUSTRI entwerfen, bemustern und fertigen wir kundenspezifische Ersatzteile und Teile f\u00fcr Kioske oder Schutzd\u00e4cher, wie z. B. elektrische oder mechanische Rollos.\" \/>\n<meta name=\"robots\" content=\"index, follow, max-snippet:-1, max-image-preview:large, max-video-preview:-1\" \/>\n<link rel=\"canonical\" href=\"https:\/\/www.industri-sl.com\/de\/urban\/schutzdaecher\/\" \/>\n<meta property=\"og:locale\" content=\"de_DE\" \/>\n<meta property=\"og:type\" content=\"article\" \/>\n<meta property=\"og:title\" content=\"Kundenspezifische Ersatzteile und Teile f\u00fcr Kioske oder Schutzd\u00e4cher - INDUSTRI\" \/>\n<meta property=\"og:description\" content=\"In INDUSTRI entwerfen, bemustern und fertigen wir kundenspezifische Ersatzteile und Teile f\u00fcr Kioske oder Schutzd\u00e4cher, wie z. B. elektrische oder mechanische Rollos.\" \/>\n<meta property=\"og:url\" content=\"https:\/\/www.industri-sl.com\/de\/urban\/schutzdaecher\/\" \/>\n<meta property=\"og:site_name\" content=\"Industri SL\" \/>\n<meta property=\"article:modified_time\" content=\"2020-01-29T09:56:31+00:00\" \/>\n<meta property=\"og:image\" content=\"https:\/\/www.industri-sl.com\/wp-content\/uploads\/nuevo-quiosco-once-1-300x228.jpg\" \/>\n<meta name=\"twitter:card\" content=\"summary_large_image\" \/>\n<meta name=\"twitter:label1\" content=\"Gesch\u00e4tzte Lesezeit\" \/>\n\t<meta name=\"twitter:data1\" content=\"2\u00a0Minuten\" \/>\n<script type=\"application\/ld+json\" class=\"yoast-schema-graph\">{\"@context\":\"https:\\\/\\\/schema.org\",\"@graph\":[{\"@type\":\"WebPage\",\"@id\":\"https:\\\/\\\/www.industri-sl.com\\\/de\\\/urban\\\/schutzdaecher\\\/\",\"url\":\"https:\\\/\\\/www.industri-sl.com\\\/de\\\/urban\\\/schutzdaecher\\\/\",\"name\":\"Kundenspezifische Ersatzteile und Teile f\u00fcr Kioske oder Schutzd\u00e4cher - INDUSTRI\",\"isPartOf\":{\"@id\":\"https:\\\/\\\/www.industri-sl.com\\\/de\\\/#website\"},\"primaryImageOfPage\":{\"@id\":\"https:\\\/\\\/www.industri-sl.com\\\/de\\\/urban\\\/schutzdaecher\\\/#primaryimage\"},\"image\":{\"@id\":\"https:\\\/\\\/www.industri-sl.com\\\/de\\\/urban\\\/schutzdaecher\\\/#primaryimage\"},\"thumbnailUrl\":\"https:\\\/\\\/www.industri-sl.com\\\/wp-content\\\/uploads\\\/nuevo-quiosco-once-1-300x228.jpg\",\"datePublished\":\"2019-11-11T13:35:36+00:00\",\"dateModified\":\"2020-01-29T09:56:31+00:00\",\"description\":\"In INDUSTRI entwerfen, bemustern und fertigen wir kundenspezifische Ersatzteile und Teile f\u00fcr Kioske oder Schutzd\u00e4cher, wie z. B. elektrische oder mechanische Rollos.\",\"breadcrumb\":{\"@id\":\"https:\\\/\\\/www.industri-sl.com\\\/de\\\/urban\\\/schutzdaecher\\\/#breadcrumb\"},\"inLanguage\":\"de\",\"potentialAction\":[{\"@type\":\"ReadAction\",\"target\":[\"https:\\\/\\\/www.industri-sl.com\\\/de\\\/urban\\\/schutzdaecher\\\/\"]}]},{\"@type\":\"ImageObject\",\"inLanguage\":\"de\",\"@id\":\"https:\\\/\\\/www.industri-sl.com\\\/de\\\/urban\\\/schutzdaecher\\\/#primaryimage\",\"url\":\"https:\\\/\\\/www.industri-sl.com\\\/wp-content\\\/uploads\\\/nuevo-quiosco-once-1-300x228.jpg\",\"contentUrl\":\"https:\\\/\\\/www.industri-sl.com\\\/wp-content\\\/uploads\\\/nuevo-quiosco-once-1-300x228.jpg\"},{\"@type\":\"BreadcrumbList\",\"@id\":\"https:\\\/\\\/www.industri-sl.com\\\/de\\\/urban\\\/schutzdaecher\\\/#breadcrumb\",\"itemListElement\":[{\"@type\":\"ListItem\",\"position\":1,\"name\":\"Inicio\",\"item\":\"https:\\\/\\\/www.industri-sl.com\\\/de\\\/\"},{\"@type\":\"ListItem\",\"position\":2,\"name\":\"Gesch\u00e4ftsbereich Urban\",\"item\":\"https:\\\/\\\/www.industri-sl.com\\\/de\\\/urban\\\/\"},{\"@type\":\"ListItem\",\"position\":3,\"name\":\"Fertigung von Zubeh\u00f6r f\u00fcr Kioske und Schutzd\u00e4cher\"}]},{\"@type\":\"WebSite\",\"@id\":\"https:\\\/\\\/www.industri-sl.com\\\/de\\\/#website\",\"url\":\"https:\\\/\\\/www.industri-sl.com\\\/de\\\/\",\"name\":\"Industri SL\",\"description\":\"\",\"publisher\":{\"@id\":\"https:\\\/\\\/www.industri-sl.com\\\/de\\\/#organization\"},\"potentialAction\":[{\"@type\":\"SearchAction\",\"target\":{\"@type\":\"EntryPoint\",\"urlTemplate\":\"https:\\\/\\\/www.industri-sl.com\\\/de\\\/?s={search_term_string}\"},\"query-input\":{\"@type\":\"PropertyValueSpecification\",\"valueRequired\":true,\"valueName\":\"search_term_string\"}}],\"inLanguage\":\"de\"},{\"@type\":\"Organization\",\"@id\":\"https:\\\/\\\/www.industri-sl.com\\\/de\\\/#organization\",\"name\":\"Industri SL\",\"url\":\"https:\\\/\\\/www.industri-sl.com\\\/de\\\/\",\"logo\":{\"@type\":\"ImageObject\",\"inLanguage\":\"de\",\"@id\":\"https:\\\/\\\/www.industri-sl.com\\\/de\\\/#\\\/schema\\\/logo\\\/image\\\/\",\"url\":\"https:\\\/\\\/www.industri-sl.com\\\/wp-content\\\/uploads\\\/industri-logo.png\",\"contentUrl\":\"https:\\\/\\\/www.industri-sl.com\\\/wp-content\\\/uploads\\\/industri-logo.png\",\"width\":248,\"height\":45,\"caption\":\"Industri SL\"},\"image\":{\"@id\":\"https:\\\/\\\/www.industri-sl.com\\\/de\\\/#\\\/schema\\\/logo\\\/image\\\/\"}}]}<\/script>\n<!-- \/ Yoast SEO plugin. -->","yoast_head_json":{"title":"Kundenspezifische Ersatzteile und Teile f\u00fcr Kioske oder Schutzd\u00e4cher - INDUSTRI","description":"In INDUSTRI entwerfen, bemustern und fertigen wir kundenspezifische Ersatzteile und Teile f\u00fcr Kioske oder Schutzd\u00e4cher, wie z. B. elektrische oder mechanische Rollos.","robots":{"index":"index","follow":"follow","max-snippet":"max-snippet:-1","max-image-preview":"max-image-preview:large","max-video-preview":"max-video-preview:-1"},"canonical":"https:\/\/www.industri-sl.com\/de\/urban\/schutzdaecher\/","og_locale":"de_DE","og_type":"article","og_title":"Kundenspezifische Ersatzteile und Teile f\u00fcr Kioske oder Schutzd\u00e4cher - INDUSTRI","og_description":"In INDUSTRI entwerfen, bemustern und fertigen wir kundenspezifische Ersatzteile und Teile f\u00fcr Kioske oder Schutzd\u00e4cher, wie z. B. elektrische oder mechanische Rollos.","og_url":"https:\/\/www.industri-sl.com\/de\/urban\/schutzdaecher\/","og_site_name":"Industri SL","article_modified_time":"2020-01-29T09:56:31+00:00","og_image":[{"url":"https:\/\/www.industri-sl.com\/wp-content\/uploads\/nuevo-quiosco-once-1-300x228.jpg","type":"","width":"","height":""}],"twitter_card":"summary_large_image","twitter_misc":{"Gesch\u00e4tzte Lesezeit":"2\u00a0Minuten"},"schema":{"@context":"https:\/\/schema.org","@graph":[{"@type":"WebPage","@id":"https:\/\/www.industri-sl.com\/de\/urban\/schutzdaecher\/","url":"https:\/\/www.industri-sl.com\/de\/urban\/schutzdaecher\/","name":"Kundenspezifische Ersatzteile und Teile f\u00fcr Kioske oder Schutzd\u00e4cher - INDUSTRI","isPartOf":{"@id":"https:\/\/www.industri-sl.com\/de\/#website"},"primaryImageOfPage":{"@id":"https:\/\/www.industri-sl.com\/de\/urban\/schutzdaecher\/#primaryimage"},"image":{"@id":"https:\/\/www.industri-sl.com\/de\/urban\/schutzdaecher\/#primaryimage"},"thumbnailUrl":"https:\/\/www.industri-sl.com\/wp-content\/uploads\/nuevo-quiosco-once-1-300x228.jpg","datePublished":"2019-11-11T13:35:36+00:00","dateModified":"2020-01-29T09:56:31+00:00","description":"In INDUSTRI entwerfen, bemustern und fertigen wir kundenspezifische Ersatzteile und Teile f\u00fcr Kioske oder Schutzd\u00e4cher, wie z. B. elektrische oder mechanische Rollos.","breadcrumb":{"@id":"https:\/\/www.industri-sl.com\/de\/urban\/schutzdaecher\/#breadcrumb"},"inLanguage":"de","potentialAction":[{"@type":"ReadAction","target":["https:\/\/www.industri-sl.com\/de\/urban\/schutzdaecher\/"]}]},{"@type":"ImageObject","inLanguage":"de","@id":"https:\/\/www.industri-sl.com\/de\/urban\/schutzdaecher\/#primaryimage","url":"https:\/\/www.industri-sl.com\/wp-content\/uploads\/nuevo-quiosco-once-1-300x228.jpg","contentUrl":"https:\/\/www.industri-sl.com\/wp-content\/uploads\/nuevo-quiosco-once-1-300x228.jpg"},{"@type":"BreadcrumbList","@id":"https:\/\/www.industri-sl.com\/de\/urban\/schutzdaecher\/#breadcrumb","itemListElement":[{"@type":"ListItem","position":1,"name":"Inicio","item":"https:\/\/www.industri-sl.com\/de\/"},{"@type":"ListItem","position":2,"name":"Gesch\u00e4ftsbereich Urban","item":"https:\/\/www.industri-sl.com\/de\/urban\/"},{"@type":"ListItem","position":3,"name":"Fertigung von Zubeh\u00f6r f\u00fcr Kioske und Schutzd\u00e4cher"}]},{"@type":"WebSite","@id":"https:\/\/www.industri-sl.com\/de\/#website","url":"https:\/\/www.industri-sl.com\/de\/","name":"Industri SL","description":"","publisher":{"@id":"https:\/\/www.industri-sl.com\/de\/#organization"},"potentialAction":[{"@type":"SearchAction","target":{"@type":"EntryPoint","urlTemplate":"https:\/\/www.industri-sl.com\/de\/?s={search_term_string}"},"query-input":{"@type":"PropertyValueSpecification","valueRequired":true,"valueName":"search_term_string"}}],"inLanguage":"de"},{"@type":"Organization","@id":"https:\/\/www.industri-sl.com\/de\/#organization","name":"Industri SL","url":"https:\/\/www.industri-sl.com\/de\/","logo":{"@type":"ImageObject","inLanguage":"de","@id":"https:\/\/www.industri-sl.com\/de\/#\/schema\/logo\/image\/","url":"https:\/\/www.industri-sl.com\/wp-content\/uploads\/industri-logo.png","contentUrl":"https:\/\/www.industri-sl.com\/wp-content\/uploads\/industri-logo.png","width":248,"height":45,"caption":"Industri SL"},"image":{"@id":"https:\/\/www.industri-sl.com\/de\/#\/schema\/logo\/image\/"}}]}},"_links":{"self":[{"href":"https:\/\/www.industri-sl.com\/de\/wp-json\/wp\/v2\/pages\/8818","targetHints":{"allow":["GET"]}}],"collection":[{"href":"https:\/\/www.industri-sl.com\/de\/wp-json\/wp\/v2\/pages"}],"about":[{"href":"https:\/\/www.industri-sl.com\/de\/wp-json\/wp\/v2\/types\/page"}],"author":[{"embeddable":true,"href":"https:\/\/www.industri-sl.com\/de\/wp-json\/wp\/v2\/users\/3"}],"replies":[{"embeddable":true,"href":"https:\/\/www.industri-sl.com\/de\/wp-json\/wp\/v2\/comments?post=8818"}],"version-history":[{"count":0,"href":"https:\/\/www.industri-sl.com\/de\/wp-json\/wp\/v2\/pages\/8818\/revisions"}],"up":[{"embeddable":true,"href":"https:\/\/www.industri-sl.com\/de\/wp-json\/wp\/v2\/pages\/8814"}],"wp:attachment":[{"href":"https:\/\/www.industri-sl.com\/de\/wp-json\/wp\/v2\/media?parent=8818"}],"curies":[{"name":"wp","href":"https:\/\/api.w.org\/{rel}","templated":true}]}}