{"id":8814,"date":"2019-11-11T14:31:09","date_gmt":"2019-11-11T13:31:09","guid":{"rendered":"https:\/\/www.industri-sl.com\/urban\/"},"modified":"2020-01-29T10:52:21","modified_gmt":"2020-01-29T09:52:21","slug":"urban","status":"publish","type":"page","link":"https:\/\/www.industri-sl.com\/de\/urban\/","title":{"rendered":"Gesch\u00e4ftsbereich Urban"},"content":{"rendered":"<h1>Gesch\u00e4ftsbereich Urban<\/h1>\n<p>INDUSTRI verf\u00fcgt \u00fcber mehr als 60 Jahre Erfahrung in der Entwicklung und Herstellung von Ersatzteilen und kundenspezifisch gefertigten Teilen f\u00fcr st\u00e4dtische Fahrzeuge, Maschinen und Ausr\u00fcstungen. <\/p>\n<p>Wir entwerfen, bemustern und fertigen mechanisch und elektrisch bet\u00e4tigte Vorh\u00e4nge sowie Innen- und Au\u00dfenspiegel f\u00fcr alle Arten von st\u00e4dtischen Ausr\u00fcstungen und Fahrzeugen wie Kioske, Schutzd\u00e4cher und Stra\u00dfenreinigungsfahrzeuge. <\/p>\n<p>Unser Ingenieurteam kann jedes unserer Zubeh\u00f6rteile an die technischen Anforderungen des Projekts anpassen oder das Teil von Grund auf neu konzipieren. <\/p>\n<h4>Was bieten wir an?<\/h4>\n<div><a class=\"boton\" href=\"#primary\">KUNDENSPEZIFISCHE FERTIGUNG<\/a> <a class=\"boton\" href=\"#servicios-ingenieria\">INGENIEURLEISTUNGEN<\/a><\/div>\n","protected":false},"excerpt":{"rendered":"<p>Gesch\u00e4ftsbereich Urban INDUSTRI verf\u00fcgt \u00fcber mehr als 60 Jahre Erfahrung in der Entwicklung und Herstellung von Ersatzteilen und kundenspezifisch gefertigten Teilen f\u00fcr st\u00e4dtische Fahrzeuge, Maschinen und Ausr\u00fcstungen. Wir entwerfen, bemustern und fertigen mechanisch und elektrisch bet\u00e4tigte Vorh\u00e4nge sowie Innen- und Au\u00dfenspiegel f\u00fcr alle Arten von st\u00e4dtischen Ausr\u00fcstungen und Fahrzeugen wie Kioske, Schutzd\u00e4cher und Stra\u00dfenreinigungsfahrzeuge. Unser [&hellip;]<\/p>\n","protected":false},"author":3,"featured_media":0,"parent":0,"menu_order":0,"comment_status":"closed","ping_status":"closed","template":"page-urban.php","meta":{"footnotes":""},"class_list":["post-8814","page","type-page","status-publish","hentry"],"yoast_head":"<!-- This site is optimized with the Yoast SEO plugin v27.2 - https:\/\/yoast.com\/product\/yoast-seo-wordpress\/ -->\n<title>Gesch\u00e4ftsbereich Urban - INDUSTRI<\/title>\n<meta name=\"description\" content=\"In Industri entwerfen, bemustern und fertigen wir kundenspezifische Ersatzteile und Teile f\u00fcr st\u00e4dtisches Mobiliar und Fahrzeuge, wie z. B. Kioske oder Schutzd\u00e4cher.\" \/>\n<meta name=\"robots\" content=\"index, follow, max-snippet:-1, max-image-preview:large, max-video-preview:-1\" \/>\n<link rel=\"canonical\" href=\"https:\/\/www.industri-sl.com\/de\/urban\/\" \/>\n<meta property=\"og:locale\" content=\"de_DE\" \/>\n<meta property=\"og:type\" content=\"article\" \/>\n<meta property=\"og:title\" content=\"Gesch\u00e4ftsbereich Urban - INDUSTRI\" \/>\n<meta property=\"og:description\" content=\"In Industri entwerfen, bemustern und fertigen wir kundenspezifische Ersatzteile und Teile f\u00fcr st\u00e4dtisches Mobiliar und Fahrzeuge, wie z. B. Kioske oder Schutzd\u00e4cher.\" \/>\n<meta property=\"og:url\" content=\"https:\/\/www.industri-sl.com\/de\/urban\/\" \/>\n<meta property=\"og:site_name\" content=\"Industri SL\" \/>\n<meta property=\"article:modified_time\" content=\"2020-01-29T09:52:21+00:00\" \/>\n<meta name=\"twitter:card\" content=\"summary_large_image\" \/>\n<script type=\"application\/ld+json\" class=\"yoast-schema-graph\">{\"@context\":\"https:\/\/schema.org\",\"@graph\":[{\"@type\":\"WebPage\",\"@id\":\"https:\/\/www.industri-sl.com\/de\/urban\/\",\"url\":\"https:\/\/www.industri-sl.com\/de\/urban\/\",\"name\":\"Gesch\u00e4ftsbereich Urban - INDUSTRI\",\"isPartOf\":{\"@id\":\"https:\/\/www.industri-sl.com\/de\/#website\"},\"datePublished\":\"2019-11-11T13:31:09+00:00\",\"dateModified\":\"2020-01-29T09:52:21+00:00\",\"description\":\"In Industri entwerfen, bemustern und fertigen wir kundenspezifische Ersatzteile und Teile f\u00fcr st\u00e4dtisches Mobiliar und Fahrzeuge, wie z. B. Kioske oder Schutzd\u00e4cher.\",\"breadcrumb\":{\"@id\":\"https:\/\/www.industri-sl.com\/de\/urban\/#breadcrumb\"},\"inLanguage\":\"de\",\"potentialAction\":[{\"@type\":\"ReadAction\",\"target\":[\"https:\/\/www.industri-sl.com\/de\/urban\/\"]}]},{\"@type\":\"BreadcrumbList\",\"@id\":\"https:\/\/www.industri-sl.com\/de\/urban\/#breadcrumb\",\"itemListElement\":[{\"@type\":\"ListItem\",\"position\":1,\"name\":\"Inicio\",\"item\":\"https:\/\/www.industri-sl.com\/de\/\"},{\"@type\":\"ListItem\",\"position\":2,\"name\":\"Gesch\u00e4ftsbereich Urban\"}]},{\"@type\":\"WebSite\",\"@id\":\"https:\/\/www.industri-sl.com\/de\/#website\",\"url\":\"https:\/\/www.industri-sl.com\/de\/\",\"name\":\"Industri SL\",\"description\":\"\",\"publisher\":{\"@id\":\"https:\/\/www.industri-sl.com\/de\/#organization\"},\"potentialAction\":[{\"@type\":\"SearchAction\",\"target\":{\"@type\":\"EntryPoint\",\"urlTemplate\":\"https:\/\/www.industri-sl.com\/de\/?s={search_term_string}\"},\"query-input\":{\"@type\":\"PropertyValueSpecification\",\"valueRequired\":true,\"valueName\":\"search_term_string\"}}],\"inLanguage\":\"de\"},{\"@type\":\"Organization\",\"@id\":\"https:\/\/www.industri-sl.com\/de\/#organization\",\"name\":\"Industri SL\",\"url\":\"https:\/\/www.industri-sl.com\/de\/\",\"logo\":{\"@type\":\"ImageObject\",\"inLanguage\":\"de\",\"@id\":\"https:\/\/www.industri-sl.com\/de\/#\/schema\/logo\/image\/\",\"url\":\"https:\/\/www.industri-sl.com\/wp-content\/uploads\/industri-logo.png\",\"contentUrl\":\"https:\/\/www.industri-sl.com\/wp-content\/uploads\/industri-logo.png\",\"width\":248,\"height\":45,\"caption\":\"Industri SL\"},\"image\":{\"@id\":\"https:\/\/www.industri-sl.com\/de\/#\/schema\/logo\/image\/\"}}]}<\/script>\n<!-- \/ Yoast SEO plugin. -->","yoast_head_json":{"title":"Gesch\u00e4ftsbereich Urban - INDUSTRI","description":"In Industri entwerfen, bemustern und fertigen wir kundenspezifische Ersatzteile und Teile f\u00fcr st\u00e4dtisches Mobiliar und Fahrzeuge, wie z. B. Kioske oder Schutzd\u00e4cher.","robots":{"index":"index","follow":"follow","max-snippet":"max-snippet:-1","max-image-preview":"max-image-preview:large","max-video-preview":"max-video-preview:-1"},"canonical":"https:\/\/www.industri-sl.com\/de\/urban\/","og_locale":"de_DE","og_type":"article","og_title":"Gesch\u00e4ftsbereich Urban - INDUSTRI","og_description":"In Industri entwerfen, bemustern und fertigen wir kundenspezifische Ersatzteile und Teile f\u00fcr st\u00e4dtisches Mobiliar und Fahrzeuge, wie z. B. Kioske oder Schutzd\u00e4cher.","og_url":"https:\/\/www.industri-sl.com\/de\/urban\/","og_site_name":"Industri SL","article_modified_time":"2020-01-29T09:52:21+00:00","twitter_card":"summary_large_image","schema":{"@context":"https:\/\/schema.org","@graph":[{"@type":"WebPage","@id":"https:\/\/www.industri-sl.com\/de\/urban\/","url":"https:\/\/www.industri-sl.com\/de\/urban\/","name":"Gesch\u00e4ftsbereich Urban - INDUSTRI","isPartOf":{"@id":"https:\/\/www.industri-sl.com\/de\/#website"},"datePublished":"2019-11-11T13:31:09+00:00","dateModified":"2020-01-29T09:52:21+00:00","description":"In Industri entwerfen, bemustern und fertigen wir kundenspezifische Ersatzteile und Teile f\u00fcr st\u00e4dtisches Mobiliar und Fahrzeuge, wie z. B. Kioske oder Schutzd\u00e4cher.","breadcrumb":{"@id":"https:\/\/www.industri-sl.com\/de\/urban\/#breadcrumb"},"inLanguage":"de","potentialAction":[{"@type":"ReadAction","target":["https:\/\/www.industri-sl.com\/de\/urban\/"]}]},{"@type":"BreadcrumbList","@id":"https:\/\/www.industri-sl.com\/de\/urban\/#breadcrumb","itemListElement":[{"@type":"ListItem","position":1,"name":"Inicio","item":"https:\/\/www.industri-sl.com\/de\/"},{"@type":"ListItem","position":2,"name":"Gesch\u00e4ftsbereich Urban"}]},{"@type":"WebSite","@id":"https:\/\/www.industri-sl.com\/de\/#website","url":"https:\/\/www.industri-sl.com\/de\/","name":"Industri SL","description":"","publisher":{"@id":"https:\/\/www.industri-sl.com\/de\/#organization"},"potentialAction":[{"@type":"SearchAction","target":{"@type":"EntryPoint","urlTemplate":"https:\/\/www.industri-sl.com\/de\/?s={search_term_string}"},"query-input":{"@type":"PropertyValueSpecification","valueRequired":true,"valueName":"search_term_string"}}],"inLanguage":"de"},{"@type":"Organization","@id":"https:\/\/www.industri-sl.com\/de\/#organization","name":"Industri SL","url":"https:\/\/www.industri-sl.com\/de\/","logo":{"@type":"ImageObject","inLanguage":"de","@id":"https:\/\/www.industri-sl.com\/de\/#\/schema\/logo\/image\/","url":"https:\/\/www.industri-sl.com\/wp-content\/uploads\/industri-logo.png","contentUrl":"https:\/\/www.industri-sl.com\/wp-content\/uploads\/industri-logo.png","width":248,"height":45,"caption":"Industri SL"},"image":{"@id":"https:\/\/www.industri-sl.com\/de\/#\/schema\/logo\/image\/"}}]}},"_links":{"self":[{"href":"https:\/\/www.industri-sl.com\/de\/wp-json\/wp\/v2\/pages\/8814","targetHints":{"allow":["GET"]}}],"collection":[{"href":"https:\/\/www.industri-sl.com\/de\/wp-json\/wp\/v2\/pages"}],"about":[{"href":"https:\/\/www.industri-sl.com\/de\/wp-json\/wp\/v2\/types\/page"}],"author":[{"embeddable":true,"href":"https:\/\/www.industri-sl.com\/de\/wp-json\/wp\/v2\/users\/3"}],"replies":[{"embeddable":true,"href":"https:\/\/www.industri-sl.com\/de\/wp-json\/wp\/v2\/comments?post=8814"}],"version-history":[{"count":0,"href":"https:\/\/www.industri-sl.com\/de\/wp-json\/wp\/v2\/pages\/8814\/revisions"}],"wp:attachment":[{"href":"https:\/\/www.industri-sl.com\/de\/wp-json\/wp\/v2\/media?parent=8814"}],"curies":[{"name":"wp","href":"https:\/\/api.w.org\/{rel}","templated":true}]}}