{"id":8812,"date":"2019-11-11T14:23:17","date_gmt":"2019-11-11T13:23:17","guid":{"rendered":"https:\/\/www.industri-sl.com\/transport\/spezialfahrzeuge\/escolares\/"},"modified":"2020-01-29T10:49:24","modified_gmt":"2020-01-29T09:49:24","slug":"schulbus","status":"publish","type":"page","link":"https:\/\/www.industri-sl.com\/de\/transport\/spezialfahrzeuge\/schulbus\/","title":{"rendered":"Herstellung von Zubeh\u00f6r f\u00fcr Sch\u00fclertransportfahrzeuge"},"content":{"rendered":"<h2>Fertigung kundenspezifischer Teile f\u00fcr Sch\u00fclertransportfahrzeuge<\/h2>\n<p>Bei INDUSTRI <strong>fertigen wir kundenspezifische<\/strong> Zubeh\u00f6rteile f\u00fcr Sch\u00fclertransportfahrzeuge: Vorh\u00e4nge, R\u00fcckspiegel, Dachfenster, Scharniere, Radkappen, Trittstufen&#8230; Alles, was man f\u00fcr einen sicheren und komfortablen Sch\u00fclertransport ben\u00f6tigt. Dar\u00fcber hinaus darf man auch die obligatorische Beschilderung des Sch\u00fclertransports nicht vernachl\u00e4ssigen, da wir das V10-Schild in verschiedenen Formaten und Gr\u00f6\u00dfen entwerfen und herstellen.<\/p>\n<h3>Wir fertigen gepr\u00fcfte und zugelassene Schulvorh\u00e4nge<\/h3>\n<p>Vorh\u00e4nge oder Sch\u00fclertransportschilder <strong>sind ein obligatorisches Element<\/strong> in jedem Fahrzeug, das Schulkinder bef\u00f6rdert. Wir bieten unseren Kunden das reflektierende V10-Schild oder Vorhang  in verschiedenen Gr\u00f6\u00dfen und Formaten an: starr, aufrollbar und\/oder mit LED-Beleuchtung.<\/p>\n<p><a class=\"boton\" href=\"https:\/\/www.industri-sl.com\/de\/transport\/bus\/schulbus\/\">Weitere Informationen<\/a><\/p>\n<div class=\"slider-gallery-wrapper \"><div class=\"slider-gallery\"><div id=\"sliderify-carousel-1\" class=\"owl-carousel\"><div class=\"sliderify-owl-item-inner\"><img decoding=\"async\" src=\"https:\/\/www.industri-sl.com\/wp-content\/uploads\/cortina-autobus-escolar-rigida-1.jpg\"><\/div><div class=\"sliderify-owl-item-inner\"><img decoding=\"async\" src=\"https:\/\/www.industri-sl.com\/wp-content\/uploads\/cortina-1-1.jpg\"><\/div><div class=\"sliderify-owl-item-inner\"><img decoding=\"async\" src=\"https:\/\/www.industri-sl.com\/wp-content\/uploads\/cortina-escolar-led-1.jpg\"><\/div><\/div><!-- .owl-carousel --><\/div><!-- .slider-gallery --><\/div><!-- .slider-gallery-wrapper --><script>\n\t\t\tjQuery(document).ready(function($){\n\t\t\t\tcarousel1 = $('#sliderify-carousel-1');\ncarousel1.imagesLoaded(function(){carousel1.owlCarousel({items:2,\nstagePadding:0,\nnav:1,\nnavText:['<span><\/span><span><\/span>','<span><\/span><span><\/span>'],\ncenter:1,\nloop:1,\nmargin:0,\nautoWidth:false,\nautoHeight:true,\nstageOuterClass:'sliderify-stage-outer',\nstageClass:'sliderify-stage',\nnavContainerClass:'sliderify-nav',\ncontrolsClass:'sliderify-controls',\ndotsClass:'sliderify-dots',\ndotClass:'sliderify-dot',\nonInitialized:function(event){\n\t\t\t\tconsole.log('init');\n\t\t\t},\n});});\n});\n\t\t\t<\/script>\n<h3>Zubeh\u00f6r f\u00fcr alle Arten von Sch\u00fclertransportfahrzeuge<\/h3>\n<p>Der Sch\u00fclertransport kann mit <strong>verschiedenen Fahrzeugtypen<\/strong> durchgef\u00fchrt werden: Bussen, Kleinbussen und Taxis, die den Sch\u00fclertransportdienst durchf\u00fchren. Unabh\u00e4ngig vom Fahrzeugtyp m\u00fcssen sie alle die entsprechende Beschilderung f\u00fchren, wenngleich auch die gesetzlichen Anforderungen unterschiedlich sind:<\/p>\n<ul>\n<li><strong>Fahrzeuge mit bis zu 19 Sitzpl\u00e4tzen:<\/strong> Das Frontschild ist nicht erforderlich und das Heckschild muss eine Seitenl\u00e4nge von 20 cm aufweisen.<\/li>\n<li><strong>Fahrzeuge mit mehr als 19 Sitzpl\u00e4tzen und einer L\u00e4nge von bis zu 10 Metern:<\/strong> Beide Schilder, sowohl das Front- als auch das Heckschild, sind obligatorisch und m\u00fcssen eine Seitenl\u00e4nge von jeweils 20 cm aufweisen.<\/li>\n<li><strong>Fahrzeuge mit einer L\u00e4nge von mehr als 10 Metern:<\/strong> Beide Schilder, sowohl das Front- als auch das Heckschild, sind obligatorisch und m\u00fcssen eine Seitenl\u00e4nge von jeweils 36 cm aufweisen.<\/li>\n<\/ul>\n<p>Bei INDUSTRI verf\u00fcgen wir \u00fcber das entsprechende <strong>V10-Schild<\/strong>, das Sie brauchen und das den Anforderungen der Allgemeinen Kfz-Verordnung entspricht.<\/p>\n<div class=\"modelos\">\n<h4>Andere Fahrzeuge, f\u00fcr die wir auch kundenspezifische Teile herstellen:<\/h4>\n<div class=\"flex\">\n<a href=\"https:\/\/www.industri-sl.com\/de\/transport\/spezialfahrzeuge\/krankenwagen\/\"><img loading=\"lazy\" decoding=\"async\" class=\"alignnone wp-image-1740 size-medium\" src=\"https:\/\/www.industri-sl.com\/wp-content\/uploads\/ambulancia-1-1-300x216.jpg\" alt=\"Fertigung kundenspezifischer Teile f\u00fcr Krankenwagen\" width=\"300\" height=\"216\" srcset=\"https:\/\/www.industri-sl.com\/wp-content\/uploads\/ambulancia-1-1-300x216.jpg 300w, https:\/\/www.industri-sl.com\/wp-content\/uploads\/ambulancia-1-1-768x552.jpg 768w, https:\/\/www.industri-sl.com\/wp-content\/uploads\/ambulancia-1-1.jpg 800w\" sizes=\"auto, (max-width: 300px) 100vw, 300px\" \/><br \/>\n<span>Krankenwagen<\/span><\/a><br \/>\n<a href=\"https:\/\/www.industri-sl.com\/de\/transport\/spezialfahrzeuge\/polizeifahrzeuge\/\"><img loading=\"lazy\" decoding=\"async\" class=\"alignnone wp-image-1736 size-medium\" src=\"https:\/\/www.industri-sl.com\/wp-content\/uploads\/policia-1-1-300x216.jpg\" alt=\"Fertigung kundenspezifischer Teile f\u00fcr Polizeifahrzeuge\" width=\"300\" height=\"216\" srcset=\"https:\/\/www.industri-sl.com\/wp-content\/uploads\/policia-1-1-300x216.jpg 300w, https:\/\/www.industri-sl.com\/wp-content\/uploads\/policia-1-1-768x552.jpg 768w, https:\/\/www.industri-sl.com\/wp-content\/uploads\/policia-1-1.jpg 800w\" sizes=\"auto, (max-width: 300px) 100vw, 300px\" \/><br \/>\n<span>Polizeifahrzeuge<\/span><\/a><\/div>\n<\/div>\n","protected":false},"excerpt":{"rendered":"<p>Fertigung kundenspezifischer Teile f\u00fcr Sch\u00fclertransportfahrzeuge Bei INDUSTRI fertigen wir kundenspezifische Zubeh\u00f6rteile f\u00fcr Sch\u00fclertransportfahrzeuge: Vorh\u00e4nge, R\u00fcckspiegel, Dachfenster, Scharniere, Radkappen, Trittstufen&#8230; Alles, was man f\u00fcr einen sicheren und komfortablen Sch\u00fclertransport ben\u00f6tigt. Dar\u00fcber hinaus darf man auch die obligatorische Beschilderung des Sch\u00fclertransports nicht vernachl\u00e4ssigen, da wir das V10-Schild in verschiedenen Formaten und Gr\u00f6\u00dfen entwerfen und herstellen. Wir fertigen [&hellip;]<\/p>\n","protected":false},"author":3,"featured_media":0,"parent":8805,"menu_order":0,"comment_status":"closed","ping_status":"closed","template":"page-vehiculos.php","meta":{"footnotes":""},"class_list":["post-8812","page","type-page","status-publish","hentry"],"yoast_head":"<!-- This site is optimized with the Yoast SEO plugin v27.2 - https:\/\/yoast.com\/product\/yoast-seo-wordpress\/ -->\n<title>Fertigung kundenspezifischer Teile f\u00fcr Sch\u00fclertransportfahrzeuge - INDUSTRI<\/title>\n<meta name=\"description\" content=\"Bei INDUSTRI fertigen und konstruieren wir kundenspezifische Teile f\u00fcr Sch\u00fclertransportfahrzeuge, wie z. B. R\u00fcckspiegel oder Vorh\u00e4nge.\" \/>\n<meta name=\"robots\" content=\"index, follow, max-snippet:-1, max-image-preview:large, max-video-preview:-1\" \/>\n<link rel=\"canonical\" href=\"https:\/\/www.industri-sl.com\/de\/transport\/spezialfahrzeuge\/schulbus\/\" \/>\n<meta property=\"og:locale\" content=\"de_DE\" \/>\n<meta property=\"og:type\" content=\"article\" \/>\n<meta property=\"og:title\" content=\"Fertigung kundenspezifischer Teile f\u00fcr Sch\u00fclertransportfahrzeuge - INDUSTRI\" \/>\n<meta property=\"og:description\" content=\"Bei INDUSTRI fertigen und konstruieren wir kundenspezifische Teile f\u00fcr Sch\u00fclertransportfahrzeuge, wie z. B. R\u00fcckspiegel oder Vorh\u00e4nge.\" \/>\n<meta property=\"og:url\" content=\"https:\/\/www.industri-sl.com\/de\/transport\/spezialfahrzeuge\/schulbus\/\" \/>\n<meta property=\"og:site_name\" content=\"Industri SL\" \/>\n<meta property=\"article:modified_time\" content=\"2020-01-29T09:49:24+00:00\" \/>\n<meta property=\"og:image\" content=\"https:\/\/www.industri-sl.com\/wp-content\/uploads\/cortina-autobus-escolar-rigida-1.jpg\" \/>\n<meta name=\"twitter:card\" content=\"summary_large_image\" \/>\n<meta name=\"twitter:label1\" content=\"Gesch\u00e4tzte Lesezeit\" \/>\n\t<meta name=\"twitter:data1\" content=\"2\u00a0Minuten\" \/>\n<script type=\"application\/ld+json\" class=\"yoast-schema-graph\">{\"@context\":\"https:\/\/schema.org\",\"@graph\":[{\"@type\":\"WebPage\",\"@id\":\"https:\/\/www.industri-sl.com\/de\/transport\/spezialfahrzeuge\/schulbus\/\",\"url\":\"https:\/\/www.industri-sl.com\/de\/transport\/spezialfahrzeuge\/schulbus\/\",\"name\":\"Fertigung kundenspezifischer Teile f\u00fcr Sch\u00fclertransportfahrzeuge - INDUSTRI\",\"isPartOf\":{\"@id\":\"https:\/\/www.industri-sl.com\/de\/#website\"},\"primaryImageOfPage\":{\"@id\":\"https:\/\/www.industri-sl.com\/de\/transport\/spezialfahrzeuge\/schulbus\/#primaryimage\"},\"image\":{\"@id\":\"https:\/\/www.industri-sl.com\/de\/transport\/spezialfahrzeuge\/schulbus\/#primaryimage\"},\"thumbnailUrl\":\"https:\/\/www.industri-sl.com\/wp-content\/uploads\/ambulancia-1-1-300x216.jpg\",\"datePublished\":\"2019-11-11T13:23:17+00:00\",\"dateModified\":\"2020-01-29T09:49:24+00:00\",\"description\":\"Bei INDUSTRI fertigen und konstruieren wir kundenspezifische Teile f\u00fcr Sch\u00fclertransportfahrzeuge, wie z. B. R\u00fcckspiegel oder Vorh\u00e4nge.\",\"breadcrumb\":{\"@id\":\"https:\/\/www.industri-sl.com\/de\/transport\/spezialfahrzeuge\/schulbus\/#breadcrumb\"},\"inLanguage\":\"de\",\"potentialAction\":[{\"@type\":\"ReadAction\",\"target\":[\"https:\/\/www.industri-sl.com\/de\/transport\/spezialfahrzeuge\/schulbus\/\"]}]},{\"@type\":\"ImageObject\",\"inLanguage\":\"de\",\"@id\":\"https:\/\/www.industri-sl.com\/de\/transport\/spezialfahrzeuge\/schulbus\/#primaryimage\",\"url\":\"https:\/\/www.industri-sl.com\/wp-content\/uploads\/ambulancia-1-1-300x216.jpg\",\"contentUrl\":\"https:\/\/www.industri-sl.com\/wp-content\/uploads\/ambulancia-1-1-300x216.jpg\"},{\"@type\":\"BreadcrumbList\",\"@id\":\"https:\/\/www.industri-sl.com\/de\/transport\/spezialfahrzeuge\/schulbus\/#breadcrumb\",\"itemListElement\":[{\"@type\":\"ListItem\",\"position\":1,\"name\":\"Inicio\",\"item\":\"https:\/\/www.industri-sl.com\/de\/\"},{\"@type\":\"ListItem\",\"position\":2,\"name\":\"Gesch\u00e4ftsbereich Transport\",\"item\":\"https:\/\/www.industri-sl.com\/de\/transport\/\"},{\"@type\":\"ListItem\",\"position\":3,\"name\":\"Kundenspezifische Fertigung f\u00fcr Spezialfahrzeuge\",\"item\":\"https:\/\/www.industri-sl.com\/de\/transport\/spezialfahrzeuge\/\"},{\"@type\":\"ListItem\",\"position\":4,\"name\":\"Herstellung von Zubeh\u00f6r f\u00fcr Sch\u00fclertransportfahrzeuge\"}]},{\"@type\":\"WebSite\",\"@id\":\"https:\/\/www.industri-sl.com\/de\/#website\",\"url\":\"https:\/\/www.industri-sl.com\/de\/\",\"name\":\"Industri SL\",\"description\":\"\",\"publisher\":{\"@id\":\"https:\/\/www.industri-sl.com\/de\/#organization\"},\"potentialAction\":[{\"@type\":\"SearchAction\",\"target\":{\"@type\":\"EntryPoint\",\"urlTemplate\":\"https:\/\/www.industri-sl.com\/de\/?s={search_term_string}\"},\"query-input\":{\"@type\":\"PropertyValueSpecification\",\"valueRequired\":true,\"valueName\":\"search_term_string\"}}],\"inLanguage\":\"de\"},{\"@type\":\"Organization\",\"@id\":\"https:\/\/www.industri-sl.com\/de\/#organization\",\"name\":\"Industri SL\",\"url\":\"https:\/\/www.industri-sl.com\/de\/\",\"logo\":{\"@type\":\"ImageObject\",\"inLanguage\":\"de\",\"@id\":\"https:\/\/www.industri-sl.com\/de\/#\/schema\/logo\/image\/\",\"url\":\"https:\/\/www.industri-sl.com\/wp-content\/uploads\/industri-logo.png\",\"contentUrl\":\"https:\/\/www.industri-sl.com\/wp-content\/uploads\/industri-logo.png\",\"width\":248,\"height\":45,\"caption\":\"Industri SL\"},\"image\":{\"@id\":\"https:\/\/www.industri-sl.com\/de\/#\/schema\/logo\/image\/\"}}]}<\/script>\n<!-- \/ Yoast SEO plugin. -->","yoast_head_json":{"title":"Fertigung kundenspezifischer Teile f\u00fcr Sch\u00fclertransportfahrzeuge - INDUSTRI","description":"Bei INDUSTRI fertigen und konstruieren wir kundenspezifische Teile f\u00fcr Sch\u00fclertransportfahrzeuge, wie z. B. R\u00fcckspiegel oder Vorh\u00e4nge.","robots":{"index":"index","follow":"follow","max-snippet":"max-snippet:-1","max-image-preview":"max-image-preview:large","max-video-preview":"max-video-preview:-1"},"canonical":"https:\/\/www.industri-sl.com\/de\/transport\/spezialfahrzeuge\/schulbus\/","og_locale":"de_DE","og_type":"article","og_title":"Fertigung kundenspezifischer Teile f\u00fcr Sch\u00fclertransportfahrzeuge - INDUSTRI","og_description":"Bei INDUSTRI fertigen und konstruieren wir kundenspezifische Teile f\u00fcr Sch\u00fclertransportfahrzeuge, wie z. B. R\u00fcckspiegel oder Vorh\u00e4nge.","og_url":"https:\/\/www.industri-sl.com\/de\/transport\/spezialfahrzeuge\/schulbus\/","og_site_name":"Industri SL","article_modified_time":"2020-01-29T09:49:24+00:00","og_image":[{"url":"https:\/\/www.industri-sl.com\/wp-content\/uploads\/cortina-autobus-escolar-rigida-1.jpg","type":"","width":"","height":""}],"twitter_card":"summary_large_image","twitter_misc":{"Gesch\u00e4tzte Lesezeit":"2\u00a0Minuten"},"schema":{"@context":"https:\/\/schema.org","@graph":[{"@type":"WebPage","@id":"https:\/\/www.industri-sl.com\/de\/transport\/spezialfahrzeuge\/schulbus\/","url":"https:\/\/www.industri-sl.com\/de\/transport\/spezialfahrzeuge\/schulbus\/","name":"Fertigung kundenspezifischer Teile f\u00fcr Sch\u00fclertransportfahrzeuge - INDUSTRI","isPartOf":{"@id":"https:\/\/www.industri-sl.com\/de\/#website"},"primaryImageOfPage":{"@id":"https:\/\/www.industri-sl.com\/de\/transport\/spezialfahrzeuge\/schulbus\/#primaryimage"},"image":{"@id":"https:\/\/www.industri-sl.com\/de\/transport\/spezialfahrzeuge\/schulbus\/#primaryimage"},"thumbnailUrl":"https:\/\/www.industri-sl.com\/wp-content\/uploads\/ambulancia-1-1-300x216.jpg","datePublished":"2019-11-11T13:23:17+00:00","dateModified":"2020-01-29T09:49:24+00:00","description":"Bei INDUSTRI fertigen und konstruieren wir kundenspezifische Teile f\u00fcr Sch\u00fclertransportfahrzeuge, wie z. B. R\u00fcckspiegel oder Vorh\u00e4nge.","breadcrumb":{"@id":"https:\/\/www.industri-sl.com\/de\/transport\/spezialfahrzeuge\/schulbus\/#breadcrumb"},"inLanguage":"de","potentialAction":[{"@type":"ReadAction","target":["https:\/\/www.industri-sl.com\/de\/transport\/spezialfahrzeuge\/schulbus\/"]}]},{"@type":"ImageObject","inLanguage":"de","@id":"https:\/\/www.industri-sl.com\/de\/transport\/spezialfahrzeuge\/schulbus\/#primaryimage","url":"https:\/\/www.industri-sl.com\/wp-content\/uploads\/ambulancia-1-1-300x216.jpg","contentUrl":"https:\/\/www.industri-sl.com\/wp-content\/uploads\/ambulancia-1-1-300x216.jpg"},{"@type":"BreadcrumbList","@id":"https:\/\/www.industri-sl.com\/de\/transport\/spezialfahrzeuge\/schulbus\/#breadcrumb","itemListElement":[{"@type":"ListItem","position":1,"name":"Inicio","item":"https:\/\/www.industri-sl.com\/de\/"},{"@type":"ListItem","position":2,"name":"Gesch\u00e4ftsbereich Transport","item":"https:\/\/www.industri-sl.com\/de\/transport\/"},{"@type":"ListItem","position":3,"name":"Kundenspezifische Fertigung f\u00fcr Spezialfahrzeuge","item":"https:\/\/www.industri-sl.com\/de\/transport\/spezialfahrzeuge\/"},{"@type":"ListItem","position":4,"name":"Herstellung von Zubeh\u00f6r f\u00fcr Sch\u00fclertransportfahrzeuge"}]},{"@type":"WebSite","@id":"https:\/\/www.industri-sl.com\/de\/#website","url":"https:\/\/www.industri-sl.com\/de\/","name":"Industri SL","description":"","publisher":{"@id":"https:\/\/www.industri-sl.com\/de\/#organization"},"potentialAction":[{"@type":"SearchAction","target":{"@type":"EntryPoint","urlTemplate":"https:\/\/www.industri-sl.com\/de\/?s={search_term_string}"},"query-input":{"@type":"PropertyValueSpecification","valueRequired":true,"valueName":"search_term_string"}}],"inLanguage":"de"},{"@type":"Organization","@id":"https:\/\/www.industri-sl.com\/de\/#organization","name":"Industri SL","url":"https:\/\/www.industri-sl.com\/de\/","logo":{"@type":"ImageObject","inLanguage":"de","@id":"https:\/\/www.industri-sl.com\/de\/#\/schema\/logo\/image\/","url":"https:\/\/www.industri-sl.com\/wp-content\/uploads\/industri-logo.png","contentUrl":"https:\/\/www.industri-sl.com\/wp-content\/uploads\/industri-logo.png","width":248,"height":45,"caption":"Industri SL"},"image":{"@id":"https:\/\/www.industri-sl.com\/de\/#\/schema\/logo\/image\/"}}]}},"_links":{"self":[{"href":"https:\/\/www.industri-sl.com\/de\/wp-json\/wp\/v2\/pages\/8812","targetHints":{"allow":["GET"]}}],"collection":[{"href":"https:\/\/www.industri-sl.com\/de\/wp-json\/wp\/v2\/pages"}],"about":[{"href":"https:\/\/www.industri-sl.com\/de\/wp-json\/wp\/v2\/types\/page"}],"author":[{"embeddable":true,"href":"https:\/\/www.industri-sl.com\/de\/wp-json\/wp\/v2\/users\/3"}],"replies":[{"embeddable":true,"href":"https:\/\/www.industri-sl.com\/de\/wp-json\/wp\/v2\/comments?post=8812"}],"version-history":[{"count":0,"href":"https:\/\/www.industri-sl.com\/de\/wp-json\/wp\/v2\/pages\/8812\/revisions"}],"up":[{"embeddable":true,"href":"https:\/\/www.industri-sl.com\/de\/wp-json\/wp\/v2\/pages\/8805"}],"wp:attachment":[{"href":"https:\/\/www.industri-sl.com\/de\/wp-json\/wp\/v2\/media?parent=8812"}],"curies":[{"name":"wp","href":"https:\/\/api.w.org\/{rel}","templated":true}]}}