{"id":8805,"date":"2019-10-02T09:13:08","date_gmt":"2019-10-02T07:13:08","guid":{"rendered":"https:\/\/www.industri-sl.com\/transport\/vehiculos-especiales\/"},"modified":"2025-05-21T14:30:46","modified_gmt":"2025-05-21T12:30:46","slug":"spezialfahrzeuge","status":"publish","type":"page","link":"https:\/\/www.industri-sl.com\/de\/transport\/spezialfahrzeuge\/","title":{"rendered":"Kundenspezifische Fertigung f\u00fcr Spezialfahrzeuge"},"content":{"rendered":"<h2>Kundenspezifisch gefertigtes Zubeh\u00f6r f\u00fcr Spezialfahrzeuge<\/h2>\n<p><strong>INDUSTRI ist Spezialist f\u00fcr die Entwicklung<\/strong>, Bemusterung und Herstellung von Teilen und Ersatzteilen f\u00fcr alle Arten von Fahrzeugen, einschlie\u00dflich Spezialfahrzeugen wie Krankenwagen, Polizeiautos oder Sch\u00fclertransportfahrzeugen.<\/p>\n<p><a href=\"https:\/\/www.industri-sl.com\/de\/ueber-uns\/\">Mit mehr als 50 Jahren Erfahrung<\/a> begleiten wir den Kunden w\u00e4hrend des gesamten Prozesses vom Design des Teils bis zu seiner Fertigung. Unter Ber\u00fccksichtigung der von unseren Kunden angegebenen technischen Spezifikationen entwirft unser Ingenieur-Team das perfekte Bauteil f\u00fcr ihre Anforderungen. Wir fertigen Vorh\u00e4nge, Scheibengardinen, R\u00fcckspiegel (Innen und Au\u00dfen) und alle Arten von Innenausstattungselemente f\u00fcr Spezialfahrzeuge. <a href=\"https:\/\/www.industri-sl.com\/de\/kontakt\/\">Fragen Sie uns<\/a>!<\/p>\n<div class=\"modelos\">\n<h4>Wir fertigen Teile f\u00fcr:<\/h4>\n<div class=\"flex\">\n<a href=\"https:\/\/www.industri-sl.com\/de\/transport\/spezialfahrzeuge\/krankenwagen\/\"><img loading=\"lazy\" decoding=\"async\" class=\"alignnone size-medium wp-image-1740\" src=\"https:\/\/www.industri-sl.com\/wp-content\/uploads\/ambulancia-1-1-300x216.jpg\" alt=\"Kundenspezifisch gefertigtes Zubeh\u00f6r f\u00fcr Krankenwagen\" width=\"300\" height=\"216\" srcset=\"https:\/\/www.industri-sl.com\/wp-content\/uploads\/ambulancia-1-1-300x216.jpg 300w, https:\/\/www.industri-sl.com\/wp-content\/uploads\/ambulancia-1-1-768x552.jpg 768w, https:\/\/www.industri-sl.com\/wp-content\/uploads\/ambulancia-1-1.jpg 800w\" sizes=\"auto, (max-width: 300px) 100vw, 300px\" \/><br \/>\n<span>Krankenwagen<\/span><\/a><br \/>\n<a href=\"https:\/\/www.industri-sl.com\/de\/transport\/spezialfahrzeuge\/polizeifahrzeuge\/\"><img loading=\"lazy\" decoding=\"async\" class=\"alignnone size-medium wp-image-1736\" src=\"https:\/\/www.industri-sl.com\/wp-content\/uploads\/policia-1-1-300x216.jpg\" alt=\"Kundenspezifisch gefertigtes Zubeh\u00f6r f\u00fcr Polizeifahrzeuge\" width=\"300\" height=\"216\" srcset=\"https:\/\/www.industri-sl.com\/wp-content\/uploads\/policia-1-1-300x216.jpg 300w, https:\/\/www.industri-sl.com\/wp-content\/uploads\/policia-1-1-768x552.jpg 768w, https:\/\/www.industri-sl.com\/wp-content\/uploads\/policia-1-1.jpg 800w\" sizes=\"auto, (max-width: 300px) 100vw, 300px\" \/><br \/>\n<span>Polizeifahrzeuge<\/span><\/a><br \/>\n<a href=\"https:\/\/www.industri-sl.com\/de\/transport\/spezialfahrzeuge\/schulbus\/\"><img loading=\"lazy\" decoding=\"async\" class=\"alignnone size-medium wp-image-2264\" src=\"https:\/\/www.industri-sl.com\/wp-content\/uploads\/cortina-autobus-escolar-rigida-1-300x216.jpg\" alt=\"Kundenspezifisch gefertigtes Zubeh\u00f6r f\u00fcr Sch\u00fclertransportfahrzeuge\" width=\"300\" height=\"216\" srcset=\"https:\/\/www.industri-sl.com\/wp-content\/uploads\/cortina-autobus-escolar-rigida-1-300x216.jpg 300w, https:\/\/www.industri-sl.com\/wp-content\/uploads\/cortina-autobus-escolar-rigida-1-768x552.jpg 768w, https:\/\/www.industri-sl.com\/wp-content\/uploads\/cortina-autobus-escolar-rigida-1.jpg 800w\" sizes=\"auto, (max-width: 300px) 100vw, 300px\" \/><br \/>\n<span>Sch\u00fclertransportfahrzeuge<\/span><\/a>\n<\/div>\n<\/div>\n","protected":false},"excerpt":{"rendered":"<p>Kundenspezifisch gefertigtes Zubeh\u00f6r f\u00fcr Spezialfahrzeuge INDUSTRI ist Spezialist f\u00fcr die Entwicklung, Bemusterung und Herstellung von Teilen und Ersatzteilen f\u00fcr alle Arten von Fahrzeugen, einschlie\u00dflich Spezialfahrzeugen wie Krankenwagen, Polizeiautos oder Sch\u00fclertransportfahrzeugen. Mit mehr als 50 Jahren Erfahrung begleiten wir den Kunden w\u00e4hrend des gesamten Prozesses vom Design des Teils bis zu seiner Fertigung. Unter Ber\u00fccksichtigung der [&hellip;]<\/p>\n","protected":false},"author":3,"featured_media":0,"parent":8683,"menu_order":0,"comment_status":"closed","ping_status":"closed","template":"page-vehiculos.php","meta":{"footnotes":""},"class_list":["post-8805","page","type-page","status-publish","hentry"],"yoast_head":"<!-- This site is optimized with the Yoast SEO plugin v27.5 - https:\/\/yoast.com\/product\/yoast-seo-wordpress\/ -->\n<title>Fertigung kundenspezifischer Teile f\u00fcr Spezialfahrzeuge - INDUSTRI<\/title>\n<meta name=\"description\" content=\"Bei INDUSTRI entwerfen und fertigen wir kundenspezifischer Teile f\u00fcr Spezialfahrzeuge wie Krankenwagen, Polizeifahrzeuge oder Schulbusse.\" \/>\n<meta name=\"robots\" content=\"index, follow, max-snippet:-1, max-image-preview:large, max-video-preview:-1\" \/>\n<link rel=\"canonical\" href=\"https:\/\/www.industri-sl.com\/de\/transport\/spezialfahrzeuge\/\" \/>\n<meta property=\"og:locale\" content=\"de_DE\" \/>\n<meta property=\"og:type\" content=\"article\" \/>\n<meta property=\"og:title\" content=\"Fertigung kundenspezifischer Teile f\u00fcr Spezialfahrzeuge - INDUSTRI\" \/>\n<meta property=\"og:description\" content=\"Bei INDUSTRI entwerfen und fertigen wir kundenspezifischer Teile f\u00fcr Spezialfahrzeuge wie Krankenwagen, Polizeifahrzeuge oder Schulbusse.\" \/>\n<meta property=\"og:url\" content=\"https:\/\/www.industri-sl.com\/de\/transport\/spezialfahrzeuge\/\" \/>\n<meta property=\"og:site_name\" content=\"Industri SL\" \/>\n<meta property=\"article:modified_time\" content=\"2025-05-21T12:30:46+00:00\" \/>\n<meta property=\"og:image\" content=\"https:\/\/www.industri-sl.com\/wp-content\/uploads\/ambulancia-1-1.jpg\" \/>\n\t<meta property=\"og:image:width\" content=\"800\" \/>\n\t<meta property=\"og:image:height\" content=\"575\" \/>\n\t<meta property=\"og:image:type\" content=\"image\/jpeg\" \/>\n<meta name=\"twitter:card\" content=\"summary_large_image\" \/>\n<meta name=\"twitter:label1\" content=\"Gesch\u00e4tzte Lesezeit\" \/>\n\t<meta name=\"twitter:data1\" content=\"1\u00a0Minute\" \/>\n<script type=\"application\/ld+json\" class=\"yoast-schema-graph\">{\"@context\":\"https:\\\/\\\/schema.org\",\"@graph\":[{\"@type\":\"WebPage\",\"@id\":\"https:\\\/\\\/www.industri-sl.com\\\/de\\\/transport\\\/spezialfahrzeuge\\\/\",\"url\":\"https:\\\/\\\/www.industri-sl.com\\\/de\\\/transport\\\/spezialfahrzeuge\\\/\",\"name\":\"Fertigung kundenspezifischer Teile f\u00fcr Spezialfahrzeuge - INDUSTRI\",\"isPartOf\":{\"@id\":\"https:\\\/\\\/www.industri-sl.com\\\/de\\\/#website\"},\"primaryImageOfPage\":{\"@id\":\"https:\\\/\\\/www.industri-sl.com\\\/de\\\/transport\\\/spezialfahrzeuge\\\/#primaryimage\"},\"image\":{\"@id\":\"https:\\\/\\\/www.industri-sl.com\\\/de\\\/transport\\\/spezialfahrzeuge\\\/#primaryimage\"},\"thumbnailUrl\":\"https:\\\/\\\/www.industri-sl.com\\\/wp-content\\\/uploads\\\/ambulancia-1-1-300x216.jpg\",\"datePublished\":\"2019-10-02T07:13:08+00:00\",\"dateModified\":\"2025-05-21T12:30:46+00:00\",\"description\":\"Bei INDUSTRI entwerfen und fertigen wir kundenspezifischer Teile f\u00fcr Spezialfahrzeuge wie Krankenwagen, Polizeifahrzeuge oder Schulbusse.\",\"breadcrumb\":{\"@id\":\"https:\\\/\\\/www.industri-sl.com\\\/de\\\/transport\\\/spezialfahrzeuge\\\/#breadcrumb\"},\"inLanguage\":\"de\",\"potentialAction\":[{\"@type\":\"ReadAction\",\"target\":[\"https:\\\/\\\/www.industri-sl.com\\\/de\\\/transport\\\/spezialfahrzeuge\\\/\"]}]},{\"@type\":\"ImageObject\",\"inLanguage\":\"de\",\"@id\":\"https:\\\/\\\/www.industri-sl.com\\\/de\\\/transport\\\/spezialfahrzeuge\\\/#primaryimage\",\"url\":\"https:\\\/\\\/www.industri-sl.com\\\/wp-content\\\/uploads\\\/ambulancia-1-1-300x216.jpg\",\"contentUrl\":\"https:\\\/\\\/www.industri-sl.com\\\/wp-content\\\/uploads\\\/ambulancia-1-1-300x216.jpg\"},{\"@type\":\"BreadcrumbList\",\"@id\":\"https:\\\/\\\/www.industri-sl.com\\\/de\\\/transport\\\/spezialfahrzeuge\\\/#breadcrumb\",\"itemListElement\":[{\"@type\":\"ListItem\",\"position\":1,\"name\":\"Inicio\",\"item\":\"https:\\\/\\\/www.industri-sl.com\\\/de\\\/\"},{\"@type\":\"ListItem\",\"position\":2,\"name\":\"Gesch\u00e4ftsbereich Transport\",\"item\":\"https:\\\/\\\/www.industri-sl.com\\\/de\\\/transport\\\/\"},{\"@type\":\"ListItem\",\"position\":3,\"name\":\"Kundenspezifische Fertigung f\u00fcr Spezialfahrzeuge\"}]},{\"@type\":\"WebSite\",\"@id\":\"https:\\\/\\\/www.industri-sl.com\\\/de\\\/#website\",\"url\":\"https:\\\/\\\/www.industri-sl.com\\\/de\\\/\",\"name\":\"Industri SL\",\"description\":\"\",\"publisher\":{\"@id\":\"https:\\\/\\\/www.industri-sl.com\\\/de\\\/#organization\"},\"potentialAction\":[{\"@type\":\"SearchAction\",\"target\":{\"@type\":\"EntryPoint\",\"urlTemplate\":\"https:\\\/\\\/www.industri-sl.com\\\/de\\\/?s={search_term_string}\"},\"query-input\":{\"@type\":\"PropertyValueSpecification\",\"valueRequired\":true,\"valueName\":\"search_term_string\"}}],\"inLanguage\":\"de\"},{\"@type\":\"Organization\",\"@id\":\"https:\\\/\\\/www.industri-sl.com\\\/de\\\/#organization\",\"name\":\"Industri SL\",\"url\":\"https:\\\/\\\/www.industri-sl.com\\\/de\\\/\",\"logo\":{\"@type\":\"ImageObject\",\"inLanguage\":\"de\",\"@id\":\"https:\\\/\\\/www.industri-sl.com\\\/de\\\/#\\\/schema\\\/logo\\\/image\\\/\",\"url\":\"https:\\\/\\\/www.industri-sl.com\\\/wp-content\\\/uploads\\\/industri-logo.png\",\"contentUrl\":\"https:\\\/\\\/www.industri-sl.com\\\/wp-content\\\/uploads\\\/industri-logo.png\",\"width\":248,\"height\":45,\"caption\":\"Industri SL\"},\"image\":{\"@id\":\"https:\\\/\\\/www.industri-sl.com\\\/de\\\/#\\\/schema\\\/logo\\\/image\\\/\"}}]}<\/script>\n<!-- \/ Yoast SEO plugin. -->","yoast_head_json":{"title":"Fertigung kundenspezifischer Teile f\u00fcr Spezialfahrzeuge - INDUSTRI","description":"Bei INDUSTRI entwerfen und fertigen wir kundenspezifischer Teile f\u00fcr Spezialfahrzeuge wie Krankenwagen, Polizeifahrzeuge oder Schulbusse.","robots":{"index":"index","follow":"follow","max-snippet":"max-snippet:-1","max-image-preview":"max-image-preview:large","max-video-preview":"max-video-preview:-1"},"canonical":"https:\/\/www.industri-sl.com\/de\/transport\/spezialfahrzeuge\/","og_locale":"de_DE","og_type":"article","og_title":"Fertigung kundenspezifischer Teile f\u00fcr Spezialfahrzeuge - INDUSTRI","og_description":"Bei INDUSTRI entwerfen und fertigen wir kundenspezifischer Teile f\u00fcr Spezialfahrzeuge wie Krankenwagen, Polizeifahrzeuge oder Schulbusse.","og_url":"https:\/\/www.industri-sl.com\/de\/transport\/spezialfahrzeuge\/","og_site_name":"Industri SL","article_modified_time":"2025-05-21T12:30:46+00:00","og_image":[{"width":800,"height":575,"url":"https:\/\/www.industri-sl.com\/wp-content\/uploads\/ambulancia-1-1.jpg","type":"image\/jpeg"}],"twitter_card":"summary_large_image","twitter_misc":{"Gesch\u00e4tzte Lesezeit":"1\u00a0Minute"},"schema":{"@context":"https:\/\/schema.org","@graph":[{"@type":"WebPage","@id":"https:\/\/www.industri-sl.com\/de\/transport\/spezialfahrzeuge\/","url":"https:\/\/www.industri-sl.com\/de\/transport\/spezialfahrzeuge\/","name":"Fertigung kundenspezifischer Teile f\u00fcr Spezialfahrzeuge - INDUSTRI","isPartOf":{"@id":"https:\/\/www.industri-sl.com\/de\/#website"},"primaryImageOfPage":{"@id":"https:\/\/www.industri-sl.com\/de\/transport\/spezialfahrzeuge\/#primaryimage"},"image":{"@id":"https:\/\/www.industri-sl.com\/de\/transport\/spezialfahrzeuge\/#primaryimage"},"thumbnailUrl":"https:\/\/www.industri-sl.com\/wp-content\/uploads\/ambulancia-1-1-300x216.jpg","datePublished":"2019-10-02T07:13:08+00:00","dateModified":"2025-05-21T12:30:46+00:00","description":"Bei INDUSTRI entwerfen und fertigen wir kundenspezifischer Teile f\u00fcr Spezialfahrzeuge wie Krankenwagen, Polizeifahrzeuge oder Schulbusse.","breadcrumb":{"@id":"https:\/\/www.industri-sl.com\/de\/transport\/spezialfahrzeuge\/#breadcrumb"},"inLanguage":"de","potentialAction":[{"@type":"ReadAction","target":["https:\/\/www.industri-sl.com\/de\/transport\/spezialfahrzeuge\/"]}]},{"@type":"ImageObject","inLanguage":"de","@id":"https:\/\/www.industri-sl.com\/de\/transport\/spezialfahrzeuge\/#primaryimage","url":"https:\/\/www.industri-sl.com\/wp-content\/uploads\/ambulancia-1-1-300x216.jpg","contentUrl":"https:\/\/www.industri-sl.com\/wp-content\/uploads\/ambulancia-1-1-300x216.jpg"},{"@type":"BreadcrumbList","@id":"https:\/\/www.industri-sl.com\/de\/transport\/spezialfahrzeuge\/#breadcrumb","itemListElement":[{"@type":"ListItem","position":1,"name":"Inicio","item":"https:\/\/www.industri-sl.com\/de\/"},{"@type":"ListItem","position":2,"name":"Gesch\u00e4ftsbereich Transport","item":"https:\/\/www.industri-sl.com\/de\/transport\/"},{"@type":"ListItem","position":3,"name":"Kundenspezifische Fertigung f\u00fcr Spezialfahrzeuge"}]},{"@type":"WebSite","@id":"https:\/\/www.industri-sl.com\/de\/#website","url":"https:\/\/www.industri-sl.com\/de\/","name":"Industri SL","description":"","publisher":{"@id":"https:\/\/www.industri-sl.com\/de\/#organization"},"potentialAction":[{"@type":"SearchAction","target":{"@type":"EntryPoint","urlTemplate":"https:\/\/www.industri-sl.com\/de\/?s={search_term_string}"},"query-input":{"@type":"PropertyValueSpecification","valueRequired":true,"valueName":"search_term_string"}}],"inLanguage":"de"},{"@type":"Organization","@id":"https:\/\/www.industri-sl.com\/de\/#organization","name":"Industri SL","url":"https:\/\/www.industri-sl.com\/de\/","logo":{"@type":"ImageObject","inLanguage":"de","@id":"https:\/\/www.industri-sl.com\/de\/#\/schema\/logo\/image\/","url":"https:\/\/www.industri-sl.com\/wp-content\/uploads\/industri-logo.png","contentUrl":"https:\/\/www.industri-sl.com\/wp-content\/uploads\/industri-logo.png","width":248,"height":45,"caption":"Industri SL"},"image":{"@id":"https:\/\/www.industri-sl.com\/de\/#\/schema\/logo\/image\/"}}]}},"_links":{"self":[{"href":"https:\/\/www.industri-sl.com\/de\/wp-json\/wp\/v2\/pages\/8805","targetHints":{"allow":["GET"]}}],"collection":[{"href":"https:\/\/www.industri-sl.com\/de\/wp-json\/wp\/v2\/pages"}],"about":[{"href":"https:\/\/www.industri-sl.com\/de\/wp-json\/wp\/v2\/types\/page"}],"author":[{"embeddable":true,"href":"https:\/\/www.industri-sl.com\/de\/wp-json\/wp\/v2\/users\/3"}],"replies":[{"embeddable":true,"href":"https:\/\/www.industri-sl.com\/de\/wp-json\/wp\/v2\/comments?post=8805"}],"version-history":[{"count":0,"href":"https:\/\/www.industri-sl.com\/de\/wp-json\/wp\/v2\/pages\/8805\/revisions"}],"up":[{"embeddable":true,"href":"https:\/\/www.industri-sl.com\/de\/wp-json\/wp\/v2\/pages\/8683"}],"wp:attachment":[{"href":"https:\/\/www.industri-sl.com\/de\/wp-json\/wp\/v2\/media?parent=8805"}],"curies":[{"name":"wp","href":"https:\/\/api.w.org\/{rel}","templated":true}]}}