{"id":8800,"date":"2019-10-01T13:08:15","date_gmt":"2019-10-01T11:08:15","guid":{"rendered":"https:\/\/www.industri-sl.com\/transport\/zug\/cortinas\/"},"modified":"2025-03-26T13:13:50","modified_gmt":"2025-03-26T12:13:50","slug":"vorhaenge","status":"publish","type":"page","link":"https:\/\/www.industri-sl.com\/de\/transport\/zug\/vorhaenge\/","title":{"rendered":"Kundenspezifische Vorh\u00e4nge f\u00fcr Z\u00fcge"},"content":{"rendered":"<h2>Kundenspezifische Fertigung von Vorh\u00e4ngen f\u00fcr die Bahnindustriee<\/h2>\n<p>Wir fertigen Vorh\u00e4nge jeder Art f\u00fcr die Bahnindustrie.  Wir passen unser Design dem der Zugkarosserie an und liefern Ihnen das montierte Teil. Dar\u00fcber hinaus arbeitet <a href=\"https:\/\/www.industri-sl.com\/de\/ingenieurleistungen\/\">unsere F+E+I-Abteilung<\/a>, um in jedem Projekt eine effektive Kundenanpassung zu gew\u00e4hrleisten.<\/p>\n<p>Alle unsere Vorh\u00e4nge werden <strong>aus erstklassigen Materialien hergestellt<\/strong>, mit dem Ziel, den  Wartungsaufwand auf ein Minimum zu reduzieren. In unserem Katalog finden Sie ein umfangreiches Sortiment an Grammaturen, Farben und Zubeh\u00f6r.<\/p>\n<h2>Welche Art von Vorh\u00e4ngen fertigen wir?<\/h2>\n<div><a class=\"boton gris\" href=\"#laterales\">Seitliche Vorh\u00e4nge\/mit F\u00fchrung f\u00fcr Personenz\u00fcge<\/a><a class=\"boton gris\" href=\"#electricas\">Elektrisch bet\u00e4tigte Vorh\u00e4nge<\/a><a class=\"boton gris\" href=\"#division\">Vorh\u00e4nge mit mittiger Teilung<\/a><a class=\"boton gris\" href=\"#mecanicas\">Mechanisch bet\u00e4tigte Vorh\u00e4nge<\/a><a class=\"boton gris\" href=\"#autofrenadas\">Rastrollos<\/a><\/div>\n<div class=\"light-bg marcas\">\n\t<div class=\"flex\">\n\t\t<h2>unsere Kunden<\/h2>\n\n\t<\/div>\n\n\t<div class=\"flex\">\n\t\t<div class=\"caja\">\n\t\t\t<div class=\"flex marcas-logos\">\n\t\t\t\t<div><a href=\"https:\/\/www.industri-sl.com\/de\/transporte\/recambios\/tren\/caf\/\"><img decoding=\"async\" loading=\"lazy\" src=\"https:\/\/www.industri-sl.com\/wp-content\/themes\/industri\/img\/logo-caf.jpg\" alt=\"CAF\"><\/a><\/div>\n\t\t\t\t<div><a href=\"https:\/\/www.industri-sl.com\/de\/transporte\/recambios\/tren\/talgo\/\"><img decoding=\"async\" loading=\"lazy\" src=\"https:\/\/www.industri-sl.com\/wp-content\/themes\/industri\/img\/logo-talgo.jpg\" alt=\"Talgo\"><\/a><\/div>\n\t\t\t\t<div><img decoding=\"async\" loading=\"lazy\" src=\"https:\/\/www.industri-sl.com\/wp-content\/themes\/industri\/img\/logo-esg-rail.jpg\" alt=\"DBESGRail\"><\/div>\n\t\t\t<\/div>\n\t\t<\/div>\n\t<\/div>\n\t<div class=\"flex\">\n\t\t<div class=\"caja\">\n\t\t\t<div class=\"flex marcas-logos\">\n\t\t\t\t<div><a href=\"https:\/\/www.industri-sl.com\/de\/transporte\/recambios\/tren\/alstom\/\"><img decoding=\"async\" loading=\"lazy\" src=\"https:\/\/www.industri-sl.com\/wp-content\/themes\/industri\/img\/logo-alstom.jpg\" alt=\"ALSTOM\"><\/a><\/div>\n\t\t\t\t<div><img decoding=\"async\" loading=\"lazy\" src=\"https:\/\/www.industri-sl.com\/wp-content\/themes\/industri\/img\/logo-bombardier.jpg\" alt=\"Bombardier\"><\/div>\n\t\t\t\t<div><img decoding=\"async\" loading=\"lazy\" src=\"https:\/\/www.industri-sl.com\/wp-content\/themes\/industri\/img\/logo-stadler.jpg\" alt=\"Stadler\"><\/div>\n\t\t\t<\/div>\n\t\t<\/div>\n\t<\/div>\n\t<br>\n\t<a class=\"boton sin\" href=\"#formulario\">ANFRAGE ZUM ANGEBOT<\/a>\n<\/div>\n\n<h3 id=\"laterales\" class=\"ancla\">Seitliche Vorh\u00e4nge\/mit F\u00fchrung f\u00fcr Personenz\u00fcge<\/h3>\n<p><img loading=\"lazy\" decoding=\"async\" class=\"alignright size-medium wp-image-1752\" src=\"https:\/\/www.industri-sl.com\/wp-content\/uploads\/cortina-lateral-2-1-300x216.jpg\" alt=\"Kundenspezifische Fertigung von Seitliche Vorh\u00e4nge f\u00fcr die Bahnindustriee\" width=\"300\" height=\"216\" srcset=\"https:\/\/www.industri-sl.com\/wp-content\/uploads\/cortina-lateral-2-1-300x216.jpg 300w, https:\/\/www.industri-sl.com\/wp-content\/uploads\/cortina-lateral-2-1-768x552.jpg 768w, https:\/\/www.industri-sl.com\/wp-content\/uploads\/cortina-lateral-2-1.jpg 800w\" sizes=\"auto, (max-width: 300px) 100vw, 300px\" \/>Wir fertigen Vorh\u00e4nge f\u00fcr Personenz\u00fcge, die vollst\u00e4ndig in die Verkleidung der Zugkarosserie integriert sind. <strong>Sie werden komplett montiert geliefert<\/strong> und sind somit Vorh\u00e4nge, die Kosten sparen und sich zudem leicht handhaben lassen.<\/p>\n<p>Sie sind so entworfen worden, <strong>dass kein gro\u00dfer Wartungsaufwand erforderlich ist<\/strong>. F\u00fcr den Fall, dass der Stoff ausgetauscht werden muss, kann der Wechsel schnell und einfach durchgef\u00fchrt werden.<\/p>\n<p>Sie haben zwei seitliche F\u00fchrungen, durch die der Vorhang gleitet, und ein Verbindungsprofil, das dem Vorhang selbst Robustheit verleiht. Im oberen Bereich der F\u00fchrungen gibt es <strong>innovative Befestigungen<\/strong>, die ein einfaches Anbringen der den Vorhang tragenden Stange erm\u00f6glichen.<\/p>\n<h3 id=\"division\" class=\"ancla\">Vorh\u00e4nge mit mittiger Teilung<\/h3>\n<p><img loading=\"lazy\" decoding=\"async\" class=\"alignright wp-image-1760 size-medium\" src=\"https:\/\/www.industri-sl.com\/wp-content\/uploads\/con-division-central-1-3-300x216.jpg\" alt=\"Kundenspezifische Fertigung von Vorh\u00e4nge mit mittiger Teilung f\u00fcr die Bahnindustriee\" width=\"300\" height=\"216\" srcset=\"https:\/\/www.industri-sl.com\/wp-content\/uploads\/con-division-central-1-3-300x216.jpg 300w, https:\/\/www.industri-sl.com\/wp-content\/uploads\/con-division-central-1-3-768x552.jpg 768w, https:\/\/www.industri-sl.com\/wp-content\/uploads\/con-division-central-1-3.jpg 800w\" sizes=\"auto, (max-width: 300px) 100vw, 300px\" \/>Diese Vorh\u00e4nge bieten die M\u00f6glichkeit einer individuellen Gestaltung der Seitenvorh\u00e4nge in Personenz\u00fcgen.  Bei dieser Art von Vorh\u00e4ngen <strong>verf\u00fcgt jeder Passagier \u00fcber einen eigenen Vorhang<\/strong> und kann ihn in die gew\u00fcnschte Position bringen. Sie wurden entworfen, um das Eindringen von Licht bei vollkommen herabgezogenem Vorhang vollst\u00e4ndig zu verhindern.<\/p>\n<p>Ein im mittleren Teil <strong>des Fensters angebrachtes Aluminiumprofil erm\u00f6glicht<\/strong> die Teilung in zwei gleiche Fensterbereiche und dient gleichzeitig als F\u00fchrung f\u00fcr den jeweiligen Vorhang jedes einzelnen Fahrgastes.<br \/>\n<iframe loading=\"lazy\" src=\"https:\/\/www.youtube.com\/embed\/U4flH7DpbI4?rel=0\" width=\"400\" height=\"225\" frameborder=\"0\" allowfullscreen=\"allowfullscreen\"><\/iframe><\/p>\n<h3 id=\"autofrenadas\" class=\"ancla\">Rastrollos<\/h3>\n<p><img loading=\"lazy\" decoding=\"async\" class=\"alignright wp-image-2156 size-medium\" src=\"https:\/\/www.industri-sl.com\/wp-content\/uploads\/cortina-autofrenada-2-2-300x225.jpg\" alt=\"Kundenspezifische Fertigung von Rastrollos f\u00fcr die Bahnindustriee\" width=\"300\" height=\"225\" srcset=\"https:\/\/www.industri-sl.com\/wp-content\/uploads\/cortina-autofrenada-2-2-300x225.jpg 300w, https:\/\/www.industri-sl.com\/wp-content\/uploads\/cortina-autofrenada-2-2-768x576.jpg 768w, https:\/\/www.industri-sl.com\/wp-content\/uploads\/cortina-autofrenada-2-2.jpg 800w\" sizes=\"auto, (max-width: 300px) 100vw, 300px\" \/><a href=\"https:\/\/www.industri-sl.com\/de\/ueber-uns\/\">INDUSTRI ist Spezialist<\/a> f\u00fcr die Herstellung von Vorh\u00e4ngen aller Art f\u00fcr Z\u00fcge und die Bahnindustrie im Allgemeinen, u.a. auch f\u00fcr Rastrollos f\u00fcr Z\u00fcge. Wir entwerfen, bemustern und fertigen Rastrollos nach Ma\u00df des Kunden und gem\u00e4\u00df den angegebenen technischen Anforderungen.<\/p>\n<p>Unsere Rastrollos <strong>erf\u00fcllen die g\u00fcltigen Qualit\u00e4ts<\/strong>&#8211; und Sicherheitsstandards und k\u00f6nnen in einer Vielzahl von Grammaturen und Farbt\u00f6nen hergestellt werden.<\/p>\n<h3 id=\"electricas\" class=\"ancla\">Elektrische Rollos<\/h3>\n<p><img loading=\"lazy\" decoding=\"async\" class=\"alignright wp-image-2112 size-medium\" src=\"https:\/\/www.industri-sl.com\/wp-content\/uploads\/cortina-electrica-enrollable-1-2-e1576738594857-300x186.jpg\" alt=\"Kundenspezifische Fertigung von Elektrische Rollos f\u00fcr die Bahnindustriee\" width=\"300\" height=\"186\" srcset=\"https:\/\/www.industri-sl.com\/wp-content\/uploads\/cortina-electrica-enrollable-1-2-e1576738594857-300x186.jpg 300w, https:\/\/www.industri-sl.com\/wp-content\/uploads\/cortina-electrica-enrollable-1-2-e1576738594857-768x476.jpg 768w, https:\/\/www.industri-sl.com\/wp-content\/uploads\/cortina-electrica-enrollable-1-2-e1576738594857.jpg 800w\" sizes=\"auto, (max-width: 300px) 100vw, 300px\" \/>Wir fertigen alle Vorh\u00e4nge <a href=\"https:\/\/www.industri-sl.com\/de\/kunden\/\">nach den Vorgaben unserer Kunden<\/a>, einschlie\u00dflich elektrisch bet\u00e4tigte Rollos. Sie werden mit einem Au\u00dfengeh\u00e4use aus eloxiertem Aluminium in Mattschwarz gefertigt, <strong>das den Stoff sch\u00fctzt<\/strong>.<\/p>\n<p>Wir verwenden Rohrmotoren verschiedener Typen, je nachdem, <strong>f\u00fcr welchen Einsatzzweck das Rollo vorgesehen ist<\/strong>. Es gibt auch eine Ausf\u00fchrung ohne Geh\u00e4use f\u00fcr den Fall, dass das Rollo im Pfosten des Fahrzeugs verborgen bleibt, wodurch seine Abmessungen erheblich reduziert werden.<\/p>\n<h3 id=\"mecanicas\" class=\"ancla\">Mechanische Rollos<\/h3>\n<p><img loading=\"lazy\" decoding=\"async\" class=\"alignright wp-image-2060 size-medium\" src=\"https:\/\/www.industri-sl.com\/wp-content\/uploads\/cortina-mecanica-2-2-300x225.jpg\" alt=\"Kundenspezifische Fertigung von Mechanische Rollos f\u00fcr die Bahnindustriee\" width=\"300\" height=\"225\" srcset=\"https:\/\/www.industri-sl.com\/wp-content\/uploads\/cortina-mecanica-2-2-300x225.jpg 300w, https:\/\/www.industri-sl.com\/wp-content\/uploads\/cortina-mecanica-2-2-768x576.jpg 768w, https:\/\/www.industri-sl.com\/wp-content\/uploads\/cortina-mecanica-2-2.jpg 800w\" sizes=\"auto, (max-width: 300px) 100vw, 300px\" \/>Die <strong>mechanisch bet\u00e4tigten Rollos<\/strong> verf\u00fcgen \u00fcber einen Rasthebel und eine Zugkordel zum Aufrollen. Diese Zugkordel kann links oder rechts neben dem Rollo angebracht werden.<\/p>\n<p>Es gibt auch eine Ausf\u00fchrung ohne Geh\u00e4use f\u00fcr den Fall, dass der Vorhang im Pfosten des Fahrzeugs verborgen bleibt.  In diesen F\u00e4llen gibt es keinen Rasthebel und die Bet\u00e4tigung ist <strong>frei laufend<\/strong>.<\/p>\n<p>S\u00e4mtliche Stoffe, die bei der Herstellung der Vorh\u00e4nge zum Einsatz kommen, erf\u00fcllen die in der Bahnindustrie g\u00fcltigen Brand- und Rauchschutzvorschriften.  Es gibt einen umfangreichen Katalog an Stoffen <strong>mit verschiedenen Grammaturen<\/strong> und Farbt\u00f6nen f\u00fcr jede Art von Z\u00fcgen.<\/p>\n<div class=\"otras-piezas\">\n<h4>Diese Zugmarken haben uns bereits vertraut:<\/h4>\n<div><a class=\"boton gris\" href=\"https:\/\/www.industri-sl.com\/de\/transport\/ersatzteile\/zug\/caf\/\">CAF<\/a><a class=\"boton gris\" href=\"https:\/\/www.industri-sl.com\/de\/transport\/ersatzteile\/zug\/talgo\/\">Talgo<\/a><a class=\"boton gris\" href=\"https:\/\/www.industri-sl.com\/de\/transport\/ersatzteile\/zug\/alstom\/\">Alstom<\/a><\/div>\n<\/div>\n","protected":false},"excerpt":{"rendered":"<p>Kundenspezifische Fertigung von Vorh\u00e4ngen f\u00fcr die Bahnindustriee Wir fertigen Vorh\u00e4nge jeder Art f\u00fcr die Bahnindustrie. Wir passen unser Design dem der Zugkarosserie an und liefern Ihnen das montierte Teil. Dar\u00fcber hinaus arbeitet unsere F+E+I-Abteilung, um in jedem Projekt eine effektive Kundenanpassung zu gew\u00e4hrleisten. Alle unsere Vorh\u00e4nge werden aus erstklassigen Materialien hergestellt, mit dem Ziel, den [&hellip;]<\/p>\n","protected":false},"author":3,"featured_media":0,"parent":8796,"menu_order":0,"comment_status":"closed","ping_status":"closed","template":"page-vehiculos.php","meta":{"footnotes":""},"class_list":["post-8800","page","type-page","status-publish","hentry"],"yoast_head":"<!-- This site is optimized with the Yoast SEO plugin v27.5 - https:\/\/yoast.com\/product\/yoast-seo-wordpress\/ -->\n<title>Fertigung kundenspezifischer Vorh\u00e4nge f\u00fcr Z\u00fcge - INDUSTRI<\/title>\n<meta name=\"description\" content=\"Bei INDUSTRI entwerfen und fertigen wir alle Arten kundenspezifischer Vorh\u00e4nge f\u00fcr Z\u00fcge, z.B. elektrische, mechanische, mittig geteilte Vorh\u00e4nge und Rastrollos.\" \/>\n<meta name=\"robots\" content=\"index, follow, max-snippet:-1, max-image-preview:large, max-video-preview:-1\" \/>\n<link rel=\"canonical\" href=\"https:\/\/www.industri-sl.com\/de\/transport\/zug\/vorhaenge\/\" \/>\n<meta property=\"og:locale\" content=\"de_DE\" \/>\n<meta property=\"og:type\" content=\"article\" \/>\n<meta property=\"og:title\" content=\"Fertigung kundenspezifischer Vorh\u00e4nge f\u00fcr Z\u00fcge - INDUSTRI\" \/>\n<meta property=\"og:description\" content=\"Bei INDUSTRI entwerfen und fertigen wir alle Arten kundenspezifischer Vorh\u00e4nge f\u00fcr Z\u00fcge, z.B. elektrische, mechanische, mittig geteilte Vorh\u00e4nge und Rastrollos.\" \/>\n<meta property=\"og:url\" content=\"https:\/\/www.industri-sl.com\/de\/transport\/zug\/vorhaenge\/\" \/>\n<meta property=\"og:site_name\" content=\"Industri SL\" \/>\n<meta property=\"article:modified_time\" content=\"2025-03-26T12:13:50+00:00\" \/>\n<meta property=\"og:image\" content=\"https:\/\/www.industri-sl.com\/wp-content\/uploads\/cortina-lateral-2-1-300x216.jpg\" \/>\n<meta name=\"twitter:card\" content=\"summary_large_image\" \/>\n<meta name=\"twitter:label1\" content=\"Gesch\u00e4tzte Lesezeit\" \/>\n\t<meta name=\"twitter:data1\" content=\"4\u00a0Minuten\" \/>\n<script type=\"application\/ld+json\" class=\"yoast-schema-graph\">{\"@context\":\"https:\\\/\\\/schema.org\",\"@graph\":[{\"@type\":\"WebPage\",\"@id\":\"https:\\\/\\\/www.industri-sl.com\\\/de\\\/transport\\\/zug\\\/vorhaenge\\\/\",\"url\":\"https:\\\/\\\/www.industri-sl.com\\\/de\\\/transport\\\/zug\\\/vorhaenge\\\/\",\"name\":\"Fertigung kundenspezifischer Vorh\u00e4nge f\u00fcr Z\u00fcge - INDUSTRI\",\"isPartOf\":{\"@id\":\"https:\\\/\\\/www.industri-sl.com\\\/de\\\/#website\"},\"primaryImageOfPage\":{\"@id\":\"https:\\\/\\\/www.industri-sl.com\\\/de\\\/transport\\\/zug\\\/vorhaenge\\\/#primaryimage\"},\"image\":{\"@id\":\"https:\\\/\\\/www.industri-sl.com\\\/de\\\/transport\\\/zug\\\/vorhaenge\\\/#primaryimage\"},\"thumbnailUrl\":\"https:\\\/\\\/www.industri-sl.com\\\/wp-content\\\/uploads\\\/cortina-lateral-2-1-300x216.jpg\",\"datePublished\":\"2019-10-01T11:08:15+00:00\",\"dateModified\":\"2025-03-26T12:13:50+00:00\",\"description\":\"Bei INDUSTRI entwerfen und fertigen wir alle Arten kundenspezifischer Vorh\u00e4nge f\u00fcr Z\u00fcge, z.B. elektrische, mechanische, mittig geteilte Vorh\u00e4nge und Rastrollos.\",\"breadcrumb\":{\"@id\":\"https:\\\/\\\/www.industri-sl.com\\\/de\\\/transport\\\/zug\\\/vorhaenge\\\/#breadcrumb\"},\"inLanguage\":\"de\",\"potentialAction\":[{\"@type\":\"ReadAction\",\"target\":[\"https:\\\/\\\/www.industri-sl.com\\\/de\\\/transport\\\/zug\\\/vorhaenge\\\/\"]}]},{\"@type\":\"ImageObject\",\"inLanguage\":\"de\",\"@id\":\"https:\\\/\\\/www.industri-sl.com\\\/de\\\/transport\\\/zug\\\/vorhaenge\\\/#primaryimage\",\"url\":\"https:\\\/\\\/www.industri-sl.com\\\/wp-content\\\/uploads\\\/cortina-lateral-2-1-300x216.jpg\",\"contentUrl\":\"https:\\\/\\\/www.industri-sl.com\\\/wp-content\\\/uploads\\\/cortina-lateral-2-1-300x216.jpg\"},{\"@type\":\"BreadcrumbList\",\"@id\":\"https:\\\/\\\/www.industri-sl.com\\\/de\\\/transport\\\/zug\\\/vorhaenge\\\/#breadcrumb\",\"itemListElement\":[{\"@type\":\"ListItem\",\"position\":1,\"name\":\"Inicio\",\"item\":\"https:\\\/\\\/www.industri-sl.com\\\/de\\\/\"},{\"@type\":\"ListItem\",\"position\":2,\"name\":\"Gesch\u00e4ftsbereich Transport\",\"item\":\"https:\\\/\\\/www.industri-sl.com\\\/de\\\/transport\\\/\"},{\"@type\":\"ListItem\",\"position\":3,\"name\":\"KUNDENSPEZIFISCHE FERTIGUNG F\u00dcR Z\u00dcGE\",\"item\":\"https:\\\/\\\/www.industri-sl.com\\\/de\\\/transport\\\/zug\\\/\"},{\"@type\":\"ListItem\",\"position\":4,\"name\":\"Kundenspezifische Vorh\u00e4nge f\u00fcr Z\u00fcge\"}]},{\"@type\":\"WebSite\",\"@id\":\"https:\\\/\\\/www.industri-sl.com\\\/de\\\/#website\",\"url\":\"https:\\\/\\\/www.industri-sl.com\\\/de\\\/\",\"name\":\"Industri SL\",\"description\":\"\",\"publisher\":{\"@id\":\"https:\\\/\\\/www.industri-sl.com\\\/de\\\/#organization\"},\"potentialAction\":[{\"@type\":\"SearchAction\",\"target\":{\"@type\":\"EntryPoint\",\"urlTemplate\":\"https:\\\/\\\/www.industri-sl.com\\\/de\\\/?s={search_term_string}\"},\"query-input\":{\"@type\":\"PropertyValueSpecification\",\"valueRequired\":true,\"valueName\":\"search_term_string\"}}],\"inLanguage\":\"de\"},{\"@type\":\"Organization\",\"@id\":\"https:\\\/\\\/www.industri-sl.com\\\/de\\\/#organization\",\"name\":\"Industri SL\",\"url\":\"https:\\\/\\\/www.industri-sl.com\\\/de\\\/\",\"logo\":{\"@type\":\"ImageObject\",\"inLanguage\":\"de\",\"@id\":\"https:\\\/\\\/www.industri-sl.com\\\/de\\\/#\\\/schema\\\/logo\\\/image\\\/\",\"url\":\"https:\\\/\\\/www.industri-sl.com\\\/wp-content\\\/uploads\\\/industri-logo.png\",\"contentUrl\":\"https:\\\/\\\/www.industri-sl.com\\\/wp-content\\\/uploads\\\/industri-logo.png\",\"width\":248,\"height\":45,\"caption\":\"Industri SL\"},\"image\":{\"@id\":\"https:\\\/\\\/www.industri-sl.com\\\/de\\\/#\\\/schema\\\/logo\\\/image\\\/\"}}]}<\/script>\n<!-- \/ Yoast SEO plugin. -->","yoast_head_json":{"title":"Fertigung kundenspezifischer Vorh\u00e4nge f\u00fcr Z\u00fcge - INDUSTRI","description":"Bei INDUSTRI entwerfen und fertigen wir alle Arten kundenspezifischer Vorh\u00e4nge f\u00fcr Z\u00fcge, z.B. elektrische, mechanische, mittig geteilte Vorh\u00e4nge und Rastrollos.","robots":{"index":"index","follow":"follow","max-snippet":"max-snippet:-1","max-image-preview":"max-image-preview:large","max-video-preview":"max-video-preview:-1"},"canonical":"https:\/\/www.industri-sl.com\/de\/transport\/zug\/vorhaenge\/","og_locale":"de_DE","og_type":"article","og_title":"Fertigung kundenspezifischer Vorh\u00e4nge f\u00fcr Z\u00fcge - INDUSTRI","og_description":"Bei INDUSTRI entwerfen und fertigen wir alle Arten kundenspezifischer Vorh\u00e4nge f\u00fcr Z\u00fcge, z.B. elektrische, mechanische, mittig geteilte Vorh\u00e4nge und Rastrollos.","og_url":"https:\/\/www.industri-sl.com\/de\/transport\/zug\/vorhaenge\/","og_site_name":"Industri SL","article_modified_time":"2025-03-26T12:13:50+00:00","og_image":[{"url":"https:\/\/www.industri-sl.com\/wp-content\/uploads\/cortina-lateral-2-1-300x216.jpg","type":"","width":"","height":""}],"twitter_card":"summary_large_image","twitter_misc":{"Gesch\u00e4tzte Lesezeit":"4\u00a0Minuten"},"schema":{"@context":"https:\/\/schema.org","@graph":[{"@type":"WebPage","@id":"https:\/\/www.industri-sl.com\/de\/transport\/zug\/vorhaenge\/","url":"https:\/\/www.industri-sl.com\/de\/transport\/zug\/vorhaenge\/","name":"Fertigung kundenspezifischer Vorh\u00e4nge f\u00fcr Z\u00fcge - INDUSTRI","isPartOf":{"@id":"https:\/\/www.industri-sl.com\/de\/#website"},"primaryImageOfPage":{"@id":"https:\/\/www.industri-sl.com\/de\/transport\/zug\/vorhaenge\/#primaryimage"},"image":{"@id":"https:\/\/www.industri-sl.com\/de\/transport\/zug\/vorhaenge\/#primaryimage"},"thumbnailUrl":"https:\/\/www.industri-sl.com\/wp-content\/uploads\/cortina-lateral-2-1-300x216.jpg","datePublished":"2019-10-01T11:08:15+00:00","dateModified":"2025-03-26T12:13:50+00:00","description":"Bei INDUSTRI entwerfen und fertigen wir alle Arten kundenspezifischer Vorh\u00e4nge f\u00fcr Z\u00fcge, z.B. elektrische, mechanische, mittig geteilte Vorh\u00e4nge und Rastrollos.","breadcrumb":{"@id":"https:\/\/www.industri-sl.com\/de\/transport\/zug\/vorhaenge\/#breadcrumb"},"inLanguage":"de","potentialAction":[{"@type":"ReadAction","target":["https:\/\/www.industri-sl.com\/de\/transport\/zug\/vorhaenge\/"]}]},{"@type":"ImageObject","inLanguage":"de","@id":"https:\/\/www.industri-sl.com\/de\/transport\/zug\/vorhaenge\/#primaryimage","url":"https:\/\/www.industri-sl.com\/wp-content\/uploads\/cortina-lateral-2-1-300x216.jpg","contentUrl":"https:\/\/www.industri-sl.com\/wp-content\/uploads\/cortina-lateral-2-1-300x216.jpg"},{"@type":"BreadcrumbList","@id":"https:\/\/www.industri-sl.com\/de\/transport\/zug\/vorhaenge\/#breadcrumb","itemListElement":[{"@type":"ListItem","position":1,"name":"Inicio","item":"https:\/\/www.industri-sl.com\/de\/"},{"@type":"ListItem","position":2,"name":"Gesch\u00e4ftsbereich Transport","item":"https:\/\/www.industri-sl.com\/de\/transport\/"},{"@type":"ListItem","position":3,"name":"KUNDENSPEZIFISCHE FERTIGUNG F\u00dcR Z\u00dcGE","item":"https:\/\/www.industri-sl.com\/de\/transport\/zug\/"},{"@type":"ListItem","position":4,"name":"Kundenspezifische Vorh\u00e4nge f\u00fcr Z\u00fcge"}]},{"@type":"WebSite","@id":"https:\/\/www.industri-sl.com\/de\/#website","url":"https:\/\/www.industri-sl.com\/de\/","name":"Industri SL","description":"","publisher":{"@id":"https:\/\/www.industri-sl.com\/de\/#organization"},"potentialAction":[{"@type":"SearchAction","target":{"@type":"EntryPoint","urlTemplate":"https:\/\/www.industri-sl.com\/de\/?s={search_term_string}"},"query-input":{"@type":"PropertyValueSpecification","valueRequired":true,"valueName":"search_term_string"}}],"inLanguage":"de"},{"@type":"Organization","@id":"https:\/\/www.industri-sl.com\/de\/#organization","name":"Industri SL","url":"https:\/\/www.industri-sl.com\/de\/","logo":{"@type":"ImageObject","inLanguage":"de","@id":"https:\/\/www.industri-sl.com\/de\/#\/schema\/logo\/image\/","url":"https:\/\/www.industri-sl.com\/wp-content\/uploads\/industri-logo.png","contentUrl":"https:\/\/www.industri-sl.com\/wp-content\/uploads\/industri-logo.png","width":248,"height":45,"caption":"Industri SL"},"image":{"@id":"https:\/\/www.industri-sl.com\/de\/#\/schema\/logo\/image\/"}}]}},"_links":{"self":[{"href":"https:\/\/www.industri-sl.com\/de\/wp-json\/wp\/v2\/pages\/8800","targetHints":{"allow":["GET"]}}],"collection":[{"href":"https:\/\/www.industri-sl.com\/de\/wp-json\/wp\/v2\/pages"}],"about":[{"href":"https:\/\/www.industri-sl.com\/de\/wp-json\/wp\/v2\/types\/page"}],"author":[{"embeddable":true,"href":"https:\/\/www.industri-sl.com\/de\/wp-json\/wp\/v2\/users\/3"}],"replies":[{"embeddable":true,"href":"https:\/\/www.industri-sl.com\/de\/wp-json\/wp\/v2\/comments?post=8800"}],"version-history":[{"count":0,"href":"https:\/\/www.industri-sl.com\/de\/wp-json\/wp\/v2\/pages\/8800\/revisions"}],"up":[{"embeddable":true,"href":"https:\/\/www.industri-sl.com\/de\/wp-json\/wp\/v2\/pages\/8796"}],"wp:attachment":[{"href":"https:\/\/www.industri-sl.com\/de\/wp-json\/wp\/v2\/media?parent=8800"}],"curies":[{"name":"wp","href":"https:\/\/api.w.org\/{rel}","templated":true}]}}