{"id":8796,"date":"2019-09-09T00:31:54","date_gmt":"2019-09-08T22:31:54","guid":{"rendered":"https:\/\/www.industri-sl.com\/transport\/tren\/"},"modified":"2025-05-22T11:00:37","modified_gmt":"2025-05-22T09:00:37","slug":"zug","status":"publish","type":"page","link":"https:\/\/www.industri-sl.com\/de\/transport\/zug\/","title":{"rendered":"KUNDENSPEZIFISCHE FERTIGUNG F\u00dcR Z\u00dcGE"},"content":{"rendered":"<h2>Kundenspezifisch entworfenes und gefertigtes zubeh\u00f6r f\u00fcr z\u00fcge<\/h2>\n<p>INDUSTRI produziert Teile und Komponenten f\u00fcr die Bahnindustrie. Wir sind <strong>Spezialisten f\u00fcr die kundenspezifische Entwicklung und Fertigung<\/strong> von Bauteilen f\u00fcr die Innenausstattung von Z\u00fcgen, z.B. Vorh\u00e4nge und Scharniere. Wir arbeiten Hand in Hand mit den Kunden, um ihnen genau die Ausstattungskonfiguration zu liefern, die ihren technischen Spezifikationen entspricht.<\/p>\n<h2>Unsere ausstattungen f\u00fcr z\u00fcge<\/h2>\n<p>Das Besondere an unserem Zubeh\u00f6r f\u00fcr Z\u00fcge ist das hohe Ma\u00df der Anpassung an die <strong>Kundenerfordernisse und die Qualit\u00e4t,<\/strong> die durch eine enge Zusammenarbeit mit den einzelnen Kunden und die kontinuierliche Verbesserung der Produkte erreicht wird.<\/p>\n<div><a class=\"boton gris\" href=\"https:\/\/www.industri-sl.com\/transporte\/tren\/cortinas\/\">Vorh\u00e4nge<\/a> <a class=\"boton gris\" href=\"https:\/\/www.industri-sl.com\/transporte\/tren\/bisagras\/\">Scharniere<\/a><\/div>\n<div class=\"light-bg marcas\">\n\t<div class=\"flex\">\n\t\t<h2>unsere Kunden<\/h2>\n\n\t<\/div>\n\n\t<div class=\"flex\">\n\t\t<div class=\"caja\">\n\t\t\t<div class=\"flex marcas-logos\">\n\t\t\t\t<div><a href=\"https:\/\/www.industri-sl.com\/de\/transporte\/recambios\/tren\/caf\/\"><img decoding=\"async\" loading=\"lazy\" src=\"https:\/\/www.industri-sl.com\/wp-content\/themes\/industri\/img\/logo-caf.jpg\" alt=\"CAF\"><\/a><\/div>\n\t\t\t\t<div><a href=\"https:\/\/www.industri-sl.com\/de\/transporte\/recambios\/tren\/talgo\/\"><img decoding=\"async\" loading=\"lazy\" src=\"https:\/\/www.industri-sl.com\/wp-content\/themes\/industri\/img\/logo-talgo.jpg\" alt=\"Talgo\"><\/a><\/div>\n\t\t\t\t<div><img decoding=\"async\" loading=\"lazy\" src=\"https:\/\/www.industri-sl.com\/wp-content\/themes\/industri\/img\/logo-esg-rail.jpg\" alt=\"DBESGRail\"><\/div>\n\t\t\t<\/div>\n\t\t<\/div>\n\t<\/div>\n\t<div class=\"flex\">\n\t\t<div class=\"caja\">\n\t\t\t<div class=\"flex marcas-logos\">\n\t\t\t\t<div><a href=\"https:\/\/www.industri-sl.com\/de\/transporte\/recambios\/tren\/alstom\/\"><img decoding=\"async\" loading=\"lazy\" src=\"https:\/\/www.industri-sl.com\/wp-content\/themes\/industri\/img\/logo-alstom.jpg\" alt=\"ALSTOM\"><\/a><\/div>\n\t\t\t\t<div><img decoding=\"async\" loading=\"lazy\" src=\"https:\/\/www.industri-sl.com\/wp-content\/themes\/industri\/img\/logo-bombardier.jpg\" alt=\"Bombardier\"><\/div>\n\t\t\t\t<div><img decoding=\"async\" loading=\"lazy\" src=\"https:\/\/www.industri-sl.com\/wp-content\/themes\/industri\/img\/logo-stadler.jpg\" alt=\"Stadler\"><\/div>\n\t\t\t<\/div>\n\t\t<\/div>\n\t<\/div>\n\t<br>\n\t<a class=\"boton sin\" href=\"#formulario\">ANFRAGE ZUM ANGEBOT<\/a>\n<\/div>\n\n<div class=\"flex cont-grey\">\n<div style=\" width: 100%;\">\n<img decoding=\"async\" src=\"https:\/\/www.industri-sl.com\/wp-content\/uploads\/imagen-proyecto-medida.jpg\">\n<\/div>\n<div>\n<h2>PROJEKTE NACH MASS<\/h2>\n<p>Dank der engen Zusammenarbeit mit den einzelnen Kunden und der kontinuierlichen Verbesserung der Produkte und Serviceleistungen sind wir in der Lage L\u00f6sungen zu bieten, die bis ins Detail an die Kundenerfordernisse und die technischen Spezifikationen des jeweiligen Projekts angepasst sind. Arbeiten Sie mit uns zusammen und Sie bekommen eine L\u00f6sung nach Ma\u00df.\n<\/p><\/div>\n<\/div>\n<div class=\"flex cont-grey\">\n<div>\n<h2>3D-DRUCK<\/h2>\n<p>Motiviert durch seinen Innovationsgeist, hat INDUSTRI die <strong>3D-Technologie in Prozesse<\/strong> der Prototypenerstellung und in die Fertigung kleinerer Serien integriert. Auf diese Weise k\u00f6nnen wir Prozesse beschleunigen und einen schnellen, pr\u00e4zisen und qualitativ hochwertigen Service bieten. <strong>Erfahren Sie mehr \u00fcber unsere neuen Anlagen.<\/strong>\n<\/div>\n<div style=\" width: 100%;\">\n<img decoding=\"async\" src=\"https:\/\/www.industri-sl.com\/wp-content\/uploads\/imagen-impresion-3d.jpg\">\n<\/div>\n<\/div>\n<div class=\"flex cont-grey\">\n<div style=\" width: 100%;\">\n<img decoding=\"async\" src=\"https:\/\/www.industri-sl.com\/wp-content\/uploads\/imagen-transparencia-cada-proceso.jpg\">\n<\/div>\n<div>\n<h2>TRANSPARENZ IN ALLEN PROZESSEN<\/h2>\n<p>Um die Wertsch\u00f6pfung f\u00fcr unsere Kunden zu maximieren, integrieren wir diese in die verschiedenen Phasen des Projekts. So schaffen wir einen dynamischen und konstanten Feedback-Kanal, der das Nachverfolgen der einzelnen Phasen erleichtert. <strong>Verfolgen Sie den Fortschritt des Projekts aus der N\u00e4he und vergessen Sie unvorhergesehene Ereignisse. <\/strong>\n<\/div>\n<\/div>\n<div class=\"cont-red\">\n<div class=\"cont-white\">\n<p>\u201eIch danke Ihnen f\u00fcr Ihre Zusammenarbeit, die aus meiner Sicht au\u00dferordentlich war. Ich hoffe, wir k\u00f6nnen auch in der Zukunft weiter zusammenarbeiten.\u201c<\/p>\n<p><strong>Alina Bigu<\/strong><br \/>ALSTOM<\/p>\n<\/div>\n<\/div>\n<h2 style=\"text-align:center;\">MEHR ALS 60 JAHRE ERFAHRUNG<\/h2>\n<p style=\"text-align:center;\">INDUSTRI verf\u00fcgt <strong>\u00fcber mehr als 60 Jahre Erfahrung in der Branche<\/strong>. Wir setzen auf Forschung und Entwicklung als den Weg, auf dem unser nach UNE EN ISO 9001 zertifiziertes Unternehmen die Qualit\u00e4t unserer Produkte und Serviceleistungen sicherstellen kann. <strong>Au\u00dferdem k\u00fcmmern wir uns um die spezifischen Zertifizierungen, die Sie f\u00fcr die von uns hergestellten Produkte ben\u00f6tigen.<\/strong><\/p>\n<div class=\"flex experiencia\">\n<div>\n<img decoding=\"async\" src=\"https:\/\/www.industri-sl.com\/wp-content\/uploads\/icono-tecnologia-innovacion.jpg\"><\/p>\n<h3>TECHNOLOGIE UND<br \/> INNOVATION<\/h3>\n<\/div>\n<div>\n<img decoding=\"async\" src=\"https:\/\/www.industri-sl.com\/wp-content\/uploads\/Icono-compromiso.jpg\"><\/p>\n<h3>ENGAGEMENT<\/h3>\n<\/div>\n<div>\n<img decoding=\"async\" src=\"https:\/\/www.industri-sl.com\/wp-content\/uploads\/Icono-resopnsabilidad-social.jpg\"><\/p>\n<h3>SOZIALE VERANTWORTUNG DES UNTERNEHMENS<\/h3>\n<\/div>\n<\/div>\n<div class=\"contact-section tren-contact\">\n<div id=\"formulario\">\n<h2> KONTAKTIEREN ODER FORDERN SIE EIN ANGEBOT <\/h2>\n<p> Wir beraten Sie unverbindlich!<\/p>\n\n<div class=\"wpcf7 no-js\" id=\"wpcf7-f9794-o1\" lang=\"de-DE\" dir=\"ltr\" data-wpcf7-id=\"9794\">\n<div class=\"screen-reader-response\"><p role=\"status\" aria-live=\"polite\" aria-atomic=\"true\"><\/p> <ul><\/ul><\/div>\n<form action=\"\/de\/wp-json\/wp\/v2\/pages\/8796#wpcf7-f9794-o1\" method=\"post\" class=\"wpcf7-form init wpcf7-acceptance-as-validation\" aria-label=\"Kontaktformular\" novalidate=\"novalidate\" data-status=\"init\">\n<fieldset class=\"hidden-fields-container\"><input type=\"hidden\" name=\"_wpcf7\" value=\"9794\" \/><input type=\"hidden\" name=\"_wpcf7_version\" value=\"6.1.5\" \/><input type=\"hidden\" name=\"_wpcf7_locale\" value=\"de_DE\" \/><input type=\"hidden\" name=\"_wpcf7_unit_tag\" value=\"wpcf7-f9794-o1\" \/><input type=\"hidden\" name=\"_wpcf7_container_post\" value=\"0\" \/><input type=\"hidden\" name=\"_wpcf7_posted_data_hash\" value=\"\" \/><input type=\"hidden\" name=\"_wpcf7_recaptcha_response\" value=\"\" \/>\n<\/fieldset>\n<div class=\"flex\">\n\t<div class=\"col-2\">\n\t\t<p><label> Name*<br \/>\n<span class=\"wpcf7-form-control-wrap\" data-name=\"nombre\"><input size=\"40\" maxlength=\"400\" class=\"wpcf7-form-control wpcf7-text wpcf7-validates-as-required\" aria-required=\"true\" aria-invalid=\"false\" value=\"\" type=\"text\" name=\"nombre\" \/><\/span> <\/label>\n\t\t<\/p>\n\t<\/div>\n\t<div class=\"col-2\">\n\t\t<p><label> E-Mail-Adresse*<br \/>\n<span class=\"wpcf7-form-control-wrap\" data-name=\"correo\"><input size=\"40\" maxlength=\"400\" class=\"wpcf7-form-control wpcf7-email wpcf7-validates-as-required wpcf7-text wpcf7-validates-as-email\" aria-required=\"true\" aria-invalid=\"false\" value=\"\" type=\"email\" name=\"correo\" \/><\/span> <\/label>\n\t\t<\/p>\n\t<\/div>\n<\/div>\n<div class=\"flex\">\n\t<div class=\"col-2\">\n\t\t<p><label> Firma*<br \/>\n<span class=\"wpcf7-form-control-wrap\" data-name=\"empresa\"><input size=\"40\" maxlength=\"400\" class=\"wpcf7-form-control wpcf7-text wpcf7-validates-as-required\" aria-required=\"true\" aria-invalid=\"false\" value=\"\" type=\"text\" name=\"empresa\" \/><\/span> <\/label>\n\t\t<\/p>\n\t<\/div>\n\t<div class=\"col-2\">\n\t\t<p><label> Telefonnummer<br \/>\n<span class=\"wpcf7-form-control-wrap\" data-name=\"telefono\"><input size=\"40\" maxlength=\"400\" class=\"wpcf7-form-control wpcf7-tel wpcf7-text wpcf7-validates-as-tel\" aria-invalid=\"false\" value=\"\" type=\"tel\" name=\"telefono\" \/><\/span> <\/label>\n\t\t<\/p>\n\t<\/div>\n<\/div>\n<p><label> Was brauchen Sie?<br \/>\n<span class=\"wpcf7-form-control-wrap\" data-name=\"mensaje\"><textarea cols=\"40\" rows=\"10\" maxlength=\"2000\" class=\"wpcf7-form-control wpcf7-textarea\" aria-invalid=\"false\" name=\"mensaje\"><\/textarea><\/span> <\/label>\n<\/p>\n<p><span class=\"wpcf7-form-control-wrap\" data-name=\"privacidad\"><span class=\"wpcf7-form-control wpcf7-acceptance\"><span class=\"wpcf7-list-item\"><label><input type=\"checkbox\" name=\"privacidad\" value=\"1\" aria-invalid=\"false\" \/><span class=\"wpcf7-list-item-label\">Ich akzeptiere <a rel=\"nofollow\" target=\"_blank\" href=\"https:\/\/www.industri-sl.com\/aviso-legal\/#privacidad\">die rechtlichen Hinweise<\/a>.<\/span><\/label><\/span><\/span><\/span>\n<\/p>\n<p><input class=\"wpcf7-form-control wpcf7-submit has-spinner\" type=\"submit\" value=\"Senden\" \/>\n<\/p>\n<p class='ciluzu'><span class=\"wpcf7-form-control-wrap\" data-name=\"ciluzu\"><input size=\"40\" maxlength=\"400\" class=\"wpcf7-form-control wpcf7-text\" aria-invalid=\"false\" value=\"\" type=\"text\" name=\"ciluzu\" \/><\/span>\n<\/p>\n<p class='nugeji'><span class=\"wpcf7-form-control-wrap\" data-name=\"nugeji\"><input size=\"40\" maxlength=\"400\" class=\"wpcf7-form-control wpcf7-text\" aria-invalid=\"false\" value=\"\" type=\"text\" name=\"nugeji\" \/><\/span>\n<\/p><p style=\"display: none !important;\" class=\"akismet-fields-container\" data-prefix=\"_wpcf7_ak_\"><label>&#916;<textarea name=\"_wpcf7_ak_hp_textarea\" cols=\"45\" rows=\"8\" maxlength=\"100\"><\/textarea><\/label><input type=\"hidden\" id=\"ak_js_1\" name=\"_wpcf7_ak_js\" value=\"144\"\/><script>document.getElementById( \"ak_js_1\" ).setAttribute( \"value\", ( new Date() ).getTime() );<\/script><\/p><div class=\"wpcf7-response-output\" aria-hidden=\"true\"><\/div>\n<\/form>\n<\/div>\n<\/div>\n<\/div>\n","protected":false},"excerpt":{"rendered":"<p>Kundenspezifisch entworfenes und gefertigtes zubeh\u00f6r f\u00fcr z\u00fcge INDUSTRI produziert Teile und Komponenten f\u00fcr die Bahnindustrie. Wir sind Spezialisten f\u00fcr die kundenspezifische Entwicklung und Fertigung von Bauteilen f\u00fcr die Innenausstattung von Z\u00fcgen, z.B. Vorh\u00e4nge und Scharniere. Wir arbeiten Hand in Hand mit den Kunden, um ihnen genau die Ausstattungskonfiguration zu liefern, die ihren technischen Spezifikationen entspricht. [&hellip;]<\/p>\n","protected":false},"author":3,"featured_media":0,"parent":8683,"menu_order":0,"comment_status":"closed","ping_status":"closed","template":"page-vehiculos.php","meta":{"footnotes":""},"class_list":["post-8796","page","type-page","status-publish","hentry"],"yoast_head":"<!-- This site is optimized with the Yoast SEO plugin v27.2 - https:\/\/yoast.com\/product\/yoast-seo-wordpress\/ -->\n<title>KUNDENSPEZIFISCHE FERTIGUNG F\u00dcR Z\u00dcGE - Industri SL<\/title>\n<meta name=\"description\" content=\"En INDUSTRI dise\u00f1amos y fabricamos piezas y componentes a medida para trenes.\" \/>\n<meta name=\"robots\" content=\"index, follow, max-snippet:-1, max-image-preview:large, max-video-preview:-1\" \/>\n<link rel=\"canonical\" href=\"https:\/\/www.industri-sl.com\/de\/transport\/zug\/\" \/>\n<meta property=\"og:locale\" content=\"de_DE\" \/>\n<meta property=\"og:type\" content=\"article\" \/>\n<meta property=\"og:title\" content=\"KUNDENSPEZIFISCHE FERTIGUNG F\u00dcR Z\u00dcGE - Industri SL\" \/>\n<meta property=\"og:description\" content=\"En INDUSTRI dise\u00f1amos y fabricamos piezas y componentes a medida para trenes.\" \/>\n<meta property=\"og:url\" content=\"https:\/\/www.industri-sl.com\/de\/transport\/zug\/\" \/>\n<meta property=\"og:site_name\" content=\"Industri SL\" \/>\n<meta property=\"article:modified_time\" content=\"2025-05-22T09:00:37+00:00\" \/>\n<meta property=\"og:image\" content=\"https:\/\/www.industri-sl.com\/wp-content\/uploads\/imagen-proyecto-medida.jpg\" \/>\n<meta name=\"twitter:card\" content=\"summary_large_image\" \/>\n<meta name=\"twitter:label1\" content=\"Gesch\u00e4tzte Lesezeit\" \/>\n\t<meta name=\"twitter:data1\" content=\"3\u00a0Minuten\" \/>\n<script type=\"application\/ld+json\" class=\"yoast-schema-graph\">{\"@context\":\"https:\/\/schema.org\",\"@graph\":[{\"@type\":\"WebPage\",\"@id\":\"https:\/\/www.industri-sl.com\/de\/transport\/zug\/\",\"url\":\"https:\/\/www.industri-sl.com\/de\/transport\/zug\/\",\"name\":\"KUNDENSPEZIFISCHE FERTIGUNG F\u00dcR Z\u00dcGE - Industri SL\",\"isPartOf\":{\"@id\":\"https:\/\/www.industri-sl.com\/de\/#website\"},\"primaryImageOfPage\":{\"@id\":\"https:\/\/www.industri-sl.com\/de\/transport\/zug\/#primaryimage\"},\"image\":{\"@id\":\"https:\/\/www.industri-sl.com\/de\/transport\/zug\/#primaryimage\"},\"thumbnailUrl\":\"https:\/\/www.industri-sl.com\/wp-content\/uploads\/imagen-proyecto-medida.jpg\",\"datePublished\":\"2019-09-08T22:31:54+00:00\",\"dateModified\":\"2025-05-22T09:00:37+00:00\",\"description\":\"En INDUSTRI dise\u00f1amos y fabricamos piezas y componentes a medida para trenes.\",\"breadcrumb\":{\"@id\":\"https:\/\/www.industri-sl.com\/de\/transport\/zug\/#breadcrumb\"},\"inLanguage\":\"de\",\"potentialAction\":[{\"@type\":\"ReadAction\",\"target\":[\"https:\/\/www.industri-sl.com\/de\/transport\/zug\/\"]}]},{\"@type\":\"ImageObject\",\"inLanguage\":\"de\",\"@id\":\"https:\/\/www.industri-sl.com\/de\/transport\/zug\/#primaryimage\",\"url\":\"https:\/\/www.industri-sl.com\/wp-content\/uploads\/imagen-proyecto-medida.jpg\",\"contentUrl\":\"https:\/\/www.industri-sl.com\/wp-content\/uploads\/imagen-proyecto-medida.jpg\"},{\"@type\":\"BreadcrumbList\",\"@id\":\"https:\/\/www.industri-sl.com\/de\/transport\/zug\/#breadcrumb\",\"itemListElement\":[{\"@type\":\"ListItem\",\"position\":1,\"name\":\"Inicio\",\"item\":\"https:\/\/www.industri-sl.com\/de\/\"},{\"@type\":\"ListItem\",\"position\":2,\"name\":\"Gesch\u00e4ftsbereich Transport\",\"item\":\"https:\/\/www.industri-sl.com\/de\/transport\/\"},{\"@type\":\"ListItem\",\"position\":3,\"name\":\"KUNDENSPEZIFISCHE FERTIGUNG F\u00dcR Z\u00dcGE\"}]},{\"@type\":\"WebSite\",\"@id\":\"https:\/\/www.industri-sl.com\/de\/#website\",\"url\":\"https:\/\/www.industri-sl.com\/de\/\",\"name\":\"Industri SL\",\"description\":\"\",\"publisher\":{\"@id\":\"https:\/\/www.industri-sl.com\/de\/#organization\"},\"potentialAction\":[{\"@type\":\"SearchAction\",\"target\":{\"@type\":\"EntryPoint\",\"urlTemplate\":\"https:\/\/www.industri-sl.com\/de\/?s={search_term_string}\"},\"query-input\":{\"@type\":\"PropertyValueSpecification\",\"valueRequired\":true,\"valueName\":\"search_term_string\"}}],\"inLanguage\":\"de\"},{\"@type\":\"Organization\",\"@id\":\"https:\/\/www.industri-sl.com\/de\/#organization\",\"name\":\"Industri SL\",\"url\":\"https:\/\/www.industri-sl.com\/de\/\",\"logo\":{\"@type\":\"ImageObject\",\"inLanguage\":\"de\",\"@id\":\"https:\/\/www.industri-sl.com\/de\/#\/schema\/logo\/image\/\",\"url\":\"https:\/\/www.industri-sl.com\/wp-content\/uploads\/industri-logo.png\",\"contentUrl\":\"https:\/\/www.industri-sl.com\/wp-content\/uploads\/industri-logo.png\",\"width\":248,\"height\":45,\"caption\":\"Industri SL\"},\"image\":{\"@id\":\"https:\/\/www.industri-sl.com\/de\/#\/schema\/logo\/image\/\"}}]}<\/script>\n<!-- \/ Yoast SEO plugin. -->","yoast_head_json":{"title":"KUNDENSPEZIFISCHE FERTIGUNG F\u00dcR Z\u00dcGE - Industri SL","description":"En INDUSTRI dise\u00f1amos y fabricamos piezas y componentes a medida para trenes.","robots":{"index":"index","follow":"follow","max-snippet":"max-snippet:-1","max-image-preview":"max-image-preview:large","max-video-preview":"max-video-preview:-1"},"canonical":"https:\/\/www.industri-sl.com\/de\/transport\/zug\/","og_locale":"de_DE","og_type":"article","og_title":"KUNDENSPEZIFISCHE FERTIGUNG F\u00dcR Z\u00dcGE - Industri SL","og_description":"En INDUSTRI dise\u00f1amos y fabricamos piezas y componentes a medida para trenes.","og_url":"https:\/\/www.industri-sl.com\/de\/transport\/zug\/","og_site_name":"Industri SL","article_modified_time":"2025-05-22T09:00:37+00:00","og_image":[{"url":"https:\/\/www.industri-sl.com\/wp-content\/uploads\/imagen-proyecto-medida.jpg","type":"","width":"","height":""}],"twitter_card":"summary_large_image","twitter_misc":{"Gesch\u00e4tzte Lesezeit":"3\u00a0Minuten"},"schema":{"@context":"https:\/\/schema.org","@graph":[{"@type":"WebPage","@id":"https:\/\/www.industri-sl.com\/de\/transport\/zug\/","url":"https:\/\/www.industri-sl.com\/de\/transport\/zug\/","name":"KUNDENSPEZIFISCHE FERTIGUNG F\u00dcR Z\u00dcGE - Industri SL","isPartOf":{"@id":"https:\/\/www.industri-sl.com\/de\/#website"},"primaryImageOfPage":{"@id":"https:\/\/www.industri-sl.com\/de\/transport\/zug\/#primaryimage"},"image":{"@id":"https:\/\/www.industri-sl.com\/de\/transport\/zug\/#primaryimage"},"thumbnailUrl":"https:\/\/www.industri-sl.com\/wp-content\/uploads\/imagen-proyecto-medida.jpg","datePublished":"2019-09-08T22:31:54+00:00","dateModified":"2025-05-22T09:00:37+00:00","description":"En INDUSTRI dise\u00f1amos y fabricamos piezas y componentes a medida para trenes.","breadcrumb":{"@id":"https:\/\/www.industri-sl.com\/de\/transport\/zug\/#breadcrumb"},"inLanguage":"de","potentialAction":[{"@type":"ReadAction","target":["https:\/\/www.industri-sl.com\/de\/transport\/zug\/"]}]},{"@type":"ImageObject","inLanguage":"de","@id":"https:\/\/www.industri-sl.com\/de\/transport\/zug\/#primaryimage","url":"https:\/\/www.industri-sl.com\/wp-content\/uploads\/imagen-proyecto-medida.jpg","contentUrl":"https:\/\/www.industri-sl.com\/wp-content\/uploads\/imagen-proyecto-medida.jpg"},{"@type":"BreadcrumbList","@id":"https:\/\/www.industri-sl.com\/de\/transport\/zug\/#breadcrumb","itemListElement":[{"@type":"ListItem","position":1,"name":"Inicio","item":"https:\/\/www.industri-sl.com\/de\/"},{"@type":"ListItem","position":2,"name":"Gesch\u00e4ftsbereich Transport","item":"https:\/\/www.industri-sl.com\/de\/transport\/"},{"@type":"ListItem","position":3,"name":"KUNDENSPEZIFISCHE FERTIGUNG F\u00dcR Z\u00dcGE"}]},{"@type":"WebSite","@id":"https:\/\/www.industri-sl.com\/de\/#website","url":"https:\/\/www.industri-sl.com\/de\/","name":"Industri SL","description":"","publisher":{"@id":"https:\/\/www.industri-sl.com\/de\/#organization"},"potentialAction":[{"@type":"SearchAction","target":{"@type":"EntryPoint","urlTemplate":"https:\/\/www.industri-sl.com\/de\/?s={search_term_string}"},"query-input":{"@type":"PropertyValueSpecification","valueRequired":true,"valueName":"search_term_string"}}],"inLanguage":"de"},{"@type":"Organization","@id":"https:\/\/www.industri-sl.com\/de\/#organization","name":"Industri SL","url":"https:\/\/www.industri-sl.com\/de\/","logo":{"@type":"ImageObject","inLanguage":"de","@id":"https:\/\/www.industri-sl.com\/de\/#\/schema\/logo\/image\/","url":"https:\/\/www.industri-sl.com\/wp-content\/uploads\/industri-logo.png","contentUrl":"https:\/\/www.industri-sl.com\/wp-content\/uploads\/industri-logo.png","width":248,"height":45,"caption":"Industri SL"},"image":{"@id":"https:\/\/www.industri-sl.com\/de\/#\/schema\/logo\/image\/"}}]}},"_links":{"self":[{"href":"https:\/\/www.industri-sl.com\/de\/wp-json\/wp\/v2\/pages\/8796","targetHints":{"allow":["GET"]}}],"collection":[{"href":"https:\/\/www.industri-sl.com\/de\/wp-json\/wp\/v2\/pages"}],"about":[{"href":"https:\/\/www.industri-sl.com\/de\/wp-json\/wp\/v2\/types\/page"}],"author":[{"embeddable":true,"href":"https:\/\/www.industri-sl.com\/de\/wp-json\/wp\/v2\/users\/3"}],"replies":[{"embeddable":true,"href":"https:\/\/www.industri-sl.com\/de\/wp-json\/wp\/v2\/comments?post=8796"}],"version-history":[{"count":0,"href":"https:\/\/www.industri-sl.com\/de\/wp-json\/wp\/v2\/pages\/8796\/revisions"}],"up":[{"embeddable":true,"href":"https:\/\/www.industri-sl.com\/de\/wp-json\/wp\/v2\/pages\/8683"}],"wp:attachment":[{"href":"https:\/\/www.industri-sl.com\/de\/wp-json\/wp\/v2\/media?parent=8796"}],"curies":[{"name":"wp","href":"https:\/\/api.w.org\/{rel}","templated":true}]}}